{"id":971,"date":"2017-05-03T15:00:53","date_gmt":"2017-05-03T15:00:53","guid":{"rendered":"http:\/\/mmfss.ca\/?post_type=product&#038;p=971"},"modified":"2022-06-01T13:28:43","modified_gmt":"2022-06-01T13:28:43","slug":"heavy-duty-mobile-hose-cylinder-system","status":"publish","type":"product","link":"https:\/\/staging.safetysourcefire.ca\/fr_ca\/produit\/heavy-duty-mobile-hose-cylinder-system\/","title":{"rendered":"Syst\u00e8me robuste et mobile pour bonbonnes et tuyaux"},"content":{"rendered":"<p>Les \u00e9tag\u00e8res pour tuyaux et bonbonnes peuvent \u00eatre personnalis\u00e9es et assorties pour cr\u00e9er l'unit\u00e9 de rangement parfaite pour vous.<\/p>\n<ul>\n<li>Construction en acier durable avec base renforc\u00e9e capable de supporter jusqu&#039;\u00e0 3 800 lb.<\/li>\n<li>Con\u00e7ue pour s'adapter \u00e0 des tailles de tuyaux allant de 1 1<em>\/<\/em>2\u2033 \u00e0 5\u2033 et une vari\u00e9t\u00e9 de tailles de bouteilles SCBA et O2<\/li>\n<li>\u00c9tag\u00e8res r\u00e9glables par incr\u00e9ments de 3\u2033<\/li>\n<\/ul>\n<p>&nbsp;<\/p>\n<p><strong>Caract\u00e9ristiques de conception:<\/strong><\/p>\n<p><strong>\u00a0<\/strong><\/p>\n<p><strong>Taille:<\/strong> 75\u2033 L x 26\u2033 P x 82\u2033 H<\/p>\n<p><strong>Cadre:<\/strong> Robuste 1-1<em>\/<\/em>tube de 4\u2033<\/p>\n<p><strong>Grilles lat\u00e9rales et arri\u00e8re:<\/strong> Haute r\u00e9sistance 1<em>\/<\/em>Fil de 4 \u2033<\/p>\n<p><strong>Roulettes:<\/strong> Verrouillables pouvant supporter jusqu'\u00e0 950 lb chacune<\/p>\n<p><strong>Finition:<\/strong> Rev\u00eatement en poudre TGIC durable<\/p>\n<p><strong>Couleurs disponibles:<\/strong> Bourgogne, noir, blanc, bleu, gris, vert ou rouge. <em>*Couleurs personnalis\u00e9es \u00e9galement disponibles.<\/em><\/p>\n<p><strong>Instructions d'assemblage:<\/strong> Avec des outils de base; c'est rapide et facile!<\/p>","protected":false},"excerpt":{"rendered":"<p>R\u00e9pondant aux besoins des casernes, GEARGRID a repens\u00e9 son syst\u00e8me d'entreposage mobile populaire pour accomoder les tuyaux et les bonbonnes volumineuses.<\/p>","protected":false},"featured_media":1377,"template":"","meta":[],"product_brand":[159],"product_cat":[44,45,138,58,181],"product_tag":[301,300],"class_list":{"0":"post-971","1":"product","2":"type-product","3":"status-publish","4":"has-post-thumbnail","6":"product_brand-geargrid","7":"product_cat-fire-suppression","8":"product_cat-respiratory","9":"product_cat-respiratory-storage","10":"product_cat-accessories-scba","11":"product_cat-storage","12":"product_tag-gear-grid","13":"product_tag-geargrid","15":"first","16":"instock","17":"shipping-taxable","18":"product-type-simple"},"yoast_head":"<!-- This site is optimized with the Yoast SEO plugin v27.4 - https:\/\/yoast.com\/product\/yoast-seo-wordpress\/ -->\n<title>Heavy-Duty Mobile Hose &amp; Cylinder System - Safety Source Fire<\/title>\n<meta name=\"robots\" content=\"noindex, follow, max-snippet:-1, max-image-preview:large, max-video-preview:-1\" \/>\n<meta property=\"og:locale\" content=\"fr_CA\" \/>\n<meta property=\"og:type\" content=\"article\" \/>\n<meta property=\"og:title\" content=\"Heavy-Duty Mobile Hose &amp; Cylinder System - Safety Source Fire\" \/>\n<meta property=\"og:description\" content=\"Responding to a fire department\u2019s need, GEARGRID redesigned its popular mobile storage system to handle the tough job of storing hoses and cylinders.\" \/>\n<meta property=\"og:url\" content=\"https:\/\/staging.safetysourcefire.ca\/fr_ca\/produit\/heavy-duty-mobile-hose-cylinder-system\/\" \/>\n<meta property=\"og:site_name\" content=\"Safety Source Fire\" \/>\n<meta property=\"article:publisher\" content=\"https:\/\/www.facebook.com\/mmfssca\" \/>\n<meta property=\"article:modified_time\" content=\"2022-06-01T13:28:43+00:00\" \/>\n<meta property=\"og:image\" content=\"https:\/\/staging.safetysourcefire.ca\/wp-content\/uploads\/2017\/05\/Heavy-Duty-Mobile-hose-Cylinder-System-1.jpg\" \/>\n\t<meta property=\"og:image:width\" content=\"600\" \/>\n\t<meta property=\"og:image:height\" content=\"600\" \/>\n\t<meta property=\"og:image:type\" content=\"image\/jpeg\" \/>\n<meta name=\"twitter:card\" content=\"summary_large_image\" \/>\n<meta name=\"twitter:site\" content=\"@mmfssca\" \/>\n<meta name=\"twitter:label1\" content=\"Estimation du temps de lecture\" \/>\n\t<meta name=\"twitter:data1\" content=\"1 minute\" \/>\n<script type=\"application\/ld+json\" class=\"yoast-schema-graph\">{\"@context\":\"https:\\\/\\\/schema.org\",\"@graph\":[{\"@type\":\"WebPage\",\"@id\":\"https:\\\/\\\/staging.safetysourcefire.ca\\\/product\\\/heavy-duty-mobile-hose-cylinder-system\\\/\",\"url\":\"https:\\\/\\\/staging.safetysourcefire.ca\\\/product\\\/heavy-duty-mobile-hose-cylinder-system\\\/\",\"name\":\"Heavy-Duty Mobile Hose & Cylinder System - Safety Source Fire\",\"isPartOf\":{\"@id\":\"https:\\\/\\\/staging.safetysourcefire.ca\\\/#website\"},\"primaryImageOfPage\":{\"@id\":\"https:\\\/\\\/staging.safetysourcefire.ca\\\/product\\\/heavy-duty-mobile-hose-cylinder-system\\\/#primaryimage\"},\"image\":{\"@id\":\"https:\\\/\\\/staging.safetysourcefire.ca\\\/product\\\/heavy-duty-mobile-hose-cylinder-system\\\/#primaryimage\"},\"thumbnailUrl\":\"https:\\\/\\\/staging.safetysourcefire.ca\\\/wp-content\\\/uploads\\\/2017\\\/05\\\/Heavy-Duty-Mobile-hose-Cylinder-System-1.jpg\",\"datePublished\":\"2017-05-03T15:00:53+00:00\",\"dateModified\":\"2022-06-01T13:28:43+00:00\",\"breadcrumb\":{\"@id\":\"https:\\\/\\\/staging.safetysourcefire.ca\\\/product\\\/heavy-duty-mobile-hose-cylinder-system\\\/#breadcrumb\"},\"inLanguage\":\"fr-CA\",\"potentialAction\":[{\"@type\":\"ReadAction\",\"target\":[\"https:\\\/\\\/staging.safetysourcefire.ca\\\/product\\\/heavy-duty-mobile-hose-cylinder-system\\\/\"]}]},{\"@type\":\"ImageObject\",\"inLanguage\":\"fr-CA\",\"@id\":\"https:\\\/\\\/staging.safetysourcefire.ca\\\/product\\\/heavy-duty-mobile-hose-cylinder-system\\\/#primaryimage\",\"url\":\"https:\\\/\\\/staging.safetysourcefire.ca\\\/wp-content\\\/uploads\\\/2017\\\/05\\\/Heavy-Duty-Mobile-hose-Cylinder-System-1.jpg\",\"contentUrl\":\"https:\\\/\\\/staging.safetysourcefire.ca\\\/wp-content\\\/uploads\\\/2017\\\/05\\\/Heavy-Duty-Mobile-hose-Cylinder-System-1.jpg\",\"width\":600,\"height\":600,\"caption\":\"Heavy-Duty Mobile Hose & Cylinder System\"},{\"@type\":\"BreadcrumbList\",\"@id\":\"https:\\\/\\\/staging.safetysourcefire.ca\\\/product\\\/heavy-duty-mobile-hose-cylinder-system\\\/#breadcrumb\",\"itemListElement\":[{\"@type\":\"ListItem\",\"position\":1,\"name\":\"Home\",\"item\":\"https:\\\/\\\/staging.safetysourcefire.ca\\\/\"},{\"@type\":\"ListItem\",\"position\":2,\"name\":\"Products\",\"item\":\"https:\\\/\\\/staging.safetysourcefire.ca\\\/shop\\\/\"},{\"@type\":\"ListItem\",\"position\":3,\"name\":\"Heavy-Duty Mobile Hose &#038; Cylinder System\"}]},{\"@type\":\"WebSite\",\"@id\":\"https:\\\/\\\/staging.safetysourcefire.ca\\\/#website\",\"url\":\"https:\\\/\\\/staging.safetysourcefire.ca\\\/\",\"name\":\"Safety Source Fire\",\"description\":\"\",\"publisher\":{\"@id\":\"https:\\\/\\\/staging.safetysourcefire.ca\\\/#organization\"},\"potentialAction\":[{\"@type\":\"SearchAction\",\"target\":{\"@type\":\"EntryPoint\",\"urlTemplate\":\"https:\\\/\\\/staging.safetysourcefire.ca\\\/?s={search_term_string}\"},\"query-input\":{\"@type\":\"PropertyValueSpecification\",\"valueRequired\":true,\"valueName\":\"search_term_string\"}}],\"inLanguage\":\"fr-CA\"},{\"@type\":\"Organization\",\"@id\":\"https:\\\/\\\/staging.safetysourcefire.ca\\\/#organization\",\"name\":\"Safety Source Fire\",\"url\":\"https:\\\/\\\/staging.safetysourcefire.ca\\\/\",\"logo\":{\"@type\":\"ImageObject\",\"inLanguage\":\"fr-CA\",\"@id\":\"https:\\\/\\\/staging.safetysourcefire.ca\\\/#\\\/schema\\\/logo\\\/image\\\/\",\"url\":\"https:\\\/\\\/staging.safetysourcefire.ca\\\/wp-content\\\/uploads\\\/2021\\\/01\\\/SSF_logo_CC0000-3.png\",\"contentUrl\":\"https:\\\/\\\/staging.safetysourcefire.ca\\\/wp-content\\\/uploads\\\/2021\\\/01\\\/SSF_logo_CC0000-3.png\",\"width\":1107,\"height\":365,\"caption\":\"Safety Source Fire\"},\"image\":{\"@id\":\"https:\\\/\\\/staging.safetysourcefire.ca\\\/#\\\/schema\\\/logo\\\/image\\\/\"},\"sameAs\":[\"https:\\\/\\\/www.facebook.com\\\/mmfssca\",\"https:\\\/\\\/x.com\\\/mmfssca\"]}]}<\/script>\n<!-- \/ Yoast SEO plugin. -->","yoast_head_json":{"title":"Syst\u00e8me de tuyaux et de v\u00e9rins mobiles robustes - Safety Source Fire","robots":{"index":"noindex","follow":"follow","max-snippet":"max-snippet:-1","max-image-preview":"max-image-preview:large","max-video-preview":"max-video-preview:-1"},"og_locale":"fr_CA","og_type":"article","og_title":"Heavy-Duty Mobile Hose & Cylinder System - Safety Source Fire","og_description":"Responding to a fire department\u2019s need, GEARGRID redesigned its popular mobile storage system to handle the tough job of storing hoses and cylinders.","og_url":"https:\/\/staging.safetysourcefire.ca\/fr_ca\/produit\/heavy-duty-mobile-hose-cylinder-system\/","og_site_name":"Safety Source Fire","article_publisher":"https:\/\/www.facebook.com\/mmfssca","article_modified_time":"2022-06-01T13:28:43+00:00","og_image":[{"width":600,"height":600,"url":"https:\/\/staging.safetysourcefire.ca\/wp-content\/uploads\/2017\/05\/Heavy-Duty-Mobile-hose-Cylinder-System-1.jpg","type":"image\/jpeg"}],"twitter_card":"summary_large_image","twitter_site":"@mmfssca","twitter_misc":{"Estimation du temps de lecture":"1 minute"},"schema":{"@context":"https:\/\/schema.org","@graph":[{"@type":"WebPage","@id":"https:\/\/staging.safetysourcefire.ca\/product\/heavy-duty-mobile-hose-cylinder-system\/","url":"https:\/\/staging.safetysourcefire.ca\/product\/heavy-duty-mobile-hose-cylinder-system\/","name":"Syst\u00e8me de tuyaux et de v\u00e9rins mobiles robustes - Safety Source Fire","isPartOf":{"@id":"https:\/\/staging.safetysourcefire.ca\/#website"},"primaryImageOfPage":{"@id":"https:\/\/staging.safetysourcefire.ca\/product\/heavy-duty-mobile-hose-cylinder-system\/#primaryimage"},"image":{"@id":"https:\/\/staging.safetysourcefire.ca\/product\/heavy-duty-mobile-hose-cylinder-system\/#primaryimage"},"thumbnailUrl":"https:\/\/staging.safetysourcefire.ca\/wp-content\/uploads\/2017\/05\/Heavy-Duty-Mobile-hose-Cylinder-System-1.jpg","datePublished":"2017-05-03T15:00:53+00:00","dateModified":"2022-06-01T13:28:43+00:00","breadcrumb":{"@id":"https:\/\/staging.safetysourcefire.ca\/product\/heavy-duty-mobile-hose-cylinder-system\/#breadcrumb"},"inLanguage":"fr-CA","potentialAction":[{"@type":"ReadAction","target":["https:\/\/staging.safetysourcefire.ca\/product\/heavy-duty-mobile-hose-cylinder-system\/"]}]},{"@type":"ImageObject","inLanguage":"fr-CA","@id":"https:\/\/staging.safetysourcefire.ca\/product\/heavy-duty-mobile-hose-cylinder-system\/#primaryimage","url":"https:\/\/staging.safetysourcefire.ca\/wp-content\/uploads\/2017\/05\/Heavy-Duty-Mobile-hose-Cylinder-System-1.jpg","contentUrl":"https:\/\/staging.safetysourcefire.ca\/wp-content\/uploads\/2017\/05\/Heavy-Duty-Mobile-hose-Cylinder-System-1.jpg","width":600,"height":600,"caption":"Heavy-Duty Mobile Hose & Cylinder System"},{"@type":"BreadcrumbList","@id":"https:\/\/staging.safetysourcefire.ca\/product\/heavy-duty-mobile-hose-cylinder-system\/#breadcrumb","itemListElement":[{"@type":"ListItem","position":1,"name":"Home","item":"https:\/\/staging.safetysourcefire.ca\/"},{"@type":"ListItem","position":2,"name":"Products","item":"https:\/\/staging.safetysourcefire.ca\/shop\/"},{"@type":"ListItem","position":3,"name":"Heavy-Duty Mobile Hose &#038; Cylinder System"}]},{"@type":"WebSite","@id":"https:\/\/staging.safetysourcefire.ca\/#website","url":"https:\/\/staging.safetysourcefire.ca\/","name":"Safety Source Fire","description":"","publisher":{"@id":"https:\/\/staging.safetysourcefire.ca\/#organization"},"potentialAction":[{"@type":"SearchAction","target":{"@type":"EntryPoint","urlTemplate":"https:\/\/staging.safetysourcefire.ca\/?s={search_term_string}"},"query-input":{"@type":"PropertyValueSpecification","valueRequired":true,"valueName":"search_term_string"}}],"inLanguage":"fr-CA"},{"@type":"Organization","@id":"https:\/\/staging.safetysourcefire.ca\/#organization","name":"Safety Source Fire","url":"https:\/\/staging.safetysourcefire.ca\/","logo":{"@type":"ImageObject","inLanguage":"fr-CA","@id":"https:\/\/staging.safetysourcefire.ca\/#\/schema\/logo\/image\/","url":"https:\/\/staging.safetysourcefire.ca\/wp-content\/uploads\/2021\/01\/SSF_logo_CC0000-3.png","contentUrl":"https:\/\/staging.safetysourcefire.ca\/wp-content\/uploads\/2021\/01\/SSF_logo_CC0000-3.png","width":1107,"height":365,"caption":"Safety Source Fire"},"image":{"@id":"https:\/\/staging.safetysourcefire.ca\/#\/schema\/logo\/image\/"},"sameAs":["https:\/\/www.facebook.com\/mmfssca","https:\/\/x.com\/mmfssca"]}]}},"_links":{"self":[{"href":"https:\/\/staging.safetysourcefire.ca\/fr_ca\/wp-json\/wp\/v2\/product\/971","targetHints":{"allow":["GET"]}}],"collection":[{"href":"https:\/\/staging.safetysourcefire.ca\/fr_ca\/wp-json\/wp\/v2\/product"}],"about":[{"href":"https:\/\/staging.safetysourcefire.ca\/fr_ca\/wp-json\/wp\/v2\/types\/product"}],"wp:featuredmedia":[{"embeddable":true,"href":"https:\/\/staging.safetysourcefire.ca\/fr_ca\/wp-json\/wp\/v2\/media\/1377"}],"wp:attachment":[{"href":"https:\/\/staging.safetysourcefire.ca\/fr_ca\/wp-json\/wp\/v2\/media?parent=971"}],"wp:term":[{"taxonomy":"product_brand","embeddable":true,"href":"https:\/\/staging.safetysourcefire.ca\/fr_ca\/wp-json\/wp\/v2\/product_brand?post=971"},{"taxonomy":"product_cat","embeddable":true,"href":"https:\/\/staging.safetysourcefire.ca\/fr_ca\/wp-json\/wp\/v2\/product_cat?post=971"},{"taxonomy":"product_tag","embeddable":true,"href":"https:\/\/staging.safetysourcefire.ca\/fr_ca\/wp-json\/wp\/v2\/product_tag?post=971"}],"curies":[{"name":"wp","href":"https:\/\/api.w.org\/{rel}","templated":true}]}}