{"id":940,"date":"2017-05-03T14:30:18","date_gmt":"2017-05-03T14:30:18","guid":{"rendered":"http:\/\/mmfss.ca\/?post_type=product&#038;p=940"},"modified":"2018-04-11T14:55:06","modified_gmt":"2018-04-11T14:55:06","slug":"cylinder-sleeve","status":"publish","type":"product","link":"https:\/\/staging.safetysourcefire.ca\/fr_ca\/produit\/cylinder-sleeve\/","title":{"rendered":"Manchon de protection pour bonbonne"},"content":{"rendered":"<p>Adapt\u00e9s aux applications incendie et industrielles, les manchons de protection pour bonbonnes sont faits pour les bouteilles traditionnelles en carbone dans les configurations suivantes\u00a0:<\/p>\n<ul>\n<li>\u00a030 min, 4\u00a0500 psi (N\/P 200952-02)<br \/>\n\u2022 45\u00a0min, 4\u00a0500 psi (N\/P 200952-03)<br \/>\n\u2022 60\u00a0min, 4\u00a0500 psi (N\/P 200952-04)<br \/>\n\u2022 15\u00a0min, 4\u00a0500 psi (N\/P 200952-05)<br \/>\n\u2022 30\u00a0min, 5\u00a0500 psi (N\/P 200952-06)<br \/>\n\u2022 45\u00a0min, 5\u00a0500 psi (N\/P 200952-07)<br \/>\n\u2022 60\u00a0min, 5\u00a0500 psi (N\/P 200952-08)<br \/>\n\u2022 75\u00a0min, 5\u00a0500 psi (N\/P 200952-09)<br \/>\n\u2022 30 minutes, 2216 psi (P\/N 200952-10)<\/li>\n<\/ul>\n<p>Les manchons de protection sont fabriqu\u00e9s \u00e0 partir d'un mat\u00e9riel ignifuge sp\u00e9cialement compos\u00e9 de PVC\/Plastisol transparent \u00e0 haute duret\u00e9. Les manchons sont faciles \u00e0 utiliser et \u00e0 installer sur la bonbonne, formant un joint \u00e9tanche et une barri\u00e8re de protection contre les rayures, les bosses, les entailles et autres dommages physiques.<\/p>\n<p>Les manchons de protection Scott sont approuv\u00e9s NIOSH et, le cas \u00e9ch\u00e9ant, certifi\u00e9s NFPA en tant qu'accessoires pour les produits SCBA suivants\u00a0:<\/p>\n<p>\u2022 Air-Pak X3<br \/>\n\u2022 Air-Pak 75<br \/>\n\u2022 Air-Pak NxG7<br \/>\n\u2022 Air-Pak NxG2<br \/>\n\u2022 Air Pack 50<br \/>\n\u2022 Air-Pak 75i<br \/>\n\u2022 ISCBA<br \/>\n\u2022 ACSi<br \/>\n\u2022 Ska-Pak AT<\/p>\n<p>Il est important de comprendre que m\u00eame si d'autres offres sont disponibles sur le march\u00e9, seuls les manchons offerts par Scott Safety et ses partenaires de distribution autoris\u00e9s sont approuv\u00e9s pour une utilisation avec les produits Scott SCBA r\u00e9pertori\u00e9s ci-dessus. L'installation et l'utilisation d'autres manchons de protection achet\u00e9s aupr\u00e8s d'un tiers annuleraient l'approbation NIOSH et,\/ou la certification NFPA du produit SCBA Scott.<\/p>","protected":false},"excerpt":{"rendered":"<p>Pour compl\u00e9ter sa gamme de produits de bouteilles d'ARA, Scott Safety vous propose des manchons de protection pour bonbonnes.\nEn tant qu'accessoire approuv\u00e9 pour l'ARA, ces manchons de protection offrent un niveau de protection suppl\u00e9mentaire contre l'usure normale que l'on trouve g\u00e9n\u00e9ralement sur les bouteilles d'air respirable.<\/p>","protected":false},"featured_media":1312,"template":"","meta":[],"product_brand":[157],"product_cat":[45,58],"product_tag":[366,342],"class_list":{"0":"post-940","1":"product","2":"type-product","3":"status-publish","4":"has-post-thumbnail","6":"product_brand-3m-scott","7":"product_cat-respiratory","8":"product_cat-accessories-scba","9":"product_tag-scott","10":"product_tag-scott-safety","12":"first","13":"instock","14":"shipping-taxable","15":"product-type-simple"},"yoast_head":"<!-- This site is optimized with the Yoast SEO plugin v27.4 - https:\/\/yoast.com\/product\/yoast-seo-wordpress\/ -->\n<title>Cylinder Sleeve - Safety Source Fire<\/title>\n<meta name=\"robots\" content=\"noindex, follow, max-snippet:-1, max-image-preview:large, max-video-preview:-1\" \/>\n<meta property=\"og:locale\" content=\"fr_CA\" \/>\n<meta property=\"og:type\" content=\"article\" \/>\n<meta property=\"og:title\" content=\"Cylinder Sleeve - Safety Source Fire\" \/>\n<meta property=\"og:description\" content=\"Scott Safety is pleased to announce the availability of protective cylinder sleeves to complement its current range of SCBA cylinder products. \u00a0As an approved accessory to the SCBA, these protective sleeves offer an added level of protection against the normal wear and tear typically found on breathing air cylinders.\" \/>\n<meta property=\"og:url\" content=\"https:\/\/staging.safetysourcefire.ca\/fr_ca\/produit\/cylinder-sleeve\/\" \/>\n<meta property=\"og:site_name\" content=\"Safety Source Fire\" \/>\n<meta property=\"article:publisher\" content=\"https:\/\/www.facebook.com\/mmfssca\" \/>\n<meta property=\"article:modified_time\" content=\"2018-04-11T14:55:06+00:00\" \/>\n<meta property=\"og:image\" content=\"https:\/\/staging.safetysourcefire.ca\/wp-content\/uploads\/2017\/05\/Cylinder_Sleeve-1.jpg\" \/>\n\t<meta property=\"og:image:width\" content=\"600\" \/>\n\t<meta property=\"og:image:height\" content=\"600\" \/>\n\t<meta property=\"og:image:type\" content=\"image\/jpeg\" \/>\n<meta name=\"twitter:card\" content=\"summary_large_image\" \/>\n<meta name=\"twitter:site\" content=\"@mmfssca\" \/>\n<meta name=\"twitter:label1\" content=\"Estimation du temps de lecture\" \/>\n\t<meta name=\"twitter:data1\" content=\"1 minute\" \/>\n<script type=\"application\/ld+json\" class=\"yoast-schema-graph\">{\"@context\":\"https:\\\/\\\/schema.org\",\"@graph\":[{\"@type\":\"WebPage\",\"@id\":\"https:\\\/\\\/staging.safetysourcefire.ca\\\/product\\\/cylinder-sleeve\\\/\",\"url\":\"https:\\\/\\\/staging.safetysourcefire.ca\\\/product\\\/cylinder-sleeve\\\/\",\"name\":\"Cylinder Sleeve - Safety Source Fire\",\"isPartOf\":{\"@id\":\"https:\\\/\\\/staging.safetysourcefire.ca\\\/#website\"},\"primaryImageOfPage\":{\"@id\":\"https:\\\/\\\/staging.safetysourcefire.ca\\\/product\\\/cylinder-sleeve\\\/#primaryimage\"},\"image\":{\"@id\":\"https:\\\/\\\/staging.safetysourcefire.ca\\\/product\\\/cylinder-sleeve\\\/#primaryimage\"},\"thumbnailUrl\":\"https:\\\/\\\/staging.safetysourcefire.ca\\\/wp-content\\\/uploads\\\/2017\\\/05\\\/Cylinder_Sleeve-1.jpg\",\"datePublished\":\"2017-05-03T14:30:18+00:00\",\"dateModified\":\"2018-04-11T14:55:06+00:00\",\"breadcrumb\":{\"@id\":\"https:\\\/\\\/staging.safetysourcefire.ca\\\/product\\\/cylinder-sleeve\\\/#breadcrumb\"},\"inLanguage\":\"fr-CA\",\"potentialAction\":[{\"@type\":\"ReadAction\",\"target\":[\"https:\\\/\\\/staging.safetysourcefire.ca\\\/product\\\/cylinder-sleeve\\\/\"]}]},{\"@type\":\"ImageObject\",\"inLanguage\":\"fr-CA\",\"@id\":\"https:\\\/\\\/staging.safetysourcefire.ca\\\/product\\\/cylinder-sleeve\\\/#primaryimage\",\"url\":\"https:\\\/\\\/staging.safetysourcefire.ca\\\/wp-content\\\/uploads\\\/2017\\\/05\\\/Cylinder_Sleeve-1.jpg\",\"contentUrl\":\"https:\\\/\\\/staging.safetysourcefire.ca\\\/wp-content\\\/uploads\\\/2017\\\/05\\\/Cylinder_Sleeve-1.jpg\",\"width\":600,\"height\":600,\"caption\":\"Cylinder Sleeve\"},{\"@type\":\"BreadcrumbList\",\"@id\":\"https:\\\/\\\/staging.safetysourcefire.ca\\\/product\\\/cylinder-sleeve\\\/#breadcrumb\",\"itemListElement\":[{\"@type\":\"ListItem\",\"position\":1,\"name\":\"Home\",\"item\":\"https:\\\/\\\/staging.safetysourcefire.ca\\\/\"},{\"@type\":\"ListItem\",\"position\":2,\"name\":\"Products\",\"item\":\"https:\\\/\\\/staging.safetysourcefire.ca\\\/shop\\\/\"},{\"@type\":\"ListItem\",\"position\":3,\"name\":\"Cylinder Sleeve\"}]},{\"@type\":\"WebSite\",\"@id\":\"https:\\\/\\\/staging.safetysourcefire.ca\\\/#website\",\"url\":\"https:\\\/\\\/staging.safetysourcefire.ca\\\/\",\"name\":\"Safety Source Fire\",\"description\":\"\",\"publisher\":{\"@id\":\"https:\\\/\\\/staging.safetysourcefire.ca\\\/#organization\"},\"potentialAction\":[{\"@type\":\"SearchAction\",\"target\":{\"@type\":\"EntryPoint\",\"urlTemplate\":\"https:\\\/\\\/staging.safetysourcefire.ca\\\/?s={search_term_string}\"},\"query-input\":{\"@type\":\"PropertyValueSpecification\",\"valueRequired\":true,\"valueName\":\"search_term_string\"}}],\"inLanguage\":\"fr-CA\"},{\"@type\":\"Organization\",\"@id\":\"https:\\\/\\\/staging.safetysourcefire.ca\\\/#organization\",\"name\":\"Safety Source Fire\",\"url\":\"https:\\\/\\\/staging.safetysourcefire.ca\\\/\",\"logo\":{\"@type\":\"ImageObject\",\"inLanguage\":\"fr-CA\",\"@id\":\"https:\\\/\\\/staging.safetysourcefire.ca\\\/#\\\/schema\\\/logo\\\/image\\\/\",\"url\":\"https:\\\/\\\/staging.safetysourcefire.ca\\\/wp-content\\\/uploads\\\/2021\\\/01\\\/SSF_logo_CC0000-3.png\",\"contentUrl\":\"https:\\\/\\\/staging.safetysourcefire.ca\\\/wp-content\\\/uploads\\\/2021\\\/01\\\/SSF_logo_CC0000-3.png\",\"width\":1107,\"height\":365,\"caption\":\"Safety Source Fire\"},\"image\":{\"@id\":\"https:\\\/\\\/staging.safetysourcefire.ca\\\/#\\\/schema\\\/logo\\\/image\\\/\"},\"sameAs\":[\"https:\\\/\\\/www.facebook.com\\\/mmfssca\",\"https:\\\/\\\/x.com\\\/mmfssca\"]}]}<\/script>\n<!-- \/ Yoast SEO plugin. -->","yoast_head_json":{"title":"Cylinder Sleeve - Safety Source Fire","robots":{"index":"noindex","follow":"follow","max-snippet":"max-snippet:-1","max-image-preview":"max-image-preview:large","max-video-preview":"max-video-preview:-1"},"og_locale":"fr_CA","og_type":"article","og_title":"Cylinder Sleeve - Safety Source Fire","og_description":"Scott Safety is pleased to announce the availability of protective cylinder sleeves to complement its current range of SCBA cylinder products. \u00a0As an approved accessory to the SCBA, these protective sleeves offer an added level of protection against the normal wear and tear typically found on breathing air cylinders.","og_url":"https:\/\/staging.safetysourcefire.ca\/fr_ca\/produit\/cylinder-sleeve\/","og_site_name":"Safety Source Fire","article_publisher":"https:\/\/www.facebook.com\/mmfssca","article_modified_time":"2018-04-11T14:55:06+00:00","og_image":[{"width":600,"height":600,"url":"https:\/\/staging.safetysourcefire.ca\/wp-content\/uploads\/2017\/05\/Cylinder_Sleeve-1.jpg","type":"image\/jpeg"}],"twitter_card":"summary_large_image","twitter_site":"@mmfssca","twitter_misc":{"Estimation du temps de lecture":"1 minute"},"schema":{"@context":"https:\/\/schema.org","@graph":[{"@type":"WebPage","@id":"https:\/\/staging.safetysourcefire.ca\/product\/cylinder-sleeve\/","url":"https:\/\/staging.safetysourcefire.ca\/product\/cylinder-sleeve\/","name":"Cylinder Sleeve - Safety Source Fire","isPartOf":{"@id":"https:\/\/staging.safetysourcefire.ca\/#website"},"primaryImageOfPage":{"@id":"https:\/\/staging.safetysourcefire.ca\/product\/cylinder-sleeve\/#primaryimage"},"image":{"@id":"https:\/\/staging.safetysourcefire.ca\/product\/cylinder-sleeve\/#primaryimage"},"thumbnailUrl":"https:\/\/staging.safetysourcefire.ca\/wp-content\/uploads\/2017\/05\/Cylinder_Sleeve-1.jpg","datePublished":"2017-05-03T14:30:18+00:00","dateModified":"2018-04-11T14:55:06+00:00","breadcrumb":{"@id":"https:\/\/staging.safetysourcefire.ca\/product\/cylinder-sleeve\/#breadcrumb"},"inLanguage":"fr-CA","potentialAction":[{"@type":"ReadAction","target":["https:\/\/staging.safetysourcefire.ca\/product\/cylinder-sleeve\/"]}]},{"@type":"ImageObject","inLanguage":"fr-CA","@id":"https:\/\/staging.safetysourcefire.ca\/product\/cylinder-sleeve\/#primaryimage","url":"https:\/\/staging.safetysourcefire.ca\/wp-content\/uploads\/2017\/05\/Cylinder_Sleeve-1.jpg","contentUrl":"https:\/\/staging.safetysourcefire.ca\/wp-content\/uploads\/2017\/05\/Cylinder_Sleeve-1.jpg","width":600,"height":600,"caption":"Cylinder Sleeve"},{"@type":"BreadcrumbList","@id":"https:\/\/staging.safetysourcefire.ca\/product\/cylinder-sleeve\/#breadcrumb","itemListElement":[{"@type":"ListItem","position":1,"name":"Home","item":"https:\/\/staging.safetysourcefire.ca\/"},{"@type":"ListItem","position":2,"name":"Products","item":"https:\/\/staging.safetysourcefire.ca\/shop\/"},{"@type":"ListItem","position":3,"name":"Cylinder Sleeve"}]},{"@type":"WebSite","@id":"https:\/\/staging.safetysourcefire.ca\/#website","url":"https:\/\/staging.safetysourcefire.ca\/","name":"Safety Source Fire","description":"","publisher":{"@id":"https:\/\/staging.safetysourcefire.ca\/#organization"},"potentialAction":[{"@type":"SearchAction","target":{"@type":"EntryPoint","urlTemplate":"https:\/\/staging.safetysourcefire.ca\/?s={search_term_string}"},"query-input":{"@type":"PropertyValueSpecification","valueRequired":true,"valueName":"search_term_string"}}],"inLanguage":"fr-CA"},{"@type":"Organization","@id":"https:\/\/staging.safetysourcefire.ca\/#organization","name":"Safety Source Fire","url":"https:\/\/staging.safetysourcefire.ca\/","logo":{"@type":"ImageObject","inLanguage":"fr-CA","@id":"https:\/\/staging.safetysourcefire.ca\/#\/schema\/logo\/image\/","url":"https:\/\/staging.safetysourcefire.ca\/wp-content\/uploads\/2021\/01\/SSF_logo_CC0000-3.png","contentUrl":"https:\/\/staging.safetysourcefire.ca\/wp-content\/uploads\/2021\/01\/SSF_logo_CC0000-3.png","width":1107,"height":365,"caption":"Safety Source Fire"},"image":{"@id":"https:\/\/staging.safetysourcefire.ca\/#\/schema\/logo\/image\/"},"sameAs":["https:\/\/www.facebook.com\/mmfssca","https:\/\/x.com\/mmfssca"]}]}},"_links":{"self":[{"href":"https:\/\/staging.safetysourcefire.ca\/fr_ca\/wp-json\/wp\/v2\/product\/940","targetHints":{"allow":["GET"]}}],"collection":[{"href":"https:\/\/staging.safetysourcefire.ca\/fr_ca\/wp-json\/wp\/v2\/product"}],"about":[{"href":"https:\/\/staging.safetysourcefire.ca\/fr_ca\/wp-json\/wp\/v2\/types\/product"}],"wp:featuredmedia":[{"embeddable":true,"href":"https:\/\/staging.safetysourcefire.ca\/fr_ca\/wp-json\/wp\/v2\/media\/1312"}],"wp:attachment":[{"href":"https:\/\/staging.safetysourcefire.ca\/fr_ca\/wp-json\/wp\/v2\/media?parent=940"}],"wp:term":[{"taxonomy":"product_brand","embeddable":true,"href":"https:\/\/staging.safetysourcefire.ca\/fr_ca\/wp-json\/wp\/v2\/product_brand?post=940"},{"taxonomy":"product_cat","embeddable":true,"href":"https:\/\/staging.safetysourcefire.ca\/fr_ca\/wp-json\/wp\/v2\/product_cat?post=940"},{"taxonomy":"product_tag","embeddable":true,"href":"https:\/\/staging.safetysourcefire.ca\/fr_ca\/wp-json\/wp\/v2\/product_tag?post=940"}],"curies":[{"name":"wp","href":"https:\/\/api.w.org\/{rel}","templated":true}]}}