{"id":937,"date":"2018-12-11T07:00:12","date_gmt":"2018-12-11T07:00:12","guid":{"rendered":"http:\/\/mmfss.ca\/?post_type=product&#038;p=937"},"modified":"2020-07-15T13:43:22","modified_gmt":"2020-07-15T13:43:22","slug":"scott-sight","status":"publish","type":"product","link":"https:\/\/staging.safetysourcefire.ca\/fr_ca\/produit\/scott-sight\/","title":{"rendered":"Imageur thermique Sight In-Mask (avec Pro)"},"content":{"rendered":"<p>Un \u00e9cran miniaturis\u00e9 mont\u00e9 \u00e0 l&#039;int\u00e9rieur du masque permet au pompier de toujours voir l&#039;image sans avoir besoin de se baisser et de manipuler un imageur.<\/p>\n<p>Le pack 3M Scott Sight Pro vous propose une r\u00e9volution de l'imagerie thermique avec sa fonction mains libres. En \u00e9tant int\u00e9gr\u00e9e au masque, le package Pro permet de nouvelles fonctionnalit\u00e9s avanc\u00e9es pour fournir aux pompiers une meilleure connaissance de la situation pendant les op\u00e9rations de lutte contre l'incendie.<\/p>\n<ul class=\"product-features\">\n<li>Mise hors tension automatique du syst\u00e8me - \u00c9quip\u00e9 d&#039;un acc\u00e9l\u00e9rom\u00e8tre pour \u00e9teindre automatiquement le syst\u00e8me lorsqu&#039;il n&#039;est pas utilis\u00e9<\/li>\n<li>Mise hors tension \u00e0 un seul bouton - \u00c9teignez \u00e0 la fois l&#039;affichage dans le masque (IMD) et la cam\u00e9ra thermique (TIC) en appuyant sur un seul bouton.<\/li>\n<li>IMD Instantaneous On \u2013 Allumez l&#039;IMD en appuyant une seconde sur le bouton d&#039;alimentation de l&#039;IMD.<\/li>\n<li>Mode veille \u2013 Activez le mode veille d&#039;une simple pression sur le bouton d&#039;alimentation TIC.<\/li>\n<li>Performances am\u00e9lior\u00e9es de la batterie  - Dur\u00e9e de vie de la batterie am\u00e9lior\u00e9e lorsque le syst\u00e8me n'est pas actif sur le terrain de feu.<\/li>\n<li>Convient \u00e0 tous les masques AV-3000 HT - Achetez la trousse compl\u00e8te ou mettez \u00e0 niveau votre masque AV-3000 HT actuel<\/li>\n<li>Application de configuration mobile Scott Sight (disponible en t\u00e9l\u00e9chargement sur iOS ou Android)  \u2013  Configure l'IMD pour personnaliser la luminosit\u00e9, la disposition des ic\u00f4nes, les affichages de temp\u00e9rature et les couleurs d'affichage.<\/li>\n<li>Hot-Spot Tracker (Pack Pro) \u2013 Identifie la partie la plus chaude de la sc\u00e8ne et affiche sa temp\u00e9rature relative. Id\u00e9al pour la r\u00e9vision, la recherche, le sauvetage et l'\u00e9valuation des risques.<\/li>\n<li>Cold-Spot Tracker (Pack Pro)\u2013 Identifie la partie la plus froide de la sc\u00e8ne et affiche sa temp\u00e9rature relative. Le traqueur de point froid peut \u00e9galement \u00eatre utilis\u00e9 dans des environnements HAZMAT.<\/li>\n<li>Enregistrement vid\u00e9o tactique (TVR) (Pack Pro) - Enregistrez automatiquement toutes les informations affich\u00e9es sur l'IMD pour une r\u00e9vision ult\u00e9rieure.<\/li>\n<\/ul>\n<p><a href=\"https:\/\/staging.safetysourcefire.ca\/wp-content\/uploads\/2019\/11\/HS7516E-EN_Sight_ProPackage_Brochure_4p_.pdf\">T\u00e9l\u00e9charger la brochure.<\/a><\/p>\n<p>Renseignez-vous sur notre programme d'\u00e9change.<\/p>\n<p><iframe loading=\"lazy\" src=\"https:\/\/s3.amazonaws.com\/scottsafety-uploads-dev\/wp-content\/uploads\/2018\/10\/18013120\/3M-SCOTT-SIGHT-15-sec.mp4\" width=\"560\" height=\"315\" frameborder=\"0\" allowfullscreen=\"allowfullscreen\"><\/iframe><\/p>","protected":false},"excerpt":{"rendered":"<p>Lorsque vous portez le masque 3M Scott Sight, vous obtenez plus qu'une vision thermique constante. Vous r\u00e9cup\u00e9rez vos mains. En effet, contrairement aux autres cam\u00e9ras thermiques portables, Sight utilise une petite cam\u00e9ra thermique mont\u00e9e sur le c\u00f4t\u00e9 du masque.<\/p>","protected":false},"featured_media":12965,"template":"","meta":[],"product_brand":[157],"product_cat":[51,45,58,134],"product_tag":[366,342,413],"class_list":{"0":"post-937","1":"product","2":"type-product","3":"status-publish","4":"has-post-thumbnail","6":"product_brand-3m-scott","7":"product_cat-rescue","8":"product_cat-respiratory","9":"product_cat-accessories-scba","10":"product_cat-thermal-imaging","11":"product_tag-scott","12":"product_tag-scott-safety","13":"product_tag-tic","15":"first","16":"instock","17":"shipping-taxable","18":"product-type-simple"},"yoast_head":"<!-- This site is optimized with the Yoast SEO plugin v27.4 - https:\/\/yoast.com\/product\/yoast-seo-wordpress\/ -->\n<title>Sight In-Mask Thermal Imager (incl. Pro) - Safety Source Fire<\/title>\n<meta name=\"robots\" content=\"noindex, follow, max-snippet:-1, max-image-preview:large, max-video-preview:-1\" \/>\n<meta property=\"og:locale\" content=\"fr_CA\" \/>\n<meta property=\"og:type\" content=\"article\" \/>\n<meta property=\"og:title\" content=\"Sight In-Mask Thermal Imager (incl. Pro) - Safety Source Fire\" \/>\n<meta property=\"og:description\" content=\"When you wear 3M Scott Sight, you get more than constant thermal vision. You get your hands back. That\u2019s because unlike other hand-held thermal imaging cameras, Sight uses a small thermal camera mounted to the side of the facepiece.\" \/>\n<meta property=\"og:url\" content=\"https:\/\/staging.safetysourcefire.ca\/fr_ca\/produit\/scott-sight\/\" \/>\n<meta property=\"og:site_name\" content=\"Safety Source Fire\" \/>\n<meta property=\"article:publisher\" content=\"https:\/\/www.facebook.com\/mmfssca\" \/>\n<meta property=\"article:modified_time\" content=\"2020-07-15T13:43:22+00:00\" \/>\n<meta property=\"og:image\" content=\"https:\/\/staging.safetysourcefire.ca\/wp-content\/uploads\/2019\/11\/Scott-Sight_Right_Full_yellow-mesh1.jpg\" \/>\n\t<meta property=\"og:image:width\" content=\"600\" \/>\n\t<meta property=\"og:image:height\" content=\"600\" \/>\n\t<meta property=\"og:image:type\" content=\"image\/jpeg\" \/>\n<meta name=\"twitter:card\" content=\"summary_large_image\" \/>\n<meta name=\"twitter:site\" content=\"@mmfssca\" \/>\n<meta name=\"twitter:label1\" content=\"Estimation du temps de lecture\" \/>\n\t<meta name=\"twitter:data1\" content=\"1 minute\" \/>\n<script type=\"application\/ld+json\" class=\"yoast-schema-graph\">{\"@context\":\"https:\\\/\\\/schema.org\",\"@graph\":[{\"@type\":\"WebPage\",\"@id\":\"https:\\\/\\\/staging.safetysourcefire.ca\\\/product\\\/scott-sight\\\/\",\"url\":\"https:\\\/\\\/staging.safetysourcefire.ca\\\/product\\\/scott-sight\\\/\",\"name\":\"Sight In-Mask Thermal Imager (incl. Pro) - Safety Source Fire\",\"isPartOf\":{\"@id\":\"https:\\\/\\\/staging.safetysourcefire.ca\\\/#website\"},\"primaryImageOfPage\":{\"@id\":\"https:\\\/\\\/staging.safetysourcefire.ca\\\/product\\\/scott-sight\\\/#primaryimage\"},\"image\":{\"@id\":\"https:\\\/\\\/staging.safetysourcefire.ca\\\/product\\\/scott-sight\\\/#primaryimage\"},\"thumbnailUrl\":\"https:\\\/\\\/staging.safetysourcefire.ca\\\/wp-content\\\/uploads\\\/2019\\\/11\\\/Scott-Sight_Right_Full_yellow-mesh1.jpg\",\"datePublished\":\"2018-12-11T07:00:12+00:00\",\"dateModified\":\"2020-07-15T13:43:22+00:00\",\"breadcrumb\":{\"@id\":\"https:\\\/\\\/staging.safetysourcefire.ca\\\/product\\\/scott-sight\\\/#breadcrumb\"},\"inLanguage\":\"fr-CA\",\"potentialAction\":[{\"@type\":\"ReadAction\",\"target\":[\"https:\\\/\\\/staging.safetysourcefire.ca\\\/product\\\/scott-sight\\\/\"]}]},{\"@type\":\"ImageObject\",\"inLanguage\":\"fr-CA\",\"@id\":\"https:\\\/\\\/staging.safetysourcefire.ca\\\/product\\\/scott-sight\\\/#primaryimage\",\"url\":\"https:\\\/\\\/staging.safetysourcefire.ca\\\/wp-content\\\/uploads\\\/2019\\\/11\\\/Scott-Sight_Right_Full_yellow-mesh1.jpg\",\"contentUrl\":\"https:\\\/\\\/staging.safetysourcefire.ca\\\/wp-content\\\/uploads\\\/2019\\\/11\\\/Scott-Sight_Right_Full_yellow-mesh1.jpg\",\"width\":600,\"height\":600,\"caption\":\"face mask\"},{\"@type\":\"BreadcrumbList\",\"@id\":\"https:\\\/\\\/staging.safetysourcefire.ca\\\/product\\\/scott-sight\\\/#breadcrumb\",\"itemListElement\":[{\"@type\":\"ListItem\",\"position\":1,\"name\":\"Home\",\"item\":\"https:\\\/\\\/staging.safetysourcefire.ca\\\/\"},{\"@type\":\"ListItem\",\"position\":2,\"name\":\"Products\",\"item\":\"https:\\\/\\\/staging.safetysourcefire.ca\\\/shop\\\/\"},{\"@type\":\"ListItem\",\"position\":3,\"name\":\"Sight In-Mask Thermal Imager (incl. Pro)\"}]},{\"@type\":\"WebSite\",\"@id\":\"https:\\\/\\\/staging.safetysourcefire.ca\\\/#website\",\"url\":\"https:\\\/\\\/staging.safetysourcefire.ca\\\/\",\"name\":\"Safety Source Fire\",\"description\":\"\",\"publisher\":{\"@id\":\"https:\\\/\\\/staging.safetysourcefire.ca\\\/#organization\"},\"potentialAction\":[{\"@type\":\"SearchAction\",\"target\":{\"@type\":\"EntryPoint\",\"urlTemplate\":\"https:\\\/\\\/staging.safetysourcefire.ca\\\/?s={search_term_string}\"},\"query-input\":{\"@type\":\"PropertyValueSpecification\",\"valueRequired\":true,\"valueName\":\"search_term_string\"}}],\"inLanguage\":\"fr-CA\"},{\"@type\":\"Organization\",\"@id\":\"https:\\\/\\\/staging.safetysourcefire.ca\\\/#organization\",\"name\":\"Safety Source Fire\",\"url\":\"https:\\\/\\\/staging.safetysourcefire.ca\\\/\",\"logo\":{\"@type\":\"ImageObject\",\"inLanguage\":\"fr-CA\",\"@id\":\"https:\\\/\\\/staging.safetysourcefire.ca\\\/#\\\/schema\\\/logo\\\/image\\\/\",\"url\":\"https:\\\/\\\/staging.safetysourcefire.ca\\\/wp-content\\\/uploads\\\/2021\\\/01\\\/SSF_logo_CC0000-3.png\",\"contentUrl\":\"https:\\\/\\\/staging.safetysourcefire.ca\\\/wp-content\\\/uploads\\\/2021\\\/01\\\/SSF_logo_CC0000-3.png\",\"width\":1107,\"height\":365,\"caption\":\"Safety Source Fire\"},\"image\":{\"@id\":\"https:\\\/\\\/staging.safetysourcefire.ca\\\/#\\\/schema\\\/logo\\\/image\\\/\"},\"sameAs\":[\"https:\\\/\\\/www.facebook.com\\\/mmfssca\",\"https:\\\/\\\/x.com\\\/mmfssca\"]}]}<\/script>\n<!-- \/ Yoast SEO plugin. -->","yoast_head_json":{"title":"Cam\u00e9ra thermique Sight In-Mask (avec Pro) - S\u00e9curit\u00e9 incendie","robots":{"index":"noindex","follow":"follow","max-snippet":"max-snippet:-1","max-image-preview":"max-image-preview:large","max-video-preview":"max-video-preview:-1"},"og_locale":"fr_CA","og_type":"article","og_title":"Sight In-Mask Thermal Imager (incl. Pro) - Safety Source Fire","og_description":"When you wear 3M Scott Sight, you get more than constant thermal vision. You get your hands back. That\u2019s because unlike other hand-held thermal imaging cameras, Sight uses a small thermal camera mounted to the side of the facepiece.","og_url":"https:\/\/staging.safetysourcefire.ca\/fr_ca\/produit\/scott-sight\/","og_site_name":"Safety Source Fire","article_publisher":"https:\/\/www.facebook.com\/mmfssca","article_modified_time":"2020-07-15T13:43:22+00:00","og_image":[{"width":600,"height":600,"url":"https:\/\/staging.safetysourcefire.ca\/wp-content\/uploads\/2019\/11\/Scott-Sight_Right_Full_yellow-mesh1.jpg","type":"image\/jpeg"}],"twitter_card":"summary_large_image","twitter_site":"@mmfssca","twitter_misc":{"Estimation du temps de lecture":"1 minute"},"schema":{"@context":"https:\/\/schema.org","@graph":[{"@type":"WebPage","@id":"https:\/\/staging.safetysourcefire.ca\/product\/scott-sight\/","url":"https:\/\/staging.safetysourcefire.ca\/product\/scott-sight\/","name":"Cam\u00e9ra thermique Sight In-Mask (avec Pro) - S\u00e9curit\u00e9 incendie","isPartOf":{"@id":"https:\/\/staging.safetysourcefire.ca\/#website"},"primaryImageOfPage":{"@id":"https:\/\/staging.safetysourcefire.ca\/product\/scott-sight\/#primaryimage"},"image":{"@id":"https:\/\/staging.safetysourcefire.ca\/product\/scott-sight\/#primaryimage"},"thumbnailUrl":"https:\/\/staging.safetysourcefire.ca\/wp-content\/uploads\/2019\/11\/Scott-Sight_Right_Full_yellow-mesh1.jpg","datePublished":"2018-12-11T07:00:12+00:00","dateModified":"2020-07-15T13:43:22+00:00","breadcrumb":{"@id":"https:\/\/staging.safetysourcefire.ca\/product\/scott-sight\/#breadcrumb"},"inLanguage":"fr-CA","potentialAction":[{"@type":"ReadAction","target":["https:\/\/staging.safetysourcefire.ca\/product\/scott-sight\/"]}]},{"@type":"ImageObject","inLanguage":"fr-CA","@id":"https:\/\/staging.safetysourcefire.ca\/product\/scott-sight\/#primaryimage","url":"https:\/\/staging.safetysourcefire.ca\/wp-content\/uploads\/2019\/11\/Scott-Sight_Right_Full_yellow-mesh1.jpg","contentUrl":"https:\/\/staging.safetysourcefire.ca\/wp-content\/uploads\/2019\/11\/Scott-Sight_Right_Full_yellow-mesh1.jpg","width":600,"height":600,"caption":"face mask"},{"@type":"BreadcrumbList","@id":"https:\/\/staging.safetysourcefire.ca\/product\/scott-sight\/#breadcrumb","itemListElement":[{"@type":"ListItem","position":1,"name":"Home","item":"https:\/\/staging.safetysourcefire.ca\/"},{"@type":"ListItem","position":2,"name":"Products","item":"https:\/\/staging.safetysourcefire.ca\/shop\/"},{"@type":"ListItem","position":3,"name":"Sight In-Mask Thermal Imager (incl. Pro)"}]},{"@type":"WebSite","@id":"https:\/\/staging.safetysourcefire.ca\/#website","url":"https:\/\/staging.safetysourcefire.ca\/","name":"Safety Source Fire","description":"","publisher":{"@id":"https:\/\/staging.safetysourcefire.ca\/#organization"},"potentialAction":[{"@type":"SearchAction","target":{"@type":"EntryPoint","urlTemplate":"https:\/\/staging.safetysourcefire.ca\/?s={search_term_string}"},"query-input":{"@type":"PropertyValueSpecification","valueRequired":true,"valueName":"search_term_string"}}],"inLanguage":"fr-CA"},{"@type":"Organization","@id":"https:\/\/staging.safetysourcefire.ca\/#organization","name":"Safety Source Fire","url":"https:\/\/staging.safetysourcefire.ca\/","logo":{"@type":"ImageObject","inLanguage":"fr-CA","@id":"https:\/\/staging.safetysourcefire.ca\/#\/schema\/logo\/image\/","url":"https:\/\/staging.safetysourcefire.ca\/wp-content\/uploads\/2021\/01\/SSF_logo_CC0000-3.png","contentUrl":"https:\/\/staging.safetysourcefire.ca\/wp-content\/uploads\/2021\/01\/SSF_logo_CC0000-3.png","width":1107,"height":365,"caption":"Safety Source Fire"},"image":{"@id":"https:\/\/staging.safetysourcefire.ca\/#\/schema\/logo\/image\/"},"sameAs":["https:\/\/www.facebook.com\/mmfssca","https:\/\/x.com\/mmfssca"]}]}},"_links":{"self":[{"href":"https:\/\/staging.safetysourcefire.ca\/fr_ca\/wp-json\/wp\/v2\/product\/937","targetHints":{"allow":["GET"]}}],"collection":[{"href":"https:\/\/staging.safetysourcefire.ca\/fr_ca\/wp-json\/wp\/v2\/product"}],"about":[{"href":"https:\/\/staging.safetysourcefire.ca\/fr_ca\/wp-json\/wp\/v2\/types\/product"}],"wp:featuredmedia":[{"embeddable":true,"href":"https:\/\/staging.safetysourcefire.ca\/fr_ca\/wp-json\/wp\/v2\/media\/12965"}],"wp:attachment":[{"href":"https:\/\/staging.safetysourcefire.ca\/fr_ca\/wp-json\/wp\/v2\/media?parent=937"}],"wp:term":[{"taxonomy":"product_brand","embeddable":true,"href":"https:\/\/staging.safetysourcefire.ca\/fr_ca\/wp-json\/wp\/v2\/product_brand?post=937"},{"taxonomy":"product_cat","embeddable":true,"href":"https:\/\/staging.safetysourcefire.ca\/fr_ca\/wp-json\/wp\/v2\/product_cat?post=937"},{"taxonomy":"product_tag","embeddable":true,"href":"https:\/\/staging.safetysourcefire.ca\/fr_ca\/wp-json\/wp\/v2\/product_tag?post=937"}],"curies":[{"name":"wp","href":"https:\/\/api.w.org\/{rel}","templated":true}]}}