{"id":934,"date":"2017-05-03T14:20:29","date_gmt":"2017-05-03T14:20:29","guid":{"rendered":"http:\/\/mmfss.ca\/?post_type=product&#038;p=934"},"modified":"2018-04-11T14:55:38","modified_gmt":"2018-04-11T14:55:38","slug":"ez-scape-pro-integrated-self-rescue-belt","status":"publish","type":"product","link":"https:\/\/staging.safetysourcefire.ca\/fr_ca\/produit\/ez-scape-pro-integrated-self-rescue-belt\/","title":{"rendered":"Ceinture d&#039;auto-sauvetage int\u00e9gr\u00e9e EZ-Scape Pro\u2122"},"content":{"rendered":"<p>Sur la base des commentaires et des recommandations de vrais pompiers, l'EZ-Scape Pro a \u00e9t\u00e9 modifi\u00e9 pour vous offrir une\u00a0<strong>performance am\u00e9lior\u00e9e\u00a0<\/strong>et\u00a0<strong>une plus grande polyvalence<\/strong>\u00a0. Cette ceinture de sauvetage parfaitement int\u00e9gr\u00e9e est l\u00e9g\u00e8re et unique en son genre. Incorporant un point de fixation class\u00e9 NFPA 1983, l'EZ-Scape Pro poss\u00e8de une r\u00e9sistance \u00e0 la rupture minimale de 3 034 livres.<\/p>\n<p>S'appuyant sur la fiabilit\u00e9 existante de la gamme de produits EZ-Scape, la nouvelle boucle \u00e0 d\u00e9gagement rapide avec anneau en D int\u00e9gr\u00e9 sur l'EZ-Scape Pro est l'une des<strong>\u00a0plus l\u00e9g\u00e8res et des plus solides\u00a0<\/strong>boucles porteuses disponibles sur le march\u00e9. Gr\u00e2ce \u00e0 cette nouvelle boucle, l'EZ-Scape Pro peut \u00eatre ajust\u00e9 de 28 \u00e0 56 pouces !<\/p>\n<p>Le Lightning GT est un crochet d'ancrage l\u00e9ger et polyvalent qui est usin\u00e9 avec pr\u00e9cision \u00e0 partir d'aluminium de la s\u00e9rie 7000 pour vous offrir\u00a0<strong>solidit\u00e9 et durabilit\u00e9<\/strong>. Malgr\u00e9 sa sensation de l\u00e9g\u00e8ret\u00e9, le Lightning GT d\u00e9passe les exigences de r\u00e9sistance \u00e9nonc\u00e9es dans la norme NFPA 1983, \u00e9dition 2012.<\/p>\n<p>Une autre fonctionnalit\u00e9 int\u00e9ressante de l'EZ-Scape Pro est sans doute l'option de ceinture unique, qui permet aux pompiers de choisir leur propre syst\u00e8me d'\u00e9vacuation (syst\u00e8me personnel ou utilisation du point de fixation NFPA). Lorsqu'elle est associ\u00e9e \u00e0 la sangle d'\u00e9chelle multi-usage approuv\u00e9e, la ceinture peut servir \u00e0 une\u00a0<strong>multitude de fonctions.\u00a0<\/strong>Conforme aux normes NFPA classe 1 \u00e9chelle\/ceinture d'\u00e9vacuation. De plus, l'option de ceinture unique am\u00e8ne un confort accru avec l'ARA Air-Pak X3.<\/p>\n<p><strong>Une plus grande polyvalence<\/strong>\u00a0\u2013 Utilisez le point de fixation class\u00e9 NFPA 1983 dans diverses situations de terrain d'incendie, y compris pour le sauvetage de pompier, une fixation d'\u00e9chelle ou des op\u00e9rations RIT.<\/p>\n<p><strong>Confort am\u00e9lior\u00e9<\/strong>\u00a0- Imite la conception actuelle de la boucle de parachute Scott Air-Pak pour permettre un enfilage et un retrait rapides et faciles, assurant un ajustement s\u00fbr et plus confortable.<\/p>\n<p><strong>Meilleure performance<\/strong>\u00a0\u2013 Disponible avec le nouveau crochet Lightning GT, l&#039;un des crochets d&#039;ancrage les plus l\u00e9gers et les plus polyvalents disponibles.<\/p>\n<p><strong>Plus de flexibilit\u00e9<\/strong>\u00a0- Peut \u00eatre configur\u00e9 comme une ceinture uniquement pour l'utilisation de votre propre syst\u00e8me de sauvetage d'\u00e9vacuation personnel.<\/p>\n<p><strong>Meilleur rapport qualit\u00e9-prix<\/strong>\u00a0\u2013 \u00c9limine le besoin d'\u00e9mettre des courroies de taille individuelle, r\u00e9duisant le co\u00fbt total de possession.<\/p>","protected":false},"excerpt":{"rendered":"<p>La ceinture d'auto-sauvetage int\u00e9gr\u00e9e EZ-Scape Pro\u2122 poss\u00e8de de nouvelles fonctionnalit\u00e9s. Elle a \u00e9t\u00e9 con\u00e7ue pour mieux r\u00e9pondre aux exigences rigoureuses des pompiers.<\/p>","protected":false},"featured_media":1326,"template":"","meta":[],"product_brand":[157],"product_cat":[45,58],"product_tag":[366,342],"class_list":{"0":"post-934","1":"product","2":"type-product","3":"status-publish","4":"has-post-thumbnail","6":"product_brand-3m-scott","7":"product_cat-respiratory","8":"product_cat-accessories-scba","9":"product_tag-scott","10":"product_tag-scott-safety","12":"first","13":"instock","14":"shipping-taxable","15":"product-type-simple"},"yoast_head":"<!-- This site is optimized with the Yoast SEO plugin v27.4 - https:\/\/yoast.com\/product\/yoast-seo-wordpress\/ -->\n<title>EZ-Scape Pro\u2122 Integrated Self-Rescue Belt - Safety Source Fire<\/title>\n<meta name=\"robots\" content=\"noindex, follow, max-snippet:-1, max-image-preview:large, max-video-preview:-1\" \/>\n<meta property=\"og:locale\" content=\"fr_CA\" \/>\n<meta property=\"og:type\" content=\"article\" \/>\n<meta property=\"og:title\" content=\"EZ-Scape Pro\u2122 Integrated Self-Rescue Belt - Safety Source Fire\" \/>\n<meta property=\"og:description\" content=\"The\u00a0EZ-Scape Pro\u2122 Integrated Self-Rescue Belt incorporates new features and\u00a0has been designed\u00a0 to better meet the rigorous demands of the fire service.\" \/>\n<meta property=\"og:url\" content=\"https:\/\/staging.safetysourcefire.ca\/fr_ca\/produit\/ez-scape-pro-integrated-self-rescue-belt\/\" \/>\n<meta property=\"og:site_name\" content=\"Safety Source Fire\" \/>\n<meta property=\"article:publisher\" content=\"https:\/\/www.facebook.com\/mmfssca\" \/>\n<meta property=\"article:modified_time\" content=\"2018-04-11T14:55:38+00:00\" \/>\n<meta property=\"og:image\" content=\"https:\/\/staging.safetysourcefire.ca\/wp-content\/uploads\/2017\/05\/EZ-Scape-Pro-1.jpg\" \/>\n\t<meta property=\"og:image:width\" content=\"600\" \/>\n\t<meta property=\"og:image:height\" content=\"600\" \/>\n\t<meta property=\"og:image:type\" content=\"image\/jpeg\" \/>\n<meta name=\"twitter:card\" content=\"summary_large_image\" \/>\n<meta name=\"twitter:site\" content=\"@mmfssca\" \/>\n<meta name=\"twitter:label1\" content=\"Estimation du temps de lecture\" \/>\n\t<meta name=\"twitter:data1\" content=\"2 minutes\" \/>\n<script type=\"application\/ld+json\" class=\"yoast-schema-graph\">{\"@context\":\"https:\\\/\\\/schema.org\",\"@graph\":[{\"@type\":\"WebPage\",\"@id\":\"https:\\\/\\\/staging.safetysourcefire.ca\\\/product\\\/ez-scape-pro-integrated-self-rescue-belt\\\/\",\"url\":\"https:\\\/\\\/staging.safetysourcefire.ca\\\/product\\\/ez-scape-pro-integrated-self-rescue-belt\\\/\",\"name\":\"EZ-Scape Pro\u2122 Integrated Self-Rescue Belt - Safety Source Fire\",\"isPartOf\":{\"@id\":\"https:\\\/\\\/staging.safetysourcefire.ca\\\/#website\"},\"primaryImageOfPage\":{\"@id\":\"https:\\\/\\\/staging.safetysourcefire.ca\\\/product\\\/ez-scape-pro-integrated-self-rescue-belt\\\/#primaryimage\"},\"image\":{\"@id\":\"https:\\\/\\\/staging.safetysourcefire.ca\\\/product\\\/ez-scape-pro-integrated-self-rescue-belt\\\/#primaryimage\"},\"thumbnailUrl\":\"https:\\\/\\\/staging.safetysourcefire.ca\\\/wp-content\\\/uploads\\\/2017\\\/05\\\/EZ-Scape-Pro-1.jpg\",\"datePublished\":\"2017-05-03T14:20:29+00:00\",\"dateModified\":\"2018-04-11T14:55:38+00:00\",\"breadcrumb\":{\"@id\":\"https:\\\/\\\/staging.safetysourcefire.ca\\\/product\\\/ez-scape-pro-integrated-self-rescue-belt\\\/#breadcrumb\"},\"inLanguage\":\"fr-CA\",\"potentialAction\":[{\"@type\":\"ReadAction\",\"target\":[\"https:\\\/\\\/staging.safetysourcefire.ca\\\/product\\\/ez-scape-pro-integrated-self-rescue-belt\\\/\"]}]},{\"@type\":\"ImageObject\",\"inLanguage\":\"fr-CA\",\"@id\":\"https:\\\/\\\/staging.safetysourcefire.ca\\\/product\\\/ez-scape-pro-integrated-self-rescue-belt\\\/#primaryimage\",\"url\":\"https:\\\/\\\/staging.safetysourcefire.ca\\\/wp-content\\\/uploads\\\/2017\\\/05\\\/EZ-Scape-Pro-1.jpg\",\"contentUrl\":\"https:\\\/\\\/staging.safetysourcefire.ca\\\/wp-content\\\/uploads\\\/2017\\\/05\\\/EZ-Scape-Pro-1.jpg\",\"width\":600,\"height\":600,\"caption\":\"EZ-SCAPE PRO\u2122 INTEGRATED SELF-RESCUE BELT\"},{\"@type\":\"BreadcrumbList\",\"@id\":\"https:\\\/\\\/staging.safetysourcefire.ca\\\/product\\\/ez-scape-pro-integrated-self-rescue-belt\\\/#breadcrumb\",\"itemListElement\":[{\"@type\":\"ListItem\",\"position\":1,\"name\":\"Home\",\"item\":\"https:\\\/\\\/staging.safetysourcefire.ca\\\/\"},{\"@type\":\"ListItem\",\"position\":2,\"name\":\"Products\",\"item\":\"https:\\\/\\\/staging.safetysourcefire.ca\\\/shop\\\/\"},{\"@type\":\"ListItem\",\"position\":3,\"name\":\"EZ-Scape Pro\u2122 Integrated Self-Rescue Belt\"}]},{\"@type\":\"WebSite\",\"@id\":\"https:\\\/\\\/staging.safetysourcefire.ca\\\/#website\",\"url\":\"https:\\\/\\\/staging.safetysourcefire.ca\\\/\",\"name\":\"Safety Source Fire\",\"description\":\"\",\"publisher\":{\"@id\":\"https:\\\/\\\/staging.safetysourcefire.ca\\\/#organization\"},\"potentialAction\":[{\"@type\":\"SearchAction\",\"target\":{\"@type\":\"EntryPoint\",\"urlTemplate\":\"https:\\\/\\\/staging.safetysourcefire.ca\\\/?s={search_term_string}\"},\"query-input\":{\"@type\":\"PropertyValueSpecification\",\"valueRequired\":true,\"valueName\":\"search_term_string\"}}],\"inLanguage\":\"fr-CA\"},{\"@type\":\"Organization\",\"@id\":\"https:\\\/\\\/staging.safetysourcefire.ca\\\/#organization\",\"name\":\"Safety Source Fire\",\"url\":\"https:\\\/\\\/staging.safetysourcefire.ca\\\/\",\"logo\":{\"@type\":\"ImageObject\",\"inLanguage\":\"fr-CA\",\"@id\":\"https:\\\/\\\/staging.safetysourcefire.ca\\\/#\\\/schema\\\/logo\\\/image\\\/\",\"url\":\"https:\\\/\\\/staging.safetysourcefire.ca\\\/wp-content\\\/uploads\\\/2021\\\/01\\\/SSF_logo_CC0000-3.png\",\"contentUrl\":\"https:\\\/\\\/staging.safetysourcefire.ca\\\/wp-content\\\/uploads\\\/2021\\\/01\\\/SSF_logo_CC0000-3.png\",\"width\":1107,\"height\":365,\"caption\":\"Safety Source Fire\"},\"image\":{\"@id\":\"https:\\\/\\\/staging.safetysourcefire.ca\\\/#\\\/schema\\\/logo\\\/image\\\/\"},\"sameAs\":[\"https:\\\/\\\/www.facebook.com\\\/mmfssca\",\"https:\\\/\\\/x.com\\\/mmfssca\"]}]}<\/script>\n<!-- \/ Yoast SEO plugin. -->","yoast_head_json":{"title":"EZ-Scape Pro\u2122 Integrated Self-Rescue Belt - Safety Source Fire","robots":{"index":"noindex","follow":"follow","max-snippet":"max-snippet:-1","max-image-preview":"max-image-preview:large","max-video-preview":"max-video-preview:-1"},"og_locale":"fr_CA","og_type":"article","og_title":"EZ-Scape Pro\u2122 Integrated Self-Rescue Belt - Safety Source Fire","og_description":"The\u00a0EZ-Scape Pro\u2122 Integrated Self-Rescue Belt incorporates new features and\u00a0has been designed\u00a0 to better meet the rigorous demands of the fire service.","og_url":"https:\/\/staging.safetysourcefire.ca\/fr_ca\/produit\/ez-scape-pro-integrated-self-rescue-belt\/","og_site_name":"Safety Source Fire","article_publisher":"https:\/\/www.facebook.com\/mmfssca","article_modified_time":"2018-04-11T14:55:38+00:00","og_image":[{"width":600,"height":600,"url":"https:\/\/staging.safetysourcefire.ca\/wp-content\/uploads\/2017\/05\/EZ-Scape-Pro-1.jpg","type":"image\/jpeg"}],"twitter_card":"summary_large_image","twitter_site":"@mmfssca","twitter_misc":{"Estimation du temps de lecture":"2 minutes"},"schema":{"@context":"https:\/\/schema.org","@graph":[{"@type":"WebPage","@id":"https:\/\/staging.safetysourcefire.ca\/product\/ez-scape-pro-integrated-self-rescue-belt\/","url":"https:\/\/staging.safetysourcefire.ca\/product\/ez-scape-pro-integrated-self-rescue-belt\/","name":"EZ-Scape Pro\u2122 Integrated Self-Rescue Belt - Safety Source Fire","isPartOf":{"@id":"https:\/\/staging.safetysourcefire.ca\/#website"},"primaryImageOfPage":{"@id":"https:\/\/staging.safetysourcefire.ca\/product\/ez-scape-pro-integrated-self-rescue-belt\/#primaryimage"},"image":{"@id":"https:\/\/staging.safetysourcefire.ca\/product\/ez-scape-pro-integrated-self-rescue-belt\/#primaryimage"},"thumbnailUrl":"https:\/\/staging.safetysourcefire.ca\/wp-content\/uploads\/2017\/05\/EZ-Scape-Pro-1.jpg","datePublished":"2017-05-03T14:20:29+00:00","dateModified":"2018-04-11T14:55:38+00:00","breadcrumb":{"@id":"https:\/\/staging.safetysourcefire.ca\/product\/ez-scape-pro-integrated-self-rescue-belt\/#breadcrumb"},"inLanguage":"fr-CA","potentialAction":[{"@type":"ReadAction","target":["https:\/\/staging.safetysourcefire.ca\/product\/ez-scape-pro-integrated-self-rescue-belt\/"]}]},{"@type":"ImageObject","inLanguage":"fr-CA","@id":"https:\/\/staging.safetysourcefire.ca\/product\/ez-scape-pro-integrated-self-rescue-belt\/#primaryimage","url":"https:\/\/staging.safetysourcefire.ca\/wp-content\/uploads\/2017\/05\/EZ-Scape-Pro-1.jpg","contentUrl":"https:\/\/staging.safetysourcefire.ca\/wp-content\/uploads\/2017\/05\/EZ-Scape-Pro-1.jpg","width":600,"height":600,"caption":"EZ-SCAPE PRO\u2122 INTEGRATED SELF-RESCUE BELT"},{"@type":"BreadcrumbList","@id":"https:\/\/staging.safetysourcefire.ca\/product\/ez-scape-pro-integrated-self-rescue-belt\/#breadcrumb","itemListElement":[{"@type":"ListItem","position":1,"name":"Home","item":"https:\/\/staging.safetysourcefire.ca\/"},{"@type":"ListItem","position":2,"name":"Products","item":"https:\/\/staging.safetysourcefire.ca\/shop\/"},{"@type":"ListItem","position":3,"name":"EZ-Scape Pro\u2122 Integrated Self-Rescue Belt"}]},{"@type":"WebSite","@id":"https:\/\/staging.safetysourcefire.ca\/#website","url":"https:\/\/staging.safetysourcefire.ca\/","name":"Safety Source Fire","description":"","publisher":{"@id":"https:\/\/staging.safetysourcefire.ca\/#organization"},"potentialAction":[{"@type":"SearchAction","target":{"@type":"EntryPoint","urlTemplate":"https:\/\/staging.safetysourcefire.ca\/?s={search_term_string}"},"query-input":{"@type":"PropertyValueSpecification","valueRequired":true,"valueName":"search_term_string"}}],"inLanguage":"fr-CA"},{"@type":"Organization","@id":"https:\/\/staging.safetysourcefire.ca\/#organization","name":"Safety Source Fire","url":"https:\/\/staging.safetysourcefire.ca\/","logo":{"@type":"ImageObject","inLanguage":"fr-CA","@id":"https:\/\/staging.safetysourcefire.ca\/#\/schema\/logo\/image\/","url":"https:\/\/staging.safetysourcefire.ca\/wp-content\/uploads\/2021\/01\/SSF_logo_CC0000-3.png","contentUrl":"https:\/\/staging.safetysourcefire.ca\/wp-content\/uploads\/2021\/01\/SSF_logo_CC0000-3.png","width":1107,"height":365,"caption":"Safety Source Fire"},"image":{"@id":"https:\/\/staging.safetysourcefire.ca\/#\/schema\/logo\/image\/"},"sameAs":["https:\/\/www.facebook.com\/mmfssca","https:\/\/x.com\/mmfssca"]}]}},"_links":{"self":[{"href":"https:\/\/staging.safetysourcefire.ca\/fr_ca\/wp-json\/wp\/v2\/product\/934","targetHints":{"allow":["GET"]}}],"collection":[{"href":"https:\/\/staging.safetysourcefire.ca\/fr_ca\/wp-json\/wp\/v2\/product"}],"about":[{"href":"https:\/\/staging.safetysourcefire.ca\/fr_ca\/wp-json\/wp\/v2\/types\/product"}],"wp:featuredmedia":[{"embeddable":true,"href":"https:\/\/staging.safetysourcefire.ca\/fr_ca\/wp-json\/wp\/v2\/media\/1326"}],"wp:attachment":[{"href":"https:\/\/staging.safetysourcefire.ca\/fr_ca\/wp-json\/wp\/v2\/media?parent=934"}],"wp:term":[{"taxonomy":"product_brand","embeddable":true,"href":"https:\/\/staging.safetysourcefire.ca\/fr_ca\/wp-json\/wp\/v2\/product_brand?post=934"},{"taxonomy":"product_cat","embeddable":true,"href":"https:\/\/staging.safetysourcefire.ca\/fr_ca\/wp-json\/wp\/v2\/product_cat?post=934"},{"taxonomy":"product_tag","embeddable":true,"href":"https:\/\/staging.safetysourcefire.ca\/fr_ca\/wp-json\/wp\/v2\/product_tag?post=934"}],"curies":[{"name":"wp","href":"https:\/\/api.w.org\/{rel}","templated":true}]}}