{"id":901,"date":"2018-10-11T09:15:52","date_gmt":"2018-10-11T09:15:52","guid":{"rendered":"http:\/\/mmfss.ca\/?post_type=product&#038;p=901"},"modified":"2023-10-03T12:56:13","modified_gmt":"2023-10-03T12:56:13","slug":"rit-pak-fast-attack","status":"publish","type":"product","link":"https:\/\/staging.safetysourcefire.ca\/fr_ca\/produit\/rit-pak-fast-attack\/","title":{"rendered":"RIT-Pak Fast Attack"},"content":{"rendered":"<p>D\u00e9velopp\u00e9 dans un souci de rapidit\u00e9 et d'efficacit\u00e9, le RIT-Pak Fast Attack offre une conception intuitive permettant aux \u00e9quipes RIT de se concentrer sur la localisation et l'\u00e9valuation du pompier en d\u00e9tresse.<\/p>\n<p>Offert en deux tailles diff\u00e9rentes, le RIT-Pak Fast Attack permet aux services d'incendie de personnaliser leur outil pour r\u00e9pondre \u00e0 leurs besoins sp\u00e9cifiques. Deux compartiments de rangement \u00e0 code de couleur ainsi que des poign\u00e9es tactiles permettent une identification facile des composants. Le mat\u00e9riel orange \u00e0 haute visibilit\u00e9 et les marques r\u00e9fl\u00e9chissantes garantissent que le sac de transport peut \u00eatre vu dans des situations de faible visibilit\u00e9. Des mousquetons se trouvent \u00e0 chaque extr\u00e9mit\u00e9 du sac, permettant une fixation facile au pompier en d\u00e9tresse pour les \u00e9vacuations d'urgence. La bandouli\u00e8re  \u00e0 longueur r\u00e9glable facile \u00e0 retirer permet une utilisation suppl\u00e9mentaire de l'outil comme sangle de retrait lors du retrait du RIT.<\/p>\n<p><strong>DISPOSITIF DE TRANSPORT<\/strong><\/p>\n<ul>\n<li>Le tissu CORDURA\u00ae orange \u00e0 haute visibilit\u00e9 facilite l'identification du sac m\u00eame dans des conditions de faible visibilit\u00e9, tout en offrant une durabilit\u00e9 am\u00e9lior\u00e9e sur le terrain.<\/li>\n<li>Deux compartiments de rangement \u00e0 code de couleur permettent de s\u00e9parer et d'identifier facilement les composants de basse et haute pression.<\/li>\n<li>Les poign\u00e9es tactiles offrent une identification facile des compartiments de basse et haute pression, m\u00eame dans des conditions de faible visibilit\u00e9.<\/li>\n<li>Le compartiment de basse pression est dimensionn\u00e9 pour permettre au masque et au r\u00e9gulateur de respiration mont\u00e9 sur masque de rester pr\u00e9-connect\u00e9s en tout temps.<\/li>\n<li>Les bandes r\u00e9fl\u00e9chissantes ORALITE\u00ae offrent une visibilit\u00e9 sup\u00e9rieure dans les conditions de faible luminosit\u00e9. R\u00e9sistance accrue \u00e0 l'abrasion et \u00e0 l'eau. Faciles \u00e0 nettoyer.<\/li>\n<li>La bandouli\u00e8re de longueur r\u00e9glable est facile \u00e0 retirer et permet un transport pratique. Utilisez-la aussi comme sangle de retrait lors du retrait du RIT.<\/li>\n<li>Un mousqueton \u00e0 point fixe est pr\u00e9sent \u00e0 chaque extr\u00e9mit\u00e9 du sac afin de permettre une fixation facile au pompier secouru. La conception du mousqueton garantit une orientation correcte de l'outil, \u00e0 chaque fois.<\/li>\n<li>Le fond du sac est renforc\u00e9 afin de vous offrir une durabilit\u00e9 accrue et r\u00e9duire la friction lors des d\u00e9placements.<\/li>\n<\/ul>\n<p><strong>CAPACIT\u00c9S<\/strong><\/p>\n<ul>\n<li>Un manom\u00e8tre externe avec affichage photoluminescent permet une surveillance continue de la pression d&#039;air restante.<\/li>\n<li>Une alarme sifflante distincte et audible fournit une notification lorsque le RIT-Pak Fast Attack a atteint 25% restant de la pression nominale de la bouteille.<\/li>\n<li>Une lance de charge universelle haute pression et un tuyau basse pression avec double collecteur offrent une polyvalence maximale pour fournir de l'air respirable \u00e0 un pompier en d\u00e9tresse.<\/li>\n<li>Les bandes r\u00e9fl\u00e9chissantes ORALITE\u00ae facilitent la localisation du r\u00e9gulateur de respiration mont\u00e9 sur le masque, de la lance de charge universelle haute pression et du tuyau basse pression avec double collecteur dans des conditions de faible luminosit\u00e9.<\/li>\n<li>Les multiples options de rangement de la lance de charge universelle haute pression offrent une plus grande flexibilit\u00e9 \u00e0 l'utilisateur.<\/li>\n<\/ul>\n<p><strong>VISAGE<\/strong><\/p>\n<ul>\n<li>Le masque, un AV-3000 modifi\u00e9 avec SureSeal, est dot\u00e9 d'une poign\u00e9e d'enfilage simple \u00e0 utiliser, ce qui le rend rapide et facile \u00e0 attacher sur un pompier en d\u00e9tresse ou une victime inconsciente.<\/li>\n<\/ul>","protected":false},"excerpt":{"rendered":"<p>Le Scott Safety RIT-Pak Fast Attack offre une solution petite, l\u00e9g\u00e8re et compacte avec entr\u00e9e rapide pour le r\u00e9approvisionnement en air d'un pompier en d\u00e9tresse.<\/p>","protected":false},"featured_media":27283,"template":"","meta":[],"product_brand":[157],"product_cat":[137,45,58],"product_tag":[366,342],"class_list":{"0":"post-901","1":"product","2":"type-product","3":"status-publish","4":"has-post-thumbnail","6":"product_brand-3m-scott","7":"product_cat-fire","8":"product_cat-respiratory","9":"product_cat-accessories-scba","10":"product_tag-scott","11":"product_tag-scott-safety","13":"first","14":"instock","15":"shipping-taxable","16":"product-type-simple"},"yoast_head":"<!-- This site is optimized with the Yoast SEO plugin v27.4 - https:\/\/yoast.com\/product\/yoast-seo-wordpress\/ -->\n<title>RIT-Pak Fast Attack - Safety Source Fire<\/title>\n<meta name=\"robots\" content=\"noindex, follow, max-snippet:-1, max-image-preview:large, max-video-preview:-1\" \/>\n<meta property=\"og:locale\" content=\"fr_CA\" \/>\n<meta property=\"og:type\" content=\"article\" \/>\n<meta property=\"og:title\" content=\"RIT-Pak Fast Attack - Safety Source Fire\" \/>\n<meta property=\"og:description\" content=\"The Scott Safety RIT-Pak Fast Attack offers a small, lightweight, and compact solution for rapid entry and air replenishment to a firefighter in distress.\" \/>\n<meta property=\"og:url\" content=\"https:\/\/staging.safetysourcefire.ca\/fr_ca\/produit\/rit-pak-fast-attack\/\" \/>\n<meta property=\"og:site_name\" content=\"Safety Source Fire\" \/>\n<meta property=\"article:publisher\" content=\"https:\/\/www.facebook.com\/mmfssca\" \/>\n<meta property=\"article:modified_time\" content=\"2023-10-03T12:56:13+00:00\" \/>\n<meta property=\"og:image\" content=\"https:\/\/staging.safetysourcefire.ca\/wp-content\/uploads\/2018\/10\/RIT-PAK-Fast-Attack.jpg\" \/>\n\t<meta property=\"og:image:width\" content=\"600\" \/>\n\t<meta property=\"og:image:height\" content=\"600\" \/>\n\t<meta property=\"og:image:type\" content=\"image\/jpeg\" \/>\n<meta name=\"twitter:card\" content=\"summary_large_image\" \/>\n<meta name=\"twitter:site\" content=\"@mmfssca\" \/>\n<meta name=\"twitter:label1\" content=\"Estimation du temps de lecture\" \/>\n\t<meta name=\"twitter:data1\" content=\"2 minutes\" \/>\n<script type=\"application\/ld+json\" class=\"yoast-schema-graph\">{\"@context\":\"https:\\\/\\\/schema.org\",\"@graph\":[{\"@type\":\"WebPage\",\"@id\":\"https:\\\/\\\/staging.safetysourcefire.ca\\\/product\\\/rit-pak-fast-attack\\\/\",\"url\":\"https:\\\/\\\/staging.safetysourcefire.ca\\\/product\\\/rit-pak-fast-attack\\\/\",\"name\":\"RIT-Pak Fast Attack - Safety Source Fire\",\"isPartOf\":{\"@id\":\"https:\\\/\\\/staging.safetysourcefire.ca\\\/#website\"},\"primaryImageOfPage\":{\"@id\":\"https:\\\/\\\/staging.safetysourcefire.ca\\\/product\\\/rit-pak-fast-attack\\\/#primaryimage\"},\"image\":{\"@id\":\"https:\\\/\\\/staging.safetysourcefire.ca\\\/product\\\/rit-pak-fast-attack\\\/#primaryimage\"},\"thumbnailUrl\":\"https:\\\/\\\/staging.safetysourcefire.ca\\\/wp-content\\\/uploads\\\/2018\\\/10\\\/RIT-PAK-Fast-Attack.jpg\",\"datePublished\":\"2018-10-11T09:15:52+00:00\",\"dateModified\":\"2023-10-03T12:56:13+00:00\",\"breadcrumb\":{\"@id\":\"https:\\\/\\\/staging.safetysourcefire.ca\\\/product\\\/rit-pak-fast-attack\\\/#breadcrumb\"},\"inLanguage\":\"fr-CA\",\"potentialAction\":[{\"@type\":\"ReadAction\",\"target\":[\"https:\\\/\\\/staging.safetysourcefire.ca\\\/product\\\/rit-pak-fast-attack\\\/\"]}]},{\"@type\":\"ImageObject\",\"inLanguage\":\"fr-CA\",\"@id\":\"https:\\\/\\\/staging.safetysourcefire.ca\\\/product\\\/rit-pak-fast-attack\\\/#primaryimage\",\"url\":\"https:\\\/\\\/staging.safetysourcefire.ca\\\/wp-content\\\/uploads\\\/2018\\\/10\\\/RIT-PAK-Fast-Attack.jpg\",\"contentUrl\":\"https:\\\/\\\/staging.safetysourcefire.ca\\\/wp-content\\\/uploads\\\/2018\\\/10\\\/RIT-PAK-Fast-Attack.jpg\",\"width\":600,\"height\":600,\"caption\":\"fast attack\"},{\"@type\":\"BreadcrumbList\",\"@id\":\"https:\\\/\\\/staging.safetysourcefire.ca\\\/product\\\/rit-pak-fast-attack\\\/#breadcrumb\",\"itemListElement\":[{\"@type\":\"ListItem\",\"position\":1,\"name\":\"Home\",\"item\":\"https:\\\/\\\/staging.safetysourcefire.ca\\\/\"},{\"@type\":\"ListItem\",\"position\":2,\"name\":\"Products\",\"item\":\"https:\\\/\\\/staging.safetysourcefire.ca\\\/shop\\\/\"},{\"@type\":\"ListItem\",\"position\":3,\"name\":\"RIT-Pak Fast Attack\"}]},{\"@type\":\"WebSite\",\"@id\":\"https:\\\/\\\/staging.safetysourcefire.ca\\\/#website\",\"url\":\"https:\\\/\\\/staging.safetysourcefire.ca\\\/\",\"name\":\"Safety Source Fire\",\"description\":\"\",\"publisher\":{\"@id\":\"https:\\\/\\\/staging.safetysourcefire.ca\\\/#organization\"},\"potentialAction\":[{\"@type\":\"SearchAction\",\"target\":{\"@type\":\"EntryPoint\",\"urlTemplate\":\"https:\\\/\\\/staging.safetysourcefire.ca\\\/?s={search_term_string}\"},\"query-input\":{\"@type\":\"PropertyValueSpecification\",\"valueRequired\":true,\"valueName\":\"search_term_string\"}}],\"inLanguage\":\"fr-CA\"},{\"@type\":\"Organization\",\"@id\":\"https:\\\/\\\/staging.safetysourcefire.ca\\\/#organization\",\"name\":\"Safety Source Fire\",\"url\":\"https:\\\/\\\/staging.safetysourcefire.ca\\\/\",\"logo\":{\"@type\":\"ImageObject\",\"inLanguage\":\"fr-CA\",\"@id\":\"https:\\\/\\\/staging.safetysourcefire.ca\\\/#\\\/schema\\\/logo\\\/image\\\/\",\"url\":\"https:\\\/\\\/staging.safetysourcefire.ca\\\/wp-content\\\/uploads\\\/2021\\\/01\\\/SSF_logo_CC0000-3.png\",\"contentUrl\":\"https:\\\/\\\/staging.safetysourcefire.ca\\\/wp-content\\\/uploads\\\/2021\\\/01\\\/SSF_logo_CC0000-3.png\",\"width\":1107,\"height\":365,\"caption\":\"Safety Source Fire\"},\"image\":{\"@id\":\"https:\\\/\\\/staging.safetysourcefire.ca\\\/#\\\/schema\\\/logo\\\/image\\\/\"},\"sameAs\":[\"https:\\\/\\\/www.facebook.com\\\/mmfssca\",\"https:\\\/\\\/x.com\\\/mmfssca\"]}]}<\/script>\n<!-- \/ Yoast SEO plugin. -->","yoast_head_json":{"title":"RIT-Pak Fast Attack - Incendie de s\u00e9curit\u00e9","robots":{"index":"noindex","follow":"follow","max-snippet":"max-snippet:-1","max-image-preview":"max-image-preview:large","max-video-preview":"max-video-preview:-1"},"og_locale":"fr_CA","og_type":"article","og_title":"RIT-Pak Fast Attack - Safety Source Fire","og_description":"The Scott Safety RIT-Pak Fast Attack offers a small, lightweight, and compact solution for rapid entry and air replenishment to a firefighter in distress.","og_url":"https:\/\/staging.safetysourcefire.ca\/fr_ca\/produit\/rit-pak-fast-attack\/","og_site_name":"Safety Source Fire","article_publisher":"https:\/\/www.facebook.com\/mmfssca","article_modified_time":"2023-10-03T12:56:13+00:00","og_image":[{"width":600,"height":600,"url":"https:\/\/staging.safetysourcefire.ca\/wp-content\/uploads\/2018\/10\/RIT-PAK-Fast-Attack.jpg","type":"image\/jpeg"}],"twitter_card":"summary_large_image","twitter_site":"@mmfssca","twitter_misc":{"Estimation du temps de lecture":"2 minutes"},"schema":{"@context":"https:\/\/schema.org","@graph":[{"@type":"WebPage","@id":"https:\/\/staging.safetysourcefire.ca\/product\/rit-pak-fast-attack\/","url":"https:\/\/staging.safetysourcefire.ca\/product\/rit-pak-fast-attack\/","name":"RIT-Pak Fast Attack - Incendie de s\u00e9curit\u00e9","isPartOf":{"@id":"https:\/\/staging.safetysourcefire.ca\/#website"},"primaryImageOfPage":{"@id":"https:\/\/staging.safetysourcefire.ca\/product\/rit-pak-fast-attack\/#primaryimage"},"image":{"@id":"https:\/\/staging.safetysourcefire.ca\/product\/rit-pak-fast-attack\/#primaryimage"},"thumbnailUrl":"https:\/\/staging.safetysourcefire.ca\/wp-content\/uploads\/2018\/10\/RIT-PAK-Fast-Attack.jpg","datePublished":"2018-10-11T09:15:52+00:00","dateModified":"2023-10-03T12:56:13+00:00","breadcrumb":{"@id":"https:\/\/staging.safetysourcefire.ca\/product\/rit-pak-fast-attack\/#breadcrumb"},"inLanguage":"fr-CA","potentialAction":[{"@type":"ReadAction","target":["https:\/\/staging.safetysourcefire.ca\/product\/rit-pak-fast-attack\/"]}]},{"@type":"ImageObject","inLanguage":"fr-CA","@id":"https:\/\/staging.safetysourcefire.ca\/product\/rit-pak-fast-attack\/#primaryimage","url":"https:\/\/staging.safetysourcefire.ca\/wp-content\/uploads\/2018\/10\/RIT-PAK-Fast-Attack.jpg","contentUrl":"https:\/\/staging.safetysourcefire.ca\/wp-content\/uploads\/2018\/10\/RIT-PAK-Fast-Attack.jpg","width":600,"height":600,"caption":"fast attack"},{"@type":"BreadcrumbList","@id":"https:\/\/staging.safetysourcefire.ca\/product\/rit-pak-fast-attack\/#breadcrumb","itemListElement":[{"@type":"ListItem","position":1,"name":"Home","item":"https:\/\/staging.safetysourcefire.ca\/"},{"@type":"ListItem","position":2,"name":"Products","item":"https:\/\/staging.safetysourcefire.ca\/shop\/"},{"@type":"ListItem","position":3,"name":"RIT-Pak Fast Attack"}]},{"@type":"WebSite","@id":"https:\/\/staging.safetysourcefire.ca\/#website","url":"https:\/\/staging.safetysourcefire.ca\/","name":"Safety Source Fire","description":"","publisher":{"@id":"https:\/\/staging.safetysourcefire.ca\/#organization"},"potentialAction":[{"@type":"SearchAction","target":{"@type":"EntryPoint","urlTemplate":"https:\/\/staging.safetysourcefire.ca\/?s={search_term_string}"},"query-input":{"@type":"PropertyValueSpecification","valueRequired":true,"valueName":"search_term_string"}}],"inLanguage":"fr-CA"},{"@type":"Organization","@id":"https:\/\/staging.safetysourcefire.ca\/#organization","name":"Safety Source Fire","url":"https:\/\/staging.safetysourcefire.ca\/","logo":{"@type":"ImageObject","inLanguage":"fr-CA","@id":"https:\/\/staging.safetysourcefire.ca\/#\/schema\/logo\/image\/","url":"https:\/\/staging.safetysourcefire.ca\/wp-content\/uploads\/2021\/01\/SSF_logo_CC0000-3.png","contentUrl":"https:\/\/staging.safetysourcefire.ca\/wp-content\/uploads\/2021\/01\/SSF_logo_CC0000-3.png","width":1107,"height":365,"caption":"Safety Source Fire"},"image":{"@id":"https:\/\/staging.safetysourcefire.ca\/#\/schema\/logo\/image\/"},"sameAs":["https:\/\/www.facebook.com\/mmfssca","https:\/\/x.com\/mmfssca"]}]}},"_links":{"self":[{"href":"https:\/\/staging.safetysourcefire.ca\/fr_ca\/wp-json\/wp\/v2\/product\/901","targetHints":{"allow":["GET"]}}],"collection":[{"href":"https:\/\/staging.safetysourcefire.ca\/fr_ca\/wp-json\/wp\/v2\/product"}],"about":[{"href":"https:\/\/staging.safetysourcefire.ca\/fr_ca\/wp-json\/wp\/v2\/types\/product"}],"wp:featuredmedia":[{"embeddable":true,"href":"https:\/\/staging.safetysourcefire.ca\/fr_ca\/wp-json\/wp\/v2\/media\/27283"}],"wp:attachment":[{"href":"https:\/\/staging.safetysourcefire.ca\/fr_ca\/wp-json\/wp\/v2\/media?parent=901"}],"wp:term":[{"taxonomy":"product_brand","embeddable":true,"href":"https:\/\/staging.safetysourcefire.ca\/fr_ca\/wp-json\/wp\/v2\/product_brand?post=901"},{"taxonomy":"product_cat","embeddable":true,"href":"https:\/\/staging.safetysourcefire.ca\/fr_ca\/wp-json\/wp\/v2\/product_cat?post=901"},{"taxonomy":"product_tag","embeddable":true,"href":"https:\/\/staging.safetysourcefire.ca\/fr_ca\/wp-json\/wp\/v2\/product_tag?post=901"}],"curies":[{"name":"wp","href":"https:\/\/api.w.org\/{rel}","templated":true}]}}