{"id":878,"date":"2017-05-03T13:48:12","date_gmt":"2017-05-03T13:48:12","guid":{"rendered":"http:\/\/mmfss.ca\/?post_type=product&#038;p=878"},"modified":"2018-04-11T14:55:43","modified_gmt":"2018-04-11T14:55:43","slug":"ska-pak-plus-supplied-air-respirator","status":"publish","type":"product","link":"https:\/\/staging.safetysourcefire.ca\/fr_ca\/produit\/ska-pak-plus-supplied-air-respirator\/","title":{"rendered":"Respirateur \u00e0 adduction d&#039;air Ska-Pak Plus"},"content":{"rendered":"<p>Disponible avec harnais en nylon rembourr\u00e9 r\u00e9sistant ou harnais en Kevlar rembourr\u00e9 r\u00e9sistant \u00e0 la chaleur.<\/p>\n<p>Dot\u00e9 du m\u00e9canisme de fixation du cylindre EZ Klip pour un changement rapide et facile du cylindre. Le Ska-Pak Plus est \u00e9galement disponible avec un harnais de protection antichute int\u00e9gr\u00e9. Une gamme compl\u00e8te de types de bouteilles et de pressions est disponible pour vous.<\/p>\n<ul>\n<li>Respirateur combin\u00e9 \u00e0 pression positive de type C avec bouteille d'\u00e9vacuation pour l'entr\u00e9e ou l'\u00e9vacuation des espaces confin\u00e9s dangereux \/ situations de danger imm\u00e9diat pour la vie et la sant\u00e9 (IDLH)<\/li>\n<li>Comprend un r\u00e9gulateur de pression \u00e0 la demande EZ Flo avec activation au premier souffle et une faible r\u00e9sistance \u00e0 l'expiration pour une respiration facile. R\u00e9duit la fatigue chez l'utilisateur.<\/li>\n<li>R\u00e9gulateur EZ Flo Modulair (en option) peut \u00eatre utilis\u00e9 avec les respirateurs \u00e0 adduction d'air comprim\u00e9 industriel ou EZ Airline pour faciliter la formation et minimiser les co\u00fbts d'inventaire<\/li>\n<li>Disponible en cylindre de 5, 10 ou 15 minutes pour une polyvalence de s\u00e9lection en fonction du travail \u00e0 accomplir<\/li>\n<li>Comprend le syst\u00e8me de r\u00e9tention de cylindre EZ Klip pour des changements de cylindre rapides et faciles<\/li>\n<li>3 styles de harnais\u00a0disponibles pour vous:\n<ul>\n<li>Polypropyl\u00e8ne rembourr\u00e9 \u2013 l\u00e9ger et r\u00e9sistant aux produits chimiques<\/li>\n<li>Kevlar rembourr\u00e9 - id\u00e9al dans les environnements \u00e0 haute temp\u00e9rature ou lorsqu&#039;il y a un potentiel d&#039;\u00e9tincelles<\/li>\n<li>Harnais complet \u2013 Conception de respirateur int\u00e9gr\u00e9 approuv\u00e9 par le NIOSH<\/li>\n<\/ul>\n<\/li>\n<\/ul>\n<p>&nbsp;<\/p>\n<p><a href=\"https:\/\/staging.safetysourcefire.ca\/wp-content\/uploads\/2017\/05\/Ska-Pak-Manual.pdf\">Manuel Ska-Pak<\/a><\/p>","protected":false},"excerpt":{"rendered":"<p>Le respirateur \u00e0 adduction d'air Ska-Pak Plus pr\u00e9sente un profil simplifi\u00e9 pour entrer et sortir des espaces confin\u00e9s dangereux sans encombrement. Convient aussi aux environnements toxiques IDLH.<\/p>","protected":false},"featured_media":1373,"template":"","meta":[],"product_brand":[157],"product_cat":[137,45],"product_tag":[366,342],"class_list":{"0":"post-878","1":"product","2":"type-product","3":"status-publish","4":"has-post-thumbnail","6":"product_brand-3m-scott","7":"product_cat-fire","8":"product_cat-respiratory","9":"product_tag-scott","10":"product_tag-scott-safety","12":"first","13":"instock","14":"shipping-taxable","15":"product-type-simple"},"yoast_head":"<!-- This site is optimized with the Yoast SEO plugin v27.4 - https:\/\/yoast.com\/product\/yoast-seo-wordpress\/ -->\n<title>Ska-Pak Plus Supplied Air Respirator - Safety Source Fire<\/title>\n<meta name=\"robots\" content=\"noindex, follow, max-snippet:-1, max-image-preview:large, max-video-preview:-1\" \/>\n<meta property=\"og:locale\" content=\"fr_CA\" \/>\n<meta property=\"og:type\" content=\"article\" \/>\n<meta property=\"og:title\" content=\"Ska-Pak Plus Supplied Air Respirator - Safety Source Fire\" \/>\n<meta property=\"og:description\" content=\"The Ska-Pak Plus Supplied Air Respirator features a streamlined profile for entry into or escape from hazardous confined spaces or toxic IDLH situations.\" \/>\n<meta property=\"og:url\" content=\"https:\/\/staging.safetysourcefire.ca\/fr_ca\/produit\/ska-pak-plus-supplied-air-respirator\/\" \/>\n<meta property=\"og:site_name\" content=\"Safety Source Fire\" \/>\n<meta property=\"article:publisher\" content=\"https:\/\/www.facebook.com\/mmfssca\" \/>\n<meta property=\"article:modified_time\" content=\"2018-04-11T14:55:43+00:00\" \/>\n<meta property=\"og:image\" content=\"https:\/\/staging.safetysourcefire.ca\/wp-content\/uploads\/2017\/05\/Ska-Pak-Plus.jpg\" \/>\n\t<meta property=\"og:image:width\" content=\"600\" \/>\n\t<meta property=\"og:image:height\" content=\"600\" \/>\n\t<meta property=\"og:image:type\" content=\"image\/jpeg\" \/>\n<meta name=\"twitter:card\" content=\"summary_large_image\" \/>\n<meta name=\"twitter:site\" content=\"@mmfssca\" \/>\n<meta name=\"twitter:label1\" content=\"Estimation du temps de lecture\" \/>\n\t<meta name=\"twitter:data1\" content=\"1 minute\" \/>\n<script type=\"application\/ld+json\" class=\"yoast-schema-graph\">{\"@context\":\"https:\\\/\\\/schema.org\",\"@graph\":[{\"@type\":\"WebPage\",\"@id\":\"https:\\\/\\\/staging.safetysourcefire.ca\\\/product\\\/ska-pak-plus-supplied-air-respirator\\\/\",\"url\":\"https:\\\/\\\/staging.safetysourcefire.ca\\\/product\\\/ska-pak-plus-supplied-air-respirator\\\/\",\"name\":\"Ska-Pak Plus Supplied Air Respirator - Safety Source Fire\",\"isPartOf\":{\"@id\":\"https:\\\/\\\/staging.safetysourcefire.ca\\\/#website\"},\"primaryImageOfPage\":{\"@id\":\"https:\\\/\\\/staging.safetysourcefire.ca\\\/product\\\/ska-pak-plus-supplied-air-respirator\\\/#primaryimage\"},\"image\":{\"@id\":\"https:\\\/\\\/staging.safetysourcefire.ca\\\/product\\\/ska-pak-plus-supplied-air-respirator\\\/#primaryimage\"},\"thumbnailUrl\":\"https:\\\/\\\/staging.safetysourcefire.ca\\\/wp-content\\\/uploads\\\/2017\\\/05\\\/Ska-Pak-Plus.jpg\",\"datePublished\":\"2017-05-03T13:48:12+00:00\",\"dateModified\":\"2018-04-11T14:55:43+00:00\",\"breadcrumb\":{\"@id\":\"https:\\\/\\\/staging.safetysourcefire.ca\\\/product\\\/ska-pak-plus-supplied-air-respirator\\\/#breadcrumb\"},\"inLanguage\":\"fr-CA\",\"potentialAction\":[{\"@type\":\"ReadAction\",\"target\":[\"https:\\\/\\\/staging.safetysourcefire.ca\\\/product\\\/ska-pak-plus-supplied-air-respirator\\\/\"]}]},{\"@type\":\"ImageObject\",\"inLanguage\":\"fr-CA\",\"@id\":\"https:\\\/\\\/staging.safetysourcefire.ca\\\/product\\\/ska-pak-plus-supplied-air-respirator\\\/#primaryimage\",\"url\":\"https:\\\/\\\/staging.safetysourcefire.ca\\\/wp-content\\\/uploads\\\/2017\\\/05\\\/Ska-Pak-Plus.jpg\",\"contentUrl\":\"https:\\\/\\\/staging.safetysourcefire.ca\\\/wp-content\\\/uploads\\\/2017\\\/05\\\/Ska-Pak-Plus.jpg\",\"width\":600,\"height\":600,\"caption\":\"SKA-PAK PLUS SUPPLIED AIR RESPIRATOR\"},{\"@type\":\"BreadcrumbList\",\"@id\":\"https:\\\/\\\/staging.safetysourcefire.ca\\\/product\\\/ska-pak-plus-supplied-air-respirator\\\/#breadcrumb\",\"itemListElement\":[{\"@type\":\"ListItem\",\"position\":1,\"name\":\"Home\",\"item\":\"https:\\\/\\\/staging.safetysourcefire.ca\\\/\"},{\"@type\":\"ListItem\",\"position\":2,\"name\":\"Products\",\"item\":\"https:\\\/\\\/staging.safetysourcefire.ca\\\/shop\\\/\"},{\"@type\":\"ListItem\",\"position\":3,\"name\":\"Ska-Pak Plus Supplied Air Respirator\"}]},{\"@type\":\"WebSite\",\"@id\":\"https:\\\/\\\/staging.safetysourcefire.ca\\\/#website\",\"url\":\"https:\\\/\\\/staging.safetysourcefire.ca\\\/\",\"name\":\"Safety Source Fire\",\"description\":\"\",\"publisher\":{\"@id\":\"https:\\\/\\\/staging.safetysourcefire.ca\\\/#organization\"},\"potentialAction\":[{\"@type\":\"SearchAction\",\"target\":{\"@type\":\"EntryPoint\",\"urlTemplate\":\"https:\\\/\\\/staging.safetysourcefire.ca\\\/?s={search_term_string}\"},\"query-input\":{\"@type\":\"PropertyValueSpecification\",\"valueRequired\":true,\"valueName\":\"search_term_string\"}}],\"inLanguage\":\"fr-CA\"},{\"@type\":\"Organization\",\"@id\":\"https:\\\/\\\/staging.safetysourcefire.ca\\\/#organization\",\"name\":\"Safety Source Fire\",\"url\":\"https:\\\/\\\/staging.safetysourcefire.ca\\\/\",\"logo\":{\"@type\":\"ImageObject\",\"inLanguage\":\"fr-CA\",\"@id\":\"https:\\\/\\\/staging.safetysourcefire.ca\\\/#\\\/schema\\\/logo\\\/image\\\/\",\"url\":\"https:\\\/\\\/staging.safetysourcefire.ca\\\/wp-content\\\/uploads\\\/2021\\\/01\\\/SSF_logo_CC0000-3.png\",\"contentUrl\":\"https:\\\/\\\/staging.safetysourcefire.ca\\\/wp-content\\\/uploads\\\/2021\\\/01\\\/SSF_logo_CC0000-3.png\",\"width\":1107,\"height\":365,\"caption\":\"Safety Source Fire\"},\"image\":{\"@id\":\"https:\\\/\\\/staging.safetysourcefire.ca\\\/#\\\/schema\\\/logo\\\/image\\\/\"},\"sameAs\":[\"https:\\\/\\\/www.facebook.com\\\/mmfssca\",\"https:\\\/\\\/x.com\\\/mmfssca\"]}]}<\/script>\n<!-- \/ Yoast SEO plugin. -->","yoast_head_json":{"title":"Respirateur \u00e0 adduction d&#039;air Ska-Pak Plus - Safety Source Fire","robots":{"index":"noindex","follow":"follow","max-snippet":"max-snippet:-1","max-image-preview":"max-image-preview:large","max-video-preview":"max-video-preview:-1"},"og_locale":"fr_CA","og_type":"article","og_title":"Ska-Pak Plus Supplied Air Respirator - Safety Source Fire","og_description":"The Ska-Pak Plus Supplied Air Respirator features a streamlined profile for entry into or escape from hazardous confined spaces or toxic IDLH situations.","og_url":"https:\/\/staging.safetysourcefire.ca\/fr_ca\/produit\/ska-pak-plus-supplied-air-respirator\/","og_site_name":"Safety Source Fire","article_publisher":"https:\/\/www.facebook.com\/mmfssca","article_modified_time":"2018-04-11T14:55:43+00:00","og_image":[{"width":600,"height":600,"url":"https:\/\/staging.safetysourcefire.ca\/wp-content\/uploads\/2017\/05\/Ska-Pak-Plus.jpg","type":"image\/jpeg"}],"twitter_card":"summary_large_image","twitter_site":"@mmfssca","twitter_misc":{"Estimation du temps de lecture":"1 minute"},"schema":{"@context":"https:\/\/schema.org","@graph":[{"@type":"WebPage","@id":"https:\/\/staging.safetysourcefire.ca\/product\/ska-pak-plus-supplied-air-respirator\/","url":"https:\/\/staging.safetysourcefire.ca\/product\/ska-pak-plus-supplied-air-respirator\/","name":"Respirateur \u00e0 adduction d&#039;air Ska-Pak Plus - Safety Source Fire","isPartOf":{"@id":"https:\/\/staging.safetysourcefire.ca\/#website"},"primaryImageOfPage":{"@id":"https:\/\/staging.safetysourcefire.ca\/product\/ska-pak-plus-supplied-air-respirator\/#primaryimage"},"image":{"@id":"https:\/\/staging.safetysourcefire.ca\/product\/ska-pak-plus-supplied-air-respirator\/#primaryimage"},"thumbnailUrl":"https:\/\/staging.safetysourcefire.ca\/wp-content\/uploads\/2017\/05\/Ska-Pak-Plus.jpg","datePublished":"2017-05-03T13:48:12+00:00","dateModified":"2018-04-11T14:55:43+00:00","breadcrumb":{"@id":"https:\/\/staging.safetysourcefire.ca\/product\/ska-pak-plus-supplied-air-respirator\/#breadcrumb"},"inLanguage":"fr-CA","potentialAction":[{"@type":"ReadAction","target":["https:\/\/staging.safetysourcefire.ca\/product\/ska-pak-plus-supplied-air-respirator\/"]}]},{"@type":"ImageObject","inLanguage":"fr-CA","@id":"https:\/\/staging.safetysourcefire.ca\/product\/ska-pak-plus-supplied-air-respirator\/#primaryimage","url":"https:\/\/staging.safetysourcefire.ca\/wp-content\/uploads\/2017\/05\/Ska-Pak-Plus.jpg","contentUrl":"https:\/\/staging.safetysourcefire.ca\/wp-content\/uploads\/2017\/05\/Ska-Pak-Plus.jpg","width":600,"height":600,"caption":"SKA-PAK PLUS SUPPLIED AIR RESPIRATOR"},{"@type":"BreadcrumbList","@id":"https:\/\/staging.safetysourcefire.ca\/product\/ska-pak-plus-supplied-air-respirator\/#breadcrumb","itemListElement":[{"@type":"ListItem","position":1,"name":"Home","item":"https:\/\/staging.safetysourcefire.ca\/"},{"@type":"ListItem","position":2,"name":"Products","item":"https:\/\/staging.safetysourcefire.ca\/shop\/"},{"@type":"ListItem","position":3,"name":"Ska-Pak Plus Supplied Air Respirator"}]},{"@type":"WebSite","@id":"https:\/\/staging.safetysourcefire.ca\/#website","url":"https:\/\/staging.safetysourcefire.ca\/","name":"Safety Source Fire","description":"","publisher":{"@id":"https:\/\/staging.safetysourcefire.ca\/#organization"},"potentialAction":[{"@type":"SearchAction","target":{"@type":"EntryPoint","urlTemplate":"https:\/\/staging.safetysourcefire.ca\/?s={search_term_string}"},"query-input":{"@type":"PropertyValueSpecification","valueRequired":true,"valueName":"search_term_string"}}],"inLanguage":"fr-CA"},{"@type":"Organization","@id":"https:\/\/staging.safetysourcefire.ca\/#organization","name":"Safety Source Fire","url":"https:\/\/staging.safetysourcefire.ca\/","logo":{"@type":"ImageObject","inLanguage":"fr-CA","@id":"https:\/\/staging.safetysourcefire.ca\/#\/schema\/logo\/image\/","url":"https:\/\/staging.safetysourcefire.ca\/wp-content\/uploads\/2021\/01\/SSF_logo_CC0000-3.png","contentUrl":"https:\/\/staging.safetysourcefire.ca\/wp-content\/uploads\/2021\/01\/SSF_logo_CC0000-3.png","width":1107,"height":365,"caption":"Safety Source Fire"},"image":{"@id":"https:\/\/staging.safetysourcefire.ca\/#\/schema\/logo\/image\/"},"sameAs":["https:\/\/www.facebook.com\/mmfssca","https:\/\/x.com\/mmfssca"]}]}},"_links":{"self":[{"href":"https:\/\/staging.safetysourcefire.ca\/fr_ca\/wp-json\/wp\/v2\/product\/878","targetHints":{"allow":["GET"]}}],"collection":[{"href":"https:\/\/staging.safetysourcefire.ca\/fr_ca\/wp-json\/wp\/v2\/product"}],"about":[{"href":"https:\/\/staging.safetysourcefire.ca\/fr_ca\/wp-json\/wp\/v2\/types\/product"}],"wp:featuredmedia":[{"embeddable":true,"href":"https:\/\/staging.safetysourcefire.ca\/fr_ca\/wp-json\/wp\/v2\/media\/1373"}],"wp:attachment":[{"href":"https:\/\/staging.safetysourcefire.ca\/fr_ca\/wp-json\/wp\/v2\/media?parent=878"}],"wp:term":[{"taxonomy":"product_brand","embeddable":true,"href":"https:\/\/staging.safetysourcefire.ca\/fr_ca\/wp-json\/wp\/v2\/product_brand?post=878"},{"taxonomy":"product_cat","embeddable":true,"href":"https:\/\/staging.safetysourcefire.ca\/fr_ca\/wp-json\/wp\/v2\/product_cat?post=878"},{"taxonomy":"product_tag","embeddable":true,"href":"https:\/\/staging.safetysourcefire.ca\/fr_ca\/wp-json\/wp\/v2\/product_tag?post=878"}],"curies":[{"name":"wp","href":"https:\/\/api.w.org\/{rel}","templated":true}]}}