{"id":732,"date":"2017-05-02T14:28:12","date_gmt":"2017-05-02T14:28:12","guid":{"rendered":"http:\/\/mmfss.ca\/?post_type=product&#038;p=732"},"modified":"2020-05-01T20:29:15","modified_gmt":"2020-05-01T20:29:15","slug":"dat4070-pneumatic-shelter","status":"publish","type":"product","link":"https:\/\/staging.safetysourcefire.ca\/fr_ca\/produit\/dat4070-pneumatic-shelter\/","title":{"rendered":"Abri pneumatique DAT4070"},"content":{"rendered":"<p>Volume d'air environ 165 pieds cube<\/p>\n<p>R\u00e9sistance aux vents d'environ 70 mph.\nCharge du toit d'environ 2 200 lbs.<\/p>\n<p>L&#039;abri comprend :<\/p>\n<ul>\n<li>4 fen\u00eatres \u2013 deux de chaque c\u00f4t\u00e9<\/li>\n<li>2 lucarnes<\/li>\n<li>4 entr\u00e9es\/sorties. CVC\/v\u00eatements 19\"\/48 cm avec fermetures \u00e0 attache - 2 sur chaque des extr\u00e9mit\u00e9s\/c\u00f4t\u00e9s oppos\u00e9s<\/li>\n<li>16 piquets en m\u00e9tal et 4 cordes d&#039;arrimage<\/li>\n<\/ul>\n<p>Environ 13' WX 23' LX 9' H \u2013 Abri seulement, 300 pi\u00b2, 280 lbs.<\/p>\n<p>&nbsp;<\/p>","protected":false},"excerpt":{"rendered":"<p>Air volume approx. 165 cu. Ft Approx. 70 mph wind resistance; approx. roof load 2,200 lbs. Shelter Includes: 4 windows \u2013 two on each side 2 skylights 4 (four) 19\u201d\/48 cm HVAC\/clothes inlet\/outlets with tie closures \u2013 2 each on opposite ends\/sides 16 metal stakes and 4 tie down ropes Approx. 13\u2019 W X 23\u2019 [&hellip;]<\/p>\n","protected":false},"featured_media":1159,"template":"","meta":[],"product_brand":[149],"product_cat":[462,47,465,466,77],"product_tag":[299,298],"class_list":{"0":"post-732","1":"product","2":"type-product","3":"status-publish","4":"has-post-thumbnail","6":"product_brand-fsi","7":"product_cat-emergency-preparedness","8":"product_cat-hazmat","9":"product_cat-hurricane","10":"product_cat-pandemic","11":"product_cat-shelters","12":"product_tag-fire-safety-international","13":"product_tag-fsi","15":"first","16":"instock","17":"shipping-taxable","18":"product-type-simple"},"yoast_head":"<!-- This site is optimized with the Yoast SEO plugin v27.4 - https:\/\/yoast.com\/product\/yoast-seo-wordpress\/ -->\n<title>DAT4070 Pneumatic Shelter - Safety Source Fire<\/title>\n<meta name=\"robots\" content=\"noindex, follow, max-snippet:-1, max-image-preview:large, max-video-preview:-1\" \/>\n<meta property=\"og:locale\" content=\"fr_CA\" \/>\n<meta property=\"og:type\" content=\"article\" \/>\n<meta property=\"og:title\" content=\"DAT4070 Pneumatic Shelter - Safety Source Fire\" \/>\n<meta property=\"og:description\" content=\"Air volume approx. 165 cu. Ft Approx. 70 mph wind resistance; approx. roof load 2,200 lbs. Shelter Includes: 4 windows \u2013 two on each side 2 skylights 4 (four) 19\u201d\/48 cm HVAC\/clothes inlet\/outlets with tie closures \u2013 2 each on opposite ends\/sides 16 metal stakes and 4 tie down ropes Approx. 13\u2019 W X 23\u2019 [&hellip;]\" \/>\n<meta property=\"og:url\" content=\"https:\/\/staging.safetysourcefire.ca\/fr_ca\/produit\/dat4070-pneumatic-shelter\/\" \/>\n<meta property=\"og:site_name\" content=\"Safety Source Fire\" \/>\n<meta property=\"article:publisher\" content=\"https:\/\/www.facebook.com\/mmfssca\" \/>\n<meta property=\"article:modified_time\" content=\"2020-05-01T20:29:15+00:00\" \/>\n<meta property=\"og:image\" content=\"https:\/\/staging.safetysourcefire.ca\/wp-content\/uploads\/2017\/05\/DAT4070_lo.jpg\" \/>\n\t<meta property=\"og:image:width\" content=\"600\" \/>\n\t<meta property=\"og:image:height\" content=\"600\" \/>\n\t<meta property=\"og:image:type\" content=\"image\/jpeg\" \/>\n<meta name=\"twitter:card\" content=\"summary_large_image\" \/>\n<meta name=\"twitter:site\" content=\"@mmfssca\" \/>\n<script type=\"application\/ld+json\" class=\"yoast-schema-graph\">{\"@context\":\"https:\\\/\\\/schema.org\",\"@graph\":[{\"@type\":\"WebPage\",\"@id\":\"https:\\\/\\\/staging.safetysourcefire.ca\\\/product\\\/dat4070-pneumatic-shelter\\\/\",\"url\":\"https:\\\/\\\/staging.safetysourcefire.ca\\\/product\\\/dat4070-pneumatic-shelter\\\/\",\"name\":\"DAT4070 Pneumatic Shelter - Safety Source Fire\",\"isPartOf\":{\"@id\":\"https:\\\/\\\/staging.safetysourcefire.ca\\\/#website\"},\"primaryImageOfPage\":{\"@id\":\"https:\\\/\\\/staging.safetysourcefire.ca\\\/product\\\/dat4070-pneumatic-shelter\\\/#primaryimage\"},\"image\":{\"@id\":\"https:\\\/\\\/staging.safetysourcefire.ca\\\/product\\\/dat4070-pneumatic-shelter\\\/#primaryimage\"},\"thumbnailUrl\":\"https:\\\/\\\/staging.safetysourcefire.ca\\\/wp-content\\\/uploads\\\/2017\\\/05\\\/DAT4070_lo.jpg\",\"datePublished\":\"2017-05-02T14:28:12+00:00\",\"dateModified\":\"2020-05-01T20:29:15+00:00\",\"breadcrumb\":{\"@id\":\"https:\\\/\\\/staging.safetysourcefire.ca\\\/product\\\/dat4070-pneumatic-shelter\\\/#breadcrumb\"},\"inLanguage\":\"fr-CA\",\"potentialAction\":[{\"@type\":\"ReadAction\",\"target\":[\"https:\\\/\\\/staging.safetysourcefire.ca\\\/product\\\/dat4070-pneumatic-shelter\\\/\"]}]},{\"@type\":\"ImageObject\",\"inLanguage\":\"fr-CA\",\"@id\":\"https:\\\/\\\/staging.safetysourcefire.ca\\\/product\\\/dat4070-pneumatic-shelter\\\/#primaryimage\",\"url\":\"https:\\\/\\\/staging.safetysourcefire.ca\\\/wp-content\\\/uploads\\\/2017\\\/05\\\/DAT4070_lo.jpg\",\"contentUrl\":\"https:\\\/\\\/staging.safetysourcefire.ca\\\/wp-content\\\/uploads\\\/2017\\\/05\\\/DAT4070_lo.jpg\",\"width\":600,\"height\":600,\"caption\":\"Pneumatic Shelter\"},{\"@type\":\"BreadcrumbList\",\"@id\":\"https:\\\/\\\/staging.safetysourcefire.ca\\\/product\\\/dat4070-pneumatic-shelter\\\/#breadcrumb\",\"itemListElement\":[{\"@type\":\"ListItem\",\"position\":1,\"name\":\"Home\",\"item\":\"https:\\\/\\\/staging.safetysourcefire.ca\\\/\"},{\"@type\":\"ListItem\",\"position\":2,\"name\":\"Products\",\"item\":\"https:\\\/\\\/staging.safetysourcefire.ca\\\/shop\\\/\"},{\"@type\":\"ListItem\",\"position\":3,\"name\":\"DAT4070 Pneumatic Shelter\"}]},{\"@type\":\"WebSite\",\"@id\":\"https:\\\/\\\/staging.safetysourcefire.ca\\\/#website\",\"url\":\"https:\\\/\\\/staging.safetysourcefire.ca\\\/\",\"name\":\"Safety Source Fire\",\"description\":\"\",\"publisher\":{\"@id\":\"https:\\\/\\\/staging.safetysourcefire.ca\\\/#organization\"},\"potentialAction\":[{\"@type\":\"SearchAction\",\"target\":{\"@type\":\"EntryPoint\",\"urlTemplate\":\"https:\\\/\\\/staging.safetysourcefire.ca\\\/?s={search_term_string}\"},\"query-input\":{\"@type\":\"PropertyValueSpecification\",\"valueRequired\":true,\"valueName\":\"search_term_string\"}}],\"inLanguage\":\"fr-CA\"},{\"@type\":\"Organization\",\"@id\":\"https:\\\/\\\/staging.safetysourcefire.ca\\\/#organization\",\"name\":\"Safety Source Fire\",\"url\":\"https:\\\/\\\/staging.safetysourcefire.ca\\\/\",\"logo\":{\"@type\":\"ImageObject\",\"inLanguage\":\"fr-CA\",\"@id\":\"https:\\\/\\\/staging.safetysourcefire.ca\\\/#\\\/schema\\\/logo\\\/image\\\/\",\"url\":\"https:\\\/\\\/staging.safetysourcefire.ca\\\/wp-content\\\/uploads\\\/2021\\\/01\\\/SSF_logo_CC0000-3.png\",\"contentUrl\":\"https:\\\/\\\/staging.safetysourcefire.ca\\\/wp-content\\\/uploads\\\/2021\\\/01\\\/SSF_logo_CC0000-3.png\",\"width\":1107,\"height\":365,\"caption\":\"Safety Source Fire\"},\"image\":{\"@id\":\"https:\\\/\\\/staging.safetysourcefire.ca\\\/#\\\/schema\\\/logo\\\/image\\\/\"},\"sameAs\":[\"https:\\\/\\\/www.facebook.com\\\/mmfssca\",\"https:\\\/\\\/x.com\\\/mmfssca\"]}]}<\/script>\n<!-- \/ Yoast SEO plugin. -->","yoast_head_json":{"title":"Abri pneumatique DAT4070 - Source de s\u00e9curit\u00e9 incendie","robots":{"index":"noindex","follow":"follow","max-snippet":"max-snippet:-1","max-image-preview":"max-image-preview:large","max-video-preview":"max-video-preview:-1"},"og_locale":"fr_CA","og_type":"article","og_title":"DAT4070 Pneumatic Shelter - Safety Source Fire","og_description":"Air volume approx. 165 cu. Ft Approx. 70 mph wind resistance; approx. roof load 2,200 lbs. Shelter Includes: 4 windows \u2013 two on each side 2 skylights 4 (four) 19\u201d\/48 cm HVAC\/clothes inlet\/outlets with tie closures \u2013 2 each on opposite ends\/sides 16 metal stakes and 4 tie down ropes Approx. 13\u2019 W X 23\u2019 [&hellip;]","og_url":"https:\/\/staging.safetysourcefire.ca\/fr_ca\/produit\/dat4070-pneumatic-shelter\/","og_site_name":"Safety Source Fire","article_publisher":"https:\/\/www.facebook.com\/mmfssca","article_modified_time":"2020-05-01T20:29:15+00:00","og_image":[{"width":600,"height":600,"url":"https:\/\/staging.safetysourcefire.ca\/wp-content\/uploads\/2017\/05\/DAT4070_lo.jpg","type":"image\/jpeg"}],"twitter_card":"summary_large_image","twitter_site":"@mmfssca","schema":{"@context":"https:\/\/schema.org","@graph":[{"@type":"WebPage","@id":"https:\/\/staging.safetysourcefire.ca\/product\/dat4070-pneumatic-shelter\/","url":"https:\/\/staging.safetysourcefire.ca\/product\/dat4070-pneumatic-shelter\/","name":"Abri pneumatique DAT4070 - Source de s\u00e9curit\u00e9 incendie","isPartOf":{"@id":"https:\/\/staging.safetysourcefire.ca\/#website"},"primaryImageOfPage":{"@id":"https:\/\/staging.safetysourcefire.ca\/product\/dat4070-pneumatic-shelter\/#primaryimage"},"image":{"@id":"https:\/\/staging.safetysourcefire.ca\/product\/dat4070-pneumatic-shelter\/#primaryimage"},"thumbnailUrl":"https:\/\/staging.safetysourcefire.ca\/wp-content\/uploads\/2017\/05\/DAT4070_lo.jpg","datePublished":"2017-05-02T14:28:12+00:00","dateModified":"2020-05-01T20:29:15+00:00","breadcrumb":{"@id":"https:\/\/staging.safetysourcefire.ca\/product\/dat4070-pneumatic-shelter\/#breadcrumb"},"inLanguage":"fr-CA","potentialAction":[{"@type":"ReadAction","target":["https:\/\/staging.safetysourcefire.ca\/product\/dat4070-pneumatic-shelter\/"]}]},{"@type":"ImageObject","inLanguage":"fr-CA","@id":"https:\/\/staging.safetysourcefire.ca\/product\/dat4070-pneumatic-shelter\/#primaryimage","url":"https:\/\/staging.safetysourcefire.ca\/wp-content\/uploads\/2017\/05\/DAT4070_lo.jpg","contentUrl":"https:\/\/staging.safetysourcefire.ca\/wp-content\/uploads\/2017\/05\/DAT4070_lo.jpg","width":600,"height":600,"caption":"Pneumatic Shelter"},{"@type":"BreadcrumbList","@id":"https:\/\/staging.safetysourcefire.ca\/product\/dat4070-pneumatic-shelter\/#breadcrumb","itemListElement":[{"@type":"ListItem","position":1,"name":"Home","item":"https:\/\/staging.safetysourcefire.ca\/"},{"@type":"ListItem","position":2,"name":"Products","item":"https:\/\/staging.safetysourcefire.ca\/shop\/"},{"@type":"ListItem","position":3,"name":"DAT4070 Pneumatic Shelter"}]},{"@type":"WebSite","@id":"https:\/\/staging.safetysourcefire.ca\/#website","url":"https:\/\/staging.safetysourcefire.ca\/","name":"Safety Source Fire","description":"","publisher":{"@id":"https:\/\/staging.safetysourcefire.ca\/#organization"},"potentialAction":[{"@type":"SearchAction","target":{"@type":"EntryPoint","urlTemplate":"https:\/\/staging.safetysourcefire.ca\/?s={search_term_string}"},"query-input":{"@type":"PropertyValueSpecification","valueRequired":true,"valueName":"search_term_string"}}],"inLanguage":"fr-CA"},{"@type":"Organization","@id":"https:\/\/staging.safetysourcefire.ca\/#organization","name":"Safety Source Fire","url":"https:\/\/staging.safetysourcefire.ca\/","logo":{"@type":"ImageObject","inLanguage":"fr-CA","@id":"https:\/\/staging.safetysourcefire.ca\/#\/schema\/logo\/image\/","url":"https:\/\/staging.safetysourcefire.ca\/wp-content\/uploads\/2021\/01\/SSF_logo_CC0000-3.png","contentUrl":"https:\/\/staging.safetysourcefire.ca\/wp-content\/uploads\/2021\/01\/SSF_logo_CC0000-3.png","width":1107,"height":365,"caption":"Safety Source Fire"},"image":{"@id":"https:\/\/staging.safetysourcefire.ca\/#\/schema\/logo\/image\/"},"sameAs":["https:\/\/www.facebook.com\/mmfssca","https:\/\/x.com\/mmfssca"]}]}},"_links":{"self":[{"href":"https:\/\/staging.safetysourcefire.ca\/fr_ca\/wp-json\/wp\/v2\/product\/732","targetHints":{"allow":["GET"]}}],"collection":[{"href":"https:\/\/staging.safetysourcefire.ca\/fr_ca\/wp-json\/wp\/v2\/product"}],"about":[{"href":"https:\/\/staging.safetysourcefire.ca\/fr_ca\/wp-json\/wp\/v2\/types\/product"}],"wp:featuredmedia":[{"embeddable":true,"href":"https:\/\/staging.safetysourcefire.ca\/fr_ca\/wp-json\/wp\/v2\/media\/1159"}],"wp:attachment":[{"href":"https:\/\/staging.safetysourcefire.ca\/fr_ca\/wp-json\/wp\/v2\/media?parent=732"}],"wp:term":[{"taxonomy":"product_brand","embeddable":true,"href":"https:\/\/staging.safetysourcefire.ca\/fr_ca\/wp-json\/wp\/v2\/product_brand?post=732"},{"taxonomy":"product_cat","embeddable":true,"href":"https:\/\/staging.safetysourcefire.ca\/fr_ca\/wp-json\/wp\/v2\/product_cat?post=732"},{"taxonomy":"product_tag","embeddable":true,"href":"https:\/\/staging.safetysourcefire.ca\/fr_ca\/wp-json\/wp\/v2\/product_tag?post=732"}],"curies":[{"name":"wp","href":"https:\/\/api.w.org\/{rel}","templated":true}]}}