{"id":6978,"date":"2019-07-26T19:44:30","date_gmt":"2019-07-26T19:44:30","guid":{"rendered":"https:\/\/mmfss.ca\/?post_type=product&#038;p=6978"},"modified":"2025-03-18T13:04:18","modified_gmt":"2025-03-18T13:04:18","slug":"maxi-flex-pvc","status":"publish","type":"product","link":"https:\/\/staging.safetysourcefire.ca\/fr_ca\/produit\/maxi-flex-pvc\/","title":{"rendered":"PVC Maxi-Flex"},"content":{"rendered":"<p>Maxi-Flex est le tuyau d'aspiration l\u00e9ger original en PVC qui ne poss\u00e8de aucun comp\u00e9titeur de taille sur le march\u00e9. Construit plus intelligemment que les autres options disponibles, son ext\u00e9rieur sp\u00e9cial en PVC ondul\u00e9 offre une flexibilit\u00e9 maximale et permet une voie d'eau lisse avec d\u00e9bit sup\u00e9rieur. Le PVC transparent flexible entre les nervures h\u00e9lico\u00efdales permet une vue compl\u00e8te de l'eau, tandis que les nervures h\u00e9lico\u00efdales noires offrent une protection maximale contre les UV. L\u00e9ger et ultra-flexible, le tuyau Maxi-Flex peut se brancher avec des raccords boulonn\u00e9s en aluminium extrud\u00e9 et amovibles. La t\u00e2che est tellement facile qu'elle peut se faire par une seule personne! Con\u00e7u pour l'aspiration uniquement - sp\u00e9cialement con\u00e7u pour un vide complet. Peut s'utiliser sur toute source d'eau rurale ou municipale non pressuris\u00e9e.<\/p>\n<ul class=\"ProductUL\">\n<li><b>Haute performance:<\/b>\u00a0L'ext\u00e9rieur en PVC ondul\u00e9 offre durabilit\u00e9 et portabilit\u00e9.<\/li>\n<li><b>Souple.<\/b>\u00a0Facile \u00e0 transporter et plus flexible que les tuyaux d&#039;aspiration durs traditionnels pour un raccordement rapide par une seule personne.<\/li>\n<li><b>Innovant:<\/b>\u00a0Le PVC flexible transparent offre une vision compl\u00e8te du d\u00e9bit d'eau\u00a0; les nervures h\u00e9lico\u00efdales noires offrent une protection UV qui permet de limiter l'exposition \u00e0 la lumi\u00e8re directe du soleil pendant de longues p\u00e9riodes de travail.<\/li>\n<li><b>S\u00fbr.<\/b>\u00a0Colliers monobloc en aluminium extrud\u00e9 r\u00e9parables et r\u00e9-attachables facilement\u00a0sur le terrain; pas de pi\u00e8ces en plastique. Poign\u00e9es pliantes disponibles.<\/li>\n<li><b>Efficace.<\/b>\u00a0Con\u00e7u pour l'aspiration uniquement. Convient aux applications d'aspiration dure, \u00e0 partir des sources d'eau rurales.<\/li>\n<li><b>Versatile.<\/b>\u00a0Raccords \u00e0 bague d'expansion 1\u00bd\", 2\u00bd\" et 3\u2033 disponibles. 4\u2033, 4\u00bd\u2033 5\u2033 et 6\u2033 coupl\u00e9s avec boulons r\u00e9tractables.<\/li>\n<li><b>Homologu\u00e9.<\/b>\u00a0Assembl\u00e9 conform\u00e9ment \u00e0 la norme NFPA 1961, derni\u00e8re \u00e9dition, dans le cadre de notre syst\u00e8me d&#039;assurance qualit\u00e9 certifi\u00e9 ISO-9001.<\/li>\n<li><b>Garantie cinq ans.<\/b><\/li>\n<\/ul>\n<p><a href=\"https:\/\/staging.safetysourcefire.ca\/wp-content\/uploads\/2019\/07\/Maxi-Flex-data-sheet.pdf\">T\u00e9l\u00e9charger la fiche technique<\/a><\/p>","protected":false},"excerpt":{"rendered":"<p>Tuyau d'aspiration rigide en PVC l\u00e9ger et flexible<\/p>","protected":false},"featured_media":6947,"template":"","meta":[],"product_brand":[190],"product_cat":[44,65],"product_tag":[500],"class_list":{"0":"post-6978","1":"product","2":"type-product","3":"status-publish","4":"has-post-thumbnail","6":"product_brand-snap-tite-hose","7":"product_cat-fire-suppression","8":"product_cat-hose","9":"product_tag-snap-tite","11":"first","12":"instock","13":"shipping-taxable","14":"product-type-simple"},"yoast_head":"<!-- This site is optimized with the Yoast SEO plugin v27.4 - https:\/\/yoast.com\/product\/yoast-seo-wordpress\/ -->\n<title>Maxi-Flex PVC - Safety Source Fire<\/title>\n<meta name=\"robots\" content=\"noindex, follow, max-snippet:-1, max-image-preview:large, max-video-preview:-1\" \/>\n<meta property=\"og:locale\" content=\"fr_CA\" \/>\n<meta property=\"og:type\" content=\"article\" \/>\n<meta property=\"og:title\" content=\"Maxi-Flex PVC - Safety Source Fire\" \/>\n<meta property=\"og:description\" content=\"Light, flexible PVC hard suction hose for drafting\" \/>\n<meta property=\"og:url\" content=\"https:\/\/staging.safetysourcefire.ca\/fr_ca\/produit\/maxi-flex-pvc\/\" \/>\n<meta property=\"og:site_name\" content=\"Safety Source Fire\" \/>\n<meta property=\"article:publisher\" content=\"https:\/\/www.facebook.com\/mmfssca\" \/>\n<meta property=\"article:modified_time\" content=\"2025-03-18T13:04:18+00:00\" \/>\n<meta property=\"og:image\" content=\"https:\/\/staging.safetysourcefire.ca\/wp-content\/uploads\/2019\/07\/Maxi-Flex-PVC-Hose.jpg\" \/>\n\t<meta property=\"og:image:width\" content=\"600\" \/>\n\t<meta property=\"og:image:height\" content=\"600\" \/>\n\t<meta property=\"og:image:type\" content=\"image\/jpeg\" \/>\n<meta name=\"twitter:card\" content=\"summary_large_image\" \/>\n<meta name=\"twitter:site\" content=\"@mmfssca\" \/>\n<meta name=\"twitter:label1\" content=\"Estimation du temps de lecture\" \/>\n\t<meta name=\"twitter:data1\" content=\"1 minute\" \/>\n<script type=\"application\/ld+json\" class=\"yoast-schema-graph\">{\"@context\":\"https:\\\/\\\/schema.org\",\"@graph\":[{\"@type\":\"WebPage\",\"@id\":\"https:\\\/\\\/staging.safetysourcefire.ca\\\/product\\\/maxi-flex-pvc\\\/\",\"url\":\"https:\\\/\\\/staging.safetysourcefire.ca\\\/product\\\/maxi-flex-pvc\\\/\",\"name\":\"Maxi-Flex PVC - Safety Source Fire\",\"isPartOf\":{\"@id\":\"https:\\\/\\\/staging.safetysourcefire.ca\\\/#website\"},\"primaryImageOfPage\":{\"@id\":\"https:\\\/\\\/staging.safetysourcefire.ca\\\/product\\\/maxi-flex-pvc\\\/#primaryimage\"},\"image\":{\"@id\":\"https:\\\/\\\/staging.safetysourcefire.ca\\\/product\\\/maxi-flex-pvc\\\/#primaryimage\"},\"thumbnailUrl\":\"https:\\\/\\\/staging.safetysourcefire.ca\\\/wp-content\\\/uploads\\\/2019\\\/07\\\/Maxi-Flex-PVC-Hose.jpg\",\"datePublished\":\"2019-07-26T19:44:30+00:00\",\"dateModified\":\"2025-03-18T13:04:18+00:00\",\"breadcrumb\":{\"@id\":\"https:\\\/\\\/staging.safetysourcefire.ca\\\/product\\\/maxi-flex-pvc\\\/#breadcrumb\"},\"inLanguage\":\"fr-CA\",\"potentialAction\":[{\"@type\":\"ReadAction\",\"target\":[\"https:\\\/\\\/staging.safetysourcefire.ca\\\/product\\\/maxi-flex-pvc\\\/\"]}]},{\"@type\":\"ImageObject\",\"inLanguage\":\"fr-CA\",\"@id\":\"https:\\\/\\\/staging.safetysourcefire.ca\\\/product\\\/maxi-flex-pvc\\\/#primaryimage\",\"url\":\"https:\\\/\\\/staging.safetysourcefire.ca\\\/wp-content\\\/uploads\\\/2019\\\/07\\\/Maxi-Flex-PVC-Hose.jpg\",\"contentUrl\":\"https:\\\/\\\/staging.safetysourcefire.ca\\\/wp-content\\\/uploads\\\/2019\\\/07\\\/Maxi-Flex-PVC-Hose.jpg\",\"width\":600,\"height\":600,\"caption\":\"black PVC hose\"},{\"@type\":\"BreadcrumbList\",\"@id\":\"https:\\\/\\\/staging.safetysourcefire.ca\\\/product\\\/maxi-flex-pvc\\\/#breadcrumb\",\"itemListElement\":[{\"@type\":\"ListItem\",\"position\":1,\"name\":\"Home\",\"item\":\"https:\\\/\\\/staging.safetysourcefire.ca\\\/\"},{\"@type\":\"ListItem\",\"position\":2,\"name\":\"Products\",\"item\":\"https:\\\/\\\/staging.safetysourcefire.ca\\\/shop\\\/\"},{\"@type\":\"ListItem\",\"position\":3,\"name\":\"Maxi-Flex PVC\"}]},{\"@type\":\"WebSite\",\"@id\":\"https:\\\/\\\/staging.safetysourcefire.ca\\\/#website\",\"url\":\"https:\\\/\\\/staging.safetysourcefire.ca\\\/\",\"name\":\"Safety Source Fire\",\"description\":\"\",\"publisher\":{\"@id\":\"https:\\\/\\\/staging.safetysourcefire.ca\\\/#organization\"},\"potentialAction\":[{\"@type\":\"SearchAction\",\"target\":{\"@type\":\"EntryPoint\",\"urlTemplate\":\"https:\\\/\\\/staging.safetysourcefire.ca\\\/?s={search_term_string}\"},\"query-input\":{\"@type\":\"PropertyValueSpecification\",\"valueRequired\":true,\"valueName\":\"search_term_string\"}}],\"inLanguage\":\"fr-CA\"},{\"@type\":\"Organization\",\"@id\":\"https:\\\/\\\/staging.safetysourcefire.ca\\\/#organization\",\"name\":\"Safety Source Fire\",\"url\":\"https:\\\/\\\/staging.safetysourcefire.ca\\\/\",\"logo\":{\"@type\":\"ImageObject\",\"inLanguage\":\"fr-CA\",\"@id\":\"https:\\\/\\\/staging.safetysourcefire.ca\\\/#\\\/schema\\\/logo\\\/image\\\/\",\"url\":\"https:\\\/\\\/staging.safetysourcefire.ca\\\/wp-content\\\/uploads\\\/2021\\\/01\\\/SSF_logo_CC0000-3.png\",\"contentUrl\":\"https:\\\/\\\/staging.safetysourcefire.ca\\\/wp-content\\\/uploads\\\/2021\\\/01\\\/SSF_logo_CC0000-3.png\",\"width\":1107,\"height\":365,\"caption\":\"Safety Source Fire\"},\"image\":{\"@id\":\"https:\\\/\\\/staging.safetysourcefire.ca\\\/#\\\/schema\\\/logo\\\/image\\\/\"},\"sameAs\":[\"https:\\\/\\\/www.facebook.com\\\/mmfssca\",\"https:\\\/\\\/x.com\\\/mmfssca\"]}]}<\/script>\n<!-- \/ Yoast SEO plugin. -->","yoast_head_json":{"title":"Maxi-Flex PVC - Safety Source Fire","robots":{"index":"noindex","follow":"follow","max-snippet":"max-snippet:-1","max-image-preview":"max-image-preview:large","max-video-preview":"max-video-preview:-1"},"og_locale":"fr_CA","og_type":"article","og_title":"Maxi-Flex PVC - Safety Source Fire","og_description":"Light, flexible PVC hard suction hose for drafting","og_url":"https:\/\/staging.safetysourcefire.ca\/fr_ca\/produit\/maxi-flex-pvc\/","og_site_name":"Safety Source Fire","article_publisher":"https:\/\/www.facebook.com\/mmfssca","article_modified_time":"2025-03-18T13:04:18+00:00","og_image":[{"width":600,"height":600,"url":"https:\/\/staging.safetysourcefire.ca\/wp-content\/uploads\/2019\/07\/Maxi-Flex-PVC-Hose.jpg","type":"image\/jpeg"}],"twitter_card":"summary_large_image","twitter_site":"@mmfssca","twitter_misc":{"Estimation du temps de lecture":"1 minute"},"schema":{"@context":"https:\/\/schema.org","@graph":[{"@type":"WebPage","@id":"https:\/\/staging.safetysourcefire.ca\/product\/maxi-flex-pvc\/","url":"https:\/\/staging.safetysourcefire.ca\/product\/maxi-flex-pvc\/","name":"Maxi-Flex PVC - Safety Source Fire","isPartOf":{"@id":"https:\/\/staging.safetysourcefire.ca\/#website"},"primaryImageOfPage":{"@id":"https:\/\/staging.safetysourcefire.ca\/product\/maxi-flex-pvc\/#primaryimage"},"image":{"@id":"https:\/\/staging.safetysourcefire.ca\/product\/maxi-flex-pvc\/#primaryimage"},"thumbnailUrl":"https:\/\/staging.safetysourcefire.ca\/wp-content\/uploads\/2019\/07\/Maxi-Flex-PVC-Hose.jpg","datePublished":"2019-07-26T19:44:30+00:00","dateModified":"2025-03-18T13:04:18+00:00","breadcrumb":{"@id":"https:\/\/staging.safetysourcefire.ca\/product\/maxi-flex-pvc\/#breadcrumb"},"inLanguage":"fr-CA","potentialAction":[{"@type":"ReadAction","target":["https:\/\/staging.safetysourcefire.ca\/product\/maxi-flex-pvc\/"]}]},{"@type":"ImageObject","inLanguage":"fr-CA","@id":"https:\/\/staging.safetysourcefire.ca\/product\/maxi-flex-pvc\/#primaryimage","url":"https:\/\/staging.safetysourcefire.ca\/wp-content\/uploads\/2019\/07\/Maxi-Flex-PVC-Hose.jpg","contentUrl":"https:\/\/staging.safetysourcefire.ca\/wp-content\/uploads\/2019\/07\/Maxi-Flex-PVC-Hose.jpg","width":600,"height":600,"caption":"black PVC hose"},{"@type":"BreadcrumbList","@id":"https:\/\/staging.safetysourcefire.ca\/product\/maxi-flex-pvc\/#breadcrumb","itemListElement":[{"@type":"ListItem","position":1,"name":"Home","item":"https:\/\/staging.safetysourcefire.ca\/"},{"@type":"ListItem","position":2,"name":"Products","item":"https:\/\/staging.safetysourcefire.ca\/shop\/"},{"@type":"ListItem","position":3,"name":"Maxi-Flex PVC"}]},{"@type":"WebSite","@id":"https:\/\/staging.safetysourcefire.ca\/#website","url":"https:\/\/staging.safetysourcefire.ca\/","name":"Safety Source Fire","description":"","publisher":{"@id":"https:\/\/staging.safetysourcefire.ca\/#organization"},"potentialAction":[{"@type":"SearchAction","target":{"@type":"EntryPoint","urlTemplate":"https:\/\/staging.safetysourcefire.ca\/?s={search_term_string}"},"query-input":{"@type":"PropertyValueSpecification","valueRequired":true,"valueName":"search_term_string"}}],"inLanguage":"fr-CA"},{"@type":"Organization","@id":"https:\/\/staging.safetysourcefire.ca\/#organization","name":"Safety Source Fire","url":"https:\/\/staging.safetysourcefire.ca\/","logo":{"@type":"ImageObject","inLanguage":"fr-CA","@id":"https:\/\/staging.safetysourcefire.ca\/#\/schema\/logo\/image\/","url":"https:\/\/staging.safetysourcefire.ca\/wp-content\/uploads\/2021\/01\/SSF_logo_CC0000-3.png","contentUrl":"https:\/\/staging.safetysourcefire.ca\/wp-content\/uploads\/2021\/01\/SSF_logo_CC0000-3.png","width":1107,"height":365,"caption":"Safety Source Fire"},"image":{"@id":"https:\/\/staging.safetysourcefire.ca\/#\/schema\/logo\/image\/"},"sameAs":["https:\/\/www.facebook.com\/mmfssca","https:\/\/x.com\/mmfssca"]}]}},"_links":{"self":[{"href":"https:\/\/staging.safetysourcefire.ca\/fr_ca\/wp-json\/wp\/v2\/product\/6978","targetHints":{"allow":["GET"]}}],"collection":[{"href":"https:\/\/staging.safetysourcefire.ca\/fr_ca\/wp-json\/wp\/v2\/product"}],"about":[{"href":"https:\/\/staging.safetysourcefire.ca\/fr_ca\/wp-json\/wp\/v2\/types\/product"}],"wp:featuredmedia":[{"embeddable":true,"href":"https:\/\/staging.safetysourcefire.ca\/fr_ca\/wp-json\/wp\/v2\/media\/6947"}],"wp:attachment":[{"href":"https:\/\/staging.safetysourcefire.ca\/fr_ca\/wp-json\/wp\/v2\/media?parent=6978"}],"wp:term":[{"taxonomy":"product_brand","embeddable":true,"href":"https:\/\/staging.safetysourcefire.ca\/fr_ca\/wp-json\/wp\/v2\/product_brand?post=6978"},{"taxonomy":"product_cat","embeddable":true,"href":"https:\/\/staging.safetysourcefire.ca\/fr_ca\/wp-json\/wp\/v2\/product_cat?post=6978"},{"taxonomy":"product_tag","embeddable":true,"href":"https:\/\/staging.safetysourcefire.ca\/fr_ca\/wp-json\/wp\/v2\/product_tag?post=6978"}],"curies":[{"name":"wp","href":"https:\/\/api.w.org\/{rel}","templated":true}]}}