{"id":6925,"date":"2019-07-23T19:25:04","date_gmt":"2019-07-23T19:25:04","guid":{"rendered":"https:\/\/mmfss.ca\/?post_type=product&#038;p=6925"},"modified":"2020-05-01T17:51:45","modified_gmt":"2020-05-01T17:51:45","slug":"microchem-by-alphatec-6000-model-802-ga1","status":"publish","type":"product","link":"https:\/\/staging.safetysourcefire.ca\/fr_ca\/produit\/microchem-by-alphatec-6000-model-802-ga1\/","title":{"rendered":"Microchem\u00ae by AlphaTec\u00ae 6000 - Mod\u00e8le 802-GA1"},"content":{"rendered":"<p>CARACT\u00c9RISTIQUES ET AVANTAGES :<\/p>\n<ul>\n<li>Excellente protection chimique, test\u00e9e contre de nombreux produits chimiques dont la batterie ASTM F1001<\/li>\n<li>Technologie de tissu innovante, stratifi\u00e9 barri\u00e8re haute performance avec renfort de canevas<\/li>\n<li>Fait de mat\u00e9riel l\u00e9ger et flexible mais incroyablement r\u00e9sistant<\/li>\n<li>Couleur orange vif tr\u00e8s visible pour une meilleure s\u00e9curit\u00e9 des travailleurs<\/li>\n<li>Coutures soud\u00e9es par ultrasons et scell\u00e9es \u00e0 l&#039;air chaud<\/li>\n<li>Fermeture \u00e0 glissi\u00e8re DYNAT\/YKK Gas-Tight offrant protection et performance dans les environnements chimiques les plus hostiles<\/li>\n<li>Fermeture \u00e9clair a rabat ext\u00e9rieur fait du m\u00eame mat\u00e9riel que la combinaison<\/li>\n<li>Visi\u00e8re semi-rigide GAG \u00e0 3 couches offre une excellente clart\u00e9 optique<\/li>\n<\/ul>","protected":false},"excerpt":{"rendered":"<p>Technologie de barri\u00e8re chimique multicouche pour protection \u00e9tanche aux gaz de type 1 \/ niveau A<\/p>","protected":false},"featured_media":6926,"template":"","meta":[],"product_brand":[422],"product_cat":[462,123,466,50],"product_tag":[423],"class_list":{"0":"post-6925","1":"product","2":"type-product","3":"status-publish","4":"has-post-thumbnail","6":"product_brand-ansell","7":"product_cat-emergency-preparedness","8":"product_cat-hazmat-ppe","9":"product_cat-pandemic","10":"product_cat-personal-protective-equipment","11":"product_tag-ansell","13":"first","14":"instock","15":"shipping-taxable","16":"product-type-simple"},"yoast_head":"<!-- This site is optimized with the Yoast SEO plugin v27.4 - https:\/\/yoast.com\/product\/yoast-seo-wordpress\/ -->\n<title>Microchem\u00ae by AlphaTec\u00ae 6000 - Model 802-GA1 - Safety Source Fire<\/title>\n<meta name=\"robots\" content=\"noindex, follow, max-snippet:-1, max-image-preview:large, max-video-preview:-1\" \/>\n<meta property=\"og:locale\" content=\"fr_CA\" \/>\n<meta property=\"og:type\" content=\"article\" \/>\n<meta property=\"og:title\" content=\"Microchem\u00ae by AlphaTec\u00ae 6000 - Model 802-GA1 - Safety Source Fire\" \/>\n<meta property=\"og:description\" content=\"Multi-layer chemical barrier technology for Type 1 \/ Level A Gas-tight protection\" \/>\n<meta property=\"og:url\" content=\"https:\/\/staging.safetysourcefire.ca\/fr_ca\/produit\/microchem-by-alphatec-6000-model-802-ga1\/\" \/>\n<meta property=\"og:site_name\" content=\"Safety Source Fire\" \/>\n<meta property=\"article:publisher\" content=\"https:\/\/www.facebook.com\/mmfssca\" \/>\n<meta property=\"article:modified_time\" content=\"2020-05-01T17:51:45+00:00\" \/>\n<meta property=\"og:image\" content=\"https:\/\/staging.safetysourcefire.ca\/wp-content\/uploads\/2019\/07\/MICROCHEM_ALPHATEC_600x600.jpg\" \/>\n\t<meta property=\"og:image:width\" content=\"600\" \/>\n\t<meta property=\"og:image:height\" content=\"600\" \/>\n\t<meta property=\"og:image:type\" content=\"image\/jpeg\" \/>\n<meta name=\"twitter:card\" content=\"summary_large_image\" \/>\n<meta name=\"twitter:site\" content=\"@mmfssca\" \/>\n<script type=\"application\/ld+json\" class=\"yoast-schema-graph\">{\"@context\":\"https:\\\/\\\/schema.org\",\"@graph\":[{\"@type\":\"WebPage\",\"@id\":\"https:\\\/\\\/staging.safetysourcefire.ca\\\/product\\\/microchem-by-alphatec-6000-model-802-ga1\\\/\",\"url\":\"https:\\\/\\\/staging.safetysourcefire.ca\\\/product\\\/microchem-by-alphatec-6000-model-802-ga1\\\/\",\"name\":\"Microchem\u00ae by AlphaTec\u00ae 6000 - Model 802-GA1 - Safety Source Fire\",\"isPartOf\":{\"@id\":\"https:\\\/\\\/staging.safetysourcefire.ca\\\/#website\"},\"primaryImageOfPage\":{\"@id\":\"https:\\\/\\\/staging.safetysourcefire.ca\\\/product\\\/microchem-by-alphatec-6000-model-802-ga1\\\/#primaryimage\"},\"image\":{\"@id\":\"https:\\\/\\\/staging.safetysourcefire.ca\\\/product\\\/microchem-by-alphatec-6000-model-802-ga1\\\/#primaryimage\"},\"thumbnailUrl\":\"https:\\\/\\\/staging.safetysourcefire.ca\\\/wp-content\\\/uploads\\\/2019\\\/07\\\/MICROCHEM_ALPHATEC_600x600.jpg\",\"datePublished\":\"2019-07-23T19:25:04+00:00\",\"dateModified\":\"2020-05-01T17:51:45+00:00\",\"breadcrumb\":{\"@id\":\"https:\\\/\\\/staging.safetysourcefire.ca\\\/product\\\/microchem-by-alphatec-6000-model-802-ga1\\\/#breadcrumb\"},\"inLanguage\":\"fr-CA\",\"potentialAction\":[{\"@type\":\"ReadAction\",\"target\":[\"https:\\\/\\\/staging.safetysourcefire.ca\\\/product\\\/microchem-by-alphatec-6000-model-802-ga1\\\/\"]}]},{\"@type\":\"ImageObject\",\"inLanguage\":\"fr-CA\",\"@id\":\"https:\\\/\\\/staging.safetysourcefire.ca\\\/product\\\/microchem-by-alphatec-6000-model-802-ga1\\\/#primaryimage\",\"url\":\"https:\\\/\\\/staging.safetysourcefire.ca\\\/wp-content\\\/uploads\\\/2019\\\/07\\\/MICROCHEM_ALPHATEC_600x600.jpg\",\"contentUrl\":\"https:\\\/\\\/staging.safetysourcefire.ca\\\/wp-content\\\/uploads\\\/2019\\\/07\\\/MICROCHEM_ALPHATEC_600x600.jpg\",\"width\":600,\"height\":600,\"caption\":\"orange hazmat suit\"},{\"@type\":\"BreadcrumbList\",\"@id\":\"https:\\\/\\\/staging.safetysourcefire.ca\\\/product\\\/microchem-by-alphatec-6000-model-802-ga1\\\/#breadcrumb\",\"itemListElement\":[{\"@type\":\"ListItem\",\"position\":1,\"name\":\"Home\",\"item\":\"https:\\\/\\\/staging.safetysourcefire.ca\\\/\"},{\"@type\":\"ListItem\",\"position\":2,\"name\":\"Products\",\"item\":\"https:\\\/\\\/staging.safetysourcefire.ca\\\/shop\\\/\"},{\"@type\":\"ListItem\",\"position\":3,\"name\":\"Microchem\u00ae by AlphaTec\u00ae 6000 &#8211; Model 802-GA1\"}]},{\"@type\":\"WebSite\",\"@id\":\"https:\\\/\\\/staging.safetysourcefire.ca\\\/#website\",\"url\":\"https:\\\/\\\/staging.safetysourcefire.ca\\\/\",\"name\":\"Safety Source Fire\",\"description\":\"\",\"publisher\":{\"@id\":\"https:\\\/\\\/staging.safetysourcefire.ca\\\/#organization\"},\"potentialAction\":[{\"@type\":\"SearchAction\",\"target\":{\"@type\":\"EntryPoint\",\"urlTemplate\":\"https:\\\/\\\/staging.safetysourcefire.ca\\\/?s={search_term_string}\"},\"query-input\":{\"@type\":\"PropertyValueSpecification\",\"valueRequired\":true,\"valueName\":\"search_term_string\"}}],\"inLanguage\":\"fr-CA\"},{\"@type\":\"Organization\",\"@id\":\"https:\\\/\\\/staging.safetysourcefire.ca\\\/#organization\",\"name\":\"Safety Source Fire\",\"url\":\"https:\\\/\\\/staging.safetysourcefire.ca\\\/\",\"logo\":{\"@type\":\"ImageObject\",\"inLanguage\":\"fr-CA\",\"@id\":\"https:\\\/\\\/staging.safetysourcefire.ca\\\/#\\\/schema\\\/logo\\\/image\\\/\",\"url\":\"https:\\\/\\\/staging.safetysourcefire.ca\\\/wp-content\\\/uploads\\\/2021\\\/01\\\/SSF_logo_CC0000-3.png\",\"contentUrl\":\"https:\\\/\\\/staging.safetysourcefire.ca\\\/wp-content\\\/uploads\\\/2021\\\/01\\\/SSF_logo_CC0000-3.png\",\"width\":1107,\"height\":365,\"caption\":\"Safety Source Fire\"},\"image\":{\"@id\":\"https:\\\/\\\/staging.safetysourcefire.ca\\\/#\\\/schema\\\/logo\\\/image\\\/\"},\"sameAs\":[\"https:\\\/\\\/www.facebook.com\\\/mmfssca\",\"https:\\\/\\\/x.com\\\/mmfssca\"]}]}<\/script>\n<!-- \/ Yoast SEO plugin. -->","yoast_head_json":{"title":"Microchem\u00ae par AlphaTec\u00ae 6000 - Mod\u00e8le 802-GA1 - Source de s\u00e9curit\u00e9 incendie","robots":{"index":"noindex","follow":"follow","max-snippet":"max-snippet:-1","max-image-preview":"max-image-preview:large","max-video-preview":"max-video-preview:-1"},"og_locale":"fr_CA","og_type":"article","og_title":"Microchem\u00ae by AlphaTec\u00ae 6000 - Model 802-GA1 - Safety Source Fire","og_description":"Multi-layer chemical barrier technology for Type 1 \/ Level A Gas-tight protection","og_url":"https:\/\/staging.safetysourcefire.ca\/fr_ca\/produit\/microchem-by-alphatec-6000-model-802-ga1\/","og_site_name":"Safety Source Fire","article_publisher":"https:\/\/www.facebook.com\/mmfssca","article_modified_time":"2020-05-01T17:51:45+00:00","og_image":[{"width":600,"height":600,"url":"https:\/\/staging.safetysourcefire.ca\/wp-content\/uploads\/2019\/07\/MICROCHEM_ALPHATEC_600x600.jpg","type":"image\/jpeg"}],"twitter_card":"summary_large_image","twitter_site":"@mmfssca","schema":{"@context":"https:\/\/schema.org","@graph":[{"@type":"WebPage","@id":"https:\/\/staging.safetysourcefire.ca\/product\/microchem-by-alphatec-6000-model-802-ga1\/","url":"https:\/\/staging.safetysourcefire.ca\/product\/microchem-by-alphatec-6000-model-802-ga1\/","name":"Microchem\u00ae par AlphaTec\u00ae 6000 - Mod\u00e8le 802-GA1 - Source de s\u00e9curit\u00e9 incendie","isPartOf":{"@id":"https:\/\/staging.safetysourcefire.ca\/#website"},"primaryImageOfPage":{"@id":"https:\/\/staging.safetysourcefire.ca\/product\/microchem-by-alphatec-6000-model-802-ga1\/#primaryimage"},"image":{"@id":"https:\/\/staging.safetysourcefire.ca\/product\/microchem-by-alphatec-6000-model-802-ga1\/#primaryimage"},"thumbnailUrl":"https:\/\/staging.safetysourcefire.ca\/wp-content\/uploads\/2019\/07\/MICROCHEM_ALPHATEC_600x600.jpg","datePublished":"2019-07-23T19:25:04+00:00","dateModified":"2020-05-01T17:51:45+00:00","breadcrumb":{"@id":"https:\/\/staging.safetysourcefire.ca\/product\/microchem-by-alphatec-6000-model-802-ga1\/#breadcrumb"},"inLanguage":"fr-CA","potentialAction":[{"@type":"ReadAction","target":["https:\/\/staging.safetysourcefire.ca\/product\/microchem-by-alphatec-6000-model-802-ga1\/"]}]},{"@type":"ImageObject","inLanguage":"fr-CA","@id":"https:\/\/staging.safetysourcefire.ca\/product\/microchem-by-alphatec-6000-model-802-ga1\/#primaryimage","url":"https:\/\/staging.safetysourcefire.ca\/wp-content\/uploads\/2019\/07\/MICROCHEM_ALPHATEC_600x600.jpg","contentUrl":"https:\/\/staging.safetysourcefire.ca\/wp-content\/uploads\/2019\/07\/MICROCHEM_ALPHATEC_600x600.jpg","width":600,"height":600,"caption":"orange hazmat suit"},{"@type":"BreadcrumbList","@id":"https:\/\/staging.safetysourcefire.ca\/product\/microchem-by-alphatec-6000-model-802-ga1\/#breadcrumb","itemListElement":[{"@type":"ListItem","position":1,"name":"Home","item":"https:\/\/staging.safetysourcefire.ca\/"},{"@type":"ListItem","position":2,"name":"Products","item":"https:\/\/staging.safetysourcefire.ca\/shop\/"},{"@type":"ListItem","position":3,"name":"Microchem\u00ae by AlphaTec\u00ae 6000 &#8211; Model 802-GA1"}]},{"@type":"WebSite","@id":"https:\/\/staging.safetysourcefire.ca\/#website","url":"https:\/\/staging.safetysourcefire.ca\/","name":"Safety Source Fire","description":"","publisher":{"@id":"https:\/\/staging.safetysourcefire.ca\/#organization"},"potentialAction":[{"@type":"SearchAction","target":{"@type":"EntryPoint","urlTemplate":"https:\/\/staging.safetysourcefire.ca\/?s={search_term_string}"},"query-input":{"@type":"PropertyValueSpecification","valueRequired":true,"valueName":"search_term_string"}}],"inLanguage":"fr-CA"},{"@type":"Organization","@id":"https:\/\/staging.safetysourcefire.ca\/#organization","name":"Safety Source Fire","url":"https:\/\/staging.safetysourcefire.ca\/","logo":{"@type":"ImageObject","inLanguage":"fr-CA","@id":"https:\/\/staging.safetysourcefire.ca\/#\/schema\/logo\/image\/","url":"https:\/\/staging.safetysourcefire.ca\/wp-content\/uploads\/2021\/01\/SSF_logo_CC0000-3.png","contentUrl":"https:\/\/staging.safetysourcefire.ca\/wp-content\/uploads\/2021\/01\/SSF_logo_CC0000-3.png","width":1107,"height":365,"caption":"Safety Source Fire"},"image":{"@id":"https:\/\/staging.safetysourcefire.ca\/#\/schema\/logo\/image\/"},"sameAs":["https:\/\/www.facebook.com\/mmfssca","https:\/\/x.com\/mmfssca"]}]}},"_links":{"self":[{"href":"https:\/\/staging.safetysourcefire.ca\/fr_ca\/wp-json\/wp\/v2\/product\/6925","targetHints":{"allow":["GET"]}}],"collection":[{"href":"https:\/\/staging.safetysourcefire.ca\/fr_ca\/wp-json\/wp\/v2\/product"}],"about":[{"href":"https:\/\/staging.safetysourcefire.ca\/fr_ca\/wp-json\/wp\/v2\/types\/product"}],"wp:featuredmedia":[{"embeddable":true,"href":"https:\/\/staging.safetysourcefire.ca\/fr_ca\/wp-json\/wp\/v2\/media\/6926"}],"wp:attachment":[{"href":"https:\/\/staging.safetysourcefire.ca\/fr_ca\/wp-json\/wp\/v2\/media?parent=6925"}],"wp:term":[{"taxonomy":"product_brand","embeddable":true,"href":"https:\/\/staging.safetysourcefire.ca\/fr_ca\/wp-json\/wp\/v2\/product_brand?post=6925"},{"taxonomy":"product_cat","embeddable":true,"href":"https:\/\/staging.safetysourcefire.ca\/fr_ca\/wp-json\/wp\/v2\/product_cat?post=6925"},{"taxonomy":"product_tag","embeddable":true,"href":"https:\/\/staging.safetysourcefire.ca\/fr_ca\/wp-json\/wp\/v2\/product_tag?post=6925"}],"curies":[{"name":"wp","href":"https:\/\/api.w.org\/{rel}","templated":true}]}}