{"id":677,"date":"2017-04-30T20:59:00","date_gmt":"2017-04-30T20:59:00","guid":{"rendered":"http:\/\/mmfss.ca\/?post_type=product&#038;p=677"},"modified":"2018-05-22T14:18:34","modified_gmt":"2018-05-22T14:18:34","slug":"polytac-helmet-lighting-kit-lithium-power-polymer-flashlight-and-mounting-straps","status":"publish","type":"product","link":"https:\/\/staging.safetysourcefire.ca\/fr_ca\/produit\/polytac-helmet-lighting-kit-lithium-power-polymer-flashlight-and-mounting-straps\/","title":{"rendered":"Trousse d'\u00e9clairage pour casque Polytac\u00ae"},"content":{"rendered":"<p><strong>Trousse d'\u00e9clairage pour casque Polytac\u00ae, lampe de poche polym\u00e8re au lithium et sangles de montage<\/strong><\/p>\n<p>Une alternative discr\u00e8te, l\u00e9g\u00e8re et \u00e9conomique pour monter une lampe de poche sur un casque d'incendie en toute s\u00e9curit\u00e9.<\/p>\n<ul>\n<li><strong>La trousse comprend:<\/strong>\n<ul>\n<li>PolyTac avec batteries au lithium<\/li>\n<li>Support de casque ''Streamlight''<\/li>\n<li>Sangle de casque en caoutchouc<\/li>\n<\/ul>\n<\/li>\n<li><strong>Support de casque ''Streamlight''<\/strong>\u00a0peut \u00eatre utilis\u00e9 avec le PolyTac. Le support en aluminium durable et l\u00e9ger se fixe facilement (et sans outils!) au bord des casques de pompier.<\/li>\n<li><strong>Sangle de casque en caoutchouc\u00a0<\/strong>peut \u00eatre utilis\u00e9 avec le PolyTac. Il s'agit d'une m\u00e9thode rapide, facile et sans outils pour attacher votre PolyTac \u00e0 presque tous les casques du march\u00e9. Fabriqu\u00e9 en caoutchouc haute r\u00e9sistance. Convient \u00e9galement aux casques durs.<\/li>\n<li><strong>Sp\u00e9cifications PolyTac:<\/strong>\n<ul>\n<li>C4<sup>\u00ae<\/sup>\u00a0La technologie LED dans le r\u00e9flecteur parabolique produit un faisceau concentr\u00e9 \u00e0 \u00e9clairage p\u00e9riph\u00e9rique optimal<\/li>\n<li>TEN-TAP<sup>\u00ae<\/sup>\u00a0Choix de trois modes de fonctionnement:<br \/>\n1.) haut \/ clignotant \/ bas (par d\u00e9faut); 2.) haut seulement; 3.) bas \/ haut:<\/p>\n<ul>\n<li>Mode ''\u00c9lev\u00e9'' pour une lumi\u00e8re vive: 275 lumens; 9 500 candelas; Distance de faisceau de 195m; fonctionne 3 heures<\/li>\n<li>Mode ''Faible'' lorsque moins de lumi\u00e8re est n\u00e9cessaire et pour des dur\u00e9es de fonctionnement plus longues: 14 lumens; 500 candela; fonctionne 65 heures<\/li>\n<li>Stroboscope\/clignotant pour orientation ou signalisation: fonctionne 5,5 heures<\/li>\n<\/ul>\n<\/li>\n<li>La r\u00e9gulation de la puissance \u00e0 semi-conducteurs fournit un rendement lumineux maximal pendant toute la dur\u00e9e de vie de la batterie<\/li>\n<li>Polym\u00e8re de nylon ultra solide et r\u00e9sistant aux chocs pour une durabilit\u00e9 exceptionnelle et une texture d'adh\u00e9rence sup\u00e9rieure. Offre une sensation confortable, mais antid\u00e9rapante.<\/li>\n<li>IPX7 \u00e9tanche \u00e0 1 m\u00e8tre pendant 30 minutes<\/li>\n<li>Aliment\u00e9 par deux piles au lithium 3V CR123A (incluses)<\/li>\n<li>5,34 pouces (13,56 cm); 4,2 oz (121 grammes) avec piles<\/li>\n<\/ul>\n<\/li>\n<\/ul>","protected":false},"excerpt":{"rendered":"<p>Trousse d'\u00e9clairage universel qui convient autant aux casques de pompiers traditionnel que moderne.<\/p>","protected":false},"featured_media":1205,"template":"","meta":[],"product_brand":[144],"product_cat":[48,81],"product_tag":[394,351,350],"class_list":{"0":"post-677","1":"product","2":"type-product","3":"status-publish","4":"has-post-thumbnail","6":"product_brand-streamlight","7":"product_cat-lighting","8":"product_cat-personal-lighting","9":"product_tag-light","10":"product_tag-stream-light","11":"product_tag-streamlight","13":"first","14":"instock","15":"shipping-taxable","16":"product-type-simple"},"yoast_head":"<!-- This site is optimized with the Yoast SEO plugin v27.4 - https:\/\/yoast.com\/product\/yoast-seo-wordpress\/ -->\n<title>Polytac\u00ae Helmet Lighting Kit - Safety Source Fire<\/title>\n<meta name=\"robots\" content=\"noindex, follow, max-snippet:-1, max-image-preview:large, max-video-preview:-1\" \/>\n<meta property=\"og:locale\" content=\"fr_CA\" \/>\n<meta property=\"og:type\" content=\"article\" \/>\n<meta property=\"og:title\" content=\"Polytac\u00ae Helmet Lighting Kit - Safety Source Fire\" \/>\n<meta property=\"og:description\" content=\"Universal lighting kit fits both traditional and modern style firefighting helmets.\" \/>\n<meta property=\"og:url\" content=\"https:\/\/staging.safetysourcefire.ca\/fr_ca\/produit\/polytac-helmet-lighting-kit-lithium-power-polymer-flashlight-and-mounting-straps\/\" \/>\n<meta property=\"og:site_name\" content=\"Safety Source Fire\" \/>\n<meta property=\"article:publisher\" content=\"https:\/\/www.facebook.com\/mmfssca\" \/>\n<meta property=\"article:modified_time\" content=\"2018-05-22T14:18:34+00:00\" \/>\n<meta property=\"og:image\" content=\"https:\/\/staging.safetysourcefire.ca\/wp-content\/uploads\/2017\/05\/Polytac-Helmet-Kit.jpg\" \/>\n\t<meta property=\"og:image:width\" content=\"600\" \/>\n\t<meta property=\"og:image:height\" content=\"600\" \/>\n\t<meta property=\"og:image:type\" content=\"image\/jpeg\" \/>\n<meta name=\"twitter:card\" content=\"summary_large_image\" \/>\n<meta name=\"twitter:site\" content=\"@mmfssca\" \/>\n<meta name=\"twitter:label1\" content=\"Estimation du temps de lecture\" \/>\n\t<meta name=\"twitter:data1\" content=\"1 minute\" \/>\n<script type=\"application\/ld+json\" class=\"yoast-schema-graph\">{\"@context\":\"https:\\\/\\\/schema.org\",\"@graph\":[{\"@type\":\"WebPage\",\"@id\":\"https:\\\/\\\/staging.safetysourcefire.ca\\\/product\\\/polytac-helmet-lighting-kit-lithium-power-polymer-flashlight-and-mounting-straps\\\/\",\"url\":\"https:\\\/\\\/staging.safetysourcefire.ca\\\/product\\\/polytac-helmet-lighting-kit-lithium-power-polymer-flashlight-and-mounting-straps\\\/\",\"name\":\"Polytac\u00ae Helmet Lighting Kit - Safety Source Fire\",\"isPartOf\":{\"@id\":\"https:\\\/\\\/staging.safetysourcefire.ca\\\/#website\"},\"primaryImageOfPage\":{\"@id\":\"https:\\\/\\\/staging.safetysourcefire.ca\\\/product\\\/polytac-helmet-lighting-kit-lithium-power-polymer-flashlight-and-mounting-straps\\\/#primaryimage\"},\"image\":{\"@id\":\"https:\\\/\\\/staging.safetysourcefire.ca\\\/product\\\/polytac-helmet-lighting-kit-lithium-power-polymer-flashlight-and-mounting-straps\\\/#primaryimage\"},\"thumbnailUrl\":\"https:\\\/\\\/staging.safetysourcefire.ca\\\/wp-content\\\/uploads\\\/2017\\\/05\\\/Polytac-Helmet-Kit.jpg\",\"datePublished\":\"2017-04-30T20:59:00+00:00\",\"dateModified\":\"2018-05-22T14:18:34+00:00\",\"breadcrumb\":{\"@id\":\"https:\\\/\\\/staging.safetysourcefire.ca\\\/product\\\/polytac-helmet-lighting-kit-lithium-power-polymer-flashlight-and-mounting-straps\\\/#breadcrumb\"},\"inLanguage\":\"fr-CA\",\"potentialAction\":[{\"@type\":\"ReadAction\",\"target\":[\"https:\\\/\\\/staging.safetysourcefire.ca\\\/product\\\/polytac-helmet-lighting-kit-lithium-power-polymer-flashlight-and-mounting-straps\\\/\"]}]},{\"@type\":\"ImageObject\",\"inLanguage\":\"fr-CA\",\"@id\":\"https:\\\/\\\/staging.safetysourcefire.ca\\\/product\\\/polytac-helmet-lighting-kit-lithium-power-polymer-flashlight-and-mounting-straps\\\/#primaryimage\",\"url\":\"https:\\\/\\\/staging.safetysourcefire.ca\\\/wp-content\\\/uploads\\\/2017\\\/05\\\/Polytac-Helmet-Kit.jpg\",\"contentUrl\":\"https:\\\/\\\/staging.safetysourcefire.ca\\\/wp-content\\\/uploads\\\/2017\\\/05\\\/Polytac-Helmet-Kit.jpg\",\"width\":600,\"height\":600,\"caption\":\"Polytac\u00ae Helmet Lighting Kit\"},{\"@type\":\"BreadcrumbList\",\"@id\":\"https:\\\/\\\/staging.safetysourcefire.ca\\\/product\\\/polytac-helmet-lighting-kit-lithium-power-polymer-flashlight-and-mounting-straps\\\/#breadcrumb\",\"itemListElement\":[{\"@type\":\"ListItem\",\"position\":1,\"name\":\"Home\",\"item\":\"https:\\\/\\\/staging.safetysourcefire.ca\\\/\"},{\"@type\":\"ListItem\",\"position\":2,\"name\":\"Products\",\"item\":\"https:\\\/\\\/staging.safetysourcefire.ca\\\/shop\\\/\"},{\"@type\":\"ListItem\",\"position\":3,\"name\":\"Polytac\u00ae Helmet Lighting Kit\"}]},{\"@type\":\"WebSite\",\"@id\":\"https:\\\/\\\/staging.safetysourcefire.ca\\\/#website\",\"url\":\"https:\\\/\\\/staging.safetysourcefire.ca\\\/\",\"name\":\"Safety Source Fire\",\"description\":\"\",\"publisher\":{\"@id\":\"https:\\\/\\\/staging.safetysourcefire.ca\\\/#organization\"},\"potentialAction\":[{\"@type\":\"SearchAction\",\"target\":{\"@type\":\"EntryPoint\",\"urlTemplate\":\"https:\\\/\\\/staging.safetysourcefire.ca\\\/?s={search_term_string}\"},\"query-input\":{\"@type\":\"PropertyValueSpecification\",\"valueRequired\":true,\"valueName\":\"search_term_string\"}}],\"inLanguage\":\"fr-CA\"},{\"@type\":\"Organization\",\"@id\":\"https:\\\/\\\/staging.safetysourcefire.ca\\\/#organization\",\"name\":\"Safety Source Fire\",\"url\":\"https:\\\/\\\/staging.safetysourcefire.ca\\\/\",\"logo\":{\"@type\":\"ImageObject\",\"inLanguage\":\"fr-CA\",\"@id\":\"https:\\\/\\\/staging.safetysourcefire.ca\\\/#\\\/schema\\\/logo\\\/image\\\/\",\"url\":\"https:\\\/\\\/staging.safetysourcefire.ca\\\/wp-content\\\/uploads\\\/2021\\\/01\\\/SSF_logo_CC0000-3.png\",\"contentUrl\":\"https:\\\/\\\/staging.safetysourcefire.ca\\\/wp-content\\\/uploads\\\/2021\\\/01\\\/SSF_logo_CC0000-3.png\",\"width\":1107,\"height\":365,\"caption\":\"Safety Source Fire\"},\"image\":{\"@id\":\"https:\\\/\\\/staging.safetysourcefire.ca\\\/#\\\/schema\\\/logo\\\/image\\\/\"},\"sameAs\":[\"https:\\\/\\\/www.facebook.com\\\/mmfssca\",\"https:\\\/\\\/x.com\\\/mmfssca\"]}]}<\/script>\n<!-- \/ Yoast SEO plugin. -->","yoast_head_json":{"title":"Polytac\u00ae Helmet Lighting Kit - Safety Source Fire","robots":{"index":"noindex","follow":"follow","max-snippet":"max-snippet:-1","max-image-preview":"max-image-preview:large","max-video-preview":"max-video-preview:-1"},"og_locale":"fr_CA","og_type":"article","og_title":"Polytac\u00ae Helmet Lighting Kit - Safety Source Fire","og_description":"Universal lighting kit fits both traditional and modern style firefighting helmets.","og_url":"https:\/\/staging.safetysourcefire.ca\/fr_ca\/produit\/polytac-helmet-lighting-kit-lithium-power-polymer-flashlight-and-mounting-straps\/","og_site_name":"Safety Source Fire","article_publisher":"https:\/\/www.facebook.com\/mmfssca","article_modified_time":"2018-05-22T14:18:34+00:00","og_image":[{"width":600,"height":600,"url":"https:\/\/staging.safetysourcefire.ca\/wp-content\/uploads\/2017\/05\/Polytac-Helmet-Kit.jpg","type":"image\/jpeg"}],"twitter_card":"summary_large_image","twitter_site":"@mmfssca","twitter_misc":{"Estimation du temps de lecture":"1 minute"},"schema":{"@context":"https:\/\/schema.org","@graph":[{"@type":"WebPage","@id":"https:\/\/staging.safetysourcefire.ca\/product\/polytac-helmet-lighting-kit-lithium-power-polymer-flashlight-and-mounting-straps\/","url":"https:\/\/staging.safetysourcefire.ca\/product\/polytac-helmet-lighting-kit-lithium-power-polymer-flashlight-and-mounting-straps\/","name":"Polytac\u00ae Helmet Lighting Kit - Safety Source Fire","isPartOf":{"@id":"https:\/\/staging.safetysourcefire.ca\/#website"},"primaryImageOfPage":{"@id":"https:\/\/staging.safetysourcefire.ca\/product\/polytac-helmet-lighting-kit-lithium-power-polymer-flashlight-and-mounting-straps\/#primaryimage"},"image":{"@id":"https:\/\/staging.safetysourcefire.ca\/product\/polytac-helmet-lighting-kit-lithium-power-polymer-flashlight-and-mounting-straps\/#primaryimage"},"thumbnailUrl":"https:\/\/staging.safetysourcefire.ca\/wp-content\/uploads\/2017\/05\/Polytac-Helmet-Kit.jpg","datePublished":"2017-04-30T20:59:00+00:00","dateModified":"2018-05-22T14:18:34+00:00","breadcrumb":{"@id":"https:\/\/staging.safetysourcefire.ca\/product\/polytac-helmet-lighting-kit-lithium-power-polymer-flashlight-and-mounting-straps\/#breadcrumb"},"inLanguage":"fr-CA","potentialAction":[{"@type":"ReadAction","target":["https:\/\/staging.safetysourcefire.ca\/product\/polytac-helmet-lighting-kit-lithium-power-polymer-flashlight-and-mounting-straps\/"]}]},{"@type":"ImageObject","inLanguage":"fr-CA","@id":"https:\/\/staging.safetysourcefire.ca\/product\/polytac-helmet-lighting-kit-lithium-power-polymer-flashlight-and-mounting-straps\/#primaryimage","url":"https:\/\/staging.safetysourcefire.ca\/wp-content\/uploads\/2017\/05\/Polytac-Helmet-Kit.jpg","contentUrl":"https:\/\/staging.safetysourcefire.ca\/wp-content\/uploads\/2017\/05\/Polytac-Helmet-Kit.jpg","width":600,"height":600,"caption":"Polytac\u00ae Helmet Lighting Kit"},{"@type":"BreadcrumbList","@id":"https:\/\/staging.safetysourcefire.ca\/product\/polytac-helmet-lighting-kit-lithium-power-polymer-flashlight-and-mounting-straps\/#breadcrumb","itemListElement":[{"@type":"ListItem","position":1,"name":"Home","item":"https:\/\/staging.safetysourcefire.ca\/"},{"@type":"ListItem","position":2,"name":"Products","item":"https:\/\/staging.safetysourcefire.ca\/shop\/"},{"@type":"ListItem","position":3,"name":"Polytac\u00ae Helmet Lighting Kit"}]},{"@type":"WebSite","@id":"https:\/\/staging.safetysourcefire.ca\/#website","url":"https:\/\/staging.safetysourcefire.ca\/","name":"Safety Source Fire","description":"","publisher":{"@id":"https:\/\/staging.safetysourcefire.ca\/#organization"},"potentialAction":[{"@type":"SearchAction","target":{"@type":"EntryPoint","urlTemplate":"https:\/\/staging.safetysourcefire.ca\/?s={search_term_string}"},"query-input":{"@type":"PropertyValueSpecification","valueRequired":true,"valueName":"search_term_string"}}],"inLanguage":"fr-CA"},{"@type":"Organization","@id":"https:\/\/staging.safetysourcefire.ca\/#organization","name":"Safety Source Fire","url":"https:\/\/staging.safetysourcefire.ca\/","logo":{"@type":"ImageObject","inLanguage":"fr-CA","@id":"https:\/\/staging.safetysourcefire.ca\/#\/schema\/logo\/image\/","url":"https:\/\/staging.safetysourcefire.ca\/wp-content\/uploads\/2021\/01\/SSF_logo_CC0000-3.png","contentUrl":"https:\/\/staging.safetysourcefire.ca\/wp-content\/uploads\/2021\/01\/SSF_logo_CC0000-3.png","width":1107,"height":365,"caption":"Safety Source Fire"},"image":{"@id":"https:\/\/staging.safetysourcefire.ca\/#\/schema\/logo\/image\/"},"sameAs":["https:\/\/www.facebook.com\/mmfssca","https:\/\/x.com\/mmfssca"]}]}},"_links":{"self":[{"href":"https:\/\/staging.safetysourcefire.ca\/fr_ca\/wp-json\/wp\/v2\/product\/677","targetHints":{"allow":["GET"]}}],"collection":[{"href":"https:\/\/staging.safetysourcefire.ca\/fr_ca\/wp-json\/wp\/v2\/product"}],"about":[{"href":"https:\/\/staging.safetysourcefire.ca\/fr_ca\/wp-json\/wp\/v2\/types\/product"}],"wp:featuredmedia":[{"embeddable":true,"href":"https:\/\/staging.safetysourcefire.ca\/fr_ca\/wp-json\/wp\/v2\/media\/1205"}],"wp:attachment":[{"href":"https:\/\/staging.safetysourcefire.ca\/fr_ca\/wp-json\/wp\/v2\/media?parent=677"}],"wp:term":[{"taxonomy":"product_brand","embeddable":true,"href":"https:\/\/staging.safetysourcefire.ca\/fr_ca\/wp-json\/wp\/v2\/product_brand?post=677"},{"taxonomy":"product_cat","embeddable":true,"href":"https:\/\/staging.safetysourcefire.ca\/fr_ca\/wp-json\/wp\/v2\/product_cat?post=677"},{"taxonomy":"product_tag","embeddable":true,"href":"https:\/\/staging.safetysourcefire.ca\/fr_ca\/wp-json\/wp\/v2\/product_tag?post=677"}],"curies":[{"name":"wp","href":"https:\/\/api.w.org\/{rel}","templated":true}]}}