{"id":671,"date":"2018-07-30T16:00:12","date_gmt":"2018-07-30T16:00:12","guid":{"rendered":"http:\/\/mmfss.ca\/?post_type=product&#038;p=671"},"modified":"2021-04-09T16:12:30","modified_gmt":"2021-04-09T16:12:30","slug":"knucklehead-articulating-head-rechargeable-led-work-light","status":"publish","type":"product","link":"https:\/\/staging.safetysourcefire.ca\/fr_ca\/produit\/knucklehead-articulating-head-rechargeable-led-work-light\/","title":{"rendered":"Lampe de travail Knucklehead\u00ae -avec DEL,  t\u00eate articul\u00e9e et rechargeable"},"content":{"rendered":"<ul>\n<li>Cette lampe comprends deux r\u00e9flecteurs paraboliques dans un grand r\u00e9flecteur textur\u00e9, optimisant ainsi la lumi\u00e8re sur la cible en conjonction avec un motif lumineux globalement lisse<\/li>\n<li>Antichoc double C4<sup>\u00ae<\/sup>\u00a0. Technologie LED haut de gamme fournissant 200 lumens<\/li>\n<li>Comprend une t\u00eate articul\u00e9e \u00e0 210 degr\u00e9s qui peut pivoter \u00e0 360 degr\u00e9s<\/li>\n<li>4 modes:<br \/>\n<strong>Haut -<\/strong>\u00a0Intensit\u00e9 de faisceau de 1150 candelas, 200 lumens, dur\u00e9e de fonctionnement de 3,5 heures<br \/>\n<strong>Faible -<\/strong>\u00a0Intensit\u00e9 maximale de faisceau de 350 candelas, 63 lumens, autonomie de 16 heures<br \/>\n<strong>Clair de lune -<\/strong>\u00a020 jours de fonctionnement<br \/>\n<strong>Clignotant -<\/strong>\u00a0Autonomie de 8 heures<\/li>\n<li>Double source d'alimentation: compatible avec une batterie NiCd rechargeable ou 4 piles alcalines \u00abAA\u00bb<\/li>\n<li>Le bouton-poussoir (d\u00f4me en caoutchouc) est facile \u00e0 utiliser, m\u00eame avec des gants \u00e9pais<\/li>\n<li>Aimant amovible avec une force de traction de 135 lb avec gaine en caoutchouc rempla\u00e7able<\/li>\n<li>Intensit\u00e9 r\u00e9gul\u00e9e \u00e9lectroniquement<\/li>\n<li>Construction en polym\u00e8re de nylon ultra-r\u00e9sistante aux chocs pour une durabilit\u00e9 exceptionnelle<\/li>\n<li>R\u00e9sistance aux chocs de 2 m\u00e8tres (test\u00e9e)<\/li>\n<li>Class\u00e9 IPX4 pour la r\u00e9sistance \u00e0 l&#039;eau<\/li>\n<li>S\u00e9rialis\u00e9 pour identification formelle<\/li>\n<li>9,2 pouces (23,4 cm); NiCd 23,1 oz (655 grammes); Alcaline 18,3 oz (519 grammes)<\/li>\n<li>Disponible en noir ou jaune<\/li>\n<li>Garantie \u00e0 vie (limit\u00e9e)<\/li>\n<li>Assembl\u00e9 aux \u00c9tats-Unis<\/li>\n<\/ul>\n<p>&nbsp;<\/p>","protected":false},"excerpt":{"rendered":"<p>Con\u00e7ue pour amener la lumi\u00e8re l\u00e0 o\u00f9 vous en avez besoin. La lampe Knucklehead\u00ae vous donne l'\u00e9clairage le plus polyvalent que vous n'ayez jamais poss\u00e9d\u00e9.<\/p>","protected":false},"featured_media":1202,"template":"","meta":[],"product_brand":[144],"product_cat":[48,81],"product_tag":[394,351,350],"class_list":{"0":"post-671","1":"product","2":"type-product","3":"status-publish","4":"has-post-thumbnail","6":"product_brand-streamlight","7":"product_cat-lighting","8":"product_cat-personal-lighting","9":"product_tag-light","10":"product_tag-stream-light","11":"product_tag-streamlight","13":"first","14":"instock","15":"shipping-taxable","16":"product-type-simple"},"yoast_head":"<!-- This site is optimized with the Yoast SEO plugin v27.4 - https:\/\/yoast.com\/product\/yoast-seo-wordpress\/ -->\n<title>Knucklehead\u00ae Articulating Head Rechargeable LED Work Light - Safety Source Fire<\/title>\n<meta name=\"robots\" content=\"noindex, follow, max-snippet:-1, max-image-preview:large, max-video-preview:-1\" \/>\n<meta property=\"og:locale\" content=\"fr_CA\" \/>\n<meta property=\"og:type\" content=\"article\" \/>\n<meta property=\"og:title\" content=\"Knucklehead\u00ae Articulating Head Rechargeable LED Work Light - Safety Source Fire\" \/>\n<meta property=\"og:description\" content=\"Designed to put light where you need it, the Knucklehead is the most versatile light you\u2019ll ever own.\" \/>\n<meta property=\"og:url\" content=\"https:\/\/staging.safetysourcefire.ca\/fr_ca\/produit\/knucklehead-articulating-head-rechargeable-led-work-light\/\" \/>\n<meta property=\"og:site_name\" content=\"Safety Source Fire\" \/>\n<meta property=\"article:publisher\" content=\"https:\/\/www.facebook.com\/mmfssca\" \/>\n<meta property=\"article:modified_time\" content=\"2021-04-09T16:12:30+00:00\" \/>\n<meta property=\"og:image\" content=\"https:\/\/staging.safetysourcefire.ca\/wp-content\/uploads\/2017\/05\/Knucklehead.jpg\" \/>\n\t<meta property=\"og:image:width\" content=\"600\" \/>\n\t<meta property=\"og:image:height\" content=\"600\" \/>\n\t<meta property=\"og:image:type\" content=\"image\/jpeg\" \/>\n<meta name=\"twitter:card\" content=\"summary_large_image\" \/>\n<meta name=\"twitter:site\" content=\"@mmfssca\" \/>\n<meta name=\"twitter:label1\" content=\"Estimation du temps de lecture\" \/>\n\t<meta name=\"twitter:data1\" content=\"1 minute\" \/>\n<script type=\"application\/ld+json\" class=\"yoast-schema-graph\">{\"@context\":\"https:\\\/\\\/schema.org\",\"@graph\":[{\"@type\":\"WebPage\",\"@id\":\"https:\\\/\\\/staging.safetysourcefire.ca\\\/product\\\/knucklehead-articulating-head-rechargeable-led-work-light\\\/\",\"url\":\"https:\\\/\\\/staging.safetysourcefire.ca\\\/product\\\/knucklehead-articulating-head-rechargeable-led-work-light\\\/\",\"name\":\"Knucklehead\u00ae Articulating Head Rechargeable LED Work Light - Safety Source Fire\",\"isPartOf\":{\"@id\":\"https:\\\/\\\/staging.safetysourcefire.ca\\\/#website\"},\"primaryImageOfPage\":{\"@id\":\"https:\\\/\\\/staging.safetysourcefire.ca\\\/product\\\/knucklehead-articulating-head-rechargeable-led-work-light\\\/#primaryimage\"},\"image\":{\"@id\":\"https:\\\/\\\/staging.safetysourcefire.ca\\\/product\\\/knucklehead-articulating-head-rechargeable-led-work-light\\\/#primaryimage\"},\"thumbnailUrl\":\"https:\\\/\\\/staging.safetysourcefire.ca\\\/wp-content\\\/uploads\\\/2017\\\/05\\\/Knucklehead.jpg\",\"datePublished\":\"2018-07-30T16:00:12+00:00\",\"dateModified\":\"2021-04-09T16:12:30+00:00\",\"breadcrumb\":{\"@id\":\"https:\\\/\\\/staging.safetysourcefire.ca\\\/product\\\/knucklehead-articulating-head-rechargeable-led-work-light\\\/#breadcrumb\"},\"inLanguage\":\"fr-CA\",\"potentialAction\":[{\"@type\":\"ReadAction\",\"target\":[\"https:\\\/\\\/staging.safetysourcefire.ca\\\/product\\\/knucklehead-articulating-head-rechargeable-led-work-light\\\/\"]}]},{\"@type\":\"ImageObject\",\"inLanguage\":\"fr-CA\",\"@id\":\"https:\\\/\\\/staging.safetysourcefire.ca\\\/product\\\/knucklehead-articulating-head-rechargeable-led-work-light\\\/#primaryimage\",\"url\":\"https:\\\/\\\/staging.safetysourcefire.ca\\\/wp-content\\\/uploads\\\/2017\\\/05\\\/Knucklehead.jpg\",\"contentUrl\":\"https:\\\/\\\/staging.safetysourcefire.ca\\\/wp-content\\\/uploads\\\/2017\\\/05\\\/Knucklehead.jpg\",\"width\":600,\"height\":600,\"caption\":\"Knucklehead\u00ae Articulating Head Rechargeable LED Work Light\"},{\"@type\":\"BreadcrumbList\",\"@id\":\"https:\\\/\\\/staging.safetysourcefire.ca\\\/product\\\/knucklehead-articulating-head-rechargeable-led-work-light\\\/#breadcrumb\",\"itemListElement\":[{\"@type\":\"ListItem\",\"position\":1,\"name\":\"Home\",\"item\":\"https:\\\/\\\/staging.safetysourcefire.ca\\\/\"},{\"@type\":\"ListItem\",\"position\":2,\"name\":\"Products\",\"item\":\"https:\\\/\\\/staging.safetysourcefire.ca\\\/shop\\\/\"},{\"@type\":\"ListItem\",\"position\":3,\"name\":\"Knucklehead\u00ae Articulating Head Rechargeable LED Work Light\"}]},{\"@type\":\"WebSite\",\"@id\":\"https:\\\/\\\/staging.safetysourcefire.ca\\\/#website\",\"url\":\"https:\\\/\\\/staging.safetysourcefire.ca\\\/\",\"name\":\"Safety Source Fire\",\"description\":\"\",\"publisher\":{\"@id\":\"https:\\\/\\\/staging.safetysourcefire.ca\\\/#organization\"},\"potentialAction\":[{\"@type\":\"SearchAction\",\"target\":{\"@type\":\"EntryPoint\",\"urlTemplate\":\"https:\\\/\\\/staging.safetysourcefire.ca\\\/?s={search_term_string}\"},\"query-input\":{\"@type\":\"PropertyValueSpecification\",\"valueRequired\":true,\"valueName\":\"search_term_string\"}}],\"inLanguage\":\"fr-CA\"},{\"@type\":\"Organization\",\"@id\":\"https:\\\/\\\/staging.safetysourcefire.ca\\\/#organization\",\"name\":\"Safety Source Fire\",\"url\":\"https:\\\/\\\/staging.safetysourcefire.ca\\\/\",\"logo\":{\"@type\":\"ImageObject\",\"inLanguage\":\"fr-CA\",\"@id\":\"https:\\\/\\\/staging.safetysourcefire.ca\\\/#\\\/schema\\\/logo\\\/image\\\/\",\"url\":\"https:\\\/\\\/staging.safetysourcefire.ca\\\/wp-content\\\/uploads\\\/2021\\\/01\\\/SSF_logo_CC0000-3.png\",\"contentUrl\":\"https:\\\/\\\/staging.safetysourcefire.ca\\\/wp-content\\\/uploads\\\/2021\\\/01\\\/SSF_logo_CC0000-3.png\",\"width\":1107,\"height\":365,\"caption\":\"Safety Source Fire\"},\"image\":{\"@id\":\"https:\\\/\\\/staging.safetysourcefire.ca\\\/#\\\/schema\\\/logo\\\/image\\\/\"},\"sameAs\":[\"https:\\\/\\\/www.facebook.com\\\/mmfssca\",\"https:\\\/\\\/x.com\\\/mmfssca\"]}]}<\/script>\n<!-- \/ Yoast SEO plugin. -->","yoast_head_json":{"title":"Lampe de travail LED rechargeable \u00e0 t\u00eate articul\u00e9e Knucklehead\u00ae - Safety Source Fire","robots":{"index":"noindex","follow":"follow","max-snippet":"max-snippet:-1","max-image-preview":"max-image-preview:large","max-video-preview":"max-video-preview:-1"},"og_locale":"fr_CA","og_type":"article","og_title":"Knucklehead\u00ae Articulating Head Rechargeable LED Work Light - Safety Source Fire","og_description":"Designed to put light where you need it, the Knucklehead is the most versatile light you\u2019ll ever own.","og_url":"https:\/\/staging.safetysourcefire.ca\/fr_ca\/produit\/knucklehead-articulating-head-rechargeable-led-work-light\/","og_site_name":"Safety Source Fire","article_publisher":"https:\/\/www.facebook.com\/mmfssca","article_modified_time":"2021-04-09T16:12:30+00:00","og_image":[{"width":600,"height":600,"url":"https:\/\/staging.safetysourcefire.ca\/wp-content\/uploads\/2017\/05\/Knucklehead.jpg","type":"image\/jpeg"}],"twitter_card":"summary_large_image","twitter_site":"@mmfssca","twitter_misc":{"Estimation du temps de lecture":"1 minute"},"schema":{"@context":"https:\/\/schema.org","@graph":[{"@type":"WebPage","@id":"https:\/\/staging.safetysourcefire.ca\/product\/knucklehead-articulating-head-rechargeable-led-work-light\/","url":"https:\/\/staging.safetysourcefire.ca\/product\/knucklehead-articulating-head-rechargeable-led-work-light\/","name":"Lampe de travail LED rechargeable \u00e0 t\u00eate articul\u00e9e Knucklehead\u00ae - Safety Source Fire","isPartOf":{"@id":"https:\/\/staging.safetysourcefire.ca\/#website"},"primaryImageOfPage":{"@id":"https:\/\/staging.safetysourcefire.ca\/product\/knucklehead-articulating-head-rechargeable-led-work-light\/#primaryimage"},"image":{"@id":"https:\/\/staging.safetysourcefire.ca\/product\/knucklehead-articulating-head-rechargeable-led-work-light\/#primaryimage"},"thumbnailUrl":"https:\/\/staging.safetysourcefire.ca\/wp-content\/uploads\/2017\/05\/Knucklehead.jpg","datePublished":"2018-07-30T16:00:12+00:00","dateModified":"2021-04-09T16:12:30+00:00","breadcrumb":{"@id":"https:\/\/staging.safetysourcefire.ca\/product\/knucklehead-articulating-head-rechargeable-led-work-light\/#breadcrumb"},"inLanguage":"fr-CA","potentialAction":[{"@type":"ReadAction","target":["https:\/\/staging.safetysourcefire.ca\/product\/knucklehead-articulating-head-rechargeable-led-work-light\/"]}]},{"@type":"ImageObject","inLanguage":"fr-CA","@id":"https:\/\/staging.safetysourcefire.ca\/product\/knucklehead-articulating-head-rechargeable-led-work-light\/#primaryimage","url":"https:\/\/staging.safetysourcefire.ca\/wp-content\/uploads\/2017\/05\/Knucklehead.jpg","contentUrl":"https:\/\/staging.safetysourcefire.ca\/wp-content\/uploads\/2017\/05\/Knucklehead.jpg","width":600,"height":600,"caption":"Knucklehead\u00ae Articulating Head Rechargeable LED Work Light"},{"@type":"BreadcrumbList","@id":"https:\/\/staging.safetysourcefire.ca\/product\/knucklehead-articulating-head-rechargeable-led-work-light\/#breadcrumb","itemListElement":[{"@type":"ListItem","position":1,"name":"Home","item":"https:\/\/staging.safetysourcefire.ca\/"},{"@type":"ListItem","position":2,"name":"Products","item":"https:\/\/staging.safetysourcefire.ca\/shop\/"},{"@type":"ListItem","position":3,"name":"Knucklehead\u00ae Articulating Head Rechargeable LED Work Light"}]},{"@type":"WebSite","@id":"https:\/\/staging.safetysourcefire.ca\/#website","url":"https:\/\/staging.safetysourcefire.ca\/","name":"Safety Source Fire","description":"","publisher":{"@id":"https:\/\/staging.safetysourcefire.ca\/#organization"},"potentialAction":[{"@type":"SearchAction","target":{"@type":"EntryPoint","urlTemplate":"https:\/\/staging.safetysourcefire.ca\/?s={search_term_string}"},"query-input":{"@type":"PropertyValueSpecification","valueRequired":true,"valueName":"search_term_string"}}],"inLanguage":"fr-CA"},{"@type":"Organization","@id":"https:\/\/staging.safetysourcefire.ca\/#organization","name":"Safety Source Fire","url":"https:\/\/staging.safetysourcefire.ca\/","logo":{"@type":"ImageObject","inLanguage":"fr-CA","@id":"https:\/\/staging.safetysourcefire.ca\/#\/schema\/logo\/image\/","url":"https:\/\/staging.safetysourcefire.ca\/wp-content\/uploads\/2021\/01\/SSF_logo_CC0000-3.png","contentUrl":"https:\/\/staging.safetysourcefire.ca\/wp-content\/uploads\/2021\/01\/SSF_logo_CC0000-3.png","width":1107,"height":365,"caption":"Safety Source Fire"},"image":{"@id":"https:\/\/staging.safetysourcefire.ca\/#\/schema\/logo\/image\/"},"sameAs":["https:\/\/www.facebook.com\/mmfssca","https:\/\/x.com\/mmfssca"]}]}},"_links":{"self":[{"href":"https:\/\/staging.safetysourcefire.ca\/fr_ca\/wp-json\/wp\/v2\/product\/671","targetHints":{"allow":["GET"]}}],"collection":[{"href":"https:\/\/staging.safetysourcefire.ca\/fr_ca\/wp-json\/wp\/v2\/product"}],"about":[{"href":"https:\/\/staging.safetysourcefire.ca\/fr_ca\/wp-json\/wp\/v2\/types\/product"}],"wp:featuredmedia":[{"embeddable":true,"href":"https:\/\/staging.safetysourcefire.ca\/fr_ca\/wp-json\/wp\/v2\/media\/1202"}],"wp:attachment":[{"href":"https:\/\/staging.safetysourcefire.ca\/fr_ca\/wp-json\/wp\/v2\/media?parent=671"}],"wp:term":[{"taxonomy":"product_brand","embeddable":true,"href":"https:\/\/staging.safetysourcefire.ca\/fr_ca\/wp-json\/wp\/v2\/product_brand?post=671"},{"taxonomy":"product_cat","embeddable":true,"href":"https:\/\/staging.safetysourcefire.ca\/fr_ca\/wp-json\/wp\/v2\/product_cat?post=671"},{"taxonomy":"product_tag","embeddable":true,"href":"https:\/\/staging.safetysourcefire.ca\/fr_ca\/wp-json\/wp\/v2\/product_tag?post=671"}],"curies":[{"name":"wp","href":"https:\/\/api.w.org\/{rel}","templated":true}]}}