{"id":6659,"date":"2019-04-16T19:11:10","date_gmt":"2019-04-16T19:11:10","guid":{"rendered":"https:\/\/mmfss.ca\/?post_type=product&#038;p=6659"},"modified":"2022-06-01T13:29:54","modified_gmt":"2022-06-01T13:29:54","slug":"pelican-scba-storage-case-im2950-storm-travel-case","status":"publish","type":"product","link":"https:\/\/staging.safetysourcefire.ca\/fr_ca\/produit\/pelican-scba-storage-case-im2950-storm-travel-case\/","title":{"rendered":"\u00c9tui de rangement Pelican pour ARA (\u00e9tui\nStorm iM2950)"},"content":{"rendered":"<div class=\"col-lg-5 col-md-10 col-xl-offset-1 col-lg-offset-0 col-md-offset-1 pad-15\">\n<p><strong>Pelican\u2122 Storm Case\u2122<\/strong><\/p>\n<p>PEL-25-013085-01-BLK<\/p>\n<p>Garanti \u00e0 vie, le bo\u00eetier Pelican Storm est fabriqu\u00e9 aux \u00c9tats-Unis et con\u00e7u avec les meilleurs mat\u00e9riaux.<\/p>\n<\/div>\n<div class=\"col-xl-5 col-lg-6 col-md-10 col-lg-offset-1 col-md-offset-1 pad-15\">\n<ul>\n<li class=\"pad-5\">Cinq loquets \u00e0 pression \/ traction<\/li>\n<li class=\"pad-5\">Garanti \u00e0 vie<\/li>\n<li class=\"pad-5\">Deux moraillons cadenassables<\/li>\n<li class=\"pad-5\">Deux poign\u00e9es doubl\u00e9es et \u00e0 prise souple<\/li>\n<li class=\"pad-5\">Deux loquets verrouillables avec cl\u00e9 int\u00e9gr\u00e9e<\/li>\n<li class=\"pad-5\">Charni\u00e8res puissantes<\/li>\n<li class=\"pad-5\">Joint ''O-ring''<\/li>\n<li class=\"pad-5\">Deux protecteurs de cadenas en acier inoxydable<\/li>\n<li class=\"pad-5\">Int\u00e9rieur en mousse moul\u00e9e sp\u00e9cialis\u00e9 con\u00e7u pour les fusils \u00e0 pompe ou semi-automatiques ainsi que leurs accessoires<\/li>\n<li class=\"pad-5\">Instructions de la sangle de r\u00e9tention<\/li>\n<\/ul>\n<\/div>","protected":false},"excerpt":{"rendered":"<p>Le Pelican\u2122 Storm Case\u2122fait partie de la m\u00eame famille que le Pelican Protector Case, avec une diff\u00e9rence principale : un loquet ''Press and Pull'' unique qui se verrouille automatiquement, mais s'ouvre avec une l\u00e9g\u00e8re pression.<\/p>","protected":false},"featured_media":6660,"template":"","meta":[],"product_brand":[146],"product_cat":[45,138,58],"product_tag":[330],"class_list":{"0":"post-6659","1":"product","2":"type-product","3":"status-publish","4":"has-post-thumbnail","6":"product_brand-pelican","7":"product_cat-respiratory","8":"product_cat-respiratory-storage","9":"product_cat-accessories-scba","10":"product_tag-pelican","12":"first","13":"instock","14":"shipping-taxable","15":"product-type-simple"},"yoast_head":"<!-- This site is optimized with the Yoast SEO plugin v27.4 - https:\/\/yoast.com\/product\/yoast-seo-wordpress\/ -->\n<title>Pelican SCBA Storage Case (iM2950 Storm Travel Case) - Safety Source Fire<\/title>\n<meta name=\"robots\" content=\"noindex, follow, max-snippet:-1, max-image-preview:large, max-video-preview:-1\" \/>\n<meta property=\"og:locale\" content=\"fr_CA\" \/>\n<meta property=\"og:type\" content=\"article\" \/>\n<meta property=\"og:title\" content=\"Pelican SCBA Storage Case (iM2950 Storm Travel Case) - Safety Source Fire\" \/>\n<meta property=\"og:description\" content=\"The Pelican\u2122 Storm Case\u2122 has the same legendary DNA as our Pelican Protector Case, with one primary difference: A unique Press and Pull latch that locks automatically, but open with a light touch.\" \/>\n<meta property=\"og:url\" content=\"https:\/\/staging.safetysourcefire.ca\/fr_ca\/produit\/pelican-scba-storage-case-im2950-storm-travel-case\/\" \/>\n<meta property=\"og:site_name\" content=\"Safety Source Fire\" \/>\n<meta property=\"article:publisher\" content=\"https:\/\/www.facebook.com\/mmfssca\" \/>\n<meta property=\"article:modified_time\" content=\"2022-06-01T13:29:54+00:00\" \/>\n<meta property=\"og:image\" content=\"https:\/\/staging.safetysourcefire.ca\/wp-content\/uploads\/2019\/04\/image001.jpg\" \/>\n\t<meta property=\"og:image:width\" content=\"600\" \/>\n\t<meta property=\"og:image:height\" content=\"600\" \/>\n\t<meta property=\"og:image:type\" content=\"image\/jpeg\" \/>\n<meta name=\"twitter:card\" content=\"summary_large_image\" \/>\n<meta name=\"twitter:site\" content=\"@mmfssca\" \/>\n<script type=\"application\/ld+json\" class=\"yoast-schema-graph\">{\"@context\":\"https:\\\/\\\/schema.org\",\"@graph\":[{\"@type\":\"WebPage\",\"@id\":\"https:\\\/\\\/staging.safetysourcefire.ca\\\/product\\\/pelican-scba-storage-case-im2950-storm-travel-case\\\/\",\"url\":\"https:\\\/\\\/staging.safetysourcefire.ca\\\/product\\\/pelican-scba-storage-case-im2950-storm-travel-case\\\/\",\"name\":\"Pelican SCBA Storage Case (iM2950 Storm Travel Case) - Safety Source Fire\",\"isPartOf\":{\"@id\":\"https:\\\/\\\/staging.safetysourcefire.ca\\\/#website\"},\"primaryImageOfPage\":{\"@id\":\"https:\\\/\\\/staging.safetysourcefire.ca\\\/product\\\/pelican-scba-storage-case-im2950-storm-travel-case\\\/#primaryimage\"},\"image\":{\"@id\":\"https:\\\/\\\/staging.safetysourcefire.ca\\\/product\\\/pelican-scba-storage-case-im2950-storm-travel-case\\\/#primaryimage\"},\"thumbnailUrl\":\"https:\\\/\\\/staging.safetysourcefire.ca\\\/wp-content\\\/uploads\\\/2019\\\/04\\\/image001.jpg\",\"datePublished\":\"2019-04-16T19:11:10+00:00\",\"dateModified\":\"2022-06-01T13:29:54+00:00\",\"breadcrumb\":{\"@id\":\"https:\\\/\\\/staging.safetysourcefire.ca\\\/product\\\/pelican-scba-storage-case-im2950-storm-travel-case\\\/#breadcrumb\"},\"inLanguage\":\"fr-CA\",\"potentialAction\":[{\"@type\":\"ReadAction\",\"target\":[\"https:\\\/\\\/staging.safetysourcefire.ca\\\/product\\\/pelican-scba-storage-case-im2950-storm-travel-case\\\/\"]}]},{\"@type\":\"ImageObject\",\"inLanguage\":\"fr-CA\",\"@id\":\"https:\\\/\\\/staging.safetysourcefire.ca\\\/product\\\/pelican-scba-storage-case-im2950-storm-travel-case\\\/#primaryimage\",\"url\":\"https:\\\/\\\/staging.safetysourcefire.ca\\\/wp-content\\\/uploads\\\/2019\\\/04\\\/image001.jpg\",\"contentUrl\":\"https:\\\/\\\/staging.safetysourcefire.ca\\\/wp-content\\\/uploads\\\/2019\\\/04\\\/image001.jpg\",\"width\":600,\"height\":600,\"caption\":\"black case with closed lid\"},{\"@type\":\"BreadcrumbList\",\"@id\":\"https:\\\/\\\/staging.safetysourcefire.ca\\\/product\\\/pelican-scba-storage-case-im2950-storm-travel-case\\\/#breadcrumb\",\"itemListElement\":[{\"@type\":\"ListItem\",\"position\":1,\"name\":\"Home\",\"item\":\"https:\\\/\\\/staging.safetysourcefire.ca\\\/\"},{\"@type\":\"ListItem\",\"position\":2,\"name\":\"Products\",\"item\":\"https:\\\/\\\/staging.safetysourcefire.ca\\\/shop\\\/\"},{\"@type\":\"ListItem\",\"position\":3,\"name\":\"Pelican SCBA Storage Case (iM2950 Storm Travel Case)\"}]},{\"@type\":\"WebSite\",\"@id\":\"https:\\\/\\\/staging.safetysourcefire.ca\\\/#website\",\"url\":\"https:\\\/\\\/staging.safetysourcefire.ca\\\/\",\"name\":\"Safety Source Fire\",\"description\":\"\",\"publisher\":{\"@id\":\"https:\\\/\\\/staging.safetysourcefire.ca\\\/#organization\"},\"potentialAction\":[{\"@type\":\"SearchAction\",\"target\":{\"@type\":\"EntryPoint\",\"urlTemplate\":\"https:\\\/\\\/staging.safetysourcefire.ca\\\/?s={search_term_string}\"},\"query-input\":{\"@type\":\"PropertyValueSpecification\",\"valueRequired\":true,\"valueName\":\"search_term_string\"}}],\"inLanguage\":\"fr-CA\"},{\"@type\":\"Organization\",\"@id\":\"https:\\\/\\\/staging.safetysourcefire.ca\\\/#organization\",\"name\":\"Safety Source Fire\",\"url\":\"https:\\\/\\\/staging.safetysourcefire.ca\\\/\",\"logo\":{\"@type\":\"ImageObject\",\"inLanguage\":\"fr-CA\",\"@id\":\"https:\\\/\\\/staging.safetysourcefire.ca\\\/#\\\/schema\\\/logo\\\/image\\\/\",\"url\":\"https:\\\/\\\/staging.safetysourcefire.ca\\\/wp-content\\\/uploads\\\/2021\\\/01\\\/SSF_logo_CC0000-3.png\",\"contentUrl\":\"https:\\\/\\\/staging.safetysourcefire.ca\\\/wp-content\\\/uploads\\\/2021\\\/01\\\/SSF_logo_CC0000-3.png\",\"width\":1107,\"height\":365,\"caption\":\"Safety Source Fire\"},\"image\":{\"@id\":\"https:\\\/\\\/staging.safetysourcefire.ca\\\/#\\\/schema\\\/logo\\\/image\\\/\"},\"sameAs\":[\"https:\\\/\\\/www.facebook.com\\\/mmfssca\",\"https:\\\/\\\/x.com\\\/mmfssca\"]}]}<\/script>\n<!-- \/ Yoast SEO plugin. -->","yoast_head_json":{"title":"\u00c9tui de rangement pour ARI Pelican (\u00e9tui de transport Storm iM2950) - Safety Source Fire","robots":{"index":"noindex","follow":"follow","max-snippet":"max-snippet:-1","max-image-preview":"max-image-preview:large","max-video-preview":"max-video-preview:-1"},"og_locale":"fr_CA","og_type":"article","og_title":"Pelican SCBA Storage Case (iM2950 Storm Travel Case) - Safety Source Fire","og_description":"The Pelican\u2122 Storm Case\u2122 has the same legendary DNA as our Pelican Protector Case, with one primary difference: A unique Press and Pull latch that locks automatically, but open with a light touch.","og_url":"https:\/\/staging.safetysourcefire.ca\/fr_ca\/produit\/pelican-scba-storage-case-im2950-storm-travel-case\/","og_site_name":"Safety Source Fire","article_publisher":"https:\/\/www.facebook.com\/mmfssca","article_modified_time":"2022-06-01T13:29:54+00:00","og_image":[{"width":600,"height":600,"url":"https:\/\/staging.safetysourcefire.ca\/wp-content\/uploads\/2019\/04\/image001.jpg","type":"image\/jpeg"}],"twitter_card":"summary_large_image","twitter_site":"@mmfssca","schema":{"@context":"https:\/\/schema.org","@graph":[{"@type":"WebPage","@id":"https:\/\/staging.safetysourcefire.ca\/product\/pelican-scba-storage-case-im2950-storm-travel-case\/","url":"https:\/\/staging.safetysourcefire.ca\/product\/pelican-scba-storage-case-im2950-storm-travel-case\/","name":"\u00c9tui de rangement pour ARI Pelican (\u00e9tui de transport Storm iM2950) - Safety Source Fire","isPartOf":{"@id":"https:\/\/staging.safetysourcefire.ca\/#website"},"primaryImageOfPage":{"@id":"https:\/\/staging.safetysourcefire.ca\/product\/pelican-scba-storage-case-im2950-storm-travel-case\/#primaryimage"},"image":{"@id":"https:\/\/staging.safetysourcefire.ca\/product\/pelican-scba-storage-case-im2950-storm-travel-case\/#primaryimage"},"thumbnailUrl":"https:\/\/staging.safetysourcefire.ca\/wp-content\/uploads\/2019\/04\/image001.jpg","datePublished":"2019-04-16T19:11:10+00:00","dateModified":"2022-06-01T13:29:54+00:00","breadcrumb":{"@id":"https:\/\/staging.safetysourcefire.ca\/product\/pelican-scba-storage-case-im2950-storm-travel-case\/#breadcrumb"},"inLanguage":"fr-CA","potentialAction":[{"@type":"ReadAction","target":["https:\/\/staging.safetysourcefire.ca\/product\/pelican-scba-storage-case-im2950-storm-travel-case\/"]}]},{"@type":"ImageObject","inLanguage":"fr-CA","@id":"https:\/\/staging.safetysourcefire.ca\/product\/pelican-scba-storage-case-im2950-storm-travel-case\/#primaryimage","url":"https:\/\/staging.safetysourcefire.ca\/wp-content\/uploads\/2019\/04\/image001.jpg","contentUrl":"https:\/\/staging.safetysourcefire.ca\/wp-content\/uploads\/2019\/04\/image001.jpg","width":600,"height":600,"caption":"black case with closed lid"},{"@type":"BreadcrumbList","@id":"https:\/\/staging.safetysourcefire.ca\/product\/pelican-scba-storage-case-im2950-storm-travel-case\/#breadcrumb","itemListElement":[{"@type":"ListItem","position":1,"name":"Home","item":"https:\/\/staging.safetysourcefire.ca\/"},{"@type":"ListItem","position":2,"name":"Products","item":"https:\/\/staging.safetysourcefire.ca\/shop\/"},{"@type":"ListItem","position":3,"name":"Pelican SCBA Storage Case (iM2950 Storm Travel Case)"}]},{"@type":"WebSite","@id":"https:\/\/staging.safetysourcefire.ca\/#website","url":"https:\/\/staging.safetysourcefire.ca\/","name":"Safety Source Fire","description":"","publisher":{"@id":"https:\/\/staging.safetysourcefire.ca\/#organization"},"potentialAction":[{"@type":"SearchAction","target":{"@type":"EntryPoint","urlTemplate":"https:\/\/staging.safetysourcefire.ca\/?s={search_term_string}"},"query-input":{"@type":"PropertyValueSpecification","valueRequired":true,"valueName":"search_term_string"}}],"inLanguage":"fr-CA"},{"@type":"Organization","@id":"https:\/\/staging.safetysourcefire.ca\/#organization","name":"Safety Source Fire","url":"https:\/\/staging.safetysourcefire.ca\/","logo":{"@type":"ImageObject","inLanguage":"fr-CA","@id":"https:\/\/staging.safetysourcefire.ca\/#\/schema\/logo\/image\/","url":"https:\/\/staging.safetysourcefire.ca\/wp-content\/uploads\/2021\/01\/SSF_logo_CC0000-3.png","contentUrl":"https:\/\/staging.safetysourcefire.ca\/wp-content\/uploads\/2021\/01\/SSF_logo_CC0000-3.png","width":1107,"height":365,"caption":"Safety Source Fire"},"image":{"@id":"https:\/\/staging.safetysourcefire.ca\/#\/schema\/logo\/image\/"},"sameAs":["https:\/\/www.facebook.com\/mmfssca","https:\/\/x.com\/mmfssca"]}]}},"_links":{"self":[{"href":"https:\/\/staging.safetysourcefire.ca\/fr_ca\/wp-json\/wp\/v2\/product\/6659","targetHints":{"allow":["GET"]}}],"collection":[{"href":"https:\/\/staging.safetysourcefire.ca\/fr_ca\/wp-json\/wp\/v2\/product"}],"about":[{"href":"https:\/\/staging.safetysourcefire.ca\/fr_ca\/wp-json\/wp\/v2\/types\/product"}],"wp:featuredmedia":[{"embeddable":true,"href":"https:\/\/staging.safetysourcefire.ca\/fr_ca\/wp-json\/wp\/v2\/media\/6660"}],"wp:attachment":[{"href":"https:\/\/staging.safetysourcefire.ca\/fr_ca\/wp-json\/wp\/v2\/media?parent=6659"}],"wp:term":[{"taxonomy":"product_brand","embeddable":true,"href":"https:\/\/staging.safetysourcefire.ca\/fr_ca\/wp-json\/wp\/v2\/product_brand?post=6659"},{"taxonomy":"product_cat","embeddable":true,"href":"https:\/\/staging.safetysourcefire.ca\/fr_ca\/wp-json\/wp\/v2\/product_cat?post=6659"},{"taxonomy":"product_tag","embeddable":true,"href":"https:\/\/staging.safetysourcefire.ca\/fr_ca\/wp-json\/wp\/v2\/product_tag?post=6659"}],"curies":[{"name":"wp","href":"https:\/\/api.w.org\/{rel}","templated":true}]}}