{"id":657,"date":"2017-04-30T20:16:40","date_gmt":"2017-04-30T20:16:40","guid":{"rendered":"http:\/\/mmfss.ca\/?post_type=product&#038;p=657"},"modified":"2018-05-22T14:19:29","modified_gmt":"2018-05-22T14:19:29","slug":"3aa-propolymer-haz-lo","status":"publish","type":"product","link":"https:\/\/staging.safetysourcefire.ca\/fr_ca\/produit\/3aa-propolymer-haz-lo\/","title":{"rendered":"Kit d&#039;\u00e9clairage de casque 3AA ProPolymer\u00ae HAZ-LO\u00ae"},"content":{"rendered":"<p><strong>Propolym\u00e8re 3AA<sup>\u00ae<\/sup>\u00a0HAZ-LO<sup>\u00ae<\/sup>\u00a0Kit d&#039;\u00e9clairage pour casque, support de casque et sangle pour lampe de poche \u00e0 indice de s\u00e9curit\u00e9 international<\/strong><\/p>\n<ul>\n<li><strong>La trousse comprend:<\/strong>\n<ul>\n<li>Propolym\u00e8re 3AA<sup>\u00ae<\/sup>\u00a0HAZ-LO<sup>\u00ae<\/sup>\u00a0avec des piles alcalines<\/li>\n<li>Support de casque ''Streamlight''<\/li>\n<li>Sangle de casque en caoutchouc<\/li>\n<\/ul>\n<\/li>\n<\/ul>\n<ul>\n<li><strong>Support de casque ''Streamlight''<\/strong>\u00a0peut \u00eatre utilis\u00e9 avec la s\u00e9rie 3AA ProPolymer HAZ-LO de Streamlight ou la s\u00e9rie de lampes de poche 4AA ProPolymer. Le support en aluminium durable et l\u00e9ger se fixe facilement au bord des casques de pompier sans aucun outil requis<\/li>\n<\/ul>\n<ul>\n<li><strong>Sangle de casque en caoutchouc\u00a0<\/strong>peut \u00eatre utilis\u00e9 avec la s\u00e9rie 3AA ProPolymer HAZ-LO de Streamlight ou la s\u00e9rie de lampes de poche 4AA ProPolymer. Il s&#039;agit d&#039;une m\u00e9thode rapide et facile, &quot;aucun outil requis&quot; pour attacher votre lampe de poche ProPolymer 3AA\/4AA \u00e0 presque n&#039;importe quel casque. Fabriqu\u00e9 en caoutchouc d&#039;ing\u00e9nierie \u00e0 haute r\u00e9sistance. Convient \u00e9galement aux casques de s\u00e9curit\u00e9.<\/li>\n<\/ul>\n<ul>\n<li><strong>Sp\u00e9cifications 3AA ProPolymer HAZ-LO\u00a0:<\/strong>\n<ul>\n<li>Mesures de s\u00e9curit\u00e9 : La vis de r\u00e9glage permet d&#039;\u00e9viter le remplacement des piles ou l&#039;ouverture par inadvertance du bo\u00eetier dans un environnement dangereux. La combinaison de protection de polarit\u00e9 visuelle et m\u00e9canique garantit une installation correcte des piles.<\/li>\n<li>Con\u00e7ue pour ne pas s'allumer si les piles sont mal install\u00e9es<\/li>\n<li>La conception de l&#039;interrupteur scell\u00e9 le prot\u00e8ge de la corrosion caus\u00e9e par les fuites de la batterie<\/li>\n<li>C4<sup>\u00ae<\/sup>\u00a0La technologie LED \u2013 insensible aux chocs avec une dur\u00e9e de vie de 50 000 heures \u2013 fournit 120 lumens ; fonctionne 6,5 heures<\/li>\n<li>Le r\u00e9flecteur parabolique lisse produit un faisceau serr\u00e9 avec un \u00e9clairage p\u00e9riph\u00e9rique optimal<\/li>\n<li>Autonomie r\u00e9gul\u00e9e offrant des performances constantes tout au long de la dur\u00e9e de vie de la batterie<\/li>\n<li>Mat\u00e9riau thermoplastique haute performance, antistatique, r\u00e9sistant aux produits chimiques et aux solvants<\/li>\n<li>Joint torique scell\u00e9, bo\u00eetier \u00e9tanche \u00e0 la poussi\u00e8re et \u00e0 l&#039;eau<\/li>\n<li>IP67 \u00e9tanche \u00e0 la poussi\u00e8re et \u00e9tanche \u00e0 1 m\u00e8tre pendant 30 minutes<\/li>\n<li>IPX4 pour pulv\u00e9risation d&#039;eau<\/li>\n<li>R\u00e9sistance aux chocs de 3 m\u00e8tres (test\u00e9e)<\/li>\n<li>3 piles alcalines \u00ab\u00a0AA\u00a0\u00bb r\u00e9duisent les co\u00fbts de batterie et de recyclage de 25%<\/li>\n<li>7,00 po. (17,78 cm) ; 7,5 oz (213 grammes) avec piles (incluses)<\/li>\n<li>Pour lampe de poche 3AA ProPolymer HAZ-LO uniquement\u00a0: class\u00e9 ATEX pour les emplacements de cat\u00e9gorie 1GD (zone 0, 20). Homologu\u00e9 IECEx pour les zones 0 et 20, groupes IIC et IIIC<\/li>\n<\/ul>\n<\/li>\n<\/ul>","protected":false},"excerpt":{"rendered":"<p>Le kit d'\u00e9clairage universel convient aux casques de pompiers de style traditionnel et moderne. C'est une alternative discr\u00e8te, l\u00e9g\u00e8re et \u00e9conomique pour monter une lampe de poche sur presque tous les casques de pompier, et ce, en toute s\u00e9curit\u00e9.<\/p>","protected":false},"featured_media":1197,"template":"","meta":[],"product_brand":[144],"product_cat":[48,81],"product_tag":[394,351,350],"class_list":{"0":"post-657","1":"product","2":"type-product","3":"status-publish","4":"has-post-thumbnail","6":"product_brand-streamlight","7":"product_cat-lighting","8":"product_cat-personal-lighting","9":"product_tag-light","10":"product_tag-stream-light","11":"product_tag-streamlight","13":"first","14":"instock","15":"shipping-taxable","16":"product-type-simple"},"yoast_head":"<!-- This site is optimized with the Yoast SEO plugin v27.4 - https:\/\/yoast.com\/product\/yoast-seo-wordpress\/ -->\n<title>3AA ProPolymer\u00ae HAZ-LO\u00ae Helmet Lighting Kit - Safety Source Fire<\/title>\n<meta name=\"robots\" content=\"noindex, follow, max-snippet:-1, max-image-preview:large, max-video-preview:-1\" \/>\n<meta property=\"og:locale\" content=\"fr_CA\" \/>\n<meta property=\"og:type\" content=\"article\" \/>\n<meta property=\"og:title\" content=\"3AA ProPolymer\u00ae HAZ-LO\u00ae Helmet Lighting Kit - Safety Source Fire\" \/>\n<meta property=\"og:description\" content=\"Universal lighting kit fits both traditional and modern style firefighting helmets. It is a low-profile, lightweight, economical alternative for securely mounting a flashlight to almost any style fire helmet.\" \/>\n<meta property=\"og:url\" content=\"https:\/\/staging.safetysourcefire.ca\/fr_ca\/produit\/3aa-propolymer-haz-lo\/\" \/>\n<meta property=\"og:site_name\" content=\"Safety Source Fire\" \/>\n<meta property=\"article:publisher\" content=\"https:\/\/www.facebook.com\/mmfssca\" \/>\n<meta property=\"article:modified_time\" content=\"2018-05-22T14:19:29+00:00\" \/>\n<meta property=\"og:image\" content=\"https:\/\/staging.safetysourcefire.ca\/wp-content\/uploads\/2017\/05\/3AA-Haz-Lo-Helmet-Kit.jpg\" \/>\n\t<meta property=\"og:image:width\" content=\"600\" \/>\n\t<meta property=\"og:image:height\" content=\"600\" \/>\n\t<meta property=\"og:image:type\" content=\"image\/jpeg\" \/>\n<meta name=\"twitter:card\" content=\"summary_large_image\" \/>\n<meta name=\"twitter:site\" content=\"@mmfssca\" \/>\n<meta name=\"twitter:label1\" content=\"Estimation du temps de lecture\" \/>\n\t<meta name=\"twitter:data1\" content=\"1 minute\" \/>\n<script type=\"application\/ld+json\" class=\"yoast-schema-graph\">{\"@context\":\"https:\\\/\\\/schema.org\",\"@graph\":[{\"@type\":\"WebPage\",\"@id\":\"https:\\\/\\\/staging.safetysourcefire.ca\\\/product\\\/3aa-propolymer-haz-lo\\\/\",\"url\":\"https:\\\/\\\/staging.safetysourcefire.ca\\\/product\\\/3aa-propolymer-haz-lo\\\/\",\"name\":\"3AA ProPolymer\u00ae HAZ-LO\u00ae Helmet Lighting Kit - Safety Source Fire\",\"isPartOf\":{\"@id\":\"https:\\\/\\\/staging.safetysourcefire.ca\\\/#website\"},\"primaryImageOfPage\":{\"@id\":\"https:\\\/\\\/staging.safetysourcefire.ca\\\/product\\\/3aa-propolymer-haz-lo\\\/#primaryimage\"},\"image\":{\"@id\":\"https:\\\/\\\/staging.safetysourcefire.ca\\\/product\\\/3aa-propolymer-haz-lo\\\/#primaryimage\"},\"thumbnailUrl\":\"https:\\\/\\\/staging.safetysourcefire.ca\\\/wp-content\\\/uploads\\\/2017\\\/05\\\/3AA-Haz-Lo-Helmet-Kit.jpg\",\"datePublished\":\"2017-04-30T20:16:40+00:00\",\"dateModified\":\"2018-05-22T14:19:29+00:00\",\"breadcrumb\":{\"@id\":\"https:\\\/\\\/staging.safetysourcefire.ca\\\/product\\\/3aa-propolymer-haz-lo\\\/#breadcrumb\"},\"inLanguage\":\"fr-CA\",\"potentialAction\":[{\"@type\":\"ReadAction\",\"target\":[\"https:\\\/\\\/staging.safetysourcefire.ca\\\/product\\\/3aa-propolymer-haz-lo\\\/\"]}]},{\"@type\":\"ImageObject\",\"inLanguage\":\"fr-CA\",\"@id\":\"https:\\\/\\\/staging.safetysourcefire.ca\\\/product\\\/3aa-propolymer-haz-lo\\\/#primaryimage\",\"url\":\"https:\\\/\\\/staging.safetysourcefire.ca\\\/wp-content\\\/uploads\\\/2017\\\/05\\\/3AA-Haz-Lo-Helmet-Kit.jpg\",\"contentUrl\":\"https:\\\/\\\/staging.safetysourcefire.ca\\\/wp-content\\\/uploads\\\/2017\\\/05\\\/3AA-Haz-Lo-Helmet-Kit.jpg\",\"width\":600,\"height\":600,\"caption\":\"3AA Haz-Lo Helmet Kit\"},{\"@type\":\"BreadcrumbList\",\"@id\":\"https:\\\/\\\/staging.safetysourcefire.ca\\\/product\\\/3aa-propolymer-haz-lo\\\/#breadcrumb\",\"itemListElement\":[{\"@type\":\"ListItem\",\"position\":1,\"name\":\"Home\",\"item\":\"https:\\\/\\\/staging.safetysourcefire.ca\\\/\"},{\"@type\":\"ListItem\",\"position\":2,\"name\":\"Products\",\"item\":\"https:\\\/\\\/staging.safetysourcefire.ca\\\/shop\\\/\"},{\"@type\":\"ListItem\",\"position\":3,\"name\":\"3AA ProPolymer\u00ae HAZ-LO\u00ae Helmet Lighting Kit\"}]},{\"@type\":\"WebSite\",\"@id\":\"https:\\\/\\\/staging.safetysourcefire.ca\\\/#website\",\"url\":\"https:\\\/\\\/staging.safetysourcefire.ca\\\/\",\"name\":\"Safety Source Fire\",\"description\":\"\",\"publisher\":{\"@id\":\"https:\\\/\\\/staging.safetysourcefire.ca\\\/#organization\"},\"potentialAction\":[{\"@type\":\"SearchAction\",\"target\":{\"@type\":\"EntryPoint\",\"urlTemplate\":\"https:\\\/\\\/staging.safetysourcefire.ca\\\/?s={search_term_string}\"},\"query-input\":{\"@type\":\"PropertyValueSpecification\",\"valueRequired\":true,\"valueName\":\"search_term_string\"}}],\"inLanguage\":\"fr-CA\"},{\"@type\":\"Organization\",\"@id\":\"https:\\\/\\\/staging.safetysourcefire.ca\\\/#organization\",\"name\":\"Safety Source Fire\",\"url\":\"https:\\\/\\\/staging.safetysourcefire.ca\\\/\",\"logo\":{\"@type\":\"ImageObject\",\"inLanguage\":\"fr-CA\",\"@id\":\"https:\\\/\\\/staging.safetysourcefire.ca\\\/#\\\/schema\\\/logo\\\/image\\\/\",\"url\":\"https:\\\/\\\/staging.safetysourcefire.ca\\\/wp-content\\\/uploads\\\/2021\\\/01\\\/SSF_logo_CC0000-3.png\",\"contentUrl\":\"https:\\\/\\\/staging.safetysourcefire.ca\\\/wp-content\\\/uploads\\\/2021\\\/01\\\/SSF_logo_CC0000-3.png\",\"width\":1107,\"height\":365,\"caption\":\"Safety Source Fire\"},\"image\":{\"@id\":\"https:\\\/\\\/staging.safetysourcefire.ca\\\/#\\\/schema\\\/logo\\\/image\\\/\"},\"sameAs\":[\"https:\\\/\\\/www.facebook.com\\\/mmfssca\",\"https:\\\/\\\/x.com\\\/mmfssca\"]}]}<\/script>\n<!-- \/ Yoast SEO plugin. -->","yoast_head_json":{"title":"3AA ProPolymer\u00ae HAZ-LO\u00ae Helmet Lighting Kit - Safety Source Fire","robots":{"index":"noindex","follow":"follow","max-snippet":"max-snippet:-1","max-image-preview":"max-image-preview:large","max-video-preview":"max-video-preview:-1"},"og_locale":"fr_CA","og_type":"article","og_title":"3AA ProPolymer\u00ae HAZ-LO\u00ae Helmet Lighting Kit - Safety Source Fire","og_description":"Universal lighting kit fits both traditional and modern style firefighting helmets. It is a low-profile, lightweight, economical alternative for securely mounting a flashlight to almost any style fire helmet.","og_url":"https:\/\/staging.safetysourcefire.ca\/fr_ca\/produit\/3aa-propolymer-haz-lo\/","og_site_name":"Safety Source Fire","article_publisher":"https:\/\/www.facebook.com\/mmfssca","article_modified_time":"2018-05-22T14:19:29+00:00","og_image":[{"width":600,"height":600,"url":"https:\/\/staging.safetysourcefire.ca\/wp-content\/uploads\/2017\/05\/3AA-Haz-Lo-Helmet-Kit.jpg","type":"image\/jpeg"}],"twitter_card":"summary_large_image","twitter_site":"@mmfssca","twitter_misc":{"Estimation du temps de lecture":"1 minute"},"schema":{"@context":"https:\/\/schema.org","@graph":[{"@type":"WebPage","@id":"https:\/\/staging.safetysourcefire.ca\/product\/3aa-propolymer-haz-lo\/","url":"https:\/\/staging.safetysourcefire.ca\/product\/3aa-propolymer-haz-lo\/","name":"3AA ProPolymer\u00ae HAZ-LO\u00ae Helmet Lighting Kit - Safety Source Fire","isPartOf":{"@id":"https:\/\/staging.safetysourcefire.ca\/#website"},"primaryImageOfPage":{"@id":"https:\/\/staging.safetysourcefire.ca\/product\/3aa-propolymer-haz-lo\/#primaryimage"},"image":{"@id":"https:\/\/staging.safetysourcefire.ca\/product\/3aa-propolymer-haz-lo\/#primaryimage"},"thumbnailUrl":"https:\/\/staging.safetysourcefire.ca\/wp-content\/uploads\/2017\/05\/3AA-Haz-Lo-Helmet-Kit.jpg","datePublished":"2017-04-30T20:16:40+00:00","dateModified":"2018-05-22T14:19:29+00:00","breadcrumb":{"@id":"https:\/\/staging.safetysourcefire.ca\/product\/3aa-propolymer-haz-lo\/#breadcrumb"},"inLanguage":"fr-CA","potentialAction":[{"@type":"ReadAction","target":["https:\/\/staging.safetysourcefire.ca\/product\/3aa-propolymer-haz-lo\/"]}]},{"@type":"ImageObject","inLanguage":"fr-CA","@id":"https:\/\/staging.safetysourcefire.ca\/product\/3aa-propolymer-haz-lo\/#primaryimage","url":"https:\/\/staging.safetysourcefire.ca\/wp-content\/uploads\/2017\/05\/3AA-Haz-Lo-Helmet-Kit.jpg","contentUrl":"https:\/\/staging.safetysourcefire.ca\/wp-content\/uploads\/2017\/05\/3AA-Haz-Lo-Helmet-Kit.jpg","width":600,"height":600,"caption":"3AA Haz-Lo Helmet Kit"},{"@type":"BreadcrumbList","@id":"https:\/\/staging.safetysourcefire.ca\/product\/3aa-propolymer-haz-lo\/#breadcrumb","itemListElement":[{"@type":"ListItem","position":1,"name":"Home","item":"https:\/\/staging.safetysourcefire.ca\/"},{"@type":"ListItem","position":2,"name":"Products","item":"https:\/\/staging.safetysourcefire.ca\/shop\/"},{"@type":"ListItem","position":3,"name":"3AA ProPolymer\u00ae HAZ-LO\u00ae Helmet Lighting Kit"}]},{"@type":"WebSite","@id":"https:\/\/staging.safetysourcefire.ca\/#website","url":"https:\/\/staging.safetysourcefire.ca\/","name":"Safety Source Fire","description":"","publisher":{"@id":"https:\/\/staging.safetysourcefire.ca\/#organization"},"potentialAction":[{"@type":"SearchAction","target":{"@type":"EntryPoint","urlTemplate":"https:\/\/staging.safetysourcefire.ca\/?s={search_term_string}"},"query-input":{"@type":"PropertyValueSpecification","valueRequired":true,"valueName":"search_term_string"}}],"inLanguage":"fr-CA"},{"@type":"Organization","@id":"https:\/\/staging.safetysourcefire.ca\/#organization","name":"Safety Source Fire","url":"https:\/\/staging.safetysourcefire.ca\/","logo":{"@type":"ImageObject","inLanguage":"fr-CA","@id":"https:\/\/staging.safetysourcefire.ca\/#\/schema\/logo\/image\/","url":"https:\/\/staging.safetysourcefire.ca\/wp-content\/uploads\/2021\/01\/SSF_logo_CC0000-3.png","contentUrl":"https:\/\/staging.safetysourcefire.ca\/wp-content\/uploads\/2021\/01\/SSF_logo_CC0000-3.png","width":1107,"height":365,"caption":"Safety Source Fire"},"image":{"@id":"https:\/\/staging.safetysourcefire.ca\/#\/schema\/logo\/image\/"},"sameAs":["https:\/\/www.facebook.com\/mmfssca","https:\/\/x.com\/mmfssca"]}]}},"_links":{"self":[{"href":"https:\/\/staging.safetysourcefire.ca\/fr_ca\/wp-json\/wp\/v2\/product\/657","targetHints":{"allow":["GET"]}}],"collection":[{"href":"https:\/\/staging.safetysourcefire.ca\/fr_ca\/wp-json\/wp\/v2\/product"}],"about":[{"href":"https:\/\/staging.safetysourcefire.ca\/fr_ca\/wp-json\/wp\/v2\/types\/product"}],"wp:featuredmedia":[{"embeddable":true,"href":"https:\/\/staging.safetysourcefire.ca\/fr_ca\/wp-json\/wp\/v2\/media\/1197"}],"wp:attachment":[{"href":"https:\/\/staging.safetysourcefire.ca\/fr_ca\/wp-json\/wp\/v2\/media?parent=657"}],"wp:term":[{"taxonomy":"product_brand","embeddable":true,"href":"https:\/\/staging.safetysourcefire.ca\/fr_ca\/wp-json\/wp\/v2\/product_brand?post=657"},{"taxonomy":"product_cat","embeddable":true,"href":"https:\/\/staging.safetysourcefire.ca\/fr_ca\/wp-json\/wp\/v2\/product_cat?post=657"},{"taxonomy":"product_tag","embeddable":true,"href":"https:\/\/staging.safetysourcefire.ca\/fr_ca\/wp-json\/wp\/v2\/product_tag?post=657"}],"curies":[{"name":"wp","href":"https:\/\/api.w.org\/{rel}","templated":true}]}}