{"id":6378,"date":"2019-01-14T21:12:11","date_gmt":"2019-01-14T21:12:11","guid":{"rendered":"https:\/\/mmfss.ca\/?post_type=product&#038;p=6378"},"modified":"2020-07-15T13:41:57","modified_gmt":"2020-07-15T13:41:57","slug":"magnaseal","status":"publish","type":"product","link":"https:\/\/staging.safetysourcefire.ca\/fr_ca\/produit\/magnaseal\/","title":{"rendered":"Couvercles de correction Magnaseal pour fuites,  drainage et \u00e9gouts"},"content":{"rendered":"<p><strong>Arr\u00eat des fuites<\/strong><br \/>\nLe ''MAGNASEAL Leak Patch'' est un pansement en ur\u00e9thane flexible, magn\u00e9tique et \u00e0 haute r\u00e9sistance. Il peut retenir jusqu'\u00e0 30 livres de pression. Toutes les tailles sont livr\u00e9es avec quatre anneaux en \u00ab D \u00bb int\u00e9gr\u00e9s et deux sangles en boucle continue de 15,2 cm qui peuvent \u00eatre utilis\u00e9es pour l'application.<br \/>\nTous les correctifs de fuite ont une \u00e9paisseur de 5\/8 pouces. L'anneau en D ajoute 1\/4 de pouce \u00e0 l'\u00e9paisseur.<br \/>\nLe pansement anti-fuite de 18 pouces avec valve est \u00e9quip\u00e9 d'une valve de passage filet\u00e9e de 2 pouces qui permettra le d\u00e9chargement. Cette vanne de passage ajoute 1-1\/2 pouces \u00e0 l'\u00e9paisseur de ce bandage.<br \/>\nMallette de transport \u2013 Chaque pansement anti-fuite MAGNASEAL est livr\u00e9 avec une mallette de transport. La mallette de transport poss\u00e8de une fermeture \u00e0 glissi\u00e8re industrielle et des c\u00f4t\u00e9s isol\u00e9s pour amortir la r\u00e9sistance du MAGNASEAL lorsqu'il n'est pas utilis\u00e9. L'\u00e9tui de transport permet de garder MAGNASEAL \u00e0 l'abri des rayons UV.<br \/>\nDisponible en 8\u00d78\u2033, 12\u00d712\u2033, 18\u00d718\u2033, 18\u00d718\u2033 avec valve filet\u00e9e et 24\u00d724\u2033. <\/p>\n<p><iframe loading=\"lazy\" width=\"560\" height=\"315\" src=\"https:\/\/www.youtube.com\/embed\/GVDXbE7v93g\" frameborder=\"0\" allow=\"accelerometer; autoplay; encrypted-media; gyroscope; picture-in-picture\" allowfullscreen><\/iframe><\/p>\n<p><iframe loading=\"lazy\" width=\"560\" height=\"315\" src=\"https:\/\/www.youtube.com\/embed\/tn0VGxx4Nc4\" frameborder=\"0\" allow=\"accelerometer; autoplay; encrypted-media; gyroscope; picture-in-picture\" allowfullscreen><\/iframe><\/p>\n<p><strong>Couvercles de drain MAGNASEAL<\/strong><br \/>\nLe couvercle de vidange MAGNASEAL est un couvercle flexible et ultra-mince qui est disponible en version magn\u00e9tique \u00e0 faible r\u00e9sistance ainsi qu'en version non magn\u00e9tique. C'est un couvercle de qualit\u00e9 sup\u00e9rieur qui permet de couvrir plusieurs types de drains. Comme l'ur\u00e9thane \u00e0 tendance \u00e0 vouloir rester plat m\u00eame s'il a \u00e9t\u00e9 roul\u00e9 ou froiss\u00e9 pendant des longues p\u00e9riodes, la couverture du drain sera compl\u00e8tement recouverte, sans espace d'air, et sans qu'il soit n\u00e9cessaire d'appliquer un poids pour le maintenir en place.<br \/>\nLe couvercle de vidange magn\u00e9tique offre une s\u00e9curit\u00e9 suppl\u00e9mentaire parfois n\u00e9cessaire quand le d\u00e9bit de liquide est \u00e9lev\u00e9. Il a la m\u00eame r\u00e9sistance chimique \u00e9lev\u00e9e qui peut lui permettre d'\u00eatre utilis\u00e9 dans diverses situations. Contrairement \u00e0 d'autres produits similaires, le couvercle de vidange ne se fissurera pas, ne se dess\u00e8chera pas et ne deviendra pas dur avec le temps. Compl\u00e8tement r\u00e9sistant \u00e0 l'exposition \u00e0 l'air, \u00e0 la chaleur et au soleil.<\/p>\n<p><strong>Couvertures d&#039;\u00e9gout MAGNASEAL<\/strong><br \/>\nLe couvercle d&#039;\u00e9gout de MAGNASEAL est une feuille d&#039;ur\u00e9thane flexible qui se pr\u00e9sente sous forme magn\u00e9tique et non magn\u00e9tique \u00e0 faible r\u00e9sistance. Il a exactement les m\u00eames propri\u00e9t\u00e9s que le couvercle du drain, la seule diff\u00e9rence \u00e9tant sa taille unique. Sa taille le rend parfait pour les \u00e9gouts et les collecteurs d&#039;eaux pluviales canadiens.<\/p>\n<p><strong>Feuille de t\u00e9flon<\/strong><br \/>\nUne feuille de t\u00e9flon est disponible pour chaque taille de pansement anti-fuites. La feuille de t\u00e9flon consiste \u00e0 une couche pelable et collante qui s'applique instantan\u00e9ment sur le cot\u00e9 du bandage ''MAGNASEAL Leak Patch'' sur le terrain. Cette feuille permett d'augmenter la r\u00e9sistance aux produits chimiques au-del\u00e0 de ce qui est indiqu\u00e9 dans la feuille de r\u00e9sum\u00e9 des donn\u00e9es des tests de r\u00e9sistivit\u00e9 chimique.<\/p>","protected":false},"excerpt":{"rendered":"<p>ARR\u00caTEZ LES FUITES DANGEREUSES EN QUELQUES SECONDES! MAGNASEAL est une feuille unique d'ur\u00e9thane magn\u00e9tique brevet\u00e9e. \u00c0 ce jour, elle est le moyen le plus s\u00e9curitaire et le plus efficace pour arr\u00eater et pr\u00e9venir les fuites de mati\u00e8res dangereuses.<\/p>","protected":false},"featured_media":6891,"template":"","meta":[],"product_brand":[406],"product_cat":[47,78],"product_tag":[407],"class_list":{"0":"post-6378","1":"product","2":"type-product","3":"status-publish","4":"has-post-thumbnail","6":"product_brand-magnaseal","7":"product_cat-hazmat","8":"product_cat-spill-response","9":"product_tag-magnaseal","11":"first","12":"instock","13":"shipping-taxable","14":"product-type-simple"},"yoast_head":"<!-- This site is optimized with the Yoast SEO plugin v27.4 - https:\/\/yoast.com\/product\/yoast-seo-wordpress\/ -->\n<title>Magnaseal Leak Patch, Drain and Sewer Covers - Safety Source Fire<\/title>\n<meta name=\"robots\" content=\"noindex, follow, max-snippet:-1, max-image-preview:large, max-video-preview:-1\" \/>\n<meta property=\"og:locale\" content=\"fr_CA\" \/>\n<meta property=\"og:type\" content=\"article\" \/>\n<meta property=\"og:title\" content=\"Magnaseal Leak Patch, Drain and Sewer Covers - Safety Source Fire\" \/>\n<meta property=\"og:description\" content=\"STOP HAZARDOUS LEAKS IN SECONDS! MAGNASEAL is a unique patented magnetic urethane sheet that is the safest, most effective and efficient way to stop or prevent leaks of hazardous materials.\" \/>\n<meta property=\"og:url\" content=\"https:\/\/staging.safetysourcefire.ca\/fr_ca\/produit\/magnaseal\/\" \/>\n<meta property=\"og:site_name\" content=\"Safety Source Fire\" \/>\n<meta property=\"article:publisher\" content=\"https:\/\/www.facebook.com\/mmfssca\" \/>\n<meta property=\"article:modified_time\" content=\"2020-07-15T13:41:57+00:00\" \/>\n<meta property=\"og:image\" content=\"https:\/\/staging.safetysourcefire.ca\/wp-content\/uploads\/2019\/01\/MagnasealLeakPatch_600x600.jpg\" \/>\n\t<meta property=\"og:image:width\" content=\"600\" \/>\n\t<meta property=\"og:image:height\" content=\"600\" \/>\n\t<meta property=\"og:image:type\" content=\"image\/jpeg\" \/>\n<meta name=\"twitter:card\" content=\"summary_large_image\" \/>\n<meta name=\"twitter:site\" content=\"@mmfssca\" \/>\n<meta name=\"twitter:label1\" content=\"Estimation du temps de lecture\" \/>\n\t<meta name=\"twitter:data1\" content=\"2 minutes\" \/>\n<script type=\"application\/ld+json\" class=\"yoast-schema-graph\">{\"@context\":\"https:\\\/\\\/schema.org\",\"@graph\":[{\"@type\":\"WebPage\",\"@id\":\"https:\\\/\\\/staging.safetysourcefire.ca\\\/product\\\/magnaseal\\\/\",\"url\":\"https:\\\/\\\/staging.safetysourcefire.ca\\\/product\\\/magnaseal\\\/\",\"name\":\"Magnaseal Leak Patch, Drain and Sewer Covers - Safety Source Fire\",\"isPartOf\":{\"@id\":\"https:\\\/\\\/staging.safetysourcefire.ca\\\/#website\"},\"primaryImageOfPage\":{\"@id\":\"https:\\\/\\\/staging.safetysourcefire.ca\\\/product\\\/magnaseal\\\/#primaryimage\"},\"image\":{\"@id\":\"https:\\\/\\\/staging.safetysourcefire.ca\\\/product\\\/magnaseal\\\/#primaryimage\"},\"thumbnailUrl\":\"https:\\\/\\\/staging.safetysourcefire.ca\\\/wp-content\\\/uploads\\\/2019\\\/01\\\/MagnasealLeakPatch_600x600.jpg\",\"datePublished\":\"2019-01-14T21:12:11+00:00\",\"dateModified\":\"2020-07-15T13:41:57+00:00\",\"breadcrumb\":{\"@id\":\"https:\\\/\\\/staging.safetysourcefire.ca\\\/product\\\/magnaseal\\\/#breadcrumb\"},\"inLanguage\":\"fr-CA\",\"potentialAction\":[{\"@type\":\"ReadAction\",\"target\":[\"https:\\\/\\\/staging.safetysourcefire.ca\\\/product\\\/magnaseal\\\/\"]}]},{\"@type\":\"ImageObject\",\"inLanguage\":\"fr-CA\",\"@id\":\"https:\\\/\\\/staging.safetysourcefire.ca\\\/product\\\/magnaseal\\\/#primaryimage\",\"url\":\"https:\\\/\\\/staging.safetysourcefire.ca\\\/wp-content\\\/uploads\\\/2019\\\/01\\\/MagnasealLeakPatch_600x600.jpg\",\"contentUrl\":\"https:\\\/\\\/staging.safetysourcefire.ca\\\/wp-content\\\/uploads\\\/2019\\\/01\\\/MagnasealLeakPatch_600x600.jpg\",\"width\":600,\"height\":600,\"caption\":\"black patch with straps\"},{\"@type\":\"BreadcrumbList\",\"@id\":\"https:\\\/\\\/staging.safetysourcefire.ca\\\/product\\\/magnaseal\\\/#breadcrumb\",\"itemListElement\":[{\"@type\":\"ListItem\",\"position\":1,\"name\":\"Home\",\"item\":\"https:\\\/\\\/staging.safetysourcefire.ca\\\/\"},{\"@type\":\"ListItem\",\"position\":2,\"name\":\"Products\",\"item\":\"https:\\\/\\\/staging.safetysourcefire.ca\\\/shop\\\/\"},{\"@type\":\"ListItem\",\"position\":3,\"name\":\"Magnaseal Leak Patch, Drain and Sewer Covers\"}]},{\"@type\":\"WebSite\",\"@id\":\"https:\\\/\\\/staging.safetysourcefire.ca\\\/#website\",\"url\":\"https:\\\/\\\/staging.safetysourcefire.ca\\\/\",\"name\":\"Safety Source Fire\",\"description\":\"\",\"publisher\":{\"@id\":\"https:\\\/\\\/staging.safetysourcefire.ca\\\/#organization\"},\"potentialAction\":[{\"@type\":\"SearchAction\",\"target\":{\"@type\":\"EntryPoint\",\"urlTemplate\":\"https:\\\/\\\/staging.safetysourcefire.ca\\\/?s={search_term_string}\"},\"query-input\":{\"@type\":\"PropertyValueSpecification\",\"valueRequired\":true,\"valueName\":\"search_term_string\"}}],\"inLanguage\":\"fr-CA\"},{\"@type\":\"Organization\",\"@id\":\"https:\\\/\\\/staging.safetysourcefire.ca\\\/#organization\",\"name\":\"Safety Source Fire\",\"url\":\"https:\\\/\\\/staging.safetysourcefire.ca\\\/\",\"logo\":{\"@type\":\"ImageObject\",\"inLanguage\":\"fr-CA\",\"@id\":\"https:\\\/\\\/staging.safetysourcefire.ca\\\/#\\\/schema\\\/logo\\\/image\\\/\",\"url\":\"https:\\\/\\\/staging.safetysourcefire.ca\\\/wp-content\\\/uploads\\\/2021\\\/01\\\/SSF_logo_CC0000-3.png\",\"contentUrl\":\"https:\\\/\\\/staging.safetysourcefire.ca\\\/wp-content\\\/uploads\\\/2021\\\/01\\\/SSF_logo_CC0000-3.png\",\"width\":1107,\"height\":365,\"caption\":\"Safety Source Fire\"},\"image\":{\"@id\":\"https:\\\/\\\/staging.safetysourcefire.ca\\\/#\\\/schema\\\/logo\\\/image\\\/\"},\"sameAs\":[\"https:\\\/\\\/www.facebook.com\\\/mmfssca\",\"https:\\\/\\\/x.com\\\/mmfssca\"]}]}<\/script>\n<!-- \/ Yoast SEO plugin. -->","yoast_head_json":{"title":"Patch anti-fuites Magnaseal, couvercles de drains et d&#039;\u00e9gouts - Safety Source Fire","robots":{"index":"noindex","follow":"follow","max-snippet":"max-snippet:-1","max-image-preview":"max-image-preview:large","max-video-preview":"max-video-preview:-1"},"og_locale":"fr_CA","og_type":"article","og_title":"Magnaseal Leak Patch, Drain and Sewer Covers - Safety Source Fire","og_description":"STOP HAZARDOUS LEAKS IN SECONDS! MAGNASEAL is a unique patented magnetic urethane sheet that is the safest, most effective and efficient way to stop or prevent leaks of hazardous materials.","og_url":"https:\/\/staging.safetysourcefire.ca\/fr_ca\/produit\/magnaseal\/","og_site_name":"Safety Source Fire","article_publisher":"https:\/\/www.facebook.com\/mmfssca","article_modified_time":"2020-07-15T13:41:57+00:00","og_image":[{"width":600,"height":600,"url":"https:\/\/staging.safetysourcefire.ca\/wp-content\/uploads\/2019\/01\/MagnasealLeakPatch_600x600.jpg","type":"image\/jpeg"}],"twitter_card":"summary_large_image","twitter_site":"@mmfssca","twitter_misc":{"Estimation du temps de lecture":"2 minutes"},"schema":{"@context":"https:\/\/schema.org","@graph":[{"@type":"WebPage","@id":"https:\/\/staging.safetysourcefire.ca\/product\/magnaseal\/","url":"https:\/\/staging.safetysourcefire.ca\/product\/magnaseal\/","name":"Patch anti-fuites Magnaseal, couvercles de drains et d&#039;\u00e9gouts - Safety Source Fire","isPartOf":{"@id":"https:\/\/staging.safetysourcefire.ca\/#website"},"primaryImageOfPage":{"@id":"https:\/\/staging.safetysourcefire.ca\/product\/magnaseal\/#primaryimage"},"image":{"@id":"https:\/\/staging.safetysourcefire.ca\/product\/magnaseal\/#primaryimage"},"thumbnailUrl":"https:\/\/staging.safetysourcefire.ca\/wp-content\/uploads\/2019\/01\/MagnasealLeakPatch_600x600.jpg","datePublished":"2019-01-14T21:12:11+00:00","dateModified":"2020-07-15T13:41:57+00:00","breadcrumb":{"@id":"https:\/\/staging.safetysourcefire.ca\/product\/magnaseal\/#breadcrumb"},"inLanguage":"fr-CA","potentialAction":[{"@type":"ReadAction","target":["https:\/\/staging.safetysourcefire.ca\/product\/magnaseal\/"]}]},{"@type":"ImageObject","inLanguage":"fr-CA","@id":"https:\/\/staging.safetysourcefire.ca\/product\/magnaseal\/#primaryimage","url":"https:\/\/staging.safetysourcefire.ca\/wp-content\/uploads\/2019\/01\/MagnasealLeakPatch_600x600.jpg","contentUrl":"https:\/\/staging.safetysourcefire.ca\/wp-content\/uploads\/2019\/01\/MagnasealLeakPatch_600x600.jpg","width":600,"height":600,"caption":"black patch with straps"},{"@type":"BreadcrumbList","@id":"https:\/\/staging.safetysourcefire.ca\/product\/magnaseal\/#breadcrumb","itemListElement":[{"@type":"ListItem","position":1,"name":"Home","item":"https:\/\/staging.safetysourcefire.ca\/"},{"@type":"ListItem","position":2,"name":"Products","item":"https:\/\/staging.safetysourcefire.ca\/shop\/"},{"@type":"ListItem","position":3,"name":"Magnaseal Leak Patch, Drain and Sewer Covers"}]},{"@type":"WebSite","@id":"https:\/\/staging.safetysourcefire.ca\/#website","url":"https:\/\/staging.safetysourcefire.ca\/","name":"Safety Source Fire","description":"","publisher":{"@id":"https:\/\/staging.safetysourcefire.ca\/#organization"},"potentialAction":[{"@type":"SearchAction","target":{"@type":"EntryPoint","urlTemplate":"https:\/\/staging.safetysourcefire.ca\/?s={search_term_string}"},"query-input":{"@type":"PropertyValueSpecification","valueRequired":true,"valueName":"search_term_string"}}],"inLanguage":"fr-CA"},{"@type":"Organization","@id":"https:\/\/staging.safetysourcefire.ca\/#organization","name":"Safety Source Fire","url":"https:\/\/staging.safetysourcefire.ca\/","logo":{"@type":"ImageObject","inLanguage":"fr-CA","@id":"https:\/\/staging.safetysourcefire.ca\/#\/schema\/logo\/image\/","url":"https:\/\/staging.safetysourcefire.ca\/wp-content\/uploads\/2021\/01\/SSF_logo_CC0000-3.png","contentUrl":"https:\/\/staging.safetysourcefire.ca\/wp-content\/uploads\/2021\/01\/SSF_logo_CC0000-3.png","width":1107,"height":365,"caption":"Safety Source Fire"},"image":{"@id":"https:\/\/staging.safetysourcefire.ca\/#\/schema\/logo\/image\/"},"sameAs":["https:\/\/www.facebook.com\/mmfssca","https:\/\/x.com\/mmfssca"]}]}},"_links":{"self":[{"href":"https:\/\/staging.safetysourcefire.ca\/fr_ca\/wp-json\/wp\/v2\/product\/6378","targetHints":{"allow":["GET"]}}],"collection":[{"href":"https:\/\/staging.safetysourcefire.ca\/fr_ca\/wp-json\/wp\/v2\/product"}],"about":[{"href":"https:\/\/staging.safetysourcefire.ca\/fr_ca\/wp-json\/wp\/v2\/types\/product"}],"wp:featuredmedia":[{"embeddable":true,"href":"https:\/\/staging.safetysourcefire.ca\/fr_ca\/wp-json\/wp\/v2\/media\/6891"}],"wp:attachment":[{"href":"https:\/\/staging.safetysourcefire.ca\/fr_ca\/wp-json\/wp\/v2\/media?parent=6378"}],"wp:term":[{"taxonomy":"product_brand","embeddable":true,"href":"https:\/\/staging.safetysourcefire.ca\/fr_ca\/wp-json\/wp\/v2\/product_brand?post=6378"},{"taxonomy":"product_cat","embeddable":true,"href":"https:\/\/staging.safetysourcefire.ca\/fr_ca\/wp-json\/wp\/v2\/product_cat?post=6378"},{"taxonomy":"product_tag","embeddable":true,"href":"https:\/\/staging.safetysourcefire.ca\/fr_ca\/wp-json\/wp\/v2\/product_tag?post=6378"}],"curies":[{"name":"wp","href":"https:\/\/api.w.org\/{rel}","templated":true}]}}