{"id":6156,"date":"2018-11-20T01:00:52","date_gmt":"2018-11-20T01:00:52","guid":{"rendered":"https:\/\/mmfss.ca\/?post_type=product&#038;p=6156"},"modified":"2020-07-15T13:43:11","modified_gmt":"2020-07-15T13:43:11","slug":"peltor-soundtrap-tactical-6-s-headset-mt15h67fb-01-headband-model","status":"publish","type":"product","link":"https:\/\/staging.safetysourcefire.ca\/fr_ca\/produit\/peltor-soundtrap-tactical-6-s-headset-mt15h67fb-01-headband-model\/","title":{"rendered":"Casque Peltor \u2122 Soundtrap \u2122 Tactical 6-S, MT15H67FB-01, mod\u00e8le serre-t\u00eate"},"content":{"rendered":"<ul>\n<li>Id\u00e9al pour les environnements tr\u00e8s bruyants<\/li>\n<li>Amplifie efficacement les sons faibles<\/li>\n<li>Se plie facilement dans un petit paquet<\/li>\n<li>Con\u00e7u avec la commodit\u00e9 \u00e0 l&#039;esprit<\/li>\n<li>Per\u00e7oit et localise les sons faibles tandis que le bruit impulsif est att\u00e9nu\u00e9<\/li>\n<\/ul>\n<p>Le casque 3M\u2122 Peltor\u2122 Soundtrap\u2122 Tactical 6-S est un casque antibruit l\u00e9ger, tactique et \u00e9lectronique qui att\u00e9nue les bruits de haut niveau. Le casque 3M\u2122 Peltor\u2122 Soundtrap\u2122 Tactical 6-S amplifie efficacement les sons faibles et se replie facilement dans un petit paquet, correctement dimensionn\u00e9 dans une poche ou un sac pendant le transport. 3M est une ressource de premier plan pour la protection auditive, respiratoire et oculaire, les casques de communication et d&#039;autres produits de s\u00e9curit\u00e9 tactique.<\/p>\n<p><strong>Autres applications possibles:<\/strong><\/p>\n<ul>\n<li>Con\u00e7u pour percevoir et localiser les sons faibles tout en offrant une protection auditive dans les environnements tr\u00e8s bruyants<\/li>\n<\/ul>","protected":false},"excerpt":{"rendered":"<p>Le casque 3M\u2122 Peltor\u2122 Soundtrap\u2122 Tactical 6-S est con\u00e7u pour percevoir et localiser les sons faibles tout en offrant une protection auditive dans les environnements tr\u00e8s bruyants. Il est \u00e9galement petit, compact et pliable pour plus de facilit\u00e9 et de commodit\u00e9.<\/p>","protected":false},"featured_media":6147,"template":"","meta":[],"product_brand":[401],"product_cat":[50],"product_tag":[402],"class_list":{"0":"post-6156","1":"product","2":"type-product","3":"status-publish","4":"has-post-thumbnail","6":"product_brand-3m","7":"product_cat-personal-protective-equipment","8":"product_tag-3m","10":"first","11":"instock","12":"shipping-taxable","13":"product-type-simple"},"yoast_head":"<!-- This site is optimized with the Yoast SEO plugin v27.4 - https:\/\/yoast.com\/product\/yoast-seo-wordpress\/ -->\n<title>Peltor\u2122 Soundtrap\u2122 Tactical 6-S Headset, MT15H67FB-01, headband model - Safety Source Fire<\/title>\n<meta name=\"robots\" content=\"noindex, follow, max-snippet:-1, max-image-preview:large, max-video-preview:-1\" \/>\n<meta property=\"og:locale\" content=\"fr_CA\" \/>\n<meta property=\"og:type\" content=\"article\" \/>\n<meta property=\"og:title\" content=\"Peltor\u2122 Soundtrap\u2122 Tactical 6-S Headset, MT15H67FB-01, headband model - Safety Source Fire\" \/>\n<meta property=\"og:description\" content=\"3M\u2122 Peltor\u2122 Soundtrap\u2122 Tactical 6-S Headset is designed to perceive and localize weak sounds while offering hearing protection in high-noise environments. It is also small, compact and foldable for ease and convenience.\" \/>\n<meta property=\"og:url\" content=\"https:\/\/staging.safetysourcefire.ca\/fr_ca\/produit\/peltor-soundtrap-tactical-6-s-headset-mt15h67fb-01-headband-model\/\" \/>\n<meta property=\"og:site_name\" content=\"Safety Source Fire\" \/>\n<meta property=\"article:publisher\" content=\"https:\/\/www.facebook.com\/mmfssca\" \/>\n<meta property=\"article:modified_time\" content=\"2020-07-15T13:43:11+00:00\" \/>\n<meta property=\"og:image\" content=\"https:\/\/staging.safetysourcefire.ca\/wp-content\/uploads\/2018\/09\/tactical-6.jpg\" \/>\n\t<meta property=\"og:image:width\" content=\"399\" \/>\n\t<meta property=\"og:image:height\" content=\"399\" \/>\n\t<meta property=\"og:image:type\" content=\"image\/jpeg\" \/>\n<meta name=\"twitter:card\" content=\"summary_large_image\" \/>\n<meta name=\"twitter:site\" content=\"@mmfssca\" \/>\n<meta name=\"twitter:label1\" content=\"Estimation du temps de lecture\" \/>\n\t<meta name=\"twitter:data1\" content=\"1 minute\" \/>\n<script type=\"application\/ld+json\" class=\"yoast-schema-graph\">{\"@context\":\"https:\\\/\\\/schema.org\",\"@graph\":[{\"@type\":\"WebPage\",\"@id\":\"https:\\\/\\\/staging.safetysourcefire.ca\\\/product\\\/peltor-soundtrap-tactical-6-s-headset-mt15h67fb-01-headband-model\\\/\",\"url\":\"https:\\\/\\\/staging.safetysourcefire.ca\\\/product\\\/peltor-soundtrap-tactical-6-s-headset-mt15h67fb-01-headband-model\\\/\",\"name\":\"Peltor\u2122 Soundtrap\u2122 Tactical 6-S Headset, MT15H67FB-01, headband model - Safety Source Fire\",\"isPartOf\":{\"@id\":\"https:\\\/\\\/staging.safetysourcefire.ca\\\/#website\"},\"primaryImageOfPage\":{\"@id\":\"https:\\\/\\\/staging.safetysourcefire.ca\\\/product\\\/peltor-soundtrap-tactical-6-s-headset-mt15h67fb-01-headband-model\\\/#primaryimage\"},\"image\":{\"@id\":\"https:\\\/\\\/staging.safetysourcefire.ca\\\/product\\\/peltor-soundtrap-tactical-6-s-headset-mt15h67fb-01-headband-model\\\/#primaryimage\"},\"thumbnailUrl\":\"https:\\\/\\\/staging.safetysourcefire.ca\\\/wp-content\\\/uploads\\\/2018\\\/09\\\/tactical-6.jpg\",\"datePublished\":\"2018-11-20T01:00:52+00:00\",\"dateModified\":\"2020-07-15T13:43:11+00:00\",\"breadcrumb\":{\"@id\":\"https:\\\/\\\/staging.safetysourcefire.ca\\\/product\\\/peltor-soundtrap-tactical-6-s-headset-mt15h67fb-01-headband-model\\\/#breadcrumb\"},\"inLanguage\":\"fr-CA\",\"potentialAction\":[{\"@type\":\"ReadAction\",\"target\":[\"https:\\\/\\\/staging.safetysourcefire.ca\\\/product\\\/peltor-soundtrap-tactical-6-s-headset-mt15h67fb-01-headband-model\\\/\"]}]},{\"@type\":\"ImageObject\",\"inLanguage\":\"fr-CA\",\"@id\":\"https:\\\/\\\/staging.safetysourcefire.ca\\\/product\\\/peltor-soundtrap-tactical-6-s-headset-mt15h67fb-01-headband-model\\\/#primaryimage\",\"url\":\"https:\\\/\\\/staging.safetysourcefire.ca\\\/wp-content\\\/uploads\\\/2018\\\/09\\\/tactical-6.jpg\",\"contentUrl\":\"https:\\\/\\\/staging.safetysourcefire.ca\\\/wp-content\\\/uploads\\\/2018\\\/09\\\/tactical-6.jpg\",\"width\":399,\"height\":399,\"caption\":\"Earmuffs\"},{\"@type\":\"BreadcrumbList\",\"@id\":\"https:\\\/\\\/staging.safetysourcefire.ca\\\/product\\\/peltor-soundtrap-tactical-6-s-headset-mt15h67fb-01-headband-model\\\/#breadcrumb\",\"itemListElement\":[{\"@type\":\"ListItem\",\"position\":1,\"name\":\"Home\",\"item\":\"https:\\\/\\\/staging.safetysourcefire.ca\\\/\"},{\"@type\":\"ListItem\",\"position\":2,\"name\":\"Products\",\"item\":\"https:\\\/\\\/staging.safetysourcefire.ca\\\/shop\\\/\"},{\"@type\":\"ListItem\",\"position\":3,\"name\":\"Peltor\u2122 Soundtrap\u2122 Tactical 6-S Headset, MT15H67FB-01, headband model\"}]},{\"@type\":\"WebSite\",\"@id\":\"https:\\\/\\\/staging.safetysourcefire.ca\\\/#website\",\"url\":\"https:\\\/\\\/staging.safetysourcefire.ca\\\/\",\"name\":\"Safety Source Fire\",\"description\":\"\",\"publisher\":{\"@id\":\"https:\\\/\\\/staging.safetysourcefire.ca\\\/#organization\"},\"potentialAction\":[{\"@type\":\"SearchAction\",\"target\":{\"@type\":\"EntryPoint\",\"urlTemplate\":\"https:\\\/\\\/staging.safetysourcefire.ca\\\/?s={search_term_string}\"},\"query-input\":{\"@type\":\"PropertyValueSpecification\",\"valueRequired\":true,\"valueName\":\"search_term_string\"}}],\"inLanguage\":\"fr-CA\"},{\"@type\":\"Organization\",\"@id\":\"https:\\\/\\\/staging.safetysourcefire.ca\\\/#organization\",\"name\":\"Safety Source Fire\",\"url\":\"https:\\\/\\\/staging.safetysourcefire.ca\\\/\",\"logo\":{\"@type\":\"ImageObject\",\"inLanguage\":\"fr-CA\",\"@id\":\"https:\\\/\\\/staging.safetysourcefire.ca\\\/#\\\/schema\\\/logo\\\/image\\\/\",\"url\":\"https:\\\/\\\/staging.safetysourcefire.ca\\\/wp-content\\\/uploads\\\/2021\\\/01\\\/SSF_logo_CC0000-3.png\",\"contentUrl\":\"https:\\\/\\\/staging.safetysourcefire.ca\\\/wp-content\\\/uploads\\\/2021\\\/01\\\/SSF_logo_CC0000-3.png\",\"width\":1107,\"height\":365,\"caption\":\"Safety Source Fire\"},\"image\":{\"@id\":\"https:\\\/\\\/staging.safetysourcefire.ca\\\/#\\\/schema\\\/logo\\\/image\\\/\"},\"sameAs\":[\"https:\\\/\\\/www.facebook.com\\\/mmfssca\",\"https:\\\/\\\/x.com\\\/mmfssca\"]}]}<\/script>\n<!-- \/ Yoast SEO plugin. -->","yoast_head_json":{"title":"Peltor\u2122 Soundtrap\u2122 Tactical 6-S Headset, MT15H67FB-01, headband model - Safety Source Fire","robots":{"index":"noindex","follow":"follow","max-snippet":"max-snippet:-1","max-image-preview":"max-image-preview:large","max-video-preview":"max-video-preview:-1"},"og_locale":"fr_CA","og_type":"article","og_title":"Peltor\u2122 Soundtrap\u2122 Tactical 6-S Headset, MT15H67FB-01, headband model - Safety Source Fire","og_description":"3M\u2122 Peltor\u2122 Soundtrap\u2122 Tactical 6-S Headset is designed to perceive and localize weak sounds while offering hearing protection in high-noise environments. It is also small, compact and foldable for ease and convenience.","og_url":"https:\/\/staging.safetysourcefire.ca\/fr_ca\/produit\/peltor-soundtrap-tactical-6-s-headset-mt15h67fb-01-headband-model\/","og_site_name":"Safety Source Fire","article_publisher":"https:\/\/www.facebook.com\/mmfssca","article_modified_time":"2020-07-15T13:43:11+00:00","og_image":[{"width":399,"height":399,"url":"https:\/\/staging.safetysourcefire.ca\/wp-content\/uploads\/2018\/09\/tactical-6.jpg","type":"image\/jpeg"}],"twitter_card":"summary_large_image","twitter_site":"@mmfssca","twitter_misc":{"Estimation du temps de lecture":"1 minute"},"schema":{"@context":"https:\/\/schema.org","@graph":[{"@type":"WebPage","@id":"https:\/\/staging.safetysourcefire.ca\/product\/peltor-soundtrap-tactical-6-s-headset-mt15h67fb-01-headband-model\/","url":"https:\/\/staging.safetysourcefire.ca\/product\/peltor-soundtrap-tactical-6-s-headset-mt15h67fb-01-headband-model\/","name":"Peltor\u2122 Soundtrap\u2122 Tactical 6-S Headset, MT15H67FB-01, headband model - Safety Source Fire","isPartOf":{"@id":"https:\/\/staging.safetysourcefire.ca\/#website"},"primaryImageOfPage":{"@id":"https:\/\/staging.safetysourcefire.ca\/product\/peltor-soundtrap-tactical-6-s-headset-mt15h67fb-01-headband-model\/#primaryimage"},"image":{"@id":"https:\/\/staging.safetysourcefire.ca\/product\/peltor-soundtrap-tactical-6-s-headset-mt15h67fb-01-headband-model\/#primaryimage"},"thumbnailUrl":"https:\/\/staging.safetysourcefire.ca\/wp-content\/uploads\/2018\/09\/tactical-6.jpg","datePublished":"2018-11-20T01:00:52+00:00","dateModified":"2020-07-15T13:43:11+00:00","breadcrumb":{"@id":"https:\/\/staging.safetysourcefire.ca\/product\/peltor-soundtrap-tactical-6-s-headset-mt15h67fb-01-headband-model\/#breadcrumb"},"inLanguage":"fr-CA","potentialAction":[{"@type":"ReadAction","target":["https:\/\/staging.safetysourcefire.ca\/product\/peltor-soundtrap-tactical-6-s-headset-mt15h67fb-01-headband-model\/"]}]},{"@type":"ImageObject","inLanguage":"fr-CA","@id":"https:\/\/staging.safetysourcefire.ca\/product\/peltor-soundtrap-tactical-6-s-headset-mt15h67fb-01-headband-model\/#primaryimage","url":"https:\/\/staging.safetysourcefire.ca\/wp-content\/uploads\/2018\/09\/tactical-6.jpg","contentUrl":"https:\/\/staging.safetysourcefire.ca\/wp-content\/uploads\/2018\/09\/tactical-6.jpg","width":399,"height":399,"caption":"Earmuffs"},{"@type":"BreadcrumbList","@id":"https:\/\/staging.safetysourcefire.ca\/product\/peltor-soundtrap-tactical-6-s-headset-mt15h67fb-01-headband-model\/#breadcrumb","itemListElement":[{"@type":"ListItem","position":1,"name":"Home","item":"https:\/\/staging.safetysourcefire.ca\/"},{"@type":"ListItem","position":2,"name":"Products","item":"https:\/\/staging.safetysourcefire.ca\/shop\/"},{"@type":"ListItem","position":3,"name":"Peltor\u2122 Soundtrap\u2122 Tactical 6-S Headset, MT15H67FB-01, headband model"}]},{"@type":"WebSite","@id":"https:\/\/staging.safetysourcefire.ca\/#website","url":"https:\/\/staging.safetysourcefire.ca\/","name":"Safety Source Fire","description":"","publisher":{"@id":"https:\/\/staging.safetysourcefire.ca\/#organization"},"potentialAction":[{"@type":"SearchAction","target":{"@type":"EntryPoint","urlTemplate":"https:\/\/staging.safetysourcefire.ca\/?s={search_term_string}"},"query-input":{"@type":"PropertyValueSpecification","valueRequired":true,"valueName":"search_term_string"}}],"inLanguage":"fr-CA"},{"@type":"Organization","@id":"https:\/\/staging.safetysourcefire.ca\/#organization","name":"Safety Source Fire","url":"https:\/\/staging.safetysourcefire.ca\/","logo":{"@type":"ImageObject","inLanguage":"fr-CA","@id":"https:\/\/staging.safetysourcefire.ca\/#\/schema\/logo\/image\/","url":"https:\/\/staging.safetysourcefire.ca\/wp-content\/uploads\/2021\/01\/SSF_logo_CC0000-3.png","contentUrl":"https:\/\/staging.safetysourcefire.ca\/wp-content\/uploads\/2021\/01\/SSF_logo_CC0000-3.png","width":1107,"height":365,"caption":"Safety Source Fire"},"image":{"@id":"https:\/\/staging.safetysourcefire.ca\/#\/schema\/logo\/image\/"},"sameAs":["https:\/\/www.facebook.com\/mmfssca","https:\/\/x.com\/mmfssca"]}]}},"_links":{"self":[{"href":"https:\/\/staging.safetysourcefire.ca\/fr_ca\/wp-json\/wp\/v2\/product\/6156","targetHints":{"allow":["GET"]}}],"collection":[{"href":"https:\/\/staging.safetysourcefire.ca\/fr_ca\/wp-json\/wp\/v2\/product"}],"about":[{"href":"https:\/\/staging.safetysourcefire.ca\/fr_ca\/wp-json\/wp\/v2\/types\/product"}],"wp:featuredmedia":[{"embeddable":true,"href":"https:\/\/staging.safetysourcefire.ca\/fr_ca\/wp-json\/wp\/v2\/media\/6147"}],"wp:attachment":[{"href":"https:\/\/staging.safetysourcefire.ca\/fr_ca\/wp-json\/wp\/v2\/media?parent=6156"}],"wp:term":[{"taxonomy":"product_brand","embeddable":true,"href":"https:\/\/staging.safetysourcefire.ca\/fr_ca\/wp-json\/wp\/v2\/product_brand?post=6156"},{"taxonomy":"product_cat","embeddable":true,"href":"https:\/\/staging.safetysourcefire.ca\/fr_ca\/wp-json\/wp\/v2\/product_cat?post=6156"},{"taxonomy":"product_tag","embeddable":true,"href":"https:\/\/staging.safetysourcefire.ca\/fr_ca\/wp-json\/wp\/v2\/product_tag?post=6156"}],"curies":[{"name":"wp","href":"https:\/\/api.w.org\/{rel}","templated":true}]}}