{"id":6153,"date":"2018-09-14T14:57:45","date_gmt":"2018-09-14T14:57:45","guid":{"rendered":"https:\/\/mmfss.ca\/?post_type=product&#038;p=6153"},"modified":"2020-07-15T13:43:39","modified_gmt":"2020-07-15T13:43:39","slug":"peltor-optime-101-cap-mount-earmuffs-h7p3e-black-green","status":"publish","type":"product","link":"https:\/\/staging.safetysourcefire.ca\/fr_ca\/produit\/peltor-optime-101-cap-mount-earmuffs-h7p3e-black-green\/","title":{"rendered":"Cache-oreilles Peltor\u2122 Optime 101 \u00e0 montage sur capuchon, H7P3E, noir\/vert"},"content":{"rendered":"<ul>\n<li>Pour des niveaux de bruit jusqu&#039;\u00e0 101 dBA<\/li>\n<li>Le bandeau en acier inoxydable fournit une force constante<\/li>\n<li>Coussinets d&#039;oreille remplis de liquide\/mousse pour un port confortable \u00e0 long terme<\/li>\n<li>Code couleur pour l&#039;observation de la conformit\u00e9<\/li>\n<li>Indice de r\u00e9duction du bruit (NRR)*\u00a0: 24 dB. CSA classe A<\/li>\n<li>3M m\u00e8ne l&#039;avancement de la conservation de l&#039;audition<\/li>\n<\/ul>\n<p>Les casques antibruit \u00e0 montage sur capuchon 3M\u2122 Peltor\u2122 Optime 101 H7P3E offrent une protection auditive efficace et sont con\u00e7us pour des niveaux de bruit allant jusqu&#039;\u00e0 101 dBA. Il dispose d&#039;un accessoire de montage universel qui s&#039;adapte \u00e0 la plupart des casques de protection et d&#039;un codage couleur pour l&#039;observation de la conformit\u00e9.<\/p>\n<p><strong>Autres applications possibles:<\/strong><\/p>\n<ul>\n<li>Indice de r\u00e9duction du bruit (NRR)*\u00a0: 24\u00a0dB. CSA classe A<\/li>\n<li>Protection auditive<\/li>\n<\/ul>","protected":false},"excerpt":{"rendered":"<p>Les cache-oreilles 3M\u2122 Peltor\u2122 Optime 101 \u00e0 montage sur capuchon H7P3E s&#039;adaptent bien \u00e0 la plupart des casques, lunettes et autres \u00e9quipements de s\u00e9curit\u00e9.<\/p>","protected":false},"featured_media":6144,"template":"","meta":[],"product_brand":[401],"product_cat":[50],"product_tag":[402],"class_list":{"0":"post-6153","1":"product","2":"type-product","3":"status-publish","4":"has-post-thumbnail","6":"product_brand-3m","7":"product_cat-personal-protective-equipment","8":"product_tag-3m","10":"first","11":"instock","12":"shipping-taxable","13":"product-type-simple"},"yoast_head":"<!-- This site is optimized with the Yoast SEO plugin v27.4 - https:\/\/yoast.com\/product\/yoast-seo-wordpress\/ -->\n<title>Peltor\u2122 Optime 101 Cap-Mount Earmuffs, H7P3E, black\/green - Safety Source Fire<\/title>\n<meta name=\"robots\" content=\"noindex, follow, max-snippet:-1, max-image-preview:large, max-video-preview:-1\" \/>\n<meta property=\"og:locale\" content=\"fr_CA\" \/>\n<meta property=\"og:type\" content=\"article\" \/>\n<meta property=\"og:title\" content=\"Peltor\u2122 Optime 101 Cap-Mount Earmuffs, H7P3E, black\/green - Safety Source Fire\" \/>\n<meta property=\"og:description\" content=\"3M\u2122 Peltor\u2122 Optime 101 Cap-Mount Earmuffs H7P3E fits well with most helmets, eyewear and other safety equipment.\" \/>\n<meta property=\"og:url\" content=\"https:\/\/staging.safetysourcefire.ca\/fr_ca\/produit\/peltor-optime-101-cap-mount-earmuffs-h7p3e-black-green\/\" \/>\n<meta property=\"og:site_name\" content=\"Safety Source Fire\" \/>\n<meta property=\"article:publisher\" content=\"https:\/\/www.facebook.com\/mmfssca\" \/>\n<meta property=\"article:modified_time\" content=\"2020-07-15T13:43:39+00:00\" \/>\n<meta property=\"og:image\" content=\"https:\/\/staging.safetysourcefire.ca\/wp-content\/uploads\/2018\/09\/H7P3E.jpg\" \/>\n\t<meta property=\"og:image:width\" content=\"600\" \/>\n\t<meta property=\"og:image:height\" content=\"600\" \/>\n\t<meta property=\"og:image:type\" content=\"image\/jpeg\" \/>\n<meta name=\"twitter:card\" content=\"summary_large_image\" \/>\n<meta name=\"twitter:site\" content=\"@mmfssca\" \/>\n<script type=\"application\/ld+json\" class=\"yoast-schema-graph\">{\"@context\":\"https:\\\/\\\/schema.org\",\"@graph\":[{\"@type\":\"WebPage\",\"@id\":\"https:\\\/\\\/staging.safetysourcefire.ca\\\/product\\\/peltor-optime-101-cap-mount-earmuffs-h7p3e-black-green\\\/\",\"url\":\"https:\\\/\\\/staging.safetysourcefire.ca\\\/product\\\/peltor-optime-101-cap-mount-earmuffs-h7p3e-black-green\\\/\",\"name\":\"Peltor\u2122 Optime 101 Cap-Mount Earmuffs, H7P3E, black\\\/green - Safety Source Fire\",\"isPartOf\":{\"@id\":\"https:\\\/\\\/staging.safetysourcefire.ca\\\/#website\"},\"primaryImageOfPage\":{\"@id\":\"https:\\\/\\\/staging.safetysourcefire.ca\\\/product\\\/peltor-optime-101-cap-mount-earmuffs-h7p3e-black-green\\\/#primaryimage\"},\"image\":{\"@id\":\"https:\\\/\\\/staging.safetysourcefire.ca\\\/product\\\/peltor-optime-101-cap-mount-earmuffs-h7p3e-black-green\\\/#primaryimage\"},\"thumbnailUrl\":\"https:\\\/\\\/staging.safetysourcefire.ca\\\/wp-content\\\/uploads\\\/2018\\\/09\\\/H7P3E.jpg\",\"datePublished\":\"2018-09-14T14:57:45+00:00\",\"dateModified\":\"2020-07-15T13:43:39+00:00\",\"breadcrumb\":{\"@id\":\"https:\\\/\\\/staging.safetysourcefire.ca\\\/product\\\/peltor-optime-101-cap-mount-earmuffs-h7p3e-black-green\\\/#breadcrumb\"},\"inLanguage\":\"fr-CA\",\"potentialAction\":[{\"@type\":\"ReadAction\",\"target\":[\"https:\\\/\\\/staging.safetysourcefire.ca\\\/product\\\/peltor-optime-101-cap-mount-earmuffs-h7p3e-black-green\\\/\"]}]},{\"@type\":\"ImageObject\",\"inLanguage\":\"fr-CA\",\"@id\":\"https:\\\/\\\/staging.safetysourcefire.ca\\\/product\\\/peltor-optime-101-cap-mount-earmuffs-h7p3e-black-green\\\/#primaryimage\",\"url\":\"https:\\\/\\\/staging.safetysourcefire.ca\\\/wp-content\\\/uploads\\\/2018\\\/09\\\/H7P3E.jpg\",\"contentUrl\":\"https:\\\/\\\/staging.safetysourcefire.ca\\\/wp-content\\\/uploads\\\/2018\\\/09\\\/H7P3E.jpg\",\"width\":600,\"height\":600,\"caption\":\"earmuffs\"},{\"@type\":\"BreadcrumbList\",\"@id\":\"https:\\\/\\\/staging.safetysourcefire.ca\\\/product\\\/peltor-optime-101-cap-mount-earmuffs-h7p3e-black-green\\\/#breadcrumb\",\"itemListElement\":[{\"@type\":\"ListItem\",\"position\":1,\"name\":\"Home\",\"item\":\"https:\\\/\\\/staging.safetysourcefire.ca\\\/\"},{\"@type\":\"ListItem\",\"position\":2,\"name\":\"Products\",\"item\":\"https:\\\/\\\/staging.safetysourcefire.ca\\\/shop\\\/\"},{\"@type\":\"ListItem\",\"position\":3,\"name\":\"Peltor\u2122 Optime 101 Cap-Mount Earmuffs, H7P3E, black\\\/green\"}]},{\"@type\":\"WebSite\",\"@id\":\"https:\\\/\\\/staging.safetysourcefire.ca\\\/#website\",\"url\":\"https:\\\/\\\/staging.safetysourcefire.ca\\\/\",\"name\":\"Safety Source Fire\",\"description\":\"\",\"publisher\":{\"@id\":\"https:\\\/\\\/staging.safetysourcefire.ca\\\/#organization\"},\"potentialAction\":[{\"@type\":\"SearchAction\",\"target\":{\"@type\":\"EntryPoint\",\"urlTemplate\":\"https:\\\/\\\/staging.safetysourcefire.ca\\\/?s={search_term_string}\"},\"query-input\":{\"@type\":\"PropertyValueSpecification\",\"valueRequired\":true,\"valueName\":\"search_term_string\"}}],\"inLanguage\":\"fr-CA\"},{\"@type\":\"Organization\",\"@id\":\"https:\\\/\\\/staging.safetysourcefire.ca\\\/#organization\",\"name\":\"Safety Source Fire\",\"url\":\"https:\\\/\\\/staging.safetysourcefire.ca\\\/\",\"logo\":{\"@type\":\"ImageObject\",\"inLanguage\":\"fr-CA\",\"@id\":\"https:\\\/\\\/staging.safetysourcefire.ca\\\/#\\\/schema\\\/logo\\\/image\\\/\",\"url\":\"https:\\\/\\\/staging.safetysourcefire.ca\\\/wp-content\\\/uploads\\\/2021\\\/01\\\/SSF_logo_CC0000-3.png\",\"contentUrl\":\"https:\\\/\\\/staging.safetysourcefire.ca\\\/wp-content\\\/uploads\\\/2021\\\/01\\\/SSF_logo_CC0000-3.png\",\"width\":1107,\"height\":365,\"caption\":\"Safety Source Fire\"},\"image\":{\"@id\":\"https:\\\/\\\/staging.safetysourcefire.ca\\\/#\\\/schema\\\/logo\\\/image\\\/\"},\"sameAs\":[\"https:\\\/\\\/www.facebook.com\\\/mmfssca\",\"https:\\\/\\\/x.com\\\/mmfssca\"]}]}<\/script>\n<!-- \/ Yoast SEO plugin. -->","yoast_head_json":{"title":"Peltor\u2122 Optime 101 Cap-Mount Earmuffs, H7P3E, black\/green - Safety Source Fire","robots":{"index":"noindex","follow":"follow","max-snippet":"max-snippet:-1","max-image-preview":"max-image-preview:large","max-video-preview":"max-video-preview:-1"},"og_locale":"fr_CA","og_type":"article","og_title":"Peltor\u2122 Optime 101 Cap-Mount Earmuffs, H7P3E, black\/green - Safety Source Fire","og_description":"3M\u2122 Peltor\u2122 Optime 101 Cap-Mount Earmuffs H7P3E fits well with most helmets, eyewear and other safety equipment.","og_url":"https:\/\/staging.safetysourcefire.ca\/fr_ca\/produit\/peltor-optime-101-cap-mount-earmuffs-h7p3e-black-green\/","og_site_name":"Safety Source Fire","article_publisher":"https:\/\/www.facebook.com\/mmfssca","article_modified_time":"2020-07-15T13:43:39+00:00","og_image":[{"width":600,"height":600,"url":"https:\/\/staging.safetysourcefire.ca\/wp-content\/uploads\/2018\/09\/H7P3E.jpg","type":"image\/jpeg"}],"twitter_card":"summary_large_image","twitter_site":"@mmfssca","schema":{"@context":"https:\/\/schema.org","@graph":[{"@type":"WebPage","@id":"https:\/\/staging.safetysourcefire.ca\/product\/peltor-optime-101-cap-mount-earmuffs-h7p3e-black-green\/","url":"https:\/\/staging.safetysourcefire.ca\/product\/peltor-optime-101-cap-mount-earmuffs-h7p3e-black-green\/","name":"Peltor\u2122 Optime 101 Cap-Mount Earmuffs, H7P3E, black\/green - Safety Source Fire","isPartOf":{"@id":"https:\/\/staging.safetysourcefire.ca\/#website"},"primaryImageOfPage":{"@id":"https:\/\/staging.safetysourcefire.ca\/product\/peltor-optime-101-cap-mount-earmuffs-h7p3e-black-green\/#primaryimage"},"image":{"@id":"https:\/\/staging.safetysourcefire.ca\/product\/peltor-optime-101-cap-mount-earmuffs-h7p3e-black-green\/#primaryimage"},"thumbnailUrl":"https:\/\/staging.safetysourcefire.ca\/wp-content\/uploads\/2018\/09\/H7P3E.jpg","datePublished":"2018-09-14T14:57:45+00:00","dateModified":"2020-07-15T13:43:39+00:00","breadcrumb":{"@id":"https:\/\/staging.safetysourcefire.ca\/product\/peltor-optime-101-cap-mount-earmuffs-h7p3e-black-green\/#breadcrumb"},"inLanguage":"fr-CA","potentialAction":[{"@type":"ReadAction","target":["https:\/\/staging.safetysourcefire.ca\/product\/peltor-optime-101-cap-mount-earmuffs-h7p3e-black-green\/"]}]},{"@type":"ImageObject","inLanguage":"fr-CA","@id":"https:\/\/staging.safetysourcefire.ca\/product\/peltor-optime-101-cap-mount-earmuffs-h7p3e-black-green\/#primaryimage","url":"https:\/\/staging.safetysourcefire.ca\/wp-content\/uploads\/2018\/09\/H7P3E.jpg","contentUrl":"https:\/\/staging.safetysourcefire.ca\/wp-content\/uploads\/2018\/09\/H7P3E.jpg","width":600,"height":600,"caption":"earmuffs"},{"@type":"BreadcrumbList","@id":"https:\/\/staging.safetysourcefire.ca\/product\/peltor-optime-101-cap-mount-earmuffs-h7p3e-black-green\/#breadcrumb","itemListElement":[{"@type":"ListItem","position":1,"name":"Home","item":"https:\/\/staging.safetysourcefire.ca\/"},{"@type":"ListItem","position":2,"name":"Products","item":"https:\/\/staging.safetysourcefire.ca\/shop\/"},{"@type":"ListItem","position":3,"name":"Peltor\u2122 Optime 101 Cap-Mount Earmuffs, H7P3E, black\/green"}]},{"@type":"WebSite","@id":"https:\/\/staging.safetysourcefire.ca\/#website","url":"https:\/\/staging.safetysourcefire.ca\/","name":"Safety Source Fire","description":"","publisher":{"@id":"https:\/\/staging.safetysourcefire.ca\/#organization"},"potentialAction":[{"@type":"SearchAction","target":{"@type":"EntryPoint","urlTemplate":"https:\/\/staging.safetysourcefire.ca\/?s={search_term_string}"},"query-input":{"@type":"PropertyValueSpecification","valueRequired":true,"valueName":"search_term_string"}}],"inLanguage":"fr-CA"},{"@type":"Organization","@id":"https:\/\/staging.safetysourcefire.ca\/#organization","name":"Safety Source Fire","url":"https:\/\/staging.safetysourcefire.ca\/","logo":{"@type":"ImageObject","inLanguage":"fr-CA","@id":"https:\/\/staging.safetysourcefire.ca\/#\/schema\/logo\/image\/","url":"https:\/\/staging.safetysourcefire.ca\/wp-content\/uploads\/2021\/01\/SSF_logo_CC0000-3.png","contentUrl":"https:\/\/staging.safetysourcefire.ca\/wp-content\/uploads\/2021\/01\/SSF_logo_CC0000-3.png","width":1107,"height":365,"caption":"Safety Source Fire"},"image":{"@id":"https:\/\/staging.safetysourcefire.ca\/#\/schema\/logo\/image\/"},"sameAs":["https:\/\/www.facebook.com\/mmfssca","https:\/\/x.com\/mmfssca"]}]}},"_links":{"self":[{"href":"https:\/\/staging.safetysourcefire.ca\/fr_ca\/wp-json\/wp\/v2\/product\/6153","targetHints":{"allow":["GET"]}}],"collection":[{"href":"https:\/\/staging.safetysourcefire.ca\/fr_ca\/wp-json\/wp\/v2\/product"}],"about":[{"href":"https:\/\/staging.safetysourcefire.ca\/fr_ca\/wp-json\/wp\/v2\/types\/product"}],"wp:featuredmedia":[{"embeddable":true,"href":"https:\/\/staging.safetysourcefire.ca\/fr_ca\/wp-json\/wp\/v2\/media\/6144"}],"wp:attachment":[{"href":"https:\/\/staging.safetysourcefire.ca\/fr_ca\/wp-json\/wp\/v2\/media?parent=6153"}],"wp:term":[{"taxonomy":"product_brand","embeddable":true,"href":"https:\/\/staging.safetysourcefire.ca\/fr_ca\/wp-json\/wp\/v2\/product_brand?post=6153"},{"taxonomy":"product_cat","embeddable":true,"href":"https:\/\/staging.safetysourcefire.ca\/fr_ca\/wp-json\/wp\/v2\/product_cat?post=6153"},{"taxonomy":"product_tag","embeddable":true,"href":"https:\/\/staging.safetysourcefire.ca\/fr_ca\/wp-json\/wp\/v2\/product_tag?post=6153"}],"curies":[{"name":"wp","href":"https:\/\/api.w.org\/{rel}","templated":true}]}}