{"id":6151,"date":"2018-12-11T07:00:30","date_gmt":"2018-12-11T07:00:30","guid":{"rendered":"https:\/\/mmfss.ca\/?post_type=product&#038;p=6151"},"modified":"2021-04-09T16:00:58","modified_gmt":"2021-04-09T16:00:58","slug":"particulate-respirator-8210v-n95","status":"publish","type":"product","link":"https:\/\/staging.safetysourcefire.ca\/fr_ca\/produit\/particulate-respirator-8210v-n95\/","title":{"rendered":"Respirateur  N95 contre les particules, 8210V"},"content":{"rendered":"<ul>\n<li>N95<\/li>\n<li>Valve 3M\u2122 Cool Flow\u2122 pour un confort accru - l'air est plus frais et plus sec<\/li>\n<li>Conception l\u00e9g\u00e8re et \u00e9quilibr\u00e9e<\/li>\n<li>La conception \u00e0 deux sangles avec fixation \u00e0 deux points aide \u00e0 fournir un ajustement fiable<\/li>\n<li>Jetable<\/li>\n<\/ul>\n<p>Le respirateur contre les particules 3M\u2122 8210V N95 est con\u00e7u pour aider \u00e0 fournir une protection respiratoire fiable et de qualit\u00e9 aux travailleurs. 3M utilise une vari\u00e9t\u00e9 de fonctionnalit\u00e9s innovantes pour vous aider \u00e0 r\u00e9pondre \u00e0 vos besoins de protection respiratoire et de confort. Le respirateur int\u00e8gre la technologie exclusive de 3M avec un m\u00e9dia filtrant avanc\u00e9 en microfibres charg\u00e9es \u00e9lectrostatiquement. La soupape d'expiration exclusive 3M\u2122 Cool Flow\u2122 r\u00e9duit l'accumulation de chaleur \u00e0 l'int\u00e9rieur du respirateur pour aider \u00e0 garder l'utilisateur plus confortable. Il est dot\u00e9 d'un pince-nez r\u00e9glable et d'une mousse nasale rembourr\u00e9e qui offrent un ajustement personnalis\u00e9 avec un joint s\u00e9curis\u00e9 et repens\u00e9 pour aider \u00e0 fournir une protection respiratoire fiable et de qualit\u00e9 aux travailleurs.<\/p>","protected":false},"excerpt":{"rendered":"<p>Ce respirateur anti-particules 3M \u2122 jetable N95 dot\u00e9 de la valve 3M \u2122 Cool Flow \u2122 aide \u00e0 fournir une protection respiratoire confortable et fiable aux travailleurs contre certaines particules non \u00e0 base d'huile. Id\u00e9al pour les environnements de travail chauds et poussi\u00e9reux ou les longues p\u00e9riodes d'utilisation.<\/p>","protected":false},"featured_media":6138,"template":"","meta":[],"product_brand":[401],"product_cat":[462,123,466,50],"product_tag":[402],"class_list":{"0":"post-6151","1":"product","2":"type-product","3":"status-publish","4":"has-post-thumbnail","6":"product_brand-3m","7":"product_cat-emergency-preparedness","8":"product_cat-hazmat-ppe","9":"product_cat-pandemic","10":"product_cat-personal-protective-equipment","11":"product_tag-3m","13":"first","14":"instock","15":"shipping-taxable","16":"product-type-simple"},"yoast_head":"<!-- This site is optimized with the Yoast SEO plugin v27.4 - https:\/\/yoast.com\/product\/yoast-seo-wordpress\/ -->\n<title>Particulate Respirator, 8210V, N95 - Safety Source Fire<\/title>\n<meta name=\"robots\" content=\"noindex, follow, max-snippet:-1, max-image-preview:large, max-video-preview:-1\" \/>\n<meta property=\"og:locale\" content=\"fr_CA\" \/>\n<meta property=\"og:type\" content=\"article\" \/>\n<meta property=\"og:title\" content=\"Particulate Respirator, 8210V, N95 - Safety Source Fire\" \/>\n<meta property=\"og:description\" content=\"This disposable 3M\u2122 Particulate Respirator N95 featuring the 3M\u2122 Cool Flow\u2122 Valve helps provide comfortable, reliable worker respiratory protection against certain non-oil based particles. Ideally suited for hot and dusty work settings or long periods of wear.\" \/>\n<meta property=\"og:url\" content=\"https:\/\/staging.safetysourcefire.ca\/fr_ca\/produit\/particulate-respirator-8210v-n95\/\" \/>\n<meta property=\"og:site_name\" content=\"Safety Source Fire\" \/>\n<meta property=\"article:publisher\" content=\"https:\/\/www.facebook.com\/mmfssca\" \/>\n<meta property=\"article:modified_time\" content=\"2021-04-09T16:00:58+00:00\" \/>\n<meta property=\"og:image\" content=\"https:\/\/staging.safetysourcefire.ca\/wp-content\/uploads\/2018\/09\/8210V.jpg\" \/>\n\t<meta property=\"og:image:width\" content=\"600\" \/>\n\t<meta property=\"og:image:height\" content=\"600\" \/>\n\t<meta property=\"og:image:type\" content=\"image\/jpeg\" \/>\n<meta name=\"twitter:card\" content=\"summary_large_image\" \/>\n<meta name=\"twitter:site\" content=\"@mmfssca\" \/>\n<meta name=\"twitter:label1\" content=\"Estimation du temps de lecture\" \/>\n\t<meta name=\"twitter:data1\" content=\"1 minute\" \/>\n<script type=\"application\/ld+json\" class=\"yoast-schema-graph\">{\"@context\":\"https:\\\/\\\/schema.org\",\"@graph\":[{\"@type\":\"WebPage\",\"@id\":\"https:\\\/\\\/staging.safetysourcefire.ca\\\/product\\\/particulate-respirator-8210v-n95\\\/\",\"url\":\"https:\\\/\\\/staging.safetysourcefire.ca\\\/product\\\/particulate-respirator-8210v-n95\\\/\",\"name\":\"Particulate Respirator, 8210V, N95 - Safety Source Fire\",\"isPartOf\":{\"@id\":\"https:\\\/\\\/staging.safetysourcefire.ca\\\/#website\"},\"primaryImageOfPage\":{\"@id\":\"https:\\\/\\\/staging.safetysourcefire.ca\\\/product\\\/particulate-respirator-8210v-n95\\\/#primaryimage\"},\"image\":{\"@id\":\"https:\\\/\\\/staging.safetysourcefire.ca\\\/product\\\/particulate-respirator-8210v-n95\\\/#primaryimage\"},\"thumbnailUrl\":\"https:\\\/\\\/staging.safetysourcefire.ca\\\/wp-content\\\/uploads\\\/2018\\\/09\\\/8210V.jpg\",\"datePublished\":\"2018-12-11T07:00:30+00:00\",\"dateModified\":\"2021-04-09T16:00:58+00:00\",\"breadcrumb\":{\"@id\":\"https:\\\/\\\/staging.safetysourcefire.ca\\\/product\\\/particulate-respirator-8210v-n95\\\/#breadcrumb\"},\"inLanguage\":\"fr-CA\",\"potentialAction\":[{\"@type\":\"ReadAction\",\"target\":[\"https:\\\/\\\/staging.safetysourcefire.ca\\\/product\\\/particulate-respirator-8210v-n95\\\/\"]}]},{\"@type\":\"ImageObject\",\"inLanguage\":\"fr-CA\",\"@id\":\"https:\\\/\\\/staging.safetysourcefire.ca\\\/product\\\/particulate-respirator-8210v-n95\\\/#primaryimage\",\"url\":\"https:\\\/\\\/staging.safetysourcefire.ca\\\/wp-content\\\/uploads\\\/2018\\\/09\\\/8210V.jpg\",\"contentUrl\":\"https:\\\/\\\/staging.safetysourcefire.ca\\\/wp-content\\\/uploads\\\/2018\\\/09\\\/8210V.jpg\",\"width\":600,\"height\":600,\"caption\":\"Particulate Respirator\"},{\"@type\":\"BreadcrumbList\",\"@id\":\"https:\\\/\\\/staging.safetysourcefire.ca\\\/product\\\/particulate-respirator-8210v-n95\\\/#breadcrumb\",\"itemListElement\":[{\"@type\":\"ListItem\",\"position\":1,\"name\":\"Home\",\"item\":\"https:\\\/\\\/staging.safetysourcefire.ca\\\/\"},{\"@type\":\"ListItem\",\"position\":2,\"name\":\"Products\",\"item\":\"https:\\\/\\\/staging.safetysourcefire.ca\\\/shop\\\/\"},{\"@type\":\"ListItem\",\"position\":3,\"name\":\"Particulate Respirator, 8210V, N95\"}]},{\"@type\":\"WebSite\",\"@id\":\"https:\\\/\\\/staging.safetysourcefire.ca\\\/#website\",\"url\":\"https:\\\/\\\/staging.safetysourcefire.ca\\\/\",\"name\":\"Safety Source Fire\",\"description\":\"\",\"publisher\":{\"@id\":\"https:\\\/\\\/staging.safetysourcefire.ca\\\/#organization\"},\"potentialAction\":[{\"@type\":\"SearchAction\",\"target\":{\"@type\":\"EntryPoint\",\"urlTemplate\":\"https:\\\/\\\/staging.safetysourcefire.ca\\\/?s={search_term_string}\"},\"query-input\":{\"@type\":\"PropertyValueSpecification\",\"valueRequired\":true,\"valueName\":\"search_term_string\"}}],\"inLanguage\":\"fr-CA\"},{\"@type\":\"Organization\",\"@id\":\"https:\\\/\\\/staging.safetysourcefire.ca\\\/#organization\",\"name\":\"Safety Source Fire\",\"url\":\"https:\\\/\\\/staging.safetysourcefire.ca\\\/\",\"logo\":{\"@type\":\"ImageObject\",\"inLanguage\":\"fr-CA\",\"@id\":\"https:\\\/\\\/staging.safetysourcefire.ca\\\/#\\\/schema\\\/logo\\\/image\\\/\",\"url\":\"https:\\\/\\\/staging.safetysourcefire.ca\\\/wp-content\\\/uploads\\\/2021\\\/01\\\/SSF_logo_CC0000-3.png\",\"contentUrl\":\"https:\\\/\\\/staging.safetysourcefire.ca\\\/wp-content\\\/uploads\\\/2021\\\/01\\\/SSF_logo_CC0000-3.png\",\"width\":1107,\"height\":365,\"caption\":\"Safety Source Fire\"},\"image\":{\"@id\":\"https:\\\/\\\/staging.safetysourcefire.ca\\\/#\\\/schema\\\/logo\\\/image\\\/\"},\"sameAs\":[\"https:\\\/\\\/www.facebook.com\\\/mmfssca\",\"https:\\\/\\\/x.com\\\/mmfssca\"]}]}<\/script>\n<!-- \/ Yoast SEO plugin. -->","yoast_head_json":{"title":"Respirateur \u00e0 particules, 8210V, N95 - Safety Source Fire","robots":{"index":"noindex","follow":"follow","max-snippet":"max-snippet:-1","max-image-preview":"max-image-preview:large","max-video-preview":"max-video-preview:-1"},"og_locale":"fr_CA","og_type":"article","og_title":"Particulate Respirator, 8210V, N95 - Safety Source Fire","og_description":"This disposable 3M\u2122 Particulate Respirator N95 featuring the 3M\u2122 Cool Flow\u2122 Valve helps provide comfortable, reliable worker respiratory protection against certain non-oil based particles. Ideally suited for hot and dusty work settings or long periods of wear.","og_url":"https:\/\/staging.safetysourcefire.ca\/fr_ca\/produit\/particulate-respirator-8210v-n95\/","og_site_name":"Safety Source Fire","article_publisher":"https:\/\/www.facebook.com\/mmfssca","article_modified_time":"2021-04-09T16:00:58+00:00","og_image":[{"width":600,"height":600,"url":"https:\/\/staging.safetysourcefire.ca\/wp-content\/uploads\/2018\/09\/8210V.jpg","type":"image\/jpeg"}],"twitter_card":"summary_large_image","twitter_site":"@mmfssca","twitter_misc":{"Estimation du temps de lecture":"1 minute"},"schema":{"@context":"https:\/\/schema.org","@graph":[{"@type":"WebPage","@id":"https:\/\/staging.safetysourcefire.ca\/product\/particulate-respirator-8210v-n95\/","url":"https:\/\/staging.safetysourcefire.ca\/product\/particulate-respirator-8210v-n95\/","name":"Respirateur \u00e0 particules, 8210V, N95 - Safety Source Fire","isPartOf":{"@id":"https:\/\/staging.safetysourcefire.ca\/#website"},"primaryImageOfPage":{"@id":"https:\/\/staging.safetysourcefire.ca\/product\/particulate-respirator-8210v-n95\/#primaryimage"},"image":{"@id":"https:\/\/staging.safetysourcefire.ca\/product\/particulate-respirator-8210v-n95\/#primaryimage"},"thumbnailUrl":"https:\/\/staging.safetysourcefire.ca\/wp-content\/uploads\/2018\/09\/8210V.jpg","datePublished":"2018-12-11T07:00:30+00:00","dateModified":"2021-04-09T16:00:58+00:00","breadcrumb":{"@id":"https:\/\/staging.safetysourcefire.ca\/product\/particulate-respirator-8210v-n95\/#breadcrumb"},"inLanguage":"fr-CA","potentialAction":[{"@type":"ReadAction","target":["https:\/\/staging.safetysourcefire.ca\/product\/particulate-respirator-8210v-n95\/"]}]},{"@type":"ImageObject","inLanguage":"fr-CA","@id":"https:\/\/staging.safetysourcefire.ca\/product\/particulate-respirator-8210v-n95\/#primaryimage","url":"https:\/\/staging.safetysourcefire.ca\/wp-content\/uploads\/2018\/09\/8210V.jpg","contentUrl":"https:\/\/staging.safetysourcefire.ca\/wp-content\/uploads\/2018\/09\/8210V.jpg","width":600,"height":600,"caption":"Particulate Respirator"},{"@type":"BreadcrumbList","@id":"https:\/\/staging.safetysourcefire.ca\/product\/particulate-respirator-8210v-n95\/#breadcrumb","itemListElement":[{"@type":"ListItem","position":1,"name":"Home","item":"https:\/\/staging.safetysourcefire.ca\/"},{"@type":"ListItem","position":2,"name":"Products","item":"https:\/\/staging.safetysourcefire.ca\/shop\/"},{"@type":"ListItem","position":3,"name":"Particulate Respirator, 8210V, N95"}]},{"@type":"WebSite","@id":"https:\/\/staging.safetysourcefire.ca\/#website","url":"https:\/\/staging.safetysourcefire.ca\/","name":"Safety Source Fire","description":"","publisher":{"@id":"https:\/\/staging.safetysourcefire.ca\/#organization"},"potentialAction":[{"@type":"SearchAction","target":{"@type":"EntryPoint","urlTemplate":"https:\/\/staging.safetysourcefire.ca\/?s={search_term_string}"},"query-input":{"@type":"PropertyValueSpecification","valueRequired":true,"valueName":"search_term_string"}}],"inLanguage":"fr-CA"},{"@type":"Organization","@id":"https:\/\/staging.safetysourcefire.ca\/#organization","name":"Safety Source Fire","url":"https:\/\/staging.safetysourcefire.ca\/","logo":{"@type":"ImageObject","inLanguage":"fr-CA","@id":"https:\/\/staging.safetysourcefire.ca\/#\/schema\/logo\/image\/","url":"https:\/\/staging.safetysourcefire.ca\/wp-content\/uploads\/2021\/01\/SSF_logo_CC0000-3.png","contentUrl":"https:\/\/staging.safetysourcefire.ca\/wp-content\/uploads\/2021\/01\/SSF_logo_CC0000-3.png","width":1107,"height":365,"caption":"Safety Source Fire"},"image":{"@id":"https:\/\/staging.safetysourcefire.ca\/#\/schema\/logo\/image\/"},"sameAs":["https:\/\/www.facebook.com\/mmfssca","https:\/\/x.com\/mmfssca"]}]}},"_links":{"self":[{"href":"https:\/\/staging.safetysourcefire.ca\/fr_ca\/wp-json\/wp\/v2\/product\/6151","targetHints":{"allow":["GET"]}}],"collection":[{"href":"https:\/\/staging.safetysourcefire.ca\/fr_ca\/wp-json\/wp\/v2\/product"}],"about":[{"href":"https:\/\/staging.safetysourcefire.ca\/fr_ca\/wp-json\/wp\/v2\/types\/product"}],"wp:featuredmedia":[{"embeddable":true,"href":"https:\/\/staging.safetysourcefire.ca\/fr_ca\/wp-json\/wp\/v2\/media\/6138"}],"wp:attachment":[{"href":"https:\/\/staging.safetysourcefire.ca\/fr_ca\/wp-json\/wp\/v2\/media?parent=6151"}],"wp:term":[{"taxonomy":"product_brand","embeddable":true,"href":"https:\/\/staging.safetysourcefire.ca\/fr_ca\/wp-json\/wp\/v2\/product_brand?post=6151"},{"taxonomy":"product_cat","embeddable":true,"href":"https:\/\/staging.safetysourcefire.ca\/fr_ca\/wp-json\/wp\/v2\/product_cat?post=6151"},{"taxonomy":"product_tag","embeddable":true,"href":"https:\/\/staging.safetysourcefire.ca\/fr_ca\/wp-json\/wp\/v2\/product_tag?post=6151"}],"curies":[{"name":"wp","href":"https:\/\/api.w.org\/{rel}","templated":true}]}}