{"id":6149,"date":"2018-09-14T14:51:21","date_gmt":"2018-09-14T14:51:21","guid":{"rendered":"https:\/\/mmfss.ca\/?post_type=product&#038;p=6149"},"modified":"2020-05-01T17:48:28","modified_gmt":"2020-05-01T17:48:28","slug":"6000-series-full-facepiece-reusable-respirator","status":"publish","type":"product","link":"https:\/\/staging.safetysourcefire.ca\/fr_ca\/produit\/6000-series-full-facepiece-reusable-respirator\/","title":{"rendered":"Respirateur r\u00e9utilisable \u00e0 masque complet s\u00e9rie 6000"},"content":{"rendered":"<ul>\n<li>Adaptateur central unique pour diriger l&#039;air expir\u00e9 et l&#039;humidit\u00e9 vers le bas, aide \u00e0 r\u00e9duire le d\u00e9p\u00f4t de d\u00e9bris dans la valve et permet un nettoyage rapide et facile<\/li>\n<li>Grande vitre pour un champ de vision plus large et une excellente visibilit\u00e9<\/li>\n<li>Valve 3M\u2122 Cool Flow\u2122 pour un confort accru - l'air est plus frais et plus sec<\/li>\n<li>Conception l\u00e9g\u00e8re et \u00e9quilibr\u00e9e<\/li>\n<li>Modes respirateur purificateur d&#039;air (APR), air fourni (SA) et respirateur purificateur d&#039;air motoris\u00e9 (PAPR)<\/li>\n<li>\u00c0 utiliser avec les cartouches 3M\u2122 s\u00e9rie 6000 ; Filtres 3M\u2122 s\u00e9ries 2000, 2200, 7000 ou 5000\u00a0; ou 3M\u2122 Dual Airline Systems contre une vari\u00e9t\u00e9 de gaz, de vapeurs et de particules dangereuses conform\u00e9ment aux approbations NIOSH<\/li>\n<\/ul>\n<p>Protection respiratoire fiable et pratique: Le respirateur r\u00e9utilisable \u00e0 masque complet 3M\u2122 s\u00e9rie 6000 offre une polyvalence pour de nombreux environnements et applications. Il aide \u00e0 fournir une protection respiratoire contre une grande vari\u00e9t\u00e9 de gaz et de vapeurs lorsqu'il est utilis\u00e9 avec des cartouches et des filtres 3M\u2122 approuv\u00e9s. Ce respirateur aide \u00e0 fournir une protection contre une vari\u00e9t\u00e9 de risques li\u00e9s aux gaz, vapeurs et particules \u00e0 des concentrations atteignant jusqu'\u00e0 10 fois la limite d'exposition admissible (PEL). Ne pas utiliser dans des environnements pr\u00e9sentant un danger imm\u00e9diat pour la vie ou la sant\u00e9 (IDLH).<\/p>\n<p>&nbsp;<\/p>\n<p>&nbsp;<\/p>","protected":false},"excerpt":{"rendered":"<p>Le respirateur r\u00e9utilisable 6900 \u00e0 masque complet 3M \u2122 est con\u00e7u pour \u00eatre utilis\u00e9 avec les filtres 3M \u2122 s\u00e9rie 2000 et les cartouches 3M \u2122 s\u00e9rie 6000. Ce respirateur vous offre une protection contre les particules, les gaz et les vapeurs pr\u00e9sents dans de nombreuses applications industrielles.<\/p>","protected":false},"featured_media":6131,"template":"","meta":[],"product_brand":[401],"product_cat":[123,50],"product_tag":[402],"class_list":{"0":"post-6149","1":"product","2":"type-product","3":"status-publish","4":"has-post-thumbnail","6":"product_brand-3m","7":"product_cat-hazmat-ppe","8":"product_cat-personal-protective-equipment","9":"product_tag-3m","11":"first","12":"instock","13":"shipping-taxable","14":"product-type-simple"},"yoast_head":"<!-- This site is optimized with the Yoast SEO plugin v27.4 - https:\/\/yoast.com\/product\/yoast-seo-wordpress\/ -->\n<title>6000 Series Full Facepiece Reusable Respirator - Safety Source Fire<\/title>\n<meta name=\"robots\" content=\"noindex, follow, max-snippet:-1, max-image-preview:large, max-video-preview:-1\" \/>\n<meta property=\"og:locale\" content=\"fr_CA\" \/>\n<meta property=\"og:type\" content=\"article\" \/>\n<meta property=\"og:title\" content=\"6000 Series Full Facepiece Reusable Respirator - Safety Source Fire\" \/>\n<meta property=\"og:description\" content=\"3M\u2122 Full Facepiece Reusable Respirator 6900 is designed to be used with 3M\u2122 Filters 2000 Series and 3M\u2122 Cartridges 6000 Series, providing filtering protection against particulates, gasses and vapours present in many industrial applications.\" \/>\n<meta property=\"og:url\" content=\"https:\/\/staging.safetysourcefire.ca\/fr_ca\/produit\/6000-series-full-facepiece-reusable-respirator\/\" \/>\n<meta property=\"og:site_name\" content=\"Safety Source Fire\" \/>\n<meta property=\"article:publisher\" content=\"https:\/\/www.facebook.com\/mmfssca\" \/>\n<meta property=\"article:modified_time\" content=\"2020-05-01T17:48:28+00:00\" \/>\n<meta property=\"og:image\" content=\"https:\/\/staging.safetysourcefire.ca\/wp-content\/uploads\/2018\/09\/6900-Full-facepiece.jpg\" \/>\n\t<meta property=\"og:image:width\" content=\"600\" \/>\n\t<meta property=\"og:image:height\" content=\"600\" \/>\n\t<meta property=\"og:image:type\" content=\"image\/jpeg\" \/>\n<meta name=\"twitter:card\" content=\"summary_large_image\" \/>\n<meta name=\"twitter:site\" content=\"@mmfssca\" \/>\n<meta name=\"twitter:label1\" content=\"Estimation du temps de lecture\" \/>\n\t<meta name=\"twitter:data1\" content=\"1 minute\" \/>\n<script type=\"application\/ld+json\" class=\"yoast-schema-graph\">{\"@context\":\"https:\\\/\\\/schema.org\",\"@graph\":[{\"@type\":\"WebPage\",\"@id\":\"https:\\\/\\\/staging.safetysourcefire.ca\\\/product\\\/6000-series-full-facepiece-reusable-respirator\\\/\",\"url\":\"https:\\\/\\\/staging.safetysourcefire.ca\\\/product\\\/6000-series-full-facepiece-reusable-respirator\\\/\",\"name\":\"6000 Series Full Facepiece Reusable Respirator - Safety Source Fire\",\"isPartOf\":{\"@id\":\"https:\\\/\\\/staging.safetysourcefire.ca\\\/#website\"},\"primaryImageOfPage\":{\"@id\":\"https:\\\/\\\/staging.safetysourcefire.ca\\\/product\\\/6000-series-full-facepiece-reusable-respirator\\\/#primaryimage\"},\"image\":{\"@id\":\"https:\\\/\\\/staging.safetysourcefire.ca\\\/product\\\/6000-series-full-facepiece-reusable-respirator\\\/#primaryimage\"},\"thumbnailUrl\":\"https:\\\/\\\/staging.safetysourcefire.ca\\\/wp-content\\\/uploads\\\/2018\\\/09\\\/6900-Full-facepiece.jpg\",\"datePublished\":\"2018-09-14T14:51:21+00:00\",\"dateModified\":\"2020-05-01T17:48:28+00:00\",\"breadcrumb\":{\"@id\":\"https:\\\/\\\/staging.safetysourcefire.ca\\\/product\\\/6000-series-full-facepiece-reusable-respirator\\\/#breadcrumb\"},\"inLanguage\":\"fr-CA\",\"potentialAction\":[{\"@type\":\"ReadAction\",\"target\":[\"https:\\\/\\\/staging.safetysourcefire.ca\\\/product\\\/6000-series-full-facepiece-reusable-respirator\\\/\"]}]},{\"@type\":\"ImageObject\",\"inLanguage\":\"fr-CA\",\"@id\":\"https:\\\/\\\/staging.safetysourcefire.ca\\\/product\\\/6000-series-full-facepiece-reusable-respirator\\\/#primaryimage\",\"url\":\"https:\\\/\\\/staging.safetysourcefire.ca\\\/wp-content\\\/uploads\\\/2018\\\/09\\\/6900-Full-facepiece.jpg\",\"contentUrl\":\"https:\\\/\\\/staging.safetysourcefire.ca\\\/wp-content\\\/uploads\\\/2018\\\/09\\\/6900-Full-facepiece.jpg\",\"width\":600,\"height\":600,\"caption\":\"facepiece\"},{\"@type\":\"BreadcrumbList\",\"@id\":\"https:\\\/\\\/staging.safetysourcefire.ca\\\/product\\\/6000-series-full-facepiece-reusable-respirator\\\/#breadcrumb\",\"itemListElement\":[{\"@type\":\"ListItem\",\"position\":1,\"name\":\"Home\",\"item\":\"https:\\\/\\\/staging.safetysourcefire.ca\\\/\"},{\"@type\":\"ListItem\",\"position\":2,\"name\":\"Products\",\"item\":\"https:\\\/\\\/staging.safetysourcefire.ca\\\/shop\\\/\"},{\"@type\":\"ListItem\",\"position\":3,\"name\":\"6000 Series Full Facepiece Reusable Respirator\"}]},{\"@type\":\"WebSite\",\"@id\":\"https:\\\/\\\/staging.safetysourcefire.ca\\\/#website\",\"url\":\"https:\\\/\\\/staging.safetysourcefire.ca\\\/\",\"name\":\"Safety Source Fire\",\"description\":\"\",\"publisher\":{\"@id\":\"https:\\\/\\\/staging.safetysourcefire.ca\\\/#organization\"},\"potentialAction\":[{\"@type\":\"SearchAction\",\"target\":{\"@type\":\"EntryPoint\",\"urlTemplate\":\"https:\\\/\\\/staging.safetysourcefire.ca\\\/?s={search_term_string}\"},\"query-input\":{\"@type\":\"PropertyValueSpecification\",\"valueRequired\":true,\"valueName\":\"search_term_string\"}}],\"inLanguage\":\"fr-CA\"},{\"@type\":\"Organization\",\"@id\":\"https:\\\/\\\/staging.safetysourcefire.ca\\\/#organization\",\"name\":\"Safety Source Fire\",\"url\":\"https:\\\/\\\/staging.safetysourcefire.ca\\\/\",\"logo\":{\"@type\":\"ImageObject\",\"inLanguage\":\"fr-CA\",\"@id\":\"https:\\\/\\\/staging.safetysourcefire.ca\\\/#\\\/schema\\\/logo\\\/image\\\/\",\"url\":\"https:\\\/\\\/staging.safetysourcefire.ca\\\/wp-content\\\/uploads\\\/2021\\\/01\\\/SSF_logo_CC0000-3.png\",\"contentUrl\":\"https:\\\/\\\/staging.safetysourcefire.ca\\\/wp-content\\\/uploads\\\/2021\\\/01\\\/SSF_logo_CC0000-3.png\",\"width\":1107,\"height\":365,\"caption\":\"Safety Source Fire\"},\"image\":{\"@id\":\"https:\\\/\\\/staging.safetysourcefire.ca\\\/#\\\/schema\\\/logo\\\/image\\\/\"},\"sameAs\":[\"https:\\\/\\\/www.facebook.com\\\/mmfssca\",\"https:\\\/\\\/x.com\\\/mmfssca\"]}]}<\/script>\n<!-- \/ Yoast SEO plugin. -->","yoast_head_json":{"title":"6000 Series Full Facepiece Reusable Respirator - Safety Source Fire","robots":{"index":"noindex","follow":"follow","max-snippet":"max-snippet:-1","max-image-preview":"max-image-preview:large","max-video-preview":"max-video-preview:-1"},"og_locale":"fr_CA","og_type":"article","og_title":"6000 Series Full Facepiece Reusable Respirator - Safety Source Fire","og_description":"3M\u2122 Full Facepiece Reusable Respirator 6900 is designed to be used with 3M\u2122 Filters 2000 Series and 3M\u2122 Cartridges 6000 Series, providing filtering protection against particulates, gasses and vapours present in many industrial applications.","og_url":"https:\/\/staging.safetysourcefire.ca\/fr_ca\/produit\/6000-series-full-facepiece-reusable-respirator\/","og_site_name":"Safety Source Fire","article_publisher":"https:\/\/www.facebook.com\/mmfssca","article_modified_time":"2020-05-01T17:48:28+00:00","og_image":[{"width":600,"height":600,"url":"https:\/\/staging.safetysourcefire.ca\/wp-content\/uploads\/2018\/09\/6900-Full-facepiece.jpg","type":"image\/jpeg"}],"twitter_card":"summary_large_image","twitter_site":"@mmfssca","twitter_misc":{"Estimation du temps de lecture":"1 minute"},"schema":{"@context":"https:\/\/schema.org","@graph":[{"@type":"WebPage","@id":"https:\/\/staging.safetysourcefire.ca\/product\/6000-series-full-facepiece-reusable-respirator\/","url":"https:\/\/staging.safetysourcefire.ca\/product\/6000-series-full-facepiece-reusable-respirator\/","name":"6000 Series Full Facepiece Reusable Respirator - Safety Source Fire","isPartOf":{"@id":"https:\/\/staging.safetysourcefire.ca\/#website"},"primaryImageOfPage":{"@id":"https:\/\/staging.safetysourcefire.ca\/product\/6000-series-full-facepiece-reusable-respirator\/#primaryimage"},"image":{"@id":"https:\/\/staging.safetysourcefire.ca\/product\/6000-series-full-facepiece-reusable-respirator\/#primaryimage"},"thumbnailUrl":"https:\/\/staging.safetysourcefire.ca\/wp-content\/uploads\/2018\/09\/6900-Full-facepiece.jpg","datePublished":"2018-09-14T14:51:21+00:00","dateModified":"2020-05-01T17:48:28+00:00","breadcrumb":{"@id":"https:\/\/staging.safetysourcefire.ca\/product\/6000-series-full-facepiece-reusable-respirator\/#breadcrumb"},"inLanguage":"fr-CA","potentialAction":[{"@type":"ReadAction","target":["https:\/\/staging.safetysourcefire.ca\/product\/6000-series-full-facepiece-reusable-respirator\/"]}]},{"@type":"ImageObject","inLanguage":"fr-CA","@id":"https:\/\/staging.safetysourcefire.ca\/product\/6000-series-full-facepiece-reusable-respirator\/#primaryimage","url":"https:\/\/staging.safetysourcefire.ca\/wp-content\/uploads\/2018\/09\/6900-Full-facepiece.jpg","contentUrl":"https:\/\/staging.safetysourcefire.ca\/wp-content\/uploads\/2018\/09\/6900-Full-facepiece.jpg","width":600,"height":600,"caption":"facepiece"},{"@type":"BreadcrumbList","@id":"https:\/\/staging.safetysourcefire.ca\/product\/6000-series-full-facepiece-reusable-respirator\/#breadcrumb","itemListElement":[{"@type":"ListItem","position":1,"name":"Home","item":"https:\/\/staging.safetysourcefire.ca\/"},{"@type":"ListItem","position":2,"name":"Products","item":"https:\/\/staging.safetysourcefire.ca\/shop\/"},{"@type":"ListItem","position":3,"name":"6000 Series Full Facepiece Reusable Respirator"}]},{"@type":"WebSite","@id":"https:\/\/staging.safetysourcefire.ca\/#website","url":"https:\/\/staging.safetysourcefire.ca\/","name":"Safety Source Fire","description":"","publisher":{"@id":"https:\/\/staging.safetysourcefire.ca\/#organization"},"potentialAction":[{"@type":"SearchAction","target":{"@type":"EntryPoint","urlTemplate":"https:\/\/staging.safetysourcefire.ca\/?s={search_term_string}"},"query-input":{"@type":"PropertyValueSpecification","valueRequired":true,"valueName":"search_term_string"}}],"inLanguage":"fr-CA"},{"@type":"Organization","@id":"https:\/\/staging.safetysourcefire.ca\/#organization","name":"Safety Source Fire","url":"https:\/\/staging.safetysourcefire.ca\/","logo":{"@type":"ImageObject","inLanguage":"fr-CA","@id":"https:\/\/staging.safetysourcefire.ca\/#\/schema\/logo\/image\/","url":"https:\/\/staging.safetysourcefire.ca\/wp-content\/uploads\/2021\/01\/SSF_logo_CC0000-3.png","contentUrl":"https:\/\/staging.safetysourcefire.ca\/wp-content\/uploads\/2021\/01\/SSF_logo_CC0000-3.png","width":1107,"height":365,"caption":"Safety Source Fire"},"image":{"@id":"https:\/\/staging.safetysourcefire.ca\/#\/schema\/logo\/image\/"},"sameAs":["https:\/\/www.facebook.com\/mmfssca","https:\/\/x.com\/mmfssca"]}]}},"_links":{"self":[{"href":"https:\/\/staging.safetysourcefire.ca\/fr_ca\/wp-json\/wp\/v2\/product\/6149","targetHints":{"allow":["GET"]}}],"collection":[{"href":"https:\/\/staging.safetysourcefire.ca\/fr_ca\/wp-json\/wp\/v2\/product"}],"about":[{"href":"https:\/\/staging.safetysourcefire.ca\/fr_ca\/wp-json\/wp\/v2\/types\/product"}],"wp:featuredmedia":[{"embeddable":true,"href":"https:\/\/staging.safetysourcefire.ca\/fr_ca\/wp-json\/wp\/v2\/media\/6131"}],"wp:attachment":[{"href":"https:\/\/staging.safetysourcefire.ca\/fr_ca\/wp-json\/wp\/v2\/media?parent=6149"}],"wp:term":[{"taxonomy":"product_brand","embeddable":true,"href":"https:\/\/staging.safetysourcefire.ca\/fr_ca\/wp-json\/wp\/v2\/product_brand?post=6149"},{"taxonomy":"product_cat","embeddable":true,"href":"https:\/\/staging.safetysourcefire.ca\/fr_ca\/wp-json\/wp\/v2\/product_cat?post=6149"},{"taxonomy":"product_tag","embeddable":true,"href":"https:\/\/staging.safetysourcefire.ca\/fr_ca\/wp-json\/wp\/v2\/product_tag?post=6149"}],"curies":[{"name":"wp","href":"https:\/\/api.w.org\/{rel}","templated":true}]}}