{"id":6148,"date":"2018-09-14T14:49:33","date_gmt":"2018-09-14T14:49:33","guid":{"rendered":"https:\/\/mmfss.ca\/?post_type=product&#038;p=6148"},"modified":"2020-05-01T17:47:22","modified_gmt":"2020-05-01T17:47:22","slug":"6000-series-half-facepiece-reusable-respirator","status":"publish","type":"product","link":"https:\/\/staging.safetysourcefire.ca\/fr_ca\/produit\/6000-series-half-facepiece-reusable-respirator\/","title":{"rendered":"Respirateur demi-masque r\u00e9utilisable - s\u00e9rie 6000"},"content":{"rendered":"<ul>\n<li>Protection respiratoire fiable et pratique lorsqu&#039;elle est combin\u00e9e avec des filtres \u00e0 particules ou des cartouches 3M\u2122 (telles que des cartouches pour vapeurs organiques\/gaz acides) ou un syst\u00e8me \u00e0 double conduite d&#039;air<\/li>\n<li>Disponible en 3 tailles (petit, moyen, grand)<\/li>\n<li>Ensemble de harnais de t\u00eate et pi\u00e8ces de rechange disponibles<\/li>\n<li>Viens avec sac de rangement refermable<\/li>\n<li>\u00c0 utiliser avec les cartouches 3M\u2122 s\u00e9rie 6000, les filtres 3M\u2122 s\u00e9ries 2000, 2200, 7000 ou 5000, ou les syst\u00e8mes \u00e0 double conduite d&#039;air 3M\u2122<\/li>\n<li>S'adapte confortablement \u00e0 de nombreux types de visages<\/li>\n<\/ul>\n<p>Les respirateurs demi-masque 3M\u2122 offrent une polyvalence pour de nombreux environnements et applications, offrant une protection contre les particules et une grande vari\u00e9t\u00e9 de gaz et de vapeurs lorsqu'ils sont utilis\u00e9s avec des cartouches et des filtres approuv\u00e9s. Lorsqu'il est correctement install\u00e9 et utilis\u00e9 avec des cartouches et des filtres 3M\u2122 approuv\u00e9s, il aide \u00e0 fournir une protection respiratoire contre une vari\u00e9t\u00e9 de risques de gaz, de vapeurs et de particules \u00e0 des concentrations jusqu'\u00e0 10 fois la limite d'exposition admissible (PEL).<\/p>\n<p><strong>Autres applications possibles:<\/strong><\/p>\n<ul>\n<li>Ne pas utiliser dans des environnements pr\u00e9sentant un danger imm\u00e9diat pour la vie ou la sant\u00e9 (IDLH).<\/li>\n<\/ul>","protected":false},"excerpt":{"rendered":"<p>Le respirateur demi-masque 3M \u2122 6200 r\u00e9utilisable vous offre une protection respiratoire fiable et pratique. En plus de convenir \u00e0 de nombreuses situations, il aide \u00e0 fournir une protection contre les particules et une grande vari\u00e9t\u00e9 de gaz \/ vapeurs conform\u00e9ment aux approbations NIOSH.<\/p>","protected":false},"featured_media":6129,"template":"","meta":[],"product_brand":[401],"product_cat":[462,123,466,50],"product_tag":[402],"class_list":{"0":"post-6148","1":"product","2":"type-product","3":"status-publish","4":"has-post-thumbnail","6":"product_brand-3m","7":"product_cat-emergency-preparedness","8":"product_cat-hazmat-ppe","9":"product_cat-pandemic","10":"product_cat-personal-protective-equipment","11":"product_tag-3m","13":"first","14":"instock","15":"shipping-taxable","16":"product-type-simple"},"yoast_head":"<!-- This site is optimized with the Yoast SEO plugin v27.4 - https:\/\/yoast.com\/product\/yoast-seo-wordpress\/ -->\n<title>6000 Series Half Facepiece Reusable Respirator - Safety Source Fire<\/title>\n<meta name=\"robots\" content=\"noindex, follow, max-snippet:-1, max-image-preview:large, max-video-preview:-1\" \/>\n<meta property=\"og:locale\" content=\"fr_CA\" \/>\n<meta property=\"og:type\" content=\"article\" \/>\n<meta property=\"og:title\" content=\"6000 Series Half Facepiece Reusable Respirator - Safety Source Fire\" \/>\n<meta property=\"og:description\" content=\"3M\u2122 Half Facepiece Reusable Respirator 6200 offers reliable and convenient respiratory protection and is suitable for many situations, helping provide protection against particulates and a wide variety of gasses and vapours according to NIOSH approvals.\" \/>\n<meta property=\"og:url\" content=\"https:\/\/staging.safetysourcefire.ca\/fr_ca\/produit\/6000-series-half-facepiece-reusable-respirator\/\" \/>\n<meta property=\"og:site_name\" content=\"Safety Source Fire\" \/>\n<meta property=\"article:publisher\" content=\"https:\/\/www.facebook.com\/mmfssca\" \/>\n<meta property=\"article:modified_time\" content=\"2020-05-01T17:47:22+00:00\" \/>\n<meta property=\"og:image\" content=\"https:\/\/staging.safetysourcefire.ca\/wp-content\/uploads\/2018\/09\/6000-Series-Respirator.jpg\" \/>\n\t<meta property=\"og:image:width\" content=\"600\" \/>\n\t<meta property=\"og:image:height\" content=\"600\" \/>\n\t<meta property=\"og:image:type\" content=\"image\/jpeg\" \/>\n<meta name=\"twitter:card\" content=\"summary_large_image\" \/>\n<meta name=\"twitter:site\" content=\"@mmfssca\" \/>\n<meta name=\"twitter:label1\" content=\"Estimation du temps de lecture\" \/>\n\t<meta name=\"twitter:data1\" content=\"1 minute\" \/>\n<script type=\"application\/ld+json\" class=\"yoast-schema-graph\">{\"@context\":\"https:\\\/\\\/schema.org\",\"@graph\":[{\"@type\":\"WebPage\",\"@id\":\"https:\\\/\\\/staging.safetysourcefire.ca\\\/product\\\/6000-series-half-facepiece-reusable-respirator\\\/\",\"url\":\"https:\\\/\\\/staging.safetysourcefire.ca\\\/product\\\/6000-series-half-facepiece-reusable-respirator\\\/\",\"name\":\"6000 Series Half Facepiece Reusable Respirator - Safety Source Fire\",\"isPartOf\":{\"@id\":\"https:\\\/\\\/staging.safetysourcefire.ca\\\/#website\"},\"primaryImageOfPage\":{\"@id\":\"https:\\\/\\\/staging.safetysourcefire.ca\\\/product\\\/6000-series-half-facepiece-reusable-respirator\\\/#primaryimage\"},\"image\":{\"@id\":\"https:\\\/\\\/staging.safetysourcefire.ca\\\/product\\\/6000-series-half-facepiece-reusable-respirator\\\/#primaryimage\"},\"thumbnailUrl\":\"https:\\\/\\\/staging.safetysourcefire.ca\\\/wp-content\\\/uploads\\\/2018\\\/09\\\/6000-Series-Respirator.jpg\",\"datePublished\":\"2018-09-14T14:49:33+00:00\",\"dateModified\":\"2020-05-01T17:47:22+00:00\",\"breadcrumb\":{\"@id\":\"https:\\\/\\\/staging.safetysourcefire.ca\\\/product\\\/6000-series-half-facepiece-reusable-respirator\\\/#breadcrumb\"},\"inLanguage\":\"fr-CA\",\"potentialAction\":[{\"@type\":\"ReadAction\",\"target\":[\"https:\\\/\\\/staging.safetysourcefire.ca\\\/product\\\/6000-series-half-facepiece-reusable-respirator\\\/\"]}]},{\"@type\":\"ImageObject\",\"inLanguage\":\"fr-CA\",\"@id\":\"https:\\\/\\\/staging.safetysourcefire.ca\\\/product\\\/6000-series-half-facepiece-reusable-respirator\\\/#primaryimage\",\"url\":\"https:\\\/\\\/staging.safetysourcefire.ca\\\/wp-content\\\/uploads\\\/2018\\\/09\\\/6000-Series-Respirator.jpg\",\"contentUrl\":\"https:\\\/\\\/staging.safetysourcefire.ca\\\/wp-content\\\/uploads\\\/2018\\\/09\\\/6000-Series-Respirator.jpg\",\"width\":600,\"height\":600,\"caption\":\"respirator\"},{\"@type\":\"BreadcrumbList\",\"@id\":\"https:\\\/\\\/staging.safetysourcefire.ca\\\/product\\\/6000-series-half-facepiece-reusable-respirator\\\/#breadcrumb\",\"itemListElement\":[{\"@type\":\"ListItem\",\"position\":1,\"name\":\"Home\",\"item\":\"https:\\\/\\\/staging.safetysourcefire.ca\\\/\"},{\"@type\":\"ListItem\",\"position\":2,\"name\":\"Products\",\"item\":\"https:\\\/\\\/staging.safetysourcefire.ca\\\/shop\\\/\"},{\"@type\":\"ListItem\",\"position\":3,\"name\":\"6000 Series Half Facepiece Reusable Respirator\"}]},{\"@type\":\"WebSite\",\"@id\":\"https:\\\/\\\/staging.safetysourcefire.ca\\\/#website\",\"url\":\"https:\\\/\\\/staging.safetysourcefire.ca\\\/\",\"name\":\"Safety Source Fire\",\"description\":\"\",\"publisher\":{\"@id\":\"https:\\\/\\\/staging.safetysourcefire.ca\\\/#organization\"},\"potentialAction\":[{\"@type\":\"SearchAction\",\"target\":{\"@type\":\"EntryPoint\",\"urlTemplate\":\"https:\\\/\\\/staging.safetysourcefire.ca\\\/?s={search_term_string}\"},\"query-input\":{\"@type\":\"PropertyValueSpecification\",\"valueRequired\":true,\"valueName\":\"search_term_string\"}}],\"inLanguage\":\"fr-CA\"},{\"@type\":\"Organization\",\"@id\":\"https:\\\/\\\/staging.safetysourcefire.ca\\\/#organization\",\"name\":\"Safety Source Fire\",\"url\":\"https:\\\/\\\/staging.safetysourcefire.ca\\\/\",\"logo\":{\"@type\":\"ImageObject\",\"inLanguage\":\"fr-CA\",\"@id\":\"https:\\\/\\\/staging.safetysourcefire.ca\\\/#\\\/schema\\\/logo\\\/image\\\/\",\"url\":\"https:\\\/\\\/staging.safetysourcefire.ca\\\/wp-content\\\/uploads\\\/2021\\\/01\\\/SSF_logo_CC0000-3.png\",\"contentUrl\":\"https:\\\/\\\/staging.safetysourcefire.ca\\\/wp-content\\\/uploads\\\/2021\\\/01\\\/SSF_logo_CC0000-3.png\",\"width\":1107,\"height\":365,\"caption\":\"Safety Source Fire\"},\"image\":{\"@id\":\"https:\\\/\\\/staging.safetysourcefire.ca\\\/#\\\/schema\\\/logo\\\/image\\\/\"},\"sameAs\":[\"https:\\\/\\\/www.facebook.com\\\/mmfssca\",\"https:\\\/\\\/x.com\\\/mmfssca\"]}]}<\/script>\n<!-- \/ Yoast SEO plugin. -->","yoast_head_json":{"title":"6000 Series Half Facepiece Reusable Respirator - Safety Source Fire","robots":{"index":"noindex","follow":"follow","max-snippet":"max-snippet:-1","max-image-preview":"max-image-preview:large","max-video-preview":"max-video-preview:-1"},"og_locale":"fr_CA","og_type":"article","og_title":"6000 Series Half Facepiece Reusable Respirator - Safety Source Fire","og_description":"3M\u2122 Half Facepiece Reusable Respirator 6200 offers reliable and convenient respiratory protection and is suitable for many situations, helping provide protection against particulates and a wide variety of gasses and vapours according to NIOSH approvals.","og_url":"https:\/\/staging.safetysourcefire.ca\/fr_ca\/produit\/6000-series-half-facepiece-reusable-respirator\/","og_site_name":"Safety Source Fire","article_publisher":"https:\/\/www.facebook.com\/mmfssca","article_modified_time":"2020-05-01T17:47:22+00:00","og_image":[{"width":600,"height":600,"url":"https:\/\/staging.safetysourcefire.ca\/wp-content\/uploads\/2018\/09\/6000-Series-Respirator.jpg","type":"image\/jpeg"}],"twitter_card":"summary_large_image","twitter_site":"@mmfssca","twitter_misc":{"Estimation du temps de lecture":"1 minute"},"schema":{"@context":"https:\/\/schema.org","@graph":[{"@type":"WebPage","@id":"https:\/\/staging.safetysourcefire.ca\/product\/6000-series-half-facepiece-reusable-respirator\/","url":"https:\/\/staging.safetysourcefire.ca\/product\/6000-series-half-facepiece-reusable-respirator\/","name":"6000 Series Half Facepiece Reusable Respirator - Safety Source Fire","isPartOf":{"@id":"https:\/\/staging.safetysourcefire.ca\/#website"},"primaryImageOfPage":{"@id":"https:\/\/staging.safetysourcefire.ca\/product\/6000-series-half-facepiece-reusable-respirator\/#primaryimage"},"image":{"@id":"https:\/\/staging.safetysourcefire.ca\/product\/6000-series-half-facepiece-reusable-respirator\/#primaryimage"},"thumbnailUrl":"https:\/\/staging.safetysourcefire.ca\/wp-content\/uploads\/2018\/09\/6000-Series-Respirator.jpg","datePublished":"2018-09-14T14:49:33+00:00","dateModified":"2020-05-01T17:47:22+00:00","breadcrumb":{"@id":"https:\/\/staging.safetysourcefire.ca\/product\/6000-series-half-facepiece-reusable-respirator\/#breadcrumb"},"inLanguage":"fr-CA","potentialAction":[{"@type":"ReadAction","target":["https:\/\/staging.safetysourcefire.ca\/product\/6000-series-half-facepiece-reusable-respirator\/"]}]},{"@type":"ImageObject","inLanguage":"fr-CA","@id":"https:\/\/staging.safetysourcefire.ca\/product\/6000-series-half-facepiece-reusable-respirator\/#primaryimage","url":"https:\/\/staging.safetysourcefire.ca\/wp-content\/uploads\/2018\/09\/6000-Series-Respirator.jpg","contentUrl":"https:\/\/staging.safetysourcefire.ca\/wp-content\/uploads\/2018\/09\/6000-Series-Respirator.jpg","width":600,"height":600,"caption":"respirator"},{"@type":"BreadcrumbList","@id":"https:\/\/staging.safetysourcefire.ca\/product\/6000-series-half-facepiece-reusable-respirator\/#breadcrumb","itemListElement":[{"@type":"ListItem","position":1,"name":"Home","item":"https:\/\/staging.safetysourcefire.ca\/"},{"@type":"ListItem","position":2,"name":"Products","item":"https:\/\/staging.safetysourcefire.ca\/shop\/"},{"@type":"ListItem","position":3,"name":"6000 Series Half Facepiece Reusable Respirator"}]},{"@type":"WebSite","@id":"https:\/\/staging.safetysourcefire.ca\/#website","url":"https:\/\/staging.safetysourcefire.ca\/","name":"Safety Source Fire","description":"","publisher":{"@id":"https:\/\/staging.safetysourcefire.ca\/#organization"},"potentialAction":[{"@type":"SearchAction","target":{"@type":"EntryPoint","urlTemplate":"https:\/\/staging.safetysourcefire.ca\/?s={search_term_string}"},"query-input":{"@type":"PropertyValueSpecification","valueRequired":true,"valueName":"search_term_string"}}],"inLanguage":"fr-CA"},{"@type":"Organization","@id":"https:\/\/staging.safetysourcefire.ca\/#organization","name":"Safety Source Fire","url":"https:\/\/staging.safetysourcefire.ca\/","logo":{"@type":"ImageObject","inLanguage":"fr-CA","@id":"https:\/\/staging.safetysourcefire.ca\/#\/schema\/logo\/image\/","url":"https:\/\/staging.safetysourcefire.ca\/wp-content\/uploads\/2021\/01\/SSF_logo_CC0000-3.png","contentUrl":"https:\/\/staging.safetysourcefire.ca\/wp-content\/uploads\/2021\/01\/SSF_logo_CC0000-3.png","width":1107,"height":365,"caption":"Safety Source Fire"},"image":{"@id":"https:\/\/staging.safetysourcefire.ca\/#\/schema\/logo\/image\/"},"sameAs":["https:\/\/www.facebook.com\/mmfssca","https:\/\/x.com\/mmfssca"]}]}},"_links":{"self":[{"href":"https:\/\/staging.safetysourcefire.ca\/fr_ca\/wp-json\/wp\/v2\/product\/6148","targetHints":{"allow":["GET"]}}],"collection":[{"href":"https:\/\/staging.safetysourcefire.ca\/fr_ca\/wp-json\/wp\/v2\/product"}],"about":[{"href":"https:\/\/staging.safetysourcefire.ca\/fr_ca\/wp-json\/wp\/v2\/types\/product"}],"wp:featuredmedia":[{"embeddable":true,"href":"https:\/\/staging.safetysourcefire.ca\/fr_ca\/wp-json\/wp\/v2\/media\/6129"}],"wp:attachment":[{"href":"https:\/\/staging.safetysourcefire.ca\/fr_ca\/wp-json\/wp\/v2\/media?parent=6148"}],"wp:term":[{"taxonomy":"product_brand","embeddable":true,"href":"https:\/\/staging.safetysourcefire.ca\/fr_ca\/wp-json\/wp\/v2\/product_brand?post=6148"},{"taxonomy":"product_cat","embeddable":true,"href":"https:\/\/staging.safetysourcefire.ca\/fr_ca\/wp-json\/wp\/v2\/product_cat?post=6148"},{"taxonomy":"product_tag","embeddable":true,"href":"https:\/\/staging.safetysourcefire.ca\/fr_ca\/wp-json\/wp\/v2\/product_tag?post=6148"}],"curies":[{"name":"wp","href":"https:\/\/api.w.org\/{rel}","templated":true}]}}