{"id":6102,"date":"2018-09-07T16:36:42","date_gmt":"2018-09-07T16:36:42","guid":{"rendered":"https:\/\/mmfss.ca\/?post_type=product&#038;p=6102"},"modified":"2023-10-03T12:55:32","modified_gmt":"2023-10-03T12:55:32","slug":"ventis-pro5-portable","status":"publish","type":"product","link":"https:\/\/staging.safetysourcefire.ca\/fr_ca\/produit\/ventis-pro5-portable\/","title":{"rendered":"Moniteur portable multi-gaz Ventis Pro5"},"content":{"rendered":"<p>Capteurs disponibles : LIE (Pentane), CO\/H2S, SO2, O2<\/p>\n<p>Batterie lithium-ion \u00e0 port\u00e9e \u00e9tendue, chargeur de bureau, pompe int\u00e9gr\u00e9e, UL\/CSA. Langue: anglais. LENS sans fil. Couleur: Orange ou noir.<\/p>\n<p>VP5-KJ5Y2111111<\/p>\n<p>Con\u00e7ue pour relever tous les d\u00e9fis en mati\u00e8re de s\u00e9curit\u00e9, de flexibilit\u00e9 et de facilit\u00e9 d'utilisation des travailleurs, la s\u00e9rie Ventis\u2122 Pro offre des options de capteurs de gaz que ce soit pour des gaz unique ou pour quatre ou cinq gaz. Un bouton de panique et un avetrisseur de d\u00e9tresse peuvent alerter les utilisateurs des situations d'urgence. Des messages d'action fournissent des instructions de s\u00e9curit\u00e9 claires et en temps r\u00e9el aux utilisateurs. B\u00e9n\u00e9ficiant de la seule garantie \u00e0 vie de l'industrie (Guaranteed for Life\u2122), la s\u00e9rie Ventis Pro offre les moniteurs multigaz les plus petits et les plus configurables du march\u00e9.<span class=\"Apple-converted-space\">\u00a0<\/span><\/p>\n<p>LENS Wireless est la premi\u00e8re solution de d\u00e9tection de gaz qui permet aux moniteurs personnels et aux moniteurs de zone de partager des lectures de gaz et des alarmes entre eux. D\u00e9sormais, lorsqu'un risque de gaz, un avertissement d'homme en d\u00e9tresse ou l'enclachement du bouton panique provoque l'alarme d'un instrument, tous les pairs du groupe connect\u00e9 seront instantan\u00e9ment avertis du danger.<\/p>\n<ul>\n<li class=\"p1\">Les configurations de capteurs flexibles peuvent d\u00e9tecter jusqu'\u00e0 cinq gaz<\/li>\n<li class=\"p1\">Possibilit\u00e9 d'utilisation avec pompe int\u00e9gr\u00e9e pour les espaces confin\u00e9s ou sans pompe int\u00e9gr\u00e9e pour la protection personnelle<\/li>\n<li class=\"p1\">Messages de d\u00e9marrage personnalis\u00e9s, messages d'action d'alarme et alertes de gaz<\/li>\n<li class=\"p1\">Alarme d'urgence et bouton panique<\/li>\n<li class=\"p1\">Suivi des utilisateurs et des sites avec la technologie iAssign\u2122<\/li>\n<li class=\"p1\">Indice de protection IP68 robuste contre la poussi\u00e8re et l'eau. Garantie \u00e0 vie (Guaranteed for Life\u2122*)<\/li>\n<li class=\"p1\">Compatible avec la plupart des accessoires Ventis\u2122 MX4<\/li>\n<li class=\"p1\">Rappels de maintenance et de charge<\/li>\n<li class=\"p1\">Compatible avec les stations d'accueil iNet\u00ae et DSX.\nPartage des relev\u00e9s de gaz et des alarmes entre les moniteurs personnels Ventis Pro Series et les moniteurs de zone Radius BZ1<\/li>\n<li class=\"p1\">Fonctionnement pr\u00eat \u00e0 l'emploi sans \u00e9tude de site, configuration informatique, licences ou infrastructure suppl\u00e9mentaire<\/li>\n<li class=\"p1\">Identification des types d'alarmes homologues en temps r\u00e9el, permettant une r\u00e9ponse plus rapide et plus appropri\u00e9e<\/li>\n<li class=\"p1\">Affichage des lectures de gaz des autres membres de votre groupe sur n'importe quel moniteur sans avoir besoin d'un contr\u00f4leur central pour relayer les informations<\/li>\n<li class=\"p1\">R\u00e9ception des lectures jusqu'\u00e0 1,5 km (~1 mi) avec un r\u00e9ception sans fil entre les instruments<\/li>\n<li class=\"p1\">Activation de l'alarme de panique sur votre moniteur personnel pour informer tous les pairs de votre groupe d'une urgence<\/li>\n<li class=\"p1\">Peut rester connect\u00e9 m\u00eame si une des unit\u00e9s tombe en panne<\/li>\n<\/ul>\n<p><a href=\"https:\/\/staging.safetysourcefire.ca\/wp-content\/uploads\/2020\/04\/Industrial-Scientific-Ventis-Pro-Brochure.pdf\">Brochure Ventis Pro d&#039;Industrial Scientific<\/a><\/p>\n<p style=\"text-align: center;\"><iframe loading=\"lazy\" src=\"https:\/\/www.youtube.com\/embed\/kwOWXy00jVQ\" width=\"560\" height=\"315\" frameborder=\"0\" allowfullscreen=\"allowfullscreen\"><\/iframe><\/p>","protected":false},"excerpt":{"rendered":"<p>Pour r\u00e9pondre \u00e0 vos besoins de d\u00e9tection des gaz, vous n'avez besoin que d'un seul appareil:  Le Ventis \u2122 Pro. Que ce soit pour capter un gaz sp\u00e9cifique ou encore pour capter quatre ou cinq gaz,  cet appareil multigaz configurables est le plus polyvalent sur le march\u00e9.<\/p>","protected":false},"featured_media":25723,"template":"","meta":[],"product_brand":[397],"product_cat":[76,130,47,51],"product_tag":[398],"class_list":{"0":"post-6102","1":"product","2":"type-product","3":"status-publish","4":"has-post-thumbnail","6":"product_brand-industrial-scientific","7":"product_cat-gas-detection","8":"product_cat-gas-detection-rescue","9":"product_cat-hazmat","10":"product_cat-rescue","11":"product_tag-industrial-scientific","13":"first","14":"instock","15":"shipping-taxable","16":"product-type-simple"},"yoast_head":"<!-- This site is optimized with the Yoast SEO plugin v27.4 - https:\/\/yoast.com\/product\/yoast-seo-wordpress\/ -->\n<title>Ventis Pro5 Portable Multi-gas Monitor - Safety Source Fire<\/title>\n<meta name=\"robots\" content=\"noindex, follow, max-snippet:-1, max-image-preview:large, max-video-preview:-1\" \/>\n<meta property=\"og:locale\" content=\"fr_CA\" \/>\n<meta property=\"og:type\" content=\"article\" \/>\n<meta property=\"og:title\" content=\"Ventis Pro5 Portable Multi-gas Monitor - Safety Source Fire\" \/>\n<meta property=\"og:description\" content=\"Stop carrying multiple instruments to meet your gas detection needs. The Ventis\u2122 Pro Series has you covered whether you need unique four-gas or expanded five-gas sensor options\u2014all in the most configurable multi-gas monitors on the market.\" \/>\n<meta property=\"og:url\" content=\"https:\/\/staging.safetysourcefire.ca\/fr_ca\/produit\/ventis-pro5-portable\/\" \/>\n<meta property=\"og:site_name\" content=\"Safety Source Fire\" \/>\n<meta property=\"article:publisher\" content=\"https:\/\/www.facebook.com\/mmfssca\" \/>\n<meta property=\"article:modified_time\" content=\"2023-10-03T12:55:32+00:00\" \/>\n<meta property=\"og:image\" content=\"https:\/\/staging.safetysourcefire.ca\/wp-content\/uploads\/2018\/09\/ventispro5.jpg\" \/>\n\t<meta property=\"og:image:width\" content=\"600\" \/>\n\t<meta property=\"og:image:height\" content=\"600\" \/>\n\t<meta property=\"og:image:type\" content=\"image\/jpeg\" \/>\n<meta name=\"twitter:card\" content=\"summary_large_image\" \/>\n<meta name=\"twitter:site\" content=\"@mmfssca\" \/>\n<meta name=\"twitter:label1\" content=\"Estimation du temps de lecture\" \/>\n\t<meta name=\"twitter:data1\" content=\"2 minutes\" \/>\n<script type=\"application\/ld+json\" class=\"yoast-schema-graph\">{\"@context\":\"https:\\\/\\\/schema.org\",\"@graph\":[{\"@type\":\"WebPage\",\"@id\":\"https:\\\/\\\/staging.safetysourcefire.ca\\\/product\\\/ventis-pro5-portable\\\/\",\"url\":\"https:\\\/\\\/staging.safetysourcefire.ca\\\/product\\\/ventis-pro5-portable\\\/\",\"name\":\"Ventis Pro5 Portable Multi-gas Monitor - Safety Source Fire\",\"isPartOf\":{\"@id\":\"https:\\\/\\\/staging.safetysourcefire.ca\\\/#website\"},\"primaryImageOfPage\":{\"@id\":\"https:\\\/\\\/staging.safetysourcefire.ca\\\/product\\\/ventis-pro5-portable\\\/#primaryimage\"},\"image\":{\"@id\":\"https:\\\/\\\/staging.safetysourcefire.ca\\\/product\\\/ventis-pro5-portable\\\/#primaryimage\"},\"thumbnailUrl\":\"https:\\\/\\\/staging.safetysourcefire.ca\\\/wp-content\\\/uploads\\\/2018\\\/09\\\/ventispro5.jpg\",\"datePublished\":\"2018-09-07T16:36:42+00:00\",\"dateModified\":\"2023-10-03T12:55:32+00:00\",\"breadcrumb\":{\"@id\":\"https:\\\/\\\/staging.safetysourcefire.ca\\\/product\\\/ventis-pro5-portable\\\/#breadcrumb\"},\"inLanguage\":\"fr-CA\",\"potentialAction\":[{\"@type\":\"ReadAction\",\"target\":[\"https:\\\/\\\/staging.safetysourcefire.ca\\\/product\\\/ventis-pro5-portable\\\/\"]}]},{\"@type\":\"ImageObject\",\"inLanguage\":\"fr-CA\",\"@id\":\"https:\\\/\\\/staging.safetysourcefire.ca\\\/product\\\/ventis-pro5-portable\\\/#primaryimage\",\"url\":\"https:\\\/\\\/staging.safetysourcefire.ca\\\/wp-content\\\/uploads\\\/2018\\\/09\\\/ventispro5.jpg\",\"contentUrl\":\"https:\\\/\\\/staging.safetysourcefire.ca\\\/wp-content\\\/uploads\\\/2018\\\/09\\\/ventispro5.jpg\",\"width\":600,\"height\":600,\"caption\":\"monitor\"},{\"@type\":\"BreadcrumbList\",\"@id\":\"https:\\\/\\\/staging.safetysourcefire.ca\\\/product\\\/ventis-pro5-portable\\\/#breadcrumb\",\"itemListElement\":[{\"@type\":\"ListItem\",\"position\":1,\"name\":\"Home\",\"item\":\"https:\\\/\\\/staging.safetysourcefire.ca\\\/\"},{\"@type\":\"ListItem\",\"position\":2,\"name\":\"Products\",\"item\":\"https:\\\/\\\/staging.safetysourcefire.ca\\\/shop\\\/\"},{\"@type\":\"ListItem\",\"position\":3,\"name\":\"Ventis Pro5 Portable Multi-gas Monitor\"}]},{\"@type\":\"WebSite\",\"@id\":\"https:\\\/\\\/staging.safetysourcefire.ca\\\/#website\",\"url\":\"https:\\\/\\\/staging.safetysourcefire.ca\\\/\",\"name\":\"Safety Source Fire\",\"description\":\"\",\"publisher\":{\"@id\":\"https:\\\/\\\/staging.safetysourcefire.ca\\\/#organization\"},\"potentialAction\":[{\"@type\":\"SearchAction\",\"target\":{\"@type\":\"EntryPoint\",\"urlTemplate\":\"https:\\\/\\\/staging.safetysourcefire.ca\\\/?s={search_term_string}\"},\"query-input\":{\"@type\":\"PropertyValueSpecification\",\"valueRequired\":true,\"valueName\":\"search_term_string\"}}],\"inLanguage\":\"fr-CA\"},{\"@type\":\"Organization\",\"@id\":\"https:\\\/\\\/staging.safetysourcefire.ca\\\/#organization\",\"name\":\"Safety Source Fire\",\"url\":\"https:\\\/\\\/staging.safetysourcefire.ca\\\/\",\"logo\":{\"@type\":\"ImageObject\",\"inLanguage\":\"fr-CA\",\"@id\":\"https:\\\/\\\/staging.safetysourcefire.ca\\\/#\\\/schema\\\/logo\\\/image\\\/\",\"url\":\"https:\\\/\\\/staging.safetysourcefire.ca\\\/wp-content\\\/uploads\\\/2021\\\/01\\\/SSF_logo_CC0000-3.png\",\"contentUrl\":\"https:\\\/\\\/staging.safetysourcefire.ca\\\/wp-content\\\/uploads\\\/2021\\\/01\\\/SSF_logo_CC0000-3.png\",\"width\":1107,\"height\":365,\"caption\":\"Safety Source Fire\"},\"image\":{\"@id\":\"https:\\\/\\\/staging.safetysourcefire.ca\\\/#\\\/schema\\\/logo\\\/image\\\/\"},\"sameAs\":[\"https:\\\/\\\/www.facebook.com\\\/mmfssca\",\"https:\\\/\\\/x.com\\\/mmfssca\"]}]}<\/script>\n<!-- \/ Yoast SEO plugin. -->","yoast_head_json":{"title":"Moniteur multi-gaz portable Ventis Pro5 - Source de s\u00e9curit\u00e9 incendie","robots":{"index":"noindex","follow":"follow","max-snippet":"max-snippet:-1","max-image-preview":"max-image-preview:large","max-video-preview":"max-video-preview:-1"},"og_locale":"fr_CA","og_type":"article","og_title":"Ventis Pro5 Portable Multi-gas Monitor - Safety Source Fire","og_description":"Stop carrying multiple instruments to meet your gas detection needs. The Ventis\u2122 Pro Series has you covered whether you need unique four-gas or expanded five-gas sensor options\u2014all in the most configurable multi-gas monitors on the market.","og_url":"https:\/\/staging.safetysourcefire.ca\/fr_ca\/produit\/ventis-pro5-portable\/","og_site_name":"Safety Source Fire","article_publisher":"https:\/\/www.facebook.com\/mmfssca","article_modified_time":"2023-10-03T12:55:32+00:00","og_image":[{"width":600,"height":600,"url":"https:\/\/staging.safetysourcefire.ca\/wp-content\/uploads\/2018\/09\/ventispro5.jpg","type":"image\/jpeg"}],"twitter_card":"summary_large_image","twitter_site":"@mmfssca","twitter_misc":{"Estimation du temps de lecture":"2 minutes"},"schema":{"@context":"https:\/\/schema.org","@graph":[{"@type":"WebPage","@id":"https:\/\/staging.safetysourcefire.ca\/product\/ventis-pro5-portable\/","url":"https:\/\/staging.safetysourcefire.ca\/product\/ventis-pro5-portable\/","name":"Moniteur multi-gaz portable Ventis Pro5 - Source de s\u00e9curit\u00e9 incendie","isPartOf":{"@id":"https:\/\/staging.safetysourcefire.ca\/#website"},"primaryImageOfPage":{"@id":"https:\/\/staging.safetysourcefire.ca\/product\/ventis-pro5-portable\/#primaryimage"},"image":{"@id":"https:\/\/staging.safetysourcefire.ca\/product\/ventis-pro5-portable\/#primaryimage"},"thumbnailUrl":"https:\/\/staging.safetysourcefire.ca\/wp-content\/uploads\/2018\/09\/ventispro5.jpg","datePublished":"2018-09-07T16:36:42+00:00","dateModified":"2023-10-03T12:55:32+00:00","breadcrumb":{"@id":"https:\/\/staging.safetysourcefire.ca\/product\/ventis-pro5-portable\/#breadcrumb"},"inLanguage":"fr-CA","potentialAction":[{"@type":"ReadAction","target":["https:\/\/staging.safetysourcefire.ca\/product\/ventis-pro5-portable\/"]}]},{"@type":"ImageObject","inLanguage":"fr-CA","@id":"https:\/\/staging.safetysourcefire.ca\/product\/ventis-pro5-portable\/#primaryimage","url":"https:\/\/staging.safetysourcefire.ca\/wp-content\/uploads\/2018\/09\/ventispro5.jpg","contentUrl":"https:\/\/staging.safetysourcefire.ca\/wp-content\/uploads\/2018\/09\/ventispro5.jpg","width":600,"height":600,"caption":"monitor"},{"@type":"BreadcrumbList","@id":"https:\/\/staging.safetysourcefire.ca\/product\/ventis-pro5-portable\/#breadcrumb","itemListElement":[{"@type":"ListItem","position":1,"name":"Home","item":"https:\/\/staging.safetysourcefire.ca\/"},{"@type":"ListItem","position":2,"name":"Products","item":"https:\/\/staging.safetysourcefire.ca\/shop\/"},{"@type":"ListItem","position":3,"name":"Ventis Pro5 Portable Multi-gas Monitor"}]},{"@type":"WebSite","@id":"https:\/\/staging.safetysourcefire.ca\/#website","url":"https:\/\/staging.safetysourcefire.ca\/","name":"Safety Source Fire","description":"","publisher":{"@id":"https:\/\/staging.safetysourcefire.ca\/#organization"},"potentialAction":[{"@type":"SearchAction","target":{"@type":"EntryPoint","urlTemplate":"https:\/\/staging.safetysourcefire.ca\/?s={search_term_string}"},"query-input":{"@type":"PropertyValueSpecification","valueRequired":true,"valueName":"search_term_string"}}],"inLanguage":"fr-CA"},{"@type":"Organization","@id":"https:\/\/staging.safetysourcefire.ca\/#organization","name":"Safety Source Fire","url":"https:\/\/staging.safetysourcefire.ca\/","logo":{"@type":"ImageObject","inLanguage":"fr-CA","@id":"https:\/\/staging.safetysourcefire.ca\/#\/schema\/logo\/image\/","url":"https:\/\/staging.safetysourcefire.ca\/wp-content\/uploads\/2021\/01\/SSF_logo_CC0000-3.png","contentUrl":"https:\/\/staging.safetysourcefire.ca\/wp-content\/uploads\/2021\/01\/SSF_logo_CC0000-3.png","width":1107,"height":365,"caption":"Safety Source Fire"},"image":{"@id":"https:\/\/staging.safetysourcefire.ca\/#\/schema\/logo\/image\/"},"sameAs":["https:\/\/www.facebook.com\/mmfssca","https:\/\/x.com\/mmfssca"]}]}},"_links":{"self":[{"href":"https:\/\/staging.safetysourcefire.ca\/fr_ca\/wp-json\/wp\/v2\/product\/6102","targetHints":{"allow":["GET"]}}],"collection":[{"href":"https:\/\/staging.safetysourcefire.ca\/fr_ca\/wp-json\/wp\/v2\/product"}],"about":[{"href":"https:\/\/staging.safetysourcefire.ca\/fr_ca\/wp-json\/wp\/v2\/types\/product"}],"wp:featuredmedia":[{"embeddable":true,"href":"https:\/\/staging.safetysourcefire.ca\/fr_ca\/wp-json\/wp\/v2\/media\/25723"}],"wp:attachment":[{"href":"https:\/\/staging.safetysourcefire.ca\/fr_ca\/wp-json\/wp\/v2\/media?parent=6102"}],"wp:term":[{"taxonomy":"product_brand","embeddable":true,"href":"https:\/\/staging.safetysourcefire.ca\/fr_ca\/wp-json\/wp\/v2\/product_brand?post=6102"},{"taxonomy":"product_cat","embeddable":true,"href":"https:\/\/staging.safetysourcefire.ca\/fr_ca\/wp-json\/wp\/v2\/product_cat?post=6102"},{"taxonomy":"product_tag","embeddable":true,"href":"https:\/\/staging.safetysourcefire.ca\/fr_ca\/wp-json\/wp\/v2\/product_tag?post=6102"}],"curies":[{"name":"wp","href":"https:\/\/api.w.org\/{rel}","templated":true}]}}