{"id":5812,"date":"2018-05-14T17:54:08","date_gmt":"2018-05-14T17:54:08","guid":{"rendered":"https:\/\/mmfss.ca\/?post_type=product&#038;p=5812"},"modified":"2021-10-21T14:14:04","modified_gmt":"2021-10-21T14:14:04","slug":"auto-crib-it-automatic-stabilization-tool","status":"publish","type":"product","link":"https:\/\/staging.safetysourcefire.ca\/fr_ca\/produit\/auto-crib-it-automatic-stabilization-tool\/","title":{"rendered":"Outils de stabilisation automatique AUTO CRIB-IT"},"content":{"rendered":"<p>Rapide. Facile. Termin\u00e9. L'outil de stabilisation de v\u00e9hicule AUTO CRIB-IT est con\u00e7u pour diminuer le plus possible le risque de danger pour l'op\u00e9rateur. En s'ajustant et en se verrouillant AUTOMATIQUEMENT, et en \u00e9conomisant de l'espace sur votre appareil, l'outil de stabilisation de v\u00e9hicule AUTO CRIB-IT est un incontournable pour toute op\u00e9ration !<\/p>\n<p><iframe loading=\"lazy\" src=\"https:\/\/www.youtube.com\/embed\/QJM_Ob1ITks\" width=\"560\" height=\"315\" frameborder=\"0\" allowfullscreen=\"allowfullscreen\"><\/iframe><\/p>\n<p>&nbsp;<\/p>\n<p><a href=\"https:\/\/www.powerhawk.com\/s\/Auto-Crib-It-Flyer-2020-01.pdf\">T\u00e9l\u00e9chargez la brochure<\/a><\/p>\n<p>SE R\u00c9AJUSTE ET VERROUILLE AUTOMATIQUEMENT PENDANT LES OP\u00c9RATIONS<br \/>\nHaut max. capacit\u00e9 de charge par AUTO CRIB-IT!<br \/>\nAC-14\u00a0: 2000 livres AC-17\u00a0: 2800 livres<\/p>\n<p>STABILISER DANS LES DEUX DIRECTIONS<br \/>\nPositionnez-le compl\u00e8tement sous et parall\u00e8lement aux bas de caisse pour \u00e9viter les risques de tr\u00e9buchement tout en stabilisant \u00e0 la fois le devant\/derri\u00e8re ainsi que les c\u00f4t\u00e9s.<\/p>\n<p>SUPER COMPACT ET L\u00c9GER !<br \/>\nFabriqu\u00e9 en aluminium haute r\u00e9sistance.<br \/>\nAC-14\u00a0: 14,5\u00a0lb<br \/>\nAC-17\u00a0: 23,5\u00a0lb<\/p>\n<ul>\n<li>Actionn\u00e9 par piston : stabilise les v\u00e9hicules en quelques secondes<\/li>\n<li>L\u00e9ger et portatif<\/li>\n<li>Vendu par lot de deux<\/li>\n<li>Plus grand que la plupart des marchepieds\u00a0!<\/li>\n<li>Hyper compacte :  gardez votre espace pour les autres \u00e9quipements dont vous avez besoin!<\/li>\n<li>D\u00e9contaminable facilement<\/li>\n<\/ul>","protected":false},"excerpt":{"rendered":"<p>Une option stable, en quelques secondes!<\/p>","protected":false},"featured_media":5813,"template":"","meta":[],"product_brand":[390],"product_cat":[128,51,133],"product_tag":[392,393,391],"class_list":{"0":"post-5812","1":"product","2":"type-product","3":"status-publish","4":"has-post-thumbnail","6":"product_brand-power-hawk-technologies-inc","7":"product_cat-extrication-rescue","8":"product_cat-rescue","9":"product_cat-stabilization-shoring","10":"product_tag-ac-14","11":"product_tag-ac-17","12":"product_tag-power-hawk-technologies","14":"first","15":"instock","16":"shipping-taxable","17":"product-type-simple"},"yoast_head":"<!-- This site is optimized with the Yoast SEO plugin v27.4 - https:\/\/yoast.com\/product\/yoast-seo-wordpress\/ -->\n<title>Auto Crib-It Automatic Stabilization Tools - Safety Source Fire<\/title>\n<meta name=\"robots\" content=\"noindex, follow, max-snippet:-1, max-image-preview:large, max-video-preview:-1\" \/>\n<meta property=\"og:locale\" content=\"fr_CA\" \/>\n<meta property=\"og:type\" content=\"article\" \/>\n<meta property=\"og:title\" content=\"Auto Crib-It Automatic Stabilization Tools - Safety Source Fire\" \/>\n<meta property=\"og:description\" content=\"Stabilize in Seconds!\" \/>\n<meta property=\"og:url\" content=\"https:\/\/staging.safetysourcefire.ca\/fr_ca\/produit\/auto-crib-it-automatic-stabilization-tool\/\" \/>\n<meta property=\"og:site_name\" content=\"Safety Source Fire\" \/>\n<meta property=\"article:publisher\" content=\"https:\/\/www.facebook.com\/mmfssca\" \/>\n<meta property=\"article:modified_time\" content=\"2021-10-21T14:14:04+00:00\" \/>\n<meta property=\"og:image\" content=\"https:\/\/staging.safetysourcefire.ca\/wp-content\/uploads\/2018\/05\/AC14-side-by-sideWebnarrow.jpg\" \/>\n\t<meta property=\"og:image:width\" content=\"600\" \/>\n\t<meta property=\"og:image:height\" content=\"600\" \/>\n\t<meta property=\"og:image:type\" content=\"image\/jpeg\" \/>\n<meta name=\"twitter:card\" content=\"summary_large_image\" \/>\n<meta name=\"twitter:site\" content=\"@mmfssca\" \/>\n<meta name=\"twitter:label1\" content=\"Estimation du temps de lecture\" \/>\n\t<meta name=\"twitter:data1\" content=\"1 minute\" \/>\n<script type=\"application\/ld+json\" class=\"yoast-schema-graph\">{\"@context\":\"https:\\\/\\\/schema.org\",\"@graph\":[{\"@type\":\"WebPage\",\"@id\":\"https:\\\/\\\/staging.safetysourcefire.ca\\\/product\\\/auto-crib-it-automatic-stabilization-tool\\\/\",\"url\":\"https:\\\/\\\/staging.safetysourcefire.ca\\\/product\\\/auto-crib-it-automatic-stabilization-tool\\\/\",\"name\":\"Auto Crib-It Automatic Stabilization Tools - Safety Source Fire\",\"isPartOf\":{\"@id\":\"https:\\\/\\\/staging.safetysourcefire.ca\\\/#website\"},\"primaryImageOfPage\":{\"@id\":\"https:\\\/\\\/staging.safetysourcefire.ca\\\/product\\\/auto-crib-it-automatic-stabilization-tool\\\/#primaryimage\"},\"image\":{\"@id\":\"https:\\\/\\\/staging.safetysourcefire.ca\\\/product\\\/auto-crib-it-automatic-stabilization-tool\\\/#primaryimage\"},\"thumbnailUrl\":\"https:\\\/\\\/staging.safetysourcefire.ca\\\/wp-content\\\/uploads\\\/2018\\\/05\\\/AC14-side-by-sideWebnarrow.jpg\",\"datePublished\":\"2018-05-14T17:54:08+00:00\",\"dateModified\":\"2021-10-21T14:14:04+00:00\",\"breadcrumb\":{\"@id\":\"https:\\\/\\\/staging.safetysourcefire.ca\\\/product\\\/auto-crib-it-automatic-stabilization-tool\\\/#breadcrumb\"},\"inLanguage\":\"fr-CA\",\"potentialAction\":[{\"@type\":\"ReadAction\",\"target\":[\"https:\\\/\\\/staging.safetysourcefire.ca\\\/product\\\/auto-crib-it-automatic-stabilization-tool\\\/\"]}]},{\"@type\":\"ImageObject\",\"inLanguage\":\"fr-CA\",\"@id\":\"https:\\\/\\\/staging.safetysourcefire.ca\\\/product\\\/auto-crib-it-automatic-stabilization-tool\\\/#primaryimage\",\"url\":\"https:\\\/\\\/staging.safetysourcefire.ca\\\/wp-content\\\/uploads\\\/2018\\\/05\\\/AC14-side-by-sideWebnarrow.jpg\",\"contentUrl\":\"https:\\\/\\\/staging.safetysourcefire.ca\\\/wp-content\\\/uploads\\\/2018\\\/05\\\/AC14-side-by-sideWebnarrow.jpg\",\"width\":600,\"height\":600,\"caption\":\"AC-14 jack\"},{\"@type\":\"BreadcrumbList\",\"@id\":\"https:\\\/\\\/staging.safetysourcefire.ca\\\/product\\\/auto-crib-it-automatic-stabilization-tool\\\/#breadcrumb\",\"itemListElement\":[{\"@type\":\"ListItem\",\"position\":1,\"name\":\"Home\",\"item\":\"https:\\\/\\\/staging.safetysourcefire.ca\\\/\"},{\"@type\":\"ListItem\",\"position\":2,\"name\":\"Products\",\"item\":\"https:\\\/\\\/staging.safetysourcefire.ca\\\/shop\\\/\"},{\"@type\":\"ListItem\",\"position\":3,\"name\":\"Auto Crib-It Automatic Stabilization Tools\"}]},{\"@type\":\"WebSite\",\"@id\":\"https:\\\/\\\/staging.safetysourcefire.ca\\\/#website\",\"url\":\"https:\\\/\\\/staging.safetysourcefire.ca\\\/\",\"name\":\"Safety Source Fire\",\"description\":\"\",\"publisher\":{\"@id\":\"https:\\\/\\\/staging.safetysourcefire.ca\\\/#organization\"},\"potentialAction\":[{\"@type\":\"SearchAction\",\"target\":{\"@type\":\"EntryPoint\",\"urlTemplate\":\"https:\\\/\\\/staging.safetysourcefire.ca\\\/?s={search_term_string}\"},\"query-input\":{\"@type\":\"PropertyValueSpecification\",\"valueRequired\":true,\"valueName\":\"search_term_string\"}}],\"inLanguage\":\"fr-CA\"},{\"@type\":\"Organization\",\"@id\":\"https:\\\/\\\/staging.safetysourcefire.ca\\\/#organization\",\"name\":\"Safety Source Fire\",\"url\":\"https:\\\/\\\/staging.safetysourcefire.ca\\\/\",\"logo\":{\"@type\":\"ImageObject\",\"inLanguage\":\"fr-CA\",\"@id\":\"https:\\\/\\\/staging.safetysourcefire.ca\\\/#\\\/schema\\\/logo\\\/image\\\/\",\"url\":\"https:\\\/\\\/staging.safetysourcefire.ca\\\/wp-content\\\/uploads\\\/2021\\\/01\\\/SSF_logo_CC0000-3.png\",\"contentUrl\":\"https:\\\/\\\/staging.safetysourcefire.ca\\\/wp-content\\\/uploads\\\/2021\\\/01\\\/SSF_logo_CC0000-3.png\",\"width\":1107,\"height\":365,\"caption\":\"Safety Source Fire\"},\"image\":{\"@id\":\"https:\\\/\\\/staging.safetysourcefire.ca\\\/#\\\/schema\\\/logo\\\/image\\\/\"},\"sameAs\":[\"https:\\\/\\\/www.facebook.com\\\/mmfssca\",\"https:\\\/\\\/x.com\\\/mmfssca\"]}]}<\/script>\n<!-- \/ Yoast SEO plugin. -->","yoast_head_json":{"title":"Outils de stabilisation automatique Auto Crib-It - Safety Source Fire","robots":{"index":"noindex","follow":"follow","max-snippet":"max-snippet:-1","max-image-preview":"max-image-preview:large","max-video-preview":"max-video-preview:-1"},"og_locale":"fr_CA","og_type":"article","og_title":"Auto Crib-It Automatic Stabilization Tools - Safety Source Fire","og_description":"Stabilize in Seconds!","og_url":"https:\/\/staging.safetysourcefire.ca\/fr_ca\/produit\/auto-crib-it-automatic-stabilization-tool\/","og_site_name":"Safety Source Fire","article_publisher":"https:\/\/www.facebook.com\/mmfssca","article_modified_time":"2021-10-21T14:14:04+00:00","og_image":[{"width":600,"height":600,"url":"https:\/\/staging.safetysourcefire.ca\/wp-content\/uploads\/2018\/05\/AC14-side-by-sideWebnarrow.jpg","type":"image\/jpeg"}],"twitter_card":"summary_large_image","twitter_site":"@mmfssca","twitter_misc":{"Estimation du temps de lecture":"1 minute"},"schema":{"@context":"https:\/\/schema.org","@graph":[{"@type":"WebPage","@id":"https:\/\/staging.safetysourcefire.ca\/product\/auto-crib-it-automatic-stabilization-tool\/","url":"https:\/\/staging.safetysourcefire.ca\/product\/auto-crib-it-automatic-stabilization-tool\/","name":"Outils de stabilisation automatique Auto Crib-It - Safety Source Fire","isPartOf":{"@id":"https:\/\/staging.safetysourcefire.ca\/#website"},"primaryImageOfPage":{"@id":"https:\/\/staging.safetysourcefire.ca\/product\/auto-crib-it-automatic-stabilization-tool\/#primaryimage"},"image":{"@id":"https:\/\/staging.safetysourcefire.ca\/product\/auto-crib-it-automatic-stabilization-tool\/#primaryimage"},"thumbnailUrl":"https:\/\/staging.safetysourcefire.ca\/wp-content\/uploads\/2018\/05\/AC14-side-by-sideWebnarrow.jpg","datePublished":"2018-05-14T17:54:08+00:00","dateModified":"2021-10-21T14:14:04+00:00","breadcrumb":{"@id":"https:\/\/staging.safetysourcefire.ca\/product\/auto-crib-it-automatic-stabilization-tool\/#breadcrumb"},"inLanguage":"fr-CA","potentialAction":[{"@type":"ReadAction","target":["https:\/\/staging.safetysourcefire.ca\/product\/auto-crib-it-automatic-stabilization-tool\/"]}]},{"@type":"ImageObject","inLanguage":"fr-CA","@id":"https:\/\/staging.safetysourcefire.ca\/product\/auto-crib-it-automatic-stabilization-tool\/#primaryimage","url":"https:\/\/staging.safetysourcefire.ca\/wp-content\/uploads\/2018\/05\/AC14-side-by-sideWebnarrow.jpg","contentUrl":"https:\/\/staging.safetysourcefire.ca\/wp-content\/uploads\/2018\/05\/AC14-side-by-sideWebnarrow.jpg","width":600,"height":600,"caption":"AC-14 jack"},{"@type":"BreadcrumbList","@id":"https:\/\/staging.safetysourcefire.ca\/product\/auto-crib-it-automatic-stabilization-tool\/#breadcrumb","itemListElement":[{"@type":"ListItem","position":1,"name":"Home","item":"https:\/\/staging.safetysourcefire.ca\/"},{"@type":"ListItem","position":2,"name":"Products","item":"https:\/\/staging.safetysourcefire.ca\/shop\/"},{"@type":"ListItem","position":3,"name":"Auto Crib-It Automatic Stabilization Tools"}]},{"@type":"WebSite","@id":"https:\/\/staging.safetysourcefire.ca\/#website","url":"https:\/\/staging.safetysourcefire.ca\/","name":"Safety Source Fire","description":"","publisher":{"@id":"https:\/\/staging.safetysourcefire.ca\/#organization"},"potentialAction":[{"@type":"SearchAction","target":{"@type":"EntryPoint","urlTemplate":"https:\/\/staging.safetysourcefire.ca\/?s={search_term_string}"},"query-input":{"@type":"PropertyValueSpecification","valueRequired":true,"valueName":"search_term_string"}}],"inLanguage":"fr-CA"},{"@type":"Organization","@id":"https:\/\/staging.safetysourcefire.ca\/#organization","name":"Safety Source Fire","url":"https:\/\/staging.safetysourcefire.ca\/","logo":{"@type":"ImageObject","inLanguage":"fr-CA","@id":"https:\/\/staging.safetysourcefire.ca\/#\/schema\/logo\/image\/","url":"https:\/\/staging.safetysourcefire.ca\/wp-content\/uploads\/2021\/01\/SSF_logo_CC0000-3.png","contentUrl":"https:\/\/staging.safetysourcefire.ca\/wp-content\/uploads\/2021\/01\/SSF_logo_CC0000-3.png","width":1107,"height":365,"caption":"Safety Source Fire"},"image":{"@id":"https:\/\/staging.safetysourcefire.ca\/#\/schema\/logo\/image\/"},"sameAs":["https:\/\/www.facebook.com\/mmfssca","https:\/\/x.com\/mmfssca"]}]}},"_links":{"self":[{"href":"https:\/\/staging.safetysourcefire.ca\/fr_ca\/wp-json\/wp\/v2\/product\/5812","targetHints":{"allow":["GET"]}}],"collection":[{"href":"https:\/\/staging.safetysourcefire.ca\/fr_ca\/wp-json\/wp\/v2\/product"}],"about":[{"href":"https:\/\/staging.safetysourcefire.ca\/fr_ca\/wp-json\/wp\/v2\/types\/product"}],"wp:featuredmedia":[{"embeddable":true,"href":"https:\/\/staging.safetysourcefire.ca\/fr_ca\/wp-json\/wp\/v2\/media\/5813"}],"wp:attachment":[{"href":"https:\/\/staging.safetysourcefire.ca\/fr_ca\/wp-json\/wp\/v2\/media?parent=5812"}],"wp:term":[{"taxonomy":"product_brand","embeddable":true,"href":"https:\/\/staging.safetysourcefire.ca\/fr_ca\/wp-json\/wp\/v2\/product_brand?post=5812"},{"taxonomy":"product_cat","embeddable":true,"href":"https:\/\/staging.safetysourcefire.ca\/fr_ca\/wp-json\/wp\/v2\/product_cat?post=5812"},{"taxonomy":"product_tag","embeddable":true,"href":"https:\/\/staging.safetysourcefire.ca\/fr_ca\/wp-json\/wp\/v2\/product_tag?post=5812"}],"curies":[{"name":"wp","href":"https:\/\/api.w.org\/{rel}","templated":true}]}}