{"id":5771,"date":"2018-07-07T09:00:31","date_gmt":"2018-07-07T09:00:31","guid":{"rendered":"https:\/\/mmfss.ca\/?post_type=product&#038;p=5771"},"modified":"2021-04-09T16:13:12","modified_gmt":"2021-04-09T16:13:12","slug":"rdc-rapid-deployment-craft","status":"publish","type":"product","link":"https:\/\/staging.safetysourcefire.ca\/fr_ca\/produit\/rdc-rapid-deployment-craft\/","title":{"rendered":"RDC - embarcation de sauvetage \u00e0 d\u00e9ploiement rapide"},"content":{"rendered":"<p>Le RDC (de l'anglais ''Rapid Deployment Craft'')\u00a0<strong>est une embarcation \u00e0 d\u00e9ploiement rapide<\/strong>\u00a0con\u00e7u pour supporter le stress encouru par ceux qui doivent travailler dans des situations de sauvetage exigeantes li\u00e9es \u00e0 l'eau. L'ensemble standard comprend un sac de transport, un tapis de sol, deux pagaies, un sac de pagaies, un ensemble de sangle de remorquage, un collecteur de remplissage d'air et une trousse de r\u00e9paration.<\/p>\n<p>Le RDC poss\u00e8de des extr\u00e9mit\u00e9s tr\u00e8s courb\u00e9es. Celles-ci permettent aux sauveteurs de passer l'extr\u00e9mit\u00e9 ouverte du bateau au-dessus de la victime tandis que la t\u00eate de la victime reste au-dessus de l'eau en tout temps. Il permet \u00e9galement \u00e0 un sauveteur d'atteindre le devant du bateau sans risque de faire basculer l'embarcation. Le sol \u00e9tant ouvert \u00e0 chaque extr\u00e9mit\u00e9, l'ent\u00e9e au bateau est possible par deux endroits distincts. La hauteur du rebord n'est que de quelques centim\u00e8tres, ce qui permet aux sauveteurs de tirer facilement une victime \u00e0 l'int\u00e9rieur du bateau. Cela permet \u00e9galement \u00e0 un plongeur avec des bouteilles d'oxyg\u00e8ne de se hisser dans l'embarcation avec un minimum d'effort. Les deux portails d'entr\u00e9e \u00e0 chaque extr\u00e9mit\u00e9 servent \u00e9galement de points de support qui offrent un p\u00e9rim\u00e8tre de s\u00e9curit\u00e9 en cas de rupture soudaine de la glace ou de coul\u00e9e de boue.<\/p>\n<p>Transporter le RDC? Rien n'est plus facile! En effet, ce dispositif peut se ranger dans un cube de 2\u2032, se gonfler en un clin d'\u0153il et peut facilement \u00eatre mani\u00e9 par une seule personne. Le moyen le plus courant de le transporter est de le d\u00e9gonfler et de le ranger dans un bateau ou un v\u00e9hicule de sauvetage. Vous arrive-t-il souvent d'arriver au lieu d'un appel sans pouvoir trouver d'endroit pour lancer votre bateau \u00e0 moteur \u00e0 l'eau? Avec le RDC, ce probl\u00e8me est d'histoire ancienne!<\/p>\n<p><iframe loading=\"lazy\" src=\"https:\/\/www.youtube.com\/embed\/9aPtNdlcmUw\" width=\"560\" height=\"315\" frameborder=\"0\" allowfullscreen=\"allowfullscreen\"><\/iframe><\/p>\n<p><strong>MAT\u00c9RIAUX:<\/strong><\/p>\n<p>Le RDC est con\u00e7u pour r\u00e9sister \u00e0 des conditions d'utilisation arides, et ce, pendant de nombreuses ann\u00e9es. En effet, chaque embarcation de sauvetage est assembl\u00e9e et produite avec les mat\u00e9riaux les plus raffin\u00e9s et les plus avanc\u00e9s disponibles. En utilisant les meilleures techniques de construction sur le march\u00e9, le tissu du RDC est le plus durable de l'industrie. Il s'agit d'un mat\u00e9riau en alliage PU\/PVC\/polyester avec toutes les coutures soud\u00e9es et scell\u00e9es pour une r\u00e9sistance ultime et une r\u00e9tention d'air. Aucune colle ou adh\u00e9sif n'est utilis\u00e9 afin que nos coutures atteignent la m\u00eame r\u00e9sistance que le tissu, ce qui signifie qu'il n'y a pas de maillons faibles dans nos canots de sauvetage. Le rev\u00eatement en ur\u00e9thane contient \u00e9galement plus d'inhibiteurs d'UV que tout autre mat\u00e9riau sur le march\u00e9. Cela permet une exposition prolong\u00e9e au soleil sans d\u00e9gradation du tissu (contrairement \u00e0 ce qui se produit avec les canots pneumatiques traditionnels). Le fond du RDC est \u00e9galement tr\u00e8s sp\u00e9cial: la conception ''I-Beam'' permet \u00e0 celui-ci de devenir dur comme de la pierre seulement en ajoutant un peu d'air pressuris\u00e9. Ce fond solide procure une stabilit\u00e9 hors pair et fait du RDC une excellente planche pour transporter une victime inapte.<\/p>\n<p>Le RDC est con\u00e7u pour durer! Tellement, que vous n'aurez possiblement jamais \u00e0 nous recontacter pour en avoir un nouveau! C'est notre objectif et notre plus grande fiert\u00e9. Lorsque vous recevez un bateau de sauvetage de notre part, les instructions de soins seront incroyablement br\u00e8ves: Rangez le RDC d\u00e9gonfl\u00e9 dans le sac con\u00e7u \u00e0 cet effet. Cela vous donnera un acc\u00e8s rapide lorsque le moment sera venu pour l'utiliser tout en diminuant les risques de dommages et augmentant la dur\u00e9e de vie du canot de sauvetage. Conservez-le dans un endroit sec, \u00e0 l'abri de la lumi\u00e8re directe du soleil. Nous croyons fermement qu'avec un peu de soin, vous pourrez utiliser votre RDC pendant plusieurs ann\u00e9es sans probl\u00e8me. En effet, en cas d'utilisation \u00ab\u00a0normale\u00a0\u00bb (utilisation r\u00e9guli\u00e8re pour les interventions d'urgences), cette embarcation de sauvetage peut durer une d\u00e9cennie ou plus.<\/p>","protected":false},"excerpt":{"rendered":"<p>Le bateau de sauvetage le plus durable et le plus facile \u00e0 utiliser jamais con\u00e7u.<\/p>","protected":false},"featured_media":5772,"template":"","meta":[],"product_brand":[385],"product_cat":[462,464,51,135],"product_tag":[387],"class_list":{"0":"post-5771","1":"product","2":"type-product","3":"status-publish","4":"has-post-thumbnail","6":"product_brand-oceanid","7":"product_cat-emergency-preparedness","8":"product_cat-flood","9":"product_cat-rescue","10":"product_cat-water-ice-rescue","11":"product_tag-oceanid","13":"first","14":"instock","15":"shipping-taxable","16":"product-type-simple"},"yoast_head":"<!-- This site is optimized with the Yoast SEO plugin v27.4 - https:\/\/yoast.com\/product\/yoast-seo-wordpress\/ -->\n<title>RDC - Rapid Deployment Craft - Safety Source Fire<\/title>\n<meta name=\"robots\" content=\"noindex, follow, max-snippet:-1, max-image-preview:large, max-video-preview:-1\" \/>\n<meta property=\"og:locale\" content=\"fr_CA\" \/>\n<meta property=\"og:type\" content=\"article\" \/>\n<meta property=\"og:title\" content=\"RDC - Rapid Deployment Craft - Safety Source Fire\" \/>\n<meta property=\"og:description\" content=\"The most durable, easiest-to-use rescue boat ever made.\" \/>\n<meta property=\"og:url\" content=\"https:\/\/staging.safetysourcefire.ca\/fr_ca\/produit\/rdc-rapid-deployment-craft\/\" \/>\n<meta property=\"og:site_name\" content=\"Safety Source Fire\" \/>\n<meta property=\"article:publisher\" content=\"https:\/\/www.facebook.com\/mmfssca\" \/>\n<meta property=\"article:modified_time\" content=\"2021-04-09T16:13:12+00:00\" \/>\n<meta property=\"og:image\" content=\"https:\/\/staging.safetysourcefire.ca\/wp-content\/uploads\/2018\/05\/RDC-Shop.png\" \/>\n\t<meta property=\"og:image:width\" content=\"600\" \/>\n\t<meta property=\"og:image:height\" content=\"600\" \/>\n\t<meta property=\"og:image:type\" content=\"image\/png\" \/>\n<meta name=\"twitter:card\" content=\"summary_large_image\" \/>\n<meta name=\"twitter:site\" content=\"@mmfssca\" \/>\n<meta name=\"twitter:label1\" content=\"Estimation du temps de lecture\" \/>\n\t<meta name=\"twitter:data1\" content=\"3 minutes\" \/>\n<script type=\"application\/ld+json\" class=\"yoast-schema-graph\">{\"@context\":\"https:\\\/\\\/schema.org\",\"@graph\":[{\"@type\":\"WebPage\",\"@id\":\"https:\\\/\\\/staging.safetysourcefire.ca\\\/product\\\/rdc-rapid-deployment-craft\\\/\",\"url\":\"https:\\\/\\\/staging.safetysourcefire.ca\\\/product\\\/rdc-rapid-deployment-craft\\\/\",\"name\":\"RDC - Rapid Deployment Craft - Safety Source Fire\",\"isPartOf\":{\"@id\":\"https:\\\/\\\/staging.safetysourcefire.ca\\\/#website\"},\"primaryImageOfPage\":{\"@id\":\"https:\\\/\\\/staging.safetysourcefire.ca\\\/product\\\/rdc-rapid-deployment-craft\\\/#primaryimage\"},\"image\":{\"@id\":\"https:\\\/\\\/staging.safetysourcefire.ca\\\/product\\\/rdc-rapid-deployment-craft\\\/#primaryimage\"},\"thumbnailUrl\":\"https:\\\/\\\/staging.safetysourcefire.ca\\\/wp-content\\\/uploads\\\/2018\\\/05\\\/RDC-Shop.png\",\"datePublished\":\"2018-07-07T09:00:31+00:00\",\"dateModified\":\"2021-04-09T16:13:12+00:00\",\"breadcrumb\":{\"@id\":\"https:\\\/\\\/staging.safetysourcefire.ca\\\/product\\\/rdc-rapid-deployment-craft\\\/#breadcrumb\"},\"inLanguage\":\"fr-CA\",\"potentialAction\":[{\"@type\":\"ReadAction\",\"target\":[\"https:\\\/\\\/staging.safetysourcefire.ca\\\/product\\\/rdc-rapid-deployment-craft\\\/\"]}]},{\"@type\":\"ImageObject\",\"inLanguage\":\"fr-CA\",\"@id\":\"https:\\\/\\\/staging.safetysourcefire.ca\\\/product\\\/rdc-rapid-deployment-craft\\\/#primaryimage\",\"url\":\"https:\\\/\\\/staging.safetysourcefire.ca\\\/wp-content\\\/uploads\\\/2018\\\/05\\\/RDC-Shop.png\",\"contentUrl\":\"https:\\\/\\\/staging.safetysourcefire.ca\\\/wp-content\\\/uploads\\\/2018\\\/05\\\/RDC-Shop.png\",\"width\":600,\"height\":600,\"caption\":\"Rapid Deployment Craft\"},{\"@type\":\"BreadcrumbList\",\"@id\":\"https:\\\/\\\/staging.safetysourcefire.ca\\\/product\\\/rdc-rapid-deployment-craft\\\/#breadcrumb\",\"itemListElement\":[{\"@type\":\"ListItem\",\"position\":1,\"name\":\"Home\",\"item\":\"https:\\\/\\\/staging.safetysourcefire.ca\\\/\"},{\"@type\":\"ListItem\",\"position\":2,\"name\":\"Products\",\"item\":\"https:\\\/\\\/staging.safetysourcefire.ca\\\/shop\\\/\"},{\"@type\":\"ListItem\",\"position\":3,\"name\":\"RDC &#8211; Rapid Deployment Craft\"}]},{\"@type\":\"WebSite\",\"@id\":\"https:\\\/\\\/staging.safetysourcefire.ca\\\/#website\",\"url\":\"https:\\\/\\\/staging.safetysourcefire.ca\\\/\",\"name\":\"Safety Source Fire\",\"description\":\"\",\"publisher\":{\"@id\":\"https:\\\/\\\/staging.safetysourcefire.ca\\\/#organization\"},\"potentialAction\":[{\"@type\":\"SearchAction\",\"target\":{\"@type\":\"EntryPoint\",\"urlTemplate\":\"https:\\\/\\\/staging.safetysourcefire.ca\\\/?s={search_term_string}\"},\"query-input\":{\"@type\":\"PropertyValueSpecification\",\"valueRequired\":true,\"valueName\":\"search_term_string\"}}],\"inLanguage\":\"fr-CA\"},{\"@type\":\"Organization\",\"@id\":\"https:\\\/\\\/staging.safetysourcefire.ca\\\/#organization\",\"name\":\"Safety Source Fire\",\"url\":\"https:\\\/\\\/staging.safetysourcefire.ca\\\/\",\"logo\":{\"@type\":\"ImageObject\",\"inLanguage\":\"fr-CA\",\"@id\":\"https:\\\/\\\/staging.safetysourcefire.ca\\\/#\\\/schema\\\/logo\\\/image\\\/\",\"url\":\"https:\\\/\\\/staging.safetysourcefire.ca\\\/wp-content\\\/uploads\\\/2021\\\/01\\\/SSF_logo_CC0000-3.png\",\"contentUrl\":\"https:\\\/\\\/staging.safetysourcefire.ca\\\/wp-content\\\/uploads\\\/2021\\\/01\\\/SSF_logo_CC0000-3.png\",\"width\":1107,\"height\":365,\"caption\":\"Safety Source Fire\"},\"image\":{\"@id\":\"https:\\\/\\\/staging.safetysourcefire.ca\\\/#\\\/schema\\\/logo\\\/image\\\/\"},\"sameAs\":[\"https:\\\/\\\/www.facebook.com\\\/mmfssca\",\"https:\\\/\\\/x.com\\\/mmfssca\"]}]}<\/script>\n<!-- \/ Yoast SEO plugin. -->","yoast_head_json":{"title":"RDC - Embarcation \u00e0 d\u00e9ploiement rapide - Source de s\u00e9curit\u00e9 incendie","robots":{"index":"noindex","follow":"follow","max-snippet":"max-snippet:-1","max-image-preview":"max-image-preview:large","max-video-preview":"max-video-preview:-1"},"og_locale":"fr_CA","og_type":"article","og_title":"RDC - Rapid Deployment Craft - Safety Source Fire","og_description":"The most durable, easiest-to-use rescue boat ever made.","og_url":"https:\/\/staging.safetysourcefire.ca\/fr_ca\/produit\/rdc-rapid-deployment-craft\/","og_site_name":"Safety Source Fire","article_publisher":"https:\/\/www.facebook.com\/mmfssca","article_modified_time":"2021-04-09T16:13:12+00:00","og_image":[{"width":600,"height":600,"url":"https:\/\/staging.safetysourcefire.ca\/wp-content\/uploads\/2018\/05\/RDC-Shop.png","type":"image\/png"}],"twitter_card":"summary_large_image","twitter_site":"@mmfssca","twitter_misc":{"Estimation du temps de lecture":"3 minutes"},"schema":{"@context":"https:\/\/schema.org","@graph":[{"@type":"WebPage","@id":"https:\/\/staging.safetysourcefire.ca\/product\/rdc-rapid-deployment-craft\/","url":"https:\/\/staging.safetysourcefire.ca\/product\/rdc-rapid-deployment-craft\/","name":"RDC - Embarcation \u00e0 d\u00e9ploiement rapide - Source de s\u00e9curit\u00e9 incendie","isPartOf":{"@id":"https:\/\/staging.safetysourcefire.ca\/#website"},"primaryImageOfPage":{"@id":"https:\/\/staging.safetysourcefire.ca\/product\/rdc-rapid-deployment-craft\/#primaryimage"},"image":{"@id":"https:\/\/staging.safetysourcefire.ca\/product\/rdc-rapid-deployment-craft\/#primaryimage"},"thumbnailUrl":"https:\/\/staging.safetysourcefire.ca\/wp-content\/uploads\/2018\/05\/RDC-Shop.png","datePublished":"2018-07-07T09:00:31+00:00","dateModified":"2021-04-09T16:13:12+00:00","breadcrumb":{"@id":"https:\/\/staging.safetysourcefire.ca\/product\/rdc-rapid-deployment-craft\/#breadcrumb"},"inLanguage":"fr-CA","potentialAction":[{"@type":"ReadAction","target":["https:\/\/staging.safetysourcefire.ca\/product\/rdc-rapid-deployment-craft\/"]}]},{"@type":"ImageObject","inLanguage":"fr-CA","@id":"https:\/\/staging.safetysourcefire.ca\/product\/rdc-rapid-deployment-craft\/#primaryimage","url":"https:\/\/staging.safetysourcefire.ca\/wp-content\/uploads\/2018\/05\/RDC-Shop.png","contentUrl":"https:\/\/staging.safetysourcefire.ca\/wp-content\/uploads\/2018\/05\/RDC-Shop.png","width":600,"height":600,"caption":"Rapid Deployment Craft"},{"@type":"BreadcrumbList","@id":"https:\/\/staging.safetysourcefire.ca\/product\/rdc-rapid-deployment-craft\/#breadcrumb","itemListElement":[{"@type":"ListItem","position":1,"name":"Home","item":"https:\/\/staging.safetysourcefire.ca\/"},{"@type":"ListItem","position":2,"name":"Products","item":"https:\/\/staging.safetysourcefire.ca\/shop\/"},{"@type":"ListItem","position":3,"name":"RDC &#8211; Rapid Deployment Craft"}]},{"@type":"WebSite","@id":"https:\/\/staging.safetysourcefire.ca\/#website","url":"https:\/\/staging.safetysourcefire.ca\/","name":"Safety Source Fire","description":"","publisher":{"@id":"https:\/\/staging.safetysourcefire.ca\/#organization"},"potentialAction":[{"@type":"SearchAction","target":{"@type":"EntryPoint","urlTemplate":"https:\/\/staging.safetysourcefire.ca\/?s={search_term_string}"},"query-input":{"@type":"PropertyValueSpecification","valueRequired":true,"valueName":"search_term_string"}}],"inLanguage":"fr-CA"},{"@type":"Organization","@id":"https:\/\/staging.safetysourcefire.ca\/#organization","name":"Safety Source Fire","url":"https:\/\/staging.safetysourcefire.ca\/","logo":{"@type":"ImageObject","inLanguage":"fr-CA","@id":"https:\/\/staging.safetysourcefire.ca\/#\/schema\/logo\/image\/","url":"https:\/\/staging.safetysourcefire.ca\/wp-content\/uploads\/2021\/01\/SSF_logo_CC0000-3.png","contentUrl":"https:\/\/staging.safetysourcefire.ca\/wp-content\/uploads\/2021\/01\/SSF_logo_CC0000-3.png","width":1107,"height":365,"caption":"Safety Source Fire"},"image":{"@id":"https:\/\/staging.safetysourcefire.ca\/#\/schema\/logo\/image\/"},"sameAs":["https:\/\/www.facebook.com\/mmfssca","https:\/\/x.com\/mmfssca"]}]}},"_links":{"self":[{"href":"https:\/\/staging.safetysourcefire.ca\/fr_ca\/wp-json\/wp\/v2\/product\/5771","targetHints":{"allow":["GET"]}}],"collection":[{"href":"https:\/\/staging.safetysourcefire.ca\/fr_ca\/wp-json\/wp\/v2\/product"}],"about":[{"href":"https:\/\/staging.safetysourcefire.ca\/fr_ca\/wp-json\/wp\/v2\/types\/product"}],"wp:featuredmedia":[{"embeddable":true,"href":"https:\/\/staging.safetysourcefire.ca\/fr_ca\/wp-json\/wp\/v2\/media\/5772"}],"wp:attachment":[{"href":"https:\/\/staging.safetysourcefire.ca\/fr_ca\/wp-json\/wp\/v2\/media?parent=5771"}],"wp:term":[{"taxonomy":"product_brand","embeddable":true,"href":"https:\/\/staging.safetysourcefire.ca\/fr_ca\/wp-json\/wp\/v2\/product_brand?post=5771"},{"taxonomy":"product_cat","embeddable":true,"href":"https:\/\/staging.safetysourcefire.ca\/fr_ca\/wp-json\/wp\/v2\/product_cat?post=5771"},{"taxonomy":"product_tag","embeddable":true,"href":"https:\/\/staging.safetysourcefire.ca\/fr_ca\/wp-json\/wp\/v2\/product_tag?post=5771"}],"curies":[{"name":"wp","href":"https:\/\/api.w.org\/{rel}","templated":true}]}}