{"id":5697,"date":"2018-04-19T14:17:20","date_gmt":"2018-04-19T14:17:20","guid":{"rendered":"https:\/\/mmfss.ca\/?post_type=product&#038;p=5697"},"modified":"2018-04-19T14:17:21","modified_gmt":"2018-04-19T14:17:21","slug":"dash-camera","status":"publish","type":"product","link":"https:\/\/staging.safetysourcefire.ca\/fr_ca\/produit\/dash-camera\/","title":{"rendered":"Cam\u00e9ra de bord FIRE CAM"},"content":{"rendered":"<p>Nouvelle cam\u00e9ra de bord Fire Cam HD WIFI activ\u00e9e avec carte SD 16 Go (gratuite)<\/p>\n<p>Cette nouvelle cam\u00e9ra peut enregistrer 1080p en HD. Elle poss\u00e8de une option pour afficher la date, l'heure et le nom du v\u00e9hicule sur la vid\u00e9o. De plus, un capteur \"G\" int\u00e9gr\u00e9 enregistre automatiquement les fichiers en cas d'accident. La fonction d'enregistrement \"en boucle\" permet d'enregistrer par dessus sur les premi\u00e8res vid\u00e9os, si jamais la carte SD devient pleine. La cam\u00e9ra poss\u00e8de aussi le WIFI int\u00e9gr\u00e9 afin que vous puissiez voir un aper\u00e7u en direct, modifier les param\u00e8tres ou m\u00eame supprimer des fichiers si n\u00e9cessaire. Cette cam\u00e9ra est un incontournable pour tout appareil d'incendie ou v\u00e9hicule Chief. Prot\u00e9gez votre service d'incendie si vous avez besoin d'aller devant les tribunaux pour une raison ou une autre. Le prix n'est que de $249,95 ! (les autres syst\u00e8mes de ce genre d\u00e9passent largement la somme de 1 000$). Cette cam\u00e9ra est fabriqu\u00e9e en aluminium anodis\u00e9 et PAS en plastique bon march\u00e9 comme les autres cam\u00e9ras de tableau de bord. Ceci veut dire que cette cam\u00e9ra r\u00e9sistera \u00e0 la chaleur de votre v\u00e9hicule en \u00e9t\u00e9. Certaines autres fonctionnalit\u00e9s sont\u00a0:<\/p>\n<p>Optique:<\/p>\n<ul>\n<li>Mode en vue FISHEYE @1080p (par d\u00e9faut)<\/li>\n<li>Vue ultra grand angle @ Mode 720p<\/li>\n<li>Ouverture de l&#039;objectif f\/1.8, lentille en verre \u00e0 focale fixe<\/li>\n<li>Lentille optique\u00a0:\u00a0objectif FISHEYE \u00f818\u00a0mm<\/li>\n<li>Construction de l&#039;objectif\u00a0: 6\u00a0\u00e9l\u00e9ments<\/li>\n<li>Angle de vue : 160\u00b0 (diagonale)<\/li>\n<\/ul>\n<p>Vid\u00e9o:<\/p>\n<ul>\n<li>Param\u00e8tres de r\u00e9solution Full HD : 1080p : 1920x 1080 @ 30fps \u2022 Param\u00e8tres de r\u00e9solution HD :<\/li>\n<li>720p\u00a0: 1280x 720 \u00e0 60\u00a0ips<\/li>\n<li>Technologie de stabilisation de mouvement vid\u00e9o num\u00e9rique<\/li>\n<li>Anti-tremblement (stabilisateur)<\/li>\n<li>Format vid\u00e9o\u00a0: H.264 (avc1) \/ MOV<\/li>\n<li>Contr\u00f4le de l&#039;exposition\u00a0: automatique<\/li>\n<li>Balance des blancs\u00a0: automatique<\/li>\n<li>Capteur G<\/li>\n<\/ul>\n<p>Audio:<\/p>\n<ul>\n<li>Microphone int\u00e9gr\u00e9<\/li>\n<\/ul>\n<p>Espace de rangement:<\/p>\n<ul>\n<li>M\u00e9moire : carte Micro SD, capacit\u00e9 jusqu&#039;\u00e0 64 Go (classe 6 ou sup\u00e9rieure recommand\u00e9e)<\/li>\n<li>Temps moyen d'enregistrement\u00a0: 5 \u00e0 10\u00a0min\/Go<\/li>\n<li>Wi-Fi int\u00e9gr\u00e9 Li-Po 3,7 V 850 mAh\u00a0:<\/li>\n<li>(IEEE) 802.11n<\/li>\n<\/ul>\n<p>Syst\u00e8me d&#039;exploitation (pour cl\u00e9 USB)\u00a0:<\/p>\n<ul>\n<li>GAGNEZ XP, 7, 8, Vista\u00a0; Mac OS X 10.8.4+<\/li>\n<\/ul>\n<p>Ce qui est inclu:<br \/>\n1. Contr\u00f4leur principal et cam\u00e9ra<br \/>\n2. Montage plat du contr\u00f4leur principal<br \/>\n3. Adh\u00e9sif 3M VHB de type A (pr\u00e9fix\u00e9)<br \/>\n4. C\u00e2ble de donn\u00e9es de capteur 78 pouces (2 m\u00e8tres)<br \/>\n5. Module d&#039;objectif interchangeable et verrou de c\u00e2ble d&#039;objectif 6. Monture plate d&#039;objectif 360<br \/>\n7. Adh\u00e9sif 3M VHB de type B (pr\u00e9fix\u00e9)<br \/>\n8. 6 supports de c\u00e2ble adh\u00e9sifs<br \/>\n9. Alimentation du v\u00e9hicule 12V<br \/>\n10. Support \u00e0 ventouse pour pare-brise<br \/>\n11. Carte SDHC de 16 Go<\/p>","protected":false},"excerpt":{"rendered":"<p>Voici la cam\u00e9ra Fire Cam HD WIFI, faite pour les appareils d'incendie ou les v\u00e9hicules Chief. <\/p>","protected":false},"featured_media":5699,"template":"","meta":[],"product_brand":[373],"product_cat":[374,57],"product_tag":[377],"class_list":{"0":"post-5697","1":"product","2":"type-product","3":"status-publish","4":"has-post-thumbnail","6":"product_brand-fire-cam","7":"product_cat-cameras","8":"product_cat-training-products","9":"product_tag-fire-cam","11":"first","12":"instock","13":"shipping-taxable","14":"product-type-simple"},"yoast_head":"<!-- This site is optimized with the Yoast SEO plugin v27.4 - https:\/\/yoast.com\/product\/yoast-seo-wordpress\/ -->\n<title>Dash Camera - Safety Source Fire<\/title>\n<meta name=\"robots\" content=\"noindex, follow, max-snippet:-1, max-image-preview:large, max-video-preview:-1\" \/>\n<meta property=\"og:locale\" content=\"fr_CA\" \/>\n<meta property=\"og:type\" content=\"article\" \/>\n<meta property=\"og:title\" content=\"Dash Camera - Safety Source Fire\" \/>\n<meta property=\"og:description\" content=\"The Fire Cam HD WIFI Dash Camera for fire apparatus or Chief vehicles.\" \/>\n<meta property=\"og:url\" content=\"https:\/\/staging.safetysourcefire.ca\/fr_ca\/produit\/dash-camera\/\" \/>\n<meta property=\"og:site_name\" content=\"Safety Source Fire\" \/>\n<meta property=\"article:publisher\" content=\"https:\/\/www.facebook.com\/mmfssca\" \/>\n<meta property=\"article:modified_time\" content=\"2018-04-19T14:17:21+00:00\" \/>\n<meta property=\"og:image\" content=\"https:\/\/staging.safetysourcefire.ca\/wp-content\/uploads\/2018\/04\/IMG_7987.jpg\" \/>\n\t<meta property=\"og:image:width\" content=\"601\" \/>\n\t<meta property=\"og:image:height\" content=\"601\" \/>\n\t<meta property=\"og:image:type\" content=\"image\/jpeg\" \/>\n<meta name=\"twitter:card\" content=\"summary_large_image\" \/>\n<meta name=\"twitter:site\" content=\"@mmfssca\" \/>\n<meta name=\"twitter:label1\" content=\"Estimation du temps de lecture\" \/>\n\t<meta name=\"twitter:data1\" content=\"2 minutes\" \/>\n<script type=\"application\/ld+json\" class=\"yoast-schema-graph\">{\"@context\":\"https:\\\/\\\/schema.org\",\"@graph\":[{\"@type\":\"WebPage\",\"@id\":\"https:\\\/\\\/staging.safetysourcefire.ca\\\/product\\\/dash-camera\\\/\",\"url\":\"https:\\\/\\\/staging.safetysourcefire.ca\\\/product\\\/dash-camera\\\/\",\"name\":\"Dash Camera - Safety Source Fire\",\"isPartOf\":{\"@id\":\"https:\\\/\\\/staging.safetysourcefire.ca\\\/#website\"},\"primaryImageOfPage\":{\"@id\":\"https:\\\/\\\/staging.safetysourcefire.ca\\\/product\\\/dash-camera\\\/#primaryimage\"},\"image\":{\"@id\":\"https:\\\/\\\/staging.safetysourcefire.ca\\\/product\\\/dash-camera\\\/#primaryimage\"},\"thumbnailUrl\":\"https:\\\/\\\/staging.safetysourcefire.ca\\\/wp-content\\\/uploads\\\/2018\\\/04\\\/IMG_7987.jpg\",\"datePublished\":\"2018-04-19T14:17:20+00:00\",\"dateModified\":\"2018-04-19T14:17:21+00:00\",\"breadcrumb\":{\"@id\":\"https:\\\/\\\/staging.safetysourcefire.ca\\\/product\\\/dash-camera\\\/#breadcrumb\"},\"inLanguage\":\"fr-CA\",\"potentialAction\":[{\"@type\":\"ReadAction\",\"target\":[\"https:\\\/\\\/staging.safetysourcefire.ca\\\/product\\\/dash-camera\\\/\"]}]},{\"@type\":\"ImageObject\",\"inLanguage\":\"fr-CA\",\"@id\":\"https:\\\/\\\/staging.safetysourcefire.ca\\\/product\\\/dash-camera\\\/#primaryimage\",\"url\":\"https:\\\/\\\/staging.safetysourcefire.ca\\\/wp-content\\\/uploads\\\/2018\\\/04\\\/IMG_7987.jpg\",\"contentUrl\":\"https:\\\/\\\/staging.safetysourcefire.ca\\\/wp-content\\\/uploads\\\/2018\\\/04\\\/IMG_7987.jpg\",\"width\":601,\"height\":601,\"caption\":\"Dash cam\"},{\"@type\":\"BreadcrumbList\",\"@id\":\"https:\\\/\\\/staging.safetysourcefire.ca\\\/product\\\/dash-camera\\\/#breadcrumb\",\"itemListElement\":[{\"@type\":\"ListItem\",\"position\":1,\"name\":\"Home\",\"item\":\"https:\\\/\\\/staging.safetysourcefire.ca\\\/\"},{\"@type\":\"ListItem\",\"position\":2,\"name\":\"Products\",\"item\":\"https:\\\/\\\/staging.safetysourcefire.ca\\\/shop\\\/\"},{\"@type\":\"ListItem\",\"position\":3,\"name\":\"Dash Camera\"}]},{\"@type\":\"WebSite\",\"@id\":\"https:\\\/\\\/staging.safetysourcefire.ca\\\/#website\",\"url\":\"https:\\\/\\\/staging.safetysourcefire.ca\\\/\",\"name\":\"Safety Source Fire\",\"description\":\"\",\"publisher\":{\"@id\":\"https:\\\/\\\/staging.safetysourcefire.ca\\\/#organization\"},\"potentialAction\":[{\"@type\":\"SearchAction\",\"target\":{\"@type\":\"EntryPoint\",\"urlTemplate\":\"https:\\\/\\\/staging.safetysourcefire.ca\\\/?s={search_term_string}\"},\"query-input\":{\"@type\":\"PropertyValueSpecification\",\"valueRequired\":true,\"valueName\":\"search_term_string\"}}],\"inLanguage\":\"fr-CA\"},{\"@type\":\"Organization\",\"@id\":\"https:\\\/\\\/staging.safetysourcefire.ca\\\/#organization\",\"name\":\"Safety Source Fire\",\"url\":\"https:\\\/\\\/staging.safetysourcefire.ca\\\/\",\"logo\":{\"@type\":\"ImageObject\",\"inLanguage\":\"fr-CA\",\"@id\":\"https:\\\/\\\/staging.safetysourcefire.ca\\\/#\\\/schema\\\/logo\\\/image\\\/\",\"url\":\"https:\\\/\\\/staging.safetysourcefire.ca\\\/wp-content\\\/uploads\\\/2021\\\/01\\\/SSF_logo_CC0000-3.png\",\"contentUrl\":\"https:\\\/\\\/staging.safetysourcefire.ca\\\/wp-content\\\/uploads\\\/2021\\\/01\\\/SSF_logo_CC0000-3.png\",\"width\":1107,\"height\":365,\"caption\":\"Safety Source Fire\"},\"image\":{\"@id\":\"https:\\\/\\\/staging.safetysourcefire.ca\\\/#\\\/schema\\\/logo\\\/image\\\/\"},\"sameAs\":[\"https:\\\/\\\/www.facebook.com\\\/mmfssca\",\"https:\\\/\\\/x.com\\\/mmfssca\"]}]}<\/script>\n<!-- \/ Yoast SEO plugin. -->","yoast_head_json":{"title":"Cam\u00e9ra embarqu\u00e9e - Source de s\u00e9curit\u00e9 incendie","robots":{"index":"noindex","follow":"follow","max-snippet":"max-snippet:-1","max-image-preview":"max-image-preview:large","max-video-preview":"max-video-preview:-1"},"og_locale":"fr_CA","og_type":"article","og_title":"Dash Camera - Safety Source Fire","og_description":"The Fire Cam HD WIFI Dash Camera for fire apparatus or Chief vehicles.","og_url":"https:\/\/staging.safetysourcefire.ca\/fr_ca\/produit\/dash-camera\/","og_site_name":"Safety Source Fire","article_publisher":"https:\/\/www.facebook.com\/mmfssca","article_modified_time":"2018-04-19T14:17:21+00:00","og_image":[{"width":601,"height":601,"url":"https:\/\/staging.safetysourcefire.ca\/wp-content\/uploads\/2018\/04\/IMG_7987.jpg","type":"image\/jpeg"}],"twitter_card":"summary_large_image","twitter_site":"@mmfssca","twitter_misc":{"Estimation du temps de lecture":"2 minutes"},"schema":{"@context":"https:\/\/schema.org","@graph":[{"@type":"WebPage","@id":"https:\/\/staging.safetysourcefire.ca\/product\/dash-camera\/","url":"https:\/\/staging.safetysourcefire.ca\/product\/dash-camera\/","name":"Cam\u00e9ra embarqu\u00e9e - Source de s\u00e9curit\u00e9 incendie","isPartOf":{"@id":"https:\/\/staging.safetysourcefire.ca\/#website"},"primaryImageOfPage":{"@id":"https:\/\/staging.safetysourcefire.ca\/product\/dash-camera\/#primaryimage"},"image":{"@id":"https:\/\/staging.safetysourcefire.ca\/product\/dash-camera\/#primaryimage"},"thumbnailUrl":"https:\/\/staging.safetysourcefire.ca\/wp-content\/uploads\/2018\/04\/IMG_7987.jpg","datePublished":"2018-04-19T14:17:20+00:00","dateModified":"2018-04-19T14:17:21+00:00","breadcrumb":{"@id":"https:\/\/staging.safetysourcefire.ca\/product\/dash-camera\/#breadcrumb"},"inLanguage":"fr-CA","potentialAction":[{"@type":"ReadAction","target":["https:\/\/staging.safetysourcefire.ca\/product\/dash-camera\/"]}]},{"@type":"ImageObject","inLanguage":"fr-CA","@id":"https:\/\/staging.safetysourcefire.ca\/product\/dash-camera\/#primaryimage","url":"https:\/\/staging.safetysourcefire.ca\/wp-content\/uploads\/2018\/04\/IMG_7987.jpg","contentUrl":"https:\/\/staging.safetysourcefire.ca\/wp-content\/uploads\/2018\/04\/IMG_7987.jpg","width":601,"height":601,"caption":"Dash cam"},{"@type":"BreadcrumbList","@id":"https:\/\/staging.safetysourcefire.ca\/product\/dash-camera\/#breadcrumb","itemListElement":[{"@type":"ListItem","position":1,"name":"Home","item":"https:\/\/staging.safetysourcefire.ca\/"},{"@type":"ListItem","position":2,"name":"Products","item":"https:\/\/staging.safetysourcefire.ca\/shop\/"},{"@type":"ListItem","position":3,"name":"Dash Camera"}]},{"@type":"WebSite","@id":"https:\/\/staging.safetysourcefire.ca\/#website","url":"https:\/\/staging.safetysourcefire.ca\/","name":"Safety Source Fire","description":"","publisher":{"@id":"https:\/\/staging.safetysourcefire.ca\/#organization"},"potentialAction":[{"@type":"SearchAction","target":{"@type":"EntryPoint","urlTemplate":"https:\/\/staging.safetysourcefire.ca\/?s={search_term_string}"},"query-input":{"@type":"PropertyValueSpecification","valueRequired":true,"valueName":"search_term_string"}}],"inLanguage":"fr-CA"},{"@type":"Organization","@id":"https:\/\/staging.safetysourcefire.ca\/#organization","name":"Safety Source Fire","url":"https:\/\/staging.safetysourcefire.ca\/","logo":{"@type":"ImageObject","inLanguage":"fr-CA","@id":"https:\/\/staging.safetysourcefire.ca\/#\/schema\/logo\/image\/","url":"https:\/\/staging.safetysourcefire.ca\/wp-content\/uploads\/2021\/01\/SSF_logo_CC0000-3.png","contentUrl":"https:\/\/staging.safetysourcefire.ca\/wp-content\/uploads\/2021\/01\/SSF_logo_CC0000-3.png","width":1107,"height":365,"caption":"Safety Source Fire"},"image":{"@id":"https:\/\/staging.safetysourcefire.ca\/#\/schema\/logo\/image\/"},"sameAs":["https:\/\/www.facebook.com\/mmfssca","https:\/\/x.com\/mmfssca"]}]}},"_links":{"self":[{"href":"https:\/\/staging.safetysourcefire.ca\/fr_ca\/wp-json\/wp\/v2\/product\/5697","targetHints":{"allow":["GET"]}}],"collection":[{"href":"https:\/\/staging.safetysourcefire.ca\/fr_ca\/wp-json\/wp\/v2\/product"}],"about":[{"href":"https:\/\/staging.safetysourcefire.ca\/fr_ca\/wp-json\/wp\/v2\/types\/product"}],"wp:featuredmedia":[{"embeddable":true,"href":"https:\/\/staging.safetysourcefire.ca\/fr_ca\/wp-json\/wp\/v2\/media\/5699"}],"wp:attachment":[{"href":"https:\/\/staging.safetysourcefire.ca\/fr_ca\/wp-json\/wp\/v2\/media?parent=5697"}],"wp:term":[{"taxonomy":"product_brand","embeddable":true,"href":"https:\/\/staging.safetysourcefire.ca\/fr_ca\/wp-json\/wp\/v2\/product_brand?post=5697"},{"taxonomy":"product_cat","embeddable":true,"href":"https:\/\/staging.safetysourcefire.ca\/fr_ca\/wp-json\/wp\/v2\/product_cat?post=5697"},{"taxonomy":"product_tag","embeddable":true,"href":"https:\/\/staging.safetysourcefire.ca\/fr_ca\/wp-json\/wp\/v2\/product_tag?post=5697"}],"curies":[{"name":"wp","href":"https:\/\/api.w.org\/{rel}","templated":true}]}}