{"id":5665,"date":"2018-04-19T12:59:12","date_gmt":"2018-04-19T12:59:12","guid":{"rendered":"https:\/\/mmfss.ca\/?post_type=product&#038;p=5665"},"modified":"2023-04-21T20:45:51","modified_gmt":"2023-04-21T20:45:51","slug":"gas-powered-pulling-winch-max-pulling-force-700-kg","status":"publish","type":"product","link":"https:\/\/staging.safetysourcefire.ca\/fr_ca\/produit\/gas-powered-pulling-winch-max-pulling-force-700-kg\/","title":{"rendered":"Treuil de traction \u00e0 essence avec force de traction\u00a0maximale de 700\u00a0kg"},"content":{"rendered":"<p>Un treuil est extr\u00eamement l\u00e9ger !<\/p>\n<p>Pesant seulement 9,5 kg, il offre 700 kg de puissance de traction monofil. EFFICACE et tr\u00e8s facile \u00e0 transporter.<\/p>\n<p>Utilisez le treuil \u00e0 cabestan portable PCW3000 avec n'importe quelle longueur de corde en polyester \u00e0 double tresse de 10 mm poss\u00e9dant un faible allongement\u00a0!<\/p>\n<p>Rien n'est plus facile \u00e0 utiliser! Attachez la corde \u00e0 l'objet \u00e0 d\u00e9placer et enroulez-la trois (ou quatre) fois autour du tambour du cabestan. Lorsque le moteur tourne, le tambour tourne en continu et la friction cr\u00e9\u00e9e sur l'extr\u00e9mit\u00e9 libre de la corde tirera l'objet.<\/p>\n<p>Portable Winch Co. propose \u00e9galement une gamme d&#039;accessoires de transport afin de faciliter vos d\u00e9placements, m\u00eame sur de longues distances ! Que vous utilisiez l&#039;\u00e9tui moul\u00e9 (PCA-0102*) fix\u00e9 au sac \u00e0 dos (PCA-0104*) ou attach\u00e9 \u00e0 votre v\u00e9hicule tout-terrain, votre sortie en for\u00eat sera agr\u00e9ment\u00e9e.<\/p>\n<p>*Accessoires vendus s\u00e9par\u00e9ment.<\/p>\n<p>*Remarque : Une (1) \u00e9lingue d&#039;ancrage en polyester de 60 mm x 2 m est toujours incluse avec chaque treuil.<\/p>\n<p><iframe loading=\"lazy\" title=\"TREUIL PORTABLE - VID\u00c9O \u00c0 COUPER LE SOUFFLE 2018\" src=\"https:\/\/player.vimeo.com\/video\/253313201?h=09676a120a&amp;dnt=1&amp;app_id=122963\" width=\"980\" height=\"551\" frameborder=\"0\" allow=\"autoplay; fullscreen; picture-in-picture\" allowfullscreen><\/iframe><\/p>","protected":false},"excerpt":{"rendered":"<p>Ce treuil est propuls\u00e9 par le moteur GX-35cc 4 temps de Honda.<\/p>","protected":false},"featured_media":5668,"template":"","meta":[],"product_brand":[371],"product_cat":[51,131],"product_tag":[372],"class_list":{"0":"post-5665","1":"product","2":"type-product","3":"status-publish","4":"has-post-thumbnail","6":"product_brand-portable-winch-co","7":"product_cat-rescue","8":"product_cat-rope-rescue","9":"product_tag-portable-winch-co","11":"first","12":"instock","13":"shipping-taxable","14":"product-type-simple"},"yoast_head":"<!-- This site is optimized with the Yoast SEO plugin v27.4 - https:\/\/yoast.com\/product\/yoast-seo-wordpress\/ -->\n<title>Gas-Powered Pulling Winch, Max. Pulling Force: 700 kg - Safety Source Fire<\/title>\n<meta name=\"robots\" content=\"noindex, follow, max-snippet:-1, max-image-preview:large, max-video-preview:-1\" \/>\n<meta property=\"og:locale\" content=\"fr_CA\" \/>\n<meta property=\"og:type\" content=\"article\" \/>\n<meta property=\"og:title\" content=\"Gas-Powered Pulling Winch, Max. Pulling Force: 700 kg - Safety Source Fire\" \/>\n<meta property=\"og:description\" content=\"This winch is powered by Honda\u2019s 4-stroke GX-35cc engine.\" \/>\n<meta property=\"og:url\" content=\"https:\/\/staging.safetysourcefire.ca\/fr_ca\/produit\/gas-powered-pulling-winch-max-pulling-force-700-kg\/\" \/>\n<meta property=\"og:site_name\" content=\"Safety Source Fire\" \/>\n<meta property=\"article:publisher\" content=\"https:\/\/www.facebook.com\/mmfssca\" \/>\n<meta property=\"article:modified_time\" content=\"2023-04-21T20:45:51+00:00\" \/>\n<meta property=\"og:image\" content=\"https:\/\/staging.safetysourcefire.ca\/wp-content\/uploads\/2018\/04\/pcw3000_002-2.jpg\" \/>\n\t<meta property=\"og:image:width\" content=\"600\" \/>\n\t<meta property=\"og:image:height\" content=\"600\" \/>\n\t<meta property=\"og:image:type\" content=\"image\/jpeg\" \/>\n<meta name=\"twitter:card\" content=\"summary_large_image\" \/>\n<meta name=\"twitter:site\" content=\"@mmfssca\" \/>\n<meta name=\"twitter:label1\" content=\"Estimation du temps de lecture\" \/>\n\t<meta name=\"twitter:data1\" content=\"1 minute\" \/>\n<script type=\"application\/ld+json\" class=\"yoast-schema-graph\">{\"@context\":\"https:\\\/\\\/schema.org\",\"@graph\":[{\"@type\":\"WebPage\",\"@id\":\"https:\\\/\\\/staging.safetysourcefire.ca\\\/product\\\/gas-powered-pulling-winch-max-pulling-force-700-kg\\\/\",\"url\":\"https:\\\/\\\/staging.safetysourcefire.ca\\\/product\\\/gas-powered-pulling-winch-max-pulling-force-700-kg\\\/\",\"name\":\"Gas-Powered Pulling Winch, Max. Pulling Force: 700 kg - Safety Source Fire\",\"isPartOf\":{\"@id\":\"https:\\\/\\\/staging.safetysourcefire.ca\\\/#website\"},\"primaryImageOfPage\":{\"@id\":\"https:\\\/\\\/staging.safetysourcefire.ca\\\/product\\\/gas-powered-pulling-winch-max-pulling-force-700-kg\\\/#primaryimage\"},\"image\":{\"@id\":\"https:\\\/\\\/staging.safetysourcefire.ca\\\/product\\\/gas-powered-pulling-winch-max-pulling-force-700-kg\\\/#primaryimage\"},\"thumbnailUrl\":\"https:\\\/\\\/staging.safetysourcefire.ca\\\/wp-content\\\/uploads\\\/2018\\\/04\\\/pcw3000_002-2.jpg\",\"datePublished\":\"2018-04-19T12:59:12+00:00\",\"dateModified\":\"2023-04-21T20:45:51+00:00\",\"breadcrumb\":{\"@id\":\"https:\\\/\\\/staging.safetysourcefire.ca\\\/product\\\/gas-powered-pulling-winch-max-pulling-force-700-kg\\\/#breadcrumb\"},\"inLanguage\":\"fr-CA\",\"potentialAction\":[{\"@type\":\"ReadAction\",\"target\":[\"https:\\\/\\\/staging.safetysourcefire.ca\\\/product\\\/gas-powered-pulling-winch-max-pulling-force-700-kg\\\/\"]}]},{\"@type\":\"ImageObject\",\"inLanguage\":\"fr-CA\",\"@id\":\"https:\\\/\\\/staging.safetysourcefire.ca\\\/product\\\/gas-powered-pulling-winch-max-pulling-force-700-kg\\\/#primaryimage\",\"url\":\"https:\\\/\\\/staging.safetysourcefire.ca\\\/wp-content\\\/uploads\\\/2018\\\/04\\\/pcw3000_002-2.jpg\",\"contentUrl\":\"https:\\\/\\\/staging.safetysourcefire.ca\\\/wp-content\\\/uploads\\\/2018\\\/04\\\/pcw3000_002-2.jpg\",\"width\":600,\"height\":600,\"caption\":\"winch\"},{\"@type\":\"BreadcrumbList\",\"@id\":\"https:\\\/\\\/staging.safetysourcefire.ca\\\/product\\\/gas-powered-pulling-winch-max-pulling-force-700-kg\\\/#breadcrumb\",\"itemListElement\":[{\"@type\":\"ListItem\",\"position\":1,\"name\":\"Home\",\"item\":\"https:\\\/\\\/staging.safetysourcefire.ca\\\/\"},{\"@type\":\"ListItem\",\"position\":2,\"name\":\"Products\",\"item\":\"https:\\\/\\\/staging.safetysourcefire.ca\\\/shop\\\/\"},{\"@type\":\"ListItem\",\"position\":3,\"name\":\"Gas-Powered Pulling Winch, Max. Pulling Force: 700 kg\"}]},{\"@type\":\"WebSite\",\"@id\":\"https:\\\/\\\/staging.safetysourcefire.ca\\\/#website\",\"url\":\"https:\\\/\\\/staging.safetysourcefire.ca\\\/\",\"name\":\"Safety Source Fire\",\"description\":\"\",\"publisher\":{\"@id\":\"https:\\\/\\\/staging.safetysourcefire.ca\\\/#organization\"},\"potentialAction\":[{\"@type\":\"SearchAction\",\"target\":{\"@type\":\"EntryPoint\",\"urlTemplate\":\"https:\\\/\\\/staging.safetysourcefire.ca\\\/?s={search_term_string}\"},\"query-input\":{\"@type\":\"PropertyValueSpecification\",\"valueRequired\":true,\"valueName\":\"search_term_string\"}}],\"inLanguage\":\"fr-CA\"},{\"@type\":\"Organization\",\"@id\":\"https:\\\/\\\/staging.safetysourcefire.ca\\\/#organization\",\"name\":\"Safety Source Fire\",\"url\":\"https:\\\/\\\/staging.safetysourcefire.ca\\\/\",\"logo\":{\"@type\":\"ImageObject\",\"inLanguage\":\"fr-CA\",\"@id\":\"https:\\\/\\\/staging.safetysourcefire.ca\\\/#\\\/schema\\\/logo\\\/image\\\/\",\"url\":\"https:\\\/\\\/staging.safetysourcefire.ca\\\/wp-content\\\/uploads\\\/2021\\\/01\\\/SSF_logo_CC0000-3.png\",\"contentUrl\":\"https:\\\/\\\/staging.safetysourcefire.ca\\\/wp-content\\\/uploads\\\/2021\\\/01\\\/SSF_logo_CC0000-3.png\",\"width\":1107,\"height\":365,\"caption\":\"Safety Source Fire\"},\"image\":{\"@id\":\"https:\\\/\\\/staging.safetysourcefire.ca\\\/#\\\/schema\\\/logo\\\/image\\\/\"},\"sameAs\":[\"https:\\\/\\\/www.facebook.com\\\/mmfssca\",\"https:\\\/\\\/x.com\\\/mmfssca\"]}]}<\/script>\n<!-- \/ Yoast SEO plugin. -->","yoast_head_json":{"title":"Treuil de traction \u00e0 gaz, force de traction maximale\u00a0: 700\u00a0kg - Safety Source Fire","robots":{"index":"noindex","follow":"follow","max-snippet":"max-snippet:-1","max-image-preview":"max-image-preview:large","max-video-preview":"max-video-preview:-1"},"og_locale":"fr_CA","og_type":"article","og_title":"Gas-Powered Pulling Winch, Max. Pulling Force: 700 kg - Safety Source Fire","og_description":"This winch is powered by Honda\u2019s 4-stroke GX-35cc engine.","og_url":"https:\/\/staging.safetysourcefire.ca\/fr_ca\/produit\/gas-powered-pulling-winch-max-pulling-force-700-kg\/","og_site_name":"Safety Source Fire","article_publisher":"https:\/\/www.facebook.com\/mmfssca","article_modified_time":"2023-04-21T20:45:51+00:00","og_image":[{"width":600,"height":600,"url":"https:\/\/staging.safetysourcefire.ca\/wp-content\/uploads\/2018\/04\/pcw3000_002-2.jpg","type":"image\/jpeg"}],"twitter_card":"summary_large_image","twitter_site":"@mmfssca","twitter_misc":{"Estimation du temps de lecture":"1 minute"},"schema":{"@context":"https:\/\/schema.org","@graph":[{"@type":"WebPage","@id":"https:\/\/staging.safetysourcefire.ca\/product\/gas-powered-pulling-winch-max-pulling-force-700-kg\/","url":"https:\/\/staging.safetysourcefire.ca\/product\/gas-powered-pulling-winch-max-pulling-force-700-kg\/","name":"Treuil de traction \u00e0 gaz, force de traction maximale\u00a0: 700\u00a0kg - Safety Source Fire","isPartOf":{"@id":"https:\/\/staging.safetysourcefire.ca\/#website"},"primaryImageOfPage":{"@id":"https:\/\/staging.safetysourcefire.ca\/product\/gas-powered-pulling-winch-max-pulling-force-700-kg\/#primaryimage"},"image":{"@id":"https:\/\/staging.safetysourcefire.ca\/product\/gas-powered-pulling-winch-max-pulling-force-700-kg\/#primaryimage"},"thumbnailUrl":"https:\/\/staging.safetysourcefire.ca\/wp-content\/uploads\/2018\/04\/pcw3000_002-2.jpg","datePublished":"2018-04-19T12:59:12+00:00","dateModified":"2023-04-21T20:45:51+00:00","breadcrumb":{"@id":"https:\/\/staging.safetysourcefire.ca\/product\/gas-powered-pulling-winch-max-pulling-force-700-kg\/#breadcrumb"},"inLanguage":"fr-CA","potentialAction":[{"@type":"ReadAction","target":["https:\/\/staging.safetysourcefire.ca\/product\/gas-powered-pulling-winch-max-pulling-force-700-kg\/"]}]},{"@type":"ImageObject","inLanguage":"fr-CA","@id":"https:\/\/staging.safetysourcefire.ca\/product\/gas-powered-pulling-winch-max-pulling-force-700-kg\/#primaryimage","url":"https:\/\/staging.safetysourcefire.ca\/wp-content\/uploads\/2018\/04\/pcw3000_002-2.jpg","contentUrl":"https:\/\/staging.safetysourcefire.ca\/wp-content\/uploads\/2018\/04\/pcw3000_002-2.jpg","width":600,"height":600,"caption":"winch"},{"@type":"BreadcrumbList","@id":"https:\/\/staging.safetysourcefire.ca\/product\/gas-powered-pulling-winch-max-pulling-force-700-kg\/#breadcrumb","itemListElement":[{"@type":"ListItem","position":1,"name":"Home","item":"https:\/\/staging.safetysourcefire.ca\/"},{"@type":"ListItem","position":2,"name":"Products","item":"https:\/\/staging.safetysourcefire.ca\/shop\/"},{"@type":"ListItem","position":3,"name":"Gas-Powered Pulling Winch, Max. Pulling Force: 700 kg"}]},{"@type":"WebSite","@id":"https:\/\/staging.safetysourcefire.ca\/#website","url":"https:\/\/staging.safetysourcefire.ca\/","name":"Safety Source Fire","description":"","publisher":{"@id":"https:\/\/staging.safetysourcefire.ca\/#organization"},"potentialAction":[{"@type":"SearchAction","target":{"@type":"EntryPoint","urlTemplate":"https:\/\/staging.safetysourcefire.ca\/?s={search_term_string}"},"query-input":{"@type":"PropertyValueSpecification","valueRequired":true,"valueName":"search_term_string"}}],"inLanguage":"fr-CA"},{"@type":"Organization","@id":"https:\/\/staging.safetysourcefire.ca\/#organization","name":"Safety Source Fire","url":"https:\/\/staging.safetysourcefire.ca\/","logo":{"@type":"ImageObject","inLanguage":"fr-CA","@id":"https:\/\/staging.safetysourcefire.ca\/#\/schema\/logo\/image\/","url":"https:\/\/staging.safetysourcefire.ca\/wp-content\/uploads\/2021\/01\/SSF_logo_CC0000-3.png","contentUrl":"https:\/\/staging.safetysourcefire.ca\/wp-content\/uploads\/2021\/01\/SSF_logo_CC0000-3.png","width":1107,"height":365,"caption":"Safety Source Fire"},"image":{"@id":"https:\/\/staging.safetysourcefire.ca\/#\/schema\/logo\/image\/"},"sameAs":["https:\/\/www.facebook.com\/mmfssca","https:\/\/x.com\/mmfssca"]}]}},"_links":{"self":[{"href":"https:\/\/staging.safetysourcefire.ca\/fr_ca\/wp-json\/wp\/v2\/product\/5665","targetHints":{"allow":["GET"]}}],"collection":[{"href":"https:\/\/staging.safetysourcefire.ca\/fr_ca\/wp-json\/wp\/v2\/product"}],"about":[{"href":"https:\/\/staging.safetysourcefire.ca\/fr_ca\/wp-json\/wp\/v2\/types\/product"}],"wp:featuredmedia":[{"embeddable":true,"href":"https:\/\/staging.safetysourcefire.ca\/fr_ca\/wp-json\/wp\/v2\/media\/5668"}],"wp:attachment":[{"href":"https:\/\/staging.safetysourcefire.ca\/fr_ca\/wp-json\/wp\/v2\/media?parent=5665"}],"wp:term":[{"taxonomy":"product_brand","embeddable":true,"href":"https:\/\/staging.safetysourcefire.ca\/fr_ca\/wp-json\/wp\/v2\/product_brand?post=5665"},{"taxonomy":"product_cat","embeddable":true,"href":"https:\/\/staging.safetysourcefire.ca\/fr_ca\/wp-json\/wp\/v2\/product_cat?post=5665"},{"taxonomy":"product_tag","embeddable":true,"href":"https:\/\/staging.safetysourcefire.ca\/fr_ca\/wp-json\/wp\/v2\/product_tag?post=5665"}],"curies":[{"name":"wp","href":"https:\/\/api.w.org\/{rel}","templated":true}]}}