{"id":5028,"date":"2018-10-11T09:16:10","date_gmt":"2018-10-11T09:16:10","guid":{"rendered":"https:\/\/mmfss.ca\/?post_type=product&#038;p=5028"},"modified":"2023-01-17T21:14:31","modified_gmt":"2023-01-17T21:14:31","slug":"air-pak-x3-pro-scba","status":"publish","type":"product","link":"https:\/\/staging.safetysourcefire.ca\/fr_ca\/produit\/air-pak-x3-pro-scba\/","title":{"rendered":"ARA Air-Pak\u2122 X3 Pro"},"content":{"rendered":"<p><strong>Nettoyabilit\u00e9<br \/>\n<\/strong>Con\u00e7u avec un harnais facile \u00e0 enlever qui peut \u00eatre lav\u00e9 en machine pour faciliter les efforts de r\u00e9duction de l&#039;exposition.<\/p>\n<p><strong>Confort<\/strong><br \/>\nConception ergonomique pour aider \u00e0 am\u00e9liorer le confort, l&#039;amplitude des mouvements et la respirabilit\u00e9 - aidant \u00e0 r\u00e9duire la fatigue de l&#039;utilisateur.<\/p>\n<p><strong>Connectivit\u00e9<\/strong><br \/>\nLa technologie Bluetooth\u00ae permet la connectivit\u00e9 entre les appareils pour la s\u00e9curit\u00e9 des pompiers, la responsabilit\u00e9 des pompiers et plus encore.<\/p>\n<p><strong>Garantie \u00ab Tant que vous en \u00eates propri\u00e9taire \u00bb<\/strong><br \/>\nAyez l&#039;esprit tranquille en sachant que votre investissement le plus important est garanti pendant toute la dur\u00e9e de votre possession du produit.<\/p>\n<ul class=\"MMM--pdpList SNAPS--bullets js--bnftsPdPList\">\n<li>Conforme \u00e0 la norme NFPA 1981, Norme sur les appareils respiratoires autonomes \u00e0 circuit ouvert (SCBA) pour les services d&#039;urgence, \u00e9dition 2018<\/li>\n<li>Conforme \u00e0 la norme NFPA 1982, Standard on Personal Alert Safety Systems (PASS), \u00e9dition 2018<\/li>\n<li>Les nouveaux mat\u00e9riaux de harnais offrent une plus grande r\u00e9sistance \u00e0 l&#039;exposition aux produits chimiques et moins d&#039;absorption d&#039;eau pour aider \u00e0 minimiser la contamination<\/li>\n<li>Le harnais facile \u00e0 enlever permet un nettoyage pour aider \u00e0 r\u00e9duire l&#039;exposition<\/li>\n<\/ul>\n<p><a href=\"https:\/\/multimedia.3m.com\/mws\/media\/1573146O\/air-pak-x3-pro-scba-brochure.pdf&amp;fn=X3Pro-SCBA-Brochure-8p_R10.pdf\">T\u00e9l\u00e9charger la brochure<\/a><\/p>\n<p><iframe loading=\"lazy\" src=\"https:\/\/www.youtube.com\/embed\/54hJsezdiY0\" width=\"560\" height=\"315\" frameborder=\"0\" allowfullscreen=\"allowfullscreen\"><span data-mce-type=\"bookmark\" style=\"display: inline-block; width: 0px; overflow: hidden; line-height: 0;\" class=\"mce_SELRES_start\"><\/span><span data-mce-type=\"bookmark\" style=\"display: inline-block; width: 0px; overflow: hidden; line-height: 0;\" class=\"mce_SELRES_start\"><\/span><\/iframe><\/p>\n<p><iframe loading=\"lazy\" src=\"https:\/\/www.youtube.com\/embed\/nSkbra09nEU\" width=\"560\" height=\"315\" frameborder=\"0\" allowfullscreen=\"allowfullscreen\"><span data-mce-type=\"bookmark\" style=\"display: inline-block; width: 0px; overflow: hidden; line-height: 0;\" class=\"mce_SELRES_start\"><\/span><\/iframe><\/p>\n<p>&nbsp;<\/p>\n<p><iframe loading=\"lazy\" src=\"https:\/\/www.youtube.com\/embed\/ndRMCJkg_kE\" width=\"560\" height=\"315\" frameborder=\"0\" allowfullscreen=\"allowfullscreen\"><span data-mce-type=\"bookmark\" style=\"display: inline-block; width: 0px; overflow: hidden; line-height: 0;\" class=\"mce_SELRES_start\"><\/span><span data-mce-type=\"bookmark\" style=\"display: inline-block; width: 0px; overflow: hidden; line-height: 0;\" class=\"mce_SELRES_start\"><\/span><\/iframe><\/p>\n<p>&nbsp;<\/p>","protected":false},"excerpt":{"rendered":"<p>Con\u00e7u pour offrir des am\u00e9liorations en termes de nettoyabilit\u00e9, de confort et de connectivit\u00e9, tout en offrant la fiabilit\u00e9 et la durabilit\u00e9 auxquelles vous faites confiance.<\/p>","protected":false},"featured_media":27302,"template":"","meta":[],"product_brand":[157],"product_cat":[137,45],"product_tag":[366,342],"class_list":{"0":"post-5028","1":"product","2":"type-product","3":"status-publish","4":"has-post-thumbnail","6":"product_brand-3m-scott","7":"product_cat-fire","8":"product_cat-respiratory","9":"product_tag-scott","10":"product_tag-scott-safety","12":"first","13":"instock","14":"shipping-taxable","15":"product-type-simple"},"yoast_head":"<!-- This site is optimized with the Yoast SEO plugin v27.4 - https:\/\/yoast.com\/product\/yoast-seo-wordpress\/ -->\n<title>Air-Pak\u2122 X3 Pro SCBA - Safety Source Fire<\/title>\n<meta name=\"robots\" content=\"noindex, follow, max-snippet:-1, max-image-preview:large, max-video-preview:-1\" \/>\n<meta property=\"og:locale\" content=\"fr_CA\" \/>\n<meta property=\"og:type\" content=\"article\" \/>\n<meta property=\"og:title\" content=\"Air-Pak\u2122 X3 Pro SCBA - Safety Source Fire\" \/>\n<meta property=\"og:description\" content=\"Designed to offer enhancements in cleanability, comfort and connectivity, all while delivering the reliability and durability that you have come to trust.\" \/>\n<meta property=\"og:url\" content=\"https:\/\/staging.safetysourcefire.ca\/fr_ca\/produit\/air-pak-x3-pro-scba\/\" \/>\n<meta property=\"og:site_name\" content=\"Safety Source Fire\" \/>\n<meta property=\"article:publisher\" content=\"https:\/\/www.facebook.com\/mmfssca\" \/>\n<meta property=\"article:modified_time\" content=\"2023-01-17T21:14:31+00:00\" \/>\n<meta property=\"og:image\" content=\"https:\/\/staging.safetysourcefire.ca\/wp-content\/uploads\/2018\/10\/3m-scott-air-pak-x3-pro-scba-with-3m-scott-e-z-flo-c5-regulator-front.jpg\" \/>\n\t<meta property=\"og:image:width\" content=\"600\" \/>\n\t<meta property=\"og:image:height\" content=\"600\" \/>\n\t<meta property=\"og:image:type\" content=\"image\/jpeg\" \/>\n<meta name=\"twitter:card\" content=\"summary_large_image\" \/>\n<meta name=\"twitter:site\" content=\"@mmfssca\" \/>\n<meta name=\"twitter:label1\" content=\"Estimation du temps de lecture\" \/>\n\t<meta name=\"twitter:data1\" content=\"1 minute\" \/>\n<script type=\"application\/ld+json\" class=\"yoast-schema-graph\">{\"@context\":\"https:\\\/\\\/schema.org\",\"@graph\":[{\"@type\":\"WebPage\",\"@id\":\"https:\\\/\\\/staging.safetysourcefire.ca\\\/product\\\/air-pak-x3-pro-scba\\\/\",\"url\":\"https:\\\/\\\/staging.safetysourcefire.ca\\\/product\\\/air-pak-x3-pro-scba\\\/\",\"name\":\"Air-Pak\u2122 X3 Pro SCBA - Safety Source Fire\",\"isPartOf\":{\"@id\":\"https:\\\/\\\/staging.safetysourcefire.ca\\\/#website\"},\"primaryImageOfPage\":{\"@id\":\"https:\\\/\\\/staging.safetysourcefire.ca\\\/product\\\/air-pak-x3-pro-scba\\\/#primaryimage\"},\"image\":{\"@id\":\"https:\\\/\\\/staging.safetysourcefire.ca\\\/product\\\/air-pak-x3-pro-scba\\\/#primaryimage\"},\"thumbnailUrl\":\"https:\\\/\\\/staging.safetysourcefire.ca\\\/wp-content\\\/uploads\\\/2018\\\/10\\\/3m-scott-air-pak-x3-pro-scba-with-3m-scott-e-z-flo-c5-regulator-front.jpg\",\"datePublished\":\"2018-10-11T09:16:10+00:00\",\"dateModified\":\"2023-01-17T21:14:31+00:00\",\"breadcrumb\":{\"@id\":\"https:\\\/\\\/staging.safetysourcefire.ca\\\/product\\\/air-pak-x3-pro-scba\\\/#breadcrumb\"},\"inLanguage\":\"fr-CA\",\"potentialAction\":[{\"@type\":\"ReadAction\",\"target\":[\"https:\\\/\\\/staging.safetysourcefire.ca\\\/product\\\/air-pak-x3-pro-scba\\\/\"]}]},{\"@type\":\"ImageObject\",\"inLanguage\":\"fr-CA\",\"@id\":\"https:\\\/\\\/staging.safetysourcefire.ca\\\/product\\\/air-pak-x3-pro-scba\\\/#primaryimage\",\"url\":\"https:\\\/\\\/staging.safetysourcefire.ca\\\/wp-content\\\/uploads\\\/2018\\\/10\\\/3m-scott-air-pak-x3-pro-scba-with-3m-scott-e-z-flo-c5-regulator-front.jpg\",\"contentUrl\":\"https:\\\/\\\/staging.safetysourcefire.ca\\\/wp-content\\\/uploads\\\/2018\\\/10\\\/3m-scott-air-pak-x3-pro-scba-with-3m-scott-e-z-flo-c5-regulator-front.jpg\",\"width\":600,\"height\":600,\"caption\":\"air-pak scba with regulator\"},{\"@type\":\"BreadcrumbList\",\"@id\":\"https:\\\/\\\/staging.safetysourcefire.ca\\\/product\\\/air-pak-x3-pro-scba\\\/#breadcrumb\",\"itemListElement\":[{\"@type\":\"ListItem\",\"position\":1,\"name\":\"Home\",\"item\":\"https:\\\/\\\/staging.safetysourcefire.ca\\\/\"},{\"@type\":\"ListItem\",\"position\":2,\"name\":\"Products\",\"item\":\"https:\\\/\\\/staging.safetysourcefire.ca\\\/shop\\\/\"},{\"@type\":\"ListItem\",\"position\":3,\"name\":\"Air-Pak\u2122 X3 Pro SCBA\"}]},{\"@type\":\"WebSite\",\"@id\":\"https:\\\/\\\/staging.safetysourcefire.ca\\\/#website\",\"url\":\"https:\\\/\\\/staging.safetysourcefire.ca\\\/\",\"name\":\"Safety Source Fire\",\"description\":\"\",\"publisher\":{\"@id\":\"https:\\\/\\\/staging.safetysourcefire.ca\\\/#organization\"},\"potentialAction\":[{\"@type\":\"SearchAction\",\"target\":{\"@type\":\"EntryPoint\",\"urlTemplate\":\"https:\\\/\\\/staging.safetysourcefire.ca\\\/?s={search_term_string}\"},\"query-input\":{\"@type\":\"PropertyValueSpecification\",\"valueRequired\":true,\"valueName\":\"search_term_string\"}}],\"inLanguage\":\"fr-CA\"},{\"@type\":\"Organization\",\"@id\":\"https:\\\/\\\/staging.safetysourcefire.ca\\\/#organization\",\"name\":\"Safety Source Fire\",\"url\":\"https:\\\/\\\/staging.safetysourcefire.ca\\\/\",\"logo\":{\"@type\":\"ImageObject\",\"inLanguage\":\"fr-CA\",\"@id\":\"https:\\\/\\\/staging.safetysourcefire.ca\\\/#\\\/schema\\\/logo\\\/image\\\/\",\"url\":\"https:\\\/\\\/staging.safetysourcefire.ca\\\/wp-content\\\/uploads\\\/2021\\\/01\\\/SSF_logo_CC0000-3.png\",\"contentUrl\":\"https:\\\/\\\/staging.safetysourcefire.ca\\\/wp-content\\\/uploads\\\/2021\\\/01\\\/SSF_logo_CC0000-3.png\",\"width\":1107,\"height\":365,\"caption\":\"Safety Source Fire\"},\"image\":{\"@id\":\"https:\\\/\\\/staging.safetysourcefire.ca\\\/#\\\/schema\\\/logo\\\/image\\\/\"},\"sameAs\":[\"https:\\\/\\\/www.facebook.com\\\/mmfssca\",\"https:\\\/\\\/x.com\\\/mmfssca\"]}]}<\/script>\n<!-- \/ Yoast SEO plugin. -->","yoast_head_json":{"title":"Appareil respiratoire autonome Air-Pak\u2122 X3 Pro - Source de s\u00e9curit\u00e9 incendie","robots":{"index":"noindex","follow":"follow","max-snippet":"max-snippet:-1","max-image-preview":"max-image-preview:large","max-video-preview":"max-video-preview:-1"},"og_locale":"fr_CA","og_type":"article","og_title":"Air-Pak\u2122 X3 Pro SCBA - Safety Source Fire","og_description":"Designed to offer enhancements in cleanability, comfort and connectivity, all while delivering the reliability and durability that you have come to trust.","og_url":"https:\/\/staging.safetysourcefire.ca\/fr_ca\/produit\/air-pak-x3-pro-scba\/","og_site_name":"Safety Source Fire","article_publisher":"https:\/\/www.facebook.com\/mmfssca","article_modified_time":"2023-01-17T21:14:31+00:00","og_image":[{"width":600,"height":600,"url":"https:\/\/staging.safetysourcefire.ca\/wp-content\/uploads\/2018\/10\/3m-scott-air-pak-x3-pro-scba-with-3m-scott-e-z-flo-c5-regulator-front.jpg","type":"image\/jpeg"}],"twitter_card":"summary_large_image","twitter_site":"@mmfssca","twitter_misc":{"Estimation du temps de lecture":"1 minute"},"schema":{"@context":"https:\/\/schema.org","@graph":[{"@type":"WebPage","@id":"https:\/\/staging.safetysourcefire.ca\/product\/air-pak-x3-pro-scba\/","url":"https:\/\/staging.safetysourcefire.ca\/product\/air-pak-x3-pro-scba\/","name":"Appareil respiratoire autonome Air-Pak\u2122 X3 Pro - Source de s\u00e9curit\u00e9 incendie","isPartOf":{"@id":"https:\/\/staging.safetysourcefire.ca\/#website"},"primaryImageOfPage":{"@id":"https:\/\/staging.safetysourcefire.ca\/product\/air-pak-x3-pro-scba\/#primaryimage"},"image":{"@id":"https:\/\/staging.safetysourcefire.ca\/product\/air-pak-x3-pro-scba\/#primaryimage"},"thumbnailUrl":"https:\/\/staging.safetysourcefire.ca\/wp-content\/uploads\/2018\/10\/3m-scott-air-pak-x3-pro-scba-with-3m-scott-e-z-flo-c5-regulator-front.jpg","datePublished":"2018-10-11T09:16:10+00:00","dateModified":"2023-01-17T21:14:31+00:00","breadcrumb":{"@id":"https:\/\/staging.safetysourcefire.ca\/product\/air-pak-x3-pro-scba\/#breadcrumb"},"inLanguage":"fr-CA","potentialAction":[{"@type":"ReadAction","target":["https:\/\/staging.safetysourcefire.ca\/product\/air-pak-x3-pro-scba\/"]}]},{"@type":"ImageObject","inLanguage":"fr-CA","@id":"https:\/\/staging.safetysourcefire.ca\/product\/air-pak-x3-pro-scba\/#primaryimage","url":"https:\/\/staging.safetysourcefire.ca\/wp-content\/uploads\/2018\/10\/3m-scott-air-pak-x3-pro-scba-with-3m-scott-e-z-flo-c5-regulator-front.jpg","contentUrl":"https:\/\/staging.safetysourcefire.ca\/wp-content\/uploads\/2018\/10\/3m-scott-air-pak-x3-pro-scba-with-3m-scott-e-z-flo-c5-regulator-front.jpg","width":600,"height":600,"caption":"air-pak scba with regulator"},{"@type":"BreadcrumbList","@id":"https:\/\/staging.safetysourcefire.ca\/product\/air-pak-x3-pro-scba\/#breadcrumb","itemListElement":[{"@type":"ListItem","position":1,"name":"Home","item":"https:\/\/staging.safetysourcefire.ca\/"},{"@type":"ListItem","position":2,"name":"Products","item":"https:\/\/staging.safetysourcefire.ca\/shop\/"},{"@type":"ListItem","position":3,"name":"Air-Pak\u2122 X3 Pro SCBA"}]},{"@type":"WebSite","@id":"https:\/\/staging.safetysourcefire.ca\/#website","url":"https:\/\/staging.safetysourcefire.ca\/","name":"Safety Source Fire","description":"","publisher":{"@id":"https:\/\/staging.safetysourcefire.ca\/#organization"},"potentialAction":[{"@type":"SearchAction","target":{"@type":"EntryPoint","urlTemplate":"https:\/\/staging.safetysourcefire.ca\/?s={search_term_string}"},"query-input":{"@type":"PropertyValueSpecification","valueRequired":true,"valueName":"search_term_string"}}],"inLanguage":"fr-CA"},{"@type":"Organization","@id":"https:\/\/staging.safetysourcefire.ca\/#organization","name":"Safety Source Fire","url":"https:\/\/staging.safetysourcefire.ca\/","logo":{"@type":"ImageObject","inLanguage":"fr-CA","@id":"https:\/\/staging.safetysourcefire.ca\/#\/schema\/logo\/image\/","url":"https:\/\/staging.safetysourcefire.ca\/wp-content\/uploads\/2021\/01\/SSF_logo_CC0000-3.png","contentUrl":"https:\/\/staging.safetysourcefire.ca\/wp-content\/uploads\/2021\/01\/SSF_logo_CC0000-3.png","width":1107,"height":365,"caption":"Safety Source Fire"},"image":{"@id":"https:\/\/staging.safetysourcefire.ca\/#\/schema\/logo\/image\/"},"sameAs":["https:\/\/www.facebook.com\/mmfssca","https:\/\/x.com\/mmfssca"]}]}},"_links":{"self":[{"href":"https:\/\/staging.safetysourcefire.ca\/fr_ca\/wp-json\/wp\/v2\/product\/5028","targetHints":{"allow":["GET"]}}],"collection":[{"href":"https:\/\/staging.safetysourcefire.ca\/fr_ca\/wp-json\/wp\/v2\/product"}],"about":[{"href":"https:\/\/staging.safetysourcefire.ca\/fr_ca\/wp-json\/wp\/v2\/types\/product"}],"wp:featuredmedia":[{"embeddable":true,"href":"https:\/\/staging.safetysourcefire.ca\/fr_ca\/wp-json\/wp\/v2\/media\/27302"}],"wp:attachment":[{"href":"https:\/\/staging.safetysourcefire.ca\/fr_ca\/wp-json\/wp\/v2\/media?parent=5028"}],"wp:term":[{"taxonomy":"product_brand","embeddable":true,"href":"https:\/\/staging.safetysourcefire.ca\/fr_ca\/wp-json\/wp\/v2\/product_brand?post=5028"},{"taxonomy":"product_cat","embeddable":true,"href":"https:\/\/staging.safetysourcefire.ca\/fr_ca\/wp-json\/wp\/v2\/product_cat?post=5028"},{"taxonomy":"product_tag","embeddable":true,"href":"https:\/\/staging.safetysourcefire.ca\/fr_ca\/wp-json\/wp\/v2\/product_tag?post=5028"}],"curies":[{"name":"wp","href":"https:\/\/api.w.org\/{rel}","templated":true}]}}