{"id":4620,"date":"2017-07-07T20:35:23","date_gmt":"2017-07-07T20:35:23","guid":{"rendered":"https:\/\/mmfss.ca\/?post_type=product&#038;p=4620"},"modified":"2018-03-19T13:55:44","modified_gmt":"2018-03-19T13:55:44","slug":"badger-extra-20lb-6-a80-bc-fire-extinguisher","status":"publish","type":"product","link":"https:\/\/staging.safetysourcefire.ca\/fr_ca\/produit\/badger-extra-20lb-6-a80-bc-fire-extinguisher\/","title":{"rendered":"Extincteur Badger Extra 20lb 6-A: 80-B: C"},"content":{"rendered":"<p>Id\u00e9al pour lutter contre la majorit\u00e9 des risques d'incendie g\u00e9n\u00e9ralement rencontr\u00e9s dans les applications commerciales, industrielles et domestiques.<\/p>\n<p>Les m\u00e9langes d'agents extincteurs chimiques secs Badger contiennent le pourcentage le plus \u00e9lev\u00e9 d'ingr\u00e9dients essentiels de base dans l'industrie des extincteurs. Les mod\u00e8les d'agents \u00ab\u00a0multifonctions\u00a0\u00bb conviennent \u00e0 une utilisation sur les incendies de classe A, B et C.<\/p>\n<p>Gamme compl\u00e8te de mod\u00e8les rechargeables disponibles : extincteurs 2,5 lb, 5 lb, 10 lb et 20 lb.<\/p>\n<ul>\n<li>Agent polyvalent contenant 90% de M.A.P<\/li>\n<li>Vannes en laiton chrom\u00e9<\/li>\n<li>Poign\u00e9es, leviers et colliers de serrage en acier inoxydable<\/li>\n<li>Goupilles de traction en acier inoxydable \u00e0 grande boucle avec attache<\/li>\n<li>Cylindre en acier et tubes siphon internes<\/li>\n<li>Raccords de tuyaux en laiton plaqu\u00e9 avec raccord hexagonal<\/li>\n<li>Tuyau robuste et r\u00e9sistant<\/li>\n<li>List\u00e9 ULC et approuv\u00e9 par l&#039;USCG - R\u00e9pond aux exigences TC\/DOT<\/li>\n<li>Garantie 6 ans<\/li>\n<\/ul>\n<p>&nbsp;<\/p>","protected":false},"excerpt":{"rendered":"<p>La gamme polyvalente d'extincteurs \u00e0 poudre Badger Extra est \u00e9conomique et extr\u00eamement polyvalente.<\/p>","protected":false},"featured_media":4586,"template":"","meta":[],"product_brand":[247],"product_cat":[62,44],"product_tag":[316],"class_list":{"0":"post-4620","1":"product","2":"type-product","3":"status-publish","4":"has-post-thumbnail","6":"product_brand-kidde","7":"product_cat-extinguishers","8":"product_cat-fire-suppression","9":"product_tag-kidde","11":"first","12":"instock","13":"shipping-taxable","14":"product-type-simple"},"yoast_head":"<!-- This site is optimized with the Yoast SEO plugin v27.4 - https:\/\/yoast.com\/product\/yoast-seo-wordpress\/ -->\n<title>Badger Extra 20lb 6-A:80-B:C Fire Extinguisher - Safety Source Fire<\/title>\n<meta name=\"robots\" content=\"noindex, follow, max-snippet:-1, max-image-preview:large, max-video-preview:-1\" \/>\n<meta property=\"og:locale\" content=\"fr_CA\" \/>\n<meta property=\"og:type\" content=\"article\" \/>\n<meta property=\"og:title\" content=\"Badger Extra 20lb 6-A:80-B:C Fire Extinguisher - Safety Source Fire\" \/>\n<meta property=\"og:description\" content=\"The Badger Extra multipurpose dry chemical line of fire extinguishers are economical and extremely versatile.\" \/>\n<meta property=\"og:url\" content=\"https:\/\/staging.safetysourcefire.ca\/fr_ca\/produit\/badger-extra-20lb-6-a80-bc-fire-extinguisher\/\" \/>\n<meta property=\"og:site_name\" content=\"Safety Source Fire\" \/>\n<meta property=\"article:publisher\" content=\"https:\/\/www.facebook.com\/mmfssca\" \/>\n<meta property=\"article:modified_time\" content=\"2018-03-19T13:55:44+00:00\" \/>\n<meta property=\"og:image\" content=\"https:\/\/staging.safetysourcefire.ca\/wp-content\/uploads\/2017\/07\/24178.jpg\" \/>\n\t<meta property=\"og:image:width\" content=\"600\" \/>\n\t<meta property=\"og:image:height\" content=\"600\" \/>\n\t<meta property=\"og:image:type\" content=\"image\/jpeg\" \/>\n<meta name=\"twitter:card\" content=\"summary_large_image\" \/>\n<meta name=\"twitter:site\" content=\"@mmfssca\" \/>\n<meta name=\"twitter:label1\" content=\"Estimation du temps de lecture\" \/>\n\t<meta name=\"twitter:data1\" content=\"1 minute\" \/>\n<script type=\"application\/ld+json\" class=\"yoast-schema-graph\">{\"@context\":\"https:\\\/\\\/schema.org\",\"@graph\":[{\"@type\":\"WebPage\",\"@id\":\"https:\\\/\\\/staging.safetysourcefire.ca\\\/product\\\/badger-extra-20lb-6-a80-bc-fire-extinguisher\\\/\",\"url\":\"https:\\\/\\\/staging.safetysourcefire.ca\\\/product\\\/badger-extra-20lb-6-a80-bc-fire-extinguisher\\\/\",\"name\":\"Badger Extra 20lb 6-A:80-B:C Fire Extinguisher - Safety Source Fire\",\"isPartOf\":{\"@id\":\"https:\\\/\\\/staging.safetysourcefire.ca\\\/#website\"},\"primaryImageOfPage\":{\"@id\":\"https:\\\/\\\/staging.safetysourcefire.ca\\\/product\\\/badger-extra-20lb-6-a80-bc-fire-extinguisher\\\/#primaryimage\"},\"image\":{\"@id\":\"https:\\\/\\\/staging.safetysourcefire.ca\\\/product\\\/badger-extra-20lb-6-a80-bc-fire-extinguisher\\\/#primaryimage\"},\"thumbnailUrl\":\"https:\\\/\\\/staging.safetysourcefire.ca\\\/wp-content\\\/uploads\\\/2017\\\/07\\\/24178.jpg\",\"datePublished\":\"2017-07-07T20:35:23+00:00\",\"dateModified\":\"2018-03-19T13:55:44+00:00\",\"breadcrumb\":{\"@id\":\"https:\\\/\\\/staging.safetysourcefire.ca\\\/product\\\/badger-extra-20lb-6-a80-bc-fire-extinguisher\\\/#breadcrumb\"},\"inLanguage\":\"fr-CA\",\"potentialAction\":[{\"@type\":\"ReadAction\",\"target\":[\"https:\\\/\\\/staging.safetysourcefire.ca\\\/product\\\/badger-extra-20lb-6-a80-bc-fire-extinguisher\\\/\"]}]},{\"@type\":\"ImageObject\",\"inLanguage\":\"fr-CA\",\"@id\":\"https:\\\/\\\/staging.safetysourcefire.ca\\\/product\\\/badger-extra-20lb-6-a80-bc-fire-extinguisher\\\/#primaryimage\",\"url\":\"https:\\\/\\\/staging.safetysourcefire.ca\\\/wp-content\\\/uploads\\\/2017\\\/07\\\/24178.jpg\",\"contentUrl\":\"https:\\\/\\\/staging.safetysourcefire.ca\\\/wp-content\\\/uploads\\\/2017\\\/07\\\/24178.jpg\",\"width\":600,\"height\":600,\"caption\":\"fire extinguisher\"},{\"@type\":\"BreadcrumbList\",\"@id\":\"https:\\\/\\\/staging.safetysourcefire.ca\\\/product\\\/badger-extra-20lb-6-a80-bc-fire-extinguisher\\\/#breadcrumb\",\"itemListElement\":[{\"@type\":\"ListItem\",\"position\":1,\"name\":\"Home\",\"item\":\"https:\\\/\\\/staging.safetysourcefire.ca\\\/\"},{\"@type\":\"ListItem\",\"position\":2,\"name\":\"Products\",\"item\":\"https:\\\/\\\/staging.safetysourcefire.ca\\\/shop\\\/\"},{\"@type\":\"ListItem\",\"position\":3,\"name\":\"Badger Extra 20lb 6-A:80-B:C Fire Extinguisher\"}]},{\"@type\":\"WebSite\",\"@id\":\"https:\\\/\\\/staging.safetysourcefire.ca\\\/#website\",\"url\":\"https:\\\/\\\/staging.safetysourcefire.ca\\\/\",\"name\":\"Safety Source Fire\",\"description\":\"\",\"publisher\":{\"@id\":\"https:\\\/\\\/staging.safetysourcefire.ca\\\/#organization\"},\"potentialAction\":[{\"@type\":\"SearchAction\",\"target\":{\"@type\":\"EntryPoint\",\"urlTemplate\":\"https:\\\/\\\/staging.safetysourcefire.ca\\\/?s={search_term_string}\"},\"query-input\":{\"@type\":\"PropertyValueSpecification\",\"valueRequired\":true,\"valueName\":\"search_term_string\"}}],\"inLanguage\":\"fr-CA\"},{\"@type\":\"Organization\",\"@id\":\"https:\\\/\\\/staging.safetysourcefire.ca\\\/#organization\",\"name\":\"Safety Source Fire\",\"url\":\"https:\\\/\\\/staging.safetysourcefire.ca\\\/\",\"logo\":{\"@type\":\"ImageObject\",\"inLanguage\":\"fr-CA\",\"@id\":\"https:\\\/\\\/staging.safetysourcefire.ca\\\/#\\\/schema\\\/logo\\\/image\\\/\",\"url\":\"https:\\\/\\\/staging.safetysourcefire.ca\\\/wp-content\\\/uploads\\\/2021\\\/01\\\/SSF_logo_CC0000-3.png\",\"contentUrl\":\"https:\\\/\\\/staging.safetysourcefire.ca\\\/wp-content\\\/uploads\\\/2021\\\/01\\\/SSF_logo_CC0000-3.png\",\"width\":1107,\"height\":365,\"caption\":\"Safety Source Fire\"},\"image\":{\"@id\":\"https:\\\/\\\/staging.safetysourcefire.ca\\\/#\\\/schema\\\/logo\\\/image\\\/\"},\"sameAs\":[\"https:\\\/\\\/www.facebook.com\\\/mmfssca\",\"https:\\\/\\\/x.com\\\/mmfssca\"]}]}<\/script>\n<!-- \/ Yoast SEO plugin. -->","yoast_head_json":{"title":"Extincteur Badger Extra 20 lb 6-A:80-B:C - Safety Source Fire","robots":{"index":"noindex","follow":"follow","max-snippet":"max-snippet:-1","max-image-preview":"max-image-preview:large","max-video-preview":"max-video-preview:-1"},"og_locale":"fr_CA","og_type":"article","og_title":"Badger Extra 20lb 6-A:80-B:C Fire Extinguisher - Safety Source Fire","og_description":"The Badger Extra multipurpose dry chemical line of fire extinguishers are economical and extremely versatile.","og_url":"https:\/\/staging.safetysourcefire.ca\/fr_ca\/produit\/badger-extra-20lb-6-a80-bc-fire-extinguisher\/","og_site_name":"Safety Source Fire","article_publisher":"https:\/\/www.facebook.com\/mmfssca","article_modified_time":"2018-03-19T13:55:44+00:00","og_image":[{"width":600,"height":600,"url":"https:\/\/staging.safetysourcefire.ca\/wp-content\/uploads\/2017\/07\/24178.jpg","type":"image\/jpeg"}],"twitter_card":"summary_large_image","twitter_site":"@mmfssca","twitter_misc":{"Estimation du temps de lecture":"1 minute"},"schema":{"@context":"https:\/\/schema.org","@graph":[{"@type":"WebPage","@id":"https:\/\/staging.safetysourcefire.ca\/product\/badger-extra-20lb-6-a80-bc-fire-extinguisher\/","url":"https:\/\/staging.safetysourcefire.ca\/product\/badger-extra-20lb-6-a80-bc-fire-extinguisher\/","name":"Extincteur Badger Extra 20 lb 6-A:80-B:C - Safety Source Fire","isPartOf":{"@id":"https:\/\/staging.safetysourcefire.ca\/#website"},"primaryImageOfPage":{"@id":"https:\/\/staging.safetysourcefire.ca\/product\/badger-extra-20lb-6-a80-bc-fire-extinguisher\/#primaryimage"},"image":{"@id":"https:\/\/staging.safetysourcefire.ca\/product\/badger-extra-20lb-6-a80-bc-fire-extinguisher\/#primaryimage"},"thumbnailUrl":"https:\/\/staging.safetysourcefire.ca\/wp-content\/uploads\/2017\/07\/24178.jpg","datePublished":"2017-07-07T20:35:23+00:00","dateModified":"2018-03-19T13:55:44+00:00","breadcrumb":{"@id":"https:\/\/staging.safetysourcefire.ca\/product\/badger-extra-20lb-6-a80-bc-fire-extinguisher\/#breadcrumb"},"inLanguage":"fr-CA","potentialAction":[{"@type":"ReadAction","target":["https:\/\/staging.safetysourcefire.ca\/product\/badger-extra-20lb-6-a80-bc-fire-extinguisher\/"]}]},{"@type":"ImageObject","inLanguage":"fr-CA","@id":"https:\/\/staging.safetysourcefire.ca\/product\/badger-extra-20lb-6-a80-bc-fire-extinguisher\/#primaryimage","url":"https:\/\/staging.safetysourcefire.ca\/wp-content\/uploads\/2017\/07\/24178.jpg","contentUrl":"https:\/\/staging.safetysourcefire.ca\/wp-content\/uploads\/2017\/07\/24178.jpg","width":600,"height":600,"caption":"fire extinguisher"},{"@type":"BreadcrumbList","@id":"https:\/\/staging.safetysourcefire.ca\/product\/badger-extra-20lb-6-a80-bc-fire-extinguisher\/#breadcrumb","itemListElement":[{"@type":"ListItem","position":1,"name":"Home","item":"https:\/\/staging.safetysourcefire.ca\/"},{"@type":"ListItem","position":2,"name":"Products","item":"https:\/\/staging.safetysourcefire.ca\/shop\/"},{"@type":"ListItem","position":3,"name":"Badger Extra 20lb 6-A:80-B:C Fire Extinguisher"}]},{"@type":"WebSite","@id":"https:\/\/staging.safetysourcefire.ca\/#website","url":"https:\/\/staging.safetysourcefire.ca\/","name":"Safety Source Fire","description":"","publisher":{"@id":"https:\/\/staging.safetysourcefire.ca\/#organization"},"potentialAction":[{"@type":"SearchAction","target":{"@type":"EntryPoint","urlTemplate":"https:\/\/staging.safetysourcefire.ca\/?s={search_term_string}"},"query-input":{"@type":"PropertyValueSpecification","valueRequired":true,"valueName":"search_term_string"}}],"inLanguage":"fr-CA"},{"@type":"Organization","@id":"https:\/\/staging.safetysourcefire.ca\/#organization","name":"Safety Source Fire","url":"https:\/\/staging.safetysourcefire.ca\/","logo":{"@type":"ImageObject","inLanguage":"fr-CA","@id":"https:\/\/staging.safetysourcefire.ca\/#\/schema\/logo\/image\/","url":"https:\/\/staging.safetysourcefire.ca\/wp-content\/uploads\/2021\/01\/SSF_logo_CC0000-3.png","contentUrl":"https:\/\/staging.safetysourcefire.ca\/wp-content\/uploads\/2021\/01\/SSF_logo_CC0000-3.png","width":1107,"height":365,"caption":"Safety Source Fire"},"image":{"@id":"https:\/\/staging.safetysourcefire.ca\/#\/schema\/logo\/image\/"},"sameAs":["https:\/\/www.facebook.com\/mmfssca","https:\/\/x.com\/mmfssca"]}]}},"_links":{"self":[{"href":"https:\/\/staging.safetysourcefire.ca\/fr_ca\/wp-json\/wp\/v2\/product\/4620","targetHints":{"allow":["GET"]}}],"collection":[{"href":"https:\/\/staging.safetysourcefire.ca\/fr_ca\/wp-json\/wp\/v2\/product"}],"about":[{"href":"https:\/\/staging.safetysourcefire.ca\/fr_ca\/wp-json\/wp\/v2\/types\/product"}],"wp:featuredmedia":[{"embeddable":true,"href":"https:\/\/staging.safetysourcefire.ca\/fr_ca\/wp-json\/wp\/v2\/media\/4586"}],"wp:attachment":[{"href":"https:\/\/staging.safetysourcefire.ca\/fr_ca\/wp-json\/wp\/v2\/media?parent=4620"}],"wp:term":[{"taxonomy":"product_brand","embeddable":true,"href":"https:\/\/staging.safetysourcefire.ca\/fr_ca\/wp-json\/wp\/v2\/product_brand?post=4620"},{"taxonomy":"product_cat","embeddable":true,"href":"https:\/\/staging.safetysourcefire.ca\/fr_ca\/wp-json\/wp\/v2\/product_cat?post=4620"},{"taxonomy":"product_tag","embeddable":true,"href":"https:\/\/staging.safetysourcefire.ca\/fr_ca\/wp-json\/wp\/v2\/product_tag?post=4620"}],"curies":[{"name":"wp","href":"https:\/\/api.w.org\/{rel}","templated":true}]}}