{"id":4617,"date":"2017-07-07T20:32:35","date_gmt":"2017-07-07T20:32:35","guid":{"rendered":"https:\/\/mmfss.ca\/?post_type=product&#038;p=4617"},"modified":"2018-03-19T13:55:46","modified_gmt":"2018-03-19T13:55:46","slug":"badger-purple-k-20lb-120-bc-fire-extinguisher","status":"publish","type":"product","link":"https:\/\/staging.safetysourcefire.ca\/fr_ca\/produit\/badger-purple-k-20lb-120-bc-fire-extinguisher\/","title":{"rendered":"Extincteur Badger Purple K 20lb 120-B:C\u00a0"},"content":{"rendered":"<p>Purple K est g\u00e9n\u00e9ralement sup\u00e9rieur aux autres produits chimiques secs sur les incendies de classe B, ce qui rend ces extincteurs id\u00e9aux pour une utilisation dans les locaux industriels et commerciaux o\u00f9 un risque d&#039;incendie de liquide ou de gaz inflammable existe.<\/p>\n<p>Les extincteurs peuvent \u00eatre mont\u00e9s sur n'importe quelle surface verticale plane avec un crochet mural ou avec un support de sangle (en option).<\/p>\n<ul>\n<li>Vanne en laiton chrom\u00e9<\/li>\n<li>Poign\u00e9e, levier et bande de tuyau en acier inoxydable<\/li>\n<li>Cylindre en acier et tube de siphon interne<\/li>\n<li>Garantie 6 ans<\/li>\n<li>Goupilles de traction en acier inoxydable \u00e0 grande boucle avec attache<\/li>\n<li>Intervalle d&#039;essai hydrostatique p\u00e9riodique de 12 ans<\/li>\n<li>Tuyau robuste avec raccord hexagonal en laiton plaqu\u00e9<\/li>\n<li>List\u00e9 ULC et approuv\u00e9 par l&#039;USCG<\/li>\n<li>Plaques signal\u00e9tiques faciles \u00e0 lire -en deux parties<\/li>\n<\/ul>","protected":false},"excerpt":{"rendered":"<p>Les extincteurs \u00e0 poudre chimique s\u00e8che Purple K au bicarbonate de potassium de Badger sont con\u00e7us pour \u00eatre utilis\u00e9s sur les types d&#039;incendies \u00e0 haut risque de classe B et C.<\/p>","protected":false},"featured_media":4587,"template":"","meta":[],"product_brand":[247],"product_cat":[62,44],"product_tag":[316],"class_list":{"0":"post-4617","1":"product","2":"type-product","3":"status-publish","4":"has-post-thumbnail","6":"product_brand-kidde","7":"product_cat-extinguishers","8":"product_cat-fire-suppression","9":"product_tag-kidde","11":"first","12":"instock","13":"shipping-taxable","14":"product-type-simple"},"yoast_head":"<!-- This site is optimized with the Yoast SEO plugin v27.4 - https:\/\/yoast.com\/product\/yoast-seo-wordpress\/ -->\n<title>Badger Purple K 20lb 120-B:C Fire Extinguisher\u00a0 - Safety Source Fire<\/title>\n<meta name=\"robots\" content=\"noindex, follow, max-snippet:-1, max-image-preview:large, max-video-preview:-1\" \/>\n<meta property=\"og:locale\" content=\"fr_CA\" \/>\n<meta property=\"og:type\" content=\"article\" \/>\n<meta property=\"og:title\" content=\"Badger Purple K 20lb 120-B:C Fire Extinguisher\u00a0 - Safety Source Fire\" \/>\n<meta property=\"og:description\" content=\"Badger\u2019s potassium bicarbonate Purple K dry chemical stored pressure fire extinguishers are designed for use on high hazard types of Class B and C fires.\" \/>\n<meta property=\"og:url\" content=\"https:\/\/staging.safetysourcefire.ca\/fr_ca\/produit\/badger-purple-k-20lb-120-bc-fire-extinguisher\/\" \/>\n<meta property=\"og:site_name\" content=\"Safety Source Fire\" \/>\n<meta property=\"article:publisher\" content=\"https:\/\/www.facebook.com\/mmfssca\" \/>\n<meta property=\"article:modified_time\" content=\"2018-03-19T13:55:46+00:00\" \/>\n<meta property=\"og:image\" content=\"https:\/\/staging.safetysourcefire.ca\/wp-content\/uploads\/2017\/07\/24194.jpg\" \/>\n\t<meta property=\"og:image:width\" content=\"600\" \/>\n\t<meta property=\"og:image:height\" content=\"600\" \/>\n\t<meta property=\"og:image:type\" content=\"image\/jpeg\" \/>\n<meta name=\"twitter:card\" content=\"summary_large_image\" \/>\n<meta name=\"twitter:site\" content=\"@mmfssca\" \/>\n<meta name=\"twitter:label1\" content=\"Estimation du temps de lecture\" \/>\n\t<meta name=\"twitter:data1\" content=\"1 minute\" \/>\n<script type=\"application\/ld+json\" class=\"yoast-schema-graph\">{\"@context\":\"https:\\\/\\\/schema.org\",\"@graph\":[{\"@type\":\"WebPage\",\"@id\":\"https:\\\/\\\/staging.safetysourcefire.ca\\\/product\\\/badger-purple-k-20lb-120-bc-fire-extinguisher\\\/\",\"url\":\"https:\\\/\\\/staging.safetysourcefire.ca\\\/product\\\/badger-purple-k-20lb-120-bc-fire-extinguisher\\\/\",\"name\":\"Badger Purple K 20lb 120-B:C Fire Extinguisher\u00a0 - Safety Source Fire\",\"isPartOf\":{\"@id\":\"https:\\\/\\\/staging.safetysourcefire.ca\\\/#website\"},\"primaryImageOfPage\":{\"@id\":\"https:\\\/\\\/staging.safetysourcefire.ca\\\/product\\\/badger-purple-k-20lb-120-bc-fire-extinguisher\\\/#primaryimage\"},\"image\":{\"@id\":\"https:\\\/\\\/staging.safetysourcefire.ca\\\/product\\\/badger-purple-k-20lb-120-bc-fire-extinguisher\\\/#primaryimage\"},\"thumbnailUrl\":\"https:\\\/\\\/staging.safetysourcefire.ca\\\/wp-content\\\/uploads\\\/2017\\\/07\\\/24194.jpg\",\"datePublished\":\"2017-07-07T20:32:35+00:00\",\"dateModified\":\"2018-03-19T13:55:46+00:00\",\"breadcrumb\":{\"@id\":\"https:\\\/\\\/staging.safetysourcefire.ca\\\/product\\\/badger-purple-k-20lb-120-bc-fire-extinguisher\\\/#breadcrumb\"},\"inLanguage\":\"fr-CA\",\"potentialAction\":[{\"@type\":\"ReadAction\",\"target\":[\"https:\\\/\\\/staging.safetysourcefire.ca\\\/product\\\/badger-purple-k-20lb-120-bc-fire-extinguisher\\\/\"]}]},{\"@type\":\"ImageObject\",\"inLanguage\":\"fr-CA\",\"@id\":\"https:\\\/\\\/staging.safetysourcefire.ca\\\/product\\\/badger-purple-k-20lb-120-bc-fire-extinguisher\\\/#primaryimage\",\"url\":\"https:\\\/\\\/staging.safetysourcefire.ca\\\/wp-content\\\/uploads\\\/2017\\\/07\\\/24194.jpg\",\"contentUrl\":\"https:\\\/\\\/staging.safetysourcefire.ca\\\/wp-content\\\/uploads\\\/2017\\\/07\\\/24194.jpg\",\"width\":600,\"height\":600,\"caption\":\"fire extinguisher\"},{\"@type\":\"BreadcrumbList\",\"@id\":\"https:\\\/\\\/staging.safetysourcefire.ca\\\/product\\\/badger-purple-k-20lb-120-bc-fire-extinguisher\\\/#breadcrumb\",\"itemListElement\":[{\"@type\":\"ListItem\",\"position\":1,\"name\":\"Home\",\"item\":\"https:\\\/\\\/staging.safetysourcefire.ca\\\/\"},{\"@type\":\"ListItem\",\"position\":2,\"name\":\"Products\",\"item\":\"https:\\\/\\\/staging.safetysourcefire.ca\\\/shop\\\/\"},{\"@type\":\"ListItem\",\"position\":3,\"name\":\"Badger Purple K 20lb 120-B:C Fire Extinguisher\u00a0\"}]},{\"@type\":\"WebSite\",\"@id\":\"https:\\\/\\\/staging.safetysourcefire.ca\\\/#website\",\"url\":\"https:\\\/\\\/staging.safetysourcefire.ca\\\/\",\"name\":\"Safety Source Fire\",\"description\":\"\",\"publisher\":{\"@id\":\"https:\\\/\\\/staging.safetysourcefire.ca\\\/#organization\"},\"potentialAction\":[{\"@type\":\"SearchAction\",\"target\":{\"@type\":\"EntryPoint\",\"urlTemplate\":\"https:\\\/\\\/staging.safetysourcefire.ca\\\/?s={search_term_string}\"},\"query-input\":{\"@type\":\"PropertyValueSpecification\",\"valueRequired\":true,\"valueName\":\"search_term_string\"}}],\"inLanguage\":\"fr-CA\"},{\"@type\":\"Organization\",\"@id\":\"https:\\\/\\\/staging.safetysourcefire.ca\\\/#organization\",\"name\":\"Safety Source Fire\",\"url\":\"https:\\\/\\\/staging.safetysourcefire.ca\\\/\",\"logo\":{\"@type\":\"ImageObject\",\"inLanguage\":\"fr-CA\",\"@id\":\"https:\\\/\\\/staging.safetysourcefire.ca\\\/#\\\/schema\\\/logo\\\/image\\\/\",\"url\":\"https:\\\/\\\/staging.safetysourcefire.ca\\\/wp-content\\\/uploads\\\/2021\\\/01\\\/SSF_logo_CC0000-3.png\",\"contentUrl\":\"https:\\\/\\\/staging.safetysourcefire.ca\\\/wp-content\\\/uploads\\\/2021\\\/01\\\/SSF_logo_CC0000-3.png\",\"width\":1107,\"height\":365,\"caption\":\"Safety Source Fire\"},\"image\":{\"@id\":\"https:\\\/\\\/staging.safetysourcefire.ca\\\/#\\\/schema\\\/logo\\\/image\\\/\"},\"sameAs\":[\"https:\\\/\\\/www.facebook.com\\\/mmfssca\",\"https:\\\/\\\/x.com\\\/mmfssca\"]}]}<\/script>\n<!-- \/ Yoast SEO plugin. -->","yoast_head_json":{"title":"Extincteur Badger Purple K 20 lb 120-B:C - Safety Source Fire","robots":{"index":"noindex","follow":"follow","max-snippet":"max-snippet:-1","max-image-preview":"max-image-preview:large","max-video-preview":"max-video-preview:-1"},"og_locale":"fr_CA","og_type":"article","og_title":"Badger Purple K 20lb 120-B:C Fire Extinguisher\u00a0 - Safety Source Fire","og_description":"Badger\u2019s potassium bicarbonate Purple K dry chemical stored pressure fire extinguishers are designed for use on high hazard types of Class B and C fires.","og_url":"https:\/\/staging.safetysourcefire.ca\/fr_ca\/produit\/badger-purple-k-20lb-120-bc-fire-extinguisher\/","og_site_name":"Safety Source Fire","article_publisher":"https:\/\/www.facebook.com\/mmfssca","article_modified_time":"2018-03-19T13:55:46+00:00","og_image":[{"width":600,"height":600,"url":"https:\/\/staging.safetysourcefire.ca\/wp-content\/uploads\/2017\/07\/24194.jpg","type":"image\/jpeg"}],"twitter_card":"summary_large_image","twitter_site":"@mmfssca","twitter_misc":{"Estimation du temps de lecture":"1 minute"},"schema":{"@context":"https:\/\/schema.org","@graph":[{"@type":"WebPage","@id":"https:\/\/staging.safetysourcefire.ca\/product\/badger-purple-k-20lb-120-bc-fire-extinguisher\/","url":"https:\/\/staging.safetysourcefire.ca\/product\/badger-purple-k-20lb-120-bc-fire-extinguisher\/","name":"Extincteur Badger Purple K 20 lb 120-B:C - Safety Source Fire","isPartOf":{"@id":"https:\/\/staging.safetysourcefire.ca\/#website"},"primaryImageOfPage":{"@id":"https:\/\/staging.safetysourcefire.ca\/product\/badger-purple-k-20lb-120-bc-fire-extinguisher\/#primaryimage"},"image":{"@id":"https:\/\/staging.safetysourcefire.ca\/product\/badger-purple-k-20lb-120-bc-fire-extinguisher\/#primaryimage"},"thumbnailUrl":"https:\/\/staging.safetysourcefire.ca\/wp-content\/uploads\/2017\/07\/24194.jpg","datePublished":"2017-07-07T20:32:35+00:00","dateModified":"2018-03-19T13:55:46+00:00","breadcrumb":{"@id":"https:\/\/staging.safetysourcefire.ca\/product\/badger-purple-k-20lb-120-bc-fire-extinguisher\/#breadcrumb"},"inLanguage":"fr-CA","potentialAction":[{"@type":"ReadAction","target":["https:\/\/staging.safetysourcefire.ca\/product\/badger-purple-k-20lb-120-bc-fire-extinguisher\/"]}]},{"@type":"ImageObject","inLanguage":"fr-CA","@id":"https:\/\/staging.safetysourcefire.ca\/product\/badger-purple-k-20lb-120-bc-fire-extinguisher\/#primaryimage","url":"https:\/\/staging.safetysourcefire.ca\/wp-content\/uploads\/2017\/07\/24194.jpg","contentUrl":"https:\/\/staging.safetysourcefire.ca\/wp-content\/uploads\/2017\/07\/24194.jpg","width":600,"height":600,"caption":"fire extinguisher"},{"@type":"BreadcrumbList","@id":"https:\/\/staging.safetysourcefire.ca\/product\/badger-purple-k-20lb-120-bc-fire-extinguisher\/#breadcrumb","itemListElement":[{"@type":"ListItem","position":1,"name":"Home","item":"https:\/\/staging.safetysourcefire.ca\/"},{"@type":"ListItem","position":2,"name":"Products","item":"https:\/\/staging.safetysourcefire.ca\/shop\/"},{"@type":"ListItem","position":3,"name":"Badger Purple K 20lb 120-B:C Fire Extinguisher\u00a0"}]},{"@type":"WebSite","@id":"https:\/\/staging.safetysourcefire.ca\/#website","url":"https:\/\/staging.safetysourcefire.ca\/","name":"Safety Source Fire","description":"","publisher":{"@id":"https:\/\/staging.safetysourcefire.ca\/#organization"},"potentialAction":[{"@type":"SearchAction","target":{"@type":"EntryPoint","urlTemplate":"https:\/\/staging.safetysourcefire.ca\/?s={search_term_string}"},"query-input":{"@type":"PropertyValueSpecification","valueRequired":true,"valueName":"search_term_string"}}],"inLanguage":"fr-CA"},{"@type":"Organization","@id":"https:\/\/staging.safetysourcefire.ca\/#organization","name":"Safety Source Fire","url":"https:\/\/staging.safetysourcefire.ca\/","logo":{"@type":"ImageObject","inLanguage":"fr-CA","@id":"https:\/\/staging.safetysourcefire.ca\/#\/schema\/logo\/image\/","url":"https:\/\/staging.safetysourcefire.ca\/wp-content\/uploads\/2021\/01\/SSF_logo_CC0000-3.png","contentUrl":"https:\/\/staging.safetysourcefire.ca\/wp-content\/uploads\/2021\/01\/SSF_logo_CC0000-3.png","width":1107,"height":365,"caption":"Safety Source Fire"},"image":{"@id":"https:\/\/staging.safetysourcefire.ca\/#\/schema\/logo\/image\/"},"sameAs":["https:\/\/www.facebook.com\/mmfssca","https:\/\/x.com\/mmfssca"]}]}},"_links":{"self":[{"href":"https:\/\/staging.safetysourcefire.ca\/fr_ca\/wp-json\/wp\/v2\/product\/4617","targetHints":{"allow":["GET"]}}],"collection":[{"href":"https:\/\/staging.safetysourcefire.ca\/fr_ca\/wp-json\/wp\/v2\/product"}],"about":[{"href":"https:\/\/staging.safetysourcefire.ca\/fr_ca\/wp-json\/wp\/v2\/types\/product"}],"wp:featuredmedia":[{"embeddable":true,"href":"https:\/\/staging.safetysourcefire.ca\/fr_ca\/wp-json\/wp\/v2\/media\/4587"}],"wp:attachment":[{"href":"https:\/\/staging.safetysourcefire.ca\/fr_ca\/wp-json\/wp\/v2\/media?parent=4617"}],"wp:term":[{"taxonomy":"product_brand","embeddable":true,"href":"https:\/\/staging.safetysourcefire.ca\/fr_ca\/wp-json\/wp\/v2\/product_brand?post=4617"},{"taxonomy":"product_cat","embeddable":true,"href":"https:\/\/staging.safetysourcefire.ca\/fr_ca\/wp-json\/wp\/v2\/product_cat?post=4617"},{"taxonomy":"product_tag","embeddable":true,"href":"https:\/\/staging.safetysourcefire.ca\/fr_ca\/wp-json\/wp\/v2\/product_tag?post=4617"}],"curies":[{"name":"wp","href":"https:\/\/api.w.org\/{rel}","templated":true}]}}