{"id":4495,"date":"2017-07-06T15:13:05","date_gmt":"2017-07-06T15:13:05","guid":{"rendered":"https:\/\/mmfss.ca\/?post_type=product&#038;p=4495"},"modified":"2023-09-12T13:48:45","modified_gmt":"2023-09-12T13:48:45","slug":"huebsch-front-load-washer","status":"publish","type":"product","link":"https:\/\/staging.safetysourcefire.ca\/fr_ca\/produit\/huebsch-front-load-washer\/","title":{"rendered":"Laveuse \u00e0 chargement frontal Huebsch\u00ae"},"content":{"rendered":"<p>De fa\u00e7on continue, Huebsch\u00ae d\u00e9veloppe et fabrique des \u00e9quipements de blanchisserie \u00e0 la fine pointe de la technologie, comme cette toute nouvelle laveuse \u00e0 chargement frontal. Ces machines offrent une plus grande capacit\u00e9 (20%) et elles sont plus puissantes que jamais. Nos ing\u00e9nieurs repoussent les limites en utilisant un processus de d\u00e9veloppement en 5 \u00e9tapes qui garantit des performances commerciales et une fiabilit\u00e9 maximale. Ces appareils sont innovateurs et vous offrent une efficacit\u00e9 ultime, tout en r\u00e9duisant les co\u00fbts d'op\u00e9rations. Une exp\u00e9rience de blanchisserie sans pareil.<\/p>\n<p><strong>SYST\u00c8ME DE D\u00c9TECTION D'\u00c9QUILIBRE <\/strong><\/p>\n<p>Une mise \u00e0 jour dans le syst\u00e8me de suspension \n combin\u00e9 avec de nouvelles technologies de d\u00e9tection permettent de redistribuer les charges tout en maintenant le temps de cycle de lavage, ce qui permet de r\u00e9duire les co\u00fbts d'utilisation, r\u00e9duire les temps d'attente et d'augmenter votre efficacit\u00e9.<\/p>\n<p><strong>440 G-FORCE<\/strong><\/p>\n<p>Une vitesse d'essorage accrue exerce une force de gravit\u00e9 \u00e9lev\u00e9e pour maximiser l'\u00e9limination de l'humidit\u00e9 et r\u00e9duire les temps de s\u00e9chage.<\/p>\n<p><strong>CAPACIT\u00c9 ACCRUE DE 20% <\/strong><\/p>\n<p>Une capacit\u00e9 accrue signifie des charges plus importantes tout en am\u00e9liorant l'efficacit\u00e9 li\u00e9e \u00e0 l'utilisation de l'eau et de l'\u00e9nergie.<\/p>\n<p><strong>PANNEAU DE COMMANDE INCLIN\u00c9 \u00c0 10 DEGR\u00c9S <\/strong><\/p>\n<p>Fournit une facilit\u00e9 d'utilisation pour une exp\u00e9rience optimale de l'utilisateur .<\/p>\n<p><strong>BARIL EN ACIER INOXYDABLE SUPER R\u00c9SISTANT <\/strong><\/p>\n<p>Pratiquement indestructible.<\/p>\n<p><strong>DURABILIT\u00c9 IN\u00c9GAL\u00c9E <\/strong><\/p>\n<p>Qualit\u00e9 de classe commerciale qui offrira un fonctionnement fiable et efficace brass\u00e9e apr\u00e8s brass\u00e9e. Construite avec des mat\u00e9riaux de qualit\u00e9 sup\u00e9rieure et test\u00e9e pour r\u00e9pondre aux exigences des environnements les plus difficiles, l'ensemble de la machine b\u00e9n\u00e9ficie de la garantie standard de trois ans de Huebsch.<\/p>\n<p>*Pi\u00e8ces seulement, main d'oeuvre non incluse. Merci de consulter le lien de garantie Huebsch pour plus de d\u00e9tails.<\/p>","protected":false},"excerpt":{"rendered":"<p>Comme \u00e0 son habitude, Huebsch\u00aevous propose un produit avant-gardiste.<\/p>","protected":false},"featured_media":4425,"template":"","meta":[],"product_brand":[246],"product_cat":[50,127],"product_tag":[284],"class_list":{"0":"post-4495","1":"product","2":"type-product","3":"status-publish","4":"has-post-thumbnail","6":"product_brand-east-coast-laundry","7":"product_cat-personal-protective-equipment","8":"product_cat-washers-dryers","9":"product_tag-east-coast-laundry","11":"first","12":"instock","13":"shipping-taxable","14":"product-type-simple"},"yoast_head":"<!-- This site is optimized with the Yoast SEO plugin v27.4 - https:\/\/yoast.com\/product\/yoast-seo-wordpress\/ -->\n<title>Huebsch\u00ae Front Load Washer - Safety Source Fire<\/title>\n<meta name=\"robots\" content=\"noindex, follow, max-snippet:-1, max-image-preview:large, max-video-preview:-1\" \/>\n<meta property=\"og:locale\" content=\"fr_CA\" \/>\n<meta property=\"og:type\" content=\"article\" \/>\n<meta property=\"og:title\" content=\"Huebsch\u00ae Front Load Washer - Safety Source Fire\" \/>\n<meta property=\"og:description\" content=\"Leading-edge. That\u2019s what Huebsch\u00ae stands for.\" \/>\n<meta property=\"og:url\" content=\"https:\/\/staging.safetysourcefire.ca\/fr_ca\/produit\/huebsch-front-load-washer\/\" \/>\n<meta property=\"og:site_name\" content=\"Safety Source Fire\" \/>\n<meta property=\"article:publisher\" content=\"https:\/\/www.facebook.com\/mmfssca\" \/>\n<meta property=\"article:modified_time\" content=\"2023-09-12T13:48:45+00:00\" \/>\n<meta property=\"og:image\" content=\"https:\/\/staging.safetysourcefire.ca\/wp-content\/uploads\/2017\/07\/huebsch-front-load.jpg\" \/>\n\t<meta property=\"og:image:width\" content=\"600\" \/>\n\t<meta property=\"og:image:height\" content=\"600\" \/>\n\t<meta property=\"og:image:type\" content=\"image\/jpeg\" \/>\n<meta name=\"twitter:card\" content=\"summary_large_image\" \/>\n<meta name=\"twitter:site\" content=\"@mmfssca\" \/>\n<meta name=\"twitter:label1\" content=\"Estimation du temps de lecture\" \/>\n\t<meta name=\"twitter:data1\" content=\"2 minutes\" \/>\n<script type=\"application\/ld+json\" class=\"yoast-schema-graph\">{\"@context\":\"https:\\\/\\\/schema.org\",\"@graph\":[{\"@type\":\"WebPage\",\"@id\":\"https:\\\/\\\/staging.safetysourcefire.ca\\\/product\\\/huebsch-front-load-washer\\\/\",\"url\":\"https:\\\/\\\/staging.safetysourcefire.ca\\\/product\\\/huebsch-front-load-washer\\\/\",\"name\":\"Huebsch\u00ae Front Load Washer - Safety Source Fire\",\"isPartOf\":{\"@id\":\"https:\\\/\\\/staging.safetysourcefire.ca\\\/#website\"},\"primaryImageOfPage\":{\"@id\":\"https:\\\/\\\/staging.safetysourcefire.ca\\\/product\\\/huebsch-front-load-washer\\\/#primaryimage\"},\"image\":{\"@id\":\"https:\\\/\\\/staging.safetysourcefire.ca\\\/product\\\/huebsch-front-load-washer\\\/#primaryimage\"},\"thumbnailUrl\":\"https:\\\/\\\/staging.safetysourcefire.ca\\\/wp-content\\\/uploads\\\/2017\\\/07\\\/huebsch-front-load.jpg\",\"datePublished\":\"2017-07-06T15:13:05+00:00\",\"dateModified\":\"2023-09-12T13:48:45+00:00\",\"breadcrumb\":{\"@id\":\"https:\\\/\\\/staging.safetysourcefire.ca\\\/product\\\/huebsch-front-load-washer\\\/#breadcrumb\"},\"inLanguage\":\"fr-CA\",\"potentialAction\":[{\"@type\":\"ReadAction\",\"target\":[\"https:\\\/\\\/staging.safetysourcefire.ca\\\/product\\\/huebsch-front-load-washer\\\/\"]}]},{\"@type\":\"ImageObject\",\"inLanguage\":\"fr-CA\",\"@id\":\"https:\\\/\\\/staging.safetysourcefire.ca\\\/product\\\/huebsch-front-load-washer\\\/#primaryimage\",\"url\":\"https:\\\/\\\/staging.safetysourcefire.ca\\\/wp-content\\\/uploads\\\/2017\\\/07\\\/huebsch-front-load.jpg\",\"contentUrl\":\"https:\\\/\\\/staging.safetysourcefire.ca\\\/wp-content\\\/uploads\\\/2017\\\/07\\\/huebsch-front-load.jpg\",\"width\":600,\"height\":600,\"caption\":\"front load washer\"},{\"@type\":\"BreadcrumbList\",\"@id\":\"https:\\\/\\\/staging.safetysourcefire.ca\\\/product\\\/huebsch-front-load-washer\\\/#breadcrumb\",\"itemListElement\":[{\"@type\":\"ListItem\",\"position\":1,\"name\":\"Home\",\"item\":\"https:\\\/\\\/staging.safetysourcefire.ca\\\/\"},{\"@type\":\"ListItem\",\"position\":2,\"name\":\"Products\",\"item\":\"https:\\\/\\\/staging.safetysourcefire.ca\\\/shop\\\/\"},{\"@type\":\"ListItem\",\"position\":3,\"name\":\"Huebsch\u00ae Front Load Washer\"}]},{\"@type\":\"WebSite\",\"@id\":\"https:\\\/\\\/staging.safetysourcefire.ca\\\/#website\",\"url\":\"https:\\\/\\\/staging.safetysourcefire.ca\\\/\",\"name\":\"Safety Source Fire\",\"description\":\"\",\"publisher\":{\"@id\":\"https:\\\/\\\/staging.safetysourcefire.ca\\\/#organization\"},\"potentialAction\":[{\"@type\":\"SearchAction\",\"target\":{\"@type\":\"EntryPoint\",\"urlTemplate\":\"https:\\\/\\\/staging.safetysourcefire.ca\\\/?s={search_term_string}\"},\"query-input\":{\"@type\":\"PropertyValueSpecification\",\"valueRequired\":true,\"valueName\":\"search_term_string\"}}],\"inLanguage\":\"fr-CA\"},{\"@type\":\"Organization\",\"@id\":\"https:\\\/\\\/staging.safetysourcefire.ca\\\/#organization\",\"name\":\"Safety Source Fire\",\"url\":\"https:\\\/\\\/staging.safetysourcefire.ca\\\/\",\"logo\":{\"@type\":\"ImageObject\",\"inLanguage\":\"fr-CA\",\"@id\":\"https:\\\/\\\/staging.safetysourcefire.ca\\\/#\\\/schema\\\/logo\\\/image\\\/\",\"url\":\"https:\\\/\\\/staging.safetysourcefire.ca\\\/wp-content\\\/uploads\\\/2021\\\/01\\\/SSF_logo_CC0000-3.png\",\"contentUrl\":\"https:\\\/\\\/staging.safetysourcefire.ca\\\/wp-content\\\/uploads\\\/2021\\\/01\\\/SSF_logo_CC0000-3.png\",\"width\":1107,\"height\":365,\"caption\":\"Safety Source Fire\"},\"image\":{\"@id\":\"https:\\\/\\\/staging.safetysourcefire.ca\\\/#\\\/schema\\\/logo\\\/image\\\/\"},\"sameAs\":[\"https:\\\/\\\/www.facebook.com\\\/mmfssca\",\"https:\\\/\\\/x.com\\\/mmfssca\"]}]}<\/script>\n<!-- \/ Yoast SEO plugin. -->","yoast_head_json":{"title":"Laveuse \u00e0 chargement frontal Huebsch\u00ae - S\u00e9curit\u00e9 incendie","robots":{"index":"noindex","follow":"follow","max-snippet":"max-snippet:-1","max-image-preview":"max-image-preview:large","max-video-preview":"max-video-preview:-1"},"og_locale":"fr_CA","og_type":"article","og_title":"Huebsch\u00ae Front Load Washer - Safety Source Fire","og_description":"Leading-edge. That\u2019s what Huebsch\u00ae stands for.","og_url":"https:\/\/staging.safetysourcefire.ca\/fr_ca\/produit\/huebsch-front-load-washer\/","og_site_name":"Safety Source Fire","article_publisher":"https:\/\/www.facebook.com\/mmfssca","article_modified_time":"2023-09-12T13:48:45+00:00","og_image":[{"width":600,"height":600,"url":"https:\/\/staging.safetysourcefire.ca\/wp-content\/uploads\/2017\/07\/huebsch-front-load.jpg","type":"image\/jpeg"}],"twitter_card":"summary_large_image","twitter_site":"@mmfssca","twitter_misc":{"Estimation du temps de lecture":"2 minutes"},"schema":{"@context":"https:\/\/schema.org","@graph":[{"@type":"WebPage","@id":"https:\/\/staging.safetysourcefire.ca\/product\/huebsch-front-load-washer\/","url":"https:\/\/staging.safetysourcefire.ca\/product\/huebsch-front-load-washer\/","name":"Laveuse \u00e0 chargement frontal Huebsch\u00ae - S\u00e9curit\u00e9 incendie","isPartOf":{"@id":"https:\/\/staging.safetysourcefire.ca\/#website"},"primaryImageOfPage":{"@id":"https:\/\/staging.safetysourcefire.ca\/product\/huebsch-front-load-washer\/#primaryimage"},"image":{"@id":"https:\/\/staging.safetysourcefire.ca\/product\/huebsch-front-load-washer\/#primaryimage"},"thumbnailUrl":"https:\/\/staging.safetysourcefire.ca\/wp-content\/uploads\/2017\/07\/huebsch-front-load.jpg","datePublished":"2017-07-06T15:13:05+00:00","dateModified":"2023-09-12T13:48:45+00:00","breadcrumb":{"@id":"https:\/\/staging.safetysourcefire.ca\/product\/huebsch-front-load-washer\/#breadcrumb"},"inLanguage":"fr-CA","potentialAction":[{"@type":"ReadAction","target":["https:\/\/staging.safetysourcefire.ca\/product\/huebsch-front-load-washer\/"]}]},{"@type":"ImageObject","inLanguage":"fr-CA","@id":"https:\/\/staging.safetysourcefire.ca\/product\/huebsch-front-load-washer\/#primaryimage","url":"https:\/\/staging.safetysourcefire.ca\/wp-content\/uploads\/2017\/07\/huebsch-front-load.jpg","contentUrl":"https:\/\/staging.safetysourcefire.ca\/wp-content\/uploads\/2017\/07\/huebsch-front-load.jpg","width":600,"height":600,"caption":"front load washer"},{"@type":"BreadcrumbList","@id":"https:\/\/staging.safetysourcefire.ca\/product\/huebsch-front-load-washer\/#breadcrumb","itemListElement":[{"@type":"ListItem","position":1,"name":"Home","item":"https:\/\/staging.safetysourcefire.ca\/"},{"@type":"ListItem","position":2,"name":"Products","item":"https:\/\/staging.safetysourcefire.ca\/shop\/"},{"@type":"ListItem","position":3,"name":"Huebsch\u00ae Front Load Washer"}]},{"@type":"WebSite","@id":"https:\/\/staging.safetysourcefire.ca\/#website","url":"https:\/\/staging.safetysourcefire.ca\/","name":"Safety Source Fire","description":"","publisher":{"@id":"https:\/\/staging.safetysourcefire.ca\/#organization"},"potentialAction":[{"@type":"SearchAction","target":{"@type":"EntryPoint","urlTemplate":"https:\/\/staging.safetysourcefire.ca\/?s={search_term_string}"},"query-input":{"@type":"PropertyValueSpecification","valueRequired":true,"valueName":"search_term_string"}}],"inLanguage":"fr-CA"},{"@type":"Organization","@id":"https:\/\/staging.safetysourcefire.ca\/#organization","name":"Safety Source Fire","url":"https:\/\/staging.safetysourcefire.ca\/","logo":{"@type":"ImageObject","inLanguage":"fr-CA","@id":"https:\/\/staging.safetysourcefire.ca\/#\/schema\/logo\/image\/","url":"https:\/\/staging.safetysourcefire.ca\/wp-content\/uploads\/2021\/01\/SSF_logo_CC0000-3.png","contentUrl":"https:\/\/staging.safetysourcefire.ca\/wp-content\/uploads\/2021\/01\/SSF_logo_CC0000-3.png","width":1107,"height":365,"caption":"Safety Source Fire"},"image":{"@id":"https:\/\/staging.safetysourcefire.ca\/#\/schema\/logo\/image\/"},"sameAs":["https:\/\/www.facebook.com\/mmfssca","https:\/\/x.com\/mmfssca"]}]}},"_links":{"self":[{"href":"https:\/\/staging.safetysourcefire.ca\/fr_ca\/wp-json\/wp\/v2\/product\/4495","targetHints":{"allow":["GET"]}}],"collection":[{"href":"https:\/\/staging.safetysourcefire.ca\/fr_ca\/wp-json\/wp\/v2\/product"}],"about":[{"href":"https:\/\/staging.safetysourcefire.ca\/fr_ca\/wp-json\/wp\/v2\/types\/product"}],"wp:featuredmedia":[{"embeddable":true,"href":"https:\/\/staging.safetysourcefire.ca\/fr_ca\/wp-json\/wp\/v2\/media\/4425"}],"wp:attachment":[{"href":"https:\/\/staging.safetysourcefire.ca\/fr_ca\/wp-json\/wp\/v2\/media?parent=4495"}],"wp:term":[{"taxonomy":"product_brand","embeddable":true,"href":"https:\/\/staging.safetysourcefire.ca\/fr_ca\/wp-json\/wp\/v2\/product_brand?post=4495"},{"taxonomy":"product_cat","embeddable":true,"href":"https:\/\/staging.safetysourcefire.ca\/fr_ca\/wp-json\/wp\/v2\/product_cat?post=4495"},{"taxonomy":"product_tag","embeddable":true,"href":"https:\/\/staging.safetysourcefire.ca\/fr_ca\/wp-json\/wp\/v2\/product_tag?post=4495"}],"curies":[{"name":"wp","href":"https:\/\/api.w.org\/{rel}","templated":true}]}}