{"id":4494,"date":"2018-08-27T08:00:01","date_gmt":"2018-08-27T08:00:01","guid":{"rendered":"https:\/\/mmfss.ca\/?post_type=product&#038;p=4494"},"modified":"2021-04-09T15:58:40","modified_gmt":"2021-04-09T15:58:40","slug":"gear-guardian-drying-cabinet","status":"publish","type":"product","link":"https:\/\/staging.safetysourcefire.ca\/fr_ca\/produit\/gear-guardian-drying-cabinet\/","title":{"rendered":"Armoire de s\u00e9chage Gear Guardian"},"content":{"rendered":"<p>L'armoire de s\u00e9chage Gear Guardian a \u00e9t\u00e9 sp\u00e9cialement con\u00e7ue pour s\u00e9cher efficacement les pr\u00e9cieux \u00e9quipements de lutte contre les incendies tout en assurant la s\u00e9curit\u00e9 des items.<\/p>\n<p><strong><em>Capacit\u00e9 sup\u00e9rieure<\/em><\/strong><\/p>\n<p>Par sa grande capacit\u00e9, l'armoire FC-6 contient six supports suspendus pour vestes et bavoirs ainsi que six supports \u00e0 bottes et \u00e0 gants. Le FC-3 contient trois supports suspendus et 3 supports \u00e0 bottes et gants. Les \u00e9l\u00e9ments plats peuvent \u00e9galement \u00eatre s\u00e9ch\u00e9s sur le support \u00e0 \u00e9tag\u00e8res r\u00e9glable (en option). D\u00e9bit d'air \u00e9lev\u00e9 de 1200 cfm.<\/p>\n<p><strong><em>Qualit\u00e9 et durabilit\u00e9<\/em><\/strong><\/p>\n<p>Cette construction en acier inoxydable offre le plus haut niveau de r\u00e9sistance \u00e0 la corrosion de l'industrie. Le m\u00e9canisme de verrouillage \u00e0 trois points se trouvant sur la porte cr\u00e9e un joint solide et efficace. De plus, la construction solide du produit lui assure une longue dur\u00e9e de vie, malgr\u00e9 une utilisation quotidienne.<\/p>\n<p><strong><em>Maintenance simplifi\u00e9e<\/em><\/strong><\/p>\n<p>Pour simplifier l'entretien et vous faire \u00e9conomiser de l'argent, l'armoire comprend des commandes manuelles, des \u00e9l\u00e9ments chauffants \u00e9lectriques (8 ou 12 kw) et des ventilateurs que vous pouvez utilisez s\u00e9par\u00e9ment.<\/p>\n<p><strong><em>Flux d&#039;air dirig\u00e9 et contr\u00f4l\u00e9<\/em><\/strong><\/p>\n<p>Les tubes d'insertion d'air permettent au flux d'air chauff\u00e9 de p\u00e9n\u00e9trer dans les vestes et les bavoirs suspendus, offrant des performances de s\u00e9chage sup\u00e9rieures. Un porte-bottes (en option) peut \u00eatre ins\u00e9r\u00e9 dans la jambe pour augmenter le flux d'air dirig\u00e9 dans l'\u00e9quipement et acc\u00e9l\u00e9rer le temps de s\u00e9chage.<\/p>\n<p><strong><em>Conformit\u00e9 de la temp\u00e9rature <\/em><\/strong>Les \u00e9l\u00e9ments chauffants sont coupl\u00e9s \u00e0 une sonde de temp\u00e9rature et \u00e0 un interrupteur de s\u00e9curit\u00e9 \u00e0 haute limite pour garantir que les temp\u00e9ratures internes ne d\u00e9passeront pas 105\u02daF, tel que sp\u00e9cifi\u00e9 dans le code NFPA 1851.<\/p>\n<p><strong><em>\u00c9conomie in\u00e9gal\u00e9e <\/em><\/strong><\/p>\n<p>Utilisant un flux d'air dirig\u00e9 au lieu d'une action m\u00e9canique, cette armoire de s\u00e9chage efficace est un excellent ajout \u00e0 toute caserne de pompiers. Avec une capacit\u00e9 pour trois ou six ensembles complets et un cycle d'environ 60 minutes, cette s\u00e9cheuse vous fera gagner un temps pr\u00e9cieux.<\/p>","protected":false},"excerpt":{"rendered":"<p>Sp\u00e9cifiquement con\u00e7ue pour l'\u00e9quipement des pompiers.<\/p>","protected":false},"featured_media":4422,"template":"","meta":[],"product_brand":[246],"product_cat":[50,127],"product_tag":[284],"class_list":{"0":"post-4494","1":"product","2":"type-product","3":"status-publish","4":"has-post-thumbnail","6":"product_brand-east-coast-laundry","7":"product_cat-personal-protective-equipment","8":"product_cat-washers-dryers","9":"product_tag-east-coast-laundry","11":"first","12":"instock","13":"shipping-taxable","14":"product-type-simple"},"yoast_head":"<!-- This site is optimized with the Yoast SEO plugin v27.4 - https:\/\/yoast.com\/product\/yoast-seo-wordpress\/ -->\n<title>Gear Guardian Drying Cabinet - Safety Source Fire<\/title>\n<meta name=\"robots\" content=\"noindex, follow, max-snippet:-1, max-image-preview:large, max-video-preview:-1\" \/>\n<meta property=\"og:locale\" content=\"fr_CA\" \/>\n<meta property=\"og:type\" content=\"article\" \/>\n<meta property=\"og:title\" content=\"Gear Guardian Drying Cabinet - Safety Source Fire\" \/>\n<meta property=\"og:description\" content=\"Created Specifically for Firefighter Gear\" \/>\n<meta property=\"og:url\" content=\"https:\/\/staging.safetysourcefire.ca\/fr_ca\/produit\/gear-guardian-drying-cabinet\/\" \/>\n<meta property=\"og:site_name\" content=\"Safety Source Fire\" \/>\n<meta property=\"article:publisher\" content=\"https:\/\/www.facebook.com\/mmfssca\" \/>\n<meta property=\"article:modified_time\" content=\"2021-04-09T15:58:40+00:00\" \/>\n<meta property=\"og:image\" content=\"https:\/\/staging.safetysourcefire.ca\/wp-content\/uploads\/2017\/07\/Gear-guardian-Drying-Cabinet.jpg\" \/>\n\t<meta property=\"og:image:width\" content=\"600\" \/>\n\t<meta property=\"og:image:height\" content=\"600\" \/>\n\t<meta property=\"og:image:type\" content=\"image\/jpeg\" \/>\n<meta name=\"twitter:card\" content=\"summary_large_image\" \/>\n<meta name=\"twitter:site\" content=\"@mmfssca\" \/>\n<meta name=\"twitter:label1\" content=\"Estimation du temps de lecture\" \/>\n\t<meta name=\"twitter:data1\" content=\"1 minute\" \/>\n<script type=\"application\/ld+json\" class=\"yoast-schema-graph\">{\"@context\":\"https:\\\/\\\/schema.org\",\"@graph\":[{\"@type\":\"WebPage\",\"@id\":\"https:\\\/\\\/staging.safetysourcefire.ca\\\/product\\\/gear-guardian-drying-cabinet\\\/\",\"url\":\"https:\\\/\\\/staging.safetysourcefire.ca\\\/product\\\/gear-guardian-drying-cabinet\\\/\",\"name\":\"Gear Guardian Drying Cabinet - Safety Source Fire\",\"isPartOf\":{\"@id\":\"https:\\\/\\\/staging.safetysourcefire.ca\\\/#website\"},\"primaryImageOfPage\":{\"@id\":\"https:\\\/\\\/staging.safetysourcefire.ca\\\/product\\\/gear-guardian-drying-cabinet\\\/#primaryimage\"},\"image\":{\"@id\":\"https:\\\/\\\/staging.safetysourcefire.ca\\\/product\\\/gear-guardian-drying-cabinet\\\/#primaryimage\"},\"thumbnailUrl\":\"https:\\\/\\\/staging.safetysourcefire.ca\\\/wp-content\\\/uploads\\\/2017\\\/07\\\/Gear-guardian-Drying-Cabinet.jpg\",\"datePublished\":\"2018-08-27T08:00:01+00:00\",\"dateModified\":\"2021-04-09T15:58:40+00:00\",\"breadcrumb\":{\"@id\":\"https:\\\/\\\/staging.safetysourcefire.ca\\\/product\\\/gear-guardian-drying-cabinet\\\/#breadcrumb\"},\"inLanguage\":\"fr-CA\",\"potentialAction\":[{\"@type\":\"ReadAction\",\"target\":[\"https:\\\/\\\/staging.safetysourcefire.ca\\\/product\\\/gear-guardian-drying-cabinet\\\/\"]}]},{\"@type\":\"ImageObject\",\"inLanguage\":\"fr-CA\",\"@id\":\"https:\\\/\\\/staging.safetysourcefire.ca\\\/product\\\/gear-guardian-drying-cabinet\\\/#primaryimage\",\"url\":\"https:\\\/\\\/staging.safetysourcefire.ca\\\/wp-content\\\/uploads\\\/2017\\\/07\\\/Gear-guardian-Drying-Cabinet.jpg\",\"contentUrl\":\"https:\\\/\\\/staging.safetysourcefire.ca\\\/wp-content\\\/uploads\\\/2017\\\/07\\\/Gear-guardian-Drying-Cabinet.jpg\",\"width\":600,\"height\":600,\"caption\":\"drying cabinet\"},{\"@type\":\"BreadcrumbList\",\"@id\":\"https:\\\/\\\/staging.safetysourcefire.ca\\\/product\\\/gear-guardian-drying-cabinet\\\/#breadcrumb\",\"itemListElement\":[{\"@type\":\"ListItem\",\"position\":1,\"name\":\"Home\",\"item\":\"https:\\\/\\\/staging.safetysourcefire.ca\\\/\"},{\"@type\":\"ListItem\",\"position\":2,\"name\":\"Products\",\"item\":\"https:\\\/\\\/staging.safetysourcefire.ca\\\/shop\\\/\"},{\"@type\":\"ListItem\",\"position\":3,\"name\":\"Gear Guardian Drying Cabinet\"}]},{\"@type\":\"WebSite\",\"@id\":\"https:\\\/\\\/staging.safetysourcefire.ca\\\/#website\",\"url\":\"https:\\\/\\\/staging.safetysourcefire.ca\\\/\",\"name\":\"Safety Source Fire\",\"description\":\"\",\"publisher\":{\"@id\":\"https:\\\/\\\/staging.safetysourcefire.ca\\\/#organization\"},\"potentialAction\":[{\"@type\":\"SearchAction\",\"target\":{\"@type\":\"EntryPoint\",\"urlTemplate\":\"https:\\\/\\\/staging.safetysourcefire.ca\\\/?s={search_term_string}\"},\"query-input\":{\"@type\":\"PropertyValueSpecification\",\"valueRequired\":true,\"valueName\":\"search_term_string\"}}],\"inLanguage\":\"fr-CA\"},{\"@type\":\"Organization\",\"@id\":\"https:\\\/\\\/staging.safetysourcefire.ca\\\/#organization\",\"name\":\"Safety Source Fire\",\"url\":\"https:\\\/\\\/staging.safetysourcefire.ca\\\/\",\"logo\":{\"@type\":\"ImageObject\",\"inLanguage\":\"fr-CA\",\"@id\":\"https:\\\/\\\/staging.safetysourcefire.ca\\\/#\\\/schema\\\/logo\\\/image\\\/\",\"url\":\"https:\\\/\\\/staging.safetysourcefire.ca\\\/wp-content\\\/uploads\\\/2021\\\/01\\\/SSF_logo_CC0000-3.png\",\"contentUrl\":\"https:\\\/\\\/staging.safetysourcefire.ca\\\/wp-content\\\/uploads\\\/2021\\\/01\\\/SSF_logo_CC0000-3.png\",\"width\":1107,\"height\":365,\"caption\":\"Safety Source Fire\"},\"image\":{\"@id\":\"https:\\\/\\\/staging.safetysourcefire.ca\\\/#\\\/schema\\\/logo\\\/image\\\/\"},\"sameAs\":[\"https:\\\/\\\/www.facebook.com\\\/mmfssca\",\"https:\\\/\\\/x.com\\\/mmfssca\"]}]}<\/script>\n<!-- \/ Yoast SEO plugin. -->","yoast_head_json":{"title":"Armoire de s\u00e9chage Gear Guardian - S\u00e9curit\u00e9 incendie","robots":{"index":"noindex","follow":"follow","max-snippet":"max-snippet:-1","max-image-preview":"max-image-preview:large","max-video-preview":"max-video-preview:-1"},"og_locale":"fr_CA","og_type":"article","og_title":"Gear Guardian Drying Cabinet - Safety Source Fire","og_description":"Created Specifically for Firefighter Gear","og_url":"https:\/\/staging.safetysourcefire.ca\/fr_ca\/produit\/gear-guardian-drying-cabinet\/","og_site_name":"Safety Source Fire","article_publisher":"https:\/\/www.facebook.com\/mmfssca","article_modified_time":"2021-04-09T15:58:40+00:00","og_image":[{"width":600,"height":600,"url":"https:\/\/staging.safetysourcefire.ca\/wp-content\/uploads\/2017\/07\/Gear-guardian-Drying-Cabinet.jpg","type":"image\/jpeg"}],"twitter_card":"summary_large_image","twitter_site":"@mmfssca","twitter_misc":{"Estimation du temps de lecture":"1 minute"},"schema":{"@context":"https:\/\/schema.org","@graph":[{"@type":"WebPage","@id":"https:\/\/staging.safetysourcefire.ca\/product\/gear-guardian-drying-cabinet\/","url":"https:\/\/staging.safetysourcefire.ca\/product\/gear-guardian-drying-cabinet\/","name":"Armoire de s\u00e9chage Gear Guardian - S\u00e9curit\u00e9 incendie","isPartOf":{"@id":"https:\/\/staging.safetysourcefire.ca\/#website"},"primaryImageOfPage":{"@id":"https:\/\/staging.safetysourcefire.ca\/product\/gear-guardian-drying-cabinet\/#primaryimage"},"image":{"@id":"https:\/\/staging.safetysourcefire.ca\/product\/gear-guardian-drying-cabinet\/#primaryimage"},"thumbnailUrl":"https:\/\/staging.safetysourcefire.ca\/wp-content\/uploads\/2017\/07\/Gear-guardian-Drying-Cabinet.jpg","datePublished":"2018-08-27T08:00:01+00:00","dateModified":"2021-04-09T15:58:40+00:00","breadcrumb":{"@id":"https:\/\/staging.safetysourcefire.ca\/product\/gear-guardian-drying-cabinet\/#breadcrumb"},"inLanguage":"fr-CA","potentialAction":[{"@type":"ReadAction","target":["https:\/\/staging.safetysourcefire.ca\/product\/gear-guardian-drying-cabinet\/"]}]},{"@type":"ImageObject","inLanguage":"fr-CA","@id":"https:\/\/staging.safetysourcefire.ca\/product\/gear-guardian-drying-cabinet\/#primaryimage","url":"https:\/\/staging.safetysourcefire.ca\/wp-content\/uploads\/2017\/07\/Gear-guardian-Drying-Cabinet.jpg","contentUrl":"https:\/\/staging.safetysourcefire.ca\/wp-content\/uploads\/2017\/07\/Gear-guardian-Drying-Cabinet.jpg","width":600,"height":600,"caption":"drying cabinet"},{"@type":"BreadcrumbList","@id":"https:\/\/staging.safetysourcefire.ca\/product\/gear-guardian-drying-cabinet\/#breadcrumb","itemListElement":[{"@type":"ListItem","position":1,"name":"Home","item":"https:\/\/staging.safetysourcefire.ca\/"},{"@type":"ListItem","position":2,"name":"Products","item":"https:\/\/staging.safetysourcefire.ca\/shop\/"},{"@type":"ListItem","position":3,"name":"Gear Guardian Drying Cabinet"}]},{"@type":"WebSite","@id":"https:\/\/staging.safetysourcefire.ca\/#website","url":"https:\/\/staging.safetysourcefire.ca\/","name":"Safety Source Fire","description":"","publisher":{"@id":"https:\/\/staging.safetysourcefire.ca\/#organization"},"potentialAction":[{"@type":"SearchAction","target":{"@type":"EntryPoint","urlTemplate":"https:\/\/staging.safetysourcefire.ca\/?s={search_term_string}"},"query-input":{"@type":"PropertyValueSpecification","valueRequired":true,"valueName":"search_term_string"}}],"inLanguage":"fr-CA"},{"@type":"Organization","@id":"https:\/\/staging.safetysourcefire.ca\/#organization","name":"Safety Source Fire","url":"https:\/\/staging.safetysourcefire.ca\/","logo":{"@type":"ImageObject","inLanguage":"fr-CA","@id":"https:\/\/staging.safetysourcefire.ca\/#\/schema\/logo\/image\/","url":"https:\/\/staging.safetysourcefire.ca\/wp-content\/uploads\/2021\/01\/SSF_logo_CC0000-3.png","contentUrl":"https:\/\/staging.safetysourcefire.ca\/wp-content\/uploads\/2021\/01\/SSF_logo_CC0000-3.png","width":1107,"height":365,"caption":"Safety Source Fire"},"image":{"@id":"https:\/\/staging.safetysourcefire.ca\/#\/schema\/logo\/image\/"},"sameAs":["https:\/\/www.facebook.com\/mmfssca","https:\/\/x.com\/mmfssca"]}]}},"_links":{"self":[{"href":"https:\/\/staging.safetysourcefire.ca\/fr_ca\/wp-json\/wp\/v2\/product\/4494","targetHints":{"allow":["GET"]}}],"collection":[{"href":"https:\/\/staging.safetysourcefire.ca\/fr_ca\/wp-json\/wp\/v2\/product"}],"about":[{"href":"https:\/\/staging.safetysourcefire.ca\/fr_ca\/wp-json\/wp\/v2\/types\/product"}],"wp:featuredmedia":[{"embeddable":true,"href":"https:\/\/staging.safetysourcefire.ca\/fr_ca\/wp-json\/wp\/v2\/media\/4422"}],"wp:attachment":[{"href":"https:\/\/staging.safetysourcefire.ca\/fr_ca\/wp-json\/wp\/v2\/media?parent=4494"}],"wp:term":[{"taxonomy":"product_brand","embeddable":true,"href":"https:\/\/staging.safetysourcefire.ca\/fr_ca\/wp-json\/wp\/v2\/product_brand?post=4494"},{"taxonomy":"product_cat","embeddable":true,"href":"https:\/\/staging.safetysourcefire.ca\/fr_ca\/wp-json\/wp\/v2\/product_cat?post=4494"},{"taxonomy":"product_tag","embeddable":true,"href":"https:\/\/staging.safetysourcefire.ca\/fr_ca\/wp-json\/wp\/v2\/product_tag?post=4494"}],"curies":[{"name":"wp","href":"https:\/\/api.w.org\/{rel}","templated":true}]}}