{"id":4493,"date":"2017-07-06T15:10:35","date_gmt":"2017-07-06T15:10:35","guid":{"rendered":"https:\/\/mmfss.ca\/?post_type=product&#038;p=4493"},"modified":"2018-03-19T13:15:25","modified_gmt":"2018-03-19T13:15:25","slug":"fire-gear-cabinet","status":"publish","type":"product","link":"https:\/\/staging.safetysourcefire.ca\/fr_ca\/produit\/fire-gear-cabinet\/","title":{"rendered":"Armoire pour \u00e9quipement d'incendie"},"content":{"rendered":"<p>M\u00e9ticuleusement con\u00e7ues pour se conformer \u00e0 toutes les r\u00e9glementations NFPA 1851, ces armoires vous proposent un processus de s\u00e9chage extr\u00eamement efficace. Avec un temps de s\u00e9chage entre une heure et demie et trois heures, votre \u00e9quipement sera pr\u00eat \u00e0 l'action d\u00e8s que l'alarme sonnera.<\/p>\n<p><strong>\u00a0<\/strong><\/p>\n<p><strong>CARACT\u00c9RISTIQUES PRINCIPALES:<\/strong><\/p>\n<ul>\n<li>Conformes \u00e0 toutes les r\u00e9glementations NFPA 1851.<\/li>\n<li>Fournit une alternative s\u00fbre aux s\u00e9choirs commerciaux, maintenant l&#039;int\u00e9grit\u00e9 protectrice de votre \u00e9quipement.<\/li>\n<li>Processus avanc\u00e9 de circulation d'air qui envoie de l'air chauff\u00e9 autour et \u00e0 l'int\u00e9rieur de l'\u00e9quipement, pour un s\u00e9chage complet et efficace.<\/li>\n<li>S\u00e9chage rapide remettant l'\u00e9quipement en service en seulement 1,5 \u00e0 3 heures.<\/li>\n<li>Contr\u00f4le par microprocesseur offrant 5 cycles pr\u00e9r\u00e9gl\u00e9s. Facile \u00e0 utiliser.<\/li>\n<li>Pr\u00e9r\u00e9glages programmables pour r\u00e9pondre aux besoins sp\u00e9cifiques de votre service.<\/li>\n<li>Grande capacit\u00e9 permettant de s\u00e9cher 6 ensembles complets d'\u00e9quipement EPI (veste de pompiers, pantalons et doublures) et jusqu'\u00e0 15 bottes ou gants \u00e0 la fois. Supports disponibles pour s\u00e9cher des articles suppl\u00e9mentaires tels que les tuyaux (en option).<\/li>\n<li>Construction durable offrant des performances de s\u00e9chage de qualit\u00e9 sup\u00e9rieure.<\/li>\n<\/ul>","protected":false},"excerpt":{"rendered":"<p>Les armoires Huebsch\u00ae offrent tout ce que les casernes de pompiers recherchent dans un syst\u00e8me EPI.<\/p>","protected":false},"featured_media":4424,"template":"","meta":[],"product_brand":[246],"product_cat":[50,127],"product_tag":[284],"class_list":{"0":"post-4493","1":"product","2":"type-product","3":"status-publish","4":"has-post-thumbnail","6":"product_brand-east-coast-laundry","7":"product_cat-personal-protective-equipment","8":"product_cat-washers-dryers","9":"product_tag-east-coast-laundry","11":"first","12":"instock","13":"shipping-taxable","14":"product-type-simple"},"yoast_head":"<!-- This site is optimized with the Yoast SEO plugin v27.4 - https:\/\/yoast.com\/product\/yoast-seo-wordpress\/ -->\n<title>Fire Gear Cabinet - Safety Source Fire<\/title>\n<meta name=\"robots\" content=\"noindex, follow, max-snippet:-1, max-image-preview:large, max-video-preview:-1\" \/>\n<meta property=\"og:locale\" content=\"fr_CA\" \/>\n<meta property=\"og:type\" content=\"article\" \/>\n<meta property=\"og:title\" content=\"Fire Gear Cabinet - Safety Source Fire\" \/>\n<meta property=\"og:description\" content=\"Huebsch\u00ae Fire Gear Cabinets deliver everything firehouses look for in a PPE system.\" \/>\n<meta property=\"og:url\" content=\"https:\/\/staging.safetysourcefire.ca\/fr_ca\/produit\/fire-gear-cabinet\/\" \/>\n<meta property=\"og:site_name\" content=\"Safety Source Fire\" \/>\n<meta property=\"article:publisher\" content=\"https:\/\/www.facebook.com\/mmfssca\" \/>\n<meta property=\"article:modified_time\" content=\"2018-03-19T13:15:25+00:00\" \/>\n<meta property=\"og:image\" content=\"https:\/\/staging.safetysourcefire.ca\/wp-content\/uploads\/2017\/07\/huebsch-drying-cabinet.jpg\" \/>\n\t<meta property=\"og:image:width\" content=\"600\" \/>\n\t<meta property=\"og:image:height\" content=\"600\" \/>\n\t<meta property=\"og:image:type\" content=\"image\/jpeg\" \/>\n<meta name=\"twitter:card\" content=\"summary_large_image\" \/>\n<meta name=\"twitter:site\" content=\"@mmfssca\" \/>\n<meta name=\"twitter:label1\" content=\"Estimation du temps de lecture\" \/>\n\t<meta name=\"twitter:data1\" content=\"1 minute\" \/>\n<script type=\"application\/ld+json\" class=\"yoast-schema-graph\">{\"@context\":\"https:\\\/\\\/schema.org\",\"@graph\":[{\"@type\":\"WebPage\",\"@id\":\"https:\\\/\\\/staging.safetysourcefire.ca\\\/product\\\/fire-gear-cabinet\\\/\",\"url\":\"https:\\\/\\\/staging.safetysourcefire.ca\\\/product\\\/fire-gear-cabinet\\\/\",\"name\":\"Fire Gear Cabinet - Safety Source Fire\",\"isPartOf\":{\"@id\":\"https:\\\/\\\/staging.safetysourcefire.ca\\\/#website\"},\"primaryImageOfPage\":{\"@id\":\"https:\\\/\\\/staging.safetysourcefire.ca\\\/product\\\/fire-gear-cabinet\\\/#primaryimage\"},\"image\":{\"@id\":\"https:\\\/\\\/staging.safetysourcefire.ca\\\/product\\\/fire-gear-cabinet\\\/#primaryimage\"},\"thumbnailUrl\":\"https:\\\/\\\/staging.safetysourcefire.ca\\\/wp-content\\\/uploads\\\/2017\\\/07\\\/huebsch-drying-cabinet.jpg\",\"datePublished\":\"2017-07-06T15:10:35+00:00\",\"dateModified\":\"2018-03-19T13:15:25+00:00\",\"breadcrumb\":{\"@id\":\"https:\\\/\\\/staging.safetysourcefire.ca\\\/product\\\/fire-gear-cabinet\\\/#breadcrumb\"},\"inLanguage\":\"fr-CA\",\"potentialAction\":[{\"@type\":\"ReadAction\",\"target\":[\"https:\\\/\\\/staging.safetysourcefire.ca\\\/product\\\/fire-gear-cabinet\\\/\"]}]},{\"@type\":\"ImageObject\",\"inLanguage\":\"fr-CA\",\"@id\":\"https:\\\/\\\/staging.safetysourcefire.ca\\\/product\\\/fire-gear-cabinet\\\/#primaryimage\",\"url\":\"https:\\\/\\\/staging.safetysourcefire.ca\\\/wp-content\\\/uploads\\\/2017\\\/07\\\/huebsch-drying-cabinet.jpg\",\"contentUrl\":\"https:\\\/\\\/staging.safetysourcefire.ca\\\/wp-content\\\/uploads\\\/2017\\\/07\\\/huebsch-drying-cabinet.jpg\",\"width\":600,\"height\":600,\"caption\":\"drying cabinet\"},{\"@type\":\"BreadcrumbList\",\"@id\":\"https:\\\/\\\/staging.safetysourcefire.ca\\\/product\\\/fire-gear-cabinet\\\/#breadcrumb\",\"itemListElement\":[{\"@type\":\"ListItem\",\"position\":1,\"name\":\"Home\",\"item\":\"https:\\\/\\\/staging.safetysourcefire.ca\\\/\"},{\"@type\":\"ListItem\",\"position\":2,\"name\":\"Products\",\"item\":\"https:\\\/\\\/staging.safetysourcefire.ca\\\/shop\\\/\"},{\"@type\":\"ListItem\",\"position\":3,\"name\":\"Fire Gear Cabinet\"}]},{\"@type\":\"WebSite\",\"@id\":\"https:\\\/\\\/staging.safetysourcefire.ca\\\/#website\",\"url\":\"https:\\\/\\\/staging.safetysourcefire.ca\\\/\",\"name\":\"Safety Source Fire\",\"description\":\"\",\"publisher\":{\"@id\":\"https:\\\/\\\/staging.safetysourcefire.ca\\\/#organization\"},\"potentialAction\":[{\"@type\":\"SearchAction\",\"target\":{\"@type\":\"EntryPoint\",\"urlTemplate\":\"https:\\\/\\\/staging.safetysourcefire.ca\\\/?s={search_term_string}\"},\"query-input\":{\"@type\":\"PropertyValueSpecification\",\"valueRequired\":true,\"valueName\":\"search_term_string\"}}],\"inLanguage\":\"fr-CA\"},{\"@type\":\"Organization\",\"@id\":\"https:\\\/\\\/staging.safetysourcefire.ca\\\/#organization\",\"name\":\"Safety Source Fire\",\"url\":\"https:\\\/\\\/staging.safetysourcefire.ca\\\/\",\"logo\":{\"@type\":\"ImageObject\",\"inLanguage\":\"fr-CA\",\"@id\":\"https:\\\/\\\/staging.safetysourcefire.ca\\\/#\\\/schema\\\/logo\\\/image\\\/\",\"url\":\"https:\\\/\\\/staging.safetysourcefire.ca\\\/wp-content\\\/uploads\\\/2021\\\/01\\\/SSF_logo_CC0000-3.png\",\"contentUrl\":\"https:\\\/\\\/staging.safetysourcefire.ca\\\/wp-content\\\/uploads\\\/2021\\\/01\\\/SSF_logo_CC0000-3.png\",\"width\":1107,\"height\":365,\"caption\":\"Safety Source Fire\"},\"image\":{\"@id\":\"https:\\\/\\\/staging.safetysourcefire.ca\\\/#\\\/schema\\\/logo\\\/image\\\/\"},\"sameAs\":[\"https:\\\/\\\/www.facebook.com\\\/mmfssca\",\"https:\\\/\\\/x.com\\\/mmfssca\"]}]}<\/script>\n<!-- \/ Yoast SEO plugin. -->","yoast_head_json":{"title":"Fire Gear Cabinet - Safety Source Fire","robots":{"index":"noindex","follow":"follow","max-snippet":"max-snippet:-1","max-image-preview":"max-image-preview:large","max-video-preview":"max-video-preview:-1"},"og_locale":"fr_CA","og_type":"article","og_title":"Fire Gear Cabinet - Safety Source Fire","og_description":"Huebsch\u00ae Fire Gear Cabinets deliver everything firehouses look for in a PPE system.","og_url":"https:\/\/staging.safetysourcefire.ca\/fr_ca\/produit\/fire-gear-cabinet\/","og_site_name":"Safety Source Fire","article_publisher":"https:\/\/www.facebook.com\/mmfssca","article_modified_time":"2018-03-19T13:15:25+00:00","og_image":[{"width":600,"height":600,"url":"https:\/\/staging.safetysourcefire.ca\/wp-content\/uploads\/2017\/07\/huebsch-drying-cabinet.jpg","type":"image\/jpeg"}],"twitter_card":"summary_large_image","twitter_site":"@mmfssca","twitter_misc":{"Estimation du temps de lecture":"1 minute"},"schema":{"@context":"https:\/\/schema.org","@graph":[{"@type":"WebPage","@id":"https:\/\/staging.safetysourcefire.ca\/product\/fire-gear-cabinet\/","url":"https:\/\/staging.safetysourcefire.ca\/product\/fire-gear-cabinet\/","name":"Fire Gear Cabinet - Safety Source Fire","isPartOf":{"@id":"https:\/\/staging.safetysourcefire.ca\/#website"},"primaryImageOfPage":{"@id":"https:\/\/staging.safetysourcefire.ca\/product\/fire-gear-cabinet\/#primaryimage"},"image":{"@id":"https:\/\/staging.safetysourcefire.ca\/product\/fire-gear-cabinet\/#primaryimage"},"thumbnailUrl":"https:\/\/staging.safetysourcefire.ca\/wp-content\/uploads\/2017\/07\/huebsch-drying-cabinet.jpg","datePublished":"2017-07-06T15:10:35+00:00","dateModified":"2018-03-19T13:15:25+00:00","breadcrumb":{"@id":"https:\/\/staging.safetysourcefire.ca\/product\/fire-gear-cabinet\/#breadcrumb"},"inLanguage":"fr-CA","potentialAction":[{"@type":"ReadAction","target":["https:\/\/staging.safetysourcefire.ca\/product\/fire-gear-cabinet\/"]}]},{"@type":"ImageObject","inLanguage":"fr-CA","@id":"https:\/\/staging.safetysourcefire.ca\/product\/fire-gear-cabinet\/#primaryimage","url":"https:\/\/staging.safetysourcefire.ca\/wp-content\/uploads\/2017\/07\/huebsch-drying-cabinet.jpg","contentUrl":"https:\/\/staging.safetysourcefire.ca\/wp-content\/uploads\/2017\/07\/huebsch-drying-cabinet.jpg","width":600,"height":600,"caption":"drying cabinet"},{"@type":"BreadcrumbList","@id":"https:\/\/staging.safetysourcefire.ca\/product\/fire-gear-cabinet\/#breadcrumb","itemListElement":[{"@type":"ListItem","position":1,"name":"Home","item":"https:\/\/staging.safetysourcefire.ca\/"},{"@type":"ListItem","position":2,"name":"Products","item":"https:\/\/staging.safetysourcefire.ca\/shop\/"},{"@type":"ListItem","position":3,"name":"Fire Gear Cabinet"}]},{"@type":"WebSite","@id":"https:\/\/staging.safetysourcefire.ca\/#website","url":"https:\/\/staging.safetysourcefire.ca\/","name":"Safety Source Fire","description":"","publisher":{"@id":"https:\/\/staging.safetysourcefire.ca\/#organization"},"potentialAction":[{"@type":"SearchAction","target":{"@type":"EntryPoint","urlTemplate":"https:\/\/staging.safetysourcefire.ca\/?s={search_term_string}"},"query-input":{"@type":"PropertyValueSpecification","valueRequired":true,"valueName":"search_term_string"}}],"inLanguage":"fr-CA"},{"@type":"Organization","@id":"https:\/\/staging.safetysourcefire.ca\/#organization","name":"Safety Source Fire","url":"https:\/\/staging.safetysourcefire.ca\/","logo":{"@type":"ImageObject","inLanguage":"fr-CA","@id":"https:\/\/staging.safetysourcefire.ca\/#\/schema\/logo\/image\/","url":"https:\/\/staging.safetysourcefire.ca\/wp-content\/uploads\/2021\/01\/SSF_logo_CC0000-3.png","contentUrl":"https:\/\/staging.safetysourcefire.ca\/wp-content\/uploads\/2021\/01\/SSF_logo_CC0000-3.png","width":1107,"height":365,"caption":"Safety Source Fire"},"image":{"@id":"https:\/\/staging.safetysourcefire.ca\/#\/schema\/logo\/image\/"},"sameAs":["https:\/\/www.facebook.com\/mmfssca","https:\/\/x.com\/mmfssca"]}]}},"_links":{"self":[{"href":"https:\/\/staging.safetysourcefire.ca\/fr_ca\/wp-json\/wp\/v2\/product\/4493","targetHints":{"allow":["GET"]}}],"collection":[{"href":"https:\/\/staging.safetysourcefire.ca\/fr_ca\/wp-json\/wp\/v2\/product"}],"about":[{"href":"https:\/\/staging.safetysourcefire.ca\/fr_ca\/wp-json\/wp\/v2\/types\/product"}],"wp:featuredmedia":[{"embeddable":true,"href":"https:\/\/staging.safetysourcefire.ca\/fr_ca\/wp-json\/wp\/v2\/media\/4424"}],"wp:attachment":[{"href":"https:\/\/staging.safetysourcefire.ca\/fr_ca\/wp-json\/wp\/v2\/media?parent=4493"}],"wp:term":[{"taxonomy":"product_brand","embeddable":true,"href":"https:\/\/staging.safetysourcefire.ca\/fr_ca\/wp-json\/wp\/v2\/product_brand?post=4493"},{"taxonomy":"product_cat","embeddable":true,"href":"https:\/\/staging.safetysourcefire.ca\/fr_ca\/wp-json\/wp\/v2\/product_cat?post=4493"},{"taxonomy":"product_tag","embeddable":true,"href":"https:\/\/staging.safetysourcefire.ca\/fr_ca\/wp-json\/wp\/v2\/product_tag?post=4493"}],"curies":[{"name":"wp","href":"https:\/\/api.w.org\/{rel}","templated":true}]}}