{"id":4491,"date":"2018-07-13T11:50:43","date_gmt":"2018-07-13T11:50:43","guid":{"rendered":"https:\/\/mmfss.ca\/?post_type=product&#038;p=4491"},"modified":"2021-04-09T16:12:45","modified_gmt":"2021-04-09T16:12:45","slug":"gear-guardian-washer-extractors","status":"publish","type":"product","link":"https:\/\/staging.safetysourcefire.ca\/fr_ca\/produit\/gear-guardian-washer-extractors\/","title":{"rendered":"Laveuse-essoreuse Gear Guardian"},"content":{"rendered":"<p>Les laveuses-essoreuses Gear Guardian poss\u00e8dent 30 diff\u00e9rentes formules de lavage programmables, dont 10 pr\u00e9programm\u00e9es strictement pour la d\u00e9contamination du mat\u00e9riel de pompier (*ces dix peuvent \u00eatre reprogramm\u00e9es). Des commandes \u00e0 microprocesseur conviviales vous guident \u00e0 chaque \u00e9tape de la programmation afin d'\u00e9viter les erreurs. De plus, toutes les laveuses-essoreuses Gear Guardian sont conformes aux normes NFPA 1851 en mati\u00e8re d'entretien et d'entretien des \u00e9quipements de protection.<\/p>\n<p><strong><em>Op\u00e9ration facile<\/em><\/strong><\/p>\n<p>Tout le monde peut utiliser une laveuse-essoreuse MILNOR Gear Guardian: les choix de programmes sont clairs. Choisissez simplement la bonne formule et appuyez sur le bouton de d\u00e9marrage. Ensuite, l'automatisation compl\u00e8te prend le relais. La machine vous tient inform\u00e9 en affichant des d\u00e9tails sur le processus, notamment quelle fonction est en cours et combien de temps il reste \u00e0 l'\u00e9tape en cours. Un probl\u00e8me avec la machine ? V\u00e9rifiez les messages de d\u00e9pannage sans probl\u00e8me.  Des m\u00e9canismes de s\u00e9curit\u00e9 sont ajout\u00e9s afin de stabiliser la machine et l'alimentation automatique signifie qu'aucune attention de votre part n'est n\u00e9cessaire pendant le lavage.<\/p>\n<p><strong><em>Grands cylindres de lavage<\/em><\/strong><\/p>\n<p>L'\u00e9quipement de lutte contre l'incendie peut \u00eatre encombrant; un spacieux cylindre est donc essentiel pour un lavage rapide de qualit\u00e9 commerciale. Gear Guardian le sait et l'a pris en compte. Les grosses nervures soul\u00e8vent et abaissent l'\u00e9quipement pour aider \u00e0 \u00e9liminer la salet\u00e9 en profondeur. La grandeur surdimensionn\u00e9e du cylindre r\u00e9duit le temps de traitement et vous donne l'opportunit\u00e9 de laver plus de mat\u00e9riel \u00e0 chaque brass\u00e9e.<\/p>\n<p><strong><em>Acc\u00e9l\u00e8re le traitement<\/em><\/strong><\/p>\n<p>Les \u00e9quipements tr\u00e8s souill\u00e9s de lutte contre les incendies n\u00e9cessitent un rin\u00e7age efficace. Les \u00e9tapes interm\u00e9diaires de lavage s'occupent d'attaquer les produits chimiques sur l'\u00e9quipement avant le prochain rin\u00e7age.  Les laveuses-essoreuses Gear Guardian ont la capacit\u00e9 unique de permettre autant d'extractions interm\u00e9diaires que n\u00e9cessaire, car elles utilisent des moteurs \u00e0 service continu (plut\u00f4t qu'\u00e0 service intermittent). Des cycles d'essorage \u00e9lev\u00e9s pourraient endommager ces \u00e9quipement de valeur. Dans les machines MILNOR Gear Guardian, les faibles vitesses d'extraction sont con\u00e7ues  pour mieux prot\u00e9ger les tenues de feu.<\/p>\n<p><strong><em>Aide \u00e0 \u00e9viter les vibrations<\/em><\/strong><\/p>\n<p>Une vitesse sp\u00e9ciale de r\u00e9partition de la charge avant extraction \u00e9vite aux engrenages de cr\u00e9er un d\u00e9s\u00e9quilibre \u00e0 l'int\u00e9rieur du cylindre. Cela permet d'\u00e9viter les vibrations lors de l'extraction. En plus de gagner du temps (puisque vous n'avez pas besoin d'arr\u00eater la machine pour corriger manuellement la charge), moins de vibrations signifie une dur\u00e9e de vie plus longue de la machine. La vitesse de distribution prot\u00e8ge \u00e9galement les engrenages pendant que l'eau s'\u00e9coule du cylindre.<\/p>\n<p><strong><em>Construction robuste<\/em><\/strong><\/p>\n<p>Les brass\u00e9es volumineuses et lourdes peuvent \u00eatre exigeantes pour une machine, mais pas sur une laveuse-essoreuse Gear Guardian! Elle est con\u00e7ue pour une longue dur\u00e9e de vie dans des conditions difficiles. Ce n'est pas pour rien que MILNOR est le nom le plus respect\u00e9 dans le domaine des machines de blanchisserie commerciale.<\/p>\n<p>Les mod\u00e8les de la s\u00e9rie T et de la s\u00e9rie V sont mont\u00e9s avec soudage continu (plut\u00f4t que par points), de rouleaux cylindriques de forte capacit\u00e9, des joints \u00e0 triple \u00e9tanch\u00e9it\u00e9 , des mat\u00e9riaux de console \u00e9pais et des moteurs \u00e0 usages intensifs.<\/p>\n<p><strong><em>\u00c0 vous de choisir<\/em><\/strong><\/p>\n<p>Les laveuses-essoreuses Gear Guardian sont disponibles dans des capacit\u00e9s de 40 lbs \u00e0 80 lbs. La taille que vous devrier choisir d\u00e9pend de la quantit\u00e9 d'\u00e9quipement que vous voulez traiter dans un d\u00e9lai donn\u00e9.<\/p>","protected":false},"excerpt":{"rendered":"<p>Cr\u00e9\u00e9e sp\u00e9cifiquement pour l'\u00e9quipement de pompier<\/p>","protected":false},"featured_media":4423,"template":"","meta":[],"product_brand":[246],"product_cat":[462,466,50,127],"product_tag":[284],"class_list":{"0":"post-4491","1":"product","2":"type-product","3":"status-publish","4":"has-post-thumbnail","6":"product_brand-east-coast-laundry","7":"product_cat-emergency-preparedness","8":"product_cat-pandemic","9":"product_cat-personal-protective-equipment","10":"product_cat-washers-dryers","11":"product_tag-east-coast-laundry","13":"first","14":"instock","15":"shipping-taxable","16":"product-type-simple"},"yoast_head":"<!-- This site is optimized with the Yoast SEO plugin v27.4 - https:\/\/yoast.com\/product\/yoast-seo-wordpress\/ -->\n<title>Gear Guardian Washer-Extractors - Safety Source Fire<\/title>\n<meta name=\"robots\" content=\"noindex, follow, max-snippet:-1, max-image-preview:large, max-video-preview:-1\" \/>\n<meta property=\"og:locale\" content=\"fr_CA\" \/>\n<meta property=\"og:type\" content=\"article\" \/>\n<meta property=\"og:title\" content=\"Gear Guardian Washer-Extractors - Safety Source Fire\" \/>\n<meta property=\"og:description\" content=\"Created specifically for firefighter gear\" \/>\n<meta property=\"og:url\" content=\"https:\/\/staging.safetysourcefire.ca\/fr_ca\/produit\/gear-guardian-washer-extractors\/\" \/>\n<meta property=\"og:site_name\" content=\"Safety Source Fire\" \/>\n<meta property=\"article:publisher\" content=\"https:\/\/www.facebook.com\/mmfssca\" \/>\n<meta property=\"article:modified_time\" content=\"2021-04-09T16:12:45+00:00\" \/>\n<meta property=\"og:image\" content=\"https:\/\/staging.safetysourcefire.ca\/wp-content\/uploads\/2017\/07\/Gear-Guardian.jpg\" \/>\n\t<meta property=\"og:image:width\" content=\"600\" \/>\n\t<meta property=\"og:image:height\" content=\"600\" \/>\n\t<meta property=\"og:image:type\" content=\"image\/jpeg\" \/>\n<meta name=\"twitter:card\" content=\"summary_large_image\" \/>\n<meta name=\"twitter:site\" content=\"@mmfssca\" \/>\n<meta name=\"twitter:label1\" content=\"Estimation du temps de lecture\" \/>\n\t<meta name=\"twitter:data1\" content=\"2 minutes\" \/>\n<script type=\"application\/ld+json\" class=\"yoast-schema-graph\">{\"@context\":\"https:\\\/\\\/schema.org\",\"@graph\":[{\"@type\":\"WebPage\",\"@id\":\"https:\\\/\\\/staging.safetysourcefire.ca\\\/product\\\/gear-guardian-washer-extractors\\\/\",\"url\":\"https:\\\/\\\/staging.safetysourcefire.ca\\\/product\\\/gear-guardian-washer-extractors\\\/\",\"name\":\"Gear Guardian Washer-Extractors - Safety Source Fire\",\"isPartOf\":{\"@id\":\"https:\\\/\\\/staging.safetysourcefire.ca\\\/#website\"},\"primaryImageOfPage\":{\"@id\":\"https:\\\/\\\/staging.safetysourcefire.ca\\\/product\\\/gear-guardian-washer-extractors\\\/#primaryimage\"},\"image\":{\"@id\":\"https:\\\/\\\/staging.safetysourcefire.ca\\\/product\\\/gear-guardian-washer-extractors\\\/#primaryimage\"},\"thumbnailUrl\":\"https:\\\/\\\/staging.safetysourcefire.ca\\\/wp-content\\\/uploads\\\/2017\\\/07\\\/Gear-Guardian.jpg\",\"datePublished\":\"2018-07-13T11:50:43+00:00\",\"dateModified\":\"2021-04-09T16:12:45+00:00\",\"breadcrumb\":{\"@id\":\"https:\\\/\\\/staging.safetysourcefire.ca\\\/product\\\/gear-guardian-washer-extractors\\\/#breadcrumb\"},\"inLanguage\":\"fr-CA\",\"potentialAction\":[{\"@type\":\"ReadAction\",\"target\":[\"https:\\\/\\\/staging.safetysourcefire.ca\\\/product\\\/gear-guardian-washer-extractors\\\/\"]}]},{\"@type\":\"ImageObject\",\"inLanguage\":\"fr-CA\",\"@id\":\"https:\\\/\\\/staging.safetysourcefire.ca\\\/product\\\/gear-guardian-washer-extractors\\\/#primaryimage\",\"url\":\"https:\\\/\\\/staging.safetysourcefire.ca\\\/wp-content\\\/uploads\\\/2017\\\/07\\\/Gear-Guardian.jpg\",\"contentUrl\":\"https:\\\/\\\/staging.safetysourcefire.ca\\\/wp-content\\\/uploads\\\/2017\\\/07\\\/Gear-Guardian.jpg\",\"width\":600,\"height\":600,\"caption\":\"washing machine\"},{\"@type\":\"BreadcrumbList\",\"@id\":\"https:\\\/\\\/staging.safetysourcefire.ca\\\/product\\\/gear-guardian-washer-extractors\\\/#breadcrumb\",\"itemListElement\":[{\"@type\":\"ListItem\",\"position\":1,\"name\":\"Home\",\"item\":\"https:\\\/\\\/staging.safetysourcefire.ca\\\/\"},{\"@type\":\"ListItem\",\"position\":2,\"name\":\"Products\",\"item\":\"https:\\\/\\\/staging.safetysourcefire.ca\\\/shop\\\/\"},{\"@type\":\"ListItem\",\"position\":3,\"name\":\"Gear Guardian Washer-Extractors\"}]},{\"@type\":\"WebSite\",\"@id\":\"https:\\\/\\\/staging.safetysourcefire.ca\\\/#website\",\"url\":\"https:\\\/\\\/staging.safetysourcefire.ca\\\/\",\"name\":\"Safety Source Fire\",\"description\":\"\",\"publisher\":{\"@id\":\"https:\\\/\\\/staging.safetysourcefire.ca\\\/#organization\"},\"potentialAction\":[{\"@type\":\"SearchAction\",\"target\":{\"@type\":\"EntryPoint\",\"urlTemplate\":\"https:\\\/\\\/staging.safetysourcefire.ca\\\/?s={search_term_string}\"},\"query-input\":{\"@type\":\"PropertyValueSpecification\",\"valueRequired\":true,\"valueName\":\"search_term_string\"}}],\"inLanguage\":\"fr-CA\"},{\"@type\":\"Organization\",\"@id\":\"https:\\\/\\\/staging.safetysourcefire.ca\\\/#organization\",\"name\":\"Safety Source Fire\",\"url\":\"https:\\\/\\\/staging.safetysourcefire.ca\\\/\",\"logo\":{\"@type\":\"ImageObject\",\"inLanguage\":\"fr-CA\",\"@id\":\"https:\\\/\\\/staging.safetysourcefire.ca\\\/#\\\/schema\\\/logo\\\/image\\\/\",\"url\":\"https:\\\/\\\/staging.safetysourcefire.ca\\\/wp-content\\\/uploads\\\/2021\\\/01\\\/SSF_logo_CC0000-3.png\",\"contentUrl\":\"https:\\\/\\\/staging.safetysourcefire.ca\\\/wp-content\\\/uploads\\\/2021\\\/01\\\/SSF_logo_CC0000-3.png\",\"width\":1107,\"height\":365,\"caption\":\"Safety Source Fire\"},\"image\":{\"@id\":\"https:\\\/\\\/staging.safetysourcefire.ca\\\/#\\\/schema\\\/logo\\\/image\\\/\"},\"sameAs\":[\"https:\\\/\\\/www.facebook.com\\\/mmfssca\",\"https:\\\/\\\/x.com\\\/mmfssca\"]}]}<\/script>\n<!-- \/ Yoast SEO plugin. -->","yoast_head_json":{"title":"Laveuses-essoreuses Gear Guardian - S\u00e9curit\u00e9 incendie","robots":{"index":"noindex","follow":"follow","max-snippet":"max-snippet:-1","max-image-preview":"max-image-preview:large","max-video-preview":"max-video-preview:-1"},"og_locale":"fr_CA","og_type":"article","og_title":"Gear Guardian Washer-Extractors - Safety Source Fire","og_description":"Created specifically for firefighter gear","og_url":"https:\/\/staging.safetysourcefire.ca\/fr_ca\/produit\/gear-guardian-washer-extractors\/","og_site_name":"Safety Source Fire","article_publisher":"https:\/\/www.facebook.com\/mmfssca","article_modified_time":"2021-04-09T16:12:45+00:00","og_image":[{"width":600,"height":600,"url":"https:\/\/staging.safetysourcefire.ca\/wp-content\/uploads\/2017\/07\/Gear-Guardian.jpg","type":"image\/jpeg"}],"twitter_card":"summary_large_image","twitter_site":"@mmfssca","twitter_misc":{"Estimation du temps de lecture":"2 minutes"},"schema":{"@context":"https:\/\/schema.org","@graph":[{"@type":"WebPage","@id":"https:\/\/staging.safetysourcefire.ca\/product\/gear-guardian-washer-extractors\/","url":"https:\/\/staging.safetysourcefire.ca\/product\/gear-guardian-washer-extractors\/","name":"Laveuses-essoreuses Gear Guardian - S\u00e9curit\u00e9 incendie","isPartOf":{"@id":"https:\/\/staging.safetysourcefire.ca\/#website"},"primaryImageOfPage":{"@id":"https:\/\/staging.safetysourcefire.ca\/product\/gear-guardian-washer-extractors\/#primaryimage"},"image":{"@id":"https:\/\/staging.safetysourcefire.ca\/product\/gear-guardian-washer-extractors\/#primaryimage"},"thumbnailUrl":"https:\/\/staging.safetysourcefire.ca\/wp-content\/uploads\/2017\/07\/Gear-Guardian.jpg","datePublished":"2018-07-13T11:50:43+00:00","dateModified":"2021-04-09T16:12:45+00:00","breadcrumb":{"@id":"https:\/\/staging.safetysourcefire.ca\/product\/gear-guardian-washer-extractors\/#breadcrumb"},"inLanguage":"fr-CA","potentialAction":[{"@type":"ReadAction","target":["https:\/\/staging.safetysourcefire.ca\/product\/gear-guardian-washer-extractors\/"]}]},{"@type":"ImageObject","inLanguage":"fr-CA","@id":"https:\/\/staging.safetysourcefire.ca\/product\/gear-guardian-washer-extractors\/#primaryimage","url":"https:\/\/staging.safetysourcefire.ca\/wp-content\/uploads\/2017\/07\/Gear-Guardian.jpg","contentUrl":"https:\/\/staging.safetysourcefire.ca\/wp-content\/uploads\/2017\/07\/Gear-Guardian.jpg","width":600,"height":600,"caption":"washing machine"},{"@type":"BreadcrumbList","@id":"https:\/\/staging.safetysourcefire.ca\/product\/gear-guardian-washer-extractors\/#breadcrumb","itemListElement":[{"@type":"ListItem","position":1,"name":"Home","item":"https:\/\/staging.safetysourcefire.ca\/"},{"@type":"ListItem","position":2,"name":"Products","item":"https:\/\/staging.safetysourcefire.ca\/shop\/"},{"@type":"ListItem","position":3,"name":"Gear Guardian Washer-Extractors"}]},{"@type":"WebSite","@id":"https:\/\/staging.safetysourcefire.ca\/#website","url":"https:\/\/staging.safetysourcefire.ca\/","name":"Safety Source Fire","description":"","publisher":{"@id":"https:\/\/staging.safetysourcefire.ca\/#organization"},"potentialAction":[{"@type":"SearchAction","target":{"@type":"EntryPoint","urlTemplate":"https:\/\/staging.safetysourcefire.ca\/?s={search_term_string}"},"query-input":{"@type":"PropertyValueSpecification","valueRequired":true,"valueName":"search_term_string"}}],"inLanguage":"fr-CA"},{"@type":"Organization","@id":"https:\/\/staging.safetysourcefire.ca\/#organization","name":"Safety Source Fire","url":"https:\/\/staging.safetysourcefire.ca\/","logo":{"@type":"ImageObject","inLanguage":"fr-CA","@id":"https:\/\/staging.safetysourcefire.ca\/#\/schema\/logo\/image\/","url":"https:\/\/staging.safetysourcefire.ca\/wp-content\/uploads\/2021\/01\/SSF_logo_CC0000-3.png","contentUrl":"https:\/\/staging.safetysourcefire.ca\/wp-content\/uploads\/2021\/01\/SSF_logo_CC0000-3.png","width":1107,"height":365,"caption":"Safety Source Fire"},"image":{"@id":"https:\/\/staging.safetysourcefire.ca\/#\/schema\/logo\/image\/"},"sameAs":["https:\/\/www.facebook.com\/mmfssca","https:\/\/x.com\/mmfssca"]}]}},"_links":{"self":[{"href":"https:\/\/staging.safetysourcefire.ca\/fr_ca\/wp-json\/wp\/v2\/product\/4491","targetHints":{"allow":["GET"]}}],"collection":[{"href":"https:\/\/staging.safetysourcefire.ca\/fr_ca\/wp-json\/wp\/v2\/product"}],"about":[{"href":"https:\/\/staging.safetysourcefire.ca\/fr_ca\/wp-json\/wp\/v2\/types\/product"}],"wp:featuredmedia":[{"embeddable":true,"href":"https:\/\/staging.safetysourcefire.ca\/fr_ca\/wp-json\/wp\/v2\/media\/4423"}],"wp:attachment":[{"href":"https:\/\/staging.safetysourcefire.ca\/fr_ca\/wp-json\/wp\/v2\/media?parent=4491"}],"wp:term":[{"taxonomy":"product_brand","embeddable":true,"href":"https:\/\/staging.safetysourcefire.ca\/fr_ca\/wp-json\/wp\/v2\/product_brand?post=4491"},{"taxonomy":"product_cat","embeddable":true,"href":"https:\/\/staging.safetysourcefire.ca\/fr_ca\/wp-json\/wp\/v2\/product_cat?post=4491"},{"taxonomy":"product_tag","embeddable":true,"href":"https:\/\/staging.safetysourcefire.ca\/fr_ca\/wp-json\/wp\/v2\/product_tag?post=4491"}],"curies":[{"name":"wp","href":"https:\/\/api.w.org\/{rel}","templated":true}]}}