{"id":4477,"date":"2017-07-06T14:49:00","date_gmt":"2017-07-06T14:49:00","guid":{"rendered":"https:\/\/mmfss.ca\/?post_type=product&#038;p=4477"},"modified":"2018-03-19T13:42:24","modified_gmt":"2018-03-19T13:42:24","slug":"dive-locker-deluxe-storage-system","status":"publish","type":"product","link":"https:\/\/staging.safetysourcefire.ca\/fr_ca\/produit\/dive-locker-deluxe-storage-system\/","title":{"rendered":"Syst\u00e8me de rangement Dive Locker Deluxe\u2122"},"content":{"rendered":"<p>Gr\u00e2ce \u00e0 son syst\u00e8me brevet\u00e9, vous pourrez \u00e9tendre compl\u00e8tement l'\u00e9quipement surdimensionn\u00e9 afin d'assurer un s\u00e9chage et un rangement ad\u00e9quat. Avec ce syst\u00e8me, GearGrid vous permet de diviser l'\u00e9quipement et mettre sous cl\u00e9 certaines parties de l'armoire avec des portes \u00e0 verrouillage individuel.<\/p>\n<p>- Le support extensible pour habit de plong\u00e9e peut \u00eatre achet\u00e9 s\u00e9par\u00e9ment et utilis\u00e9 dans d'autres produits GearGrid s\u00e9lectionn\u00e9s<\/p>\n<p>\u2013 L'unit\u00e9 est disponible avec ou sans portes<\/p>\n<p>\u2013 Les \u00e9tag\u00e8res sont r\u00e9glables par incr\u00e9ments de 3\u2033<\/p>\n<p>\u2013 Les \u00e9tag\u00e8res de rangement SCUBA et \u00e9tag\u00e8res plates sont disponibles avec syst\u00e8me<\/p>\n<p><strong>Cadre:<\/strong> Tube robuste de 1-\u00bc&quot;<\/p>\n<p><strong>Grilles lat\u00e9rales et arri\u00e8re:<\/strong> Fil \u00bc&quot; haute r\u00e9sistance, quadrillage carr\u00e9 3&quot; x 3&quot;<\/p>\n<p><strong>Portes s\u00e9curis\u00e9es (facultatives) :<\/strong> Tube robuste de 1-\u00bc&quot; avec fil de \u00bc&quot; \u00e0 haute r\u00e9sistance<\/p>\n<p><strong>Roulettes:<\/strong> Verrouillables pouvant supporter jusqu'\u00e0 950 lb chacune<\/p>\n<p><strong>Couleurs disponibles:<\/strong> 7 couleurs standards<\/p>\n<p><strong>Instructions d'assemblage:<\/strong> Avec des outils de base; c'est rapide et facile!<\/p>","protected":false},"excerpt":{"rendered":"<p>Le syst\u00e8me de rangement Dive Locker Deluxe de GearGrid vous offre la parfaite option de rangement et de s\u00e9chage du mat\u00e9riel de plong\u00e9e. Vous pourrez y ranger les combinaisons humides et les combinaisons \u00e9tanches, ainsi que d'autres \u00e9quipements de protection surdimensionn\u00e9s, tels que le mat\u00e9riel CBRN.<\/p>","protected":false},"featured_media":4404,"template":"","meta":[],"product_brand":[159],"product_cat":[50,126],"product_tag":[301,300],"class_list":{"0":"post-4477","1":"product","2":"type-product","3":"status-publish","4":"has-post-thumbnail","6":"product_brand-geargrid","7":"product_cat-personal-protective-equipment","8":"product_cat-ppe-storage","9":"product_tag-gear-grid","10":"product_tag-geargrid","12":"first","13":"instock","14":"shipping-taxable","15":"product-type-simple"},"yoast_head":"<!-- This site is optimized with the Yoast SEO plugin v27.4 - https:\/\/yoast.com\/product\/yoast-seo-wordpress\/ -->\n<title>Dive Locker Deluxe\u2122 Storage System - Safety Source Fire<\/title>\n<meta name=\"robots\" content=\"noindex, follow, max-snippet:-1, max-image-preview:large, max-video-preview:-1\" \/>\n<meta property=\"og:locale\" content=\"fr_CA\" \/>\n<meta property=\"og:type\" content=\"article\" \/>\n<meta property=\"og:title\" content=\"Dive Locker Deluxe\u2122 Storage System - Safety Source Fire\" \/>\n<meta property=\"og:description\" content=\"GearGrid\u2019s Dive Locker Deluxe offers the latest development in the proper storage and drying of dive gear including wet suits and dry suits as well as other oversized protective gear, such as CBRN.\" \/>\n<meta property=\"og:url\" content=\"https:\/\/staging.safetysourcefire.ca\/fr_ca\/produit\/dive-locker-deluxe-storage-system\/\" \/>\n<meta property=\"og:site_name\" content=\"Safety Source Fire\" \/>\n<meta property=\"article:publisher\" content=\"https:\/\/www.facebook.com\/mmfssca\" \/>\n<meta property=\"article:modified_time\" content=\"2018-03-19T13:42:24+00:00\" \/>\n<meta property=\"og:image\" content=\"https:\/\/staging.safetysourcefire.ca\/wp-content\/uploads\/2017\/07\/Dive-Locker.jpg\" \/>\n\t<meta property=\"og:image:width\" content=\"600\" \/>\n\t<meta property=\"og:image:height\" content=\"600\" \/>\n\t<meta property=\"og:image:type\" content=\"image\/jpeg\" \/>\n<meta name=\"twitter:card\" content=\"summary_large_image\" \/>\n<meta name=\"twitter:site\" content=\"@mmfssca\" \/>\n<meta name=\"twitter:label1\" content=\"Estimation du temps de lecture\" \/>\n\t<meta name=\"twitter:data1\" content=\"1 minute\" \/>\n<script type=\"application\/ld+json\" class=\"yoast-schema-graph\">{\"@context\":\"https:\\\/\\\/schema.org\",\"@graph\":[{\"@type\":\"WebPage\",\"@id\":\"https:\\\/\\\/staging.safetysourcefire.ca\\\/product\\\/dive-locker-deluxe-storage-system\\\/\",\"url\":\"https:\\\/\\\/staging.safetysourcefire.ca\\\/product\\\/dive-locker-deluxe-storage-system\\\/\",\"name\":\"Dive Locker Deluxe\u2122 Storage System - Safety Source Fire\",\"isPartOf\":{\"@id\":\"https:\\\/\\\/staging.safetysourcefire.ca\\\/#website\"},\"primaryImageOfPage\":{\"@id\":\"https:\\\/\\\/staging.safetysourcefire.ca\\\/product\\\/dive-locker-deluxe-storage-system\\\/#primaryimage\"},\"image\":{\"@id\":\"https:\\\/\\\/staging.safetysourcefire.ca\\\/product\\\/dive-locker-deluxe-storage-system\\\/#primaryimage\"},\"thumbnailUrl\":\"https:\\\/\\\/staging.safetysourcefire.ca\\\/wp-content\\\/uploads\\\/2017\\\/07\\\/Dive-Locker.jpg\",\"datePublished\":\"2017-07-06T14:49:00+00:00\",\"dateModified\":\"2018-03-19T13:42:24+00:00\",\"breadcrumb\":{\"@id\":\"https:\\\/\\\/staging.safetysourcefire.ca\\\/product\\\/dive-locker-deluxe-storage-system\\\/#breadcrumb\"},\"inLanguage\":\"fr-CA\",\"potentialAction\":[{\"@type\":\"ReadAction\",\"target\":[\"https:\\\/\\\/staging.safetysourcefire.ca\\\/product\\\/dive-locker-deluxe-storage-system\\\/\"]}]},{\"@type\":\"ImageObject\",\"inLanguage\":\"fr-CA\",\"@id\":\"https:\\\/\\\/staging.safetysourcefire.ca\\\/product\\\/dive-locker-deluxe-storage-system\\\/#primaryimage\",\"url\":\"https:\\\/\\\/staging.safetysourcefire.ca\\\/wp-content\\\/uploads\\\/2017\\\/07\\\/Dive-Locker.jpg\",\"contentUrl\":\"https:\\\/\\\/staging.safetysourcefire.ca\\\/wp-content\\\/uploads\\\/2017\\\/07\\\/Dive-Locker.jpg\",\"width\":600,\"height\":600,\"caption\":\"dive locker\"},{\"@type\":\"BreadcrumbList\",\"@id\":\"https:\\\/\\\/staging.safetysourcefire.ca\\\/product\\\/dive-locker-deluxe-storage-system\\\/#breadcrumb\",\"itemListElement\":[{\"@type\":\"ListItem\",\"position\":1,\"name\":\"Home\",\"item\":\"https:\\\/\\\/staging.safetysourcefire.ca\\\/\"},{\"@type\":\"ListItem\",\"position\":2,\"name\":\"Products\",\"item\":\"https:\\\/\\\/staging.safetysourcefire.ca\\\/shop\\\/\"},{\"@type\":\"ListItem\",\"position\":3,\"name\":\"Dive Locker Deluxe\u2122 Storage System\"}]},{\"@type\":\"WebSite\",\"@id\":\"https:\\\/\\\/staging.safetysourcefire.ca\\\/#website\",\"url\":\"https:\\\/\\\/staging.safetysourcefire.ca\\\/\",\"name\":\"Safety Source Fire\",\"description\":\"\",\"publisher\":{\"@id\":\"https:\\\/\\\/staging.safetysourcefire.ca\\\/#organization\"},\"potentialAction\":[{\"@type\":\"SearchAction\",\"target\":{\"@type\":\"EntryPoint\",\"urlTemplate\":\"https:\\\/\\\/staging.safetysourcefire.ca\\\/?s={search_term_string}\"},\"query-input\":{\"@type\":\"PropertyValueSpecification\",\"valueRequired\":true,\"valueName\":\"search_term_string\"}}],\"inLanguage\":\"fr-CA\"},{\"@type\":\"Organization\",\"@id\":\"https:\\\/\\\/staging.safetysourcefire.ca\\\/#organization\",\"name\":\"Safety Source Fire\",\"url\":\"https:\\\/\\\/staging.safetysourcefire.ca\\\/\",\"logo\":{\"@type\":\"ImageObject\",\"inLanguage\":\"fr-CA\",\"@id\":\"https:\\\/\\\/staging.safetysourcefire.ca\\\/#\\\/schema\\\/logo\\\/image\\\/\",\"url\":\"https:\\\/\\\/staging.safetysourcefire.ca\\\/wp-content\\\/uploads\\\/2021\\\/01\\\/SSF_logo_CC0000-3.png\",\"contentUrl\":\"https:\\\/\\\/staging.safetysourcefire.ca\\\/wp-content\\\/uploads\\\/2021\\\/01\\\/SSF_logo_CC0000-3.png\",\"width\":1107,\"height\":365,\"caption\":\"Safety Source Fire\"},\"image\":{\"@id\":\"https:\\\/\\\/staging.safetysourcefire.ca\\\/#\\\/schema\\\/logo\\\/image\\\/\"},\"sameAs\":[\"https:\\\/\\\/www.facebook.com\\\/mmfssca\",\"https:\\\/\\\/x.com\\\/mmfssca\"]}]}<\/script>\n<!-- \/ Yoast SEO plugin. -->","yoast_head_json":{"title":"Syst\u00e8me de rangement Dive Locker Deluxe\u2122 - Safety Source Fire","robots":{"index":"noindex","follow":"follow","max-snippet":"max-snippet:-1","max-image-preview":"max-image-preview:large","max-video-preview":"max-video-preview:-1"},"og_locale":"fr_CA","og_type":"article","og_title":"Dive Locker Deluxe\u2122 Storage System - Safety Source Fire","og_description":"GearGrid\u2019s Dive Locker Deluxe offers the latest development in the proper storage and drying of dive gear including wet suits and dry suits as well as other oversized protective gear, such as CBRN.","og_url":"https:\/\/staging.safetysourcefire.ca\/fr_ca\/produit\/dive-locker-deluxe-storage-system\/","og_site_name":"Safety Source Fire","article_publisher":"https:\/\/www.facebook.com\/mmfssca","article_modified_time":"2018-03-19T13:42:24+00:00","og_image":[{"width":600,"height":600,"url":"https:\/\/staging.safetysourcefire.ca\/wp-content\/uploads\/2017\/07\/Dive-Locker.jpg","type":"image\/jpeg"}],"twitter_card":"summary_large_image","twitter_site":"@mmfssca","twitter_misc":{"Estimation du temps de lecture":"1 minute"},"schema":{"@context":"https:\/\/schema.org","@graph":[{"@type":"WebPage","@id":"https:\/\/staging.safetysourcefire.ca\/product\/dive-locker-deluxe-storage-system\/","url":"https:\/\/staging.safetysourcefire.ca\/product\/dive-locker-deluxe-storage-system\/","name":"Syst\u00e8me de rangement Dive Locker Deluxe\u2122 - Safety Source Fire","isPartOf":{"@id":"https:\/\/staging.safetysourcefire.ca\/#website"},"primaryImageOfPage":{"@id":"https:\/\/staging.safetysourcefire.ca\/product\/dive-locker-deluxe-storage-system\/#primaryimage"},"image":{"@id":"https:\/\/staging.safetysourcefire.ca\/product\/dive-locker-deluxe-storage-system\/#primaryimage"},"thumbnailUrl":"https:\/\/staging.safetysourcefire.ca\/wp-content\/uploads\/2017\/07\/Dive-Locker.jpg","datePublished":"2017-07-06T14:49:00+00:00","dateModified":"2018-03-19T13:42:24+00:00","breadcrumb":{"@id":"https:\/\/staging.safetysourcefire.ca\/product\/dive-locker-deluxe-storage-system\/#breadcrumb"},"inLanguage":"fr-CA","potentialAction":[{"@type":"ReadAction","target":["https:\/\/staging.safetysourcefire.ca\/product\/dive-locker-deluxe-storage-system\/"]}]},{"@type":"ImageObject","inLanguage":"fr-CA","@id":"https:\/\/staging.safetysourcefire.ca\/product\/dive-locker-deluxe-storage-system\/#primaryimage","url":"https:\/\/staging.safetysourcefire.ca\/wp-content\/uploads\/2017\/07\/Dive-Locker.jpg","contentUrl":"https:\/\/staging.safetysourcefire.ca\/wp-content\/uploads\/2017\/07\/Dive-Locker.jpg","width":600,"height":600,"caption":"dive locker"},{"@type":"BreadcrumbList","@id":"https:\/\/staging.safetysourcefire.ca\/product\/dive-locker-deluxe-storage-system\/#breadcrumb","itemListElement":[{"@type":"ListItem","position":1,"name":"Home","item":"https:\/\/staging.safetysourcefire.ca\/"},{"@type":"ListItem","position":2,"name":"Products","item":"https:\/\/staging.safetysourcefire.ca\/shop\/"},{"@type":"ListItem","position":3,"name":"Dive Locker Deluxe\u2122 Storage System"}]},{"@type":"WebSite","@id":"https:\/\/staging.safetysourcefire.ca\/#website","url":"https:\/\/staging.safetysourcefire.ca\/","name":"Safety Source Fire","description":"","publisher":{"@id":"https:\/\/staging.safetysourcefire.ca\/#organization"},"potentialAction":[{"@type":"SearchAction","target":{"@type":"EntryPoint","urlTemplate":"https:\/\/staging.safetysourcefire.ca\/?s={search_term_string}"},"query-input":{"@type":"PropertyValueSpecification","valueRequired":true,"valueName":"search_term_string"}}],"inLanguage":"fr-CA"},{"@type":"Organization","@id":"https:\/\/staging.safetysourcefire.ca\/#organization","name":"Safety Source Fire","url":"https:\/\/staging.safetysourcefire.ca\/","logo":{"@type":"ImageObject","inLanguage":"fr-CA","@id":"https:\/\/staging.safetysourcefire.ca\/#\/schema\/logo\/image\/","url":"https:\/\/staging.safetysourcefire.ca\/wp-content\/uploads\/2021\/01\/SSF_logo_CC0000-3.png","contentUrl":"https:\/\/staging.safetysourcefire.ca\/wp-content\/uploads\/2021\/01\/SSF_logo_CC0000-3.png","width":1107,"height":365,"caption":"Safety Source Fire"},"image":{"@id":"https:\/\/staging.safetysourcefire.ca\/#\/schema\/logo\/image\/"},"sameAs":["https:\/\/www.facebook.com\/mmfssca","https:\/\/x.com\/mmfssca"]}]}},"_links":{"self":[{"href":"https:\/\/staging.safetysourcefire.ca\/fr_ca\/wp-json\/wp\/v2\/product\/4477","targetHints":{"allow":["GET"]}}],"collection":[{"href":"https:\/\/staging.safetysourcefire.ca\/fr_ca\/wp-json\/wp\/v2\/product"}],"about":[{"href":"https:\/\/staging.safetysourcefire.ca\/fr_ca\/wp-json\/wp\/v2\/types\/product"}],"wp:featuredmedia":[{"embeddable":true,"href":"https:\/\/staging.safetysourcefire.ca\/fr_ca\/wp-json\/wp\/v2\/media\/4404"}],"wp:attachment":[{"href":"https:\/\/staging.safetysourcefire.ca\/fr_ca\/wp-json\/wp\/v2\/media?parent=4477"}],"wp:term":[{"taxonomy":"product_brand","embeddable":true,"href":"https:\/\/staging.safetysourcefire.ca\/fr_ca\/wp-json\/wp\/v2\/product_brand?post=4477"},{"taxonomy":"product_cat","embeddable":true,"href":"https:\/\/staging.safetysourcefire.ca\/fr_ca\/wp-json\/wp\/v2\/product_cat?post=4477"},{"taxonomy":"product_tag","embeddable":true,"href":"https:\/\/staging.safetysourcefire.ca\/fr_ca\/wp-json\/wp\/v2\/product_tag?post=4477"}],"curies":[{"name":"wp","href":"https:\/\/api.w.org\/{rel}","templated":true}]}}