{"id":4467,"date":"2017-07-06T14:32:38","date_gmt":"2017-07-06T14:32:38","guid":{"rendered":"https:\/\/mmfss.ca\/?post_type=product&#038;p=4467"},"modified":"2018-03-19T13:48:17","modified_gmt":"2018-03-19T13:48:17","slug":"airpower-xr2","status":"publish","type":"product","link":"https:\/\/staging.safetysourcefire.ca\/fr_ca\/produit\/airpower-xr2\/","title":{"rendered":"Airpower XR2"},"content":{"rendered":"<p><strong>Botte de station et EMS avec certification NFPA<\/strong><\/p>\n<p>Con\u00e7ue pour les EMT, les ambulanciers param\u00e9dicaux et les premiers intervenants qui ont besoin de bottes qui permettent d'agir rapidement, tout en offrant aux pieds le confort dont ils ont besoin pendant les longues journ\u00e9es de service. La fonction d'enfilage et de retrait rapides de la fermeture \u00e9clair \u00e0 lacets sur le devant vous permet de b\u00e9n\u00e9ficier d'une botte \u00e0 ajustement personnalis\u00e9 qui peut \u00e9galement \u00eatre enfil\u00e9e rapidement. Ajustez simplement le la\u00e7age selon vos pr\u00e9f\u00e9rences personnelles et le tour est jou\u00e9 : enfilez, zippez et partez!<\/p>\n<p>Construites avec un embout en composite ultra-l\u00e9ger, les bottes HAIX Airpower\u00ae XR2 offrent le nec plus ultra en mati\u00e8re de protection et de confort des orteils gr\u00e2ce \u00e0 leur embout spacieux. Il offre une protection contre les agents pathog\u00e8nes \u00e0 diffusion h\u00e9matog\u00e8ne et chimique et une protection contre les risques \u00e9lectriques. Certifi\u00e9 NFPA pour les op\u00e9rations m\u00e9dicales d&#039;urgence pour l&#039;intervenant EMS, l&#039;Airpower\u00ae XR2 est \u00e9galement certifi\u00e9 ASTM pour les risques \u00e9lectriques. Que demander de plus \u00e0 des bottes de sauvetage que vous pouvez \u00e9galement porter dans la station ?<\/p>\n<p><strong>\u00a0<\/strong><\/p>\n<p><strong>Imperm\u00e9able et protection chimique CROSSTECH\u00ae<\/strong><\/p>\n<p>La HAIX Airpower\u00ae XR2 est dot\u00e9e d'une doublure int\u00e9rieure CROSSTECH\u00ae qui permet \u00e0 votre botte d'\u00eatre non seulement respirante, mais aussi durablement imperm\u00e9able. CROSSTECH\u00ae offre \u00e9galement les avantages suppl\u00e9mentaires de la protection contre les agents pathog\u00e8nes \u00e0 diffusion h\u00e9matog\u00e8ne et chimique. De plus, la doublure int\u00e9rieure respirante fonctionne avec le syst\u00e8me climatique HAIX\u00ae pour garder vos chaussures au sec et \u00e0 l'aise par temps chaud ou froid ; par temps sec ou humide. Ne vous inqui\u00e9tez pas lorsque vous devez vous entra\u00eener sous la pluie ou sur une sc\u00e8ne d'accident d\u00e9sordonn\u00e9e, vos chaussures vous garderont prot\u00e9g\u00e9 et confortable sur tous les fronts.<\/p>\n<p><strong>\u00a0<\/strong><\/p>\n<p><strong>Support int\u00e9gr\u00e9 de l'arche<\/strong><\/p>\n<p>Le HAIX Airpower\u00ae XR2 poss\u00e8de un support de vo\u00fbte plantaire bien int\u00e9gr\u00e9 \u00e0 chaque botte. Un bon soutien de la vo\u00fbte plantaire r\u00e9aligne le pied et la cheville dans leur position neutre, aidant, dans de nombreux cas, \u00e0 restaurer la fonction naturelle du pied. Ceci aidera \u00e0 att\u00e9nuer les probl\u00e8mes r\u00e9f\u00e9r\u00e9s dans d'autres parties du corps, comme les genoux et les chevilles. La semelle int\u00e9rieure coussin\u00e9e offre un confort de port toute la journ\u00e9e, en particulier lorsqu'elle est combin\u00e9e avec le support de vo\u00fbte plantaire int\u00e9gr\u00e9.<\/p>\n<p><strong>\u00a0<\/strong><\/p>\n<p><strong>Semelles antid\u00e9rapantes, r\u00e9sistantes \u00e0 la chaleur et  \u00e0 s\u00e9chage rapide<\/strong><\/p>\n<p>Les semelles r\u00e9sistantes \u00e0 la chaleur du HAIX Airpower\u00ae XR2 sont extr\u00eamement antid\u00e9rapantes ainsi que r\u00e9sistantes \u00e0 l'huile et au carburant. Les sc\u00e8nes d'accident, en particulier celles qui impliquent des incendies de v\u00e9hicules, ne sont plus un probl\u00e8me car vous n'avez pas \u00e0 vous soucier de la fonte de vos semelles sur l'asphalte. Vos bottes sont expos\u00e9es \u00e0 des fuites de carburant et d'huile? Aucun probl\u00e8me. Les semelles HAIX\u00ae permettent de garder vos pieds en s\u00e9curit\u00e9 pour que vous puissiez vous concentrer sur votre travail.<\/p>\n<p>Les propri\u00e9t\u00e9s d'\u00e9vacuation de l'humidit\u00e9 de la semelle int\u00e9rieure sont garanties contre le probl\u00e8me de la transpiration des pieds. Non seulement ils aident \u00e0 absorber la transpiration des pieds, mais les propri\u00e9t\u00e9s antibact\u00e9riennes aident \u00e0 combattre les odeurs et \u00e0 r\u00e9duire la pr\u00e9sence de champignons et de bact\u00e9ries. Avec un ressenti confortable, la coque de talon s\u00e9par\u00e9e aide \u00e0 maintenir votre pied dans la bonne position, pour vous aider \u00e0 maintenir une bonne posture. Les semelles HAIX\u00ae sont lavables en machine et s\u00e8chent rapidement \u00e0 l'air pour que vous puissiez vous rafra\u00eechir rapidement et reprendre le travail en un rien de temps.<\/p>\n<p><strong>\u00a0<\/strong><\/p>\n<p><strong>Technologies ''Sun Reflect'' et ''Secura Liner''\u00ae<\/strong><\/p>\n<p>Le savoir-faire europ\u00e9en est ind\u00e9niable lorsque vous regardez cette botte. Le cuir europ\u00e9en garantit que vos bottes r\u00e9sisteront \u00e0 l'\u00e9preuve du temps. La technologie ajout\u00e9e ''Sun Reflect'' inclus dans le cuir de ces bottes de s\u00e9curit\u00e9 emp\u00eache vos bottes de chauffer sur vous lorsque vous \u00eates au soleil. Vos pieds sentiront la diff\u00e9rence, puisque le cuir plus frais \u00e0 l'ext\u00e9rieur se traduit par des pieds plus frais \u00e0 l'int\u00e9rieur.<\/p>\n<p>La fonction brevet\u00e9e Secura Liner\u00ae de HAIX\u00ae vous prot\u00e8ge de l'irritation caus\u00e9e par le retrait de la doublure. Votre doublure int\u00e9rieure reste bien en place car elle est scell\u00e9e avec le cuir sous la semelle et n'est pas une \"chaussette\" coll\u00e9e sous la semelle int\u00e9rieure comme vous le voyez dans d'autres bottes. Aucun autre fabricant de bottes n'offre cette caract\u00e9ristique unique. Rien de pire que de faire sortir le chausson de la botte avec votre pied. HAIX Airpower\u00ae XR2 est votre premier choix pour une botte de s\u00e9curit\u00e9 Station\/EMS.<\/p>\n<ul>\n<li>Con\u00e7ues en Allemagne<\/li>\n<li>Certifi\u00e9 NFPA pour EMS<\/li>\n<li>Doublure int\u00e9rieure CROSSTECH\u00ae, imperm\u00e9able, respirante, r\u00e9sistante aux agents pathog\u00e8nes transmissibles par le sang et les produits chimiques<\/li>\n<li>Secura liner\u00ae : une doublure qui ne se froissera pas et ne se d\u00e9collera pas avec le temps<\/li>\n<li>Syst\u00e8me de support de l'arche soutenant votre pied dans sa position naturelle et id\u00e9ale<\/li>\n<li>Syst\u00e8me ''Sun Reflect'' gardant les pieds au frais, m\u00eame en plein soleil<\/li>\n<li>Syst\u00e8me climatique HAIX\u00ae aidant \u00e0 l'\u00e9quilibre des temp\u00e9ratures<\/li>\n<li>Syst\u00e8me de la\u00e7age HAIX\u00ae offrant l'enfilage et le retrait rapides d'une botte \u00e0 fermeture \u00e9clair avec l'ajustement personnel d'une botte \u00e0 lacets<\/li>\n<li>Embout en composite l\u00e9ger et semelle de protection contre les perforations<\/li>\n<li>Semelle en caoutchouc r\u00e9sistant \u00e0 la chaleur<\/li>\n<li>Certifi\u00e9 ASTM pour la r\u00e9sistance aux risques \u00e9lectriques (classement EH)<\/li>\n<\/ul>","protected":false},"excerpt":{"rendered":"<p>La prochaine g\u00e9n\u00e9ration de bottes Haix est arriv\u00e9e!<\/p>","protected":false},"featured_media":4356,"template":"","meta":[],"product_brand":[243],"product_cat":[121,50],"product_tag":[304],"class_list":{"0":"post-4467","1":"product","2":"type-product","3":"status-publish","4":"has-post-thumbnail","6":"product_brand-haix","7":"product_cat-boots","8":"product_cat-personal-protective-equipment","9":"product_tag-haix","11":"first","12":"instock","13":"shipping-taxable","14":"product-type-simple"},"yoast_head":"<!-- This site is optimized with the Yoast SEO plugin v27.4 - https:\/\/yoast.com\/product\/yoast-seo-wordpress\/ -->\n<title>Airpower XR2 - Safety Source Fire<\/title>\n<meta name=\"robots\" content=\"noindex, follow, max-snippet:-1, max-image-preview:large, max-video-preview:-1\" \/>\n<meta property=\"og:locale\" content=\"fr_CA\" \/>\n<meta property=\"og:type\" content=\"article\" \/>\n<meta property=\"og:title\" content=\"Airpower XR2 - Safety Source Fire\" \/>\n<meta property=\"og:description\" content=\"The next generation of station and EMS boots\" \/>\n<meta property=\"og:url\" content=\"https:\/\/staging.safetysourcefire.ca\/fr_ca\/produit\/airpower-xr2\/\" \/>\n<meta property=\"og:site_name\" content=\"Safety Source Fire\" \/>\n<meta property=\"article:publisher\" content=\"https:\/\/www.facebook.com\/mmfssca\" \/>\n<meta property=\"article:modified_time\" content=\"2018-03-19T13:48:17+00:00\" \/>\n<meta property=\"og:image\" content=\"https:\/\/staging.safetysourcefire.ca\/wp-content\/uploads\/2017\/07\/XR2.jpg\" \/>\n\t<meta property=\"og:image:width\" content=\"600\" \/>\n\t<meta property=\"og:image:height\" content=\"600\" \/>\n\t<meta property=\"og:image:type\" content=\"image\/jpeg\" \/>\n<meta name=\"twitter:card\" content=\"summary_large_image\" \/>\n<meta name=\"twitter:site\" content=\"@mmfssca\" \/>\n<meta name=\"twitter:label1\" content=\"Estimation du temps de lecture\" \/>\n\t<meta name=\"twitter:data1\" content=\"4 minutes\" \/>\n<script type=\"application\/ld+json\" class=\"yoast-schema-graph\">{\"@context\":\"https:\\\/\\\/schema.org\",\"@graph\":[{\"@type\":\"WebPage\",\"@id\":\"https:\\\/\\\/staging.safetysourcefire.ca\\\/product\\\/airpower-xr2\\\/\",\"url\":\"https:\\\/\\\/staging.safetysourcefire.ca\\\/product\\\/airpower-xr2\\\/\",\"name\":\"Airpower XR2 - Safety Source Fire\",\"isPartOf\":{\"@id\":\"https:\\\/\\\/staging.safetysourcefire.ca\\\/#website\"},\"primaryImageOfPage\":{\"@id\":\"https:\\\/\\\/staging.safetysourcefire.ca\\\/product\\\/airpower-xr2\\\/#primaryimage\"},\"image\":{\"@id\":\"https:\\\/\\\/staging.safetysourcefire.ca\\\/product\\\/airpower-xr2\\\/#primaryimage\"},\"thumbnailUrl\":\"https:\\\/\\\/staging.safetysourcefire.ca\\\/wp-content\\\/uploads\\\/2017\\\/07\\\/XR2.jpg\",\"datePublished\":\"2017-07-06T14:32:38+00:00\",\"dateModified\":\"2018-03-19T13:48:17+00:00\",\"breadcrumb\":{\"@id\":\"https:\\\/\\\/staging.safetysourcefire.ca\\\/product\\\/airpower-xr2\\\/#breadcrumb\"},\"inLanguage\":\"fr-CA\",\"potentialAction\":[{\"@type\":\"ReadAction\",\"target\":[\"https:\\\/\\\/staging.safetysourcefire.ca\\\/product\\\/airpower-xr2\\\/\"]}]},{\"@type\":\"ImageObject\",\"inLanguage\":\"fr-CA\",\"@id\":\"https:\\\/\\\/staging.safetysourcefire.ca\\\/product\\\/airpower-xr2\\\/#primaryimage\",\"url\":\"https:\\\/\\\/staging.safetysourcefire.ca\\\/wp-content\\\/uploads\\\/2017\\\/07\\\/XR2.jpg\",\"contentUrl\":\"https:\\\/\\\/staging.safetysourcefire.ca\\\/wp-content\\\/uploads\\\/2017\\\/07\\\/XR2.jpg\",\"width\":600,\"height\":600,\"caption\":\"boot\"},{\"@type\":\"BreadcrumbList\",\"@id\":\"https:\\\/\\\/staging.safetysourcefire.ca\\\/product\\\/airpower-xr2\\\/#breadcrumb\",\"itemListElement\":[{\"@type\":\"ListItem\",\"position\":1,\"name\":\"Home\",\"item\":\"https:\\\/\\\/staging.safetysourcefire.ca\\\/\"},{\"@type\":\"ListItem\",\"position\":2,\"name\":\"Products\",\"item\":\"https:\\\/\\\/staging.safetysourcefire.ca\\\/shop\\\/\"},{\"@type\":\"ListItem\",\"position\":3,\"name\":\"Airpower XR2\"}]},{\"@type\":\"WebSite\",\"@id\":\"https:\\\/\\\/staging.safetysourcefire.ca\\\/#website\",\"url\":\"https:\\\/\\\/staging.safetysourcefire.ca\\\/\",\"name\":\"Safety Source Fire\",\"description\":\"\",\"publisher\":{\"@id\":\"https:\\\/\\\/staging.safetysourcefire.ca\\\/#organization\"},\"potentialAction\":[{\"@type\":\"SearchAction\",\"target\":{\"@type\":\"EntryPoint\",\"urlTemplate\":\"https:\\\/\\\/staging.safetysourcefire.ca\\\/?s={search_term_string}\"},\"query-input\":{\"@type\":\"PropertyValueSpecification\",\"valueRequired\":true,\"valueName\":\"search_term_string\"}}],\"inLanguage\":\"fr-CA\"},{\"@type\":\"Organization\",\"@id\":\"https:\\\/\\\/staging.safetysourcefire.ca\\\/#organization\",\"name\":\"Safety Source Fire\",\"url\":\"https:\\\/\\\/staging.safetysourcefire.ca\\\/\",\"logo\":{\"@type\":\"ImageObject\",\"inLanguage\":\"fr-CA\",\"@id\":\"https:\\\/\\\/staging.safetysourcefire.ca\\\/#\\\/schema\\\/logo\\\/image\\\/\",\"url\":\"https:\\\/\\\/staging.safetysourcefire.ca\\\/wp-content\\\/uploads\\\/2021\\\/01\\\/SSF_logo_CC0000-3.png\",\"contentUrl\":\"https:\\\/\\\/staging.safetysourcefire.ca\\\/wp-content\\\/uploads\\\/2021\\\/01\\\/SSF_logo_CC0000-3.png\",\"width\":1107,\"height\":365,\"caption\":\"Safety Source Fire\"},\"image\":{\"@id\":\"https:\\\/\\\/staging.safetysourcefire.ca\\\/#\\\/schema\\\/logo\\\/image\\\/\"},\"sameAs\":[\"https:\\\/\\\/www.facebook.com\\\/mmfssca\",\"https:\\\/\\\/x.com\\\/mmfssca\"]}]}<\/script>\n<!-- \/ Yoast SEO plugin. -->","yoast_head_json":{"title":"Airpower XR2 - Source de s\u00e9curit\u00e9 incendie","robots":{"index":"noindex","follow":"follow","max-snippet":"max-snippet:-1","max-image-preview":"max-image-preview:large","max-video-preview":"max-video-preview:-1"},"og_locale":"fr_CA","og_type":"article","og_title":"Airpower XR2 - Safety Source Fire","og_description":"The next generation of station and EMS boots","og_url":"https:\/\/staging.safetysourcefire.ca\/fr_ca\/produit\/airpower-xr2\/","og_site_name":"Safety Source Fire","article_publisher":"https:\/\/www.facebook.com\/mmfssca","article_modified_time":"2018-03-19T13:48:17+00:00","og_image":[{"width":600,"height":600,"url":"https:\/\/staging.safetysourcefire.ca\/wp-content\/uploads\/2017\/07\/XR2.jpg","type":"image\/jpeg"}],"twitter_card":"summary_large_image","twitter_site":"@mmfssca","twitter_misc":{"Estimation du temps de lecture":"4 minutes"},"schema":{"@context":"https:\/\/schema.org","@graph":[{"@type":"WebPage","@id":"https:\/\/staging.safetysourcefire.ca\/product\/airpower-xr2\/","url":"https:\/\/staging.safetysourcefire.ca\/product\/airpower-xr2\/","name":"Airpower XR2 - Source de s\u00e9curit\u00e9 incendie","isPartOf":{"@id":"https:\/\/staging.safetysourcefire.ca\/#website"},"primaryImageOfPage":{"@id":"https:\/\/staging.safetysourcefire.ca\/product\/airpower-xr2\/#primaryimage"},"image":{"@id":"https:\/\/staging.safetysourcefire.ca\/product\/airpower-xr2\/#primaryimage"},"thumbnailUrl":"https:\/\/staging.safetysourcefire.ca\/wp-content\/uploads\/2017\/07\/XR2.jpg","datePublished":"2017-07-06T14:32:38+00:00","dateModified":"2018-03-19T13:48:17+00:00","breadcrumb":{"@id":"https:\/\/staging.safetysourcefire.ca\/product\/airpower-xr2\/#breadcrumb"},"inLanguage":"fr-CA","potentialAction":[{"@type":"ReadAction","target":["https:\/\/staging.safetysourcefire.ca\/product\/airpower-xr2\/"]}]},{"@type":"ImageObject","inLanguage":"fr-CA","@id":"https:\/\/staging.safetysourcefire.ca\/product\/airpower-xr2\/#primaryimage","url":"https:\/\/staging.safetysourcefire.ca\/wp-content\/uploads\/2017\/07\/XR2.jpg","contentUrl":"https:\/\/staging.safetysourcefire.ca\/wp-content\/uploads\/2017\/07\/XR2.jpg","width":600,"height":600,"caption":"boot"},{"@type":"BreadcrumbList","@id":"https:\/\/staging.safetysourcefire.ca\/product\/airpower-xr2\/#breadcrumb","itemListElement":[{"@type":"ListItem","position":1,"name":"Home","item":"https:\/\/staging.safetysourcefire.ca\/"},{"@type":"ListItem","position":2,"name":"Products","item":"https:\/\/staging.safetysourcefire.ca\/shop\/"},{"@type":"ListItem","position":3,"name":"Airpower XR2"}]},{"@type":"WebSite","@id":"https:\/\/staging.safetysourcefire.ca\/#website","url":"https:\/\/staging.safetysourcefire.ca\/","name":"Safety Source Fire","description":"","publisher":{"@id":"https:\/\/staging.safetysourcefire.ca\/#organization"},"potentialAction":[{"@type":"SearchAction","target":{"@type":"EntryPoint","urlTemplate":"https:\/\/staging.safetysourcefire.ca\/?s={search_term_string}"},"query-input":{"@type":"PropertyValueSpecification","valueRequired":true,"valueName":"search_term_string"}}],"inLanguage":"fr-CA"},{"@type":"Organization","@id":"https:\/\/staging.safetysourcefire.ca\/#organization","name":"Safety Source Fire","url":"https:\/\/staging.safetysourcefire.ca\/","logo":{"@type":"ImageObject","inLanguage":"fr-CA","@id":"https:\/\/staging.safetysourcefire.ca\/#\/schema\/logo\/image\/","url":"https:\/\/staging.safetysourcefire.ca\/wp-content\/uploads\/2021\/01\/SSF_logo_CC0000-3.png","contentUrl":"https:\/\/staging.safetysourcefire.ca\/wp-content\/uploads\/2021\/01\/SSF_logo_CC0000-3.png","width":1107,"height":365,"caption":"Safety Source Fire"},"image":{"@id":"https:\/\/staging.safetysourcefire.ca\/#\/schema\/logo\/image\/"},"sameAs":["https:\/\/www.facebook.com\/mmfssca","https:\/\/x.com\/mmfssca"]}]}},"_links":{"self":[{"href":"https:\/\/staging.safetysourcefire.ca\/fr_ca\/wp-json\/wp\/v2\/product\/4467","targetHints":{"allow":["GET"]}}],"collection":[{"href":"https:\/\/staging.safetysourcefire.ca\/fr_ca\/wp-json\/wp\/v2\/product"}],"about":[{"href":"https:\/\/staging.safetysourcefire.ca\/fr_ca\/wp-json\/wp\/v2\/types\/product"}],"wp:featuredmedia":[{"embeddable":true,"href":"https:\/\/staging.safetysourcefire.ca\/fr_ca\/wp-json\/wp\/v2\/media\/4356"}],"wp:attachment":[{"href":"https:\/\/staging.safetysourcefire.ca\/fr_ca\/wp-json\/wp\/v2\/media?parent=4467"}],"wp:term":[{"taxonomy":"product_brand","embeddable":true,"href":"https:\/\/staging.safetysourcefire.ca\/fr_ca\/wp-json\/wp\/v2\/product_brand?post=4467"},{"taxonomy":"product_cat","embeddable":true,"href":"https:\/\/staging.safetysourcefire.ca\/fr_ca\/wp-json\/wp\/v2\/product_cat?post=4467"},{"taxonomy":"product_tag","embeddable":true,"href":"https:\/\/staging.safetysourcefire.ca\/fr_ca\/wp-json\/wp\/v2\/product_tag?post=4467"}],"curies":[{"name":"wp","href":"https:\/\/api.w.org\/{rel}","templated":true}]}}