{"id":4464,"date":"2017-07-06T14:29:16","date_gmt":"2017-07-06T14:29:16","guid":{"rendered":"https:\/\/mmfss.ca\/?post_type=product&#038;p=4464"},"modified":"2024-01-18T22:27:19","modified_gmt":"2024-01-18T22:27:19","slug":"fire-hunter","status":"publish","type":"product","link":"https:\/\/staging.safetysourcefire.ca\/fr_ca\/produit\/fire-hunter\/","title":{"rendered":"Bottes Fire Hunter"},"content":{"rendered":"<p>Il est temps d'abandonner les bottes en caoutchouc et d'enfiler une paire en cuir. Fire Hunter USA est le choix parfait pour faire cette transition, car son prix raisonnable la rend accessible \u00e0 tous,<\/p>\n<p><strong>\u00a0<\/strong><\/p>\n<p><strong>Cuir imperm\u00e9able et respirant avec technologie Sun Reflect<\/strong><\/p>\n<p>M\u00eame si elle ne poss\u00e8de pas toutes les options en extra que poss\u00e8dent certaines autres bottes HAIX, Fire Hunter USA est fabriqu\u00e9e en Europe et construit uniquement avec du cuir europ\u00e9en de premi\u00e8re qualit\u00e9. Cette botte de qualit\u00e9 supp\u00e9rieure en cuir imperm\u00e9able poss\u00e8de un minimum de coutures, ce qui les rend beaucoup plus durables. Avec la protection suppl\u00e9mentaire Sun Reflect, vos pieds restent au frais m\u00eame lorsque les bottes sont expos\u00e9es \u00e0 la lumi\u00e8re directe du soleil. La technologie Sun Reflect r\u00e9duit l'effet de chaleur et renvoie la lumi\u00e8re pour que le cuir reste frais.<\/p>\n<p><strong>\u00a0<\/strong><\/p>\n<p><strong>Prot\u00e9g\u00e9 par CROSSTECH\u00ae et Secura Liner\u00ae<\/strong><\/p>\n<p>Le HAIX Fire Hunter USA est dot\u00e9 d&#039;une doublure int\u00e9rieure CROSSTECH\u00ae qui rend les bottes non seulement imperm\u00e9ables, mais \u00e9galement r\u00e9sistantes aux produits chimiques et aux agents pathog\u00e8nes transmissibles par le sang. Cela signifie que vous n&#039;avez jamais \u00e0 vous soucier de la pr\u00e9sence de bact\u00e9ries ou de produits chimiques nocifs dans vos bottes pendant votre service. Vous pouvez exercer pleinement vos fonctions de pompier tout en \u00e9tant prot\u00e9g\u00e9. La fonction unique Secura Liner\u00ae prot\u00e8ge vos bottes de l&#039;usure et ne se froisse pas et ne se d\u00e9chire pas en vieillissant.<\/p>\n<p><strong>\u00a0<\/strong><\/p>\n<p><strong>Embout protecteur en acier et semelle anti-crevaison<\/strong><\/p>\n<p>Ces bottes approuv\u00e9es par la NFPA sont construites avec un embout en acier anatomiquement correct qui donne \u00e0 vos orteils l'espace dont ils ont besoin pour se d\u00e9placer tout en les prot\u00e8geant des \u00e9crasements. Le syst\u00e8me HAIX MSL permet une meilleure absorption des chocs et une meilleure isolation contre le froid et la chaleur, tandis que la semelle anti-crevaison en acier inoxydable vous prot\u00e8ge de la p\u00e9n\u00e9tration d'objets tranchants. Ces bottes sont certifi\u00e9es NFPA. Elles sont l\u00e9g\u00e8res et versatiles. \u00c0 vous de l'essayer!<\/p>\n<p><strong>\u00a0<\/strong><\/p>\n<p><strong>Absorbtion de l'humidit\u00e9 avec le syst\u00e8me HAIX Climate<\/strong><\/p>\n<p>Le HAIX Fire Hunter USA dispose d'un syst\u00e8me climatique int\u00e9gr\u00e9 qui garantit que vos chaussures sont bien isol\u00e9es tout en \u00e9quilibrant la temp\u00e9rature \u00e0 l'int\u00e9rieur de la botte. S'il fait frais, vos pieds sont gard\u00e9s au chaud et s'il fait chaud, vos pieds sont gard\u00e9s au frais. Le syst\u00e8me climatique permet une circulation d'air \u00e0 chaque pas \u00e0 travers des trous d'a\u00e9ration situ\u00e9s en haut de la botte. Ce syst\u00e8me permet \u00e0 l'air frais d'entrer tout en laissant sortir l'air humide.<br \/>\nM\u00eame si vous \u00eates de service toute la journ\u00e9e, vous n'aurez pas \u00e0 vous soucier des mauvaises odeurs lorsque vous enleverez vos chaussures HAIX. Les propri\u00e9t\u00e9s absorbantes de l'humidit\u00e9 de la semelle int\u00e9rieure HAIX Fire Hunter USA gardent vos pieds au sec \u00e0 tout moment. Parce que la doublure est lavable \u00e0 la machine et qu'elle s\u00e8che rapidement, vous pourrez facilement gardez vos bottes fra\u00eeches.<\/p>\n<p><strong>\u00a0<\/strong><\/p>\n<p><strong>Sangles de bottes renforc\u00e9es avec support de cheville<\/strong><\/p>\n<p>La semelle int\u00e9rieure du HAIX Fire Hunter USA est construite avec une semelle interm\u00e9diaire TEXON de forme anatomique qui aide \u00e9galement \u00e0 garder votre pied au sec et tout en soutenant la cheville. La semelle interm\u00e9diaire garantit que le pied re\u00e7oit le soutien dont il a besoin pour rester dans sa position naturelle, tout en stabilisant le talon qui, \u00e0 son tour, maintient votre cheville align\u00e9e. Des sangles bien plac\u00e9es vous aideront \u00e0 enfiler vos bottes en un rien de temps: en cas d'urgence, vous pourrez facilement enfiler vos bottes. Pas de lacets \u00e0 d\u00e9m\u00ealer et \u00e0 nouer!<\/p>\n<p><strong>\u00a0<\/strong><\/p>\n<p><strong>Semelle en caoutchouc avec mousse PU<\/strong><\/p>\n<p>La semelle HAIX Fire Hunter USA est r\u00e9sistante \u00e0 l'abrasion. La semelle est inject\u00e9e de mousse PU pour que vos pieds restent confortables, m\u00eame si vous restez debout pendant de longues p\u00e9riodes. Appel\u00e9e syst\u00e8me HAIX MSL, la mousse PU agit comme un amortisseur tout en prot\u00e9geant vos pieds des temp\u00e9ratures extr\u00eames (chaudes comme froides). La semelle en caoutchouc nitrile est antid\u00e9rapante et peut r\u00e9sister aux temp\u00e9ratures \u00e9lev\u00e9es que vous pouvez rencontrer lors d'un appel d'incendie. \u00c9galement r\u00e9sistant \u00e0 l'huile et au carburant avec une r\u00e9sistance \u00e0 haute tension allant jusqu'\u00e0 14 KV.<\/p>\n<ul>\n<li>Con\u00e7u en Allemagne<\/li>\n<li>Secura Liner\u00ae \u2013 ne se froissera pas et ne se d\u00e9collera jamais avec le temps<\/li>\n<li>Cuir HAIX\u00ae Sun Reflect aide \u00e0 garder les pieds au frais en plein soleil<\/li>\n<li>Mousse PU HAIX\u00ae MSL System (Micro Soft Light) inject\u00e9e dans toute la semelle pour une meilleure absorption des chocs et une isolation froid\/chaud<\/li>\n<li>Syst\u00e8me climatique HAIX\u00ae maintient la temp\u00e9rature de vos pieds r\u00e9gul\u00e9e et plus confortable<\/li>\n<li>Embout protecteur en acier<\/li>\n<li>Embout ext\u00e9rieur en caoutchouc profil\u00e9 pour une r\u00e9sistance accrue \u00e0 l&#039;abrasion lors de l&#039;exploration<\/li>\n<li>Semelle anti-crevaison en acier<\/li>\n<li>Tige int\u00e9gr\u00e9e pour un soutien suppl\u00e9mentaire sur les barreaux d'\u00e9chelle<\/li>\n<li>Sangles de bottes plus larges plac\u00e9es sous la ligne du dessus pour ne pas frotter le mollet<\/li>\n<li>Imperm\u00e9able\/respirant avec technologie CROSSTECH\u00ae<\/li>\n<li>Protection chimique accrue et r\u00e9sistance aux agents pathog\u00e8nes transmissibles par le sang<\/li>\n<li>Semelle en caoutchouc antid\u00e9rapante et tr\u00e8s r\u00e9sistante \u00e0 la chaleur<\/li>\n<\/ul>","protected":false},"excerpt":{"rendered":"<p>Le choix parfait pour les petits budgets.<\/p>","protected":false},"featured_media":28512,"template":"","meta":[],"product_brand":[243],"product_cat":[121,50],"product_tag":[304],"class_list":{"0":"post-4464","1":"product","2":"type-product","3":"status-publish","4":"has-post-thumbnail","6":"product_brand-haix","7":"product_cat-boots","8":"product_cat-personal-protective-equipment","9":"product_tag-haix","11":"first","12":"instock","13":"shipping-taxable","14":"product-type-simple"},"yoast_head":"<!-- This site is optimized with the Yoast SEO plugin v27.4 - https:\/\/yoast.com\/product\/yoast-seo-wordpress\/ -->\n<title>Fire Hunter - Safety Source Fire<\/title>\n<meta name=\"robots\" content=\"noindex, follow, max-snippet:-1, max-image-preview:large, max-video-preview:-1\" \/>\n<meta property=\"og:locale\" content=\"fr_CA\" \/>\n<meta property=\"og:type\" content=\"article\" \/>\n<meta property=\"og:title\" content=\"Fire Hunter - Safety Source Fire\" \/>\n<meta property=\"og:description\" content=\"Perfect choice for tight budgets\" \/>\n<meta property=\"og:url\" content=\"https:\/\/staging.safetysourcefire.ca\/fr_ca\/produit\/fire-hunter\/\" \/>\n<meta property=\"og:site_name\" content=\"Safety Source Fire\" \/>\n<meta property=\"article:publisher\" content=\"https:\/\/www.facebook.com\/mmfssca\" \/>\n<meta property=\"article:modified_time\" content=\"2024-01-18T22:27:19+00:00\" \/>\n<meta property=\"og:image\" content=\"https:\/\/staging.safetysourcefire.ca\/wp-content\/uploads\/2024\/01\/Fire-Hunter.jpg\" \/>\n\t<meta property=\"og:image:width\" content=\"600\" \/>\n\t<meta property=\"og:image:height\" content=\"600\" \/>\n\t<meta property=\"og:image:type\" content=\"image\/jpeg\" \/>\n<meta name=\"twitter:card\" content=\"summary_large_image\" \/>\n<meta name=\"twitter:site\" content=\"@mmfssca\" \/>\n<meta name=\"twitter:label1\" content=\"Estimation du temps de lecture\" \/>\n\t<meta name=\"twitter:data1\" content=\"4 minutes\" \/>\n<script type=\"application\/ld+json\" class=\"yoast-schema-graph\">{\"@context\":\"https:\\\/\\\/schema.org\",\"@graph\":[{\"@type\":\"WebPage\",\"@id\":\"https:\\\/\\\/staging.safetysourcefire.ca\\\/product\\\/fire-hunter\\\/\",\"url\":\"https:\\\/\\\/staging.safetysourcefire.ca\\\/product\\\/fire-hunter\\\/\",\"name\":\"Fire Hunter - Safety Source Fire\",\"isPartOf\":{\"@id\":\"https:\\\/\\\/staging.safetysourcefire.ca\\\/#website\"},\"primaryImageOfPage\":{\"@id\":\"https:\\\/\\\/staging.safetysourcefire.ca\\\/product\\\/fire-hunter\\\/#primaryimage\"},\"image\":{\"@id\":\"https:\\\/\\\/staging.safetysourcefire.ca\\\/product\\\/fire-hunter\\\/#primaryimage\"},\"thumbnailUrl\":\"https:\\\/\\\/staging.safetysourcefire.ca\\\/wp-content\\\/uploads\\\/2024\\\/01\\\/Fire-Hunter.jpg\",\"datePublished\":\"2017-07-06T14:29:16+00:00\",\"dateModified\":\"2024-01-18T22:27:19+00:00\",\"breadcrumb\":{\"@id\":\"https:\\\/\\\/staging.safetysourcefire.ca\\\/product\\\/fire-hunter\\\/#breadcrumb\"},\"inLanguage\":\"fr-CA\",\"potentialAction\":[{\"@type\":\"ReadAction\",\"target\":[\"https:\\\/\\\/staging.safetysourcefire.ca\\\/product\\\/fire-hunter\\\/\"]}]},{\"@type\":\"ImageObject\",\"inLanguage\":\"fr-CA\",\"@id\":\"https:\\\/\\\/staging.safetysourcefire.ca\\\/product\\\/fire-hunter\\\/#primaryimage\",\"url\":\"https:\\\/\\\/staging.safetysourcefire.ca\\\/wp-content\\\/uploads\\\/2024\\\/01\\\/Fire-Hunter.jpg\",\"contentUrl\":\"https:\\\/\\\/staging.safetysourcefire.ca\\\/wp-content\\\/uploads\\\/2024\\\/01\\\/Fire-Hunter.jpg\",\"width\":600,\"height\":600,\"caption\":\"fire hunter boot\"},{\"@type\":\"BreadcrumbList\",\"@id\":\"https:\\\/\\\/staging.safetysourcefire.ca\\\/product\\\/fire-hunter\\\/#breadcrumb\",\"itemListElement\":[{\"@type\":\"ListItem\",\"position\":1,\"name\":\"Home\",\"item\":\"https:\\\/\\\/staging.safetysourcefire.ca\\\/\"},{\"@type\":\"ListItem\",\"position\":2,\"name\":\"Products\",\"item\":\"https:\\\/\\\/staging.safetysourcefire.ca\\\/shop\\\/\"},{\"@type\":\"ListItem\",\"position\":3,\"name\":\"Fire Hunter\"}]},{\"@type\":\"WebSite\",\"@id\":\"https:\\\/\\\/staging.safetysourcefire.ca\\\/#website\",\"url\":\"https:\\\/\\\/staging.safetysourcefire.ca\\\/\",\"name\":\"Safety Source Fire\",\"description\":\"\",\"publisher\":{\"@id\":\"https:\\\/\\\/staging.safetysourcefire.ca\\\/#organization\"},\"potentialAction\":[{\"@type\":\"SearchAction\",\"target\":{\"@type\":\"EntryPoint\",\"urlTemplate\":\"https:\\\/\\\/staging.safetysourcefire.ca\\\/?s={search_term_string}\"},\"query-input\":{\"@type\":\"PropertyValueSpecification\",\"valueRequired\":true,\"valueName\":\"search_term_string\"}}],\"inLanguage\":\"fr-CA\"},{\"@type\":\"Organization\",\"@id\":\"https:\\\/\\\/staging.safetysourcefire.ca\\\/#organization\",\"name\":\"Safety Source Fire\",\"url\":\"https:\\\/\\\/staging.safetysourcefire.ca\\\/\",\"logo\":{\"@type\":\"ImageObject\",\"inLanguage\":\"fr-CA\",\"@id\":\"https:\\\/\\\/staging.safetysourcefire.ca\\\/#\\\/schema\\\/logo\\\/image\\\/\",\"url\":\"https:\\\/\\\/staging.safetysourcefire.ca\\\/wp-content\\\/uploads\\\/2021\\\/01\\\/SSF_logo_CC0000-3.png\",\"contentUrl\":\"https:\\\/\\\/staging.safetysourcefire.ca\\\/wp-content\\\/uploads\\\/2021\\\/01\\\/SSF_logo_CC0000-3.png\",\"width\":1107,\"height\":365,\"caption\":\"Safety Source Fire\"},\"image\":{\"@id\":\"https:\\\/\\\/staging.safetysourcefire.ca\\\/#\\\/schema\\\/logo\\\/image\\\/\"},\"sameAs\":[\"https:\\\/\\\/www.facebook.com\\\/mmfssca\",\"https:\\\/\\\/x.com\\\/mmfssca\"]}]}<\/script>\n<!-- \/ Yoast SEO plugin. -->","yoast_head_json":{"title":"Fire Hunter - Source de s\u00e9curit\u00e9 incendie","robots":{"index":"noindex","follow":"follow","max-snippet":"max-snippet:-1","max-image-preview":"max-image-preview:large","max-video-preview":"max-video-preview:-1"},"og_locale":"fr_CA","og_type":"article","og_title":"Fire Hunter - Safety Source Fire","og_description":"Perfect choice for tight budgets","og_url":"https:\/\/staging.safetysourcefire.ca\/fr_ca\/produit\/fire-hunter\/","og_site_name":"Safety Source Fire","article_publisher":"https:\/\/www.facebook.com\/mmfssca","article_modified_time":"2024-01-18T22:27:19+00:00","og_image":[{"width":600,"height":600,"url":"https:\/\/staging.safetysourcefire.ca\/wp-content\/uploads\/2024\/01\/Fire-Hunter.jpg","type":"image\/jpeg"}],"twitter_card":"summary_large_image","twitter_site":"@mmfssca","twitter_misc":{"Estimation du temps de lecture":"4 minutes"},"schema":{"@context":"https:\/\/schema.org","@graph":[{"@type":"WebPage","@id":"https:\/\/staging.safetysourcefire.ca\/product\/fire-hunter\/","url":"https:\/\/staging.safetysourcefire.ca\/product\/fire-hunter\/","name":"Fire Hunter - Source de s\u00e9curit\u00e9 incendie","isPartOf":{"@id":"https:\/\/staging.safetysourcefire.ca\/#website"},"primaryImageOfPage":{"@id":"https:\/\/staging.safetysourcefire.ca\/product\/fire-hunter\/#primaryimage"},"image":{"@id":"https:\/\/staging.safetysourcefire.ca\/product\/fire-hunter\/#primaryimage"},"thumbnailUrl":"https:\/\/staging.safetysourcefire.ca\/wp-content\/uploads\/2024\/01\/Fire-Hunter.jpg","datePublished":"2017-07-06T14:29:16+00:00","dateModified":"2024-01-18T22:27:19+00:00","breadcrumb":{"@id":"https:\/\/staging.safetysourcefire.ca\/product\/fire-hunter\/#breadcrumb"},"inLanguage":"fr-CA","potentialAction":[{"@type":"ReadAction","target":["https:\/\/staging.safetysourcefire.ca\/product\/fire-hunter\/"]}]},{"@type":"ImageObject","inLanguage":"fr-CA","@id":"https:\/\/staging.safetysourcefire.ca\/product\/fire-hunter\/#primaryimage","url":"https:\/\/staging.safetysourcefire.ca\/wp-content\/uploads\/2024\/01\/Fire-Hunter.jpg","contentUrl":"https:\/\/staging.safetysourcefire.ca\/wp-content\/uploads\/2024\/01\/Fire-Hunter.jpg","width":600,"height":600,"caption":"fire hunter boot"},{"@type":"BreadcrumbList","@id":"https:\/\/staging.safetysourcefire.ca\/product\/fire-hunter\/#breadcrumb","itemListElement":[{"@type":"ListItem","position":1,"name":"Home","item":"https:\/\/staging.safetysourcefire.ca\/"},{"@type":"ListItem","position":2,"name":"Products","item":"https:\/\/staging.safetysourcefire.ca\/shop\/"},{"@type":"ListItem","position":3,"name":"Fire Hunter"}]},{"@type":"WebSite","@id":"https:\/\/staging.safetysourcefire.ca\/#website","url":"https:\/\/staging.safetysourcefire.ca\/","name":"Safety Source Fire","description":"","publisher":{"@id":"https:\/\/staging.safetysourcefire.ca\/#organization"},"potentialAction":[{"@type":"SearchAction","target":{"@type":"EntryPoint","urlTemplate":"https:\/\/staging.safetysourcefire.ca\/?s={search_term_string}"},"query-input":{"@type":"PropertyValueSpecification","valueRequired":true,"valueName":"search_term_string"}}],"inLanguage":"fr-CA"},{"@type":"Organization","@id":"https:\/\/staging.safetysourcefire.ca\/#organization","name":"Safety Source Fire","url":"https:\/\/staging.safetysourcefire.ca\/","logo":{"@type":"ImageObject","inLanguage":"fr-CA","@id":"https:\/\/staging.safetysourcefire.ca\/#\/schema\/logo\/image\/","url":"https:\/\/staging.safetysourcefire.ca\/wp-content\/uploads\/2021\/01\/SSF_logo_CC0000-3.png","contentUrl":"https:\/\/staging.safetysourcefire.ca\/wp-content\/uploads\/2021\/01\/SSF_logo_CC0000-3.png","width":1107,"height":365,"caption":"Safety Source Fire"},"image":{"@id":"https:\/\/staging.safetysourcefire.ca\/#\/schema\/logo\/image\/"},"sameAs":["https:\/\/www.facebook.com\/mmfssca","https:\/\/x.com\/mmfssca"]}]}},"_links":{"self":[{"href":"https:\/\/staging.safetysourcefire.ca\/fr_ca\/wp-json\/wp\/v2\/product\/4464","targetHints":{"allow":["GET"]}}],"collection":[{"href":"https:\/\/staging.safetysourcefire.ca\/fr_ca\/wp-json\/wp\/v2\/product"}],"about":[{"href":"https:\/\/staging.safetysourcefire.ca\/fr_ca\/wp-json\/wp\/v2\/types\/product"}],"wp:featuredmedia":[{"embeddable":true,"href":"https:\/\/staging.safetysourcefire.ca\/fr_ca\/wp-json\/wp\/v2\/media\/28512"}],"wp:attachment":[{"href":"https:\/\/staging.safetysourcefire.ca\/fr_ca\/wp-json\/wp\/v2\/media?parent=4464"}],"wp:term":[{"taxonomy":"product_brand","embeddable":true,"href":"https:\/\/staging.safetysourcefire.ca\/fr_ca\/wp-json\/wp\/v2\/product_brand?post=4464"},{"taxonomy":"product_cat","embeddable":true,"href":"https:\/\/staging.safetysourcefire.ca\/fr_ca\/wp-json\/wp\/v2\/product_cat?post=4464"},{"taxonomy":"product_tag","embeddable":true,"href":"https:\/\/staging.safetysourcefire.ca\/fr_ca\/wp-json\/wp\/v2\/product_tag?post=4464"}],"curies":[{"name":"wp","href":"https:\/\/api.w.org\/{rel}","templated":true}]}}