{"id":4450,"date":"2017-07-06T13:51:11","date_gmt":"2017-07-06T13:51:11","guid":{"rendered":"https:\/\/mmfss.ca\/?post_type=product&#038;p=4450"},"modified":"2018-03-19T13:03:04","modified_gmt":"2018-03-19T13:03:04","slug":"usrx-fire-rescue-helmet","status":"publish","type":"product","link":"https:\/\/staging.safetysourcefire.ca\/fr_ca\/produit\/usrx-fire-rescue-helmet\/","title":{"rendered":"Casque d&#039;incendie et de sauvetage USRX"},"content":{"rendered":"<p><strong>Double certification<\/strong><\/p>\n<p>Ce casque polyvalent int\u00e8gre les recommandations des \u00e9quipes USAR et d&#039;autres professionnels de l&#039;incendie et du sauvetage. Le r\u00e9sultat est un assemblage int\u00e9gr\u00e9 de mat\u00e9riaux de pointe et de composants de qualit\u00e9 qui offrent une protection sup\u00e9rieure de la t\u00eate, un confort et une durabilit\u00e9 \u00e9prouv\u00e9e. Le casque USRX est certifi\u00e9 conforme aux normes structurelles d&#039;incendie et de sauvetage NFPA.<\/p>\n<ul>\n<li>NFPA 1951-2001\u00a0:<\/li>\n<\/ul>\n<p><em>Norme pour la recherche et le sauvetage en milieu urbain<\/em><\/p>\n<ul>\n<li>NFPA 1971-2007\u00a0:<\/li>\n<\/ul>\n<p><em>Norme pour la lutte contre les incendies de structure et de proximit\u00e9<\/em><\/p>\n<p><strong>Qualit\u00e9 Bullard.<\/strong><\/p>\n<p>Avec le casque de sauvetage USRX repens\u00e9, vous aurez plus d'espace pour la t\u00eate que jamais auparavant. Ce casque thermoplastique avanc\u00e9 est l\u00e9ger et \u00e9limine l'exc\u00e8s de poids, r\u00e9duisant le stress et la fatigue associ\u00e9s aux casques plus volumineux, sans sacrifier la protection.<\/p>\n<p><strong>Con\u00e7u pour le confort et la protection<\/strong><\/p>\n<p>Le M-PACT Shell\u2122 brevet\u00e9 par Bullard avec la conception SmartRidge offrent une protection thermique et contre les chocs, tout en permettant plus d'espace pour la t\u00eate, pour un ajustement confortable.<\/p>\n<p><strong>Ajustement rapide et facile<\/strong><\/p>\n<p>Le serre-t\u00eate \u00e0 cliquet Bullard Sure-Lock\u00ae offre \u00e0 la fois un bouton rapide et un nouveau r\u00e9glage de hauteur \u00e0 trois positions pour l'\u00e9quilibre et le confort. L'USRX est \u00e9quip\u00e9 d'un cliquet recouvert de cuir et d'une attache jugulaire \u00e0 trois points.<\/p>\n<p><strong>Protection occulaire \u00e0 fixation rapide<\/strong><\/p>\n<p>Les casques Bullard USRX Series sont livr\u00e9s avec le tout nouveau et innovant syst\u00e8me Quick-Attach\u2122. Ce syst\u00e8me permet \u00e0 l'utilisateur d'ajouter ou enlever un \u00e9cran facial mont\u00e9 sur lame ou des lunettes mont\u00e9es sur lame en quelques secondes : aucun outil n'est requis. Cette flexibilit\u00e9 donne \u00e0 l'utilisateur l'avantage de travailler ou non avec une protection occulaire, sans changements fastidieux de composants. L'USRX est livr\u00e9 avec des lunettes ESS ou un \u00e9cran facial.<\/p>\n<p><strong>Entretien rentable<\/strong><\/p>\n<p>Les casques USRX sont con\u00e7us d\u00e8s le d\u00e9part pour permettre un entretien simple et \u00e9conomique<\/p>\n<p>Ce casque d\u00e9tient la plus grande rentabilit\u00e9 de l'industrie. De plus, gr\u00e2ce aux \u00e9crans faciaux moul\u00e9s, vous aurez moins de fissures sous contrainte \u00e0 g\u00e9rer.<\/p>\n<p><strong>Ajustement personnalis\u00e9<\/strong><\/p>\n<p>Tous les casques de pompiers Bullard sont \u00e9quip\u00e9s du syst\u00e8me U-Fit, offrant 12 options de r\u00e9glages confortables et personnalis\u00e9s. Avoir autant d'options, c'est persque comme avoir un casque sur mesure, con\u00e7u sp\u00e9cialement pour vous!<\/p>","protected":false},"excerpt":{"rendered":"<p>Ce casque polyvalent comprends des am\u00e9liorations bas\u00e9es sur les recommandations des \u00e9quipes USAR ainsi que celles des autres professionnels de l'incendie et du sauvetage.<\/p>","protected":false},"featured_media":4384,"template":"","meta":[],"product_brand":[201],"product_cat":[124,50],"product_tag":[265],"class_list":{"0":"post-4450","1":"product","2":"type-product","3":"status-publish","4":"has-post-thumbnail","6":"product_brand-bullard","7":"product_cat-helmets","8":"product_cat-personal-protective-equipment","9":"product_tag-bullard","11":"first","12":"instock","13":"shipping-taxable","14":"product-type-simple"},"yoast_head":"<!-- This site is optimized with the Yoast SEO plugin v27.4 - https:\/\/yoast.com\/product\/yoast-seo-wordpress\/ -->\n<title>USRX Fire &amp; Rescue Helmet - Safety Source Fire<\/title>\n<meta name=\"robots\" content=\"noindex, follow, max-snippet:-1, max-image-preview:large, max-video-preview:-1\" \/>\n<meta property=\"og:locale\" content=\"fr_CA\" \/>\n<meta property=\"og:type\" content=\"article\" \/>\n<meta property=\"og:title\" content=\"USRX Fire &amp; Rescue Helmet - Safety Source Fire\" \/>\n<meta property=\"og:description\" content=\"This versatile helmet incorporates recommendations from USAR teams and other fire and rescue professionals.\" \/>\n<meta property=\"og:url\" content=\"https:\/\/staging.safetysourcefire.ca\/fr_ca\/produit\/usrx-fire-rescue-helmet\/\" \/>\n<meta property=\"og:site_name\" content=\"Safety Source Fire\" \/>\n<meta property=\"article:publisher\" content=\"https:\/\/www.facebook.com\/mmfssca\" \/>\n<meta property=\"article:modified_time\" content=\"2018-03-19T13:03:04+00:00\" \/>\n<meta property=\"og:image\" content=\"https:\/\/staging.safetysourcefire.ca\/wp-content\/uploads\/2017\/07\/Bullard-USRX-Helmet.jpg\" \/>\n\t<meta property=\"og:image:width\" content=\"600\" \/>\n\t<meta property=\"og:image:height\" content=\"600\" \/>\n\t<meta property=\"og:image:type\" content=\"image\/jpeg\" \/>\n<meta name=\"twitter:card\" content=\"summary_large_image\" \/>\n<meta name=\"twitter:site\" content=\"@mmfssca\" \/>\n<meta name=\"twitter:label1\" content=\"Estimation du temps de lecture\" \/>\n\t<meta name=\"twitter:data1\" content=\"2 minutes\" \/>\n<script type=\"application\/ld+json\" class=\"yoast-schema-graph\">{\"@context\":\"https:\\\/\\\/schema.org\",\"@graph\":[{\"@type\":\"WebPage\",\"@id\":\"https:\\\/\\\/staging.safetysourcefire.ca\\\/product\\\/usrx-fire-rescue-helmet\\\/\",\"url\":\"https:\\\/\\\/staging.safetysourcefire.ca\\\/product\\\/usrx-fire-rescue-helmet\\\/\",\"name\":\"USRX Fire & Rescue Helmet - Safety Source Fire\",\"isPartOf\":{\"@id\":\"https:\\\/\\\/staging.safetysourcefire.ca\\\/#website\"},\"primaryImageOfPage\":{\"@id\":\"https:\\\/\\\/staging.safetysourcefire.ca\\\/product\\\/usrx-fire-rescue-helmet\\\/#primaryimage\"},\"image\":{\"@id\":\"https:\\\/\\\/staging.safetysourcefire.ca\\\/product\\\/usrx-fire-rescue-helmet\\\/#primaryimage\"},\"thumbnailUrl\":\"https:\\\/\\\/staging.safetysourcefire.ca\\\/wp-content\\\/uploads\\\/2017\\\/07\\\/Bullard-USRX-Helmet.jpg\",\"datePublished\":\"2017-07-06T13:51:11+00:00\",\"dateModified\":\"2018-03-19T13:03:04+00:00\",\"breadcrumb\":{\"@id\":\"https:\\\/\\\/staging.safetysourcefire.ca\\\/product\\\/usrx-fire-rescue-helmet\\\/#breadcrumb\"},\"inLanguage\":\"fr-CA\",\"potentialAction\":[{\"@type\":\"ReadAction\",\"target\":[\"https:\\\/\\\/staging.safetysourcefire.ca\\\/product\\\/usrx-fire-rescue-helmet\\\/\"]}]},{\"@type\":\"ImageObject\",\"inLanguage\":\"fr-CA\",\"@id\":\"https:\\\/\\\/staging.safetysourcefire.ca\\\/product\\\/usrx-fire-rescue-helmet\\\/#primaryimage\",\"url\":\"https:\\\/\\\/staging.safetysourcefire.ca\\\/wp-content\\\/uploads\\\/2017\\\/07\\\/Bullard-USRX-Helmet.jpg\",\"contentUrl\":\"https:\\\/\\\/staging.safetysourcefire.ca\\\/wp-content\\\/uploads\\\/2017\\\/07\\\/Bullard-USRX-Helmet.jpg\",\"width\":600,\"height\":600,\"caption\":\"helmet\"},{\"@type\":\"BreadcrumbList\",\"@id\":\"https:\\\/\\\/staging.safetysourcefire.ca\\\/product\\\/usrx-fire-rescue-helmet\\\/#breadcrumb\",\"itemListElement\":[{\"@type\":\"ListItem\",\"position\":1,\"name\":\"Home\",\"item\":\"https:\\\/\\\/staging.safetysourcefire.ca\\\/\"},{\"@type\":\"ListItem\",\"position\":2,\"name\":\"Products\",\"item\":\"https:\\\/\\\/staging.safetysourcefire.ca\\\/shop\\\/\"},{\"@type\":\"ListItem\",\"position\":3,\"name\":\"USRX Fire &#038; Rescue Helmet\"}]},{\"@type\":\"WebSite\",\"@id\":\"https:\\\/\\\/staging.safetysourcefire.ca\\\/#website\",\"url\":\"https:\\\/\\\/staging.safetysourcefire.ca\\\/\",\"name\":\"Safety Source Fire\",\"description\":\"\",\"publisher\":{\"@id\":\"https:\\\/\\\/staging.safetysourcefire.ca\\\/#organization\"},\"potentialAction\":[{\"@type\":\"SearchAction\",\"target\":{\"@type\":\"EntryPoint\",\"urlTemplate\":\"https:\\\/\\\/staging.safetysourcefire.ca\\\/?s={search_term_string}\"},\"query-input\":{\"@type\":\"PropertyValueSpecification\",\"valueRequired\":true,\"valueName\":\"search_term_string\"}}],\"inLanguage\":\"fr-CA\"},{\"@type\":\"Organization\",\"@id\":\"https:\\\/\\\/staging.safetysourcefire.ca\\\/#organization\",\"name\":\"Safety Source Fire\",\"url\":\"https:\\\/\\\/staging.safetysourcefire.ca\\\/\",\"logo\":{\"@type\":\"ImageObject\",\"inLanguage\":\"fr-CA\",\"@id\":\"https:\\\/\\\/staging.safetysourcefire.ca\\\/#\\\/schema\\\/logo\\\/image\\\/\",\"url\":\"https:\\\/\\\/staging.safetysourcefire.ca\\\/wp-content\\\/uploads\\\/2021\\\/01\\\/SSF_logo_CC0000-3.png\",\"contentUrl\":\"https:\\\/\\\/staging.safetysourcefire.ca\\\/wp-content\\\/uploads\\\/2021\\\/01\\\/SSF_logo_CC0000-3.png\",\"width\":1107,\"height\":365,\"caption\":\"Safety Source Fire\"},\"image\":{\"@id\":\"https:\\\/\\\/staging.safetysourcefire.ca\\\/#\\\/schema\\\/logo\\\/image\\\/\"},\"sameAs\":[\"https:\\\/\\\/www.facebook.com\\\/mmfssca\",\"https:\\\/\\\/x.com\\\/mmfssca\"]}]}<\/script>\n<!-- \/ Yoast SEO plugin. -->","yoast_head_json":{"title":"Casque de pompier et de sauvetage USRX - Safety Source Fire","robots":{"index":"noindex","follow":"follow","max-snippet":"max-snippet:-1","max-image-preview":"max-image-preview:large","max-video-preview":"max-video-preview:-1"},"og_locale":"fr_CA","og_type":"article","og_title":"USRX Fire & Rescue Helmet - Safety Source Fire","og_description":"This versatile helmet incorporates recommendations from USAR teams and other fire and rescue professionals.","og_url":"https:\/\/staging.safetysourcefire.ca\/fr_ca\/produit\/usrx-fire-rescue-helmet\/","og_site_name":"Safety Source Fire","article_publisher":"https:\/\/www.facebook.com\/mmfssca","article_modified_time":"2018-03-19T13:03:04+00:00","og_image":[{"width":600,"height":600,"url":"https:\/\/staging.safetysourcefire.ca\/wp-content\/uploads\/2017\/07\/Bullard-USRX-Helmet.jpg","type":"image\/jpeg"}],"twitter_card":"summary_large_image","twitter_site":"@mmfssca","twitter_misc":{"Estimation du temps de lecture":"2 minutes"},"schema":{"@context":"https:\/\/schema.org","@graph":[{"@type":"WebPage","@id":"https:\/\/staging.safetysourcefire.ca\/product\/usrx-fire-rescue-helmet\/","url":"https:\/\/staging.safetysourcefire.ca\/product\/usrx-fire-rescue-helmet\/","name":"Casque de pompier et de sauvetage USRX - Safety Source Fire","isPartOf":{"@id":"https:\/\/staging.safetysourcefire.ca\/#website"},"primaryImageOfPage":{"@id":"https:\/\/staging.safetysourcefire.ca\/product\/usrx-fire-rescue-helmet\/#primaryimage"},"image":{"@id":"https:\/\/staging.safetysourcefire.ca\/product\/usrx-fire-rescue-helmet\/#primaryimage"},"thumbnailUrl":"https:\/\/staging.safetysourcefire.ca\/wp-content\/uploads\/2017\/07\/Bullard-USRX-Helmet.jpg","datePublished":"2017-07-06T13:51:11+00:00","dateModified":"2018-03-19T13:03:04+00:00","breadcrumb":{"@id":"https:\/\/staging.safetysourcefire.ca\/product\/usrx-fire-rescue-helmet\/#breadcrumb"},"inLanguage":"fr-CA","potentialAction":[{"@type":"ReadAction","target":["https:\/\/staging.safetysourcefire.ca\/product\/usrx-fire-rescue-helmet\/"]}]},{"@type":"ImageObject","inLanguage":"fr-CA","@id":"https:\/\/staging.safetysourcefire.ca\/product\/usrx-fire-rescue-helmet\/#primaryimage","url":"https:\/\/staging.safetysourcefire.ca\/wp-content\/uploads\/2017\/07\/Bullard-USRX-Helmet.jpg","contentUrl":"https:\/\/staging.safetysourcefire.ca\/wp-content\/uploads\/2017\/07\/Bullard-USRX-Helmet.jpg","width":600,"height":600,"caption":"helmet"},{"@type":"BreadcrumbList","@id":"https:\/\/staging.safetysourcefire.ca\/product\/usrx-fire-rescue-helmet\/#breadcrumb","itemListElement":[{"@type":"ListItem","position":1,"name":"Home","item":"https:\/\/staging.safetysourcefire.ca\/"},{"@type":"ListItem","position":2,"name":"Products","item":"https:\/\/staging.safetysourcefire.ca\/shop\/"},{"@type":"ListItem","position":3,"name":"USRX Fire &#038; Rescue Helmet"}]},{"@type":"WebSite","@id":"https:\/\/staging.safetysourcefire.ca\/#website","url":"https:\/\/staging.safetysourcefire.ca\/","name":"Safety Source Fire","description":"","publisher":{"@id":"https:\/\/staging.safetysourcefire.ca\/#organization"},"potentialAction":[{"@type":"SearchAction","target":{"@type":"EntryPoint","urlTemplate":"https:\/\/staging.safetysourcefire.ca\/?s={search_term_string}"},"query-input":{"@type":"PropertyValueSpecification","valueRequired":true,"valueName":"search_term_string"}}],"inLanguage":"fr-CA"},{"@type":"Organization","@id":"https:\/\/staging.safetysourcefire.ca\/#organization","name":"Safety Source Fire","url":"https:\/\/staging.safetysourcefire.ca\/","logo":{"@type":"ImageObject","inLanguage":"fr-CA","@id":"https:\/\/staging.safetysourcefire.ca\/#\/schema\/logo\/image\/","url":"https:\/\/staging.safetysourcefire.ca\/wp-content\/uploads\/2021\/01\/SSF_logo_CC0000-3.png","contentUrl":"https:\/\/staging.safetysourcefire.ca\/wp-content\/uploads\/2021\/01\/SSF_logo_CC0000-3.png","width":1107,"height":365,"caption":"Safety Source Fire"},"image":{"@id":"https:\/\/staging.safetysourcefire.ca\/#\/schema\/logo\/image\/"},"sameAs":["https:\/\/www.facebook.com\/mmfssca","https:\/\/x.com\/mmfssca"]}]}},"_links":{"self":[{"href":"https:\/\/staging.safetysourcefire.ca\/fr_ca\/wp-json\/wp\/v2\/product\/4450","targetHints":{"allow":["GET"]}}],"collection":[{"href":"https:\/\/staging.safetysourcefire.ca\/fr_ca\/wp-json\/wp\/v2\/product"}],"about":[{"href":"https:\/\/staging.safetysourcefire.ca\/fr_ca\/wp-json\/wp\/v2\/types\/product"}],"wp:featuredmedia":[{"embeddable":true,"href":"https:\/\/staging.safetysourcefire.ca\/fr_ca\/wp-json\/wp\/v2\/media\/4384"}],"wp:attachment":[{"href":"https:\/\/staging.safetysourcefire.ca\/fr_ca\/wp-json\/wp\/v2\/media?parent=4450"}],"wp:term":[{"taxonomy":"product_brand","embeddable":true,"href":"https:\/\/staging.safetysourcefire.ca\/fr_ca\/wp-json\/wp\/v2\/product_brand?post=4450"},{"taxonomy":"product_cat","embeddable":true,"href":"https:\/\/staging.safetysourcefire.ca\/fr_ca\/wp-json\/wp\/v2\/product_cat?post=4450"},{"taxonomy":"product_tag","embeddable":true,"href":"https:\/\/staging.safetysourcefire.ca\/fr_ca\/wp-json\/wp\/v2\/product_tag?post=4450"}],"curies":[{"name":"wp","href":"https:\/\/api.w.org\/{rel}","templated":true}]}}