{"id":4449,"date":"2017-07-06T13:50:10","date_gmt":"2017-07-06T13:50:10","guid":{"rendered":"https:\/\/mmfss.ca\/?post_type=product&#038;p=4449"},"modified":"2018-03-19T13:03:04","modified_gmt":"2018-03-19T13:03:04","slug":"ust-traditional-series-helmet","status":"publish","type":"product","link":"https:\/\/staging.safetysourcefire.ca\/fr_ca\/produit\/ust-traditional-series-helmet\/","title":{"rendered":"Casque UST S\u00e9rie traditionnelle"},"content":{"rendered":"<p><strong>Robuste et durable<\/strong><\/p>\n<p>La coque ext\u00e9rieure de l'UST est en Thermoglas\u00ae. Ceci fait qu'elle est plus r\u00e9sistante aux attaques chimiques et plus stable aux temp\u00e9ratures extr\u00eames. De plus, la mousse d'ur\u00e9thane \u00e0 double usage sans CFC de la doublure offre une protection sup\u00e9rieure contre les impacts et la p\u00e9n\u00e9tration, ainsi qu'une isolation thermique. Cette mousse stable \u00e0 haute temp\u00e9rature est jointe \u00e0 la coque int\u00e9rieure en thermoplastique pour une protection durable.<\/p>\n<p><strong>Confort personnalis\u00e9<\/strong><\/p>\n<p>Tous les casques de pompiers Bullard sont \u00e9quip\u00e9s du syst\u00e8me U-Fit, offrant 12 options de r\u00e9glages confortables et personnalis\u00e9s. Avoir autant d'options, c'est persque comme avoir un casque sur mesure, con\u00e7u sp\u00e9cialement pour vous!<\/p>\n<p><strong>Qualit\u00e9 sup\u00e9rieure<\/strong><\/p>\n<p>Un aigle en laiton ou une feuille d'\u00e9rable canadienne finement sculpt\u00e9 orne fi\u00e8rement le devant des casques Bullard UST. La qualit\u00e9, la durabilit\u00e9 et la fiert\u00e9 de ces supports avant en cuir brillant sont une d\u00e9claration de patriotisme dans les services d'incendie. Tous les supports avant en cuir Bullard sont capables de s'adapter \u00e0 toutes les fa\u00e7ades en cuir sur le march\u00e9 aujourd'hui. L'aigle en laiton est disponible en tailles de 5 pouces ou 6 pouces. Pour une visibilit\u00e9 maximale, m\u00eame en cas de chaleur extr\u00eame, les casques UST sont livr\u00e9s avec des bandes Scotchlite\u00ae de haute qualit\u00e9, qui conservent la r\u00e9flectivit\u00e9 \u00e0 500 \u00b0 F. Une autre caract\u00e9ristique importante est le bandeau \u00e0 cliquet Bullard Sure-Lock\u00ae, offrant \u00e0 la fois un bouton facile \u00e0 tourner et un r\u00e9glage de la hauteur \u00e0 trois positions pour cr\u00e9er un ajustement compl\u00e8tement personnalis\u00e9. Le casque UST est \u00e9galement \u00e9quip\u00e9 de base avec une housse \u00e0 cliquet en cuir.<\/p>\n<p><strong>Protections occulaires Bullard Bourke<\/strong><\/p>\n<p>Obtenez le look que vous voulez avec les protections oculaires Bullard Bourke. Celles-ci sont disponibles dans des versions conformes \u00e0 la NFPA lorsqu'elles sont achet\u00e9es avec des lunettes Bullard ESS. Des \u00e9crans faciaux optiquement corrects de quatre et six pouces sont \u00e9galement disponibles.<\/p>\n<p><strong>Approuv\u00e9 par la NFPA<\/strong><\/p>\n<p>Le casque de pompier UST d\u00e9passe la norme NFPA 1971, <em>Norme sur l&#039;ensemble de protection pour la lutte contre l&#039;incendie de structure et la lutte contre l&#039;incendie de proximit\u00e9<\/em><\/p>\n<p><strong>Commande en ligne<\/strong><\/p>\n<p>La commande de fa\u00e7ades en cuir personnalis\u00e9es n&#039;a jamais \u00e9t\u00e9 aussi simple ! Concevez votre propre fa\u00e7ade en cuir, directement en ligne sur <a href=\"http:\/\/www.bullard.com\/lfc\">www.bullard.com\/lfc<\/a>.<\/p>\n<p><strong>\u00c9clairage de casque int\u00e9gr\u00e9 disponible<\/strong><\/p>\n<p>Le casque de pompier UST est disponible avec l'\u00e9clairage de casque Bullard TrakLite\u2122. Dot\u00e9 de plusieurs lumi\u00e8res LED lumineuses, durables et orient\u00e9es vers l'avant, TrakLite peut \u00eatre int\u00e9gr\u00e9 \u00e0 la conception du casque pour un excellent \u00e9quilibre du poids et un excellent \u00e9clairage. Les fonctions de s\u00e9curit\u00e9 suppl\u00e9mentaires incluent le voyant lumineux arri\u00e8re, une longue dur\u00e9e de vie des piles (utilise quatre piles AAA) et un fonctionnement marche\/arr\u00eat facile.<\/p>\n<p>&nbsp;<\/p>","protected":false},"excerpt":{"rendered":"<p>La coque ext\u00e9rieure de l'UST en Thermoglas\u00ae est plus r\u00e9sistante aux attaques chimiques et plus stable face aux temp\u00e9ratures extr\u00eames.<\/p>","protected":false},"featured_media":4388,"template":"","meta":[],"product_brand":[201],"product_cat":[124,50],"product_tag":[265],"class_list":{"0":"post-4449","1":"product","2":"type-product","3":"status-publish","4":"has-post-thumbnail","6":"product_brand-bullard","7":"product_cat-helmets","8":"product_cat-personal-protective-equipment","9":"product_tag-bullard","11":"first","12":"instock","13":"shipping-taxable","14":"product-type-simple"},"yoast_head":"<!-- This site is optimized with the Yoast SEO plugin v27.4 - https:\/\/yoast.com\/product\/yoast-seo-wordpress\/ -->\n<title>UST Traditional Series Helmet - Safety Source Fire<\/title>\n<meta name=\"robots\" content=\"noindex, follow, max-snippet:-1, max-image-preview:large, max-video-preview:-1\" \/>\n<meta property=\"og:locale\" content=\"fr_CA\" \/>\n<meta property=\"og:type\" content=\"article\" \/>\n<meta property=\"og:title\" content=\"UST Traditional Series Helmet - Safety Source Fire\" \/>\n<meta property=\"og:description\" content=\"The outer shell of the UST is made of Thermoglas\u00ae and is more resistant to chemical attack and more stable at extreme temperatures.\" \/>\n<meta property=\"og:url\" content=\"https:\/\/staging.safetysourcefire.ca\/fr_ca\/produit\/ust-traditional-series-helmet\/\" \/>\n<meta property=\"og:site_name\" content=\"Safety Source Fire\" \/>\n<meta property=\"article:publisher\" content=\"https:\/\/www.facebook.com\/mmfssca\" \/>\n<meta property=\"article:modified_time\" content=\"2018-03-19T13:03:04+00:00\" \/>\n<meta property=\"og:image\" content=\"https:\/\/staging.safetysourcefire.ca\/wp-content\/uploads\/2017\/07\/UST.jpg\" \/>\n\t<meta property=\"og:image:width\" content=\"600\" \/>\n\t<meta property=\"og:image:height\" content=\"600\" \/>\n\t<meta property=\"og:image:type\" content=\"image\/jpeg\" \/>\n<meta name=\"twitter:card\" content=\"summary_large_image\" \/>\n<meta name=\"twitter:site\" content=\"@mmfssca\" \/>\n<meta name=\"twitter:label1\" content=\"Estimation du temps de lecture\" \/>\n\t<meta name=\"twitter:data1\" content=\"2 minutes\" \/>\n<script type=\"application\/ld+json\" class=\"yoast-schema-graph\">{\"@context\":\"https:\\\/\\\/schema.org\",\"@graph\":[{\"@type\":\"WebPage\",\"@id\":\"https:\\\/\\\/staging.safetysourcefire.ca\\\/product\\\/ust-traditional-series-helmet\\\/\",\"url\":\"https:\\\/\\\/staging.safetysourcefire.ca\\\/product\\\/ust-traditional-series-helmet\\\/\",\"name\":\"UST Traditional Series Helmet - Safety Source Fire\",\"isPartOf\":{\"@id\":\"https:\\\/\\\/staging.safetysourcefire.ca\\\/#website\"},\"primaryImageOfPage\":{\"@id\":\"https:\\\/\\\/staging.safetysourcefire.ca\\\/product\\\/ust-traditional-series-helmet\\\/#primaryimage\"},\"image\":{\"@id\":\"https:\\\/\\\/staging.safetysourcefire.ca\\\/product\\\/ust-traditional-series-helmet\\\/#primaryimage\"},\"thumbnailUrl\":\"https:\\\/\\\/staging.safetysourcefire.ca\\\/wp-content\\\/uploads\\\/2017\\\/07\\\/UST.jpg\",\"datePublished\":\"2017-07-06T13:50:10+00:00\",\"dateModified\":\"2018-03-19T13:03:04+00:00\",\"breadcrumb\":{\"@id\":\"https:\\\/\\\/staging.safetysourcefire.ca\\\/product\\\/ust-traditional-series-helmet\\\/#breadcrumb\"},\"inLanguage\":\"fr-CA\",\"potentialAction\":[{\"@type\":\"ReadAction\",\"target\":[\"https:\\\/\\\/staging.safetysourcefire.ca\\\/product\\\/ust-traditional-series-helmet\\\/\"]}]},{\"@type\":\"ImageObject\",\"inLanguage\":\"fr-CA\",\"@id\":\"https:\\\/\\\/staging.safetysourcefire.ca\\\/product\\\/ust-traditional-series-helmet\\\/#primaryimage\",\"url\":\"https:\\\/\\\/staging.safetysourcefire.ca\\\/wp-content\\\/uploads\\\/2017\\\/07\\\/UST.jpg\",\"contentUrl\":\"https:\\\/\\\/staging.safetysourcefire.ca\\\/wp-content\\\/uploads\\\/2017\\\/07\\\/UST.jpg\",\"width\":600,\"height\":600,\"caption\":\"helmet\"},{\"@type\":\"BreadcrumbList\",\"@id\":\"https:\\\/\\\/staging.safetysourcefire.ca\\\/product\\\/ust-traditional-series-helmet\\\/#breadcrumb\",\"itemListElement\":[{\"@type\":\"ListItem\",\"position\":1,\"name\":\"Home\",\"item\":\"https:\\\/\\\/staging.safetysourcefire.ca\\\/\"},{\"@type\":\"ListItem\",\"position\":2,\"name\":\"Products\",\"item\":\"https:\\\/\\\/staging.safetysourcefire.ca\\\/shop\\\/\"},{\"@type\":\"ListItem\",\"position\":3,\"name\":\"UST Traditional Series Helmet\"}]},{\"@type\":\"WebSite\",\"@id\":\"https:\\\/\\\/staging.safetysourcefire.ca\\\/#website\",\"url\":\"https:\\\/\\\/staging.safetysourcefire.ca\\\/\",\"name\":\"Safety Source Fire\",\"description\":\"\",\"publisher\":{\"@id\":\"https:\\\/\\\/staging.safetysourcefire.ca\\\/#organization\"},\"potentialAction\":[{\"@type\":\"SearchAction\",\"target\":{\"@type\":\"EntryPoint\",\"urlTemplate\":\"https:\\\/\\\/staging.safetysourcefire.ca\\\/?s={search_term_string}\"},\"query-input\":{\"@type\":\"PropertyValueSpecification\",\"valueRequired\":true,\"valueName\":\"search_term_string\"}}],\"inLanguage\":\"fr-CA\"},{\"@type\":\"Organization\",\"@id\":\"https:\\\/\\\/staging.safetysourcefire.ca\\\/#organization\",\"name\":\"Safety Source Fire\",\"url\":\"https:\\\/\\\/staging.safetysourcefire.ca\\\/\",\"logo\":{\"@type\":\"ImageObject\",\"inLanguage\":\"fr-CA\",\"@id\":\"https:\\\/\\\/staging.safetysourcefire.ca\\\/#\\\/schema\\\/logo\\\/image\\\/\",\"url\":\"https:\\\/\\\/staging.safetysourcefire.ca\\\/wp-content\\\/uploads\\\/2021\\\/01\\\/SSF_logo_CC0000-3.png\",\"contentUrl\":\"https:\\\/\\\/staging.safetysourcefire.ca\\\/wp-content\\\/uploads\\\/2021\\\/01\\\/SSF_logo_CC0000-3.png\",\"width\":1107,\"height\":365,\"caption\":\"Safety Source Fire\"},\"image\":{\"@id\":\"https:\\\/\\\/staging.safetysourcefire.ca\\\/#\\\/schema\\\/logo\\\/image\\\/\"},\"sameAs\":[\"https:\\\/\\\/www.facebook.com\\\/mmfssca\",\"https:\\\/\\\/x.com\\\/mmfssca\"]}]}<\/script>\n<!-- \/ Yoast SEO plugin. -->","yoast_head_json":{"title":"UST Traditional Series Helmet - Safety Source Fire","robots":{"index":"noindex","follow":"follow","max-snippet":"max-snippet:-1","max-image-preview":"max-image-preview:large","max-video-preview":"max-video-preview:-1"},"og_locale":"fr_CA","og_type":"article","og_title":"UST Traditional Series Helmet - Safety Source Fire","og_description":"The outer shell of the UST is made of Thermoglas\u00ae and is more resistant to chemical attack and more stable at extreme temperatures.","og_url":"https:\/\/staging.safetysourcefire.ca\/fr_ca\/produit\/ust-traditional-series-helmet\/","og_site_name":"Safety Source Fire","article_publisher":"https:\/\/www.facebook.com\/mmfssca","article_modified_time":"2018-03-19T13:03:04+00:00","og_image":[{"width":600,"height":600,"url":"https:\/\/staging.safetysourcefire.ca\/wp-content\/uploads\/2017\/07\/UST.jpg","type":"image\/jpeg"}],"twitter_card":"summary_large_image","twitter_site":"@mmfssca","twitter_misc":{"Estimation du temps de lecture":"2 minutes"},"schema":{"@context":"https:\/\/schema.org","@graph":[{"@type":"WebPage","@id":"https:\/\/staging.safetysourcefire.ca\/product\/ust-traditional-series-helmet\/","url":"https:\/\/staging.safetysourcefire.ca\/product\/ust-traditional-series-helmet\/","name":"UST Traditional Series Helmet - Safety Source Fire","isPartOf":{"@id":"https:\/\/staging.safetysourcefire.ca\/#website"},"primaryImageOfPage":{"@id":"https:\/\/staging.safetysourcefire.ca\/product\/ust-traditional-series-helmet\/#primaryimage"},"image":{"@id":"https:\/\/staging.safetysourcefire.ca\/product\/ust-traditional-series-helmet\/#primaryimage"},"thumbnailUrl":"https:\/\/staging.safetysourcefire.ca\/wp-content\/uploads\/2017\/07\/UST.jpg","datePublished":"2017-07-06T13:50:10+00:00","dateModified":"2018-03-19T13:03:04+00:00","breadcrumb":{"@id":"https:\/\/staging.safetysourcefire.ca\/product\/ust-traditional-series-helmet\/#breadcrumb"},"inLanguage":"fr-CA","potentialAction":[{"@type":"ReadAction","target":["https:\/\/staging.safetysourcefire.ca\/product\/ust-traditional-series-helmet\/"]}]},{"@type":"ImageObject","inLanguage":"fr-CA","@id":"https:\/\/staging.safetysourcefire.ca\/product\/ust-traditional-series-helmet\/#primaryimage","url":"https:\/\/staging.safetysourcefire.ca\/wp-content\/uploads\/2017\/07\/UST.jpg","contentUrl":"https:\/\/staging.safetysourcefire.ca\/wp-content\/uploads\/2017\/07\/UST.jpg","width":600,"height":600,"caption":"helmet"},{"@type":"BreadcrumbList","@id":"https:\/\/staging.safetysourcefire.ca\/product\/ust-traditional-series-helmet\/#breadcrumb","itemListElement":[{"@type":"ListItem","position":1,"name":"Home","item":"https:\/\/staging.safetysourcefire.ca\/"},{"@type":"ListItem","position":2,"name":"Products","item":"https:\/\/staging.safetysourcefire.ca\/shop\/"},{"@type":"ListItem","position":3,"name":"UST Traditional Series Helmet"}]},{"@type":"WebSite","@id":"https:\/\/staging.safetysourcefire.ca\/#website","url":"https:\/\/staging.safetysourcefire.ca\/","name":"Safety Source Fire","description":"","publisher":{"@id":"https:\/\/staging.safetysourcefire.ca\/#organization"},"potentialAction":[{"@type":"SearchAction","target":{"@type":"EntryPoint","urlTemplate":"https:\/\/staging.safetysourcefire.ca\/?s={search_term_string}"},"query-input":{"@type":"PropertyValueSpecification","valueRequired":true,"valueName":"search_term_string"}}],"inLanguage":"fr-CA"},{"@type":"Organization","@id":"https:\/\/staging.safetysourcefire.ca\/#organization","name":"Safety Source Fire","url":"https:\/\/staging.safetysourcefire.ca\/","logo":{"@type":"ImageObject","inLanguage":"fr-CA","@id":"https:\/\/staging.safetysourcefire.ca\/#\/schema\/logo\/image\/","url":"https:\/\/staging.safetysourcefire.ca\/wp-content\/uploads\/2021\/01\/SSF_logo_CC0000-3.png","contentUrl":"https:\/\/staging.safetysourcefire.ca\/wp-content\/uploads\/2021\/01\/SSF_logo_CC0000-3.png","width":1107,"height":365,"caption":"Safety Source Fire"},"image":{"@id":"https:\/\/staging.safetysourcefire.ca\/#\/schema\/logo\/image\/"},"sameAs":["https:\/\/www.facebook.com\/mmfssca","https:\/\/x.com\/mmfssca"]}]}},"_links":{"self":[{"href":"https:\/\/staging.safetysourcefire.ca\/fr_ca\/wp-json\/wp\/v2\/product\/4449","targetHints":{"allow":["GET"]}}],"collection":[{"href":"https:\/\/staging.safetysourcefire.ca\/fr_ca\/wp-json\/wp\/v2\/product"}],"about":[{"href":"https:\/\/staging.safetysourcefire.ca\/fr_ca\/wp-json\/wp\/v2\/types\/product"}],"wp:featuredmedia":[{"embeddable":true,"href":"https:\/\/staging.safetysourcefire.ca\/fr_ca\/wp-json\/wp\/v2\/media\/4388"}],"wp:attachment":[{"href":"https:\/\/staging.safetysourcefire.ca\/fr_ca\/wp-json\/wp\/v2\/media?parent=4449"}],"wp:term":[{"taxonomy":"product_brand","embeddable":true,"href":"https:\/\/staging.safetysourcefire.ca\/fr_ca\/wp-json\/wp\/v2\/product_brand?post=4449"},{"taxonomy":"product_cat","embeddable":true,"href":"https:\/\/staging.safetysourcefire.ca\/fr_ca\/wp-json\/wp\/v2\/product_cat?post=4449"},{"taxonomy":"product_tag","embeddable":true,"href":"https:\/\/staging.safetysourcefire.ca\/fr_ca\/wp-json\/wp\/v2\/product_tag?post=4449"}],"curies":[{"name":"wp","href":"https:\/\/api.w.org\/{rel}","templated":true}]}}