{"id":4441,"date":"2017-07-06T13:35:55","date_gmt":"2017-07-06T13:35:55","guid":{"rendered":"https:\/\/mmfss.ca\/?post_type=product&#038;p=4441"},"modified":"2018-03-19T14:18:34","modified_gmt":"2018-03-19T14:18:34","slug":"fh-33-nomex-lenzing-fr-hood","status":"publish","type":"product","link":"https:\/\/staging.safetysourcefire.ca\/fr_ca\/produit\/fh-33-nomex-lenzing-fr-hood\/","title":{"rendered":"Cagoule Nomex- Lenzing FR- FH-33"},"content":{"rendered":"<ul>\n<li><strong>\u00a0<\/strong>Cagoule \u00e0 couche double : 7,0 onces 20% Nomex\/80% Cagoule Lenzing FR<\/li>\n<li>TPP tel que re\u00e7u: 28,9<\/li>\n<li>TPP apr\u00e8s 5 lavages\/s\u00e9chage : 33,2<\/li>\n<li>Tricot c\u00f4tel\u00e9 \u2013 offre une excellente \u00e9lasticit\u00e9 et r\u00e9cup\u00e9ration pour un confort am\u00e9lior\u00e9<\/li>\n<li>Tissu intrins\u00e8quement ignifuge<\/li>\n<li>Ouverture faciale Easy Seal\u2122 avec \u00e9lastique cousu 1\/2 &quot;<\/li>\n<li>Capuche pleine grandeur avec bavette d'\u00e9paule crant\u00e9e pour que la capuche repose \u00e0 plat sur la poitrine et le dos (\u00e9vite les plis).<\/li>\n<li>Construction de couture ''Flat Lock'' avec fil 100% Nomex<\/li>\n<li>Etiquettes cousues sur les 4 c\u00f4t\u00e9s<\/li>\n<li>Certifi\u00e9 NFPA1971-2013<\/li>\n<\/ul>","protected":false},"excerpt":{"rendered":"<p>\u00a07.0 oz. \u00a020% Nomex\/80% Lenzing FR 2 Layer hood TPP as Received 28.9 TPP after 5 wash\/dry: 33.2 Rib Knit \u2013provides excellent stretch and recovery for improved comfort.. Inherently flame-resistant Fabric Easy Seal\u2122 face opening with sewn in 1\/2 \u201c elastic Full size hood with notched shoulder bib design so hood lays flat on chest [&hellip;]<\/p>\n","protected":false},"featured_media":4390,"template":"","meta":[],"product_brand":[240],"product_cat":[125,50],"product_tag":[345],"class_list":{"0":"post-4441","1":"product","2":"type-product","3":"status-publish","4":"has-post-thumbnail","6":"product_brand-stanfields","7":"product_cat-hoods","8":"product_cat-personal-protective-equipment","9":"product_tag-stanfields","11":"first","12":"instock","13":"shipping-taxable","14":"product-type-simple"},"yoast_head":"<!-- This site is optimized with the Yoast SEO plugin v27.4 - https:\/\/yoast.com\/product\/yoast-seo-wordpress\/ -->\n<title>FH-33 - Nomex- Lenzing FR Hood - Safety Source Fire<\/title>\n<meta name=\"robots\" content=\"noindex, follow, max-snippet:-1, max-image-preview:large, max-video-preview:-1\" \/>\n<meta property=\"og:locale\" content=\"fr_CA\" \/>\n<meta property=\"og:type\" content=\"article\" \/>\n<meta property=\"og:title\" content=\"FH-33 - Nomex- Lenzing FR Hood - Safety Source Fire\" \/>\n<meta property=\"og:description\" content=\"\u00a07.0 oz. \u00a020% Nomex\/80% Lenzing FR 2 Layer hood TPP as Received 28.9 TPP after 5 wash\/dry: 33.2 Rib Knit \u2013provides excellent stretch and recovery for improved comfort.. Inherently flame-resistant Fabric Easy Seal\u2122 face opening with sewn in 1\/2 \u201c elastic Full size hood with notched shoulder bib design so hood lays flat on chest [&hellip;]\" \/>\n<meta property=\"og:url\" content=\"https:\/\/staging.safetysourcefire.ca\/fr_ca\/produit\/fh-33-nomex-lenzing-fr-hood\/\" \/>\n<meta property=\"og:site_name\" content=\"Safety Source Fire\" \/>\n<meta property=\"article:publisher\" content=\"https:\/\/www.facebook.com\/mmfssca\" \/>\n<meta property=\"article:modified_time\" content=\"2018-03-19T14:18:34+00:00\" \/>\n<meta property=\"og:image\" content=\"https:\/\/staging.safetysourcefire.ca\/wp-content\/uploads\/2017\/07\/FH33.jpg\" \/>\n\t<meta property=\"og:image:width\" content=\"600\" \/>\n\t<meta property=\"og:image:height\" content=\"600\" \/>\n\t<meta property=\"og:image:type\" content=\"image\/jpeg\" \/>\n<meta name=\"twitter:card\" content=\"summary_large_image\" \/>\n<meta name=\"twitter:site\" content=\"@mmfssca\" \/>\n<script type=\"application\/ld+json\" class=\"yoast-schema-graph\">{\"@context\":\"https:\\\/\\\/schema.org\",\"@graph\":[{\"@type\":\"WebPage\",\"@id\":\"https:\\\/\\\/staging.safetysourcefire.ca\\\/product\\\/fh-33-nomex-lenzing-fr-hood\\\/\",\"url\":\"https:\\\/\\\/staging.safetysourcefire.ca\\\/product\\\/fh-33-nomex-lenzing-fr-hood\\\/\",\"name\":\"FH-33 - Nomex- Lenzing FR Hood - Safety Source Fire\",\"isPartOf\":{\"@id\":\"https:\\\/\\\/staging.safetysourcefire.ca\\\/#website\"},\"primaryImageOfPage\":{\"@id\":\"https:\\\/\\\/staging.safetysourcefire.ca\\\/product\\\/fh-33-nomex-lenzing-fr-hood\\\/#primaryimage\"},\"image\":{\"@id\":\"https:\\\/\\\/staging.safetysourcefire.ca\\\/product\\\/fh-33-nomex-lenzing-fr-hood\\\/#primaryimage\"},\"thumbnailUrl\":\"https:\\\/\\\/staging.safetysourcefire.ca\\\/wp-content\\\/uploads\\\/2017\\\/07\\\/FH33.jpg\",\"datePublished\":\"2017-07-06T13:35:55+00:00\",\"dateModified\":\"2018-03-19T14:18:34+00:00\",\"breadcrumb\":{\"@id\":\"https:\\\/\\\/staging.safetysourcefire.ca\\\/product\\\/fh-33-nomex-lenzing-fr-hood\\\/#breadcrumb\"},\"inLanguage\":\"fr-CA\",\"potentialAction\":[{\"@type\":\"ReadAction\",\"target\":[\"https:\\\/\\\/staging.safetysourcefire.ca\\\/product\\\/fh-33-nomex-lenzing-fr-hood\\\/\"]}]},{\"@type\":\"ImageObject\",\"inLanguage\":\"fr-CA\",\"@id\":\"https:\\\/\\\/staging.safetysourcefire.ca\\\/product\\\/fh-33-nomex-lenzing-fr-hood\\\/#primaryimage\",\"url\":\"https:\\\/\\\/staging.safetysourcefire.ca\\\/wp-content\\\/uploads\\\/2017\\\/07\\\/FH33.jpg\",\"contentUrl\":\"https:\\\/\\\/staging.safetysourcefire.ca\\\/wp-content\\\/uploads\\\/2017\\\/07\\\/FH33.jpg\",\"width\":600,\"height\":600,\"caption\":\"white hood\"},{\"@type\":\"BreadcrumbList\",\"@id\":\"https:\\\/\\\/staging.safetysourcefire.ca\\\/product\\\/fh-33-nomex-lenzing-fr-hood\\\/#breadcrumb\",\"itemListElement\":[{\"@type\":\"ListItem\",\"position\":1,\"name\":\"Home\",\"item\":\"https:\\\/\\\/staging.safetysourcefire.ca\\\/\"},{\"@type\":\"ListItem\",\"position\":2,\"name\":\"Products\",\"item\":\"https:\\\/\\\/staging.safetysourcefire.ca\\\/shop\\\/\"},{\"@type\":\"ListItem\",\"position\":3,\"name\":\"FH-33 &#8211; Nomex- Lenzing FR Hood\"}]},{\"@type\":\"WebSite\",\"@id\":\"https:\\\/\\\/staging.safetysourcefire.ca\\\/#website\",\"url\":\"https:\\\/\\\/staging.safetysourcefire.ca\\\/\",\"name\":\"Safety Source Fire\",\"description\":\"\",\"publisher\":{\"@id\":\"https:\\\/\\\/staging.safetysourcefire.ca\\\/#organization\"},\"potentialAction\":[{\"@type\":\"SearchAction\",\"target\":{\"@type\":\"EntryPoint\",\"urlTemplate\":\"https:\\\/\\\/staging.safetysourcefire.ca\\\/?s={search_term_string}\"},\"query-input\":{\"@type\":\"PropertyValueSpecification\",\"valueRequired\":true,\"valueName\":\"search_term_string\"}}],\"inLanguage\":\"fr-CA\"},{\"@type\":\"Organization\",\"@id\":\"https:\\\/\\\/staging.safetysourcefire.ca\\\/#organization\",\"name\":\"Safety Source Fire\",\"url\":\"https:\\\/\\\/staging.safetysourcefire.ca\\\/\",\"logo\":{\"@type\":\"ImageObject\",\"inLanguage\":\"fr-CA\",\"@id\":\"https:\\\/\\\/staging.safetysourcefire.ca\\\/#\\\/schema\\\/logo\\\/image\\\/\",\"url\":\"https:\\\/\\\/staging.safetysourcefire.ca\\\/wp-content\\\/uploads\\\/2021\\\/01\\\/SSF_logo_CC0000-3.png\",\"contentUrl\":\"https:\\\/\\\/staging.safetysourcefire.ca\\\/wp-content\\\/uploads\\\/2021\\\/01\\\/SSF_logo_CC0000-3.png\",\"width\":1107,\"height\":365,\"caption\":\"Safety Source Fire\"},\"image\":{\"@id\":\"https:\\\/\\\/staging.safetysourcefire.ca\\\/#\\\/schema\\\/logo\\\/image\\\/\"},\"sameAs\":[\"https:\\\/\\\/www.facebook.com\\\/mmfssca\",\"https:\\\/\\\/x.com\\\/mmfssca\"]}]}<\/script>\n<!-- \/ Yoast SEO plugin. -->","yoast_head_json":{"title":"FH-33 - Cagoule FR Nomex-Lenzing - S\u00e9curit\u00e9 incendie","robots":{"index":"noindex","follow":"follow","max-snippet":"max-snippet:-1","max-image-preview":"max-image-preview:large","max-video-preview":"max-video-preview:-1"},"og_locale":"fr_CA","og_type":"article","og_title":"FH-33 - Nomex- Lenzing FR Hood - Safety Source Fire","og_description":"\u00a07.0 oz. \u00a020% Nomex\/80% Lenzing FR 2 Layer hood TPP as Received 28.9 TPP after 5 wash\/dry: 33.2 Rib Knit \u2013provides excellent stretch and recovery for improved comfort.. Inherently flame-resistant Fabric Easy Seal\u2122 face opening with sewn in 1\/2 \u201c elastic Full size hood with notched shoulder bib design so hood lays flat on chest [&hellip;]","og_url":"https:\/\/staging.safetysourcefire.ca\/fr_ca\/produit\/fh-33-nomex-lenzing-fr-hood\/","og_site_name":"Safety Source Fire","article_publisher":"https:\/\/www.facebook.com\/mmfssca","article_modified_time":"2018-03-19T14:18:34+00:00","og_image":[{"width":600,"height":600,"url":"https:\/\/staging.safetysourcefire.ca\/wp-content\/uploads\/2017\/07\/FH33.jpg","type":"image\/jpeg"}],"twitter_card":"summary_large_image","twitter_site":"@mmfssca","schema":{"@context":"https:\/\/schema.org","@graph":[{"@type":"WebPage","@id":"https:\/\/staging.safetysourcefire.ca\/product\/fh-33-nomex-lenzing-fr-hood\/","url":"https:\/\/staging.safetysourcefire.ca\/product\/fh-33-nomex-lenzing-fr-hood\/","name":"FH-33 - Cagoule FR Nomex-Lenzing - S\u00e9curit\u00e9 incendie","isPartOf":{"@id":"https:\/\/staging.safetysourcefire.ca\/#website"},"primaryImageOfPage":{"@id":"https:\/\/staging.safetysourcefire.ca\/product\/fh-33-nomex-lenzing-fr-hood\/#primaryimage"},"image":{"@id":"https:\/\/staging.safetysourcefire.ca\/product\/fh-33-nomex-lenzing-fr-hood\/#primaryimage"},"thumbnailUrl":"https:\/\/staging.safetysourcefire.ca\/wp-content\/uploads\/2017\/07\/FH33.jpg","datePublished":"2017-07-06T13:35:55+00:00","dateModified":"2018-03-19T14:18:34+00:00","breadcrumb":{"@id":"https:\/\/staging.safetysourcefire.ca\/product\/fh-33-nomex-lenzing-fr-hood\/#breadcrumb"},"inLanguage":"fr-CA","potentialAction":[{"@type":"ReadAction","target":["https:\/\/staging.safetysourcefire.ca\/product\/fh-33-nomex-lenzing-fr-hood\/"]}]},{"@type":"ImageObject","inLanguage":"fr-CA","@id":"https:\/\/staging.safetysourcefire.ca\/product\/fh-33-nomex-lenzing-fr-hood\/#primaryimage","url":"https:\/\/staging.safetysourcefire.ca\/wp-content\/uploads\/2017\/07\/FH33.jpg","contentUrl":"https:\/\/staging.safetysourcefire.ca\/wp-content\/uploads\/2017\/07\/FH33.jpg","width":600,"height":600,"caption":"white hood"},{"@type":"BreadcrumbList","@id":"https:\/\/staging.safetysourcefire.ca\/product\/fh-33-nomex-lenzing-fr-hood\/#breadcrumb","itemListElement":[{"@type":"ListItem","position":1,"name":"Home","item":"https:\/\/staging.safetysourcefire.ca\/"},{"@type":"ListItem","position":2,"name":"Products","item":"https:\/\/staging.safetysourcefire.ca\/shop\/"},{"@type":"ListItem","position":3,"name":"FH-33 &#8211; Nomex- Lenzing FR Hood"}]},{"@type":"WebSite","@id":"https:\/\/staging.safetysourcefire.ca\/#website","url":"https:\/\/staging.safetysourcefire.ca\/","name":"Safety Source Fire","description":"","publisher":{"@id":"https:\/\/staging.safetysourcefire.ca\/#organization"},"potentialAction":[{"@type":"SearchAction","target":{"@type":"EntryPoint","urlTemplate":"https:\/\/staging.safetysourcefire.ca\/?s={search_term_string}"},"query-input":{"@type":"PropertyValueSpecification","valueRequired":true,"valueName":"search_term_string"}}],"inLanguage":"fr-CA"},{"@type":"Organization","@id":"https:\/\/staging.safetysourcefire.ca\/#organization","name":"Safety Source Fire","url":"https:\/\/staging.safetysourcefire.ca\/","logo":{"@type":"ImageObject","inLanguage":"fr-CA","@id":"https:\/\/staging.safetysourcefire.ca\/#\/schema\/logo\/image\/","url":"https:\/\/staging.safetysourcefire.ca\/wp-content\/uploads\/2021\/01\/SSF_logo_CC0000-3.png","contentUrl":"https:\/\/staging.safetysourcefire.ca\/wp-content\/uploads\/2021\/01\/SSF_logo_CC0000-3.png","width":1107,"height":365,"caption":"Safety Source Fire"},"image":{"@id":"https:\/\/staging.safetysourcefire.ca\/#\/schema\/logo\/image\/"},"sameAs":["https:\/\/www.facebook.com\/mmfssca","https:\/\/x.com\/mmfssca"]}]}},"_links":{"self":[{"href":"https:\/\/staging.safetysourcefire.ca\/fr_ca\/wp-json\/wp\/v2\/product\/4441","targetHints":{"allow":["GET"]}}],"collection":[{"href":"https:\/\/staging.safetysourcefire.ca\/fr_ca\/wp-json\/wp\/v2\/product"}],"about":[{"href":"https:\/\/staging.safetysourcefire.ca\/fr_ca\/wp-json\/wp\/v2\/types\/product"}],"wp:featuredmedia":[{"embeddable":true,"href":"https:\/\/staging.safetysourcefire.ca\/fr_ca\/wp-json\/wp\/v2\/media\/4390"}],"wp:attachment":[{"href":"https:\/\/staging.safetysourcefire.ca\/fr_ca\/wp-json\/wp\/v2\/media?parent=4441"}],"wp:term":[{"taxonomy":"product_brand","embeddable":true,"href":"https:\/\/staging.safetysourcefire.ca\/fr_ca\/wp-json\/wp\/v2\/product_brand?post=4441"},{"taxonomy":"product_cat","embeddable":true,"href":"https:\/\/staging.safetysourcefire.ca\/fr_ca\/wp-json\/wp\/v2\/product_cat?post=4441"},{"taxonomy":"product_tag","embeddable":true,"href":"https:\/\/staging.safetysourcefire.ca\/fr_ca\/wp-json\/wp\/v2\/product_tag?post=4441"}],"curies":[{"name":"wp","href":"https:\/\/api.w.org\/{rel}","templated":true}]}}