{"id":4438,"date":"2017-07-06T13:30:48","date_gmt":"2017-07-06T13:30:48","guid":{"rendered":"https:\/\/mmfss.ca\/?post_type=product&#038;p=4438"},"modified":"2025-01-20T15:24:08","modified_gmt":"2025-01-20T15:24:08","slug":"ranger-series-bt1000-2","status":"publish","type":"product","link":"https:\/\/staging.safetysourcefire.ca\/fr_ca\/produit\/ranger-series-bt1000-2\/","title":{"rendered":"Bottes Ranger \u2122 BT1000"},"content":{"rendered":"<p>Les seules bottes en caoutchouc sur le march\u00e9 utilisant des mailles lamin\u00e9es sp\u00e9cialement concues combin\u00e9s \u00e0 du n\u00e9opr\u00e8ne imperm\u00e9able. Une combinaison de caoutchouc naturel et de caoutchouc butyle assure une protection chimique compl\u00e8te. R\u00e9ponds aux normes de certification.<\/p>\n<ul>\n<li>Hauteur \u2013 13&quot;<\/li>\n<li>Poids en livres (environ) \u2013 6,3<\/li>\n<li>Construction Shoe-Fi\u2122<\/li>\n<li>Isol\u00e9<\/li>\n<li>Doublure en mailles<\/li>\n<li>Bout, plaque et tige en acier<\/li>\n<li>Semelle moul\u00e9e<\/li>\n<li>Insert amovible<\/li>\n<li>APT code-barres<\/li>\n<li>Fabriqu\u00e9 en Am\u00e9rique du Nord<\/li>\n<li>Largeurs\u00a0: \u00e9troites et moyennes<\/li>\n<li>Pointures r\u00e9guli\u00e8res : 3 \u00e0 16 \/  Demi pointures : 5,5 \u00e0 15,5<\/li>\n<li>Certifi\u00e9 NFPA 1971 et NFPA 1992.<\/li>\n<\/ul>","protected":false},"excerpt":{"rendered":"<p>Bottes de qualit\u00e9 supp\u00e9rieures, l\u00e9g\u00e8res et confortables. Mod\u00e8le haut de gamme, offrant une protection compl\u00e8te.<\/p>\n<div class=\"boxedtext\">\n<p><span style=\"color: #cc0000;\"><strong>LIQUIDATION EN STOCK<br \/>\n<\/strong><\/span><em>Quantit\u00e9s et tailles limit\u00e9es disponibles \u00e0 des prix de liquidation. Veuillez noter : les ventes d&#039;articles en liquidation sont d\u00e9finitives ; aucun \u00e9change ni retour. Veuillez demander un devis pour d&#039;autres tailles.<\/em><\/p>\n<ul>\n<li class=\"x_MsoNormal\" style=\"text-align: left;\">(1) taille 13,5 \u2013 $125,00 (fabricant : 2017)<\/li>\n<\/ul>\n<\/div>","protected":false},"featured_media":4357,"template":"","meta":[],"product_brand":[237],"product_cat":[121,43,50],"product_tag":[310],"class_list":{"0":"post-4438","1":"product","2":"type-product","3":"status-publish","4":"has-post-thumbnail","6":"product_brand-honeywell","7":"product_cat-boots","8":"product_cat-clearance","9":"product_cat-personal-protective-equipment","10":"product_tag-honeywell","12":"first","13":"instock","14":"shipping-taxable","15":"product-type-simple"},"yoast_head":"<!-- This site is optimized with the Yoast SEO plugin v27.4 - https:\/\/yoast.com\/product\/yoast-seo-wordpress\/ -->\n<title>Ranger\u2122 Series BT1000 - Safety Source Fire<\/title>\n<meta name=\"robots\" content=\"noindex, follow, max-snippet:-1, max-image-preview:large, max-video-preview:-1\" \/>\n<meta property=\"og:locale\" content=\"fr_CA\" \/>\n<meta property=\"og:type\" content=\"article\" \/>\n<meta property=\"og:title\" content=\"Ranger\u2122 Series BT1000 - Safety Source Fire\" \/>\n<meta property=\"og:description\" content=\"Premium, top of the line model, offers complete protection and lightweight comfort.   IN-STOCK CLEARANCE Limited quantities and sizes available at clearance prices. Please note: Clearance item sales are final; no exchanges or returns. Please request a quote for other sizes.   (1) sz. 13.5 - $125.00 (MFG: 2017)\" \/>\n<meta property=\"og:url\" content=\"https:\/\/staging.safetysourcefire.ca\/fr_ca\/produit\/ranger-series-bt1000-2\/\" \/>\n<meta property=\"og:site_name\" content=\"Safety Source Fire\" \/>\n<meta property=\"article:publisher\" content=\"https:\/\/www.facebook.com\/mmfssca\" \/>\n<meta property=\"article:modified_time\" content=\"2025-01-20T15:24:08+00:00\" \/>\n<meta property=\"og:image\" content=\"https:\/\/staging.safetysourcefire.ca\/wp-content\/uploads\/2017\/07\/1000.jpg\" \/>\n\t<meta property=\"og:image:width\" content=\"600\" \/>\n\t<meta property=\"og:image:height\" content=\"600\" \/>\n\t<meta property=\"og:image:type\" content=\"image\/jpeg\" \/>\n<meta name=\"twitter:card\" content=\"summary_large_image\" \/>\n<meta name=\"twitter:site\" content=\"@mmfssca\" \/>\n<meta name=\"twitter:label1\" content=\"Estimation du temps de lecture\" \/>\n\t<meta name=\"twitter:data1\" content=\"1 minute\" \/>\n<script type=\"application\/ld+json\" class=\"yoast-schema-graph\">{\"@context\":\"https:\\\/\\\/schema.org\",\"@graph\":[{\"@type\":\"WebPage\",\"@id\":\"https:\\\/\\\/staging.safetysourcefire.ca\\\/product\\\/ranger-series-bt1000-2\\\/\",\"url\":\"https:\\\/\\\/staging.safetysourcefire.ca\\\/product\\\/ranger-series-bt1000-2\\\/\",\"name\":\"Ranger\u2122 Series BT1000 - Safety Source Fire\",\"isPartOf\":{\"@id\":\"https:\\\/\\\/staging.safetysourcefire.ca\\\/#website\"},\"primaryImageOfPage\":{\"@id\":\"https:\\\/\\\/staging.safetysourcefire.ca\\\/product\\\/ranger-series-bt1000-2\\\/#primaryimage\"},\"image\":{\"@id\":\"https:\\\/\\\/staging.safetysourcefire.ca\\\/product\\\/ranger-series-bt1000-2\\\/#primaryimage\"},\"thumbnailUrl\":\"https:\\\/\\\/staging.safetysourcefire.ca\\\/wp-content\\\/uploads\\\/2017\\\/07\\\/1000.jpg\",\"datePublished\":\"2017-07-06T13:30:48+00:00\",\"dateModified\":\"2025-01-20T15:24:08+00:00\",\"breadcrumb\":{\"@id\":\"https:\\\/\\\/staging.safetysourcefire.ca\\\/product\\\/ranger-series-bt1000-2\\\/#breadcrumb\"},\"inLanguage\":\"fr-CA\",\"potentialAction\":[{\"@type\":\"ReadAction\",\"target\":[\"https:\\\/\\\/staging.safetysourcefire.ca\\\/product\\\/ranger-series-bt1000-2\\\/\"]}]},{\"@type\":\"ImageObject\",\"inLanguage\":\"fr-CA\",\"@id\":\"https:\\\/\\\/staging.safetysourcefire.ca\\\/product\\\/ranger-series-bt1000-2\\\/#primaryimage\",\"url\":\"https:\\\/\\\/staging.safetysourcefire.ca\\\/wp-content\\\/uploads\\\/2017\\\/07\\\/1000.jpg\",\"contentUrl\":\"https:\\\/\\\/staging.safetysourcefire.ca\\\/wp-content\\\/uploads\\\/2017\\\/07\\\/1000.jpg\",\"width\":600,\"height\":600,\"caption\":\"boots\"},{\"@type\":\"BreadcrumbList\",\"@id\":\"https:\\\/\\\/staging.safetysourcefire.ca\\\/product\\\/ranger-series-bt1000-2\\\/#breadcrumb\",\"itemListElement\":[{\"@type\":\"ListItem\",\"position\":1,\"name\":\"Home\",\"item\":\"https:\\\/\\\/staging.safetysourcefire.ca\\\/\"},{\"@type\":\"ListItem\",\"position\":2,\"name\":\"Products\",\"item\":\"https:\\\/\\\/staging.safetysourcefire.ca\\\/shop\\\/\"},{\"@type\":\"ListItem\",\"position\":3,\"name\":\"Ranger\u2122 Series BT1000\"}]},{\"@type\":\"WebSite\",\"@id\":\"https:\\\/\\\/staging.safetysourcefire.ca\\\/#website\",\"url\":\"https:\\\/\\\/staging.safetysourcefire.ca\\\/\",\"name\":\"Safety Source Fire\",\"description\":\"\",\"publisher\":{\"@id\":\"https:\\\/\\\/staging.safetysourcefire.ca\\\/#organization\"},\"potentialAction\":[{\"@type\":\"SearchAction\",\"target\":{\"@type\":\"EntryPoint\",\"urlTemplate\":\"https:\\\/\\\/staging.safetysourcefire.ca\\\/?s={search_term_string}\"},\"query-input\":{\"@type\":\"PropertyValueSpecification\",\"valueRequired\":true,\"valueName\":\"search_term_string\"}}],\"inLanguage\":\"fr-CA\"},{\"@type\":\"Organization\",\"@id\":\"https:\\\/\\\/staging.safetysourcefire.ca\\\/#organization\",\"name\":\"Safety Source Fire\",\"url\":\"https:\\\/\\\/staging.safetysourcefire.ca\\\/\",\"logo\":{\"@type\":\"ImageObject\",\"inLanguage\":\"fr-CA\",\"@id\":\"https:\\\/\\\/staging.safetysourcefire.ca\\\/#\\\/schema\\\/logo\\\/image\\\/\",\"url\":\"https:\\\/\\\/staging.safetysourcefire.ca\\\/wp-content\\\/uploads\\\/2021\\\/01\\\/SSF_logo_CC0000-3.png\",\"contentUrl\":\"https:\\\/\\\/staging.safetysourcefire.ca\\\/wp-content\\\/uploads\\\/2021\\\/01\\\/SSF_logo_CC0000-3.png\",\"width\":1107,\"height\":365,\"caption\":\"Safety Source Fire\"},\"image\":{\"@id\":\"https:\\\/\\\/staging.safetysourcefire.ca\\\/#\\\/schema\\\/logo\\\/image\\\/\"},\"sameAs\":[\"https:\\\/\\\/www.facebook.com\\\/mmfssca\",\"https:\\\/\\\/x.com\\\/mmfssca\"]}]}<\/script>\n<!-- \/ Yoast SEO plugin. -->","yoast_head_json":{"title":"Ranger\u2122 S\u00e9rie BT1000 - Source de s\u00e9curit\u00e9 incendie","robots":{"index":"noindex","follow":"follow","max-snippet":"max-snippet:-1","max-image-preview":"max-image-preview:large","max-video-preview":"max-video-preview:-1"},"og_locale":"fr_CA","og_type":"article","og_title":"Ranger\u2122 Series BT1000 - Safety Source Fire","og_description":"Premium, top of the line model, offers complete protection and lightweight comfort.   IN-STOCK CLEARANCE Limited quantities and sizes available at clearance prices. Please note: Clearance item sales are final; no exchanges or returns. Please request a quote for other sizes.   (1) sz. 13.5 - $125.00 (MFG: 2017)","og_url":"https:\/\/staging.safetysourcefire.ca\/fr_ca\/produit\/ranger-series-bt1000-2\/","og_site_name":"Safety Source Fire","article_publisher":"https:\/\/www.facebook.com\/mmfssca","article_modified_time":"2025-01-20T15:24:08+00:00","og_image":[{"width":600,"height":600,"url":"https:\/\/staging.safetysourcefire.ca\/wp-content\/uploads\/2017\/07\/1000.jpg","type":"image\/jpeg"}],"twitter_card":"summary_large_image","twitter_site":"@mmfssca","twitter_misc":{"Estimation du temps de lecture":"1 minute"},"schema":{"@context":"https:\/\/schema.org","@graph":[{"@type":"WebPage","@id":"https:\/\/staging.safetysourcefire.ca\/product\/ranger-series-bt1000-2\/","url":"https:\/\/staging.safetysourcefire.ca\/product\/ranger-series-bt1000-2\/","name":"Ranger\u2122 S\u00e9rie BT1000 - Source de s\u00e9curit\u00e9 incendie","isPartOf":{"@id":"https:\/\/staging.safetysourcefire.ca\/#website"},"primaryImageOfPage":{"@id":"https:\/\/staging.safetysourcefire.ca\/product\/ranger-series-bt1000-2\/#primaryimage"},"image":{"@id":"https:\/\/staging.safetysourcefire.ca\/product\/ranger-series-bt1000-2\/#primaryimage"},"thumbnailUrl":"https:\/\/staging.safetysourcefire.ca\/wp-content\/uploads\/2017\/07\/1000.jpg","datePublished":"2017-07-06T13:30:48+00:00","dateModified":"2025-01-20T15:24:08+00:00","breadcrumb":{"@id":"https:\/\/staging.safetysourcefire.ca\/product\/ranger-series-bt1000-2\/#breadcrumb"},"inLanguage":"fr-CA","potentialAction":[{"@type":"ReadAction","target":["https:\/\/staging.safetysourcefire.ca\/product\/ranger-series-bt1000-2\/"]}]},{"@type":"ImageObject","inLanguage":"fr-CA","@id":"https:\/\/staging.safetysourcefire.ca\/product\/ranger-series-bt1000-2\/#primaryimage","url":"https:\/\/staging.safetysourcefire.ca\/wp-content\/uploads\/2017\/07\/1000.jpg","contentUrl":"https:\/\/staging.safetysourcefire.ca\/wp-content\/uploads\/2017\/07\/1000.jpg","width":600,"height":600,"caption":"boots"},{"@type":"BreadcrumbList","@id":"https:\/\/staging.safetysourcefire.ca\/product\/ranger-series-bt1000-2\/#breadcrumb","itemListElement":[{"@type":"ListItem","position":1,"name":"Home","item":"https:\/\/staging.safetysourcefire.ca\/"},{"@type":"ListItem","position":2,"name":"Products","item":"https:\/\/staging.safetysourcefire.ca\/shop\/"},{"@type":"ListItem","position":3,"name":"Ranger\u2122 Series BT1000"}]},{"@type":"WebSite","@id":"https:\/\/staging.safetysourcefire.ca\/#website","url":"https:\/\/staging.safetysourcefire.ca\/","name":"Safety Source Fire","description":"","publisher":{"@id":"https:\/\/staging.safetysourcefire.ca\/#organization"},"potentialAction":[{"@type":"SearchAction","target":{"@type":"EntryPoint","urlTemplate":"https:\/\/staging.safetysourcefire.ca\/?s={search_term_string}"},"query-input":{"@type":"PropertyValueSpecification","valueRequired":true,"valueName":"search_term_string"}}],"inLanguage":"fr-CA"},{"@type":"Organization","@id":"https:\/\/staging.safetysourcefire.ca\/#organization","name":"Safety Source Fire","url":"https:\/\/staging.safetysourcefire.ca\/","logo":{"@type":"ImageObject","inLanguage":"fr-CA","@id":"https:\/\/staging.safetysourcefire.ca\/#\/schema\/logo\/image\/","url":"https:\/\/staging.safetysourcefire.ca\/wp-content\/uploads\/2021\/01\/SSF_logo_CC0000-3.png","contentUrl":"https:\/\/staging.safetysourcefire.ca\/wp-content\/uploads\/2021\/01\/SSF_logo_CC0000-3.png","width":1107,"height":365,"caption":"Safety Source Fire"},"image":{"@id":"https:\/\/staging.safetysourcefire.ca\/#\/schema\/logo\/image\/"},"sameAs":["https:\/\/www.facebook.com\/mmfssca","https:\/\/x.com\/mmfssca"]}]}},"_links":{"self":[{"href":"https:\/\/staging.safetysourcefire.ca\/fr_ca\/wp-json\/wp\/v2\/product\/4438","targetHints":{"allow":["GET"]}}],"collection":[{"href":"https:\/\/staging.safetysourcefire.ca\/fr_ca\/wp-json\/wp\/v2\/product"}],"about":[{"href":"https:\/\/staging.safetysourcefire.ca\/fr_ca\/wp-json\/wp\/v2\/types\/product"}],"wp:featuredmedia":[{"embeddable":true,"href":"https:\/\/staging.safetysourcefire.ca\/fr_ca\/wp-json\/wp\/v2\/media\/4357"}],"wp:attachment":[{"href":"https:\/\/staging.safetysourcefire.ca\/fr_ca\/wp-json\/wp\/v2\/media?parent=4438"}],"wp:term":[{"taxonomy":"product_brand","embeddable":true,"href":"https:\/\/staging.safetysourcefire.ca\/fr_ca\/wp-json\/wp\/v2\/product_brand?post=4438"},{"taxonomy":"product_cat","embeddable":true,"href":"https:\/\/staging.safetysourcefire.ca\/fr_ca\/wp-json\/wp\/v2\/product_cat?post=4438"},{"taxonomy":"product_tag","embeddable":true,"href":"https:\/\/staging.safetysourcefire.ca\/fr_ca\/wp-json\/wp\/v2\/product_tag?post=4438"}],"curies":[{"name":"wp","href":"https:\/\/api.w.org\/{rel}","templated":true}]}}