{"id":4345,"date":"2017-07-06T12:26:07","date_gmt":"2017-07-06T12:26:07","guid":{"rendered":"https:\/\/mmfss.ca\/?post_type=product&#038;p=4345"},"modified":"2018-03-19T14:19:11","modified_gmt":"2018-03-19T14:19:11","slug":"wildlands-shirt-pants","status":"publish","type":"product","link":"https:\/\/staging.safetysourcefire.ca\/fr_ca\/produit\/wildlands-shirt-pants\/","title":{"rendered":"Chemise et pantalon Wildlands"},"content":{"rendered":"<p><strong>PANTALON ET CHEMISE D&#039;UNE DURABILIT\u00c9 MAXIMALE<\/strong><\/p>\n<p>Pour assurer une durabilit\u00e9 maximale, les coutures principales du pantalon et de la chemise Wildlands sont doubles.<\/p>\n<p>&nbsp;<\/p>\n<p><strong>CARACT\u00c9RISTIQUES DE LA CHEMISE WILDLANDS\u00a0:<\/strong><\/p>\n<ul>\n<li>Fermetures avant \u00e0 boutons pression en laiton nickel\u00e9 avec protection en tissu pour emp\u00eacher le transfert de chaleur.<\/li>\n<li>Fermetures ajustables \u00e0 boucles et \u00e0 crochets emp\u00eachant les braises, les \u00e9tincelles et autres d\u00e9bris de p\u00e9n\u00e9trer.<\/li>\n<li>Deux poches poitrine spacieuses avec rabats de poche \u00e0 couverture compl\u00e8te (fermeture \u00e0 crochet et boucle) et fente pour stylo (c\u00f4t\u00e9 gauche).<\/li>\n<li>Ourlet avant et arri\u00e8re extra long qui peut \u00eatre rentr\u00e9 ou laiss\u00e9 hors du pantalon.<\/li>\n<li>Boucle de suspension au cou.<\/li>\n<\/ul>\n<p>&nbsp;<\/p>\n<p><strong>\u00a0CARACT\u00c9RISTIQUES DU PANTALON WILDLANDS\u00a0:<\/strong><\/p>\n<ul>\n<li>Passants de ceinture durables peuvant accueillir des ceintures ayant jusqu'\u00e0 2\u2033 de largeur.<\/li>\n<li>Deux grandes poches coup\u00e9es profil\u00e9es en avant.<\/li>\n<li>Deux grandes poches de si\u00e8ge enti\u00e8rement couvertes par des rabats.<\/li>\n<li>Autobloquant,\u00a0<a href=\"http:\/\/www.lionprotects.com\/node\/1310\">NOMEX<\/a>\u00ae avec fermeture \u00e9clair et protection en tissu pour emp\u00eacher le transfert de chaleur.<\/li>\n<li>Taille \u00e9lastiquee pour plus de confort et ajustement flexible.<\/li>\n<li>Fermetures \u00e0 crochets et boucles r\u00e9glables emp\u00eachant les braises, les \u00e9tincelles et autres d\u00e9bris de p\u00e9n\u00e9trer dans la zone des jambes.<\/li>\n<\/ul>\n<p>&nbsp;<\/p>\n<p><strong>OPTIONS\u00a0:<\/strong><\/p>\n<ul>\n<li>Poche radio et boucle micro.<\/li>\n<li>Mat\u00e9riel r\u00e9fl\u00e9chissant 3M\u2122 Scotchlite\u2122 pour une visibilit\u00e9 maximale - couleurs unies d'un pouce ou deux pouces ou garniture triple de 2 pouces.<\/li>\n<li>Chiffres et lettres r\u00e9fl\u00e9chissants.<\/li>\n<li>Fermeture \u00e9clair sur le devant.<\/li>\n<li>Poches cargo \u00e0 semi-soufflet sur les cuisses.<\/li>\n<li>Fermetures \u00e0 glissi\u00e8re au bas des jambes (dix pouces).<\/li>\n<\/ul>\n<p>&nbsp;<\/p>","protected":false},"excerpt":{"rendered":"<p>La chemise et le pantalon Starfield LION Wildlands sont disponibles en coton NOMEX\u00ae IIIA ou Indura\u00ae FR et sont conformes \u00e0 la norme NFPA 1977.<\/p>","protected":false},"featured_media":4340,"template":"","meta":[],"product_brand":[233],"product_cat":[122,50],"product_tag":[346],"class_list":{"0":"post-4345","1":"product","2":"type-product","3":"status-publish","4":"has-post-thumbnail","6":"product_brand-starfield-lion","7":"product_cat-coveralls","8":"product_cat-personal-protective-equipment","9":"product_tag-starfield","11":"first","12":"instock","13":"shipping-taxable","14":"product-type-simple"},"yoast_head":"<!-- This site is optimized with the Yoast SEO plugin v27.4 - https:\/\/yoast.com\/product\/yoast-seo-wordpress\/ -->\n<title>Wildlands Shirt and Pants - Safety Source Fire<\/title>\n<meta name=\"robots\" content=\"noindex, follow, max-snippet:-1, max-image-preview:large, max-video-preview:-1\" \/>\n<meta property=\"og:locale\" content=\"fr_CA\" \/>\n<meta property=\"og:type\" content=\"article\" \/>\n<meta property=\"og:title\" content=\"Wildlands Shirt and Pants - Safety Source Fire\" \/>\n<meta property=\"og:description\" content=\"The Starfield LION Wildlands Shirt and Pants are available in NOMEX\u00ae\u00a0IIIA or Indura\u00ae\u00a0FR cotton materials which are compliant to NFPA 1977 standard.\" \/>\n<meta property=\"og:url\" content=\"https:\/\/staging.safetysourcefire.ca\/fr_ca\/produit\/wildlands-shirt-pants\/\" \/>\n<meta property=\"og:site_name\" content=\"Safety Source Fire\" \/>\n<meta property=\"article:publisher\" content=\"https:\/\/www.facebook.com\/mmfssca\" \/>\n<meta property=\"article:modified_time\" content=\"2018-03-19T14:19:11+00:00\" \/>\n<meta property=\"og:image\" content=\"https:\/\/staging.safetysourcefire.ca\/wp-content\/uploads\/2017\/07\/Wildland-Jacket-Pants.jpg\" \/>\n\t<meta property=\"og:image:width\" content=\"600\" \/>\n\t<meta property=\"og:image:height\" content=\"600\" \/>\n\t<meta property=\"og:image:type\" content=\"image\/jpeg\" \/>\n<meta name=\"twitter:card\" content=\"summary_large_image\" \/>\n<meta name=\"twitter:site\" content=\"@mmfssca\" \/>\n<meta name=\"twitter:label1\" content=\"Estimation du temps de lecture\" \/>\n\t<meta name=\"twitter:data1\" content=\"1 minute\" \/>\n<script type=\"application\/ld+json\" class=\"yoast-schema-graph\">{\"@context\":\"https:\\\/\\\/schema.org\",\"@graph\":[{\"@type\":\"WebPage\",\"@id\":\"https:\\\/\\\/staging.safetysourcefire.ca\\\/product\\\/wildlands-shirt-pants\\\/\",\"url\":\"https:\\\/\\\/staging.safetysourcefire.ca\\\/product\\\/wildlands-shirt-pants\\\/\",\"name\":\"Wildlands Shirt and Pants - Safety Source Fire\",\"isPartOf\":{\"@id\":\"https:\\\/\\\/staging.safetysourcefire.ca\\\/#website\"},\"primaryImageOfPage\":{\"@id\":\"https:\\\/\\\/staging.safetysourcefire.ca\\\/product\\\/wildlands-shirt-pants\\\/#primaryimage\"},\"image\":{\"@id\":\"https:\\\/\\\/staging.safetysourcefire.ca\\\/product\\\/wildlands-shirt-pants\\\/#primaryimage\"},\"thumbnailUrl\":\"https:\\\/\\\/staging.safetysourcefire.ca\\\/wp-content\\\/uploads\\\/2017\\\/07\\\/Wildland-Jacket-Pants.jpg\",\"datePublished\":\"2017-07-06T12:26:07+00:00\",\"dateModified\":\"2018-03-19T14:19:11+00:00\",\"breadcrumb\":{\"@id\":\"https:\\\/\\\/staging.safetysourcefire.ca\\\/product\\\/wildlands-shirt-pants\\\/#breadcrumb\"},\"inLanguage\":\"fr-CA\",\"potentialAction\":[{\"@type\":\"ReadAction\",\"target\":[\"https:\\\/\\\/staging.safetysourcefire.ca\\\/product\\\/wildlands-shirt-pants\\\/\"]}]},{\"@type\":\"ImageObject\",\"inLanguage\":\"fr-CA\",\"@id\":\"https:\\\/\\\/staging.safetysourcefire.ca\\\/product\\\/wildlands-shirt-pants\\\/#primaryimage\",\"url\":\"https:\\\/\\\/staging.safetysourcefire.ca\\\/wp-content\\\/uploads\\\/2017\\\/07\\\/Wildland-Jacket-Pants.jpg\",\"contentUrl\":\"https:\\\/\\\/staging.safetysourcefire.ca\\\/wp-content\\\/uploads\\\/2017\\\/07\\\/Wildland-Jacket-Pants.jpg\",\"width\":600,\"height\":600,\"caption\":\"man in yellow coverall\"},{\"@type\":\"BreadcrumbList\",\"@id\":\"https:\\\/\\\/staging.safetysourcefire.ca\\\/product\\\/wildlands-shirt-pants\\\/#breadcrumb\",\"itemListElement\":[{\"@type\":\"ListItem\",\"position\":1,\"name\":\"Home\",\"item\":\"https:\\\/\\\/staging.safetysourcefire.ca\\\/\"},{\"@type\":\"ListItem\",\"position\":2,\"name\":\"Products\",\"item\":\"https:\\\/\\\/staging.safetysourcefire.ca\\\/shop\\\/\"},{\"@type\":\"ListItem\",\"position\":3,\"name\":\"Wildlands Shirt and Pants\"}]},{\"@type\":\"WebSite\",\"@id\":\"https:\\\/\\\/staging.safetysourcefire.ca\\\/#website\",\"url\":\"https:\\\/\\\/staging.safetysourcefire.ca\\\/\",\"name\":\"Safety Source Fire\",\"description\":\"\",\"publisher\":{\"@id\":\"https:\\\/\\\/staging.safetysourcefire.ca\\\/#organization\"},\"potentialAction\":[{\"@type\":\"SearchAction\",\"target\":{\"@type\":\"EntryPoint\",\"urlTemplate\":\"https:\\\/\\\/staging.safetysourcefire.ca\\\/?s={search_term_string}\"},\"query-input\":{\"@type\":\"PropertyValueSpecification\",\"valueRequired\":true,\"valueName\":\"search_term_string\"}}],\"inLanguage\":\"fr-CA\"},{\"@type\":\"Organization\",\"@id\":\"https:\\\/\\\/staging.safetysourcefire.ca\\\/#organization\",\"name\":\"Safety Source Fire\",\"url\":\"https:\\\/\\\/staging.safetysourcefire.ca\\\/\",\"logo\":{\"@type\":\"ImageObject\",\"inLanguage\":\"fr-CA\",\"@id\":\"https:\\\/\\\/staging.safetysourcefire.ca\\\/#\\\/schema\\\/logo\\\/image\\\/\",\"url\":\"https:\\\/\\\/staging.safetysourcefire.ca\\\/wp-content\\\/uploads\\\/2021\\\/01\\\/SSF_logo_CC0000-3.png\",\"contentUrl\":\"https:\\\/\\\/staging.safetysourcefire.ca\\\/wp-content\\\/uploads\\\/2021\\\/01\\\/SSF_logo_CC0000-3.png\",\"width\":1107,\"height\":365,\"caption\":\"Safety Source Fire\"},\"image\":{\"@id\":\"https:\\\/\\\/staging.safetysourcefire.ca\\\/#\\\/schema\\\/logo\\\/image\\\/\"},\"sameAs\":[\"https:\\\/\\\/www.facebook.com\\\/mmfssca\",\"https:\\\/\\\/x.com\\\/mmfssca\"]}]}<\/script>\n<!-- \/ Yoast SEO plugin. -->","yoast_head_json":{"title":"Chemise et pantalon Wildlands - Safety Source Fire","robots":{"index":"noindex","follow":"follow","max-snippet":"max-snippet:-1","max-image-preview":"max-image-preview:large","max-video-preview":"max-video-preview:-1"},"og_locale":"fr_CA","og_type":"article","og_title":"Wildlands Shirt and Pants - Safety Source Fire","og_description":"The Starfield LION Wildlands Shirt and Pants are available in NOMEX\u00ae\u00a0IIIA or Indura\u00ae\u00a0FR cotton materials which are compliant to NFPA 1977 standard.","og_url":"https:\/\/staging.safetysourcefire.ca\/fr_ca\/produit\/wildlands-shirt-pants\/","og_site_name":"Safety Source Fire","article_publisher":"https:\/\/www.facebook.com\/mmfssca","article_modified_time":"2018-03-19T14:19:11+00:00","og_image":[{"width":600,"height":600,"url":"https:\/\/staging.safetysourcefire.ca\/wp-content\/uploads\/2017\/07\/Wildland-Jacket-Pants.jpg","type":"image\/jpeg"}],"twitter_card":"summary_large_image","twitter_site":"@mmfssca","twitter_misc":{"Estimation du temps de lecture":"1 minute"},"schema":{"@context":"https:\/\/schema.org","@graph":[{"@type":"WebPage","@id":"https:\/\/staging.safetysourcefire.ca\/product\/wildlands-shirt-pants\/","url":"https:\/\/staging.safetysourcefire.ca\/product\/wildlands-shirt-pants\/","name":"Chemise et pantalon Wildlands - Safety Source Fire","isPartOf":{"@id":"https:\/\/staging.safetysourcefire.ca\/#website"},"primaryImageOfPage":{"@id":"https:\/\/staging.safetysourcefire.ca\/product\/wildlands-shirt-pants\/#primaryimage"},"image":{"@id":"https:\/\/staging.safetysourcefire.ca\/product\/wildlands-shirt-pants\/#primaryimage"},"thumbnailUrl":"https:\/\/staging.safetysourcefire.ca\/wp-content\/uploads\/2017\/07\/Wildland-Jacket-Pants.jpg","datePublished":"2017-07-06T12:26:07+00:00","dateModified":"2018-03-19T14:19:11+00:00","breadcrumb":{"@id":"https:\/\/staging.safetysourcefire.ca\/product\/wildlands-shirt-pants\/#breadcrumb"},"inLanguage":"fr-CA","potentialAction":[{"@type":"ReadAction","target":["https:\/\/staging.safetysourcefire.ca\/product\/wildlands-shirt-pants\/"]}]},{"@type":"ImageObject","inLanguage":"fr-CA","@id":"https:\/\/staging.safetysourcefire.ca\/product\/wildlands-shirt-pants\/#primaryimage","url":"https:\/\/staging.safetysourcefire.ca\/wp-content\/uploads\/2017\/07\/Wildland-Jacket-Pants.jpg","contentUrl":"https:\/\/staging.safetysourcefire.ca\/wp-content\/uploads\/2017\/07\/Wildland-Jacket-Pants.jpg","width":600,"height":600,"caption":"man in yellow coverall"},{"@type":"BreadcrumbList","@id":"https:\/\/staging.safetysourcefire.ca\/product\/wildlands-shirt-pants\/#breadcrumb","itemListElement":[{"@type":"ListItem","position":1,"name":"Home","item":"https:\/\/staging.safetysourcefire.ca\/"},{"@type":"ListItem","position":2,"name":"Products","item":"https:\/\/staging.safetysourcefire.ca\/shop\/"},{"@type":"ListItem","position":3,"name":"Wildlands Shirt and Pants"}]},{"@type":"WebSite","@id":"https:\/\/staging.safetysourcefire.ca\/#website","url":"https:\/\/staging.safetysourcefire.ca\/","name":"Safety Source Fire","description":"","publisher":{"@id":"https:\/\/staging.safetysourcefire.ca\/#organization"},"potentialAction":[{"@type":"SearchAction","target":{"@type":"EntryPoint","urlTemplate":"https:\/\/staging.safetysourcefire.ca\/?s={search_term_string}"},"query-input":{"@type":"PropertyValueSpecification","valueRequired":true,"valueName":"search_term_string"}}],"inLanguage":"fr-CA"},{"@type":"Organization","@id":"https:\/\/staging.safetysourcefire.ca\/#organization","name":"Safety Source Fire","url":"https:\/\/staging.safetysourcefire.ca\/","logo":{"@type":"ImageObject","inLanguage":"fr-CA","@id":"https:\/\/staging.safetysourcefire.ca\/#\/schema\/logo\/image\/","url":"https:\/\/staging.safetysourcefire.ca\/wp-content\/uploads\/2021\/01\/SSF_logo_CC0000-3.png","contentUrl":"https:\/\/staging.safetysourcefire.ca\/wp-content\/uploads\/2021\/01\/SSF_logo_CC0000-3.png","width":1107,"height":365,"caption":"Safety Source Fire"},"image":{"@id":"https:\/\/staging.safetysourcefire.ca\/#\/schema\/logo\/image\/"},"sameAs":["https:\/\/www.facebook.com\/mmfssca","https:\/\/x.com\/mmfssca"]}]}},"_links":{"self":[{"href":"https:\/\/staging.safetysourcefire.ca\/fr_ca\/wp-json\/wp\/v2\/product\/4345","targetHints":{"allow":["GET"]}}],"collection":[{"href":"https:\/\/staging.safetysourcefire.ca\/fr_ca\/wp-json\/wp\/v2\/product"}],"about":[{"href":"https:\/\/staging.safetysourcefire.ca\/fr_ca\/wp-json\/wp\/v2\/types\/product"}],"wp:featuredmedia":[{"embeddable":true,"href":"https:\/\/staging.safetysourcefire.ca\/fr_ca\/wp-json\/wp\/v2\/media\/4340"}],"wp:attachment":[{"href":"https:\/\/staging.safetysourcefire.ca\/fr_ca\/wp-json\/wp\/v2\/media?parent=4345"}],"wp:term":[{"taxonomy":"product_brand","embeddable":true,"href":"https:\/\/staging.safetysourcefire.ca\/fr_ca\/wp-json\/wp\/v2\/product_brand?post=4345"},{"taxonomy":"product_cat","embeddable":true,"href":"https:\/\/staging.safetysourcefire.ca\/fr_ca\/wp-json\/wp\/v2\/product_cat?post=4345"},{"taxonomy":"product_tag","embeddable":true,"href":"https:\/\/staging.safetysourcefire.ca\/fr_ca\/wp-json\/wp\/v2\/product_tag?post=4345"}],"curies":[{"name":"wp","href":"https:\/\/api.w.org\/{rel}","templated":true}]}}