{"id":4344,"date":"2017-07-06T12:24:36","date_gmt":"2017-07-06T12:24:36","guid":{"rendered":"https:\/\/mmfss.ca\/?post_type=product&#038;p=4344"},"modified":"2018-03-19T14:19:12","modified_gmt":"2018-03-19T14:19:12","slug":"protec-wildlands-coverall","status":"publish","type":"product","link":"https:\/\/staging.safetysourcefire.ca\/fr_ca\/produit\/protec-wildlands-coverall\/","title":{"rendered":"Combinaison Protec\u00ae Wildlands"},"content":{"rendered":"<ul>\n<li>Disponible en toile NOMEX\u00ae IIIA de 6,0 oz\/yd2 et en coton Indura\u00ae Ultra Soft FR de 9,0 oz\/yd2 (jaune)<\/li>\n<li>Conception flexible pour une mobilit\u00e9 maximale.<\/li>\n<li>Col montant de style mandarin pour une \u00e9tanch\u00e9it\u00e9 thermique continue.<\/li>\n<li>Boucle de suspension au cou.<\/li>\n<li>Fermeture \u00e0 glissi\u00e8re bidirectionnelle pleine longueur en laiton double avec protection en mat\u00e9riau et support en tissu pour emp\u00eacher le transfert de chaleur.<\/li>\n<li>Deux grandes poches poitrine avec rabats de poche \u00e0 couverture compl\u00e8te et fente pour stylo (c\u00f4t\u00e9 gauche).<\/li>\n<li>Les fermetures ajustables aux poignets et aux chevilles \u00e0 boucles et \u00e0 crochets emp\u00eachent les braises de p\u00e9n\u00e9trer dans la zone des manches et des jambes.<\/li>\n<li>Ceinture renforc\u00e9e pouvant contenir une taille \u00e9lastique avec des sangles de r\u00e9glage pour un ajustement confortable.<\/li>\n<li>Deux poches lat\u00e9rales sup\u00e9rieures 1\/8 et deux poches de si\u00e8ge avec rabats couvrants.<\/li>\n<li>Coutures principales doubles pour plus de durabilit\u00e9.<\/li>\n<\/ul>\n<p>Options:<\/p>\n<ul>\n<li>Poche radio et boucle pour micro<\/li>\n<li>Poches passe-partout<\/li>\n<li>Poches de cuisses \u00e0 demi-soufflet<\/li>\n<li>Renforts aux genoux avec rembourrage Lite-N-Dri\u2122<\/li>\n<li>Fermetures \u00e0 glissi\u00e8re 10\u2033 au bas des jambes<\/li>\n<li>Mat\u00e9riel r\u00e9fl\u00e9chissant 3M\u2122 Scotchlite\u2122\u00a0: 1\u2033 garniture solide ou 2\u2033 Triple garniture sur les bandes arri\u00e8re\/milieu avant-bras\/bas de jambe<\/li>\n<li>Lettres\/chiffres r\u00e9fl\u00e9chissants de couleur unie de 2&quot; ou 3&quot;<\/li>\n<\/ul>\n<p>&nbsp;<\/p>","protected":false},"excerpt":{"rendered":"<p>Grand confort et ajustement avec protection certifi\u00e9e NFPA 1977.<\/p>","protected":false},"featured_media":4339,"template":"","meta":[],"product_brand":[233],"product_cat":[122,50],"product_tag":[346],"class_list":{"0":"post-4344","1":"product","2":"type-product","3":"status-publish","4":"has-post-thumbnail","6":"product_brand-starfield-lion","7":"product_cat-coveralls","8":"product_cat-personal-protective-equipment","9":"product_tag-starfield","11":"first","12":"instock","13":"shipping-taxable","14":"product-type-simple"},"yoast_head":"<!-- This site is optimized with the Yoast SEO plugin v27.4 - https:\/\/yoast.com\/product\/yoast-seo-wordpress\/ -->\n<title>Protec\u00ae Wildlands Coverall - Safety Source Fire<\/title>\n<meta name=\"robots\" content=\"noindex, follow, max-snippet:-1, max-image-preview:large, max-video-preview:-1\" \/>\n<meta property=\"og:locale\" content=\"fr_CA\" \/>\n<meta property=\"og:type\" content=\"article\" \/>\n<meta property=\"og:title\" content=\"Protec\u00ae Wildlands Coverall - Safety Source Fire\" \/>\n<meta property=\"og:description\" content=\"Great comfort and fit with NFPA 1977 certified, no-gap protection\" \/>\n<meta property=\"og:url\" content=\"https:\/\/staging.safetysourcefire.ca\/fr_ca\/produit\/protec-wildlands-coverall\/\" \/>\n<meta property=\"og:site_name\" content=\"Safety Source Fire\" \/>\n<meta property=\"article:publisher\" content=\"https:\/\/www.facebook.com\/mmfssca\" \/>\n<meta property=\"article:modified_time\" content=\"2018-03-19T14:19:12+00:00\" \/>\n<meta property=\"og:image\" content=\"https:\/\/staging.safetysourcefire.ca\/wp-content\/uploads\/2017\/07\/Wild-Coverall.jpg\" \/>\n\t<meta property=\"og:image:width\" content=\"600\" \/>\n\t<meta property=\"og:image:height\" content=\"600\" \/>\n\t<meta property=\"og:image:type\" content=\"image\/jpeg\" \/>\n<meta name=\"twitter:card\" content=\"summary_large_image\" \/>\n<meta name=\"twitter:site\" content=\"@mmfssca\" \/>\n<meta name=\"twitter:label1\" content=\"Estimation du temps de lecture\" \/>\n\t<meta name=\"twitter:data1\" content=\"1 minute\" \/>\n<script type=\"application\/ld+json\" class=\"yoast-schema-graph\">{\"@context\":\"https:\\\/\\\/schema.org\",\"@graph\":[{\"@type\":\"WebPage\",\"@id\":\"https:\\\/\\\/staging.safetysourcefire.ca\\\/product\\\/protec-wildlands-coverall\\\/\",\"url\":\"https:\\\/\\\/staging.safetysourcefire.ca\\\/product\\\/protec-wildlands-coverall\\\/\",\"name\":\"Protec\u00ae Wildlands Coverall - Safety Source Fire\",\"isPartOf\":{\"@id\":\"https:\\\/\\\/staging.safetysourcefire.ca\\\/#website\"},\"primaryImageOfPage\":{\"@id\":\"https:\\\/\\\/staging.safetysourcefire.ca\\\/product\\\/protec-wildlands-coverall\\\/#primaryimage\"},\"image\":{\"@id\":\"https:\\\/\\\/staging.safetysourcefire.ca\\\/product\\\/protec-wildlands-coverall\\\/#primaryimage\"},\"thumbnailUrl\":\"https:\\\/\\\/staging.safetysourcefire.ca\\\/wp-content\\\/uploads\\\/2017\\\/07\\\/Wild-Coverall.jpg\",\"datePublished\":\"2017-07-06T12:24:36+00:00\",\"dateModified\":\"2018-03-19T14:19:12+00:00\",\"breadcrumb\":{\"@id\":\"https:\\\/\\\/staging.safetysourcefire.ca\\\/product\\\/protec-wildlands-coverall\\\/#breadcrumb\"},\"inLanguage\":\"fr-CA\",\"potentialAction\":[{\"@type\":\"ReadAction\",\"target\":[\"https:\\\/\\\/staging.safetysourcefire.ca\\\/product\\\/protec-wildlands-coverall\\\/\"]}]},{\"@type\":\"ImageObject\",\"inLanguage\":\"fr-CA\",\"@id\":\"https:\\\/\\\/staging.safetysourcefire.ca\\\/product\\\/protec-wildlands-coverall\\\/#primaryimage\",\"url\":\"https:\\\/\\\/staging.safetysourcefire.ca\\\/wp-content\\\/uploads\\\/2017\\\/07\\\/Wild-Coverall.jpg\",\"contentUrl\":\"https:\\\/\\\/staging.safetysourcefire.ca\\\/wp-content\\\/uploads\\\/2017\\\/07\\\/Wild-Coverall.jpg\",\"width\":600,\"height\":600,\"caption\":\"man in yellow coverall\"},{\"@type\":\"BreadcrumbList\",\"@id\":\"https:\\\/\\\/staging.safetysourcefire.ca\\\/product\\\/protec-wildlands-coverall\\\/#breadcrumb\",\"itemListElement\":[{\"@type\":\"ListItem\",\"position\":1,\"name\":\"Home\",\"item\":\"https:\\\/\\\/staging.safetysourcefire.ca\\\/\"},{\"@type\":\"ListItem\",\"position\":2,\"name\":\"Products\",\"item\":\"https:\\\/\\\/staging.safetysourcefire.ca\\\/shop\\\/\"},{\"@type\":\"ListItem\",\"position\":3,\"name\":\"Protec\u00ae Wildlands Coverall\"}]},{\"@type\":\"WebSite\",\"@id\":\"https:\\\/\\\/staging.safetysourcefire.ca\\\/#website\",\"url\":\"https:\\\/\\\/staging.safetysourcefire.ca\\\/\",\"name\":\"Safety Source Fire\",\"description\":\"\",\"publisher\":{\"@id\":\"https:\\\/\\\/staging.safetysourcefire.ca\\\/#organization\"},\"potentialAction\":[{\"@type\":\"SearchAction\",\"target\":{\"@type\":\"EntryPoint\",\"urlTemplate\":\"https:\\\/\\\/staging.safetysourcefire.ca\\\/?s={search_term_string}\"},\"query-input\":{\"@type\":\"PropertyValueSpecification\",\"valueRequired\":true,\"valueName\":\"search_term_string\"}}],\"inLanguage\":\"fr-CA\"},{\"@type\":\"Organization\",\"@id\":\"https:\\\/\\\/staging.safetysourcefire.ca\\\/#organization\",\"name\":\"Safety Source Fire\",\"url\":\"https:\\\/\\\/staging.safetysourcefire.ca\\\/\",\"logo\":{\"@type\":\"ImageObject\",\"inLanguage\":\"fr-CA\",\"@id\":\"https:\\\/\\\/staging.safetysourcefire.ca\\\/#\\\/schema\\\/logo\\\/image\\\/\",\"url\":\"https:\\\/\\\/staging.safetysourcefire.ca\\\/wp-content\\\/uploads\\\/2021\\\/01\\\/SSF_logo_CC0000-3.png\",\"contentUrl\":\"https:\\\/\\\/staging.safetysourcefire.ca\\\/wp-content\\\/uploads\\\/2021\\\/01\\\/SSF_logo_CC0000-3.png\",\"width\":1107,\"height\":365,\"caption\":\"Safety Source Fire\"},\"image\":{\"@id\":\"https:\\\/\\\/staging.safetysourcefire.ca\\\/#\\\/schema\\\/logo\\\/image\\\/\"},\"sameAs\":[\"https:\\\/\\\/www.facebook.com\\\/mmfssca\",\"https:\\\/\\\/x.com\\\/mmfssca\"]}]}<\/script>\n<!-- \/ Yoast SEO plugin. -->","yoast_head_json":{"title":"Combinaison Protec\u00ae Wildlands - S\u00e9curit\u00e9 incendie","robots":{"index":"noindex","follow":"follow","max-snippet":"max-snippet:-1","max-image-preview":"max-image-preview:large","max-video-preview":"max-video-preview:-1"},"og_locale":"fr_CA","og_type":"article","og_title":"Protec\u00ae Wildlands Coverall - Safety Source Fire","og_description":"Great comfort and fit with NFPA 1977 certified, no-gap protection","og_url":"https:\/\/staging.safetysourcefire.ca\/fr_ca\/produit\/protec-wildlands-coverall\/","og_site_name":"Safety Source Fire","article_publisher":"https:\/\/www.facebook.com\/mmfssca","article_modified_time":"2018-03-19T14:19:12+00:00","og_image":[{"width":600,"height":600,"url":"https:\/\/staging.safetysourcefire.ca\/wp-content\/uploads\/2017\/07\/Wild-Coverall.jpg","type":"image\/jpeg"}],"twitter_card":"summary_large_image","twitter_site":"@mmfssca","twitter_misc":{"Estimation du temps de lecture":"1 minute"},"schema":{"@context":"https:\/\/schema.org","@graph":[{"@type":"WebPage","@id":"https:\/\/staging.safetysourcefire.ca\/product\/protec-wildlands-coverall\/","url":"https:\/\/staging.safetysourcefire.ca\/product\/protec-wildlands-coverall\/","name":"Combinaison Protec\u00ae Wildlands - S\u00e9curit\u00e9 incendie","isPartOf":{"@id":"https:\/\/staging.safetysourcefire.ca\/#website"},"primaryImageOfPage":{"@id":"https:\/\/staging.safetysourcefire.ca\/product\/protec-wildlands-coverall\/#primaryimage"},"image":{"@id":"https:\/\/staging.safetysourcefire.ca\/product\/protec-wildlands-coverall\/#primaryimage"},"thumbnailUrl":"https:\/\/staging.safetysourcefire.ca\/wp-content\/uploads\/2017\/07\/Wild-Coverall.jpg","datePublished":"2017-07-06T12:24:36+00:00","dateModified":"2018-03-19T14:19:12+00:00","breadcrumb":{"@id":"https:\/\/staging.safetysourcefire.ca\/product\/protec-wildlands-coverall\/#breadcrumb"},"inLanguage":"fr-CA","potentialAction":[{"@type":"ReadAction","target":["https:\/\/staging.safetysourcefire.ca\/product\/protec-wildlands-coverall\/"]}]},{"@type":"ImageObject","inLanguage":"fr-CA","@id":"https:\/\/staging.safetysourcefire.ca\/product\/protec-wildlands-coverall\/#primaryimage","url":"https:\/\/staging.safetysourcefire.ca\/wp-content\/uploads\/2017\/07\/Wild-Coverall.jpg","contentUrl":"https:\/\/staging.safetysourcefire.ca\/wp-content\/uploads\/2017\/07\/Wild-Coverall.jpg","width":600,"height":600,"caption":"man in yellow coverall"},{"@type":"BreadcrumbList","@id":"https:\/\/staging.safetysourcefire.ca\/product\/protec-wildlands-coverall\/#breadcrumb","itemListElement":[{"@type":"ListItem","position":1,"name":"Home","item":"https:\/\/staging.safetysourcefire.ca\/"},{"@type":"ListItem","position":2,"name":"Products","item":"https:\/\/staging.safetysourcefire.ca\/shop\/"},{"@type":"ListItem","position":3,"name":"Protec\u00ae Wildlands Coverall"}]},{"@type":"WebSite","@id":"https:\/\/staging.safetysourcefire.ca\/#website","url":"https:\/\/staging.safetysourcefire.ca\/","name":"Safety Source Fire","description":"","publisher":{"@id":"https:\/\/staging.safetysourcefire.ca\/#organization"},"potentialAction":[{"@type":"SearchAction","target":{"@type":"EntryPoint","urlTemplate":"https:\/\/staging.safetysourcefire.ca\/?s={search_term_string}"},"query-input":{"@type":"PropertyValueSpecification","valueRequired":true,"valueName":"search_term_string"}}],"inLanguage":"fr-CA"},{"@type":"Organization","@id":"https:\/\/staging.safetysourcefire.ca\/#organization","name":"Safety Source Fire","url":"https:\/\/staging.safetysourcefire.ca\/","logo":{"@type":"ImageObject","inLanguage":"fr-CA","@id":"https:\/\/staging.safetysourcefire.ca\/#\/schema\/logo\/image\/","url":"https:\/\/staging.safetysourcefire.ca\/wp-content\/uploads\/2021\/01\/SSF_logo_CC0000-3.png","contentUrl":"https:\/\/staging.safetysourcefire.ca\/wp-content\/uploads\/2021\/01\/SSF_logo_CC0000-3.png","width":1107,"height":365,"caption":"Safety Source Fire"},"image":{"@id":"https:\/\/staging.safetysourcefire.ca\/#\/schema\/logo\/image\/"},"sameAs":["https:\/\/www.facebook.com\/mmfssca","https:\/\/x.com\/mmfssca"]}]}},"_links":{"self":[{"href":"https:\/\/staging.safetysourcefire.ca\/fr_ca\/wp-json\/wp\/v2\/product\/4344","targetHints":{"allow":["GET"]}}],"collection":[{"href":"https:\/\/staging.safetysourcefire.ca\/fr_ca\/wp-json\/wp\/v2\/product"}],"about":[{"href":"https:\/\/staging.safetysourcefire.ca\/fr_ca\/wp-json\/wp\/v2\/types\/product"}],"wp:featuredmedia":[{"embeddable":true,"href":"https:\/\/staging.safetysourcefire.ca\/fr_ca\/wp-json\/wp\/v2\/media\/4339"}],"wp:attachment":[{"href":"https:\/\/staging.safetysourcefire.ca\/fr_ca\/wp-json\/wp\/v2\/media?parent=4344"}],"wp:term":[{"taxonomy":"product_brand","embeddable":true,"href":"https:\/\/staging.safetysourcefire.ca\/fr_ca\/wp-json\/wp\/v2\/product_brand?post=4344"},{"taxonomy":"product_cat","embeddable":true,"href":"https:\/\/staging.safetysourcefire.ca\/fr_ca\/wp-json\/wp\/v2\/product_cat?post=4344"},{"taxonomy":"product_tag","embeddable":true,"href":"https:\/\/staging.safetysourcefire.ca\/fr_ca\/wp-json\/wp\/v2\/product_tag?post=4344"}],"curies":[{"name":"wp","href":"https:\/\/api.w.org\/{rel}","templated":true}]}}