{"id":4343,"date":"2017-07-06T12:23:19","date_gmt":"2017-07-06T12:23:19","guid":{"rendered":"https:\/\/mmfss.ca\/?post_type=product&#038;p=4343"},"modified":"2018-03-19T14:19:13","modified_gmt":"2018-03-19T14:19:13","slug":"protec-standard-coverall","status":"publish","type":"product","link":"https:\/\/staging.safetysourcefire.ca\/fr_ca\/produit\/protec-standard-coverall\/","title":{"rendered":"Combinaison standard Protec\u00ae"},"content":{"rendered":"<p><strong>COMBINAISON DURABLE ET CONFORTABLE \u00c0 PETIT PRIX<\/strong><\/p>\n<p>Con\u00e7ue pour r\u00e9pondre aux besoins des premiers intervenants, cette combinaison est ignifuge, poss\u00e8de des fermetures \u00e0 boucles et \u00e0 crochets et vous laisse bouger sans restreindre vos mouvements.<\/p>\n<ul>\n<li>Construit avec DuPont\u2122 ignifuge et conforme \u00e0 la NFPA 1975<a href=\"http:\/\/www.lionprotects.com\/node\/1310\">Nomex<\/a>\u00ae Fibre IIIA. \u00c9galement disponible dans d&#039;autres mat\u00e9riaux.<\/li>\n<li>Deux poches avec fermeture auto-agrippante \u00e0 la poitrine.<\/li>\n<li>Conception permettant plus de mobilit\u00e9.<\/li>\n<li>Fermeture \u00e0 glissi\u00e8re avant bidirectionnelle sur toute la longueur pour un enfilage et un retrait faciles.<\/li>\n<li>Fermetures \u00e0 crochets et boucles.<\/li>\n<li>Taille \u00e9lastique pour un ajustement confortable.<\/li>\n<li>Deux poches coup\u00e9es et deux poches sur les hanches.<\/li>\n<li>Clignotants \u00e0 \u00e9paules et\/ou badges cousus sans frais suppl\u00e9mentaires.<\/li>\n<\/ul>\n<p>&nbsp;<\/p>\n<ul>\n<li><strong>OPTIONS<\/strong><\/li>\n<li>Genoux renforc\u00e9s.<\/li>\n<li>Poches passe-partout.<\/li>\n<li>Poche radio.<\/li>\n<li>Poche pour ordinateur portable sur la manche avec fente pour stylo.<\/li>\n<li>Mat\u00e9riau r\u00e9fl\u00e9chissant 3M\u2122 Scotchlite\u2122 pour une visibilit\u00e9 maximale \u2014 argent. Un motif de garniture conforme \u00e0 la CSA pour une meilleure visibilit\u00e9 des travailleurs routiers est disponible.<\/li>\n<li>Lettres et chiffres r\u00e9fl\u00e9chissants.<\/li>\n<li>Plaques nominatives brod\u00e9es.<\/li>\n<\/ul>\n<p>&nbsp;<\/p>","protected":false},"excerpt":{"rendered":"<p>Vous recherchez une excellente protection \u00e0 un prix avantageux? Alors la combinaison standard Starfield LION vous conviendra bien.<\/p>","protected":false},"featured_media":4337,"template":"","meta":[],"product_brand":[233],"product_cat":[122,50],"product_tag":[346],"class_list":{"0":"post-4343","1":"product","2":"type-product","3":"status-publish","4":"has-post-thumbnail","6":"product_brand-starfield-lion","7":"product_cat-coveralls","8":"product_cat-personal-protective-equipment","9":"product_tag-starfield","11":"first","12":"instock","13":"shipping-taxable","14":"product-type-simple"},"yoast_head":"<!-- This site is optimized with the Yoast SEO plugin v27.4 - https:\/\/yoast.com\/product\/yoast-seo-wordpress\/ -->\n<title>Protec\u00ae Standard Coverall - Safety Source Fire<\/title>\n<meta name=\"robots\" content=\"noindex, follow, max-snippet:-1, max-image-preview:large, max-video-preview:-1\" \/>\n<meta property=\"og:locale\" content=\"fr_CA\" \/>\n<meta property=\"og:type\" content=\"article\" \/>\n<meta property=\"og:title\" content=\"Protec\u00ae Standard Coverall - Safety Source Fire\" \/>\n<meta property=\"og:description\" content=\"Looking for great protection at a great price? Then the Starfield LION Standard Coverall will suit you well.\" \/>\n<meta property=\"og:url\" content=\"https:\/\/staging.safetysourcefire.ca\/fr_ca\/produit\/protec-standard-coverall\/\" \/>\n<meta property=\"og:site_name\" content=\"Safety Source Fire\" \/>\n<meta property=\"article:publisher\" content=\"https:\/\/www.facebook.com\/mmfssca\" \/>\n<meta property=\"article:modified_time\" content=\"2018-03-19T14:19:13+00:00\" \/>\n<meta property=\"og:image\" content=\"https:\/\/staging.safetysourcefire.ca\/wp-content\/uploads\/2017\/07\/Standard-Coverall.jpg\" \/>\n\t<meta property=\"og:image:width\" content=\"600\" \/>\n\t<meta property=\"og:image:height\" content=\"600\" \/>\n\t<meta property=\"og:image:type\" content=\"image\/jpeg\" \/>\n<meta name=\"twitter:card\" content=\"summary_large_image\" \/>\n<meta name=\"twitter:site\" content=\"@mmfssca\" \/>\n<meta name=\"twitter:label1\" content=\"Estimation du temps de lecture\" \/>\n\t<meta name=\"twitter:data1\" content=\"1 minute\" \/>\n<script type=\"application\/ld+json\" class=\"yoast-schema-graph\">{\"@context\":\"https:\\\/\\\/schema.org\",\"@graph\":[{\"@type\":\"WebPage\",\"@id\":\"https:\\\/\\\/staging.safetysourcefire.ca\\\/product\\\/protec-standard-coverall\\\/\",\"url\":\"https:\\\/\\\/staging.safetysourcefire.ca\\\/product\\\/protec-standard-coverall\\\/\",\"name\":\"Protec\u00ae Standard Coverall - Safety Source Fire\",\"isPartOf\":{\"@id\":\"https:\\\/\\\/staging.safetysourcefire.ca\\\/#website\"},\"primaryImageOfPage\":{\"@id\":\"https:\\\/\\\/staging.safetysourcefire.ca\\\/product\\\/protec-standard-coverall\\\/#primaryimage\"},\"image\":{\"@id\":\"https:\\\/\\\/staging.safetysourcefire.ca\\\/product\\\/protec-standard-coverall\\\/#primaryimage\"},\"thumbnailUrl\":\"https:\\\/\\\/staging.safetysourcefire.ca\\\/wp-content\\\/uploads\\\/2017\\\/07\\\/Standard-Coverall.jpg\",\"datePublished\":\"2017-07-06T12:23:19+00:00\",\"dateModified\":\"2018-03-19T14:19:13+00:00\",\"breadcrumb\":{\"@id\":\"https:\\\/\\\/staging.safetysourcefire.ca\\\/product\\\/protec-standard-coverall\\\/#breadcrumb\"},\"inLanguage\":\"fr-CA\",\"potentialAction\":[{\"@type\":\"ReadAction\",\"target\":[\"https:\\\/\\\/staging.safetysourcefire.ca\\\/product\\\/protec-standard-coverall\\\/\"]}]},{\"@type\":\"ImageObject\",\"inLanguage\":\"fr-CA\",\"@id\":\"https:\\\/\\\/staging.safetysourcefire.ca\\\/product\\\/protec-standard-coverall\\\/#primaryimage\",\"url\":\"https:\\\/\\\/staging.safetysourcefire.ca\\\/wp-content\\\/uploads\\\/2017\\\/07\\\/Standard-Coverall.jpg\",\"contentUrl\":\"https:\\\/\\\/staging.safetysourcefire.ca\\\/wp-content\\\/uploads\\\/2017\\\/07\\\/Standard-Coverall.jpg\",\"width\":600,\"height\":600,\"caption\":\"man in red coverall\"},{\"@type\":\"BreadcrumbList\",\"@id\":\"https:\\\/\\\/staging.safetysourcefire.ca\\\/product\\\/protec-standard-coverall\\\/#breadcrumb\",\"itemListElement\":[{\"@type\":\"ListItem\",\"position\":1,\"name\":\"Home\",\"item\":\"https:\\\/\\\/staging.safetysourcefire.ca\\\/\"},{\"@type\":\"ListItem\",\"position\":2,\"name\":\"Products\",\"item\":\"https:\\\/\\\/staging.safetysourcefire.ca\\\/shop\\\/\"},{\"@type\":\"ListItem\",\"position\":3,\"name\":\"Protec\u00ae Standard Coverall\"}]},{\"@type\":\"WebSite\",\"@id\":\"https:\\\/\\\/staging.safetysourcefire.ca\\\/#website\",\"url\":\"https:\\\/\\\/staging.safetysourcefire.ca\\\/\",\"name\":\"Safety Source Fire\",\"description\":\"\",\"publisher\":{\"@id\":\"https:\\\/\\\/staging.safetysourcefire.ca\\\/#organization\"},\"potentialAction\":[{\"@type\":\"SearchAction\",\"target\":{\"@type\":\"EntryPoint\",\"urlTemplate\":\"https:\\\/\\\/staging.safetysourcefire.ca\\\/?s={search_term_string}\"},\"query-input\":{\"@type\":\"PropertyValueSpecification\",\"valueRequired\":true,\"valueName\":\"search_term_string\"}}],\"inLanguage\":\"fr-CA\"},{\"@type\":\"Organization\",\"@id\":\"https:\\\/\\\/staging.safetysourcefire.ca\\\/#organization\",\"name\":\"Safety Source Fire\",\"url\":\"https:\\\/\\\/staging.safetysourcefire.ca\\\/\",\"logo\":{\"@type\":\"ImageObject\",\"inLanguage\":\"fr-CA\",\"@id\":\"https:\\\/\\\/staging.safetysourcefire.ca\\\/#\\\/schema\\\/logo\\\/image\\\/\",\"url\":\"https:\\\/\\\/staging.safetysourcefire.ca\\\/wp-content\\\/uploads\\\/2021\\\/01\\\/SSF_logo_CC0000-3.png\",\"contentUrl\":\"https:\\\/\\\/staging.safetysourcefire.ca\\\/wp-content\\\/uploads\\\/2021\\\/01\\\/SSF_logo_CC0000-3.png\",\"width\":1107,\"height\":365,\"caption\":\"Safety Source Fire\"},\"image\":{\"@id\":\"https:\\\/\\\/staging.safetysourcefire.ca\\\/#\\\/schema\\\/logo\\\/image\\\/\"},\"sameAs\":[\"https:\\\/\\\/www.facebook.com\\\/mmfssca\",\"https:\\\/\\\/x.com\\\/mmfssca\"]}]}<\/script>\n<!-- \/ Yoast SEO plugin. -->","yoast_head_json":{"title":"Combinaison standard Protec\u00ae - S\u00e9curit\u00e9 incendie","robots":{"index":"noindex","follow":"follow","max-snippet":"max-snippet:-1","max-image-preview":"max-image-preview:large","max-video-preview":"max-video-preview:-1"},"og_locale":"fr_CA","og_type":"article","og_title":"Protec\u00ae Standard Coverall - Safety Source Fire","og_description":"Looking for great protection at a great price? Then the Starfield LION Standard Coverall will suit you well.","og_url":"https:\/\/staging.safetysourcefire.ca\/fr_ca\/produit\/protec-standard-coverall\/","og_site_name":"Safety Source Fire","article_publisher":"https:\/\/www.facebook.com\/mmfssca","article_modified_time":"2018-03-19T14:19:13+00:00","og_image":[{"width":600,"height":600,"url":"https:\/\/staging.safetysourcefire.ca\/wp-content\/uploads\/2017\/07\/Standard-Coverall.jpg","type":"image\/jpeg"}],"twitter_card":"summary_large_image","twitter_site":"@mmfssca","twitter_misc":{"Estimation du temps de lecture":"1 minute"},"schema":{"@context":"https:\/\/schema.org","@graph":[{"@type":"WebPage","@id":"https:\/\/staging.safetysourcefire.ca\/product\/protec-standard-coverall\/","url":"https:\/\/staging.safetysourcefire.ca\/product\/protec-standard-coverall\/","name":"Combinaison standard Protec\u00ae - S\u00e9curit\u00e9 incendie","isPartOf":{"@id":"https:\/\/staging.safetysourcefire.ca\/#website"},"primaryImageOfPage":{"@id":"https:\/\/staging.safetysourcefire.ca\/product\/protec-standard-coverall\/#primaryimage"},"image":{"@id":"https:\/\/staging.safetysourcefire.ca\/product\/protec-standard-coverall\/#primaryimage"},"thumbnailUrl":"https:\/\/staging.safetysourcefire.ca\/wp-content\/uploads\/2017\/07\/Standard-Coverall.jpg","datePublished":"2017-07-06T12:23:19+00:00","dateModified":"2018-03-19T14:19:13+00:00","breadcrumb":{"@id":"https:\/\/staging.safetysourcefire.ca\/product\/protec-standard-coverall\/#breadcrumb"},"inLanguage":"fr-CA","potentialAction":[{"@type":"ReadAction","target":["https:\/\/staging.safetysourcefire.ca\/product\/protec-standard-coverall\/"]}]},{"@type":"ImageObject","inLanguage":"fr-CA","@id":"https:\/\/staging.safetysourcefire.ca\/product\/protec-standard-coverall\/#primaryimage","url":"https:\/\/staging.safetysourcefire.ca\/wp-content\/uploads\/2017\/07\/Standard-Coverall.jpg","contentUrl":"https:\/\/staging.safetysourcefire.ca\/wp-content\/uploads\/2017\/07\/Standard-Coverall.jpg","width":600,"height":600,"caption":"man in red coverall"},{"@type":"BreadcrumbList","@id":"https:\/\/staging.safetysourcefire.ca\/product\/protec-standard-coverall\/#breadcrumb","itemListElement":[{"@type":"ListItem","position":1,"name":"Home","item":"https:\/\/staging.safetysourcefire.ca\/"},{"@type":"ListItem","position":2,"name":"Products","item":"https:\/\/staging.safetysourcefire.ca\/shop\/"},{"@type":"ListItem","position":3,"name":"Protec\u00ae Standard Coverall"}]},{"@type":"WebSite","@id":"https:\/\/staging.safetysourcefire.ca\/#website","url":"https:\/\/staging.safetysourcefire.ca\/","name":"Safety Source Fire","description":"","publisher":{"@id":"https:\/\/staging.safetysourcefire.ca\/#organization"},"potentialAction":[{"@type":"SearchAction","target":{"@type":"EntryPoint","urlTemplate":"https:\/\/staging.safetysourcefire.ca\/?s={search_term_string}"},"query-input":{"@type":"PropertyValueSpecification","valueRequired":true,"valueName":"search_term_string"}}],"inLanguage":"fr-CA"},{"@type":"Organization","@id":"https:\/\/staging.safetysourcefire.ca\/#organization","name":"Safety Source Fire","url":"https:\/\/staging.safetysourcefire.ca\/","logo":{"@type":"ImageObject","inLanguage":"fr-CA","@id":"https:\/\/staging.safetysourcefire.ca\/#\/schema\/logo\/image\/","url":"https:\/\/staging.safetysourcefire.ca\/wp-content\/uploads\/2021\/01\/SSF_logo_CC0000-3.png","contentUrl":"https:\/\/staging.safetysourcefire.ca\/wp-content\/uploads\/2021\/01\/SSF_logo_CC0000-3.png","width":1107,"height":365,"caption":"Safety Source Fire"},"image":{"@id":"https:\/\/staging.safetysourcefire.ca\/#\/schema\/logo\/image\/"},"sameAs":["https:\/\/www.facebook.com\/mmfssca","https:\/\/x.com\/mmfssca"]}]}},"_links":{"self":[{"href":"https:\/\/staging.safetysourcefire.ca\/fr_ca\/wp-json\/wp\/v2\/product\/4343","targetHints":{"allow":["GET"]}}],"collection":[{"href":"https:\/\/staging.safetysourcefire.ca\/fr_ca\/wp-json\/wp\/v2\/product"}],"about":[{"href":"https:\/\/staging.safetysourcefire.ca\/fr_ca\/wp-json\/wp\/v2\/types\/product"}],"wp:featuredmedia":[{"embeddable":true,"href":"https:\/\/staging.safetysourcefire.ca\/fr_ca\/wp-json\/wp\/v2\/media\/4337"}],"wp:attachment":[{"href":"https:\/\/staging.safetysourcefire.ca\/fr_ca\/wp-json\/wp\/v2\/media?parent=4343"}],"wp:term":[{"taxonomy":"product_brand","embeddable":true,"href":"https:\/\/staging.safetysourcefire.ca\/fr_ca\/wp-json\/wp\/v2\/product_brand?post=4343"},{"taxonomy":"product_cat","embeddable":true,"href":"https:\/\/staging.safetysourcefire.ca\/fr_ca\/wp-json\/wp\/v2\/product_cat?post=4343"},{"taxonomy":"product_tag","embeddable":true,"href":"https:\/\/staging.safetysourcefire.ca\/fr_ca\/wp-json\/wp\/v2\/product_tag?post=4343"}],"curies":[{"name":"wp","href":"https:\/\/api.w.org\/{rel}","templated":true}]}}