{"id":4331,"date":"2017-07-06T11:41:48","date_gmt":"2017-07-06T11:41:48","guid":{"rendered":"https:\/\/mmfss.ca\/?post_type=product&#038;p=4331"},"modified":"2020-05-01T18:48:19","modified_gmt":"2020-05-01T18:48:19","slug":"water-rescue-dry-suit","status":"publish","type":"product","link":"https:\/\/staging.safetysourcefire.ca\/fr_ca\/produit\/water-rescue-dry-suit\/","title":{"rendered":"Combinaison \u00e9tanche de sauvetage aquatique"},"content":{"rendered":"<p>Cette combinaison est id\u00e9ale pour les protocoles d'\u00e9quipement de cache et est bas\u00e9e sur la fonctionnalit\u00e9 de notre l\u00e9gendaire combinaison \u00e9tanche Swift Water Rescue. Nous avons mis \u00e0 jour la conception et ajout\u00e9 plusieurs nouvelles fonctionnalit\u00e9s pour am\u00e9liorer la mobilit\u00e9 et les fonctions sp\u00e9cifiques aux professionnels du sauvetage aquatique.<\/p>\n<ul>\n<li>Rapid Repair Technology\u2122 permet aux utilisateurs de remplacer eux-m\u00eames les joints de cou et de poignet ainsi que de r\u00e9parer les petites fuites en une heure ou moins<\/li>\n<li>Ouverture de soulagement confortable<\/li>\n<li>Syst\u00e8me de confort ferm\u00e9 AS pour le joint du cou<\/li>\n<li>Joints ajust\u00e9s aux poignets<\/li>\n<li>Poignets et chevilles renforc\u00e9s avec fermetures Velcro\u00ae<\/li>\n<li>Protection contre l'usure en nylon balistique \n-1050 deniers<\/li>\n<li>Syst\u00e8me de bretelles amovibles \u00e0 fixation \u00e0 deux points pour un ajustement, une mobilit\u00e9 et un confort am\u00e9lior\u00e9s<\/li>\n<li>Tissu pour combinaison \u00e9tanche GORE-TEX\u00ae imperm\u00e9able et respirant<\/li>\n<li>Chaussettes s\u00e8ches GORE-TEX int\u00e9gr\u00e9es (taille XL+ livr\u00e9es avec chaussettes jumbo)<\/li>\n<li>Ceinture ajustable<\/li>\n<li>Bande r\u00e9tro-r\u00e9fl\u00e9chissante SOLAS sur les bras pour une visibilit\u00e9 accrue<\/li>\n<li>Genouill\u00e8res et les coudi\u00e8res renforc\u00e9es pour pr\u00e9venir les blessures<\/li>\n<li>Si\u00e8ge renforc\u00e9 en nylon<\/li>\n<\/ul>","protected":false},"excerpt":{"rendered":"<p>Le MSD576 est la version dernier cri des combinaisons s\u00e8ches \u00e9labor\u00e9es par Mustang Survival.<\/p>","protected":false},"featured_media":4320,"template":"","meta":[],"product_brand":[232],"product_cat":[462,464,51,135],"product_tag":[326],"class_list":{"0":"post-4331","1":"product","2":"type-product","3":"status-publish","4":"has-post-thumbnail","6":"product_brand-mustang-survival","7":"product_cat-emergency-preparedness","8":"product_cat-flood","9":"product_cat-rescue","10":"product_cat-water-ice-rescue","11":"product_tag-mustang-survival","13":"first","14":"instock","15":"shipping-taxable","16":"product-type-simple"},"yoast_head":"<!-- This site is optimized with the Yoast SEO plugin v27.4 - https:\/\/yoast.com\/product\/yoast-seo-wordpress\/ -->\n<title>Water Rescue Dry Suit - Safety Source Fire<\/title>\n<meta name=\"robots\" content=\"noindex, follow, max-snippet:-1, max-image-preview:large, max-video-preview:-1\" \/>\n<meta property=\"og:locale\" content=\"fr_CA\" \/>\n<meta property=\"og:type\" content=\"article\" \/>\n<meta property=\"og:title\" content=\"Water Rescue Dry Suit - Safety Source Fire\" \/>\n<meta property=\"og:description\" content=\"The MSD576 is the next evolution of Mustang Survival&#039;s constant wear \u201ccache\u201d dry suit.\" \/>\n<meta property=\"og:url\" content=\"https:\/\/staging.safetysourcefire.ca\/fr_ca\/produit\/water-rescue-dry-suit\/\" \/>\n<meta property=\"og:site_name\" content=\"Safety Source Fire\" \/>\n<meta property=\"article:publisher\" content=\"https:\/\/www.facebook.com\/mmfssca\" \/>\n<meta property=\"article:modified_time\" content=\"2020-05-01T18:48:19+00:00\" \/>\n<meta property=\"og:image\" content=\"https:\/\/staging.safetysourcefire.ca\/wp-content\/uploads\/2017\/07\/Mustang-MSD576-Suit.jpg\" \/>\n\t<meta property=\"og:image:width\" content=\"600\" \/>\n\t<meta property=\"og:image:height\" content=\"600\" \/>\n\t<meta property=\"og:image:type\" content=\"image\/jpeg\" \/>\n<meta name=\"twitter:card\" content=\"summary_large_image\" \/>\n<meta name=\"twitter:site\" content=\"@mmfssca\" \/>\n<meta name=\"twitter:label1\" content=\"Estimation du temps de lecture\" \/>\n\t<meta name=\"twitter:data1\" content=\"1 minute\" \/>\n<script type=\"application\/ld+json\" class=\"yoast-schema-graph\">{\"@context\":\"https:\\\/\\\/schema.org\",\"@graph\":[{\"@type\":\"WebPage\",\"@id\":\"https:\\\/\\\/staging.safetysourcefire.ca\\\/product\\\/water-rescue-dry-suit\\\/\",\"url\":\"https:\\\/\\\/staging.safetysourcefire.ca\\\/product\\\/water-rescue-dry-suit\\\/\",\"name\":\"Water Rescue Dry Suit - Safety Source Fire\",\"isPartOf\":{\"@id\":\"https:\\\/\\\/staging.safetysourcefire.ca\\\/#website\"},\"primaryImageOfPage\":{\"@id\":\"https:\\\/\\\/staging.safetysourcefire.ca\\\/product\\\/water-rescue-dry-suit\\\/#primaryimage\"},\"image\":{\"@id\":\"https:\\\/\\\/staging.safetysourcefire.ca\\\/product\\\/water-rescue-dry-suit\\\/#primaryimage\"},\"thumbnailUrl\":\"https:\\\/\\\/staging.safetysourcefire.ca\\\/wp-content\\\/uploads\\\/2017\\\/07\\\/Mustang-MSD576-Suit.jpg\",\"datePublished\":\"2017-07-06T11:41:48+00:00\",\"dateModified\":\"2020-05-01T18:48:19+00:00\",\"breadcrumb\":{\"@id\":\"https:\\\/\\\/staging.safetysourcefire.ca\\\/product\\\/water-rescue-dry-suit\\\/#breadcrumb\"},\"inLanguage\":\"fr-CA\",\"potentialAction\":[{\"@type\":\"ReadAction\",\"target\":[\"https:\\\/\\\/staging.safetysourcefire.ca\\\/product\\\/water-rescue-dry-suit\\\/\"]}]},{\"@type\":\"ImageObject\",\"inLanguage\":\"fr-CA\",\"@id\":\"https:\\\/\\\/staging.safetysourcefire.ca\\\/product\\\/water-rescue-dry-suit\\\/#primaryimage\",\"url\":\"https:\\\/\\\/staging.safetysourcefire.ca\\\/wp-content\\\/uploads\\\/2017\\\/07\\\/Mustang-MSD576-Suit.jpg\",\"contentUrl\":\"https:\\\/\\\/staging.safetysourcefire.ca\\\/wp-content\\\/uploads\\\/2017\\\/07\\\/Mustang-MSD576-Suit.jpg\",\"width\":600,\"height\":600,\"caption\":\"yellow and black suit\"},{\"@type\":\"BreadcrumbList\",\"@id\":\"https:\\\/\\\/staging.safetysourcefire.ca\\\/product\\\/water-rescue-dry-suit\\\/#breadcrumb\",\"itemListElement\":[{\"@type\":\"ListItem\",\"position\":1,\"name\":\"Home\",\"item\":\"https:\\\/\\\/staging.safetysourcefire.ca\\\/\"},{\"@type\":\"ListItem\",\"position\":2,\"name\":\"Products\",\"item\":\"https:\\\/\\\/staging.safetysourcefire.ca\\\/shop\\\/\"},{\"@type\":\"ListItem\",\"position\":3,\"name\":\"Water Rescue Dry Suit\"}]},{\"@type\":\"WebSite\",\"@id\":\"https:\\\/\\\/staging.safetysourcefire.ca\\\/#website\",\"url\":\"https:\\\/\\\/staging.safetysourcefire.ca\\\/\",\"name\":\"Safety Source Fire\",\"description\":\"\",\"publisher\":{\"@id\":\"https:\\\/\\\/staging.safetysourcefire.ca\\\/#organization\"},\"potentialAction\":[{\"@type\":\"SearchAction\",\"target\":{\"@type\":\"EntryPoint\",\"urlTemplate\":\"https:\\\/\\\/staging.safetysourcefire.ca\\\/?s={search_term_string}\"},\"query-input\":{\"@type\":\"PropertyValueSpecification\",\"valueRequired\":true,\"valueName\":\"search_term_string\"}}],\"inLanguage\":\"fr-CA\"},{\"@type\":\"Organization\",\"@id\":\"https:\\\/\\\/staging.safetysourcefire.ca\\\/#organization\",\"name\":\"Safety Source Fire\",\"url\":\"https:\\\/\\\/staging.safetysourcefire.ca\\\/\",\"logo\":{\"@type\":\"ImageObject\",\"inLanguage\":\"fr-CA\",\"@id\":\"https:\\\/\\\/staging.safetysourcefire.ca\\\/#\\\/schema\\\/logo\\\/image\\\/\",\"url\":\"https:\\\/\\\/staging.safetysourcefire.ca\\\/wp-content\\\/uploads\\\/2021\\\/01\\\/SSF_logo_CC0000-3.png\",\"contentUrl\":\"https:\\\/\\\/staging.safetysourcefire.ca\\\/wp-content\\\/uploads\\\/2021\\\/01\\\/SSF_logo_CC0000-3.png\",\"width\":1107,\"height\":365,\"caption\":\"Safety Source Fire\"},\"image\":{\"@id\":\"https:\\\/\\\/staging.safetysourcefire.ca\\\/#\\\/schema\\\/logo\\\/image\\\/\"},\"sameAs\":[\"https:\\\/\\\/www.facebook.com\\\/mmfssca\",\"https:\\\/\\\/x.com\\\/mmfssca\"]}]}<\/script>\n<!-- \/ Yoast SEO plugin. -->","yoast_head_json":{"title":"Water Rescue Dry Suit - Safety Source Fire","robots":{"index":"noindex","follow":"follow","max-snippet":"max-snippet:-1","max-image-preview":"max-image-preview:large","max-video-preview":"max-video-preview:-1"},"og_locale":"fr_CA","og_type":"article","og_title":"Water Rescue Dry Suit - Safety Source Fire","og_description":"The MSD576 is the next evolution of Mustang Survival's constant wear \u201ccache\u201d dry suit.","og_url":"https:\/\/staging.safetysourcefire.ca\/fr_ca\/produit\/water-rescue-dry-suit\/","og_site_name":"Safety Source Fire","article_publisher":"https:\/\/www.facebook.com\/mmfssca","article_modified_time":"2020-05-01T18:48:19+00:00","og_image":[{"width":600,"height":600,"url":"https:\/\/staging.safetysourcefire.ca\/wp-content\/uploads\/2017\/07\/Mustang-MSD576-Suit.jpg","type":"image\/jpeg"}],"twitter_card":"summary_large_image","twitter_site":"@mmfssca","twitter_misc":{"Estimation du temps de lecture":"1 minute"},"schema":{"@context":"https:\/\/schema.org","@graph":[{"@type":"WebPage","@id":"https:\/\/staging.safetysourcefire.ca\/product\/water-rescue-dry-suit\/","url":"https:\/\/staging.safetysourcefire.ca\/product\/water-rescue-dry-suit\/","name":"Water Rescue Dry Suit - Safety Source Fire","isPartOf":{"@id":"https:\/\/staging.safetysourcefire.ca\/#website"},"primaryImageOfPage":{"@id":"https:\/\/staging.safetysourcefire.ca\/product\/water-rescue-dry-suit\/#primaryimage"},"image":{"@id":"https:\/\/staging.safetysourcefire.ca\/product\/water-rescue-dry-suit\/#primaryimage"},"thumbnailUrl":"https:\/\/staging.safetysourcefire.ca\/wp-content\/uploads\/2017\/07\/Mustang-MSD576-Suit.jpg","datePublished":"2017-07-06T11:41:48+00:00","dateModified":"2020-05-01T18:48:19+00:00","breadcrumb":{"@id":"https:\/\/staging.safetysourcefire.ca\/product\/water-rescue-dry-suit\/#breadcrumb"},"inLanguage":"fr-CA","potentialAction":[{"@type":"ReadAction","target":["https:\/\/staging.safetysourcefire.ca\/product\/water-rescue-dry-suit\/"]}]},{"@type":"ImageObject","inLanguage":"fr-CA","@id":"https:\/\/staging.safetysourcefire.ca\/product\/water-rescue-dry-suit\/#primaryimage","url":"https:\/\/staging.safetysourcefire.ca\/wp-content\/uploads\/2017\/07\/Mustang-MSD576-Suit.jpg","contentUrl":"https:\/\/staging.safetysourcefire.ca\/wp-content\/uploads\/2017\/07\/Mustang-MSD576-Suit.jpg","width":600,"height":600,"caption":"yellow and black suit"},{"@type":"BreadcrumbList","@id":"https:\/\/staging.safetysourcefire.ca\/product\/water-rescue-dry-suit\/#breadcrumb","itemListElement":[{"@type":"ListItem","position":1,"name":"Home","item":"https:\/\/staging.safetysourcefire.ca\/"},{"@type":"ListItem","position":2,"name":"Products","item":"https:\/\/staging.safetysourcefire.ca\/shop\/"},{"@type":"ListItem","position":3,"name":"Water Rescue Dry Suit"}]},{"@type":"WebSite","@id":"https:\/\/staging.safetysourcefire.ca\/#website","url":"https:\/\/staging.safetysourcefire.ca\/","name":"Safety Source Fire","description":"","publisher":{"@id":"https:\/\/staging.safetysourcefire.ca\/#organization"},"potentialAction":[{"@type":"SearchAction","target":{"@type":"EntryPoint","urlTemplate":"https:\/\/staging.safetysourcefire.ca\/?s={search_term_string}"},"query-input":{"@type":"PropertyValueSpecification","valueRequired":true,"valueName":"search_term_string"}}],"inLanguage":"fr-CA"},{"@type":"Organization","@id":"https:\/\/staging.safetysourcefire.ca\/#organization","name":"Safety Source Fire","url":"https:\/\/staging.safetysourcefire.ca\/","logo":{"@type":"ImageObject","inLanguage":"fr-CA","@id":"https:\/\/staging.safetysourcefire.ca\/#\/schema\/logo\/image\/","url":"https:\/\/staging.safetysourcefire.ca\/wp-content\/uploads\/2021\/01\/SSF_logo_CC0000-3.png","contentUrl":"https:\/\/staging.safetysourcefire.ca\/wp-content\/uploads\/2021\/01\/SSF_logo_CC0000-3.png","width":1107,"height":365,"caption":"Safety Source Fire"},"image":{"@id":"https:\/\/staging.safetysourcefire.ca\/#\/schema\/logo\/image\/"},"sameAs":["https:\/\/www.facebook.com\/mmfssca","https:\/\/x.com\/mmfssca"]}]}},"_links":{"self":[{"href":"https:\/\/staging.safetysourcefire.ca\/fr_ca\/wp-json\/wp\/v2\/product\/4331","targetHints":{"allow":["GET"]}}],"collection":[{"href":"https:\/\/staging.safetysourcefire.ca\/fr_ca\/wp-json\/wp\/v2\/product"}],"about":[{"href":"https:\/\/staging.safetysourcefire.ca\/fr_ca\/wp-json\/wp\/v2\/types\/product"}],"wp:featuredmedia":[{"embeddable":true,"href":"https:\/\/staging.safetysourcefire.ca\/fr_ca\/wp-json\/wp\/v2\/media\/4320"}],"wp:attachment":[{"href":"https:\/\/staging.safetysourcefire.ca\/fr_ca\/wp-json\/wp\/v2\/media?parent=4331"}],"wp:term":[{"taxonomy":"product_brand","embeddable":true,"href":"https:\/\/staging.safetysourcefire.ca\/fr_ca\/wp-json\/wp\/v2\/product_brand?post=4331"},{"taxonomy":"product_cat","embeddable":true,"href":"https:\/\/staging.safetysourcefire.ca\/fr_ca\/wp-json\/wp\/v2\/product_cat?post=4331"},{"taxonomy":"product_tag","embeddable":true,"href":"https:\/\/staging.safetysourcefire.ca\/fr_ca\/wp-json\/wp\/v2\/product_tag?post=4331"}],"curies":[{"name":"wp","href":"https:\/\/api.w.org\/{rel}","templated":true}]}}