{"id":4328,"date":"2017-07-06T11:40:02","date_gmt":"2017-07-06T11:40:02","guid":{"rendered":"https:\/\/mmfss.ca\/?post_type=product&#038;p=4328"},"modified":"2020-05-01T18:48:20","modified_gmt":"2020-05-01T18:48:20","slug":"sentinel-series-dry-suit","status":"publish","type":"product","link":"https:\/\/staging.safetysourcefire.ca\/fr_ca\/produit\/sentinel-series-dry-suit\/","title":{"rendered":"Combinaison \u00e9tanche \n-S\u00e9rie Sentinel\u2122"},"content":{"rendered":"<p>En r\u00e9duisant le volume et en augmentant l&#039;amplitude de mouvement, la combinaison \u00e9tanche Sentinel\u2122 Water Rescue r\u00e9pond aux environnements de sauvetage aquatique les plus exigeants. Test\u00e9es et valid\u00e9es par des professionnels du sauvetage aquatique, les garde-c\u00f4tes et d&#039;autres op\u00e9rations de sauvetage militaires, les combinaisons \u00e9tanches Sentinel\u2122 offrent des fonctionnalit\u00e9s am\u00e9lior\u00e9es qui offrent des avantages sp\u00e9cifiques essentiels pour prot\u00e9ger le sauveteur dans des environnements difficiles et impr\u00e9visibles.<\/p>\n<ul>\n<li>Mobility Based Sizing\u2122 offre des tailles semi-personnalis\u00e9es sans \u00e9tiquette de prix personnalis\u00e9e<\/li>\n<li>Rapid Repair Technology\u2122 permet aux utilisateurs de remplacer eux-m\u00eames les joints de cou et de poignet ainsi que de r\u00e9parer les petites fuites en une heure ou moins<\/li>\n<li>Ouverture de soulagement confortable<\/li>\n<li>Syst\u00e8me de bretelles amovibles \u00e0 fixation \u00e0 deux points pour un ajustement, une mobilit\u00e9 et un confort am\u00e9lior\u00e9s<\/li>\n<li>Collier protecteur de joint de cou<\/li>\n<li>Chevilles renforc\u00e9es avec fermeture \u00e9clair lat\u00e9rale pour enfiler les bottes et fermetures Velcro\u00ae pour l&#039;ajustement<\/li>\n<li>Tissu pour combinaison \u00e9tanche GORE-TEX\u00ae de qualit\u00e9 commerciale, imperm\u00e9able et respirant<\/li>\n<li>2 poches cargo sur les cuisses<\/li>\n<li>Genouill\u00e8res et coudi\u00e8res en mousse moul\u00e9e<\/li>\n<li>Poignets renforc\u00e9s avec fermetures Velcro\u00ae pour un ajustement<\/li>\n<li>Bande r\u00e9tro-r\u00e9fl\u00e9chissante SOLAS sur les bras pour une visibilit\u00e9 accrue<\/li>\n<li>Ceinture ajustable<\/li>\n<li>Coudi\u00e8res et genouill\u00e8res en mousse moul\u00e9e renforc\u00e9e<\/li>\n<li>Protection contre l'usure en nylon balistique \n-1050 deniers<\/li>\n<li>Chaussettes s\u00e8ches GORE-TEX\u00ae de taille universelle int\u00e9gr\u00e9es<\/li>\n<li>Poche \u00e9paule avec porte-stylo<\/li>\n<li>Protecteur de coccyx r\u00e9glable<\/li>\n<\/ul>","protected":false},"excerpt":{"rendered":"<p>Le MSD624<strong> Combinaison \u00e9tanche \n-S\u00e9rie Sentinel\u2122<\/strong> se trouve \u00e0 \u00eatre le mod\u00e8le nouvelle g\u00e9n\u00e9ration du MSD577 SR. Id\u00e9ale pour r\u00e9pondre aux besoins personnels des professionnels, la combinaison MSD624 est \u00e9tanche, imperm\u00e9able et respire bien. Sp\u00e9cialement con\u00e7ue pour les inondations, les situations de sauvetage en eaux vives ainsi que les op\u00e9rations sur glace.<\/p>","protected":false},"featured_media":4321,"template":"","meta":[],"product_brand":[232],"product_cat":[462,464,51,135],"product_tag":[326],"class_list":{"0":"post-4328","1":"product","2":"type-product","3":"status-publish","4":"has-post-thumbnail","6":"product_brand-mustang-survival","7":"product_cat-emergency-preparedness","8":"product_cat-flood","9":"product_cat-rescue","10":"product_cat-water-ice-rescue","11":"product_tag-mustang-survival","13":"first","14":"instock","15":"shipping-taxable","16":"product-type-simple"},"yoast_head":"<!-- This site is optimized with the Yoast SEO plugin v27.4 - https:\/\/yoast.com\/product\/yoast-seo-wordpress\/ -->\n<title>Sentinel\u2122 Series Dry Suit - Safety Source Fire<\/title>\n<meta name=\"robots\" content=\"noindex, follow, max-snippet:-1, max-image-preview:large, max-video-preview:-1\" \/>\n<meta property=\"og:locale\" content=\"fr_CA\" \/>\n<meta property=\"og:type\" content=\"article\" \/>\n<meta property=\"og:title\" content=\"Sentinel\u2122 Series Dry Suit - Safety Source Fire\" \/>\n<meta property=\"og:description\" content=\"The MSD624 Sentinel\u2122 Series Dry Suit is the next generation MSD577 SR. Ideal for personal suit issue protocols, the MSD624 is a waterproof and breathable constant wear water rescue dry suit specifically designed for flood, swift water and ice rescue situations.\" \/>\n<meta property=\"og:url\" content=\"https:\/\/staging.safetysourcefire.ca\/fr_ca\/produit\/sentinel-series-dry-suit\/\" \/>\n<meta property=\"og:site_name\" content=\"Safety Source Fire\" \/>\n<meta property=\"article:publisher\" content=\"https:\/\/www.facebook.com\/mmfssca\" \/>\n<meta property=\"article:modified_time\" content=\"2020-05-01T18:48:20+00:00\" \/>\n<meta property=\"og:image\" content=\"https:\/\/staging.safetysourcefire.ca\/wp-content\/uploads\/2017\/07\/Mustang-MSD624-Suit.jpg\" \/>\n\t<meta property=\"og:image:width\" content=\"600\" \/>\n\t<meta property=\"og:image:height\" content=\"600\" \/>\n\t<meta property=\"og:image:type\" content=\"image\/jpeg\" \/>\n<meta name=\"twitter:card\" content=\"summary_large_image\" \/>\n<meta name=\"twitter:site\" content=\"@mmfssca\" \/>\n<meta name=\"twitter:label1\" content=\"Estimation du temps de lecture\" \/>\n\t<meta name=\"twitter:data1\" content=\"1 minute\" \/>\n<script type=\"application\/ld+json\" class=\"yoast-schema-graph\">{\"@context\":\"https:\\\/\\\/schema.org\",\"@graph\":[{\"@type\":\"WebPage\",\"@id\":\"https:\\\/\\\/staging.safetysourcefire.ca\\\/product\\\/sentinel-series-dry-suit\\\/\",\"url\":\"https:\\\/\\\/staging.safetysourcefire.ca\\\/product\\\/sentinel-series-dry-suit\\\/\",\"name\":\"Sentinel\u2122 Series Dry Suit - Safety Source Fire\",\"isPartOf\":{\"@id\":\"https:\\\/\\\/staging.safetysourcefire.ca\\\/#website\"},\"primaryImageOfPage\":{\"@id\":\"https:\\\/\\\/staging.safetysourcefire.ca\\\/product\\\/sentinel-series-dry-suit\\\/#primaryimage\"},\"image\":{\"@id\":\"https:\\\/\\\/staging.safetysourcefire.ca\\\/product\\\/sentinel-series-dry-suit\\\/#primaryimage\"},\"thumbnailUrl\":\"https:\\\/\\\/staging.safetysourcefire.ca\\\/wp-content\\\/uploads\\\/2017\\\/07\\\/Mustang-MSD624-Suit.jpg\",\"datePublished\":\"2017-07-06T11:40:02+00:00\",\"dateModified\":\"2020-05-01T18:48:20+00:00\",\"breadcrumb\":{\"@id\":\"https:\\\/\\\/staging.safetysourcefire.ca\\\/product\\\/sentinel-series-dry-suit\\\/#breadcrumb\"},\"inLanguage\":\"fr-CA\",\"potentialAction\":[{\"@type\":\"ReadAction\",\"target\":[\"https:\\\/\\\/staging.safetysourcefire.ca\\\/product\\\/sentinel-series-dry-suit\\\/\"]}]},{\"@type\":\"ImageObject\",\"inLanguage\":\"fr-CA\",\"@id\":\"https:\\\/\\\/staging.safetysourcefire.ca\\\/product\\\/sentinel-series-dry-suit\\\/#primaryimage\",\"url\":\"https:\\\/\\\/staging.safetysourcefire.ca\\\/wp-content\\\/uploads\\\/2017\\\/07\\\/Mustang-MSD624-Suit.jpg\",\"contentUrl\":\"https:\\\/\\\/staging.safetysourcefire.ca\\\/wp-content\\\/uploads\\\/2017\\\/07\\\/Mustang-MSD624-Suit.jpg\",\"width\":600,\"height\":600,\"caption\":\"yellow and black suit\"},{\"@type\":\"BreadcrumbList\",\"@id\":\"https:\\\/\\\/staging.safetysourcefire.ca\\\/product\\\/sentinel-series-dry-suit\\\/#breadcrumb\",\"itemListElement\":[{\"@type\":\"ListItem\",\"position\":1,\"name\":\"Home\",\"item\":\"https:\\\/\\\/staging.safetysourcefire.ca\\\/\"},{\"@type\":\"ListItem\",\"position\":2,\"name\":\"Products\",\"item\":\"https:\\\/\\\/staging.safetysourcefire.ca\\\/shop\\\/\"},{\"@type\":\"ListItem\",\"position\":3,\"name\":\"Sentinel\u2122 Series Dry Suit\"}]},{\"@type\":\"WebSite\",\"@id\":\"https:\\\/\\\/staging.safetysourcefire.ca\\\/#website\",\"url\":\"https:\\\/\\\/staging.safetysourcefire.ca\\\/\",\"name\":\"Safety Source Fire\",\"description\":\"\",\"publisher\":{\"@id\":\"https:\\\/\\\/staging.safetysourcefire.ca\\\/#organization\"},\"potentialAction\":[{\"@type\":\"SearchAction\",\"target\":{\"@type\":\"EntryPoint\",\"urlTemplate\":\"https:\\\/\\\/staging.safetysourcefire.ca\\\/?s={search_term_string}\"},\"query-input\":{\"@type\":\"PropertyValueSpecification\",\"valueRequired\":true,\"valueName\":\"search_term_string\"}}],\"inLanguage\":\"fr-CA\"},{\"@type\":\"Organization\",\"@id\":\"https:\\\/\\\/staging.safetysourcefire.ca\\\/#organization\",\"name\":\"Safety Source Fire\",\"url\":\"https:\\\/\\\/staging.safetysourcefire.ca\\\/\",\"logo\":{\"@type\":\"ImageObject\",\"inLanguage\":\"fr-CA\",\"@id\":\"https:\\\/\\\/staging.safetysourcefire.ca\\\/#\\\/schema\\\/logo\\\/image\\\/\",\"url\":\"https:\\\/\\\/staging.safetysourcefire.ca\\\/wp-content\\\/uploads\\\/2021\\\/01\\\/SSF_logo_CC0000-3.png\",\"contentUrl\":\"https:\\\/\\\/staging.safetysourcefire.ca\\\/wp-content\\\/uploads\\\/2021\\\/01\\\/SSF_logo_CC0000-3.png\",\"width\":1107,\"height\":365,\"caption\":\"Safety Source Fire\"},\"image\":{\"@id\":\"https:\\\/\\\/staging.safetysourcefire.ca\\\/#\\\/schema\\\/logo\\\/image\\\/\"},\"sameAs\":[\"https:\\\/\\\/www.facebook.com\\\/mmfssca\",\"https:\\\/\\\/x.com\\\/mmfssca\"]}]}<\/script>\n<!-- \/ Yoast SEO plugin. -->","yoast_head_json":{"title":"Sentinel\u2122 Series Dry Suit - Safety Source Fire","robots":{"index":"noindex","follow":"follow","max-snippet":"max-snippet:-1","max-image-preview":"max-image-preview:large","max-video-preview":"max-video-preview:-1"},"og_locale":"fr_CA","og_type":"article","og_title":"Sentinel\u2122 Series Dry Suit - Safety Source Fire","og_description":"The MSD624 Sentinel\u2122 Series Dry Suit is the next generation MSD577 SR. Ideal for personal suit issue protocols, the MSD624 is a waterproof and breathable constant wear water rescue dry suit specifically designed for flood, swift water and ice rescue situations.","og_url":"https:\/\/staging.safetysourcefire.ca\/fr_ca\/produit\/sentinel-series-dry-suit\/","og_site_name":"Safety Source Fire","article_publisher":"https:\/\/www.facebook.com\/mmfssca","article_modified_time":"2020-05-01T18:48:20+00:00","og_image":[{"width":600,"height":600,"url":"https:\/\/staging.safetysourcefire.ca\/wp-content\/uploads\/2017\/07\/Mustang-MSD624-Suit.jpg","type":"image\/jpeg"}],"twitter_card":"summary_large_image","twitter_site":"@mmfssca","twitter_misc":{"Estimation du temps de lecture":"1 minute"},"schema":{"@context":"https:\/\/schema.org","@graph":[{"@type":"WebPage","@id":"https:\/\/staging.safetysourcefire.ca\/product\/sentinel-series-dry-suit\/","url":"https:\/\/staging.safetysourcefire.ca\/product\/sentinel-series-dry-suit\/","name":"Sentinel\u2122 Series Dry Suit - Safety Source Fire","isPartOf":{"@id":"https:\/\/staging.safetysourcefire.ca\/#website"},"primaryImageOfPage":{"@id":"https:\/\/staging.safetysourcefire.ca\/product\/sentinel-series-dry-suit\/#primaryimage"},"image":{"@id":"https:\/\/staging.safetysourcefire.ca\/product\/sentinel-series-dry-suit\/#primaryimage"},"thumbnailUrl":"https:\/\/staging.safetysourcefire.ca\/wp-content\/uploads\/2017\/07\/Mustang-MSD624-Suit.jpg","datePublished":"2017-07-06T11:40:02+00:00","dateModified":"2020-05-01T18:48:20+00:00","breadcrumb":{"@id":"https:\/\/staging.safetysourcefire.ca\/product\/sentinel-series-dry-suit\/#breadcrumb"},"inLanguage":"fr-CA","potentialAction":[{"@type":"ReadAction","target":["https:\/\/staging.safetysourcefire.ca\/product\/sentinel-series-dry-suit\/"]}]},{"@type":"ImageObject","inLanguage":"fr-CA","@id":"https:\/\/staging.safetysourcefire.ca\/product\/sentinel-series-dry-suit\/#primaryimage","url":"https:\/\/staging.safetysourcefire.ca\/wp-content\/uploads\/2017\/07\/Mustang-MSD624-Suit.jpg","contentUrl":"https:\/\/staging.safetysourcefire.ca\/wp-content\/uploads\/2017\/07\/Mustang-MSD624-Suit.jpg","width":600,"height":600,"caption":"yellow and black suit"},{"@type":"BreadcrumbList","@id":"https:\/\/staging.safetysourcefire.ca\/product\/sentinel-series-dry-suit\/#breadcrumb","itemListElement":[{"@type":"ListItem","position":1,"name":"Home","item":"https:\/\/staging.safetysourcefire.ca\/"},{"@type":"ListItem","position":2,"name":"Products","item":"https:\/\/staging.safetysourcefire.ca\/shop\/"},{"@type":"ListItem","position":3,"name":"Sentinel\u2122 Series Dry Suit"}]},{"@type":"WebSite","@id":"https:\/\/staging.safetysourcefire.ca\/#website","url":"https:\/\/staging.safetysourcefire.ca\/","name":"Safety Source Fire","description":"","publisher":{"@id":"https:\/\/staging.safetysourcefire.ca\/#organization"},"potentialAction":[{"@type":"SearchAction","target":{"@type":"EntryPoint","urlTemplate":"https:\/\/staging.safetysourcefire.ca\/?s={search_term_string}"},"query-input":{"@type":"PropertyValueSpecification","valueRequired":true,"valueName":"search_term_string"}}],"inLanguage":"fr-CA"},{"@type":"Organization","@id":"https:\/\/staging.safetysourcefire.ca\/#organization","name":"Safety Source Fire","url":"https:\/\/staging.safetysourcefire.ca\/","logo":{"@type":"ImageObject","inLanguage":"fr-CA","@id":"https:\/\/staging.safetysourcefire.ca\/#\/schema\/logo\/image\/","url":"https:\/\/staging.safetysourcefire.ca\/wp-content\/uploads\/2021\/01\/SSF_logo_CC0000-3.png","contentUrl":"https:\/\/staging.safetysourcefire.ca\/wp-content\/uploads\/2021\/01\/SSF_logo_CC0000-3.png","width":1107,"height":365,"caption":"Safety Source Fire"},"image":{"@id":"https:\/\/staging.safetysourcefire.ca\/#\/schema\/logo\/image\/"},"sameAs":["https:\/\/www.facebook.com\/mmfssca","https:\/\/x.com\/mmfssca"]}]}},"_links":{"self":[{"href":"https:\/\/staging.safetysourcefire.ca\/fr_ca\/wp-json\/wp\/v2\/product\/4328","targetHints":{"allow":["GET"]}}],"collection":[{"href":"https:\/\/staging.safetysourcefire.ca\/fr_ca\/wp-json\/wp\/v2\/product"}],"about":[{"href":"https:\/\/staging.safetysourcefire.ca\/fr_ca\/wp-json\/wp\/v2\/types\/product"}],"wp:featuredmedia":[{"embeddable":true,"href":"https:\/\/staging.safetysourcefire.ca\/fr_ca\/wp-json\/wp\/v2\/media\/4321"}],"wp:attachment":[{"href":"https:\/\/staging.safetysourcefire.ca\/fr_ca\/wp-json\/wp\/v2\/media?parent=4328"}],"wp:term":[{"taxonomy":"product_brand","embeddable":true,"href":"https:\/\/staging.safetysourcefire.ca\/fr_ca\/wp-json\/wp\/v2\/product_brand?post=4328"},{"taxonomy":"product_cat","embeddable":true,"href":"https:\/\/staging.safetysourcefire.ca\/fr_ca\/wp-json\/wp\/v2\/product_cat?post=4328"},{"taxonomy":"product_tag","embeddable":true,"href":"https:\/\/staging.safetysourcefire.ca\/fr_ca\/wp-json\/wp\/v2\/product_tag?post=4328"}],"curies":[{"name":"wp","href":"https:\/\/api.w.org\/{rel}","templated":true}]}}