{"id":4327,"date":"2017-07-06T11:38:14","date_gmt":"2017-07-06T11:38:14","guid":{"rendered":"https:\/\/mmfss.ca\/?post_type=product&#038;p=4327"},"modified":"2020-05-01T18:48:20","modified_gmt":"2020-05-01T18:48:20","slug":"universal-swift-water-rescue-vest","status":"publish","type":"product","link":"https:\/\/staging.safetysourcefire.ca\/fr_ca\/produit\/universal-swift-water-rescue-vest\/","title":{"rendered":"Gilet de sauvetage universel Swift Water"},"content":{"rendered":"<p>Le MRV150 a \u00e9t\u00e9 d\u00e9velopp\u00e9 en \u00e9coutant les commentaires de la communaut\u00e9 du sauvetage aquatique et a \u00e9t\u00e9 con\u00e7u sp\u00e9cifiquement pour r\u00e9pondre aux besoins en \u00e9quipement de protection individuelle (EPI) des professionnels du sauvetage confront\u00e9s aux d\u00e9fis de l'eau vive.<\/p>\n<p>Avec un syst\u00e8me d'enfilage facile \u00e0 ajuster et une mousse de flottaison en couches, ce gilet offre un ajustement confortable et s\u00e9curitaire, ce qui am\u00e9liore les performances op\u00e9rationnelles \u00e0 la fois dans et hors de l'eau.<\/p>\n<p>Les conclusions de la\u00a0<em>''visibilit\u00e9 sur l'eau''<\/em>\u00a0, une \u00e9tude, scientifiquement men\u00e9e en 2011 par Mustang Survival, montre que le vert fluorescent est la couleur la plus visible pour une cible flottante.<\/p>\n<p>\u00c0 la suite d'essais pratiques dans l'eau, il a \u00e9t\u00e9 d\u00e9montr\u00e9 que les couleurs du ruban noir-jaune-vert fluorescent SOLAS \u2122 tel que repr\u00e9sent\u00e9 sur le MRV150, offrait une excellente visibilit\u00e9 et permettait \u00e0 l'utilisateur d'\u00eatre vu dans une large gamme de milieux aquatiques des plus clairs aux plus boueux (moins lumineux). Les d\u00e9grad\u00e9s de couleurs \u00e0 r\u00e9flectivit\u00e9 \u00e9lev\u00e9e de plus de 62 pouces carr\u00e9s de ruban SOLAS\u2122 font du MRV150 l'un des gilets de sauvetage les plus visibles disponibles sur le march\u00e9 aujourd'hui.<\/p>\n<p><strong>Fonctionnalit\u00e9s:<\/strong><\/p>\n<ul>\n<li>25 lb (111 N) de flottabilit\u00e9<\/li>\n<li>Accents jaune-vert fluorescent pour une meilleure visibilit\u00e9<\/li>\n<li>Poign\u00e9e pratique<\/li>\n<li>Enfilage rapide avec 7 onglets de r\u00e9glage pour cr\u00e9er un ajustement personnalis\u00e9 pour les utilisateurs avec des tailles de poitrine de 30-52\u2033<\/li>\n<li>Mousse de flottaison en couches qui augmente le confort et am\u00e9liore les performances op\u00e9rationnelles \u00e0 la fois dans et hors de l'eau<\/li>\n<li>Sangle MOLLE sur les \u00e9paules et le dos<\/li>\n<li>Panneau Velcro\u00ae \u00e0 l'arri\u00e8re pour attacher des \u00e9cussons d'identification.<\/li>\n<li>Deux grandes poches offrent de nombreuses options de rangement<\/li>\n<li>Harnais durable avec sangle de 2&quot; test\u00e9 selon les exigences de 730 lb apr\u00e8s une alt\u00e9ration acc\u00e9l\u00e9r\u00e9e<\/li>\n<li>Ceinture \u00e0 d\u00e9gagement rapide<\/li>\n<li>500 deniers, coque ext\u00e9rieure Cordura\u00ae avec accents haute visibilit\u00e9<\/li>\n<li>Plus de 62 po\u00b2 de ruban SOLAS\u2122<\/li>\n<li>Anneau en D<\/li>\n<li>Boucle de sangle inclue dans la poche<\/li>\n<\/ul>","protected":false},"excerpt":{"rendered":"<p>Le gilet de sauvetage universel Swift Water est un VFI SAR de type V \u00e0 haute flottabilit\u00e9 (25 lb) approuv\u00e9 par l&#039;USCG.<\/p>","protected":false},"featured_media":4324,"template":"","meta":[],"product_brand":[232],"product_cat":[462,464,51,135],"product_tag":[326],"class_list":{"0":"post-4327","1":"product","2":"type-product","3":"status-publish","4":"has-post-thumbnail","6":"product_brand-mustang-survival","7":"product_cat-emergency-preparedness","8":"product_cat-flood","9":"product_cat-rescue","10":"product_cat-water-ice-rescue","11":"product_tag-mustang-survival","13":"first","14":"instock","15":"shipping-taxable","16":"product-type-simple"},"yoast_head":"<!-- This site is optimized with the Yoast SEO plugin v27.4 - https:\/\/yoast.com\/product\/yoast-seo-wordpress\/ -->\n<title>Universal Swift Water Rescue Vest - Safety Source Fire<\/title>\n<meta name=\"robots\" content=\"noindex, follow, max-snippet:-1, max-image-preview:large, max-video-preview:-1\" \/>\n<meta property=\"og:locale\" content=\"fr_CA\" \/>\n<meta property=\"og:type\" content=\"article\" \/>\n<meta property=\"og:title\" content=\"Universal Swift Water Rescue Vest - Safety Source Fire\" \/>\n<meta property=\"og:description\" content=\"The Universal Swift Water Rescue Vest is a high buoyancy (25lbs) USCG approved Type V SAR PFD.\" \/>\n<meta property=\"og:url\" content=\"https:\/\/staging.safetysourcefire.ca\/fr_ca\/produit\/universal-swift-water-rescue-vest\/\" \/>\n<meta property=\"og:site_name\" content=\"Safety Source Fire\" \/>\n<meta property=\"article:publisher\" content=\"https:\/\/www.facebook.com\/mmfssca\" \/>\n<meta property=\"article:modified_time\" content=\"2020-05-01T18:48:20+00:00\" \/>\n<meta property=\"og:image\" content=\"https:\/\/staging.safetysourcefire.ca\/wp-content\/uploads\/2017\/07\/Swift-Water-Vest.jpg\" \/>\n\t<meta property=\"og:image:width\" content=\"600\" \/>\n\t<meta property=\"og:image:height\" content=\"600\" \/>\n\t<meta property=\"og:image:type\" content=\"image\/jpeg\" \/>\n<meta name=\"twitter:card\" content=\"summary_large_image\" \/>\n<meta name=\"twitter:site\" content=\"@mmfssca\" \/>\n<meta name=\"twitter:label1\" content=\"Estimation du temps de lecture\" \/>\n\t<meta name=\"twitter:data1\" content=\"1 minute\" \/>\n<script type=\"application\/ld+json\" class=\"yoast-schema-graph\">{\"@context\":\"https:\\\/\\\/schema.org\",\"@graph\":[{\"@type\":\"WebPage\",\"@id\":\"https:\\\/\\\/staging.safetysourcefire.ca\\\/product\\\/universal-swift-water-rescue-vest\\\/\",\"url\":\"https:\\\/\\\/staging.safetysourcefire.ca\\\/product\\\/universal-swift-water-rescue-vest\\\/\",\"name\":\"Universal Swift Water Rescue Vest - Safety Source Fire\",\"isPartOf\":{\"@id\":\"https:\\\/\\\/staging.safetysourcefire.ca\\\/#website\"},\"primaryImageOfPage\":{\"@id\":\"https:\\\/\\\/staging.safetysourcefire.ca\\\/product\\\/universal-swift-water-rescue-vest\\\/#primaryimage\"},\"image\":{\"@id\":\"https:\\\/\\\/staging.safetysourcefire.ca\\\/product\\\/universal-swift-water-rescue-vest\\\/#primaryimage\"},\"thumbnailUrl\":\"https:\\\/\\\/staging.safetysourcefire.ca\\\/wp-content\\\/uploads\\\/2017\\\/07\\\/Swift-Water-Vest.jpg\",\"datePublished\":\"2017-07-06T11:38:14+00:00\",\"dateModified\":\"2020-05-01T18:48:20+00:00\",\"breadcrumb\":{\"@id\":\"https:\\\/\\\/staging.safetysourcefire.ca\\\/product\\\/universal-swift-water-rescue-vest\\\/#breadcrumb\"},\"inLanguage\":\"fr-CA\",\"potentialAction\":[{\"@type\":\"ReadAction\",\"target\":[\"https:\\\/\\\/staging.safetysourcefire.ca\\\/product\\\/universal-swift-water-rescue-vest\\\/\"]}]},{\"@type\":\"ImageObject\",\"inLanguage\":\"fr-CA\",\"@id\":\"https:\\\/\\\/staging.safetysourcefire.ca\\\/product\\\/universal-swift-water-rescue-vest\\\/#primaryimage\",\"url\":\"https:\\\/\\\/staging.safetysourcefire.ca\\\/wp-content\\\/uploads\\\/2017\\\/07\\\/Swift-Water-Vest.jpg\",\"contentUrl\":\"https:\\\/\\\/staging.safetysourcefire.ca\\\/wp-content\\\/uploads\\\/2017\\\/07\\\/Swift-Water-Vest.jpg\",\"width\":600,\"height\":600,\"caption\":\"black vest\"},{\"@type\":\"BreadcrumbList\",\"@id\":\"https:\\\/\\\/staging.safetysourcefire.ca\\\/product\\\/universal-swift-water-rescue-vest\\\/#breadcrumb\",\"itemListElement\":[{\"@type\":\"ListItem\",\"position\":1,\"name\":\"Home\",\"item\":\"https:\\\/\\\/staging.safetysourcefire.ca\\\/\"},{\"@type\":\"ListItem\",\"position\":2,\"name\":\"Products\",\"item\":\"https:\\\/\\\/staging.safetysourcefire.ca\\\/shop\\\/\"},{\"@type\":\"ListItem\",\"position\":3,\"name\":\"Universal Swift Water Rescue Vest\"}]},{\"@type\":\"WebSite\",\"@id\":\"https:\\\/\\\/staging.safetysourcefire.ca\\\/#website\",\"url\":\"https:\\\/\\\/staging.safetysourcefire.ca\\\/\",\"name\":\"Safety Source Fire\",\"description\":\"\",\"publisher\":{\"@id\":\"https:\\\/\\\/staging.safetysourcefire.ca\\\/#organization\"},\"potentialAction\":[{\"@type\":\"SearchAction\",\"target\":{\"@type\":\"EntryPoint\",\"urlTemplate\":\"https:\\\/\\\/staging.safetysourcefire.ca\\\/?s={search_term_string}\"},\"query-input\":{\"@type\":\"PropertyValueSpecification\",\"valueRequired\":true,\"valueName\":\"search_term_string\"}}],\"inLanguage\":\"fr-CA\"},{\"@type\":\"Organization\",\"@id\":\"https:\\\/\\\/staging.safetysourcefire.ca\\\/#organization\",\"name\":\"Safety Source Fire\",\"url\":\"https:\\\/\\\/staging.safetysourcefire.ca\\\/\",\"logo\":{\"@type\":\"ImageObject\",\"inLanguage\":\"fr-CA\",\"@id\":\"https:\\\/\\\/staging.safetysourcefire.ca\\\/#\\\/schema\\\/logo\\\/image\\\/\",\"url\":\"https:\\\/\\\/staging.safetysourcefire.ca\\\/wp-content\\\/uploads\\\/2021\\\/01\\\/SSF_logo_CC0000-3.png\",\"contentUrl\":\"https:\\\/\\\/staging.safetysourcefire.ca\\\/wp-content\\\/uploads\\\/2021\\\/01\\\/SSF_logo_CC0000-3.png\",\"width\":1107,\"height\":365,\"caption\":\"Safety Source Fire\"},\"image\":{\"@id\":\"https:\\\/\\\/staging.safetysourcefire.ca\\\/#\\\/schema\\\/logo\\\/image\\\/\"},\"sameAs\":[\"https:\\\/\\\/www.facebook.com\\\/mmfssca\",\"https:\\\/\\\/x.com\\\/mmfssca\"]}]}<\/script>\n<!-- \/ Yoast SEO plugin. -->","yoast_head_json":{"title":"Universal Swift Water Rescue Vest - Safety Source Fire","robots":{"index":"noindex","follow":"follow","max-snippet":"max-snippet:-1","max-image-preview":"max-image-preview:large","max-video-preview":"max-video-preview:-1"},"og_locale":"fr_CA","og_type":"article","og_title":"Universal Swift Water Rescue Vest - Safety Source Fire","og_description":"The Universal Swift Water Rescue Vest is a high buoyancy (25lbs) USCG approved Type V SAR PFD.","og_url":"https:\/\/staging.safetysourcefire.ca\/fr_ca\/produit\/universal-swift-water-rescue-vest\/","og_site_name":"Safety Source Fire","article_publisher":"https:\/\/www.facebook.com\/mmfssca","article_modified_time":"2020-05-01T18:48:20+00:00","og_image":[{"width":600,"height":600,"url":"https:\/\/staging.safetysourcefire.ca\/wp-content\/uploads\/2017\/07\/Swift-Water-Vest.jpg","type":"image\/jpeg"}],"twitter_card":"summary_large_image","twitter_site":"@mmfssca","twitter_misc":{"Estimation du temps de lecture":"1 minute"},"schema":{"@context":"https:\/\/schema.org","@graph":[{"@type":"WebPage","@id":"https:\/\/staging.safetysourcefire.ca\/product\/universal-swift-water-rescue-vest\/","url":"https:\/\/staging.safetysourcefire.ca\/product\/universal-swift-water-rescue-vest\/","name":"Universal Swift Water Rescue Vest - Safety Source Fire","isPartOf":{"@id":"https:\/\/staging.safetysourcefire.ca\/#website"},"primaryImageOfPage":{"@id":"https:\/\/staging.safetysourcefire.ca\/product\/universal-swift-water-rescue-vest\/#primaryimage"},"image":{"@id":"https:\/\/staging.safetysourcefire.ca\/product\/universal-swift-water-rescue-vest\/#primaryimage"},"thumbnailUrl":"https:\/\/staging.safetysourcefire.ca\/wp-content\/uploads\/2017\/07\/Swift-Water-Vest.jpg","datePublished":"2017-07-06T11:38:14+00:00","dateModified":"2020-05-01T18:48:20+00:00","breadcrumb":{"@id":"https:\/\/staging.safetysourcefire.ca\/product\/universal-swift-water-rescue-vest\/#breadcrumb"},"inLanguage":"fr-CA","potentialAction":[{"@type":"ReadAction","target":["https:\/\/staging.safetysourcefire.ca\/product\/universal-swift-water-rescue-vest\/"]}]},{"@type":"ImageObject","inLanguage":"fr-CA","@id":"https:\/\/staging.safetysourcefire.ca\/product\/universal-swift-water-rescue-vest\/#primaryimage","url":"https:\/\/staging.safetysourcefire.ca\/wp-content\/uploads\/2017\/07\/Swift-Water-Vest.jpg","contentUrl":"https:\/\/staging.safetysourcefire.ca\/wp-content\/uploads\/2017\/07\/Swift-Water-Vest.jpg","width":600,"height":600,"caption":"black vest"},{"@type":"BreadcrumbList","@id":"https:\/\/staging.safetysourcefire.ca\/product\/universal-swift-water-rescue-vest\/#breadcrumb","itemListElement":[{"@type":"ListItem","position":1,"name":"Home","item":"https:\/\/staging.safetysourcefire.ca\/"},{"@type":"ListItem","position":2,"name":"Products","item":"https:\/\/staging.safetysourcefire.ca\/shop\/"},{"@type":"ListItem","position":3,"name":"Universal Swift Water Rescue Vest"}]},{"@type":"WebSite","@id":"https:\/\/staging.safetysourcefire.ca\/#website","url":"https:\/\/staging.safetysourcefire.ca\/","name":"Safety Source Fire","description":"","publisher":{"@id":"https:\/\/staging.safetysourcefire.ca\/#organization"},"potentialAction":[{"@type":"SearchAction","target":{"@type":"EntryPoint","urlTemplate":"https:\/\/staging.safetysourcefire.ca\/?s={search_term_string}"},"query-input":{"@type":"PropertyValueSpecification","valueRequired":true,"valueName":"search_term_string"}}],"inLanguage":"fr-CA"},{"@type":"Organization","@id":"https:\/\/staging.safetysourcefire.ca\/#organization","name":"Safety Source Fire","url":"https:\/\/staging.safetysourcefire.ca\/","logo":{"@type":"ImageObject","inLanguage":"fr-CA","@id":"https:\/\/staging.safetysourcefire.ca\/#\/schema\/logo\/image\/","url":"https:\/\/staging.safetysourcefire.ca\/wp-content\/uploads\/2021\/01\/SSF_logo_CC0000-3.png","contentUrl":"https:\/\/staging.safetysourcefire.ca\/wp-content\/uploads\/2021\/01\/SSF_logo_CC0000-3.png","width":1107,"height":365,"caption":"Safety Source Fire"},"image":{"@id":"https:\/\/staging.safetysourcefire.ca\/#\/schema\/logo\/image\/"},"sameAs":["https:\/\/www.facebook.com\/mmfssca","https:\/\/x.com\/mmfssca"]}]}},"_links":{"self":[{"href":"https:\/\/staging.safetysourcefire.ca\/fr_ca\/wp-json\/wp\/v2\/product\/4327","targetHints":{"allow":["GET"]}}],"collection":[{"href":"https:\/\/staging.safetysourcefire.ca\/fr_ca\/wp-json\/wp\/v2\/product"}],"about":[{"href":"https:\/\/staging.safetysourcefire.ca\/fr_ca\/wp-json\/wp\/v2\/types\/product"}],"wp:featuredmedia":[{"embeddable":true,"href":"https:\/\/staging.safetysourcefire.ca\/fr_ca\/wp-json\/wp\/v2\/media\/4324"}],"wp:attachment":[{"href":"https:\/\/staging.safetysourcefire.ca\/fr_ca\/wp-json\/wp\/v2\/media?parent=4327"}],"wp:term":[{"taxonomy":"product_brand","embeddable":true,"href":"https:\/\/staging.safetysourcefire.ca\/fr_ca\/wp-json\/wp\/v2\/product_brand?post=4327"},{"taxonomy":"product_cat","embeddable":true,"href":"https:\/\/staging.safetysourcefire.ca\/fr_ca\/wp-json\/wp\/v2\/product_cat?post=4327"},{"taxonomy":"product_tag","embeddable":true,"href":"https:\/\/staging.safetysourcefire.ca\/fr_ca\/wp-json\/wp\/v2\/product_tag?post=4327"}],"curies":[{"name":"wp","href":"https:\/\/api.w.org\/{rel}","templated":true}]}}