{"id":4316,"date":"2017-07-06T11:33:26","date_gmt":"2017-07-06T11:33:26","guid":{"rendered":"https:\/\/mmfss.ca\/?post_type=product&#038;p=4316"},"modified":"2023-10-03T12:54:51","modified_gmt":"2023-10-03T12:54:51","slug":"mustang-ice-commander","status":"publish","type":"product","link":"https:\/\/staging.safetysourcefire.ca\/fr_ca\/produit\/mustang-ice-commander\/","title":{"rendered":"Combinaison Mustang Ice Commander \u2122"},"content":{"rendered":"<p>Cette combinaison modulaire est compl\u00e8tement imperm\u00e9able et inclue un capuchon \u00e9tanche, des gants int\u00e9gr\u00e9s ainsi que des bottes attach\u00e9es. La doublure de flottabilit\u00e9 attach\u00e9e par fermeture \u00e9claire permet aux utilisateurs de s'immerger dans de l'eau glac\u00e9e pendant de longues p\u00e9riodes et de maintenir leurs capacit\u00e9s mentales et physiques gr\u00e2ce \u00e0 d'impressionnantes capacit\u00e9 de flottaison et d'isolation. Dans cette nouvelle version de la combinaison, la doublure poss\u00e8de une fermeture \u00e0 glissi\u00e8re et des attaches velcro permettant un retrait plus facile pour le nettoyage et la r\u00e9paration.<\/p>\n<p>Chaque combinaison Ice Commander\u2122 est dot\u00e9e d'un harnais thoracique int\u00e9gr\u00e9 pour la fixation aux lignes d'attache, de poches \u00e0 al\u00eane pour le rangement, de gants en caoutchouc, de genoux renforc\u00e9s et de semelles en caoutchouc antid\u00e9rapantes sur les bottes. De plus, chaque combinaison est 45% plus l\u00e9g\u00e8re que les autres combinaisons de sauvetage sur le march\u00e9 car elle est fabriqu\u00e9e dans une coque en nylon. De plus, sa couleur lui procure une haute visibilit\u00e9 sur le terrain.<\/p>\n<p><em>* N.B. Les sauvetages sur glace et sur l'eau peuvent \u00eatre dangereux et ne doivent \u00eatre effectu\u00e9s que par des professionnels ayant la formation et l'\u00e9quipement appropri\u00e9s pour effectuer ces missions.<\/em><\/p>\n<p>Le ''Ice Commander'' est destin\u00e9 aux sauvetages sur glace et en eau froide calme\/statique et doit \u00eatre utilis\u00e9 uniquement par des professionnels form\u00e9s et connaissant des normes de fonctionnement en plus d'\u00eatre reconnus et approuv\u00e9s par leurs province, \u00e9tat et\/ou compt\u00e9.<\/p>\n<p><strong>Fonctionnalit\u00e9s:<\/strong><\/p>\n<ul>\n<li>Capuchon et joints faciaux \u00e9tanches<\/li>\n<li>Bande r\u00e9fl\u00e9chissante SOLAS et bandes Velcro\u2122 comme nouvelles options int\u00e9ressantes et s\u00e9curitaires<\/li>\n<li>Fermeture \u00e0 glissi\u00e8re robuste -flexible, pleine longueur et \u00e9tanche \u00e0 l'eau<\/li>\n<li>Coquille ext\u00e9rieure en nylon soud\u00e9 \u2013 offre imperm\u00e9abilit\u00e9 et durabilit\u00e9<\/li>\n<li>Ext\u00e9rieur en nylon enduit d'ur\u00e9thane haute performance afin de faciliter le nettoyage et les r\u00e9parations<\/li>\n<li>Harnais de s\u00e9curit\u00e9 int\u00e9gr\u00e9 \u00e0 r\u00e9glage automatique<\/li>\n<li>Poches ergonomiques sp\u00e9cialis\u00e9es permettant d'attacher et de ranger les al\u00eanes \u00e0 glace efficacement<\/li>\n<li>Poches facilement s\u00e9curis\u00e9es avec Velcro\u2122 (poin\u00e7ons \u00e0 glace non inclus)<\/li>\n<li>Doublure de flottabilit\u00e9 int\u00e9rieure amovible - construite en mousse AirSoft \u2122 \u00e0 cellules ferm\u00e9es pour une flottaison et une isolation thermique maximales (doublure de remplacement MA2282 03)<\/li>\n<li>* Doublure pouvant \u00eatre d\u00e9compress\u00e9e et retir\u00e9e pour le nettoyage et les r\u00e9parations sur le terrain<\/li>\n<li>* Remarque : IC9001 03 n'est pas compatible avec la doublure de remplacement MA2282 02<\/li>\n<li>Genoux renforc\u00e9s rembourr\u00e9s avec n\u00e9opr\u00e8ne de 2,5 mm<\/li>\n<li>Assise et coudes renforc\u00e9s par du tissu ext\u00e9rieur<\/li>\n<\/ul>","protected":false},"excerpt":{"rendered":"<p>Le Mustang Ice Commander \u2122 est la combinaison de choix pour les \u00e9quipes de recherche et de sauvetage, les services d&#039;incendie et les professionnels du sauvetage sur glace.<\/p>","protected":false},"featured_media":4318,"template":"","meta":[],"product_brand":[232],"product_cat":[462,464,51,135],"product_tag":[326],"class_list":{"0":"post-4316","1":"product","2":"type-product","3":"status-publish","4":"has-post-thumbnail","6":"product_brand-mustang-survival","7":"product_cat-emergency-preparedness","8":"product_cat-flood","9":"product_cat-rescue","10":"product_cat-water-ice-rescue","11":"product_tag-mustang-survival","13":"first","14":"instock","15":"shipping-taxable","16":"product-type-simple"},"yoast_head":"<!-- This site is optimized with the Yoast SEO plugin v27.4 - https:\/\/yoast.com\/product\/yoast-seo-wordpress\/ -->\n<title>Mustang Ice Commander\u2122 - Safety Source Fire<\/title>\n<meta name=\"robots\" content=\"noindex, follow, max-snippet:-1, max-image-preview:large, max-video-preview:-1\" \/>\n<meta property=\"og:locale\" content=\"fr_CA\" \/>\n<meta property=\"og:type\" content=\"article\" \/>\n<meta property=\"og:title\" content=\"Mustang Ice Commander\u2122 - Safety Source Fire\" \/>\n<meta property=\"og:description\" content=\"The Mustang Ice Commander\u2122 is the suit of choice for search and rescue teams, fire departments, and ice rescue professionals.\" \/>\n<meta property=\"og:url\" content=\"https:\/\/staging.safetysourcefire.ca\/fr_ca\/produit\/mustang-ice-commander\/\" \/>\n<meta property=\"og:site_name\" content=\"Safety Source Fire\" \/>\n<meta property=\"article:publisher\" content=\"https:\/\/www.facebook.com\/mmfssca\" \/>\n<meta property=\"article:modified_time\" content=\"2023-10-03T12:54:51+00:00\" \/>\n<meta property=\"og:image\" content=\"https:\/\/staging.safetysourcefire.ca\/wp-content\/uploads\/2017\/07\/Ice-Commander.jpg\" \/>\n\t<meta property=\"og:image:width\" content=\"600\" \/>\n\t<meta property=\"og:image:height\" content=\"600\" \/>\n\t<meta property=\"og:image:type\" content=\"image\/jpeg\" \/>\n<meta name=\"twitter:card\" content=\"summary_large_image\" \/>\n<meta name=\"twitter:site\" content=\"@mmfssca\" \/>\n<meta name=\"twitter:label1\" content=\"Estimation du temps de lecture\" \/>\n\t<meta name=\"twitter:data1\" content=\"2 minutes\" \/>\n<script type=\"application\/ld+json\" class=\"yoast-schema-graph\">{\"@context\":\"https:\\\/\\\/schema.org\",\"@graph\":[{\"@type\":\"WebPage\",\"@id\":\"https:\\\/\\\/staging.safetysourcefire.ca\\\/product\\\/mustang-ice-commander\\\/\",\"url\":\"https:\\\/\\\/staging.safetysourcefire.ca\\\/product\\\/mustang-ice-commander\\\/\",\"name\":\"Mustang Ice Commander\u2122 - Safety Source Fire\",\"isPartOf\":{\"@id\":\"https:\\\/\\\/staging.safetysourcefire.ca\\\/#website\"},\"primaryImageOfPage\":{\"@id\":\"https:\\\/\\\/staging.safetysourcefire.ca\\\/product\\\/mustang-ice-commander\\\/#primaryimage\"},\"image\":{\"@id\":\"https:\\\/\\\/staging.safetysourcefire.ca\\\/product\\\/mustang-ice-commander\\\/#primaryimage\"},\"thumbnailUrl\":\"https:\\\/\\\/staging.safetysourcefire.ca\\\/wp-content\\\/uploads\\\/2017\\\/07\\\/Ice-Commander.jpg\",\"datePublished\":\"2017-07-06T11:33:26+00:00\",\"dateModified\":\"2023-10-03T12:54:51+00:00\",\"breadcrumb\":{\"@id\":\"https:\\\/\\\/staging.safetysourcefire.ca\\\/product\\\/mustang-ice-commander\\\/#breadcrumb\"},\"inLanguage\":\"fr-CA\",\"potentialAction\":[{\"@type\":\"ReadAction\",\"target\":[\"https:\\\/\\\/staging.safetysourcefire.ca\\\/product\\\/mustang-ice-commander\\\/\"]}]},{\"@type\":\"ImageObject\",\"inLanguage\":\"fr-CA\",\"@id\":\"https:\\\/\\\/staging.safetysourcefire.ca\\\/product\\\/mustang-ice-commander\\\/#primaryimage\",\"url\":\"https:\\\/\\\/staging.safetysourcefire.ca\\\/wp-content\\\/uploads\\\/2017\\\/07\\\/Ice-Commander.jpg\",\"contentUrl\":\"https:\\\/\\\/staging.safetysourcefire.ca\\\/wp-content\\\/uploads\\\/2017\\\/07\\\/Ice-Commander.jpg\",\"width\":600,\"height\":600,\"caption\":\"yellow suit\"},{\"@type\":\"BreadcrumbList\",\"@id\":\"https:\\\/\\\/staging.safetysourcefire.ca\\\/product\\\/mustang-ice-commander\\\/#breadcrumb\",\"itemListElement\":[{\"@type\":\"ListItem\",\"position\":1,\"name\":\"Home\",\"item\":\"https:\\\/\\\/staging.safetysourcefire.ca\\\/\"},{\"@type\":\"ListItem\",\"position\":2,\"name\":\"Products\",\"item\":\"https:\\\/\\\/staging.safetysourcefire.ca\\\/shop\\\/\"},{\"@type\":\"ListItem\",\"position\":3,\"name\":\"Mustang Ice Commander\u2122\"}]},{\"@type\":\"WebSite\",\"@id\":\"https:\\\/\\\/staging.safetysourcefire.ca\\\/#website\",\"url\":\"https:\\\/\\\/staging.safetysourcefire.ca\\\/\",\"name\":\"Safety Source Fire\",\"description\":\"\",\"publisher\":{\"@id\":\"https:\\\/\\\/staging.safetysourcefire.ca\\\/#organization\"},\"potentialAction\":[{\"@type\":\"SearchAction\",\"target\":{\"@type\":\"EntryPoint\",\"urlTemplate\":\"https:\\\/\\\/staging.safetysourcefire.ca\\\/?s={search_term_string}\"},\"query-input\":{\"@type\":\"PropertyValueSpecification\",\"valueRequired\":true,\"valueName\":\"search_term_string\"}}],\"inLanguage\":\"fr-CA\"},{\"@type\":\"Organization\",\"@id\":\"https:\\\/\\\/staging.safetysourcefire.ca\\\/#organization\",\"name\":\"Safety Source Fire\",\"url\":\"https:\\\/\\\/staging.safetysourcefire.ca\\\/\",\"logo\":{\"@type\":\"ImageObject\",\"inLanguage\":\"fr-CA\",\"@id\":\"https:\\\/\\\/staging.safetysourcefire.ca\\\/#\\\/schema\\\/logo\\\/image\\\/\",\"url\":\"https:\\\/\\\/staging.safetysourcefire.ca\\\/wp-content\\\/uploads\\\/2021\\\/01\\\/SSF_logo_CC0000-3.png\",\"contentUrl\":\"https:\\\/\\\/staging.safetysourcefire.ca\\\/wp-content\\\/uploads\\\/2021\\\/01\\\/SSF_logo_CC0000-3.png\",\"width\":1107,\"height\":365,\"caption\":\"Safety Source Fire\"},\"image\":{\"@id\":\"https:\\\/\\\/staging.safetysourcefire.ca\\\/#\\\/schema\\\/logo\\\/image\\\/\"},\"sameAs\":[\"https:\\\/\\\/www.facebook.com\\\/mmfssca\",\"https:\\\/\\\/x.com\\\/mmfssca\"]}]}<\/script>\n<!-- \/ Yoast SEO plugin. -->","yoast_head_json":{"title":"Mustang Ice Commander\u2122 - Source de s\u00e9curit\u00e9 incendie","robots":{"index":"noindex","follow":"follow","max-snippet":"max-snippet:-1","max-image-preview":"max-image-preview:large","max-video-preview":"max-video-preview:-1"},"og_locale":"fr_CA","og_type":"article","og_title":"Mustang Ice Commander\u2122 - Safety Source Fire","og_description":"The Mustang Ice Commander\u2122 is the suit of choice for search and rescue teams, fire departments, and ice rescue professionals.","og_url":"https:\/\/staging.safetysourcefire.ca\/fr_ca\/produit\/mustang-ice-commander\/","og_site_name":"Safety Source Fire","article_publisher":"https:\/\/www.facebook.com\/mmfssca","article_modified_time":"2023-10-03T12:54:51+00:00","og_image":[{"width":600,"height":600,"url":"https:\/\/staging.safetysourcefire.ca\/wp-content\/uploads\/2017\/07\/Ice-Commander.jpg","type":"image\/jpeg"}],"twitter_card":"summary_large_image","twitter_site":"@mmfssca","twitter_misc":{"Estimation du temps de lecture":"2 minutes"},"schema":{"@context":"https:\/\/schema.org","@graph":[{"@type":"WebPage","@id":"https:\/\/staging.safetysourcefire.ca\/product\/mustang-ice-commander\/","url":"https:\/\/staging.safetysourcefire.ca\/product\/mustang-ice-commander\/","name":"Mustang Ice Commander\u2122 - Source de s\u00e9curit\u00e9 incendie","isPartOf":{"@id":"https:\/\/staging.safetysourcefire.ca\/#website"},"primaryImageOfPage":{"@id":"https:\/\/staging.safetysourcefire.ca\/product\/mustang-ice-commander\/#primaryimage"},"image":{"@id":"https:\/\/staging.safetysourcefire.ca\/product\/mustang-ice-commander\/#primaryimage"},"thumbnailUrl":"https:\/\/staging.safetysourcefire.ca\/wp-content\/uploads\/2017\/07\/Ice-Commander.jpg","datePublished":"2017-07-06T11:33:26+00:00","dateModified":"2023-10-03T12:54:51+00:00","breadcrumb":{"@id":"https:\/\/staging.safetysourcefire.ca\/product\/mustang-ice-commander\/#breadcrumb"},"inLanguage":"fr-CA","potentialAction":[{"@type":"ReadAction","target":["https:\/\/staging.safetysourcefire.ca\/product\/mustang-ice-commander\/"]}]},{"@type":"ImageObject","inLanguage":"fr-CA","@id":"https:\/\/staging.safetysourcefire.ca\/product\/mustang-ice-commander\/#primaryimage","url":"https:\/\/staging.safetysourcefire.ca\/wp-content\/uploads\/2017\/07\/Ice-Commander.jpg","contentUrl":"https:\/\/staging.safetysourcefire.ca\/wp-content\/uploads\/2017\/07\/Ice-Commander.jpg","width":600,"height":600,"caption":"yellow suit"},{"@type":"BreadcrumbList","@id":"https:\/\/staging.safetysourcefire.ca\/product\/mustang-ice-commander\/#breadcrumb","itemListElement":[{"@type":"ListItem","position":1,"name":"Home","item":"https:\/\/staging.safetysourcefire.ca\/"},{"@type":"ListItem","position":2,"name":"Products","item":"https:\/\/staging.safetysourcefire.ca\/shop\/"},{"@type":"ListItem","position":3,"name":"Mustang Ice Commander\u2122"}]},{"@type":"WebSite","@id":"https:\/\/staging.safetysourcefire.ca\/#website","url":"https:\/\/staging.safetysourcefire.ca\/","name":"Safety Source Fire","description":"","publisher":{"@id":"https:\/\/staging.safetysourcefire.ca\/#organization"},"potentialAction":[{"@type":"SearchAction","target":{"@type":"EntryPoint","urlTemplate":"https:\/\/staging.safetysourcefire.ca\/?s={search_term_string}"},"query-input":{"@type":"PropertyValueSpecification","valueRequired":true,"valueName":"search_term_string"}}],"inLanguage":"fr-CA"},{"@type":"Organization","@id":"https:\/\/staging.safetysourcefire.ca\/#organization","name":"Safety Source Fire","url":"https:\/\/staging.safetysourcefire.ca\/","logo":{"@type":"ImageObject","inLanguage":"fr-CA","@id":"https:\/\/staging.safetysourcefire.ca\/#\/schema\/logo\/image\/","url":"https:\/\/staging.safetysourcefire.ca\/wp-content\/uploads\/2021\/01\/SSF_logo_CC0000-3.png","contentUrl":"https:\/\/staging.safetysourcefire.ca\/wp-content\/uploads\/2021\/01\/SSF_logo_CC0000-3.png","width":1107,"height":365,"caption":"Safety Source Fire"},"image":{"@id":"https:\/\/staging.safetysourcefire.ca\/#\/schema\/logo\/image\/"},"sameAs":["https:\/\/www.facebook.com\/mmfssca","https:\/\/x.com\/mmfssca"]}]}},"_links":{"self":[{"href":"https:\/\/staging.safetysourcefire.ca\/fr_ca\/wp-json\/wp\/v2\/product\/4316","targetHints":{"allow":["GET"]}}],"collection":[{"href":"https:\/\/staging.safetysourcefire.ca\/fr_ca\/wp-json\/wp\/v2\/product"}],"about":[{"href":"https:\/\/staging.safetysourcefire.ca\/fr_ca\/wp-json\/wp\/v2\/types\/product"}],"wp:featuredmedia":[{"embeddable":true,"href":"https:\/\/staging.safetysourcefire.ca\/fr_ca\/wp-json\/wp\/v2\/media\/4318"}],"wp:attachment":[{"href":"https:\/\/staging.safetysourcefire.ca\/fr_ca\/wp-json\/wp\/v2\/media?parent=4316"}],"wp:term":[{"taxonomy":"product_brand","embeddable":true,"href":"https:\/\/staging.safetysourcefire.ca\/fr_ca\/wp-json\/wp\/v2\/product_brand?post=4316"},{"taxonomy":"product_cat","embeddable":true,"href":"https:\/\/staging.safetysourcefire.ca\/fr_ca\/wp-json\/wp\/v2\/product_cat?post=4316"},{"taxonomy":"product_tag","embeddable":true,"href":"https:\/\/staging.safetysourcefire.ca\/fr_ca\/wp-json\/wp\/v2\/product_tag?post=4316"}],"curies":[{"name":"wp","href":"https:\/\/api.w.org\/{rel}","templated":true}]}}