{"id":3612,"date":"2017-06-21T13:02:51","date_gmt":"2017-06-21T13:02:51","guid":{"rendered":"http:\/\/mmfss.ca\/?post_type=product&#038;p=3612"},"modified":"2018-03-19T14:07:59","modified_gmt":"2018-03-19T14:07:59","slug":"terradaptor-tripod-system","status":"publish","type":"product","link":"https:\/\/staging.safetysourcefire.ca\/fr_ca\/produit\/terradaptor-tripod-system\/","title":{"rendered":"Syst\u00e8me de tr\u00e9pied TerrAdaptor"},"content":{"rendered":"<p>Le syst\u00e8me principal s'articule autour du syst\u00e8me de tr\u00e9pied TerrAdaptor\u2122 (SM230100N). Ce syst\u00e8me comprend toutes les pi\u00e8ces n\u00e9cessaires pour assembler un tr\u00e9pied sym\u00e9trique standard qui permet d'atteindre une hauteur d'environ 10 pieds. Peut \u00eatre utilis\u00e9 dans une configuration Gin-Pole ou Bi-Pod. Le syst\u00e8me est livr\u00e9 dans trois sacs compacts pour faciliter le transport ainsi que pour ranger le syst\u00e8me complet de mani\u00e8re organis\u00e9e. Pour faire la transition de votre tr\u00e9pied vers un syst\u00e8me quadripode, vous pouvez acheter l'ensemble de fixation pour quadripode TerrAdaptor (SM230105). Cette trousse fournit un quatri\u00e8me pied ainsi que les pi\u00e8ces de fixation n\u00e9cessaires pour transformer votre tr\u00e9pied en Quadpod. Si vos besoins sont assez simples et qu'un seul poteau est la meilleure solution pour votre situation, vous pouvez acheter le TerrAdaptor Gin Pole Kit (SM230106). Cet ensemble comprend un ensemble de pattes complet qui peut atteindre environ 10 pieds de hauteur (r\u00e9glable). Pour ceux qui rencontrent g\u00e9n\u00e9ralement des environnements n\u00e9cessitant plus de 10 pieds de hauteur, des pi\u00e8ces d'extension suppl\u00e9mentaires (environ 4 pieds de longueur) peuvent \u00eatre achet\u00e9es individuellement pour allonger les pattes.<\/p>\n<p><strong>Principales caract\u00e9ristiques:<\/strong><\/p>\n<ul>\n<li>T\u00eate de tr\u00e9pied TerrAdaptor\u2122<\/li>\n<li>2 pinces de pattes d\u00e9cal\u00e9es avec 3 goupilles de verrouillage de charge chacune<\/li>\n<li>Pince de patte centrale avec 3 goupilles de verrouillage de charge<\/li>\n<li>Goupille de fixation principale<\/li>\n<li>3 ensemble de pieds complets avec adaptateur modulaire et pied \u00e0 bascule<\/li>\n<li>3 sections de corde<\/li>\n<li>Trousse de goupille fendue<\/li>\n<li>Goupille de couplage de patte<\/li>\n<li>2 anneaux avec 1 goupille d'accouplement chacun<\/li>\n<li>Sac pour t\u00eate\/accessoire TerrAdaptor<\/li>\n<li>Sac de pattes 2 TerrAdaptor<\/li>\n<li>Guide de l&#039;utilisateur de TerrAdaptor<\/li>\n<\/ul>\n<p>NFPA 1983 (2012), G<\/p>","protected":false},"excerpt":{"rendered":"<p>Avec le syst\u00e8me d'ancrage portable TerrAdaptor\u2122 , plusieurs options peuvent \u00eatre construites \u00e0 partir des composants du syst\u00e8me standard.<\/p>","protected":false},"featured_media":3348,"template":"","meta":[],"product_brand":[199],"product_cat":[51,131],"product_tag":[332,331],"class_list":{"0":"post-3612","1":"product","2":"type-product","3":"status-publish","4":"has-post-thumbnail","6":"product_brand-pmi","7":"product_cat-rescue","8":"product_cat-rope-rescue","9":"product_tag-pigeon-mountain-industries","10":"product_tag-pmi","12":"first","13":"instock","14":"shipping-taxable","15":"product-type-simple"},"yoast_head":"<!-- This site is optimized with the Yoast SEO plugin v27.4 - https:\/\/yoast.com\/product\/yoast-seo-wordpress\/ -->\n<title>TerrAdaptor Tripod System - Safety Source Fire<\/title>\n<meta name=\"robots\" content=\"noindex, follow, max-snippet:-1, max-image-preview:large, max-video-preview:-1\" \/>\n<meta property=\"og:locale\" content=\"fr_CA\" \/>\n<meta property=\"og:type\" content=\"article\" \/>\n<meta property=\"og:title\" content=\"TerrAdaptor Tripod System - Safety Source Fire\" \/>\n<meta property=\"og:description\" content=\"Multiple configurations of the TerrAdaptor\u2122 Portable Anchor System can be built from various standard system components.\" \/>\n<meta property=\"og:url\" content=\"https:\/\/staging.safetysourcefire.ca\/fr_ca\/produit\/terradaptor-tripod-system\/\" \/>\n<meta property=\"og:site_name\" content=\"Safety Source Fire\" \/>\n<meta property=\"article:publisher\" content=\"https:\/\/www.facebook.com\/mmfssca\" \/>\n<meta property=\"article:modified_time\" content=\"2018-03-19T14:07:59+00:00\" \/>\n<meta property=\"og:image\" content=\"https:\/\/staging.safetysourcefire.ca\/wp-content\/uploads\/2017\/06\/sm230100n.jpg\" \/>\n\t<meta property=\"og:image:width\" content=\"600\" \/>\n\t<meta property=\"og:image:height\" content=\"600\" \/>\n\t<meta property=\"og:image:type\" content=\"image\/jpeg\" \/>\n<meta name=\"twitter:card\" content=\"summary_large_image\" \/>\n<meta name=\"twitter:site\" content=\"@mmfssca\" \/>\n<meta name=\"twitter:label1\" content=\"Estimation du temps de lecture\" \/>\n\t<meta name=\"twitter:data1\" content=\"1 minute\" \/>\n<script type=\"application\/ld+json\" class=\"yoast-schema-graph\">{\"@context\":\"https:\\\/\\\/schema.org\",\"@graph\":[{\"@type\":\"WebPage\",\"@id\":\"https:\\\/\\\/staging.safetysourcefire.ca\\\/product\\\/terradaptor-tripod-system\\\/\",\"url\":\"https:\\\/\\\/staging.safetysourcefire.ca\\\/product\\\/terradaptor-tripod-system\\\/\",\"name\":\"TerrAdaptor Tripod System - Safety Source Fire\",\"isPartOf\":{\"@id\":\"https:\\\/\\\/staging.safetysourcefire.ca\\\/#website\"},\"primaryImageOfPage\":{\"@id\":\"https:\\\/\\\/staging.safetysourcefire.ca\\\/product\\\/terradaptor-tripod-system\\\/#primaryimage\"},\"image\":{\"@id\":\"https:\\\/\\\/staging.safetysourcefire.ca\\\/product\\\/terradaptor-tripod-system\\\/#primaryimage\"},\"thumbnailUrl\":\"https:\\\/\\\/staging.safetysourcefire.ca\\\/wp-content\\\/uploads\\\/2017\\\/06\\\/sm230100n.jpg\",\"datePublished\":\"2017-06-21T13:02:51+00:00\",\"dateModified\":\"2018-03-19T14:07:59+00:00\",\"breadcrumb\":{\"@id\":\"https:\\\/\\\/staging.safetysourcefire.ca\\\/product\\\/terradaptor-tripod-system\\\/#breadcrumb\"},\"inLanguage\":\"fr-CA\",\"potentialAction\":[{\"@type\":\"ReadAction\",\"target\":[\"https:\\\/\\\/staging.safetysourcefire.ca\\\/product\\\/terradaptor-tripod-system\\\/\"]}]},{\"@type\":\"ImageObject\",\"inLanguage\":\"fr-CA\",\"@id\":\"https:\\\/\\\/staging.safetysourcefire.ca\\\/product\\\/terradaptor-tripod-system\\\/#primaryimage\",\"url\":\"https:\\\/\\\/staging.safetysourcefire.ca\\\/wp-content\\\/uploads\\\/2017\\\/06\\\/sm230100n.jpg\",\"contentUrl\":\"https:\\\/\\\/staging.safetysourcefire.ca\\\/wp-content\\\/uploads\\\/2017\\\/06\\\/sm230100n.jpg\",\"width\":600,\"height\":600,\"caption\":\"tripod\"},{\"@type\":\"BreadcrumbList\",\"@id\":\"https:\\\/\\\/staging.safetysourcefire.ca\\\/product\\\/terradaptor-tripod-system\\\/#breadcrumb\",\"itemListElement\":[{\"@type\":\"ListItem\",\"position\":1,\"name\":\"Home\",\"item\":\"https:\\\/\\\/staging.safetysourcefire.ca\\\/\"},{\"@type\":\"ListItem\",\"position\":2,\"name\":\"Products\",\"item\":\"https:\\\/\\\/staging.safetysourcefire.ca\\\/shop\\\/\"},{\"@type\":\"ListItem\",\"position\":3,\"name\":\"TerrAdaptor Tripod System\"}]},{\"@type\":\"WebSite\",\"@id\":\"https:\\\/\\\/staging.safetysourcefire.ca\\\/#website\",\"url\":\"https:\\\/\\\/staging.safetysourcefire.ca\\\/\",\"name\":\"Safety Source Fire\",\"description\":\"\",\"publisher\":{\"@id\":\"https:\\\/\\\/staging.safetysourcefire.ca\\\/#organization\"},\"potentialAction\":[{\"@type\":\"SearchAction\",\"target\":{\"@type\":\"EntryPoint\",\"urlTemplate\":\"https:\\\/\\\/staging.safetysourcefire.ca\\\/?s={search_term_string}\"},\"query-input\":{\"@type\":\"PropertyValueSpecification\",\"valueRequired\":true,\"valueName\":\"search_term_string\"}}],\"inLanguage\":\"fr-CA\"},{\"@type\":\"Organization\",\"@id\":\"https:\\\/\\\/staging.safetysourcefire.ca\\\/#organization\",\"name\":\"Safety Source Fire\",\"url\":\"https:\\\/\\\/staging.safetysourcefire.ca\\\/\",\"logo\":{\"@type\":\"ImageObject\",\"inLanguage\":\"fr-CA\",\"@id\":\"https:\\\/\\\/staging.safetysourcefire.ca\\\/#\\\/schema\\\/logo\\\/image\\\/\",\"url\":\"https:\\\/\\\/staging.safetysourcefire.ca\\\/wp-content\\\/uploads\\\/2021\\\/01\\\/SSF_logo_CC0000-3.png\",\"contentUrl\":\"https:\\\/\\\/staging.safetysourcefire.ca\\\/wp-content\\\/uploads\\\/2021\\\/01\\\/SSF_logo_CC0000-3.png\",\"width\":1107,\"height\":365,\"caption\":\"Safety Source Fire\"},\"image\":{\"@id\":\"https:\\\/\\\/staging.safetysourcefire.ca\\\/#\\\/schema\\\/logo\\\/image\\\/\"},\"sameAs\":[\"https:\\\/\\\/www.facebook.com\\\/mmfssca\",\"https:\\\/\\\/x.com\\\/mmfssca\"]}]}<\/script>\n<!-- \/ Yoast SEO plugin. -->","yoast_head_json":{"title":"Syst\u00e8me de tr\u00e9pied TerrAdaptor - Source de s\u00e9curit\u00e9 incendie","robots":{"index":"noindex","follow":"follow","max-snippet":"max-snippet:-1","max-image-preview":"max-image-preview:large","max-video-preview":"max-video-preview:-1"},"og_locale":"fr_CA","og_type":"article","og_title":"TerrAdaptor Tripod System - Safety Source Fire","og_description":"Multiple configurations of the TerrAdaptor\u2122 Portable Anchor System can be built from various standard system components.","og_url":"https:\/\/staging.safetysourcefire.ca\/fr_ca\/produit\/terradaptor-tripod-system\/","og_site_name":"Safety Source Fire","article_publisher":"https:\/\/www.facebook.com\/mmfssca","article_modified_time":"2018-03-19T14:07:59+00:00","og_image":[{"width":600,"height":600,"url":"https:\/\/staging.safetysourcefire.ca\/wp-content\/uploads\/2017\/06\/sm230100n.jpg","type":"image\/jpeg"}],"twitter_card":"summary_large_image","twitter_site":"@mmfssca","twitter_misc":{"Estimation du temps de lecture":"1 minute"},"schema":{"@context":"https:\/\/schema.org","@graph":[{"@type":"WebPage","@id":"https:\/\/staging.safetysourcefire.ca\/product\/terradaptor-tripod-system\/","url":"https:\/\/staging.safetysourcefire.ca\/product\/terradaptor-tripod-system\/","name":"Syst\u00e8me de tr\u00e9pied TerrAdaptor - Source de s\u00e9curit\u00e9 incendie","isPartOf":{"@id":"https:\/\/staging.safetysourcefire.ca\/#website"},"primaryImageOfPage":{"@id":"https:\/\/staging.safetysourcefire.ca\/product\/terradaptor-tripod-system\/#primaryimage"},"image":{"@id":"https:\/\/staging.safetysourcefire.ca\/product\/terradaptor-tripod-system\/#primaryimage"},"thumbnailUrl":"https:\/\/staging.safetysourcefire.ca\/wp-content\/uploads\/2017\/06\/sm230100n.jpg","datePublished":"2017-06-21T13:02:51+00:00","dateModified":"2018-03-19T14:07:59+00:00","breadcrumb":{"@id":"https:\/\/staging.safetysourcefire.ca\/product\/terradaptor-tripod-system\/#breadcrumb"},"inLanguage":"fr-CA","potentialAction":[{"@type":"ReadAction","target":["https:\/\/staging.safetysourcefire.ca\/product\/terradaptor-tripod-system\/"]}]},{"@type":"ImageObject","inLanguage":"fr-CA","@id":"https:\/\/staging.safetysourcefire.ca\/product\/terradaptor-tripod-system\/#primaryimage","url":"https:\/\/staging.safetysourcefire.ca\/wp-content\/uploads\/2017\/06\/sm230100n.jpg","contentUrl":"https:\/\/staging.safetysourcefire.ca\/wp-content\/uploads\/2017\/06\/sm230100n.jpg","width":600,"height":600,"caption":"tripod"},{"@type":"BreadcrumbList","@id":"https:\/\/staging.safetysourcefire.ca\/product\/terradaptor-tripod-system\/#breadcrumb","itemListElement":[{"@type":"ListItem","position":1,"name":"Home","item":"https:\/\/staging.safetysourcefire.ca\/"},{"@type":"ListItem","position":2,"name":"Products","item":"https:\/\/staging.safetysourcefire.ca\/shop\/"},{"@type":"ListItem","position":3,"name":"TerrAdaptor Tripod System"}]},{"@type":"WebSite","@id":"https:\/\/staging.safetysourcefire.ca\/#website","url":"https:\/\/staging.safetysourcefire.ca\/","name":"Safety Source Fire","description":"","publisher":{"@id":"https:\/\/staging.safetysourcefire.ca\/#organization"},"potentialAction":[{"@type":"SearchAction","target":{"@type":"EntryPoint","urlTemplate":"https:\/\/staging.safetysourcefire.ca\/?s={search_term_string}"},"query-input":{"@type":"PropertyValueSpecification","valueRequired":true,"valueName":"search_term_string"}}],"inLanguage":"fr-CA"},{"@type":"Organization","@id":"https:\/\/staging.safetysourcefire.ca\/#organization","name":"Safety Source Fire","url":"https:\/\/staging.safetysourcefire.ca\/","logo":{"@type":"ImageObject","inLanguage":"fr-CA","@id":"https:\/\/staging.safetysourcefire.ca\/#\/schema\/logo\/image\/","url":"https:\/\/staging.safetysourcefire.ca\/wp-content\/uploads\/2021\/01\/SSF_logo_CC0000-3.png","contentUrl":"https:\/\/staging.safetysourcefire.ca\/wp-content\/uploads\/2021\/01\/SSF_logo_CC0000-3.png","width":1107,"height":365,"caption":"Safety Source Fire"},"image":{"@id":"https:\/\/staging.safetysourcefire.ca\/#\/schema\/logo\/image\/"},"sameAs":["https:\/\/www.facebook.com\/mmfssca","https:\/\/x.com\/mmfssca"]}]}},"_links":{"self":[{"href":"https:\/\/staging.safetysourcefire.ca\/fr_ca\/wp-json\/wp\/v2\/product\/3612","targetHints":{"allow":["GET"]}}],"collection":[{"href":"https:\/\/staging.safetysourcefire.ca\/fr_ca\/wp-json\/wp\/v2\/product"}],"about":[{"href":"https:\/\/staging.safetysourcefire.ca\/fr_ca\/wp-json\/wp\/v2\/types\/product"}],"wp:featuredmedia":[{"embeddable":true,"href":"https:\/\/staging.safetysourcefire.ca\/fr_ca\/wp-json\/wp\/v2\/media\/3348"}],"wp:attachment":[{"href":"https:\/\/staging.safetysourcefire.ca\/fr_ca\/wp-json\/wp\/v2\/media?parent=3612"}],"wp:term":[{"taxonomy":"product_brand","embeddable":true,"href":"https:\/\/staging.safetysourcefire.ca\/fr_ca\/wp-json\/wp\/v2\/product_brand?post=3612"},{"taxonomy":"product_cat","embeddable":true,"href":"https:\/\/staging.safetysourcefire.ca\/fr_ca\/wp-json\/wp\/v2\/product_cat?post=3612"},{"taxonomy":"product_tag","embeddable":true,"href":"https:\/\/staging.safetysourcefire.ca\/fr_ca\/wp-json\/wp\/v2\/product_tag?post=3612"}],"curies":[{"name":"wp","href":"https:\/\/api.w.org\/{rel}","templated":true}]}}