{"id":3283,"date":"2017-06-19T15:51:19","date_gmt":"2017-06-19T15:51:19","guid":{"rendered":"http:\/\/mmfss.ca\/?post_type=product&#038;p=3283"},"modified":"2020-01-17T18:47:37","modified_gmt":"2020-01-17T18:47:37","slug":"20%e2%80%b3-single-speed-electric-ppv","status":"publish","type":"product","link":"https:\/\/staging.safetysourcefire.ca\/fr_ca\/produit\/20%e2%80%b3-single-speed-electric-ppv\/","title":{"rendered":"Ventilateur PPV  20\u2033 \u00e0 vitesse unique -\u00e9lectrique"},"content":{"rendered":"<p><strong>Fonctionnalit\u00e9s:<\/strong><\/p>\n<ul>\n<li><strong>Lame en fonte d&#039;aluminium \u00e0 7 pointes<\/strong>\u00a0\u2013Plus r\u00e9sistant que le plastique face aux hautes temp\u00e9ratures<\/li>\n<li><strong>Car\u00e9nage en acier fil\u00e9 avec pr\u00e9cision<\/strong>\u00a0\u2013 durabilit\u00e9 et d\u00e9bit d'air maximal<\/li>\n<li><strong>Cadre de cage complet en acier<\/strong>\u00a0\u2013 prot\u00e8ge les composants cl\u00e9s<\/li>\n<li><strong>Pneus anti-crevaisons<\/strong>\u00a0\u2013 caoutchouc r\u00e9sistant, anti-crevaison, roulant sans probl\u00e8me dans les escaliers et sur les bordures<\/li>\n<li><strong>Cadre inclinable \u00e0 4 positions<\/strong>\u00a0\u2013 -10\u00b0, 0\u00b0, 10\u00b0, 20\u00b0<\/li>\n<li><strong>C\u00f4ne d'air<\/strong>\u00a0\u2013 design classique disponible pour un d\u00e9bit d'air maximal, protection StreamShaper en option<\/li>\n<li><strong>Poign\u00e9e r\u00e9tractable<\/strong>\u00a0- se replie dans le cadre pour un rangement efficace. Prise facile, m\u00eame avec des gants<\/li>\n<li><strong>Garantie 5 ans<\/strong><\/li>\n<\/ul>\n<p><strong>Sp\u00e9cifications<\/strong><\/p>\n<ul>\n<li><strong>Moteur<\/strong>\u00a0\u2013 Bluffton, vitesse unique \u2013 class\u00e9 groupe 1 les emplacements dangereux , classe D, 1 Hp, 60\/50 Hz, 115\/230 V<\/li>\n<li><strong>HxLxP<\/strong>\u00a0\u2013 25,5\u2033 x 26\u2033 x 19,5\u2033 \u2013\u00a0<em>648 mm x 660 mm x 495 mm<\/em><\/li>\n<li><strong>Diam\u00e8tre de la lame<\/strong>\u00a0\u2013 20\u2033 \u2013\u00a0<em>508 mm<\/em><\/li>\n<li><strong>Poids<\/strong>\u00a0\u2013 92 livres \u2013 42<em>\u00a0kg<\/em><\/li>\n<li><strong>RPM<\/strong>\u00a0\u2013 1750<\/li>\n<li><strong>Conditions de d\u00e9marrage<\/strong>\u00a0\u2013 4000w \u2013 circuit 15 amp\u00e8res<\/li>\n<li><strong>Ex\u00e9cuter les exigences<\/strong>\u00a0\u2013 1500w<\/li>\n<li><strong>Arri\u00e8re<\/strong>\u00a0\u2013 6 pieds<\/li>\n<li><strong>Angle<\/strong>\u00a0\u2013 18\u00b0<\/li>\n<li><strong>Production<\/strong>\u00a0\u2013 10\u00a0190 pcm \u2013\u00a0<em>17 310 cm\/h<\/em><\/li>\n<\/ul>\n<p><em>* Le RPM est \u00e0 60 Hz \u2013 pour 50 Hz \u2013 Le RPM et la sortie doivent \u00eatre multipli\u00e9s par 5\/6<\/em><\/p>","protected":false},"excerpt":{"rendered":"<p>Le 720-EXP est un ventilateur PPV de 20 pouces \u00e0 vitesse unique fonctionnant \u00e0 l'\u00e9lectricit\u00e9. Mont\u00e9 sur le cadre classique de s\u00e9rie 7. Parfait pour les services \u00e0 la recherche d'un PPV l\u00e9g\u00e8rement plus grand pouvant \u00eatre utilis\u00e9 dans des environnements dangereux et explosifs. Le 720-EXP est aliment\u00e9 par un moteur con\u00e7u pour les environnements de classe 1 groupe D.<\/p>","protected":false},"featured_media":3249,"template":"","meta":[],"product_brand":[197],"product_cat":[129,51],"product_tag":[225,353,352],"class_list":{"0":"post-3283","1":"product","2":"type-product","3":"status-publish","4":"has-post-thumbnail","6":"product_brand-supervac","7":"product_cat-fans","8":"product_cat-rescue","9":"product_tag-fans","10":"product_tag-super-vac","11":"product_tag-supervac","13":"first","14":"instock","15":"shipping-taxable","16":"product-type-simple"},"yoast_head":"<!-- This site is optimized with the Yoast SEO plugin v27.4 - https:\/\/yoast.com\/product\/yoast-seo-wordpress\/ -->\n<title>20\u2033 Single Speed Electric PPV Fan - Safety Source Fire<\/title>\n<meta name=\"robots\" content=\"noindex, follow, max-snippet:-1, max-image-preview:large, max-video-preview:-1\" \/>\n<meta property=\"og:locale\" content=\"fr_CA\" \/>\n<meta property=\"og:type\" content=\"article\" \/>\n<meta property=\"og:title\" content=\"20\u2033 Single Speed Electric PPV Fan - Safety Source Fire\" \/>\n<meta property=\"og:description\" content=\"The 720-EXP is a 20\u2033, single speed, electric PPV fan set on the classic\u00a07-Series frame. Perfect for departments looking for a slightly larger PPV that has the ability\u00a0to be used in hazardous and explosive environments. The 720-EXP\u00a0is powered by a motor rated for Class 1 Group D environments.\" \/>\n<meta property=\"og:url\" content=\"https:\/\/staging.safetysourcefire.ca\/fr_ca\/produit\/20\u2033-single-speed-electric-ppv\/\" \/>\n<meta property=\"og:site_name\" content=\"Safety Source Fire\" \/>\n<meta property=\"article:publisher\" content=\"https:\/\/www.facebook.com\/mmfssca\" \/>\n<meta property=\"article:modified_time\" content=\"2020-01-17T18:47:37+00:00\" \/>\n<meta property=\"og:image\" content=\"https:\/\/staging.safetysourcefire.ca\/wp-content\/uploads\/2017\/06\/720EXP.jpg\" \/>\n\t<meta property=\"og:image:width\" content=\"600\" \/>\n\t<meta property=\"og:image:height\" content=\"600\" \/>\n\t<meta property=\"og:image:type\" content=\"image\/jpeg\" \/>\n<meta name=\"twitter:card\" content=\"summary_large_image\" \/>\n<meta name=\"twitter:site\" content=\"@mmfssca\" \/>\n<meta name=\"twitter:label1\" content=\"Estimation du temps de lecture\" \/>\n\t<meta name=\"twitter:data1\" content=\"1 minute\" \/>\n<script type=\"application\/ld+json\" class=\"yoast-schema-graph\">{\"@context\":\"https:\\\/\\\/schema.org\",\"@graph\":[{\"@type\":\"WebPage\",\"@id\":\"https:\\\/\\\/staging.safetysourcefire.ca\\\/product\\\/20%e2%80%b3-single-speed-electric-ppv\\\/\",\"url\":\"https:\\\/\\\/staging.safetysourcefire.ca\\\/product\\\/20%e2%80%b3-single-speed-electric-ppv\\\/\",\"name\":\"20\u2033 Single Speed Electric PPV Fan - Safety Source Fire\",\"isPartOf\":{\"@id\":\"https:\\\/\\\/staging.safetysourcefire.ca\\\/#website\"},\"primaryImageOfPage\":{\"@id\":\"https:\\\/\\\/staging.safetysourcefire.ca\\\/product\\\/20%e2%80%b3-single-speed-electric-ppv\\\/#primaryimage\"},\"image\":{\"@id\":\"https:\\\/\\\/staging.safetysourcefire.ca\\\/product\\\/20%e2%80%b3-single-speed-electric-ppv\\\/#primaryimage\"},\"thumbnailUrl\":\"https:\\\/\\\/staging.safetysourcefire.ca\\\/wp-content\\\/uploads\\\/2017\\\/06\\\/720EXP.jpg\",\"datePublished\":\"2017-06-19T15:51:19+00:00\",\"dateModified\":\"2020-01-17T18:47:37+00:00\",\"breadcrumb\":{\"@id\":\"https:\\\/\\\/staging.safetysourcefire.ca\\\/product\\\/20%e2%80%b3-single-speed-electric-ppv\\\/#breadcrumb\"},\"inLanguage\":\"fr-CA\",\"potentialAction\":[{\"@type\":\"ReadAction\",\"target\":[\"https:\\\/\\\/staging.safetysourcefire.ca\\\/product\\\/20%e2%80%b3-single-speed-electric-ppv\\\/\"]}]},{\"@type\":\"ImageObject\",\"inLanguage\":\"fr-CA\",\"@id\":\"https:\\\/\\\/staging.safetysourcefire.ca\\\/product\\\/20%e2%80%b3-single-speed-electric-ppv\\\/#primaryimage\",\"url\":\"https:\\\/\\\/staging.safetysourcefire.ca\\\/wp-content\\\/uploads\\\/2017\\\/06\\\/720EXP.jpg\",\"contentUrl\":\"https:\\\/\\\/staging.safetysourcefire.ca\\\/wp-content\\\/uploads\\\/2017\\\/06\\\/720EXP.jpg\",\"width\":600,\"height\":600,\"caption\":\"fan\"},{\"@type\":\"BreadcrumbList\",\"@id\":\"https:\\\/\\\/staging.safetysourcefire.ca\\\/product\\\/20%e2%80%b3-single-speed-electric-ppv\\\/#breadcrumb\",\"itemListElement\":[{\"@type\":\"ListItem\",\"position\":1,\"name\":\"Home\",\"item\":\"https:\\\/\\\/staging.safetysourcefire.ca\\\/\"},{\"@type\":\"ListItem\",\"position\":2,\"name\":\"Products\",\"item\":\"https:\\\/\\\/staging.safetysourcefire.ca\\\/shop\\\/\"},{\"@type\":\"ListItem\",\"position\":3,\"name\":\"20\u2033 Single Speed Electric PPV Fan\"}]},{\"@type\":\"WebSite\",\"@id\":\"https:\\\/\\\/staging.safetysourcefire.ca\\\/#website\",\"url\":\"https:\\\/\\\/staging.safetysourcefire.ca\\\/\",\"name\":\"Safety Source Fire\",\"description\":\"\",\"publisher\":{\"@id\":\"https:\\\/\\\/staging.safetysourcefire.ca\\\/#organization\"},\"potentialAction\":[{\"@type\":\"SearchAction\",\"target\":{\"@type\":\"EntryPoint\",\"urlTemplate\":\"https:\\\/\\\/staging.safetysourcefire.ca\\\/?s={search_term_string}\"},\"query-input\":{\"@type\":\"PropertyValueSpecification\",\"valueRequired\":true,\"valueName\":\"search_term_string\"}}],\"inLanguage\":\"fr-CA\"},{\"@type\":\"Organization\",\"@id\":\"https:\\\/\\\/staging.safetysourcefire.ca\\\/#organization\",\"name\":\"Safety Source Fire\",\"url\":\"https:\\\/\\\/staging.safetysourcefire.ca\\\/\",\"logo\":{\"@type\":\"ImageObject\",\"inLanguage\":\"fr-CA\",\"@id\":\"https:\\\/\\\/staging.safetysourcefire.ca\\\/#\\\/schema\\\/logo\\\/image\\\/\",\"url\":\"https:\\\/\\\/staging.safetysourcefire.ca\\\/wp-content\\\/uploads\\\/2021\\\/01\\\/SSF_logo_CC0000-3.png\",\"contentUrl\":\"https:\\\/\\\/staging.safetysourcefire.ca\\\/wp-content\\\/uploads\\\/2021\\\/01\\\/SSF_logo_CC0000-3.png\",\"width\":1107,\"height\":365,\"caption\":\"Safety Source Fire\"},\"image\":{\"@id\":\"https:\\\/\\\/staging.safetysourcefire.ca\\\/#\\\/schema\\\/logo\\\/image\\\/\"},\"sameAs\":[\"https:\\\/\\\/www.facebook.com\\\/mmfssca\",\"https:\\\/\\\/x.com\\\/mmfssca\"]}]}<\/script>\n<!-- \/ Yoast SEO plugin. -->","yoast_head_json":{"title":"Ventilateur \u00e9lectrique PPV \u00e0 vitesse unique de 20 pouces - Safety Source Fire","robots":{"index":"noindex","follow":"follow","max-snippet":"max-snippet:-1","max-image-preview":"max-image-preview:large","max-video-preview":"max-video-preview:-1"},"og_locale":"fr_CA","og_type":"article","og_title":"20\u2033 Single Speed Electric PPV Fan - Safety Source Fire","og_description":"The 720-EXP is a 20\u2033, single speed, electric PPV fan set on the classic\u00a07-Series frame. Perfect for departments looking for a slightly larger PPV that has the ability\u00a0to be used in hazardous and explosive environments. The 720-EXP\u00a0is powered by a motor rated for Class 1 Group D environments.","og_url":"https:\/\/staging.safetysourcefire.ca\/fr_ca\/produit\/20\u2033-single-speed-electric-ppv\/","og_site_name":"Safety Source Fire","article_publisher":"https:\/\/www.facebook.com\/mmfssca","article_modified_time":"2020-01-17T18:47:37+00:00","og_image":[{"width":600,"height":600,"url":"https:\/\/staging.safetysourcefire.ca\/wp-content\/uploads\/2017\/06\/720EXP.jpg","type":"image\/jpeg"}],"twitter_card":"summary_large_image","twitter_site":"@mmfssca","twitter_misc":{"Estimation du temps de lecture":"1 minute"},"schema":{"@context":"https:\/\/schema.org","@graph":[{"@type":"WebPage","@id":"https:\/\/staging.safetysourcefire.ca\/product\/20%e2%80%b3-single-speed-electric-ppv\/","url":"https:\/\/staging.safetysourcefire.ca\/product\/20%e2%80%b3-single-speed-electric-ppv\/","name":"Ventilateur \u00e9lectrique PPV \u00e0 vitesse unique de 20 pouces - Safety Source Fire","isPartOf":{"@id":"https:\/\/staging.safetysourcefire.ca\/#website"},"primaryImageOfPage":{"@id":"https:\/\/staging.safetysourcefire.ca\/product\/20%e2%80%b3-single-speed-electric-ppv\/#primaryimage"},"image":{"@id":"https:\/\/staging.safetysourcefire.ca\/product\/20%e2%80%b3-single-speed-electric-ppv\/#primaryimage"},"thumbnailUrl":"https:\/\/staging.safetysourcefire.ca\/wp-content\/uploads\/2017\/06\/720EXP.jpg","datePublished":"2017-06-19T15:51:19+00:00","dateModified":"2020-01-17T18:47:37+00:00","breadcrumb":{"@id":"https:\/\/staging.safetysourcefire.ca\/product\/20%e2%80%b3-single-speed-electric-ppv\/#breadcrumb"},"inLanguage":"fr-CA","potentialAction":[{"@type":"ReadAction","target":["https:\/\/staging.safetysourcefire.ca\/product\/20%e2%80%b3-single-speed-electric-ppv\/"]}]},{"@type":"ImageObject","inLanguage":"fr-CA","@id":"https:\/\/staging.safetysourcefire.ca\/product\/20%e2%80%b3-single-speed-electric-ppv\/#primaryimage","url":"https:\/\/staging.safetysourcefire.ca\/wp-content\/uploads\/2017\/06\/720EXP.jpg","contentUrl":"https:\/\/staging.safetysourcefire.ca\/wp-content\/uploads\/2017\/06\/720EXP.jpg","width":600,"height":600,"caption":"fan"},{"@type":"BreadcrumbList","@id":"https:\/\/staging.safetysourcefire.ca\/product\/20%e2%80%b3-single-speed-electric-ppv\/#breadcrumb","itemListElement":[{"@type":"ListItem","position":1,"name":"Home","item":"https:\/\/staging.safetysourcefire.ca\/"},{"@type":"ListItem","position":2,"name":"Products","item":"https:\/\/staging.safetysourcefire.ca\/shop\/"},{"@type":"ListItem","position":3,"name":"20\u2033 Single Speed Electric PPV Fan"}]},{"@type":"WebSite","@id":"https:\/\/staging.safetysourcefire.ca\/#website","url":"https:\/\/staging.safetysourcefire.ca\/","name":"Safety Source Fire","description":"","publisher":{"@id":"https:\/\/staging.safetysourcefire.ca\/#organization"},"potentialAction":[{"@type":"SearchAction","target":{"@type":"EntryPoint","urlTemplate":"https:\/\/staging.safetysourcefire.ca\/?s={search_term_string}"},"query-input":{"@type":"PropertyValueSpecification","valueRequired":true,"valueName":"search_term_string"}}],"inLanguage":"fr-CA"},{"@type":"Organization","@id":"https:\/\/staging.safetysourcefire.ca\/#organization","name":"Safety Source Fire","url":"https:\/\/staging.safetysourcefire.ca\/","logo":{"@type":"ImageObject","inLanguage":"fr-CA","@id":"https:\/\/staging.safetysourcefire.ca\/#\/schema\/logo\/image\/","url":"https:\/\/staging.safetysourcefire.ca\/wp-content\/uploads\/2021\/01\/SSF_logo_CC0000-3.png","contentUrl":"https:\/\/staging.safetysourcefire.ca\/wp-content\/uploads\/2021\/01\/SSF_logo_CC0000-3.png","width":1107,"height":365,"caption":"Safety Source Fire"},"image":{"@id":"https:\/\/staging.safetysourcefire.ca\/#\/schema\/logo\/image\/"},"sameAs":["https:\/\/www.facebook.com\/mmfssca","https:\/\/x.com\/mmfssca"]}]}},"_links":{"self":[{"href":"https:\/\/staging.safetysourcefire.ca\/fr_ca\/wp-json\/wp\/v2\/product\/3283","targetHints":{"allow":["GET"]}}],"collection":[{"href":"https:\/\/staging.safetysourcefire.ca\/fr_ca\/wp-json\/wp\/v2\/product"}],"about":[{"href":"https:\/\/staging.safetysourcefire.ca\/fr_ca\/wp-json\/wp\/v2\/types\/product"}],"wp:featuredmedia":[{"embeddable":true,"href":"https:\/\/staging.safetysourcefire.ca\/fr_ca\/wp-json\/wp\/v2\/media\/3249"}],"wp:attachment":[{"href":"https:\/\/staging.safetysourcefire.ca\/fr_ca\/wp-json\/wp\/v2\/media?parent=3283"}],"wp:term":[{"taxonomy":"product_brand","embeddable":true,"href":"https:\/\/staging.safetysourcefire.ca\/fr_ca\/wp-json\/wp\/v2\/product_brand?post=3283"},{"taxonomy":"product_cat","embeddable":true,"href":"https:\/\/staging.safetysourcefire.ca\/fr_ca\/wp-json\/wp\/v2\/product_cat?post=3283"},{"taxonomy":"product_tag","embeddable":true,"href":"https:\/\/staging.safetysourcefire.ca\/fr_ca\/wp-json\/wp\/v2\/product_tag?post=3283"}],"curies":[{"name":"wp","href":"https:\/\/api.w.org\/{rel}","templated":true}]}}