{"id":3030,"date":"2018-04-30T20:53:16","date_gmt":"2018-04-30T20:53:16","guid":{"rendered":"http:\/\/mmfss.ca\/?post_type=product&#038;p=3030"},"modified":"2025-04-28T15:26:41","modified_gmt":"2025-04-28T15:26:41","slug":"firepower-ii","status":"publish","type":"product","link":"https:\/\/staging.safetysourcefire.ca\/fr_ca\/produit\/firepower-ii\/","title":{"rendered":"Firepower \u2122 II"},"content":{"rendered":"<div class=\"boxedtext\">\n<p><span style=\"color: #cc0000;\"><strong>LIQUIDATION EN STOCK<br \/>\n<\/strong><\/span><em>Quantit\u00e9s limit\u00e9es disponibles \u00e0 prix r\u00e9duit. Veuillez noter : les ventes d&#039;articles en liquidation sont d\u00e9finitives ; aucun \u00e9change ni retour. Veuillez demander un devis pour d&#039;autres options.<\/em><\/p>\n<ul>\n<li class=\"x_MsoNormal\" style=\"text-align: left;\">1,75\u201d X 50&#039; Rouge x 1 \u2013 $398.00<\/li>\n<\/ul>\n<\/div>\n<p><em>Firepower II <\/em>est un tuyau d&#039;attaque r\u00e9actif et alerte avec une flexibilit\u00e9 et une r\u00e9sistance \u00e0 la torsion in\u00e9gal\u00e9es. Contrairement aux autres tuyaux d&#039;attaque conventionnels, <em>Firepower II <\/em>offre des performances sup\u00e9rieures sans pr\u00e9c\u00e9dent et r\u00e9duit la pression sur les pompiers, m\u00eame dans les environnements les plus restreints et exigeants.<\/p>\n<p><strong>PERFORMANCE ANTI-KNK IMBATTABLE ET R\u00c9VOLUTIONNAIRE <\/strong><\/p>\n<p>A r\u00e9ussi les tests de non entortillement dans des portes de 34\u2033, 24\u2033 et 18. Peut se plier \u00e0 11\u2033, garantissant qu'aucune d\u00e9faillance de ligne ou perte de d\u00e9bit ne soit possible, m\u00eame dans les environnements les plus \u00e9troits, m\u00eame avec une pression de ligne de 100 PSI.<\/p>\n<p><strong>R\u00c9SISTANCE EXTRAORDINAIRE \u00c0 L'ABRASION <\/strong><\/p>\n<p>Notre rev\u00eatement innovant ARMOR JACKET ne montre pratiquement aucun signe d&#039;usure lorsqu&#039;il est soumis au test d&#039;abrasion standard FM &amp; UL. <em>Firepower II <\/em>est maintenant disponible avec des nouveaux rev\u00eatements jaune, rouge, orange, bleu, vert et beige.<\/p>\n<p><strong>R\u00c9SISTANCE \u00c0 LA TRA\u00ceN\u00c9E SIGNIFICATIVEMENT R\u00c9DUITE <\/strong><\/p>\n<p>Meilleure r\u00e9sistance \u00e0 la tra\u00een\u00e9e en comparaison avec les autres tuyaux conventionnels, ce qui r\u00e9duit le fardeau des utilisateurs.<\/p>\n<p><strong>REV\u00caTEMENT ULTRA R\u00c9SISTANT \u00c0 L'EAU <\/strong><\/p>\n<p>Notre rev\u00eatement innovant ARMOR JACKET et notre veste tiss\u00e9e de mani\u00e8re unique r\u00e9duisent consid\u00e9rablement l'absorption d'eau par rapport aux tuyaux conventionnels. Cette enveloppe r\u00e9duit consid\u00e9rablement le poids total tout en permettant une utilisation flexible. Le rev\u00eatement sp\u00e9cial offre une protection renforc\u00e9e contre les produits chimiques.<\/p>\n<p><strong>R\u00c9SISTANCE EXCEPTIONNELLE \u00c0 LA CHALEUR <\/strong><\/p>\n<p>Six fois plus de r\u00e9sistance \u00e0 la chaleur que les autres tuyaux conventionnels lorsqu'ils sont soumis au test de chaleur \u00e0 charge constante Angus. Les doublures int\u00e9rieures tiss\u00e9es en caoutchouc r\u00e9sistent \u00e0 des temp\u00e9ratures tr\u00e8s \u00e9lev\u00e9es. Les doublures en TPU font d\u00e9faut bien avant les doublures en caoutchouc lorsqu'elles sont soumises \u00e0 la chaleur directe.<\/p>\n<p><strong>CONSTRUCTION SP\u00c9CIALIS\u00c9E &amp; CARACT\u00c9RISTIQUES PHYSIQUES <\/strong><\/p>\n<p>Doublure en caoutchouc tiss\u00e9e offrant une incroyable r\u00e9sistance \u00e0 la perforation, une r\u00e9sistance ultime \u00e0 la chaleur et efficacit\u00e9 hors pairs contre la perte li\u00e9e \u00e0 la friction. Rev\u00eatement ext\u00e9rieur synth\u00e9tique tiss\u00e9 de mani\u00e8re unique offrant une r\u00e9sistance \u00e0 l'abrasion robuste, une faible r\u00e9sistance \u00e0 la tra\u00een\u00e9e et des incroyables performances anti-vrillage. Ce tuyau l\u00e9ger est facile \u00e0 utiliser et \u00e0 enrouler sur une bobine de fa\u00e7on extr\u00eamement compacte. Fournit des performances exceptionnelles pour les op\u00e9rations CAFS.<\/p>","protected":false},"excerpt":{"rendered":"<p>Le Firepower \u2122 II est un tuyau d'incendie d'attaque int\u00e9rieure qui livre les performances n\u00e9cessaires \u00e0 l'optimisation des tactiques agressives employ\u00e9es par les pompiers d'aujourd'hui.<\/p>","protected":false},"featured_media":2966,"template":"","meta":[],"product_brand":[381],"product_cat":[43,44,65],"product_tag":[382],"class_list":{"0":"post-3030","1":"product","2":"type-product","3":"status-publish","4":"has-post-thumbnail","6":"product_brand-bulldog-hose","7":"product_cat-clearance","8":"product_cat-fire-suppression","9":"product_cat-hose","10":"product_tag-bulldog-hose","12":"first","13":"instock","14":"shipping-taxable","15":"product-type-simple"},"yoast_head":"<!-- This site is optimized with the Yoast SEO plugin v27.4 - https:\/\/yoast.com\/product\/yoast-seo-wordpress\/ -->\n<title>Firepower\u2122 II - Safety Source Fire<\/title>\n<meta name=\"robots\" content=\"noindex, follow, max-snippet:-1, max-image-preview:large, max-video-preview:-1\" \/>\n<meta property=\"og:locale\" content=\"fr_CA\" \/>\n<meta property=\"og:type\" content=\"article\" \/>\n<meta property=\"og:title\" content=\"Firepower\u2122 II - Safety Source Fire\" \/>\n<meta property=\"og:description\" content=\"Firepower\u2122 II is an interior attack fire hose with the performance needed for the aggressive tactics employed by firefighters of today.\" \/>\n<meta property=\"og:url\" content=\"https:\/\/staging.safetysourcefire.ca\/fr_ca\/produit\/firepower-ii\/\" \/>\n<meta property=\"og:site_name\" content=\"Safety Source Fire\" \/>\n<meta property=\"article:publisher\" content=\"https:\/\/www.facebook.com\/mmfssca\" \/>\n<meta property=\"article:modified_time\" content=\"2025-04-28T15:26:41+00:00\" \/>\n<meta property=\"og:image\" content=\"https:\/\/staging.safetysourcefire.ca\/wp-content\/uploads\/2017\/06\/FirePowerII.jpg\" \/>\n\t<meta property=\"og:image:width\" content=\"600\" \/>\n\t<meta property=\"og:image:height\" content=\"600\" \/>\n\t<meta property=\"og:image:type\" content=\"image\/jpeg\" \/>\n<meta name=\"twitter:card\" content=\"summary_large_image\" \/>\n<meta name=\"twitter:site\" content=\"@mmfssca\" \/>\n<meta name=\"twitter:label1\" content=\"Estimation du temps de lecture\" \/>\n\t<meta name=\"twitter:data1\" content=\"2 minutes\" \/>\n<script type=\"application\/ld+json\" class=\"yoast-schema-graph\">{\"@context\":\"https:\\\/\\\/schema.org\",\"@graph\":[{\"@type\":\"WebPage\",\"@id\":\"https:\\\/\\\/staging.safetysourcefire.ca\\\/product\\\/firepower-ii\\\/\",\"url\":\"https:\\\/\\\/staging.safetysourcefire.ca\\\/product\\\/firepower-ii\\\/\",\"name\":\"Firepower\u2122 II - Safety Source Fire\",\"isPartOf\":{\"@id\":\"https:\\\/\\\/staging.safetysourcefire.ca\\\/#website\"},\"primaryImageOfPage\":{\"@id\":\"https:\\\/\\\/staging.safetysourcefire.ca\\\/product\\\/firepower-ii\\\/#primaryimage\"},\"image\":{\"@id\":\"https:\\\/\\\/staging.safetysourcefire.ca\\\/product\\\/firepower-ii\\\/#primaryimage\"},\"thumbnailUrl\":\"https:\\\/\\\/staging.safetysourcefire.ca\\\/wp-content\\\/uploads\\\/2017\\\/06\\\/FirePowerII.jpg\",\"datePublished\":\"2018-04-30T20:53:16+00:00\",\"dateModified\":\"2025-04-28T15:26:41+00:00\",\"breadcrumb\":{\"@id\":\"https:\\\/\\\/staging.safetysourcefire.ca\\\/product\\\/firepower-ii\\\/#breadcrumb\"},\"inLanguage\":\"fr-CA\",\"potentialAction\":[{\"@type\":\"ReadAction\",\"target\":[\"https:\\\/\\\/staging.safetysourcefire.ca\\\/product\\\/firepower-ii\\\/\"]}]},{\"@type\":\"ImageObject\",\"inLanguage\":\"fr-CA\",\"@id\":\"https:\\\/\\\/staging.safetysourcefire.ca\\\/product\\\/firepower-ii\\\/#primaryimage\",\"url\":\"https:\\\/\\\/staging.safetysourcefire.ca\\\/wp-content\\\/uploads\\\/2017\\\/06\\\/FirePowerII.jpg\",\"contentUrl\":\"https:\\\/\\\/staging.safetysourcefire.ca\\\/wp-content\\\/uploads\\\/2017\\\/06\\\/FirePowerII.jpg\",\"width\":600,\"height\":600,\"caption\":\"red and yellow hoses\"},{\"@type\":\"BreadcrumbList\",\"@id\":\"https:\\\/\\\/staging.safetysourcefire.ca\\\/product\\\/firepower-ii\\\/#breadcrumb\",\"itemListElement\":[{\"@type\":\"ListItem\",\"position\":1,\"name\":\"Home\",\"item\":\"https:\\\/\\\/staging.safetysourcefire.ca\\\/\"},{\"@type\":\"ListItem\",\"position\":2,\"name\":\"Products\",\"item\":\"https:\\\/\\\/staging.safetysourcefire.ca\\\/shop\\\/\"},{\"@type\":\"ListItem\",\"position\":3,\"name\":\"Firepower\u2122 II\"}]},{\"@type\":\"WebSite\",\"@id\":\"https:\\\/\\\/staging.safetysourcefire.ca\\\/#website\",\"url\":\"https:\\\/\\\/staging.safetysourcefire.ca\\\/\",\"name\":\"Safety Source Fire\",\"description\":\"\",\"publisher\":{\"@id\":\"https:\\\/\\\/staging.safetysourcefire.ca\\\/#organization\"},\"potentialAction\":[{\"@type\":\"SearchAction\",\"target\":{\"@type\":\"EntryPoint\",\"urlTemplate\":\"https:\\\/\\\/staging.safetysourcefire.ca\\\/?s={search_term_string}\"},\"query-input\":{\"@type\":\"PropertyValueSpecification\",\"valueRequired\":true,\"valueName\":\"search_term_string\"}}],\"inLanguage\":\"fr-CA\"},{\"@type\":\"Organization\",\"@id\":\"https:\\\/\\\/staging.safetysourcefire.ca\\\/#organization\",\"name\":\"Safety Source Fire\",\"url\":\"https:\\\/\\\/staging.safetysourcefire.ca\\\/\",\"logo\":{\"@type\":\"ImageObject\",\"inLanguage\":\"fr-CA\",\"@id\":\"https:\\\/\\\/staging.safetysourcefire.ca\\\/#\\\/schema\\\/logo\\\/image\\\/\",\"url\":\"https:\\\/\\\/staging.safetysourcefire.ca\\\/wp-content\\\/uploads\\\/2021\\\/01\\\/SSF_logo_CC0000-3.png\",\"contentUrl\":\"https:\\\/\\\/staging.safetysourcefire.ca\\\/wp-content\\\/uploads\\\/2021\\\/01\\\/SSF_logo_CC0000-3.png\",\"width\":1107,\"height\":365,\"caption\":\"Safety Source Fire\"},\"image\":{\"@id\":\"https:\\\/\\\/staging.safetysourcefire.ca\\\/#\\\/schema\\\/logo\\\/image\\\/\"},\"sameAs\":[\"https:\\\/\\\/www.facebook.com\\\/mmfssca\",\"https:\\\/\\\/x.com\\\/mmfssca\"]}]}<\/script>\n<!-- \/ Yoast SEO plugin. -->","yoast_head_json":{"title":"Firepower\u2122 II - Source de s\u00e9curit\u00e9 incendie","robots":{"index":"noindex","follow":"follow","max-snippet":"max-snippet:-1","max-image-preview":"max-image-preview:large","max-video-preview":"max-video-preview:-1"},"og_locale":"fr_CA","og_type":"article","og_title":"Firepower\u2122 II - Safety Source Fire","og_description":"Firepower\u2122 II is an interior attack fire hose with the performance needed for the aggressive tactics employed by firefighters of today.","og_url":"https:\/\/staging.safetysourcefire.ca\/fr_ca\/produit\/firepower-ii\/","og_site_name":"Safety Source Fire","article_publisher":"https:\/\/www.facebook.com\/mmfssca","article_modified_time":"2025-04-28T15:26:41+00:00","og_image":[{"width":600,"height":600,"url":"https:\/\/staging.safetysourcefire.ca\/wp-content\/uploads\/2017\/06\/FirePowerII.jpg","type":"image\/jpeg"}],"twitter_card":"summary_large_image","twitter_site":"@mmfssca","twitter_misc":{"Estimation du temps de lecture":"2 minutes"},"schema":{"@context":"https:\/\/schema.org","@graph":[{"@type":"WebPage","@id":"https:\/\/staging.safetysourcefire.ca\/product\/firepower-ii\/","url":"https:\/\/staging.safetysourcefire.ca\/product\/firepower-ii\/","name":"Firepower\u2122 II - Source de s\u00e9curit\u00e9 incendie","isPartOf":{"@id":"https:\/\/staging.safetysourcefire.ca\/#website"},"primaryImageOfPage":{"@id":"https:\/\/staging.safetysourcefire.ca\/product\/firepower-ii\/#primaryimage"},"image":{"@id":"https:\/\/staging.safetysourcefire.ca\/product\/firepower-ii\/#primaryimage"},"thumbnailUrl":"https:\/\/staging.safetysourcefire.ca\/wp-content\/uploads\/2017\/06\/FirePowerII.jpg","datePublished":"2018-04-30T20:53:16+00:00","dateModified":"2025-04-28T15:26:41+00:00","breadcrumb":{"@id":"https:\/\/staging.safetysourcefire.ca\/product\/firepower-ii\/#breadcrumb"},"inLanguage":"fr-CA","potentialAction":[{"@type":"ReadAction","target":["https:\/\/staging.safetysourcefire.ca\/product\/firepower-ii\/"]}]},{"@type":"ImageObject","inLanguage":"fr-CA","@id":"https:\/\/staging.safetysourcefire.ca\/product\/firepower-ii\/#primaryimage","url":"https:\/\/staging.safetysourcefire.ca\/wp-content\/uploads\/2017\/06\/FirePowerII.jpg","contentUrl":"https:\/\/staging.safetysourcefire.ca\/wp-content\/uploads\/2017\/06\/FirePowerII.jpg","width":600,"height":600,"caption":"red and yellow hoses"},{"@type":"BreadcrumbList","@id":"https:\/\/staging.safetysourcefire.ca\/product\/firepower-ii\/#breadcrumb","itemListElement":[{"@type":"ListItem","position":1,"name":"Home","item":"https:\/\/staging.safetysourcefire.ca\/"},{"@type":"ListItem","position":2,"name":"Products","item":"https:\/\/staging.safetysourcefire.ca\/shop\/"},{"@type":"ListItem","position":3,"name":"Firepower\u2122 II"}]},{"@type":"WebSite","@id":"https:\/\/staging.safetysourcefire.ca\/#website","url":"https:\/\/staging.safetysourcefire.ca\/","name":"Safety Source Fire","description":"","publisher":{"@id":"https:\/\/staging.safetysourcefire.ca\/#organization"},"potentialAction":[{"@type":"SearchAction","target":{"@type":"EntryPoint","urlTemplate":"https:\/\/staging.safetysourcefire.ca\/?s={search_term_string}"},"query-input":{"@type":"PropertyValueSpecification","valueRequired":true,"valueName":"search_term_string"}}],"inLanguage":"fr-CA"},{"@type":"Organization","@id":"https:\/\/staging.safetysourcefire.ca\/#organization","name":"Safety Source Fire","url":"https:\/\/staging.safetysourcefire.ca\/","logo":{"@type":"ImageObject","inLanguage":"fr-CA","@id":"https:\/\/staging.safetysourcefire.ca\/#\/schema\/logo\/image\/","url":"https:\/\/staging.safetysourcefire.ca\/wp-content\/uploads\/2021\/01\/SSF_logo_CC0000-3.png","contentUrl":"https:\/\/staging.safetysourcefire.ca\/wp-content\/uploads\/2021\/01\/SSF_logo_CC0000-3.png","width":1107,"height":365,"caption":"Safety Source Fire"},"image":{"@id":"https:\/\/staging.safetysourcefire.ca\/#\/schema\/logo\/image\/"},"sameAs":["https:\/\/www.facebook.com\/mmfssca","https:\/\/x.com\/mmfssca"]}]}},"_links":{"self":[{"href":"https:\/\/staging.safetysourcefire.ca\/fr_ca\/wp-json\/wp\/v2\/product\/3030","targetHints":{"allow":["GET"]}}],"collection":[{"href":"https:\/\/staging.safetysourcefire.ca\/fr_ca\/wp-json\/wp\/v2\/product"}],"about":[{"href":"https:\/\/staging.safetysourcefire.ca\/fr_ca\/wp-json\/wp\/v2\/types\/product"}],"wp:featuredmedia":[{"embeddable":true,"href":"https:\/\/staging.safetysourcefire.ca\/fr_ca\/wp-json\/wp\/v2\/media\/2966"}],"wp:attachment":[{"href":"https:\/\/staging.safetysourcefire.ca\/fr_ca\/wp-json\/wp\/v2\/media?parent=3030"}],"wp:term":[{"taxonomy":"product_brand","embeddable":true,"href":"https:\/\/staging.safetysourcefire.ca\/fr_ca\/wp-json\/wp\/v2\/product_brand?post=3030"},{"taxonomy":"product_cat","embeddable":true,"href":"https:\/\/staging.safetysourcefire.ca\/fr_ca\/wp-json\/wp\/v2\/product_cat?post=3030"},{"taxonomy":"product_tag","embeddable":true,"href":"https:\/\/staging.safetysourcefire.ca\/fr_ca\/wp-json\/wp\/v2\/product_tag?post=3030"}],"curies":[{"name":"wp","href":"https:\/\/api.w.org\/{rel}","templated":true}]}}