{"id":3024,"date":"2017-06-14T20:40:33","date_gmt":"2017-06-14T20:40:33","guid":{"rendered":"http:\/\/mmfss.ca\/?post_type=product&#038;p=3024"},"modified":"2025-04-28T15:25:28","modified_gmt":"2025-04-28T15:25:28","slug":"hfx-extruded-nitrile-rubber-attacksupply-hose","status":"publish","type":"product","link":"https:\/\/staging.safetysourcefire.ca\/fr_ca\/produit\/hfx-extruded-nitrile-rubber-attacksupply-hose\/","title":{"rendered":"Tuyau HFX"},"content":{"rendered":"<div class=\"boxedtext\">\n<p><span style=\"color: #cc0000;\"><strong>LIQUIDATION EN STOCK<br \/>\n<\/strong><\/span><em>Quantit\u00e9s limit\u00e9es disponibles \u00e0 prix r\u00e9duit. Veuillez noter : les ventes d&#039;articles en liquidation sont d\u00e9finitives ; aucun \u00e9change ni retour. Veuillez demander un devis pour d&#039;autres options.<\/em><\/p>\n<ul>\n<li class=\"x_MsoNormal\" style=\"text-align: left;\">1.5\u2033 X 50\u2032 Rouge x 4 \u2013 $249.00<\/li>\n<li class=\"x_MsoNormal\" style=\"text-align: left;\">1.5\u2033 x 75\u2032 Rouge x 1 \u2013 $398.00<\/li>\n<li style=\"text-align: left;\">1.5\u2033 x 100\u2032 Rouge x 4 \u2013 $420.00<\/li>\n<\/ul>\n<\/div>\n<p class=\"NoGap\">Maniable. Compacte. Fiable. La conception de ce tuyau recouvert de caoutchouc nitrile tiss\u00e9 de HFX utilise \u00e0 la fois des fils de polyester et de nylon 6.6 dans la gaine de renforcement. Sous pression, le polyester emp\u00eache le tuyau de \u00ab\u00a0serrer\u00a0\u00bb l\u00e0 o\u00f9 le nylon permet une dilatation contr\u00f4l\u00e9e, r\u00e9duisant les pertes par friction et g\u00e9n\u00e9rant des d\u00e9bits plus \u00e9lev\u00e9s. Un compos\u00e9 de caoutchouc sp\u00e9cial cr\u00e9e une couverture solide qui r\u00e9siste \u00e0 la chaleur, \u00e0 l'abrasion, aux accrocs et aux braises chaudes, vous donnant une confiance totale sur le terrain.<\/p>\n<ul class=\"ProductUL\">\n<li><b>Super. Fort.<\/b>\u00a0Le renforcement du m\u00e9lange de fibres tiss\u00e9es de polyester et de nylon signifie qu'aucun adh\u00e9sif n'est utilis\u00e9. L'assemblage durable des fils vous assure une durabilit\u00e9 in\u00e9gal\u00e9e - tr\u00e8s r\u00e9sistante \u00e0 la fois au contact et \u00e0 la chaleur rayonnante.<\/li>\n<li><b>Efficace.<\/b>\u00a0La construction extrud\u00e9e cr\u00e9e un tuyau flexible et maniable qui est facile \u00e0 ranger et charger.<\/li>\n<li><b>Excellent rapport qualit\u00e9-prix.<\/b>\u00a0Les nervures sur la surface augmentent consid\u00e9rablement la r\u00e9sistance \u00e0 l'abrasion et permettent une longue dur\u00e9e de vie au produit.<\/li>\n<li><b>Souple.<\/b>\u00a0Reste flexible \u00e0 des temp\u00e9ratures aussi basses que -20 \u00b0F (-29 \u00b0C). R\u00e9siste \u00e0 l'ozone, \u00e0 l'oxydation et \u00e0 la plupart des produits chimiques ou p\u00e9troliers.<\/li>\n<li><b>Versatile.<\/b>\u00a0Con\u00e7u pour les applications d&#039;attaque, d&#039;alimentation et d&#039;aspiration douce.<\/li>\n<li><b>Homologu\u00e9.<\/b>\u00a0Fabriqu\u00e9 conform\u00e9ment \u00e0 la norme NFPA 1961, derni\u00e8re \u00e9dition de notre syst\u00e8me d&#039;assurance qualit\u00e9 certifi\u00e9 ISO-9001.<\/li>\n<\/ul>\n<p><a href=\"https:\/\/staging.safetysourcefire.ca\/wp-content\/uploads\/2019\/07\/HFX-data-sheet.pdf\">T\u00e9l\u00e9charger la fiche technique<\/a><\/p>","protected":false},"excerpt":{"rendered":"<p>Tuyau d&#039;attaque \/ d&#039;alimentation en caoutchouc nitrile extrud\u00e9<\/p>","protected":false},"featured_media":2944,"template":"","meta":[],"product_brand":[190],"product_cat":[43,44,65],"product_tag":[500],"class_list":{"0":"post-3024","1":"product","2":"type-product","3":"status-publish","4":"has-post-thumbnail","6":"product_brand-snap-tite-hose","7":"product_cat-clearance","8":"product_cat-fire-suppression","9":"product_cat-hose","10":"product_tag-snap-tite","12":"first","13":"instock","14":"shipping-taxable","15":"product-type-simple"},"yoast_head":"<!-- This site is optimized with the Yoast SEO plugin v27.4 - https:\/\/yoast.com\/product\/yoast-seo-wordpress\/ -->\n<title>HFX Hose - Safety Source Fire<\/title>\n<meta name=\"robots\" content=\"noindex, follow, max-snippet:-1, max-image-preview:large, max-video-preview:-1\" \/>\n<meta property=\"og:locale\" content=\"fr_CA\" \/>\n<meta property=\"og:type\" content=\"article\" \/>\n<meta property=\"og:title\" content=\"HFX Hose - Safety Source Fire\" \/>\n<meta property=\"og:description\" content=\"Extruded Nitrile Rubber Attack\/Supply Hose\" \/>\n<meta property=\"og:url\" content=\"https:\/\/staging.safetysourcefire.ca\/fr_ca\/produit\/hfx-extruded-nitrile-rubber-attacksupply-hose\/\" \/>\n<meta property=\"og:site_name\" content=\"Safety Source Fire\" \/>\n<meta property=\"article:publisher\" content=\"https:\/\/www.facebook.com\/mmfssca\" \/>\n<meta property=\"article:modified_time\" content=\"2025-04-28T15:25:28+00:00\" \/>\n<meta property=\"og:image\" content=\"https:\/\/staging.safetysourcefire.ca\/wp-content\/uploads\/2017\/06\/HFX.jpg\" \/>\n\t<meta property=\"og:image:width\" content=\"600\" \/>\n\t<meta property=\"og:image:height\" content=\"600\" \/>\n\t<meta property=\"og:image:type\" content=\"image\/jpeg\" \/>\n<meta name=\"twitter:card\" content=\"summary_large_image\" \/>\n<meta name=\"twitter:site\" content=\"@mmfssca\" \/>\n<meta name=\"twitter:label1\" content=\"Estimation du temps de lecture\" \/>\n\t<meta name=\"twitter:data1\" content=\"2 minutes\" \/>\n<script type=\"application\/ld+json\" class=\"yoast-schema-graph\">{\"@context\":\"https:\\\/\\\/schema.org\",\"@graph\":[{\"@type\":\"WebPage\",\"@id\":\"https:\\\/\\\/staging.safetysourcefire.ca\\\/product\\\/hfx-extruded-nitrile-rubber-attacksupply-hose\\\/\",\"url\":\"https:\\\/\\\/staging.safetysourcefire.ca\\\/product\\\/hfx-extruded-nitrile-rubber-attacksupply-hose\\\/\",\"name\":\"HFX Hose - Safety Source Fire\",\"isPartOf\":{\"@id\":\"https:\\\/\\\/staging.safetysourcefire.ca\\\/#website\"},\"primaryImageOfPage\":{\"@id\":\"https:\\\/\\\/staging.safetysourcefire.ca\\\/product\\\/hfx-extruded-nitrile-rubber-attacksupply-hose\\\/#primaryimage\"},\"image\":{\"@id\":\"https:\\\/\\\/staging.safetysourcefire.ca\\\/product\\\/hfx-extruded-nitrile-rubber-attacksupply-hose\\\/#primaryimage\"},\"thumbnailUrl\":\"https:\\\/\\\/staging.safetysourcefire.ca\\\/wp-content\\\/uploads\\\/2017\\\/06\\\/HFX.jpg\",\"datePublished\":\"2017-06-14T20:40:33+00:00\",\"dateModified\":\"2025-04-28T15:25:28+00:00\",\"breadcrumb\":{\"@id\":\"https:\\\/\\\/staging.safetysourcefire.ca\\\/product\\\/hfx-extruded-nitrile-rubber-attacksupply-hose\\\/#breadcrumb\"},\"inLanguage\":\"fr-CA\",\"potentialAction\":[{\"@type\":\"ReadAction\",\"target\":[\"https:\\\/\\\/staging.safetysourcefire.ca\\\/product\\\/hfx-extruded-nitrile-rubber-attacksupply-hose\\\/\"]}]},{\"@type\":\"ImageObject\",\"inLanguage\":\"fr-CA\",\"@id\":\"https:\\\/\\\/staging.safetysourcefire.ca\\\/product\\\/hfx-extruded-nitrile-rubber-attacksupply-hose\\\/#primaryimage\",\"url\":\"https:\\\/\\\/staging.safetysourcefire.ca\\\/wp-content\\\/uploads\\\/2017\\\/06\\\/HFX.jpg\",\"contentUrl\":\"https:\\\/\\\/staging.safetysourcefire.ca\\\/wp-content\\\/uploads\\\/2017\\\/06\\\/HFX.jpg\",\"width\":600,\"height\":600,\"caption\":\"yellow hose\"},{\"@type\":\"BreadcrumbList\",\"@id\":\"https:\\\/\\\/staging.safetysourcefire.ca\\\/product\\\/hfx-extruded-nitrile-rubber-attacksupply-hose\\\/#breadcrumb\",\"itemListElement\":[{\"@type\":\"ListItem\",\"position\":1,\"name\":\"Home\",\"item\":\"https:\\\/\\\/staging.safetysourcefire.ca\\\/\"},{\"@type\":\"ListItem\",\"position\":2,\"name\":\"Products\",\"item\":\"https:\\\/\\\/staging.safetysourcefire.ca\\\/shop\\\/\"},{\"@type\":\"ListItem\",\"position\":3,\"name\":\"HFX Hose\"}]},{\"@type\":\"WebSite\",\"@id\":\"https:\\\/\\\/staging.safetysourcefire.ca\\\/#website\",\"url\":\"https:\\\/\\\/staging.safetysourcefire.ca\\\/\",\"name\":\"Safety Source Fire\",\"description\":\"\",\"publisher\":{\"@id\":\"https:\\\/\\\/staging.safetysourcefire.ca\\\/#organization\"},\"potentialAction\":[{\"@type\":\"SearchAction\",\"target\":{\"@type\":\"EntryPoint\",\"urlTemplate\":\"https:\\\/\\\/staging.safetysourcefire.ca\\\/?s={search_term_string}\"},\"query-input\":{\"@type\":\"PropertyValueSpecification\",\"valueRequired\":true,\"valueName\":\"search_term_string\"}}],\"inLanguage\":\"fr-CA\"},{\"@type\":\"Organization\",\"@id\":\"https:\\\/\\\/staging.safetysourcefire.ca\\\/#organization\",\"name\":\"Safety Source Fire\",\"url\":\"https:\\\/\\\/staging.safetysourcefire.ca\\\/\",\"logo\":{\"@type\":\"ImageObject\",\"inLanguage\":\"fr-CA\",\"@id\":\"https:\\\/\\\/staging.safetysourcefire.ca\\\/#\\\/schema\\\/logo\\\/image\\\/\",\"url\":\"https:\\\/\\\/staging.safetysourcefire.ca\\\/wp-content\\\/uploads\\\/2021\\\/01\\\/SSF_logo_CC0000-3.png\",\"contentUrl\":\"https:\\\/\\\/staging.safetysourcefire.ca\\\/wp-content\\\/uploads\\\/2021\\\/01\\\/SSF_logo_CC0000-3.png\",\"width\":1107,\"height\":365,\"caption\":\"Safety Source Fire\"},\"image\":{\"@id\":\"https:\\\/\\\/staging.safetysourcefire.ca\\\/#\\\/schema\\\/logo\\\/image\\\/\"},\"sameAs\":[\"https:\\\/\\\/www.facebook.com\\\/mmfssca\",\"https:\\\/\\\/x.com\\\/mmfssca\"]}]}<\/script>\n<!-- \/ Yoast SEO plugin. -->","yoast_head_json":{"title":"Tuyau HFX - Source de s\u00e9curit\u00e9 incendie","robots":{"index":"noindex","follow":"follow","max-snippet":"max-snippet:-1","max-image-preview":"max-image-preview:large","max-video-preview":"max-video-preview:-1"},"og_locale":"fr_CA","og_type":"article","og_title":"HFX Hose - Safety Source Fire","og_description":"Extruded Nitrile Rubber Attack\/Supply Hose","og_url":"https:\/\/staging.safetysourcefire.ca\/fr_ca\/produit\/hfx-extruded-nitrile-rubber-attacksupply-hose\/","og_site_name":"Safety Source Fire","article_publisher":"https:\/\/www.facebook.com\/mmfssca","article_modified_time":"2025-04-28T15:25:28+00:00","og_image":[{"width":600,"height":600,"url":"https:\/\/staging.safetysourcefire.ca\/wp-content\/uploads\/2017\/06\/HFX.jpg","type":"image\/jpeg"}],"twitter_card":"summary_large_image","twitter_site":"@mmfssca","twitter_misc":{"Estimation du temps de lecture":"2 minutes"},"schema":{"@context":"https:\/\/schema.org","@graph":[{"@type":"WebPage","@id":"https:\/\/staging.safetysourcefire.ca\/product\/hfx-extruded-nitrile-rubber-attacksupply-hose\/","url":"https:\/\/staging.safetysourcefire.ca\/product\/hfx-extruded-nitrile-rubber-attacksupply-hose\/","name":"Tuyau HFX - Source de s\u00e9curit\u00e9 incendie","isPartOf":{"@id":"https:\/\/staging.safetysourcefire.ca\/#website"},"primaryImageOfPage":{"@id":"https:\/\/staging.safetysourcefire.ca\/product\/hfx-extruded-nitrile-rubber-attacksupply-hose\/#primaryimage"},"image":{"@id":"https:\/\/staging.safetysourcefire.ca\/product\/hfx-extruded-nitrile-rubber-attacksupply-hose\/#primaryimage"},"thumbnailUrl":"https:\/\/staging.safetysourcefire.ca\/wp-content\/uploads\/2017\/06\/HFX.jpg","datePublished":"2017-06-14T20:40:33+00:00","dateModified":"2025-04-28T15:25:28+00:00","breadcrumb":{"@id":"https:\/\/staging.safetysourcefire.ca\/product\/hfx-extruded-nitrile-rubber-attacksupply-hose\/#breadcrumb"},"inLanguage":"fr-CA","potentialAction":[{"@type":"ReadAction","target":["https:\/\/staging.safetysourcefire.ca\/product\/hfx-extruded-nitrile-rubber-attacksupply-hose\/"]}]},{"@type":"ImageObject","inLanguage":"fr-CA","@id":"https:\/\/staging.safetysourcefire.ca\/product\/hfx-extruded-nitrile-rubber-attacksupply-hose\/#primaryimage","url":"https:\/\/staging.safetysourcefire.ca\/wp-content\/uploads\/2017\/06\/HFX.jpg","contentUrl":"https:\/\/staging.safetysourcefire.ca\/wp-content\/uploads\/2017\/06\/HFX.jpg","width":600,"height":600,"caption":"yellow hose"},{"@type":"BreadcrumbList","@id":"https:\/\/staging.safetysourcefire.ca\/product\/hfx-extruded-nitrile-rubber-attacksupply-hose\/#breadcrumb","itemListElement":[{"@type":"ListItem","position":1,"name":"Home","item":"https:\/\/staging.safetysourcefire.ca\/"},{"@type":"ListItem","position":2,"name":"Products","item":"https:\/\/staging.safetysourcefire.ca\/shop\/"},{"@type":"ListItem","position":3,"name":"HFX Hose"}]},{"@type":"WebSite","@id":"https:\/\/staging.safetysourcefire.ca\/#website","url":"https:\/\/staging.safetysourcefire.ca\/","name":"Safety Source Fire","description":"","publisher":{"@id":"https:\/\/staging.safetysourcefire.ca\/#organization"},"potentialAction":[{"@type":"SearchAction","target":{"@type":"EntryPoint","urlTemplate":"https:\/\/staging.safetysourcefire.ca\/?s={search_term_string}"},"query-input":{"@type":"PropertyValueSpecification","valueRequired":true,"valueName":"search_term_string"}}],"inLanguage":"fr-CA"},{"@type":"Organization","@id":"https:\/\/staging.safetysourcefire.ca\/#organization","name":"Safety Source Fire","url":"https:\/\/staging.safetysourcefire.ca\/","logo":{"@type":"ImageObject","inLanguage":"fr-CA","@id":"https:\/\/staging.safetysourcefire.ca\/#\/schema\/logo\/image\/","url":"https:\/\/staging.safetysourcefire.ca\/wp-content\/uploads\/2021\/01\/SSF_logo_CC0000-3.png","contentUrl":"https:\/\/staging.safetysourcefire.ca\/wp-content\/uploads\/2021\/01\/SSF_logo_CC0000-3.png","width":1107,"height":365,"caption":"Safety Source Fire"},"image":{"@id":"https:\/\/staging.safetysourcefire.ca\/#\/schema\/logo\/image\/"},"sameAs":["https:\/\/www.facebook.com\/mmfssca","https:\/\/x.com\/mmfssca"]}]}},"_links":{"self":[{"href":"https:\/\/staging.safetysourcefire.ca\/fr_ca\/wp-json\/wp\/v2\/product\/3024","targetHints":{"allow":["GET"]}}],"collection":[{"href":"https:\/\/staging.safetysourcefire.ca\/fr_ca\/wp-json\/wp\/v2\/product"}],"about":[{"href":"https:\/\/staging.safetysourcefire.ca\/fr_ca\/wp-json\/wp\/v2\/types\/product"}],"wp:featuredmedia":[{"embeddable":true,"href":"https:\/\/staging.safetysourcefire.ca\/fr_ca\/wp-json\/wp\/v2\/media\/2944"}],"wp:attachment":[{"href":"https:\/\/staging.safetysourcefire.ca\/fr_ca\/wp-json\/wp\/v2\/media?parent=3024"}],"wp:term":[{"taxonomy":"product_brand","embeddable":true,"href":"https:\/\/staging.safetysourcefire.ca\/fr_ca\/wp-json\/wp\/v2\/product_brand?post=3024"},{"taxonomy":"product_cat","embeddable":true,"href":"https:\/\/staging.safetysourcefire.ca\/fr_ca\/wp-json\/wp\/v2\/product_cat?post=3024"},{"taxonomy":"product_tag","embeddable":true,"href":"https:\/\/staging.safetysourcefire.ca\/fr_ca\/wp-json\/wp\/v2\/product_tag?post=3024"}],"curies":[{"name":"wp","href":"https:\/\/api.w.org\/{rel}","templated":true}]}}