{"id":2928,"date":"2018-04-30T17:43:42","date_gmt":"2018-04-30T17:43:42","guid":{"rendered":"http:\/\/mmfss.ca\/?post_type=product&#038;p=2928"},"modified":"2022-01-27T20:40:00","modified_gmt":"2022-01-27T20:40:00","slug":"self-supporting-water-tanks","status":"publish","type":"product","link":"https:\/\/staging.safetysourcefire.ca\/fr_ca\/produit\/self-supporting-water-tanks\/","title":{"rendered":"R\u00e9servoir d'eau autoportant"},"content":{"rendered":"<p>L'installation peut facilement \u00eatre faite par une seule personne, ce qui lib\u00e8re du personnel pour d'autre t\u00e2ches. Comme ces r\u00e9servoirs sont sans cadre, aucun assemblage n'est requis et ils sont faciles \u00e0 transporter ainsi qu'\u00e0 ranger.<\/p>\n<p>Les mod\u00e8les les plus populaires de ces r\u00e9servoirs d'eau autoportants sont sans cadre, \u00e0 bords bas, car ils peuvent \u00eatre rapidement d\u00e9ploy\u00e9s et remplis par une seule personne. Husky\u00ae propose aussi des mod\u00e8les \u00e0 c\u00f4t\u00e9s hauts. Il faut savoir que les <strong>r\u00e9servoirs HUSKY\u00ae \u00e0 bords bas<\/strong> peuvent \u00e9galement \u00eatre utilis\u00e9s comme r\u00e9servoirs de vidange. Un col en mousse robuste s'\u00e9l\u00e8vera \u00e0 mesure que le niveau d'eau augmentera.<\/p>\n<ul>\n<li>250-50 000 gallons<\/li>\n<li>Les mod\u00e8les \u00e0 c\u00f4t\u00e9 bas mesurent 33 po de hauteur lorsqu&#039;ils sont remplis<\/li>\n<li>Les mod\u00e8les haut vont de 40\u2033 \u00e0 96\u2033 lorsqu'ils sont remplis<\/li>\n<li>Le col en mousse robuste et auto-montant est standard<\/li>\n<li>Le mat\u00e9riau EXLON\u00ae durable est disponible<\/li>\n<li>Durable 30 onces. - sol standard<\/li>\n<li>La bride femelle 2 1\/2\u2033 NST est standard<\/li>\n<li>Brides m\u00e2les ou femelles 1 1\/2\u2033 \u2013 6\u2033 disponibles<\/li>\n<li>Adaptateurs Camlock et Storz disponibles (2 1\/2\u2033 \u2013 6\u2033)<\/li>\n<li>Des housses pour le sol et\/ou pour le c\u00f4t\u00e9 sup\u00e9rieur sont disponibles<\/li>\n<li>Disponible en vinyle, NSF-61 (potable), r\u00e9sistant aux produits chimiques, au carburant et aux ur\u00e9thanes<\/li>\n<li>Sac de rangement inclus<\/li>\n<\/ul>\n<p>&nbsp;<\/p>\n<p>&nbsp;<\/p>\n<p>&nbsp;<\/p>","protected":false},"excerpt":{"rendered":"<p>Les r\u00e9servoirs d'eau autoportants sont la solution parfaite pour les r\u00e9gions rurales.<\/p>","protected":false},"featured_media":2922,"template":"","meta":[],"product_brand":[187],"product_cat":[44,67],"product_tag":[312,311],"class_list":{"0":"post-2928","1":"product","2":"type-product","3":"status-publish","4":"has-post-thumbnail","6":"product_brand-husky-portable-containment","7":"product_cat-fire-suppression","8":"product_cat-port-a-tanks","9":"product_tag-hpc","10":"product_tag-husky-portable-containment","12":"first","13":"instock","14":"shipping-taxable","15":"product-type-simple"},"yoast_head":"<!-- This site is optimized with the Yoast SEO plugin v27.4 - https:\/\/yoast.com\/product\/yoast-seo-wordpress\/ -->\n<title>Self Supporting Water Tanks - Safety Source Fire<\/title>\n<meta name=\"robots\" content=\"noindex, follow, max-snippet:-1, max-image-preview:large, max-video-preview:-1\" \/>\n<meta property=\"og:locale\" content=\"fr_CA\" \/>\n<meta property=\"og:type\" content=\"article\" \/>\n<meta property=\"og:title\" content=\"Self Supporting Water Tanks - Safety Source Fire\" \/>\n<meta property=\"og:description\" content=\"Self Supporting Water Tanks are the perfect solution when storage and manpower are a concern.\" \/>\n<meta property=\"og:url\" content=\"https:\/\/staging.safetysourcefire.ca\/fr_ca\/produit\/self-supporting-water-tanks\/\" \/>\n<meta property=\"og:site_name\" content=\"Safety Source Fire\" \/>\n<meta property=\"article:publisher\" content=\"https:\/\/www.facebook.com\/mmfssca\" \/>\n<meta property=\"article:modified_time\" content=\"2022-01-27T20:40:00+00:00\" \/>\n<meta property=\"og:image\" content=\"https:\/\/staging.safetysourcefire.ca\/wp-content\/uploads\/2017\/06\/Husky-Self-Supporting-Frameless-Water-Tank.jpg\" \/>\n\t<meta property=\"og:image:width\" content=\"600\" \/>\n\t<meta property=\"og:image:height\" content=\"600\" \/>\n\t<meta property=\"og:image:type\" content=\"image\/jpeg\" \/>\n<meta name=\"twitter:card\" content=\"summary_large_image\" \/>\n<meta name=\"twitter:site\" content=\"@mmfssca\" \/>\n<meta name=\"twitter:label1\" content=\"Estimation du temps de lecture\" \/>\n\t<meta name=\"twitter:data1\" content=\"1 minute\" \/>\n<script type=\"application\/ld+json\" class=\"yoast-schema-graph\">{\"@context\":\"https:\\\/\\\/schema.org\",\"@graph\":[{\"@type\":\"WebPage\",\"@id\":\"https:\\\/\\\/staging.safetysourcefire.ca\\\/product\\\/self-supporting-water-tanks\\\/\",\"url\":\"https:\\\/\\\/staging.safetysourcefire.ca\\\/product\\\/self-supporting-water-tanks\\\/\",\"name\":\"Self Supporting Water Tanks - Safety Source Fire\",\"isPartOf\":{\"@id\":\"https:\\\/\\\/staging.safetysourcefire.ca\\\/#website\"},\"primaryImageOfPage\":{\"@id\":\"https:\\\/\\\/staging.safetysourcefire.ca\\\/product\\\/self-supporting-water-tanks\\\/#primaryimage\"},\"image\":{\"@id\":\"https:\\\/\\\/staging.safetysourcefire.ca\\\/product\\\/self-supporting-water-tanks\\\/#primaryimage\"},\"thumbnailUrl\":\"https:\\\/\\\/staging.safetysourcefire.ca\\\/wp-content\\\/uploads\\\/2017\\\/06\\\/Husky-Self-Supporting-Frameless-Water-Tank.jpg\",\"datePublished\":\"2018-04-30T17:43:42+00:00\",\"dateModified\":\"2022-01-27T20:40:00+00:00\",\"breadcrumb\":{\"@id\":\"https:\\\/\\\/staging.safetysourcefire.ca\\\/product\\\/self-supporting-water-tanks\\\/#breadcrumb\"},\"inLanguage\":\"fr-CA\",\"potentialAction\":[{\"@type\":\"ReadAction\",\"target\":[\"https:\\\/\\\/staging.safetysourcefire.ca\\\/product\\\/self-supporting-water-tanks\\\/\"]}]},{\"@type\":\"ImageObject\",\"inLanguage\":\"fr-CA\",\"@id\":\"https:\\\/\\\/staging.safetysourcefire.ca\\\/product\\\/self-supporting-water-tanks\\\/#primaryimage\",\"url\":\"https:\\\/\\\/staging.safetysourcefire.ca\\\/wp-content\\\/uploads\\\/2017\\\/06\\\/Husky-Self-Supporting-Frameless-Water-Tank.jpg\",\"contentUrl\":\"https:\\\/\\\/staging.safetysourcefire.ca\\\/wp-content\\\/uploads\\\/2017\\\/06\\\/Husky-Self-Supporting-Frameless-Water-Tank.jpg\",\"width\":600,\"height\":600,\"caption\":\"self supporting tank\"},{\"@type\":\"BreadcrumbList\",\"@id\":\"https:\\\/\\\/staging.safetysourcefire.ca\\\/product\\\/self-supporting-water-tanks\\\/#breadcrumb\",\"itemListElement\":[{\"@type\":\"ListItem\",\"position\":1,\"name\":\"Home\",\"item\":\"https:\\\/\\\/staging.safetysourcefire.ca\\\/\"},{\"@type\":\"ListItem\",\"position\":2,\"name\":\"Products\",\"item\":\"https:\\\/\\\/staging.safetysourcefire.ca\\\/shop\\\/\"},{\"@type\":\"ListItem\",\"position\":3,\"name\":\"Self Supporting Water Tanks\"}]},{\"@type\":\"WebSite\",\"@id\":\"https:\\\/\\\/staging.safetysourcefire.ca\\\/#website\",\"url\":\"https:\\\/\\\/staging.safetysourcefire.ca\\\/\",\"name\":\"Safety Source Fire\",\"description\":\"\",\"publisher\":{\"@id\":\"https:\\\/\\\/staging.safetysourcefire.ca\\\/#organization\"},\"potentialAction\":[{\"@type\":\"SearchAction\",\"target\":{\"@type\":\"EntryPoint\",\"urlTemplate\":\"https:\\\/\\\/staging.safetysourcefire.ca\\\/?s={search_term_string}\"},\"query-input\":{\"@type\":\"PropertyValueSpecification\",\"valueRequired\":true,\"valueName\":\"search_term_string\"}}],\"inLanguage\":\"fr-CA\"},{\"@type\":\"Organization\",\"@id\":\"https:\\\/\\\/staging.safetysourcefire.ca\\\/#organization\",\"name\":\"Safety Source Fire\",\"url\":\"https:\\\/\\\/staging.safetysourcefire.ca\\\/\",\"logo\":{\"@type\":\"ImageObject\",\"inLanguage\":\"fr-CA\",\"@id\":\"https:\\\/\\\/staging.safetysourcefire.ca\\\/#\\\/schema\\\/logo\\\/image\\\/\",\"url\":\"https:\\\/\\\/staging.safetysourcefire.ca\\\/wp-content\\\/uploads\\\/2021\\\/01\\\/SSF_logo_CC0000-3.png\",\"contentUrl\":\"https:\\\/\\\/staging.safetysourcefire.ca\\\/wp-content\\\/uploads\\\/2021\\\/01\\\/SSF_logo_CC0000-3.png\",\"width\":1107,\"height\":365,\"caption\":\"Safety Source Fire\"},\"image\":{\"@id\":\"https:\\\/\\\/staging.safetysourcefire.ca\\\/#\\\/schema\\\/logo\\\/image\\\/\"},\"sameAs\":[\"https:\\\/\\\/www.facebook.com\\\/mmfssca\",\"https:\\\/\\\/x.com\\\/mmfssca\"]}]}<\/script>\n<!-- \/ Yoast SEO plugin. -->","yoast_head_json":{"title":"R\u00e9servoirs d&#039;eau autoportants - Source de s\u00e9curit\u00e9 incendie","robots":{"index":"noindex","follow":"follow","max-snippet":"max-snippet:-1","max-image-preview":"max-image-preview:large","max-video-preview":"max-video-preview:-1"},"og_locale":"fr_CA","og_type":"article","og_title":"Self Supporting Water Tanks - Safety Source Fire","og_description":"Self Supporting Water Tanks are the perfect solution when storage and manpower are a concern.","og_url":"https:\/\/staging.safetysourcefire.ca\/fr_ca\/produit\/self-supporting-water-tanks\/","og_site_name":"Safety Source Fire","article_publisher":"https:\/\/www.facebook.com\/mmfssca","article_modified_time":"2022-01-27T20:40:00+00:00","og_image":[{"width":600,"height":600,"url":"https:\/\/staging.safetysourcefire.ca\/wp-content\/uploads\/2017\/06\/Husky-Self-Supporting-Frameless-Water-Tank.jpg","type":"image\/jpeg"}],"twitter_card":"summary_large_image","twitter_site":"@mmfssca","twitter_misc":{"Estimation du temps de lecture":"1 minute"},"schema":{"@context":"https:\/\/schema.org","@graph":[{"@type":"WebPage","@id":"https:\/\/staging.safetysourcefire.ca\/product\/self-supporting-water-tanks\/","url":"https:\/\/staging.safetysourcefire.ca\/product\/self-supporting-water-tanks\/","name":"R\u00e9servoirs d&#039;eau autoportants - Source de s\u00e9curit\u00e9 incendie","isPartOf":{"@id":"https:\/\/staging.safetysourcefire.ca\/#website"},"primaryImageOfPage":{"@id":"https:\/\/staging.safetysourcefire.ca\/product\/self-supporting-water-tanks\/#primaryimage"},"image":{"@id":"https:\/\/staging.safetysourcefire.ca\/product\/self-supporting-water-tanks\/#primaryimage"},"thumbnailUrl":"https:\/\/staging.safetysourcefire.ca\/wp-content\/uploads\/2017\/06\/Husky-Self-Supporting-Frameless-Water-Tank.jpg","datePublished":"2018-04-30T17:43:42+00:00","dateModified":"2022-01-27T20:40:00+00:00","breadcrumb":{"@id":"https:\/\/staging.safetysourcefire.ca\/product\/self-supporting-water-tanks\/#breadcrumb"},"inLanguage":"fr-CA","potentialAction":[{"@type":"ReadAction","target":["https:\/\/staging.safetysourcefire.ca\/product\/self-supporting-water-tanks\/"]}]},{"@type":"ImageObject","inLanguage":"fr-CA","@id":"https:\/\/staging.safetysourcefire.ca\/product\/self-supporting-water-tanks\/#primaryimage","url":"https:\/\/staging.safetysourcefire.ca\/wp-content\/uploads\/2017\/06\/Husky-Self-Supporting-Frameless-Water-Tank.jpg","contentUrl":"https:\/\/staging.safetysourcefire.ca\/wp-content\/uploads\/2017\/06\/Husky-Self-Supporting-Frameless-Water-Tank.jpg","width":600,"height":600,"caption":"self supporting tank"},{"@type":"BreadcrumbList","@id":"https:\/\/staging.safetysourcefire.ca\/product\/self-supporting-water-tanks\/#breadcrumb","itemListElement":[{"@type":"ListItem","position":1,"name":"Home","item":"https:\/\/staging.safetysourcefire.ca\/"},{"@type":"ListItem","position":2,"name":"Products","item":"https:\/\/staging.safetysourcefire.ca\/shop\/"},{"@type":"ListItem","position":3,"name":"Self Supporting Water Tanks"}]},{"@type":"WebSite","@id":"https:\/\/staging.safetysourcefire.ca\/#website","url":"https:\/\/staging.safetysourcefire.ca\/","name":"Safety Source Fire","description":"","publisher":{"@id":"https:\/\/staging.safetysourcefire.ca\/#organization"},"potentialAction":[{"@type":"SearchAction","target":{"@type":"EntryPoint","urlTemplate":"https:\/\/staging.safetysourcefire.ca\/?s={search_term_string}"},"query-input":{"@type":"PropertyValueSpecification","valueRequired":true,"valueName":"search_term_string"}}],"inLanguage":"fr-CA"},{"@type":"Organization","@id":"https:\/\/staging.safetysourcefire.ca\/#organization","name":"Safety Source Fire","url":"https:\/\/staging.safetysourcefire.ca\/","logo":{"@type":"ImageObject","inLanguage":"fr-CA","@id":"https:\/\/staging.safetysourcefire.ca\/#\/schema\/logo\/image\/","url":"https:\/\/staging.safetysourcefire.ca\/wp-content\/uploads\/2021\/01\/SSF_logo_CC0000-3.png","contentUrl":"https:\/\/staging.safetysourcefire.ca\/wp-content\/uploads\/2021\/01\/SSF_logo_CC0000-3.png","width":1107,"height":365,"caption":"Safety Source Fire"},"image":{"@id":"https:\/\/staging.safetysourcefire.ca\/#\/schema\/logo\/image\/"},"sameAs":["https:\/\/www.facebook.com\/mmfssca","https:\/\/x.com\/mmfssca"]}]}},"_links":{"self":[{"href":"https:\/\/staging.safetysourcefire.ca\/fr_ca\/wp-json\/wp\/v2\/product\/2928","targetHints":{"allow":["GET"]}}],"collection":[{"href":"https:\/\/staging.safetysourcefire.ca\/fr_ca\/wp-json\/wp\/v2\/product"}],"about":[{"href":"https:\/\/staging.safetysourcefire.ca\/fr_ca\/wp-json\/wp\/v2\/types\/product"}],"wp:featuredmedia":[{"embeddable":true,"href":"https:\/\/staging.safetysourcefire.ca\/fr_ca\/wp-json\/wp\/v2\/media\/2922"}],"wp:attachment":[{"href":"https:\/\/staging.safetysourcefire.ca\/fr_ca\/wp-json\/wp\/v2\/media?parent=2928"}],"wp:term":[{"taxonomy":"product_brand","embeddable":true,"href":"https:\/\/staging.safetysourcefire.ca\/fr_ca\/wp-json\/wp\/v2\/product_brand?post=2928"},{"taxonomy":"product_cat","embeddable":true,"href":"https:\/\/staging.safetysourcefire.ca\/fr_ca\/wp-json\/wp\/v2\/product_cat?post=2928"},{"taxonomy":"product_tag","embeddable":true,"href":"https:\/\/staging.safetysourcefire.ca\/fr_ca\/wp-json\/wp\/v2\/product_tag?post=2928"}],"curies":[{"name":"wp","href":"https:\/\/api.w.org\/{rel}","templated":true}]}}